


{"id":124479,"date":"2024-07-26T07:23:53","date_gmt":"2024-07-26T05:23:53","guid":{"rendered":"https:\/\/srokacompany.com\/produit\/produkt-3\/"},"modified":"2024-10-18T16:21:37","modified_gmt":"2024-10-18T16:21:37","slug":"produkt-3","status":"publish","type":"product","link":"https:\/\/staging.srokafinal.lets-preprod.com\/de\/produit\/produkt-3\/","title":{"rendered":"930 HUA"},"content":{"rendered":"<hr>\n<p><strong>Der 930 UHA entf\u00fchrt Sie in eine andere Welt.<\/strong>  Wenn Sie dachten, Sie h\u00e4tten schon alles gesehen, denken Sie noch einmal dar\u00fcber nach.<br \/>\nIst es Ihr Traum, den Hub eines 1200 cm\u00b2 und die Geschwindigkeit eines 900 zu haben?<br \/>\nWir haben es geschafft.<br \/>\nEs ist einfach zu bedienen und erm\u00f6glicht es Ihnen, sehr fr\u00fch aufzubrechen und mit unglaublicher Geschwindigkeit zu fliegen.<br \/>\nSchweben Sie wie ein Vogel, der mit voller Geschwindigkeit den Kamm der Wellen streift, w\u00e4hrend Sie die Swell-Z\u00fcge m\u00fchelos hinunterfahren.<br \/>\nMit unserer UHA:U-Serie wird dies Realit\u00e4t   <\/p>\n<p> <strong>ltra Hohes Seitenverh\u00e4ltnis. Diese Serie mit gro\u00dfer Fl\u00fcgelspannweite erm\u00f6glicht es Ihnen, fast ohne Wind und ohne Wellengang zu foilen und die gesamte Energie, die im Wellengang ben\u00f6tigt wird, zum Foilen zu ben\u00f6tigen.<\/strong>  Wenn du auf der Suche nach einem Kite bist, mit dem du schnell abwinden oder im Fl\u00fcgel downwinden kannst, sind UHA Kites genau das Richtige f\u00fcr dich und sie werden dich mit ihrer Leichtigkeit und Leistung \u00fcberraschen. Diese <strong>Serie besteht aus 4 Fl\u00fcgelgr\u00f6\u00dfen<\/strong> : 800 UHA (800 cm\u00b2), 930 UHA (930 cm\u00b2), 1100 UHA (1100 cm\u00b2), 1260 UHA (1260 cm\u00b2). Diese Serie eignet sich perfekt f\u00fcr die Boardserien LW und DW sowie Superfly.  <\/p>\n<p>Aufbauend auf dem Erfolg der HA Speed-Reihe haben wir uns entschieden, das gleiche Profil zu verwenden, um den gleichen sanften Start bei beeindruckender Geschwindigkeit zu erzielen. Es ist unm\u00f6glich, von dieser UHA-Serie entt\u00e4uscht zu sein: Geschwindigkeit<strong>, Gleiten und Handling sind die drei Worte, die diese neue Serie am besten charakterisieren.<\/strong><\/p>\n","protected":false},"excerpt":{"rendered":"<p>Der 930 UHA entf\u00fchrt Sie in eine andere Welt. Wenn Sie dachten, Sie h\u00e4tten schon alles gesehen, denken Sie noch einmal dar\u00fcber nach. Ist es Ihr Traum, den Hub eines 1200 cm\u00b2 und die Geschwindigkeit eines 900 zu haben? Wir haben es geschafft. Es ist einfach zu bedienen und erm\u00f6glicht es Ihnen, sehr fr\u00fch aufzubrechen [&hellip;]<\/p>\n","protected":false},"featured_media":119501,"template":"","meta":{"_acf_changed":false,"_uag_custom_page_level_css":""},"product_brand":[],"product_cat":[2784],"product_tag":[],"class_list":{"0":"post-124479","1":"product","2":"type-product","3":"status-publish","4":"has-post-thumbnail","6":"product_cat-flugel-foil","7":"product_shipping_class-komplettes-foil-oder-ersatzteile-flugeleinheit","9":"first","10":"instock","11":"taxable","12":"shipping-taxable","13":"purchasable","14":"product-type-simple"},"acf":[],"yoast_head":"<!-- This site is optimized with the Yoast SEO plugin v25.1 - https:\/\/yoast.com\/wordpress\/plugins\/seo\/ -->\n<title>930 HUA - SROKA Company<\/title>\n<meta name=\"description\" content=\"Schneller Downwind - Pumping - Pump Race, Sup - Sup Race - Downwind sind die Flaggschiff-Discplinnes f\u00fcr diesen neuen 930 UHA.\" \/>\n<meta name=\"robots\" content=\"noindex, follow, max-snippet:-1, max-image-preview:large, max-video-preview:-1\" \/>\n<meta property=\"og:locale\" content=\"de_DE\" \/>\n<meta property=\"og:type\" content=\"article\" \/>\n<meta property=\"og:title\" content=\"930 HUA - SROKA Company\" \/>\n<meta property=\"og:description\" content=\"Schneller Downwind - Pumping - Pump Race, Sup - Sup Race - Downwind sind die Flaggschiff-Discplinnes f\u00fcr diesen neuen 930 UHA.\" \/>\n<meta property=\"og:url\" content=\"https:\/\/staging.srokafinal.lets-preprod.com\/de\/produit\/produkt-3\/\" \/>\n<meta property=\"og:site_name\" content=\"SROKA Company\" \/>\n<meta property=\"article:publisher\" content=\"https:\/\/www.facebook.com\/srokawatersports\/\" \/>\n<meta property=\"article:modified_time\" content=\"2024-10-18T16:21:37+00:00\" \/>\n<meta property=\"og:image\" content=\"https:\/\/staging.srokafinal.lets-preprod.com\/wp-content\/uploads\/2024\/06\/930.200.jpg\" \/>\n\t<meta property=\"og:image:width\" content=\"2560\" \/>\n\t<meta property=\"og:image:height\" content=\"1920\" \/>\n\t<meta property=\"og:image:type\" content=\"image\/jpeg\" \/>\n<meta name=\"twitter:label1\" content=\"Gesch\u00e4tzte Lesezeit\" \/>\n\t<meta name=\"twitter:data1\" content=\"1\u00a0Minute\" \/>\n<script type=\"application\/ld+json\" class=\"yoast-schema-graph\">{\"@context\":\"https:\/\/schema.org\",\"@graph\":[{\"@type\":\"WebPage\",\"@id\":\"https:\/\/staging.srokafinal.lets-preprod.com\/de\/produit\/produkt-3\/\",\"url\":\"https:\/\/staging.srokafinal.lets-preprod.com\/de\/produit\/produkt-3\/\",\"name\":\"930 HUA - SROKA Company\",\"isPartOf\":{\"@id\":\"https:\/\/staging.srokafinal.lets-preprod.com\/de\/#website\"},\"primaryImageOfPage\":{\"@id\":\"https:\/\/staging.srokafinal.lets-preprod.com\/de\/produit\/produkt-3\/#primaryimage\"},\"image\":{\"@id\":\"https:\/\/staging.srokafinal.lets-preprod.com\/de\/produit\/produkt-3\/#primaryimage\"},\"thumbnailUrl\":\"https:\/\/staging.srokafinal.lets-preprod.com\/wp-content\/uploads\/2024\/06\/930.200.jpg\",\"datePublished\":\"2024-07-26T05:23:53+00:00\",\"dateModified\":\"2024-10-18T16:21:37+00:00\",\"description\":\"Schneller Downwind - Pumping - Pump Race, Sup - Sup Race - Downwind sind die Flaggschiff-Discplinnes f\u00fcr diesen neuen 930 UHA.\",\"breadcrumb\":{\"@id\":\"https:\/\/staging.srokafinal.lets-preprod.com\/de\/produit\/produkt-3\/#breadcrumb\"},\"inLanguage\":\"de\",\"potentialAction\":[{\"@type\":\"ReadAction\",\"target\":[\"https:\/\/staging.srokafinal.lets-preprod.com\/de\/produit\/produkt-3\/\"]}]},{\"@type\":\"ImageObject\",\"inLanguage\":\"de\",\"@id\":\"https:\/\/staging.srokafinal.lets-preprod.com\/de\/produit\/produkt-3\/#primaryimage\",\"url\":\"https:\/\/staging.srokafinal.lets-preprod.com\/wp-content\/uploads\/2024\/06\/930.200.jpg\",\"contentUrl\":\"https:\/\/staging.srokafinal.lets-preprod.com\/wp-content\/uploads\/2024\/06\/930.200.jpg\",\"width\":2560,\"height\":1920},{\"@type\":\"BreadcrumbList\",\"@id\":\"https:\/\/staging.srokafinal.lets-preprod.com\/de\/produit\/produkt-3\/#breadcrumb\",\"itemListElement\":[{\"@type\":\"ListItem\",\"position\":1,\"name\":\"Accueil\",\"item\":\"https:\/\/staging.srokafinal.lets-preprod.com\/de\/\"},{\"@type\":\"ListItem\",\"position\":2,\"name\":\"Boutique\",\"item\":\"https:\/\/staging.srokafinal.lets-preprod.com\/boutique\/\"},{\"@type\":\"ListItem\",\"position\":3,\"name\":\"930 HUA\"}]},{\"@type\":\"WebSite\",\"@id\":\"https:\/\/staging.srokafinal.lets-preprod.com\/de\/#website\",\"url\":\"https:\/\/staging.srokafinal.lets-preprod.com\/de\/\",\"name\":\"SROKA Company\",\"description\":\"SUP, Kite, Foil, Wing\",\"publisher\":{\"@id\":\"https:\/\/staging.srokafinal.lets-preprod.com\/de\/#organization\"},\"potentialAction\":[{\"@type\":\"SearchAction\",\"target\":{\"@type\":\"EntryPoint\",\"urlTemplate\":\"https:\/\/staging.srokafinal.lets-preprod.com\/de\/?s={search_term_string}\"},\"query-input\":{\"@type\":\"PropertyValueSpecification\",\"valueRequired\":true,\"valueName\":\"search_term_string\"}}],\"inLanguage\":\"de\"},{\"@type\":\"Organization\",\"@id\":\"https:\/\/staging.srokafinal.lets-preprod.com\/de\/#organization\",\"name\":\"SROKACOMPANY\",\"alternateName\":\"SROKA\",\"url\":\"https:\/\/staging.srokafinal.lets-preprod.com\/de\/\",\"logo\":{\"@type\":\"ImageObject\",\"inLanguage\":\"de\",\"@id\":\"https:\/\/staging.srokafinal.lets-preprod.com\/de\/#\/schema\/logo\/image\/\",\"url\":\"https:\/\/staging.srokafinal.lets-preprod.com\/wp-content\/uploads\/2021\/01\/logo-sroka-black-transpa.png\",\"contentUrl\":\"https:\/\/staging.srokafinal.lets-preprod.com\/wp-content\/uploads\/2021\/01\/logo-sroka-black-transpa.png\",\"width\":1201,\"height\":342,\"caption\":\"SROKACOMPANY\"},\"image\":{\"@id\":\"https:\/\/staging.srokafinal.lets-preprod.com\/de\/#\/schema\/logo\/image\/\"},\"sameAs\":[\"https:\/\/www.facebook.com\/srokawatersports\/\",\"https:\/\/www.instagram.com\/srokawatersports\/\",\"https:\/\/www.youtube.com\/channel\/UCVLHHeaPIm-J5bdEUgxqtZA\"]}]}<\/script>\n<!-- \/ Yoast SEO plugin. -->","yoast_head_json":{"title":"930 HUA - SROKA Company","description":"Schneller Downwind - Pumping - Pump Race, Sup - Sup Race - Downwind sind die Flaggschiff-Discplinnes f\u00fcr diesen neuen 930 UHA.","robots":{"index":"noindex","follow":"follow","max-snippet":"max-snippet:-1","max-image-preview":"max-image-preview:large","max-video-preview":"max-video-preview:-1"},"og_locale":"de_DE","og_type":"article","og_title":"930 HUA - SROKA Company","og_description":"Schneller Downwind - Pumping - Pump Race, Sup - Sup Race - Downwind sind die Flaggschiff-Discplinnes f\u00fcr diesen neuen 930 UHA.","og_url":"https:\/\/staging.srokafinal.lets-preprod.com\/de\/produit\/produkt-3\/","og_site_name":"SROKA Company","article_publisher":"https:\/\/www.facebook.com\/srokawatersports\/","article_modified_time":"2024-10-18T16:21:37+00:00","og_image":[{"width":2560,"height":1920,"url":"https:\/\/staging.srokafinal.lets-preprod.com\/wp-content\/uploads\/2024\/06\/930.200.jpg","type":"image\/jpeg"}],"twitter_misc":{"Gesch\u00e4tzte Lesezeit":"1\u00a0Minute"},"schema":{"@context":"https:\/\/schema.org","@graph":[{"@type":"WebPage","@id":"https:\/\/staging.srokafinal.lets-preprod.com\/de\/produit\/produkt-3\/","url":"https:\/\/staging.srokafinal.lets-preprod.com\/de\/produit\/produkt-3\/","name":"930 HUA - SROKA Company","isPartOf":{"@id":"https:\/\/staging.srokafinal.lets-preprod.com\/de\/#website"},"primaryImageOfPage":{"@id":"https:\/\/staging.srokafinal.lets-preprod.com\/de\/produit\/produkt-3\/#primaryimage"},"image":{"@id":"https:\/\/staging.srokafinal.lets-preprod.com\/de\/produit\/produkt-3\/#primaryimage"},"thumbnailUrl":"https:\/\/staging.srokafinal.lets-preprod.com\/wp-content\/uploads\/2024\/06\/930.200.jpg","datePublished":"2024-07-26T05:23:53+00:00","dateModified":"2024-10-18T16:21:37+00:00","description":"Schneller Downwind - Pumping - Pump Race, Sup - Sup Race - Downwind sind die Flaggschiff-Discplinnes f\u00fcr diesen neuen 930 UHA.","breadcrumb":{"@id":"https:\/\/staging.srokafinal.lets-preprod.com\/de\/produit\/produkt-3\/#breadcrumb"},"inLanguage":"de","potentialAction":[{"@type":"ReadAction","target":["https:\/\/staging.srokafinal.lets-preprod.com\/de\/produit\/produkt-3\/"]}]},{"@type":"ImageObject","inLanguage":"de","@id":"https:\/\/staging.srokafinal.lets-preprod.com\/de\/produit\/produkt-3\/#primaryimage","url":"https:\/\/staging.srokafinal.lets-preprod.com\/wp-content\/uploads\/2024\/06\/930.200.jpg","contentUrl":"https:\/\/staging.srokafinal.lets-preprod.com\/wp-content\/uploads\/2024\/06\/930.200.jpg","width":2560,"height":1920},{"@type":"BreadcrumbList","@id":"https:\/\/staging.srokafinal.lets-preprod.com\/de\/produit\/produkt-3\/#breadcrumb","itemListElement":[{"@type":"ListItem","position":1,"name":"Accueil","item":"https:\/\/staging.srokafinal.lets-preprod.com\/de\/"},{"@type":"ListItem","position":2,"name":"Boutique","item":"https:\/\/staging.srokafinal.lets-preprod.com\/boutique\/"},{"@type":"ListItem","position":3,"name":"930 HUA"}]},{"@type":"WebSite","@id":"https:\/\/staging.srokafinal.lets-preprod.com\/de\/#website","url":"https:\/\/staging.srokafinal.lets-preprod.com\/de\/","name":"SROKA Company","description":"SUP, Kite, Foil, Wing","publisher":{"@id":"https:\/\/staging.srokafinal.lets-preprod.com\/de\/#organization"},"potentialAction":[{"@type":"SearchAction","target":{"@type":"EntryPoint","urlTemplate":"https:\/\/staging.srokafinal.lets-preprod.com\/de\/?s={search_term_string}"},"query-input":{"@type":"PropertyValueSpecification","valueRequired":true,"valueName":"search_term_string"}}],"inLanguage":"de"},{"@type":"Organization","@id":"https:\/\/staging.srokafinal.lets-preprod.com\/de\/#organization","name":"SROKACOMPANY","alternateName":"SROKA","url":"https:\/\/staging.srokafinal.lets-preprod.com\/de\/","logo":{"@type":"ImageObject","inLanguage":"de","@id":"https:\/\/staging.srokafinal.lets-preprod.com\/de\/#\/schema\/logo\/image\/","url":"https:\/\/staging.srokafinal.lets-preprod.com\/wp-content\/uploads\/2021\/01\/logo-sroka-black-transpa.png","contentUrl":"https:\/\/staging.srokafinal.lets-preprod.com\/wp-content\/uploads\/2021\/01\/logo-sroka-black-transpa.png","width":1201,"height":342,"caption":"SROKACOMPANY"},"image":{"@id":"https:\/\/staging.srokafinal.lets-preprod.com\/de\/#\/schema\/logo\/image\/"},"sameAs":["https:\/\/www.facebook.com\/srokawatersports\/","https:\/\/www.instagram.com\/srokawatersports\/","https:\/\/www.youtube.com\/channel\/UCVLHHeaPIm-J5bdEUgxqtZA"]}]}},"uagb_featured_image_src":{"full":["https:\/\/staging.srokafinal.lets-preprod.com\/wp-content\/uploads\/2024\/06\/930.200.jpg",2560,1920,false],"thumbnail":["https:\/\/staging.srokafinal.lets-preprod.com\/wp-content\/uploads\/2024\/06\/930.200-150x150.jpg",150,150,true],"medium":["https:\/\/staging.srokafinal.lets-preprod.com\/wp-content\/uploads\/2024\/06\/930.200-300x225.jpg",300,225,true],"medium_large":["https:\/\/staging.srokafinal.lets-preprod.com\/wp-content\/uploads\/2024\/06\/930.200-768x576.jpg",768,576,true],"large":["https:\/\/staging.srokafinal.lets-preprod.com\/wp-content\/uploads\/2024\/06\/930.200-1024x768.jpg",1024,768,true],"1536x1536":["https:\/\/staging.srokafinal.lets-preprod.com\/wp-content\/uploads\/2024\/06\/930.200-1536x1152.jpg",1536,1152,true],"2048x2048":["https:\/\/staging.srokafinal.lets-preprod.com\/wp-content\/uploads\/2024\/06\/930.200-2048x1536.jpg",2048,1536,true],"woocommerce_thumbnail":["https:\/\/staging.srokafinal.lets-preprod.com\/wp-content\/uploads\/2024\/06\/930.200-600x450.jpg",600,450,true],"woocommerce_single":["https:\/\/staging.srokafinal.lets-preprod.com\/wp-content\/uploads\/2024\/06\/930.200-600x450.jpg",600,450,true],"woocommerce_gallery_thumbnail":["https:\/\/staging.srokafinal.lets-preprod.com\/wp-content\/uploads\/2024\/06\/930.200-100x100.jpg",100,100,true]},"uagb_author_info":{"display_name":"Cl\u00e9ment Beaurain","author_link":"https:\/\/staging.srokafinal.lets-preprod.com\/de\/blog\/author\/"},"uagb_comment_info":0,"uagb_excerpt":"Der 930 UHA entf\u00fchrt Sie in eine andere Welt. Wenn Sie dachten, Sie h\u00e4tten schon alles gesehen, denken Sie noch einmal dar\u00fcber nach. Ist es Ihr Traum, den Hub eines 1200 cm\u00b2 und die Geschwindigkeit eines 900 zu haben? Wir haben es geschafft. Es ist einfach zu bedienen und erm\u00f6glicht es Ihnen, sehr fr\u00fch aufzubrechen&hellip;","_links":{"self":[{"href":"https:\/\/staging.srokafinal.lets-preprod.com\/de\/wp-json\/wp\/v2\/product\/124479","targetHints":{"allow":["GET"]}}],"collection":[{"href":"https:\/\/staging.srokafinal.lets-preprod.com\/de\/wp-json\/wp\/v2\/product"}],"about":[{"href":"https:\/\/staging.srokafinal.lets-preprod.com\/de\/wp-json\/wp\/v2\/types\/product"}],"wp:featuredmedia":[{"embeddable":true,"href":"https:\/\/staging.srokafinal.lets-preprod.com\/de\/wp-json\/wp\/v2\/media\/119501"}],"wp:attachment":[{"href":"https:\/\/staging.srokafinal.lets-preprod.com\/de\/wp-json\/wp\/v2\/media?parent=124479"}],"wp:term":[{"taxonomy":"product_brand","embeddable":true,"href":"https:\/\/staging.srokafinal.lets-preprod.com\/de\/wp-json\/wp\/v2\/product_brand?post=124479"},{"taxonomy":"product_cat","embeddable":true,"href":"https:\/\/staging.srokafinal.lets-preprod.com\/de\/wp-json\/wp\/v2\/product_cat?post=124479"},{"taxonomy":"product_tag","embeddable":true,"href":"https:\/\/staging.srokafinal.lets-preprod.com\/de\/wp-json\/wp\/v2\/product_tag?post=124479"}],"curies":[{"name":"wp","href":"https:\/\/api.w.org\/{rel}","templated":true}]}}