


{"id":131443,"date":"2024-12-06T16:20:22","date_gmt":"2024-12-06T14:20:22","guid":{"rendered":"https:\/\/srokacompany.com\/produit\/700-hau\/"},"modified":"2024-12-06T16:20:22","modified_gmt":"2024-12-06T16:20:22","slug":"700-hau","status":"publish","type":"product","link":"https:\/\/staging.srokafinal.lets-preprod.com\/de\/produit\/700-hau\/","title":{"rendered":"700 HAU"},"content":{"rendered":"<hr>\n<p>Der 700 UHA ist die radikalste Waffe, um in Downwind Rekorde zu brechen. Er stellt den ultimativen Kite zum Downwinden dar oder f\u00fcr diejenigen, die schnell fahren und im Wingfoil sehr hart nach oben fahren, schnell drehen, schnell aufsteigen und mit voller Geschwindigkeit auf unbegrenzten Swell-Z\u00fcgen absteigen wollen. Was wird deine Grenze sein und deine F\u00e4higkeit, das zur\u00fcckzudr\u00e4ngen, was f\u00fcr dich noch nicht akzeptabel war? Mit diesem UHA 700 k\u00f6nnen Sie es entdecken. Nichtsdestotrotz bleibt dieses Sortiment sehr zug\u00e4nglich. Schweben wie ein Vogel, mit voller Geschwindigkeit \u00fcber den Kamm der Wellen gleiten, w\u00e4hrend Sie m\u00fchelos die Swell-Z\u00fcge hinunterfahren, wird mit unserer UHA-Reihe (Ultra High Aspect Ratio) zur Realit\u00e4t. Diese Reihe mit einer gro\u00dfen Fl\u00fcgelspannweite erm\u00f6glicht es Ihnen, fast ohne Wind und ohne Wellengang zu foilen, wobei die gesamte Energie, die im Wellengang ben\u00f6tigt wird, zum Foilen verwendet wird. Wenn du auf der Suche nach einem Kite bist, mit dem du schnell in Lee oder mit dem Fl\u00fcgel vor Lee fahren kannst, sind UHA Kites genau das Richtige f\u00fcr dich und sie werden dich mit ihrer Leichtigkeit und Leistung \u00fcberraschen. Diese Serie besteht nun aus 5 Fl\u00fcgelgr\u00f6\u00dfen: 700 UHA (700 cm2), 800 UHA (800 cm\u00b2), 930 UHA (930 cm\u00b2), 1100 UHA (1100 cm\u00b2) und 1260 UHA (1260 cm\u00b2). Es ist perfekt f\u00fcr die LW- und DW-Board-Serien sowie den Superfly geeignet. Aufbauend auf dem Erfolg der HA Speed-Reihe haben wir uns entschieden, das gleiche Profil zu verwenden, um die gleiche Laufruhe beim Start zu erzielen, aber mit beeindruckender Geschwindigkeitsleistung. Es ist unm\u00f6glich, von dieser UHA-Serie entt\u00e4uscht zu sein: Geschwindigkeit, Gleiten und Handling sind die drei Worte, die sie am besten charakterisieren<\/p>\n","protected":false},"excerpt":{"rendered":"<p>Der 700 UHA ist die radikalste Waffe, um in Downwind Rekorde zu brechen. Er stellt den ultimativen Kite zum Downwinden dar oder f\u00fcr diejenigen, die schnell fahren und im Wingfoil sehr hart nach oben fahren, schnell drehen, schnell aufsteigen und mit voller Geschwindigkeit auf unbegrenzten Swell-Z\u00fcgen absteigen wollen. Was wird deine Grenze sein und deine [&hellip;]<\/p>\n","protected":false},"featured_media":130867,"template":"","meta":{"_acf_changed":false,"_uag_custom_page_level_css":""},"product_brand":[],"product_cat":[2784,2781],"product_tag":[],"class_list":{"0":"post-131443","1":"product","2":"type-product","3":"status-publish","4":"has-post-thumbnail","6":"product_cat-flugel-foil","7":"product_cat-folie","8":"product_shipping_class-komplettes-foil-oder-ersatzteile-flugeleinheit","10":"first","11":"instock","12":"taxable","13":"shipping-taxable","14":"purchasable","15":"product-type-simple"},"acf":[],"yoast_head":"<!-- This site is optimized with the Yoast SEO plugin v25.1 - https:\/\/yoast.com\/wordpress\/plugins\/seo\/ -->\n<title>700 HAU - SROKA Company<\/title>\n<meta name=\"description\" content=\"Schneller Downwind - Dock Start - Pump Race, Sup - Sup Race - Downwind - Wingfoil. Diese 700 UHA Flosse kennt keine Grenzen au\u00dfer Ihrer!\" \/>\n<meta name=\"robots\" content=\"noindex, follow, max-snippet:-1, max-image-preview:large, max-video-preview:-1\" \/>\n<meta property=\"og:locale\" content=\"de_DE\" \/>\n<meta property=\"og:type\" content=\"article\" \/>\n<meta property=\"og:title\" content=\"700 HAU - SROKA Company\" \/>\n<meta property=\"og:description\" content=\"Schneller Downwind - Dock Start - Pump Race, Sup - Sup Race - Downwind - Wingfoil. Diese 700 UHA Flosse kennt keine Grenzen au\u00dfer Ihrer!\" \/>\n<meta property=\"og:url\" content=\"https:\/\/staging.srokafinal.lets-preprod.com\/de\/produit\/700-hau\/\" \/>\n<meta property=\"og:site_name\" content=\"SROKA Company\" \/>\n<meta property=\"article:publisher\" content=\"https:\/\/www.facebook.com\/srokawatersports\/\" \/>\n<meta property=\"article:modified_time\" content=\"2024-12-06T16:20:22+00:00\" \/>\n<meta property=\"og:image\" content=\"https:\/\/staging.srokafinal.lets-preprod.com\/wp-content\/uploads\/2024\/10\/700-UHA-site.png\" \/>\n\t<meta property=\"og:image:width\" content=\"1036\" \/>\n\t<meta property=\"og:image:height\" content=\"778\" \/>\n\t<meta property=\"og:image:type\" content=\"image\/png\" \/>\n<meta name=\"twitter:label1\" content=\"Gesch\u00e4tzte Lesezeit\" \/>\n\t<meta name=\"twitter:data1\" content=\"1\u00a0Minute\" \/>\n<script type=\"application\/ld+json\" class=\"yoast-schema-graph\">{\"@context\":\"https:\/\/schema.org\",\"@graph\":[{\"@type\":\"WebPage\",\"@id\":\"https:\/\/staging.srokafinal.lets-preprod.com\/de\/produit\/700-hau\/\",\"url\":\"https:\/\/staging.srokafinal.lets-preprod.com\/de\/produit\/700-hau\/\",\"name\":\"700 HAU - SROKA Company\",\"isPartOf\":{\"@id\":\"https:\/\/staging.srokafinal.lets-preprod.com\/de\/#website\"},\"primaryImageOfPage\":{\"@id\":\"https:\/\/staging.srokafinal.lets-preprod.com\/de\/produit\/700-hau\/#primaryimage\"},\"image\":{\"@id\":\"https:\/\/staging.srokafinal.lets-preprod.com\/de\/produit\/700-hau\/#primaryimage\"},\"thumbnailUrl\":\"https:\/\/staging.srokafinal.lets-preprod.com\/wp-content\/uploads\/2024\/10\/700-UHA-site.png\",\"datePublished\":\"2024-12-06T14:20:22+00:00\",\"dateModified\":\"2024-12-06T16:20:22+00:00\",\"description\":\"Schneller Downwind - Dock Start - Pump Race, Sup - Sup Race - Downwind - Wingfoil. Diese 700 UHA Flosse kennt keine Grenzen au\u00dfer Ihrer!\",\"breadcrumb\":{\"@id\":\"https:\/\/staging.srokafinal.lets-preprod.com\/de\/produit\/700-hau\/#breadcrumb\"},\"inLanguage\":\"de\",\"potentialAction\":[{\"@type\":\"ReadAction\",\"target\":[\"https:\/\/staging.srokafinal.lets-preprod.com\/de\/produit\/700-hau\/\"]}]},{\"@type\":\"ImageObject\",\"inLanguage\":\"de\",\"@id\":\"https:\/\/staging.srokafinal.lets-preprod.com\/de\/produit\/700-hau\/#primaryimage\",\"url\":\"https:\/\/staging.srokafinal.lets-preprod.com\/wp-content\/uploads\/2024\/10\/700-UHA-site.png\",\"contentUrl\":\"https:\/\/staging.srokafinal.lets-preprod.com\/wp-content\/uploads\/2024\/10\/700-UHA-site.png\",\"width\":1036,\"height\":778,\"caption\":\"Aile avant 700 UHA\"},{\"@type\":\"BreadcrumbList\",\"@id\":\"https:\/\/staging.srokafinal.lets-preprod.com\/de\/produit\/700-hau\/#breadcrumb\",\"itemListElement\":[{\"@type\":\"ListItem\",\"position\":1,\"name\":\"Accueil\",\"item\":\"https:\/\/staging.srokafinal.lets-preprod.com\/de\/\"},{\"@type\":\"ListItem\",\"position\":2,\"name\":\"Boutique\",\"item\":\"https:\/\/staging.srokafinal.lets-preprod.com\/boutique\/\"},{\"@type\":\"ListItem\",\"position\":3,\"name\":\"700 HAU\"}]},{\"@type\":\"WebSite\",\"@id\":\"https:\/\/staging.srokafinal.lets-preprod.com\/de\/#website\",\"url\":\"https:\/\/staging.srokafinal.lets-preprod.com\/de\/\",\"name\":\"SROKA Company\",\"description\":\"SUP, Kite, Foil, Wing\",\"publisher\":{\"@id\":\"https:\/\/staging.srokafinal.lets-preprod.com\/de\/#organization\"},\"potentialAction\":[{\"@type\":\"SearchAction\",\"target\":{\"@type\":\"EntryPoint\",\"urlTemplate\":\"https:\/\/staging.srokafinal.lets-preprod.com\/de\/?s={search_term_string}\"},\"query-input\":{\"@type\":\"PropertyValueSpecification\",\"valueRequired\":true,\"valueName\":\"search_term_string\"}}],\"inLanguage\":\"de\"},{\"@type\":\"Organization\",\"@id\":\"https:\/\/staging.srokafinal.lets-preprod.com\/de\/#organization\",\"name\":\"SROKACOMPANY\",\"alternateName\":\"SROKA\",\"url\":\"https:\/\/staging.srokafinal.lets-preprod.com\/de\/\",\"logo\":{\"@type\":\"ImageObject\",\"inLanguage\":\"de\",\"@id\":\"https:\/\/staging.srokafinal.lets-preprod.com\/de\/#\/schema\/logo\/image\/\",\"url\":\"https:\/\/staging.srokafinal.lets-preprod.com\/wp-content\/uploads\/2021\/01\/logo-sroka-black-transpa.png\",\"contentUrl\":\"https:\/\/staging.srokafinal.lets-preprod.com\/wp-content\/uploads\/2021\/01\/logo-sroka-black-transpa.png\",\"width\":1201,\"height\":342,\"caption\":\"SROKACOMPANY\"},\"image\":{\"@id\":\"https:\/\/staging.srokafinal.lets-preprod.com\/de\/#\/schema\/logo\/image\/\"},\"sameAs\":[\"https:\/\/www.facebook.com\/srokawatersports\/\",\"https:\/\/www.instagram.com\/srokawatersports\/\",\"https:\/\/www.youtube.com\/channel\/UCVLHHeaPIm-J5bdEUgxqtZA\"]}]}<\/script>\n<!-- \/ Yoast SEO plugin. -->","yoast_head_json":{"title":"700 HAU - SROKA Company","description":"Schneller Downwind - Dock Start - Pump Race, Sup - Sup Race - Downwind - Wingfoil. Diese 700 UHA Flosse kennt keine Grenzen au\u00dfer Ihrer!","robots":{"index":"noindex","follow":"follow","max-snippet":"max-snippet:-1","max-image-preview":"max-image-preview:large","max-video-preview":"max-video-preview:-1"},"og_locale":"de_DE","og_type":"article","og_title":"700 HAU - SROKA Company","og_description":"Schneller Downwind - Dock Start - Pump Race, Sup - Sup Race - Downwind - Wingfoil. Diese 700 UHA Flosse kennt keine Grenzen au\u00dfer Ihrer!","og_url":"https:\/\/staging.srokafinal.lets-preprod.com\/de\/produit\/700-hau\/","og_site_name":"SROKA Company","article_publisher":"https:\/\/www.facebook.com\/srokawatersports\/","article_modified_time":"2024-12-06T16:20:22+00:00","og_image":[{"width":1036,"height":778,"url":"https:\/\/staging.srokafinal.lets-preprod.com\/wp-content\/uploads\/2024\/10\/700-UHA-site.png","type":"image\/png"}],"twitter_misc":{"Gesch\u00e4tzte Lesezeit":"1\u00a0Minute"},"schema":{"@context":"https:\/\/schema.org","@graph":[{"@type":"WebPage","@id":"https:\/\/staging.srokafinal.lets-preprod.com\/de\/produit\/700-hau\/","url":"https:\/\/staging.srokafinal.lets-preprod.com\/de\/produit\/700-hau\/","name":"700 HAU - SROKA Company","isPartOf":{"@id":"https:\/\/staging.srokafinal.lets-preprod.com\/de\/#website"},"primaryImageOfPage":{"@id":"https:\/\/staging.srokafinal.lets-preprod.com\/de\/produit\/700-hau\/#primaryimage"},"image":{"@id":"https:\/\/staging.srokafinal.lets-preprod.com\/de\/produit\/700-hau\/#primaryimage"},"thumbnailUrl":"https:\/\/staging.srokafinal.lets-preprod.com\/wp-content\/uploads\/2024\/10\/700-UHA-site.png","datePublished":"2024-12-06T14:20:22+00:00","dateModified":"2024-12-06T16:20:22+00:00","description":"Schneller Downwind - Dock Start - Pump Race, Sup - Sup Race - Downwind - Wingfoil. Diese 700 UHA Flosse kennt keine Grenzen au\u00dfer Ihrer!","breadcrumb":{"@id":"https:\/\/staging.srokafinal.lets-preprod.com\/de\/produit\/700-hau\/#breadcrumb"},"inLanguage":"de","potentialAction":[{"@type":"ReadAction","target":["https:\/\/staging.srokafinal.lets-preprod.com\/de\/produit\/700-hau\/"]}]},{"@type":"ImageObject","inLanguage":"de","@id":"https:\/\/staging.srokafinal.lets-preprod.com\/de\/produit\/700-hau\/#primaryimage","url":"https:\/\/staging.srokafinal.lets-preprod.com\/wp-content\/uploads\/2024\/10\/700-UHA-site.png","contentUrl":"https:\/\/staging.srokafinal.lets-preprod.com\/wp-content\/uploads\/2024\/10\/700-UHA-site.png","width":1036,"height":778,"caption":"Aile avant 700 UHA"},{"@type":"BreadcrumbList","@id":"https:\/\/staging.srokafinal.lets-preprod.com\/de\/produit\/700-hau\/#breadcrumb","itemListElement":[{"@type":"ListItem","position":1,"name":"Accueil","item":"https:\/\/staging.srokafinal.lets-preprod.com\/de\/"},{"@type":"ListItem","position":2,"name":"Boutique","item":"https:\/\/staging.srokafinal.lets-preprod.com\/boutique\/"},{"@type":"ListItem","position":3,"name":"700 HAU"}]},{"@type":"WebSite","@id":"https:\/\/staging.srokafinal.lets-preprod.com\/de\/#website","url":"https:\/\/staging.srokafinal.lets-preprod.com\/de\/","name":"SROKA Company","description":"SUP, Kite, Foil, Wing","publisher":{"@id":"https:\/\/staging.srokafinal.lets-preprod.com\/de\/#organization"},"potentialAction":[{"@type":"SearchAction","target":{"@type":"EntryPoint","urlTemplate":"https:\/\/staging.srokafinal.lets-preprod.com\/de\/?s={search_term_string}"},"query-input":{"@type":"PropertyValueSpecification","valueRequired":true,"valueName":"search_term_string"}}],"inLanguage":"de"},{"@type":"Organization","@id":"https:\/\/staging.srokafinal.lets-preprod.com\/de\/#organization","name":"SROKACOMPANY","alternateName":"SROKA","url":"https:\/\/staging.srokafinal.lets-preprod.com\/de\/","logo":{"@type":"ImageObject","inLanguage":"de","@id":"https:\/\/staging.srokafinal.lets-preprod.com\/de\/#\/schema\/logo\/image\/","url":"https:\/\/staging.srokafinal.lets-preprod.com\/wp-content\/uploads\/2021\/01\/logo-sroka-black-transpa.png","contentUrl":"https:\/\/staging.srokafinal.lets-preprod.com\/wp-content\/uploads\/2021\/01\/logo-sroka-black-transpa.png","width":1201,"height":342,"caption":"SROKACOMPANY"},"image":{"@id":"https:\/\/staging.srokafinal.lets-preprod.com\/de\/#\/schema\/logo\/image\/"},"sameAs":["https:\/\/www.facebook.com\/srokawatersports\/","https:\/\/www.instagram.com\/srokawatersports\/","https:\/\/www.youtube.com\/channel\/UCVLHHeaPIm-J5bdEUgxqtZA"]}]}},"uagb_featured_image_src":{"full":["https:\/\/staging.srokafinal.lets-preprod.com\/wp-content\/uploads\/2024\/10\/700-UHA-site.png",1036,778,false],"thumbnail":["https:\/\/staging.srokafinal.lets-preprod.com\/wp-content\/uploads\/2024\/10\/700-UHA-site-150x150.png",150,150,true],"medium":["https:\/\/staging.srokafinal.lets-preprod.com\/wp-content\/uploads\/2024\/10\/700-UHA-site-300x225.png",300,225,true],"medium_large":["https:\/\/staging.srokafinal.lets-preprod.com\/wp-content\/uploads\/2024\/10\/700-UHA-site-768x577.png",768,577,true],"large":["https:\/\/staging.srokafinal.lets-preprod.com\/wp-content\/uploads\/2024\/10\/700-UHA-site-1024x769.png",1024,769,true],"1536x1536":["https:\/\/staging.srokafinal.lets-preprod.com\/wp-content\/uploads\/2024\/10\/700-UHA-site.png",1036,778,false],"2048x2048":["https:\/\/staging.srokafinal.lets-preprod.com\/wp-content\/uploads\/2024\/10\/700-UHA-site.png",1036,778,false],"woocommerce_thumbnail":["https:\/\/staging.srokafinal.lets-preprod.com\/wp-content\/uploads\/2024\/10\/700-UHA-site-600x451.png",600,451,true],"woocommerce_single":["https:\/\/staging.srokafinal.lets-preprod.com\/wp-content\/uploads\/2024\/10\/700-UHA-site-600x451.png",600,451,true],"woocommerce_gallery_thumbnail":["https:\/\/staging.srokafinal.lets-preprod.com\/wp-content\/uploads\/2024\/10\/700-UHA-site-100x100.png",100,100,true]},"uagb_author_info":{"display_name":"emmanuel.d emmanuel.d","author_link":"https:\/\/staging.srokafinal.lets-preprod.com\/de\/blog\/author\/"},"uagb_comment_info":0,"uagb_excerpt":"Der 700 UHA ist die radikalste Waffe, um in Downwind Rekorde zu brechen. Er stellt den ultimativen Kite zum Downwinden dar oder f\u00fcr diejenigen, die schnell fahren und im Wingfoil sehr hart nach oben fahren, schnell drehen, schnell aufsteigen und mit voller Geschwindigkeit auf unbegrenzten Swell-Z\u00fcgen absteigen wollen. Was wird deine Grenze sein und deine&hellip;","_links":{"self":[{"href":"https:\/\/staging.srokafinal.lets-preprod.com\/de\/wp-json\/wp\/v2\/product\/131443","targetHints":{"allow":["GET"]}}],"collection":[{"href":"https:\/\/staging.srokafinal.lets-preprod.com\/de\/wp-json\/wp\/v2\/product"}],"about":[{"href":"https:\/\/staging.srokafinal.lets-preprod.com\/de\/wp-json\/wp\/v2\/types\/product"}],"wp:featuredmedia":[{"embeddable":true,"href":"https:\/\/staging.srokafinal.lets-preprod.com\/de\/wp-json\/wp\/v2\/media\/130867"}],"wp:attachment":[{"href":"https:\/\/staging.srokafinal.lets-preprod.com\/de\/wp-json\/wp\/v2\/media?parent=131443"}],"wp:term":[{"taxonomy":"product_brand","embeddable":true,"href":"https:\/\/staging.srokafinal.lets-preprod.com\/de\/wp-json\/wp\/v2\/product_brand?post=131443"},{"taxonomy":"product_cat","embeddable":true,"href":"https:\/\/staging.srokafinal.lets-preprod.com\/de\/wp-json\/wp\/v2\/product_cat?post=131443"},{"taxonomy":"product_tag","embeddable":true,"href":"https:\/\/staging.srokafinal.lets-preprod.com\/de\/wp-json\/wp\/v2\/product_tag?post=131443"}],"curies":[{"name":"wp","href":"https:\/\/api.w.org\/{rel}","templated":true}]}}