


{"id":102434,"date":"2021-03-16T08:41:22","date_gmt":"2021-03-16T06:41:22","guid":{"rendered":"https:\/\/srokacompany.com\/produit\/s-foil-rumpf\/"},"modified":"2024-04-22T13:09:12","modified_gmt":"2024-04-22T13:09:12","slug":"s-foil-rumpf","status":"publish","type":"product","link":"https:\/\/staging.srokafinal.lets-preprod.com\/en\/produit\/s-foil-rumpf\/","title":{"rendered":"S-Foil Rumpf"},"content":{"rendered":"<hr>\n<p>&nbsp;<\/p>\n<h1>Rumpf f\u00fcr S-Foil<\/h1>\n<p style=\"text-align: justify;\">Der Rumpf f\u00fcr <a href=\"https:\/\/srokacompany.com\/product\/s-foil-high-aspect\/\">S-Foil 2021<\/a> ist jetzt in verschiedenen L\u00e4ngen erh\u00e4ltlich. Das Ziel ist es, Ihnen eine vollst\u00e4ndig modulare und skalierbare Folie zur Verf\u00fcgung zu stellen, die sich an Ihre Bed\u00fcrfnisse anpassen kann. Standardm\u00e4\u00dfig werden alle unsere <a href=\"https:\/\/srokacompany.com\/product\/s-foil-classique-sroka\/\">S-Foil<\/a> in einer Standardkonfiguration verkauft. F\u00fcr diejenigen, die mehr Man\u00f6vrierf\u00e4higkeit w\u00fcnschen, erm\u00f6glichen der kurze und der ultrakurze Rumpf enge Kurven in den Wellen und radikale Man\u00f6ver. Au\u00dferdem sind sie weniger l\u00e4ngsstabil und ben\u00f6tigen eine h\u00f6here Pumpfrequenz. Die kurzen R\u00fcmpfe sind daher f\u00fcr zwei Personen gedacht, die ein mittleres oder best\u00e4tigtes technisches Niveau haben. Mit den Standard-, kurzen und ultrakurzen R\u00fcmpfen k\u00f6nnen alle Foil-Disziplinen ge\u00fcbt werden, au\u00dfer <a href=\"https:\/\/srokacompany.com\/eshop\/wind-foil\/\">Windfoil<\/a>, f\u00fcr das es einen eigenen 93cm-Rumpf gibt (mehr dazu auf dieser Seite).<\/p>\n<p style=\"text-align: justify;\">Unsere R\u00fcmpfe erfahren in diesem Jahr eine deutliche Steigerung der Steifigkeit. Ihre Verbindung erleichtert die Montage und Demontage Ihrer <a href=\"https:\/\/srokacompany.com\/product\/s-foil-classique-sroka\/\">S-Foil<\/a> und macht alle 2021<a href=\"https:\/\/srokacompany.com\/product\/ailette-avant-s-foil-high-aspect\/\">front Wing<\/a> auf derselben Foil kompatibel und austauschbar. Ihre Zusammensetzung aus Aluminium T6061 T6, das in der Luftfahrtindustrie verwendet wird, verleiht ihnen Steifigkeit und Haltbarkeit.<\/p>\n","protected":false},"excerpt":{"rendered":"<p>&nbsp; Rumpf f\u00fcr S-Foil Der Rumpf f\u00fcr S-Foil 2021 ist jetzt in verschiedenen L\u00e4ngen erh\u00e4ltlich. Das Ziel ist es, Ihnen eine vollst\u00e4ndig modulare und skalierbare Folie zur Verf\u00fcgung zu stellen, die sich an Ihre Bed\u00fcrfnisse anpassen kann. Standardm\u00e4\u00dfig werden alle unsere S-Foil in einer Standardkonfiguration verkauft. F\u00fcr diejenigen, die mehr Man\u00f6vrierf\u00e4higkeit w\u00fcnschen, erm\u00f6glichen der kurze [&hellip;]<\/p>\n","protected":false},"featured_media":0,"template":"","meta":{"_acf_changed":false,"_uag_custom_page_level_css":""},"product_brand":[],"product_cat":[3163],"product_tag":[],"class_list":{"0":"post-102434","1":"product","2":"type-product","3":"status-publish","5":"product_cat-downwind-uha-range","7":"first","8":"outofstock","9":"taxable","10":"shipping-taxable","11":"purchasable","12":"product-type-simple"},"acf":[],"yoast_head":"<!-- This site is optimized with the Yoast SEO plugin v25.1 - https:\/\/yoast.com\/wordpress\/plugins\/seo\/ -->\n<title>S-Foil Rumpf - SROKA Company - Zubeh\u00f6r f\u00fcr S-Foil<\/title>\n<meta name=\"description\" content=\"Aluminium-Rumpf f\u00fcr die S-Foil 2021. Erh\u00e4ltlich in den Ausf\u00fchrungen Standard, Kurz und Ultra-Short. Leistung zum besten Preis-Leistungs-Verh\u00e4ltnis.\" \/>\n<meta name=\"robots\" content=\"noindex, follow, max-snippet:-1, max-image-preview:large, max-video-preview:-1\" \/>\n<meta property=\"og:locale\" content=\"en_US\" \/>\n<meta property=\"og:type\" content=\"article\" \/>\n<meta property=\"og:title\" content=\"S-Foil Rumpf - SROKA Company - Zubeh\u00f6r f\u00fcr S-Foil\" \/>\n<meta property=\"og:description\" content=\"Aluminium-Rumpf f\u00fcr die S-Foil 2021. Erh\u00e4ltlich in den Ausf\u00fchrungen Standard, Kurz und Ultra-Short. Leistung zum besten Preis-Leistungs-Verh\u00e4ltnis.\" \/>\n<meta property=\"og:url\" content=\"https:\/\/staging.srokafinal.lets-preprod.com\/en\/produit\/s-foil-rumpf\/\" \/>\n<meta property=\"og:site_name\" content=\"SROKA Company\" \/>\n<meta property=\"article:publisher\" content=\"https:\/\/www.facebook.com\/srokawatersports\/\" \/>\n<meta property=\"article:modified_time\" content=\"2024-04-22T13:09:12+00:00\" \/>\n<meta name=\"twitter:label1\" content=\"Est. reading time\" \/>\n\t<meta name=\"twitter:data1\" content=\"1 minute\" \/>\n<script type=\"application\/ld+json\" class=\"yoast-schema-graph\">{\"@context\":\"https:\/\/schema.org\",\"@graph\":[{\"@type\":\"WebPage\",\"@id\":\"https:\/\/staging.srokafinal.lets-preprod.com\/en\/produit\/s-foil-rumpf\/\",\"url\":\"https:\/\/staging.srokafinal.lets-preprod.com\/en\/produit\/s-foil-rumpf\/\",\"name\":\"S-Foil Rumpf - SROKA Company - Zubeh\u00f6r f\u00fcr S-Foil\",\"isPartOf\":{\"@id\":\"https:\/\/staging.srokafinal.lets-preprod.com\/en\/#website\"},\"datePublished\":\"2021-03-16T06:41:22+00:00\",\"dateModified\":\"2024-04-22T13:09:12+00:00\",\"description\":\"Aluminium-Rumpf f\u00fcr die S-Foil 2021. Erh\u00e4ltlich in den Ausf\u00fchrungen Standard, Kurz und Ultra-Short. Leistung zum besten Preis-Leistungs-Verh\u00e4ltnis.\",\"breadcrumb\":{\"@id\":\"https:\/\/staging.srokafinal.lets-preprod.com\/en\/produit\/s-foil-rumpf\/#breadcrumb\"},\"inLanguage\":\"en-US\",\"potentialAction\":[{\"@type\":\"ReadAction\",\"target\":[\"https:\/\/staging.srokafinal.lets-preprod.com\/en\/produit\/s-foil-rumpf\/\"]}]},{\"@type\":\"BreadcrumbList\",\"@id\":\"https:\/\/staging.srokafinal.lets-preprod.com\/en\/produit\/s-foil-rumpf\/#breadcrumb\",\"itemListElement\":[{\"@type\":\"ListItem\",\"position\":1,\"name\":\"Accueil\",\"item\":\"https:\/\/staging.srokafinal.lets-preprod.com\/en\/\"},{\"@type\":\"ListItem\",\"position\":2,\"name\":\"Boutique\",\"item\":\"https:\/\/staging.srokafinal.lets-preprod.com\/boutique\/\"},{\"@type\":\"ListItem\",\"position\":3,\"name\":\"S-Foil Rumpf\"}]},{\"@type\":\"WebSite\",\"@id\":\"https:\/\/staging.srokafinal.lets-preprod.com\/en\/#website\",\"url\":\"https:\/\/staging.srokafinal.lets-preprod.com\/en\/\",\"name\":\"SROKA Company\",\"description\":\"SUP, Kite, Foil, Wing\",\"publisher\":{\"@id\":\"https:\/\/staging.srokafinal.lets-preprod.com\/en\/#organization\"},\"potentialAction\":[{\"@type\":\"SearchAction\",\"target\":{\"@type\":\"EntryPoint\",\"urlTemplate\":\"https:\/\/staging.srokafinal.lets-preprod.com\/en\/?s={search_term_string}\"},\"query-input\":{\"@type\":\"PropertyValueSpecification\",\"valueRequired\":true,\"valueName\":\"search_term_string\"}}],\"inLanguage\":\"en-US\"},{\"@type\":\"Organization\",\"@id\":\"https:\/\/staging.srokafinal.lets-preprod.com\/en\/#organization\",\"name\":\"SROKACOMPANY\",\"alternateName\":\"SROKA\",\"url\":\"https:\/\/staging.srokafinal.lets-preprod.com\/en\/\",\"logo\":{\"@type\":\"ImageObject\",\"inLanguage\":\"en-US\",\"@id\":\"https:\/\/staging.srokafinal.lets-preprod.com\/en\/#\/schema\/logo\/image\/\",\"url\":\"https:\/\/staging.srokafinal.lets-preprod.com\/wp-content\/uploads\/2021\/01\/logo-sroka-black-transpa.png\",\"contentUrl\":\"https:\/\/staging.srokafinal.lets-preprod.com\/wp-content\/uploads\/2021\/01\/logo-sroka-black-transpa.png\",\"width\":1201,\"height\":342,\"caption\":\"SROKACOMPANY\"},\"image\":{\"@id\":\"https:\/\/staging.srokafinal.lets-preprod.com\/en\/#\/schema\/logo\/image\/\"},\"sameAs\":[\"https:\/\/www.facebook.com\/srokawatersports\/\",\"https:\/\/www.instagram.com\/srokawatersports\/\",\"https:\/\/www.youtube.com\/channel\/UCVLHHeaPIm-J5bdEUgxqtZA\"]}]}<\/script>\n<!-- \/ Yoast SEO plugin. -->","yoast_head_json":{"title":"S-Foil Rumpf - SROKA Company - Zubeh\u00f6r f\u00fcr S-Foil","description":"Aluminium-Rumpf f\u00fcr die S-Foil 2021. Erh\u00e4ltlich in den Ausf\u00fchrungen Standard, Kurz und Ultra-Short. Leistung zum besten Preis-Leistungs-Verh\u00e4ltnis.","robots":{"index":"noindex","follow":"follow","max-snippet":"max-snippet:-1","max-image-preview":"max-image-preview:large","max-video-preview":"max-video-preview:-1"},"og_locale":"en_US","og_type":"article","og_title":"S-Foil Rumpf - SROKA Company - Zubeh\u00f6r f\u00fcr S-Foil","og_description":"Aluminium-Rumpf f\u00fcr die S-Foil 2021. Erh\u00e4ltlich in den Ausf\u00fchrungen Standard, Kurz und Ultra-Short. Leistung zum besten Preis-Leistungs-Verh\u00e4ltnis.","og_url":"https:\/\/staging.srokafinal.lets-preprod.com\/en\/produit\/s-foil-rumpf\/","og_site_name":"SROKA Company","article_publisher":"https:\/\/www.facebook.com\/srokawatersports\/","article_modified_time":"2024-04-22T13:09:12+00:00","twitter_misc":{"Est. reading time":"1 minute"},"schema":{"@context":"https:\/\/schema.org","@graph":[{"@type":"WebPage","@id":"https:\/\/staging.srokafinal.lets-preprod.com\/en\/produit\/s-foil-rumpf\/","url":"https:\/\/staging.srokafinal.lets-preprod.com\/en\/produit\/s-foil-rumpf\/","name":"S-Foil Rumpf - SROKA Company - Zubeh\u00f6r f\u00fcr S-Foil","isPartOf":{"@id":"https:\/\/staging.srokafinal.lets-preprod.com\/en\/#website"},"datePublished":"2021-03-16T06:41:22+00:00","dateModified":"2024-04-22T13:09:12+00:00","description":"Aluminium-Rumpf f\u00fcr die S-Foil 2021. Erh\u00e4ltlich in den Ausf\u00fchrungen Standard, Kurz und Ultra-Short. Leistung zum besten Preis-Leistungs-Verh\u00e4ltnis.","breadcrumb":{"@id":"https:\/\/staging.srokafinal.lets-preprod.com\/en\/produit\/s-foil-rumpf\/#breadcrumb"},"inLanguage":"en-US","potentialAction":[{"@type":"ReadAction","target":["https:\/\/staging.srokafinal.lets-preprod.com\/en\/produit\/s-foil-rumpf\/"]}]},{"@type":"BreadcrumbList","@id":"https:\/\/staging.srokafinal.lets-preprod.com\/en\/produit\/s-foil-rumpf\/#breadcrumb","itemListElement":[{"@type":"ListItem","position":1,"name":"Accueil","item":"https:\/\/staging.srokafinal.lets-preprod.com\/en\/"},{"@type":"ListItem","position":2,"name":"Boutique","item":"https:\/\/staging.srokafinal.lets-preprod.com\/boutique\/"},{"@type":"ListItem","position":3,"name":"S-Foil Rumpf"}]},{"@type":"WebSite","@id":"https:\/\/staging.srokafinal.lets-preprod.com\/en\/#website","url":"https:\/\/staging.srokafinal.lets-preprod.com\/en\/","name":"SROKA Company","description":"SUP, Kite, Foil, Wing","publisher":{"@id":"https:\/\/staging.srokafinal.lets-preprod.com\/en\/#organization"},"potentialAction":[{"@type":"SearchAction","target":{"@type":"EntryPoint","urlTemplate":"https:\/\/staging.srokafinal.lets-preprod.com\/en\/?s={search_term_string}"},"query-input":{"@type":"PropertyValueSpecification","valueRequired":true,"valueName":"search_term_string"}}],"inLanguage":"en-US"},{"@type":"Organization","@id":"https:\/\/staging.srokafinal.lets-preprod.com\/en\/#organization","name":"SROKACOMPANY","alternateName":"SROKA","url":"https:\/\/staging.srokafinal.lets-preprod.com\/en\/","logo":{"@type":"ImageObject","inLanguage":"en-US","@id":"https:\/\/staging.srokafinal.lets-preprod.com\/en\/#\/schema\/logo\/image\/","url":"https:\/\/staging.srokafinal.lets-preprod.com\/wp-content\/uploads\/2021\/01\/logo-sroka-black-transpa.png","contentUrl":"https:\/\/staging.srokafinal.lets-preprod.com\/wp-content\/uploads\/2021\/01\/logo-sroka-black-transpa.png","width":1201,"height":342,"caption":"SROKACOMPANY"},"image":{"@id":"https:\/\/staging.srokafinal.lets-preprod.com\/en\/#\/schema\/logo\/image\/"},"sameAs":["https:\/\/www.facebook.com\/srokawatersports\/","https:\/\/www.instagram.com\/srokawatersports\/","https:\/\/www.youtube.com\/channel\/UCVLHHeaPIm-J5bdEUgxqtZA"]}]}},"uagb_featured_image_src":{"full":false,"thumbnail":false,"medium":false,"medium_large":false,"large":false,"1536x1536":false,"2048x2048":false,"woocommerce_thumbnail":false,"woocommerce_single":false,"woocommerce_gallery_thumbnail":false},"uagb_author_info":{"display_name":"Tristan Dumard","author_link":"https:\/\/staging.srokafinal.lets-preprod.com\/en\/blog\/author\/"},"uagb_comment_info":0,"uagb_excerpt":"&nbsp; Rumpf f\u00fcr S-Foil Der Rumpf f\u00fcr S-Foil 2021 ist jetzt in verschiedenen L\u00e4ngen erh\u00e4ltlich. Das Ziel ist es, Ihnen eine vollst\u00e4ndig modulare und skalierbare Folie zur Verf\u00fcgung zu stellen, die sich an Ihre Bed\u00fcrfnisse anpassen kann. Standardm\u00e4\u00dfig werden alle unsere S-Foil in einer Standardkonfiguration verkauft. F\u00fcr diejenigen, die mehr Man\u00f6vrierf\u00e4higkeit w\u00fcnschen, erm\u00f6glichen der kurze&hellip;","_links":{"self":[{"href":"https:\/\/staging.srokafinal.lets-preprod.com\/en\/wp-json\/wp\/v2\/product\/102434","targetHints":{"allow":["GET"]}}],"collection":[{"href":"https:\/\/staging.srokafinal.lets-preprod.com\/en\/wp-json\/wp\/v2\/product"}],"about":[{"href":"https:\/\/staging.srokafinal.lets-preprod.com\/en\/wp-json\/wp\/v2\/types\/product"}],"wp:attachment":[{"href":"https:\/\/staging.srokafinal.lets-preprod.com\/en\/wp-json\/wp\/v2\/media?parent=102434"}],"wp:term":[{"taxonomy":"product_brand","embeddable":true,"href":"https:\/\/staging.srokafinal.lets-preprod.com\/en\/wp-json\/wp\/v2\/product_brand?post=102434"},{"taxonomy":"product_cat","embeddable":true,"href":"https:\/\/staging.srokafinal.lets-preprod.com\/en\/wp-json\/wp\/v2\/product_cat?post=102434"},{"taxonomy":"product_tag","embeddable":true,"href":"https:\/\/staging.srokafinal.lets-preprod.com\/en\/wp-json\/wp\/v2\/product_tag?post=102434"}],"curies":[{"name":"wp","href":"https:\/\/api.w.org\/{rel}","templated":true}]}}