


{"id":102664,"date":"2022-08-10T13:18:34","date_gmt":"2022-08-10T11:18:34","guid":{"rendered":"https:\/\/srokacompany.com\/produit\/s-foil-sroka-stabilizers\/"},"modified":"2024-04-19T13:33:47","modified_gmt":"2024-04-19T13:33:47","slug":"s-foil-sroka-stabilizers","status":"publish","type":"product","link":"https:\/\/staging.srokafinal.lets-preprod.com\/en\/produit\/s-foil-sroka-stabilizers\/","title":{"rendered":"S-Foil Sroka Stabilizers"},"content":{"rendered":"<style>\/*! elementor - v3.21.0 - 18-04-2024 *\/\n.elementor-widget-image-carousel .swiper,.elementor-widget-image-carousel .swiper-container{position:static}.elementor-widget-image-carousel .swiper-container .swiper-slide figure,.elementor-widget-image-carousel .swiper .swiper-slide figure{line-height:inherit}.elementor-widget-image-carousel .swiper-slide{text-align:center}.elementor-image-carousel-wrapper:not(.swiper-container-initialized):not(.swiper-initialized) .swiper-slide{max-width:calc(100% \/ var(--e-image-carousel-slides-to-show, 3))}<\/style>\n<figure><img decoding=\"async\" src=\"https:\/\/srokacompany.com\/wp-content\/uploads\/2022\/08\/300-standard-wingfoil-stabilisateur-768x1024.jpg\" alt=\"300 standard wingfoil stabilisateur\" \/><\/figure>\n<figure><img decoding=\"async\" src=\"https:\/\/srokacompany.com\/wp-content\/uploads\/2022\/08\/High-Aspect-Stabilisateur-Sroka-SFoil-768x1024.jpg\" alt=\"High Aspect Stabilisateur Sroka SFoil\" \/><\/figure>\n<figure><img decoding=\"async\" src=\"https:\/\/srokacompany.com\/wp-content\/uploads\/2022\/08\/High-Aspect-stabilisateur-Foil-Sroka-2022-768x1024.jpg\" alt=\"High Aspect stabilisateur Foil Sroka 2022\" \/><\/figure>\n<figure><img decoding=\"async\" src=\"https:\/\/srokacompany.com\/wp-content\/uploads\/2022\/08\/Stabilisateur-300-Sroka-768x1024.jpg\" alt=\"Stabilisateur 300 Sroka\" \/><\/figure>\n<figure><img decoding=\"async\" src=\"https:\/\/srokacompany.com\/wp-content\/uploads\/2022\/08\/Stabilisateur-240-Sroka-768x1024.jpg\" alt=\"Stabilisateur 240 Sroka\" \/><\/figure>\n<figure><img decoding=\"async\" src=\"https:\/\/srokacompany.com\/wp-content\/uploads\/2022\/08\/Stabilisateur-180-Sroka-768x1024.jpg\" alt=\"Stabilisateur 180 Sroka\" \/><\/figure>\n<style>\/*! elementor - v3.21.0 - 18-04-2024 *\/\n.elementor-heading-title{padding:0;margin:0;line-height:1}.elementor-widget-heading .elementor-heading-title[class*=elementor-size-]>a{color:inherit;font-size:inherit;line-height:inherit}.elementor-widget-heading .elementor-heading-title.elementor-size-small{font-size:15px}.elementor-widget-heading .elementor-heading-title.elementor-size-medium{font-size:19px}.elementor-widget-heading .elementor-heading-title.elementor-size-large{font-size:29px}.elementor-widget-heading .elementor-heading-title.elementor-size-xl{font-size:39px}.elementor-widget-heading .elementor-heading-title.elementor-size-xxl{font-size:59px}<\/style>\n<h3>How to choose your foil stabilizer?  <\/h3>\n<h4>Stabilizer 300<\/h4>\n<p style=\"text-align: justify;\">The standard stabilizer for the S-Foil Sroka. It allows you to practice wingfoil, surf foil, SUP foil and wake foil. It&#8217;s the ideal stabilizer to do everything without worrying about it.  <\/p>\n<p style=\"text-align: justify;\">Very soft at take-off, it is totally forgotten under the feet once in flight with its fine glide and healthy supports.  <\/p>\n<p style=\"text-align: justify;\">With its intermediate ratio aspect, it offers an excellent compromise between manoeuvrability and pumping. Without getting stuck on a rail while surfing, it forgives mistakes in turns, gives power under the back foot to pumping and maneuvers smoothly. In a straight line, its super healthy handling allows you to press hard to gain speed.  <\/p>\n<p style=\"text-align: justify;\">Ideal with:  <\/p>\n<p style=\"text-align: justify;\">&#8211; The entire Classic range  <\/p>\n<p style=\"text-align: justify;\">&#8211; HA 1190 L and 1390 L for surfing, downwind and pumping  <\/p>\n<style>\/*! elementor - v3.21.0 - 18-04-2024 *\/\n.elementor-widget-image{text-align:center}.elementor-widget-image a{display:inline-block}.elementor-widget-image a img[src$=\".svg\"]{width:48px}.elementor-widget-image img{vertical-align:middle;display:inline-block}<\/style>\n<p>\t\t\t\t\t\t\t\t\t\t<img decoding=\"async\" src=\"https:\/\/srokacompany.com\/wp-content\/uploads\/elementor\/thumbs\/Stabilisateur-300-Sroka-pt1xoylagceyadrxhf71oogz7curl78v90lg1i7dts.jpg\" title=\"Stabilisateur 300 Sroka\" alt=\"Stabilisateur 300 Sroka\" loading=\"lazy\" \/>\t\t\t\t\t\t\t\t\t\t\t\t\t<\/p>\n<h4>Stabilizer 240<\/h4>\n<p style=\"text-align: justify;\">The 240 Stabilizer unbridles your foil. Its profile is sharper and thinner than that of the 300 and increases your glide tenfold, to the detriment of lift at low revs.<\/p>\n<p style=\"text-align: justify;\">Its mid-ratio appearance, coupled with its profile tailored for speed, gives it unparalleled maneuverability that will delight all experienced surfers looking for aggressive turns. With the ultra-short fuselage of 56cm, it becomes possible to chain manoeuvres  in a handkerchief.<\/p>\n<p style=\"text-align: justify;\">It is also the ideal stabilizer for those who want to gain maneuverability and glide in wingfoil, SUP foil, downwind while keeping versatility. It allows you to unleash the entire Classic range.  <\/p>\n<p style=\"text-align: justify;\">Ideal with:  <\/p>\n<p style=\"text-align: justify;\">&#8211; The entire High Aspect range  <\/p>\n<p style=\"text-align: justify;\">&#8211; The 1250 Classic in surfing and wingfoil<\/p>\n<p>\t\t\t\t\t\t\t\t\t\t\t\t\t<img decoding=\"async\" src=\"https:\/\/srokacompany.com\/wp-content\/uploads\/elementor\/thumbs\/Stabilisateur-240-Sroka-pt1xp8xijit3u3cwt1nxy3v1qlfsxvdwyfrsbjs1xc.jpg\" title=\"Stabilisateur 240 Sroka\" alt=\"Stabilisateur 240 Sroka\" loading=\"lazy\" \/>\t\t\t\t\t\t\t\t\t\t\t\t\t<\/p>\n<h4>Stabilizer 180<\/h4>\n<p style=\"text-align: justify;\">The 180 stabilizer makes no concessions. The speed and glide are crazy, nothing holds the foil back. Whether it&#8217;s wingfoil, surf foil in the big game and even kite foil and windfoil, its profile offers a very high VMax and superb accelerations, where even the 240 would reach saturation.&nbsp;<\/p>\n<p style=\"text-align: justify;\">Its very high aspect ratio allows it to retain its impressive pumping capabilities despite its small surface area. With the same wingspan as the 240 stabilizer, it remains very manoeuvrable and lively in even the tightest curves. It is intended for the most determined of riders who want maximum speed and performance for their foil and reveals all its character at high speed.&nbsp;<\/p>\n<p>Ideal with:&nbsp;<\/p>\n<p>&#8211; HA 1190 S, HA 1190 L, HA 950 S&nbsp;<\/p>\n<p>\t\t\t\t\t\t\t\t\t\t\t\t\t<img decoding=\"async\" src=\"https:\/\/srokacompany.com\/wp-content\/uploads\/elementor\/thumbs\/Stabilisateur-180-Sroka-pt1xpowrrpezbgpp7qklmhtvu591kq5comv1h94czk.jpg\" title=\"Stabilisateur 180 Sroka\" alt=\"Stabilisateur 180 Sroka\" loading=\"lazy\" \/>\t\t\t\t\t\t\t\t\t\t\t\t\t<\/p>\n<h3>Construction &amp; Dimensions<\/h3>\n<p style=\"text-align: justify;\">All of our stabilizers are constructed of the finest pre-preg 3K carbon. The carbon is coated with a protective varnish that durably increases the life of your fins and maximizes glide. The 300 and 240 stabilizers have an ultra-dense Airex foam core, to save maximum weight while maintaining perfect rigidity. The machining provides impeccable interlocks between the fuselage and the carbon part. The result is an impeccable hydrodynamic profile, excellent rigidity with M8 screws and high-end finishes.  <\/p>\n<p>\t\t\t\t\t\t\t\t\t\t\t\t\t<img loading=\"lazy\" decoding=\"async\" width=\"800\" height=\"414\" src=\"https:\/\/srokacompany.com\/wp-content\/uploads\/2022\/08\/Dimensions-des-stabilisateurs-Sroka-1024x530.jpg\" alt=\"\" srcset=\"https:\/\/srokacompany.com\/wp-content\/uploads\/2022\/08\/Dimensions-des-stabilisateurs-Sroka-1024x530.jpg 1024w, https:\/\/srokacompany.com\/wp-content\/uploads\/2022\/08\/Dimensions-des-stabilisateurs-Sroka-300x155.jpg 300w, https:\/\/srokacompany.com\/wp-content\/uploads\/2022\/08\/Dimensions-des-stabilisateurs-Sroka-768x397.jpg 768w, https:\/\/srokacompany.com\/wp-content\/uploads\/2022\/08\/Dimensions-des-stabilisateurs-Sroka-600x310.jpg 600w, https:\/\/srokacompany.com\/wp-content\/uploads\/2022\/08\/Dimensions-des-stabilisateurs-Sroka.jpg 1440w\" sizes=\"auto, (max-width: 800px) 100vw, 800px\" \/><br \/>\n\t\t<iframe loading=\"lazy\" title=\"Comment rendre son foil plus maniable?\" width=\"500\" height=\"281\" src=\"https:\/\/www.youtube.com\/embed\/mBU6-pYUAc0?feature=oembed\" frameborder=\"0\" allow=\"accelerometer; autoplay; clipboard-write; encrypted-media; gyroscope; picture-in-picture; web-share\" referrerpolicy=\"strict-origin-when-cross-origin\" allowfullscreen><\/iframe><br \/>\n\t\t\t\t\t\t\t<img loading=\"lazy\" decoding=\"async\" width=\"1916\" height=\"1080\" src=\"https:\/\/srokacompany.com\/wp-content\/uploads\/2021\/07\/Pagaie-SUP-orange.jpg\" alt=\"Pagaie carbone sroka\" \/><br \/>\n\t\t\t\t\t\t\t\t<a href=\"https:\/\/srokacompany.com\/2024\/04\/les-differences-entre-une-pagaie-de-paddle-en-carbone-vs-aluminium\/\" target=\"_blank\" aria-hidden=\"true\" rel=\"noopener\">Les diff\u00e9rences entre une pagaie de paddle en carbone vs aluminium<\/a><\/p>\n<h2>\n\t\t\t<a href=\"https:\/\/srokacompany.com\/2024\/04\/les-differences-entre-une-pagaie-de-paddle-en-carbone-vs-aluminium\/\" target=\"_blank\" rel=\"noopener\"><br \/>\n\t\t\t\tLes diff\u00e9rences entre une pagaie de paddle en carbone vs aluminium\t\t\t<\/a><br \/>\n\t\t<\/h2>\n<p>En g\u00e9n\u00e9ral, nous pouvons \u00e9tablir un parall\u00e8le entre le paddle et la \u2026<\/p>\n<p>\t\t\t\t\t\t\t<img loading=\"lazy\" decoding=\"async\" width=\"2560\" height=\"1707\" src=\"https:\/\/srokacompany.com\/wp-content\/uploads\/2024\/03\/easy-126-bis-scaled.jpg\" alt=\"paddle au meilleur rapport qualit\u00e9 prix\" \/><br \/>\n\t\t\t\t\t\t\t\t<a href=\"https:\/\/srokacompany.com\/2024\/04\/les-meilleurs-spots-de-stand-up-paddle-en-france\/\" target=\"_blank\" aria-hidden=\"true\" rel=\"noopener\">Les meilleurs spots de stand up paddle en France<\/a><\/p>\n<h2>\n\t\t\t<a href=\"https:\/\/srokacompany.com\/2024\/04\/les-meilleurs-spots-de-stand-up-paddle-en-france\/\" target=\"_blank\" rel=\"noopener\"><br \/>\n\t\t\t\tLes meilleurs spots de stand up paddle en France\t\t\t<\/a><br \/>\n\t\t<\/h2>\n<p>Depuis maintenant plus de 10 ans, le stand up paddle gonflable\u00a0ne cesse \u2026<\/p>\n<p>\t\t\t\t\t\t\t<img loading=\"lazy\" decoding=\"async\" width=\"1479\" height=\"1062\" src=\"https:\/\/srokacompany.com\/wp-content\/uploads\/2021\/09\/padle-girly-van.jpg\" alt=\"Les avantages du paddle gonflable pour voyager\" \/><br \/>\n\t\t\t\t\t\t\t\t<a href=\"https:\/\/srokacompany.com\/2024\/04\/comparatif-paddle-gonflable\/\" target=\"_blank\" aria-hidden=\"true\" rel=\"noopener\">S\u00e9lection de paddles gonflables : notre comparatif 2024<\/a><\/p>\n<h2>\n\t\t\t<a href=\"https:\/\/srokacompany.com\/2024\/04\/comparatif-paddle-gonflable\/\" target=\"_blank\" rel=\"noopener\"><br \/>\n\t\t\t\tS\u00e9lection de paddles gonflables : notre comparatif 2024\t\t\t<\/a><br \/>\n\t\t<\/h2>\n<p>Vous \u00eates \u00e0 la recherche d\u2019un paddle gonflable pour l\u2019\u00e9t\u00e9 pour naviguer \u2026<\/p>\n<p>\t\t\t\t\t\t\t<img loading=\"lazy\" decoding=\"async\" width=\"1980\" height=\"1112\" src=\"https:\/\/srokacompany.com\/wp-content\/uploads\/2019\/07\/Paddle-gonflable-Alpha-14x27x6-li\u0302le-vierge-bruno-SROKA.jpg\" alt=\"SUP gonflable Alpha 14x27x6\" \/><br \/>\n\t\t\t\t\t\t\t\t<a href=\"https:\/\/srokacompany.com\/2024\/04\/quel-est-le-meilleur-paddle\/\" target=\"_blank\" aria-hidden=\"true\" rel=\"noopener\">Quel est le meilleur paddle ?<\/a><\/p>\n<h2>\n\t\t\t<a href=\"https:\/\/srokacompany.com\/2024\/04\/quel-est-le-meilleur-paddle\/\" target=\"_blank\" rel=\"noopener\"><br \/>\n\t\t\t\tQuel est le meilleur paddle ?\t\t\t<\/a><br \/>\n\t\t<\/h2>\n<p>Le paddle, nul besoin de le pr\u00e9senter, c\u2019est un sport nautique qui \u2026<\/p>\n<hr>\n<h2>S-Foil Sroka Stabilizers<\/h2>\n<p>Our range of S-Foil Sroka stabilizers allows you to rediscover your foil. From expert to beginner, wingfoiler to surfer, all foil sports and levels have been taken into account in the development of this range. Our stabilizers offer magical gliding sensations and allow you to reveal the full potential of your S-Foil. Perfectly compatible with all fuselages, they are interchangeable to allow you to fully customize your S-Foil. Find out more about the 300, HA 240 and HA 180 stabilizers.<\/p>\n","protected":false},"excerpt":{"rendered":"<p>How to choose your foil stabilizer? Stabilizer 300 The standard stabilizer for the S-Foil Sroka. It allows you to practice wingfoil, surf foil, SUP foil and wake foil. It&#8217;s the ideal stabilizer to do everything without worrying about it. Very soft at take-off, it is totally forgotten under the feet once in flight with its [&hellip;]<\/p>\n","protected":false},"featured_media":100518,"template":"","meta":{"_acf_changed":false,"_uag_custom_page_level_css":""},"product_brand":[],"product_cat":[2260,2176,2175],"product_tag":[],"class_list":{"0":"post-102664","1":"product","2":"type-product","3":"status-publish","4":"has-post-thumbnail","6":"product_cat-dockstart-pumping-en","7":"product_cat-wing-foil-en","8":"product_cat-foil-accessories","9":"product_shipping_class-small-shipping-en-2","11":"first","12":"instock","13":"taxable","14":"shipping-taxable","15":"purchasable","16":"product-type-variable","17":"has-default-attributes"},"acf":[],"yoast_head":"<!-- This site is optimized with the Yoast SEO plugin v25.1 - https:\/\/yoast.com\/wordpress\/plugins\/seo\/ -->\n<title>S-Foil Sroka Stabilizers - SROKA Company<\/title>\n<meta name=\"description\" content=\"The full range of Sroka stabilizers compatible with the S-Foil. From beginner to expert, foil performance at the best price.\" \/>\n<meta name=\"robots\" content=\"noindex, follow, max-snippet:-1, max-image-preview:large, max-video-preview:-1\" \/>\n<meta property=\"og:locale\" content=\"en_US\" \/>\n<meta property=\"og:type\" content=\"article\" \/>\n<meta property=\"og:title\" content=\"S-Foil Sroka Stabilizers - SROKA Company\" \/>\n<meta property=\"og:description\" content=\"The full range of Sroka stabilizers compatible with the S-Foil. From beginner to expert, foil performance at the best price.\" \/>\n<meta property=\"og:url\" content=\"https:\/\/staging.srokafinal.lets-preprod.com\/en\/produit\/s-foil-sroka-stabilizers\/\" \/>\n<meta property=\"og:site_name\" content=\"SROKA Company\" \/>\n<meta property=\"article:publisher\" content=\"https:\/\/www.facebook.com\/srokawatersports\/\" \/>\n<meta property=\"article:modified_time\" content=\"2024-04-19T13:33:47+00:00\" \/>\n<meta property=\"og:image\" content=\"https:\/\/staging.srokafinal.lets-preprod.com\/wp-content\/uploads\/2024\/01\/stabilisateur.jpg\" \/>\n\t<meta property=\"og:image:width\" content=\"740\" \/>\n\t<meta property=\"og:image:height\" content=\"1080\" \/>\n\t<meta property=\"og:image:type\" content=\"image\/jpeg\" \/>\n<meta name=\"twitter:label1\" content=\"Est. reading time\" \/>\n\t<meta name=\"twitter:data1\" content=\"3 minutes\" \/>\n<script type=\"application\/ld+json\" class=\"yoast-schema-graph\">{\"@context\":\"https:\/\/schema.org\",\"@graph\":[{\"@type\":\"WebPage\",\"@id\":\"https:\/\/staging.srokafinal.lets-preprod.com\/en\/produit\/s-foil-sroka-stabilizers\/\",\"url\":\"https:\/\/staging.srokafinal.lets-preprod.com\/en\/produit\/s-foil-sroka-stabilizers\/\",\"name\":\"S-Foil Sroka Stabilizers - SROKA Company\",\"isPartOf\":{\"@id\":\"https:\/\/staging.srokafinal.lets-preprod.com\/en\/#website\"},\"primaryImageOfPage\":{\"@id\":\"https:\/\/staging.srokafinal.lets-preprod.com\/en\/produit\/s-foil-sroka-stabilizers\/#primaryimage\"},\"image\":{\"@id\":\"https:\/\/staging.srokafinal.lets-preprod.com\/en\/produit\/s-foil-sroka-stabilizers\/#primaryimage\"},\"thumbnailUrl\":\"https:\/\/staging.srokafinal.lets-preprod.com\/wp-content\/uploads\/2024\/01\/stabilisateur.jpg\",\"datePublished\":\"2022-08-10T11:18:34+00:00\",\"dateModified\":\"2024-04-19T13:33:47+00:00\",\"description\":\"The full range of Sroka stabilizers compatible with the S-Foil. From beginner to expert, foil performance at the best price.\",\"breadcrumb\":{\"@id\":\"https:\/\/staging.srokafinal.lets-preprod.com\/en\/produit\/s-foil-sroka-stabilizers\/#breadcrumb\"},\"inLanguage\":\"en-US\",\"potentialAction\":[{\"@type\":\"ReadAction\",\"target\":[\"https:\/\/staging.srokafinal.lets-preprod.com\/en\/produit\/s-foil-sroka-stabilizers\/\"]}]},{\"@type\":\"ImageObject\",\"inLanguage\":\"en-US\",\"@id\":\"https:\/\/staging.srokafinal.lets-preprod.com\/en\/produit\/s-foil-sroka-stabilizers\/#primaryimage\",\"url\":\"https:\/\/staging.srokafinal.lets-preprod.com\/wp-content\/uploads\/2024\/01\/stabilisateur.jpg\",\"contentUrl\":\"https:\/\/staging.srokafinal.lets-preprod.com\/wp-content\/uploads\/2024\/01\/stabilisateur.jpg\",\"width\":740,\"height\":1080},{\"@type\":\"BreadcrumbList\",\"@id\":\"https:\/\/staging.srokafinal.lets-preprod.com\/en\/produit\/s-foil-sroka-stabilizers\/#breadcrumb\",\"itemListElement\":[{\"@type\":\"ListItem\",\"position\":1,\"name\":\"Accueil\",\"item\":\"https:\/\/staging.srokafinal.lets-preprod.com\/en\/\"},{\"@type\":\"ListItem\",\"position\":2,\"name\":\"Boutique\",\"item\":\"https:\/\/staging.srokafinal.lets-preprod.com\/boutique\/\"},{\"@type\":\"ListItem\",\"position\":3,\"name\":\"S-Foil Sroka Stabilizers\"}]},{\"@type\":\"WebSite\",\"@id\":\"https:\/\/staging.srokafinal.lets-preprod.com\/en\/#website\",\"url\":\"https:\/\/staging.srokafinal.lets-preprod.com\/en\/\",\"name\":\"SROKA Company\",\"description\":\"SUP, Kite, Foil, Wing\",\"publisher\":{\"@id\":\"https:\/\/staging.srokafinal.lets-preprod.com\/en\/#organization\"},\"potentialAction\":[{\"@type\":\"SearchAction\",\"target\":{\"@type\":\"EntryPoint\",\"urlTemplate\":\"https:\/\/staging.srokafinal.lets-preprod.com\/en\/?s={search_term_string}\"},\"query-input\":{\"@type\":\"PropertyValueSpecification\",\"valueRequired\":true,\"valueName\":\"search_term_string\"}}],\"inLanguage\":\"en-US\"},{\"@type\":\"Organization\",\"@id\":\"https:\/\/staging.srokafinal.lets-preprod.com\/en\/#organization\",\"name\":\"SROKACOMPANY\",\"alternateName\":\"SROKA\",\"url\":\"https:\/\/staging.srokafinal.lets-preprod.com\/en\/\",\"logo\":{\"@type\":\"ImageObject\",\"inLanguage\":\"en-US\",\"@id\":\"https:\/\/staging.srokafinal.lets-preprod.com\/en\/#\/schema\/logo\/image\/\",\"url\":\"https:\/\/staging.srokafinal.lets-preprod.com\/wp-content\/uploads\/2021\/01\/logo-sroka-black-transpa.png\",\"contentUrl\":\"https:\/\/staging.srokafinal.lets-preprod.com\/wp-content\/uploads\/2021\/01\/logo-sroka-black-transpa.png\",\"width\":1201,\"height\":342,\"caption\":\"SROKACOMPANY\"},\"image\":{\"@id\":\"https:\/\/staging.srokafinal.lets-preprod.com\/en\/#\/schema\/logo\/image\/\"},\"sameAs\":[\"https:\/\/www.facebook.com\/srokawatersports\/\",\"https:\/\/www.instagram.com\/srokawatersports\/\",\"https:\/\/www.youtube.com\/channel\/UCVLHHeaPIm-J5bdEUgxqtZA\"]}]}<\/script>\n<!-- \/ Yoast SEO plugin. -->","yoast_head_json":{"title":"S-Foil Sroka Stabilizers - SROKA Company","description":"The full range of Sroka stabilizers compatible with the S-Foil. From beginner to expert, foil performance at the best price.","robots":{"index":"noindex","follow":"follow","max-snippet":"max-snippet:-1","max-image-preview":"max-image-preview:large","max-video-preview":"max-video-preview:-1"},"og_locale":"en_US","og_type":"article","og_title":"S-Foil Sroka Stabilizers - SROKA Company","og_description":"The full range of Sroka stabilizers compatible with the S-Foil. From beginner to expert, foil performance at the best price.","og_url":"https:\/\/staging.srokafinal.lets-preprod.com\/en\/produit\/s-foil-sroka-stabilizers\/","og_site_name":"SROKA Company","article_publisher":"https:\/\/www.facebook.com\/srokawatersports\/","article_modified_time":"2024-04-19T13:33:47+00:00","og_image":[{"width":740,"height":1080,"url":"https:\/\/staging.srokafinal.lets-preprod.com\/wp-content\/uploads\/2024\/01\/stabilisateur.jpg","type":"image\/jpeg"}],"twitter_misc":{"Est. reading time":"3 minutes"},"schema":{"@context":"https:\/\/schema.org","@graph":[{"@type":"WebPage","@id":"https:\/\/staging.srokafinal.lets-preprod.com\/en\/produit\/s-foil-sroka-stabilizers\/","url":"https:\/\/staging.srokafinal.lets-preprod.com\/en\/produit\/s-foil-sroka-stabilizers\/","name":"S-Foil Sroka Stabilizers - SROKA Company","isPartOf":{"@id":"https:\/\/staging.srokafinal.lets-preprod.com\/en\/#website"},"primaryImageOfPage":{"@id":"https:\/\/staging.srokafinal.lets-preprod.com\/en\/produit\/s-foil-sroka-stabilizers\/#primaryimage"},"image":{"@id":"https:\/\/staging.srokafinal.lets-preprod.com\/en\/produit\/s-foil-sroka-stabilizers\/#primaryimage"},"thumbnailUrl":"https:\/\/staging.srokafinal.lets-preprod.com\/wp-content\/uploads\/2024\/01\/stabilisateur.jpg","datePublished":"2022-08-10T11:18:34+00:00","dateModified":"2024-04-19T13:33:47+00:00","description":"The full range of Sroka stabilizers compatible with the S-Foil. From beginner to expert, foil performance at the best price.","breadcrumb":{"@id":"https:\/\/staging.srokafinal.lets-preprod.com\/en\/produit\/s-foil-sroka-stabilizers\/#breadcrumb"},"inLanguage":"en-US","potentialAction":[{"@type":"ReadAction","target":["https:\/\/staging.srokafinal.lets-preprod.com\/en\/produit\/s-foil-sroka-stabilizers\/"]}]},{"@type":"ImageObject","inLanguage":"en-US","@id":"https:\/\/staging.srokafinal.lets-preprod.com\/en\/produit\/s-foil-sroka-stabilizers\/#primaryimage","url":"https:\/\/staging.srokafinal.lets-preprod.com\/wp-content\/uploads\/2024\/01\/stabilisateur.jpg","contentUrl":"https:\/\/staging.srokafinal.lets-preprod.com\/wp-content\/uploads\/2024\/01\/stabilisateur.jpg","width":740,"height":1080},{"@type":"BreadcrumbList","@id":"https:\/\/staging.srokafinal.lets-preprod.com\/en\/produit\/s-foil-sroka-stabilizers\/#breadcrumb","itemListElement":[{"@type":"ListItem","position":1,"name":"Accueil","item":"https:\/\/staging.srokafinal.lets-preprod.com\/en\/"},{"@type":"ListItem","position":2,"name":"Boutique","item":"https:\/\/staging.srokafinal.lets-preprod.com\/boutique\/"},{"@type":"ListItem","position":3,"name":"S-Foil Sroka Stabilizers"}]},{"@type":"WebSite","@id":"https:\/\/staging.srokafinal.lets-preprod.com\/en\/#website","url":"https:\/\/staging.srokafinal.lets-preprod.com\/en\/","name":"SROKA Company","description":"SUP, Kite, Foil, Wing","publisher":{"@id":"https:\/\/staging.srokafinal.lets-preprod.com\/en\/#organization"},"potentialAction":[{"@type":"SearchAction","target":{"@type":"EntryPoint","urlTemplate":"https:\/\/staging.srokafinal.lets-preprod.com\/en\/?s={search_term_string}"},"query-input":{"@type":"PropertyValueSpecification","valueRequired":true,"valueName":"search_term_string"}}],"inLanguage":"en-US"},{"@type":"Organization","@id":"https:\/\/staging.srokafinal.lets-preprod.com\/en\/#organization","name":"SROKACOMPANY","alternateName":"SROKA","url":"https:\/\/staging.srokafinal.lets-preprod.com\/en\/","logo":{"@type":"ImageObject","inLanguage":"en-US","@id":"https:\/\/staging.srokafinal.lets-preprod.com\/en\/#\/schema\/logo\/image\/","url":"https:\/\/staging.srokafinal.lets-preprod.com\/wp-content\/uploads\/2021\/01\/logo-sroka-black-transpa.png","contentUrl":"https:\/\/staging.srokafinal.lets-preprod.com\/wp-content\/uploads\/2021\/01\/logo-sroka-black-transpa.png","width":1201,"height":342,"caption":"SROKACOMPANY"},"image":{"@id":"https:\/\/staging.srokafinal.lets-preprod.com\/en\/#\/schema\/logo\/image\/"},"sameAs":["https:\/\/www.facebook.com\/srokawatersports\/","https:\/\/www.instagram.com\/srokawatersports\/","https:\/\/www.youtube.com\/channel\/UCVLHHeaPIm-J5bdEUgxqtZA"]}]}},"uagb_featured_image_src":{"full":["https:\/\/staging.srokafinal.lets-preprod.com\/wp-content\/uploads\/2024\/01\/stabilisateur.jpg",740,1080,false],"thumbnail":["https:\/\/staging.srokafinal.lets-preprod.com\/wp-content\/uploads\/2024\/01\/stabilisateur-150x150.jpg",150,150,true],"medium":["https:\/\/staging.srokafinal.lets-preprod.com\/wp-content\/uploads\/2024\/01\/stabilisateur-206x300.jpg",206,300,true],"medium_large":["https:\/\/staging.srokafinal.lets-preprod.com\/wp-content\/uploads\/2024\/01\/stabilisateur.jpg",740,1080,false],"large":["https:\/\/staging.srokafinal.lets-preprod.com\/wp-content\/uploads\/2024\/01\/stabilisateur-702x1024.jpg",702,1024,true],"1536x1536":["https:\/\/staging.srokafinal.lets-preprod.com\/wp-content\/uploads\/2024\/01\/stabilisateur.jpg",740,1080,false],"2048x2048":["https:\/\/staging.srokafinal.lets-preprod.com\/wp-content\/uploads\/2024\/01\/stabilisateur.jpg",740,1080,false],"woocommerce_thumbnail":["https:\/\/staging.srokafinal.lets-preprod.com\/wp-content\/uploads\/2024\/01\/stabilisateur-600x876.jpg",600,876,true],"woocommerce_single":["https:\/\/staging.srokafinal.lets-preprod.com\/wp-content\/uploads\/2024\/01\/stabilisateur-600x876.jpg",600,876,true],"woocommerce_gallery_thumbnail":["https:\/\/staging.srokafinal.lets-preprod.com\/wp-content\/uploads\/2024\/01\/stabilisateur-100x100.jpg",100,100,true]},"uagb_author_info":{"display_name":"Tristan Dumard","author_link":"https:\/\/staging.srokafinal.lets-preprod.com\/en\/blog\/author\/"},"uagb_comment_info":0,"uagb_excerpt":"How to choose your foil stabilizer? Stabilizer 300 The standard stabilizer for the S-Foil Sroka. It allows you to practice wingfoil, surf foil, SUP foil and wake foil. It&#8217;s the ideal stabilizer to do everything without worrying about it. Very soft at take-off, it is totally forgotten under the feet once in flight with its&hellip;","_links":{"self":[{"href":"https:\/\/staging.srokafinal.lets-preprod.com\/en\/wp-json\/wp\/v2\/product\/102664","targetHints":{"allow":["GET"]}}],"collection":[{"href":"https:\/\/staging.srokafinal.lets-preprod.com\/en\/wp-json\/wp\/v2\/product"}],"about":[{"href":"https:\/\/staging.srokafinal.lets-preprod.com\/en\/wp-json\/wp\/v2\/types\/product"}],"wp:featuredmedia":[{"embeddable":true,"href":"https:\/\/staging.srokafinal.lets-preprod.com\/en\/wp-json\/wp\/v2\/media\/100518"}],"wp:attachment":[{"href":"https:\/\/staging.srokafinal.lets-preprod.com\/en\/wp-json\/wp\/v2\/media?parent=102664"}],"wp:term":[{"taxonomy":"product_brand","embeddable":true,"href":"https:\/\/staging.srokafinal.lets-preprod.com\/en\/wp-json\/wp\/v2\/product_brand?post=102664"},{"taxonomy":"product_cat","embeddable":true,"href":"https:\/\/staging.srokafinal.lets-preprod.com\/en\/wp-json\/wp\/v2\/product_cat?post=102664"},{"taxonomy":"product_tag","embeddable":true,"href":"https:\/\/staging.srokafinal.lets-preprod.com\/en\/wp-json\/wp\/v2\/product_tag?post=102664"}],"curies":[{"name":"wp","href":"https:\/\/api.w.org\/{rel}","templated":true}]}}