


{"id":104457,"date":"2017-09-13T12:23:40","date_gmt":"2017-09-13T12:23:40","guid":{"rendered":"https:\/\/srokacompany.com\/sobre-nosotros\/"},"modified":"2024-09-04T15:41:11","modified_gmt":"2024-09-04T15:41:11","slug":"sobre-nosotros","status":"publish","type":"page","link":"https:\/\/staging.srokafinal.lets-preprod.com\/es\/sobre-nosotros\/","title":{"rendered":"SOBRE NOSOTROS"},"content":{"rendered":"<h1><b>PONTE EN CONTACTO CON NOSOTROS<\/b><\/h1>\n<p>Inspirados en la naturaleza, volamos, surfeamos, remamos con nuestros productos desarrollados en la costa bretona. SUP hinchables, WingFoil, Surf Foil y Kite, nuestros equipos est\u00e1n pensados para ti: equipos de alta gama, de alto rendimiento y perdurables en el tiempo.<\/p>\n<p>\t\t\t\t\t\t\t\t\t\t\t\t\t<img loading=\"lazy\" decoding=\"async\" width=\"800\" height=\"450\" src=\"https:\/\/srokacompany.com\/wp-content\/uploads\/2023\/05\/Sroka-Company-wingfoil-et-SUP-1-1024x576.jpg\" alt=\"Wingfoil Bretagne\" srcset=\"https:\/\/srokacompany.com\/wp-content\/uploads\/2023\/05\/Sroka-Company-wingfoil-et-SUP-1-1024x576.jpg 1024w, https:\/\/srokacompany.com\/wp-content\/uploads\/2023\/05\/Sroka-Company-wingfoil-et-SUP-1-300x169.jpg 300w, https:\/\/srokacompany.com\/wp-content\/uploads\/2023\/05\/Sroka-Company-wingfoil-et-SUP-1-768x432.jpg 768w, https:\/\/srokacompany.com\/wp-content\/uploads\/2023\/05\/Sroka-Company-wingfoil-et-SUP-1-96x54.jpg 96w, https:\/\/srokacompany.com\/wp-content\/uploads\/2023\/05\/Sroka-Company-wingfoil-et-SUP-1-42x24.jpg 42w, https:\/\/srokacompany.com\/wp-content\/uploads\/2023\/05\/Sroka-Company-wingfoil-et-SUP-1-1536x864.jpg 1536w, https:\/\/srokacompany.com\/wp-content\/uploads\/2023\/05\/Sroka-Company-wingfoil-et-SUP-1-scaled.jpg 2048w, https:\/\/srokacompany.com\/wp-content\/uploads\/2023\/05\/Sroka-Company-wingfoil-et-SUP-1-600x337.jpg 600w\" sizes=\"auto, (max-width: 800px) 100vw, 800px\" \/>\t\t\t\t\t\t\t\t\t\t\t\t\t<\/p>\n<p align=\"center\">Nacido de nuestra pasi\u00f3n por los deportes acu\u00e1ticos, <strong>Bruno SROKA<\/strong> es profesor de educaci\u00f3n f\u00edsica de formaci\u00f3n y siempre ha sido un apasionado de los deportes de tabla.<b>  Fue 3 veces campe\u00f3n mundial, europeo y franc\u00e9s de kitesurf.<br \/>\nTambi\u00e9n fue el primer y \u00fanico hombre que cruz\u00f3 el Cabo de Hornos en kitesurf.<br \/>\nTambi\u00e9n ostenta el r\u00e9cord de la traves\u00eda Breta\u00f1a\/Inglaterra en cometa y Breta\u00f1a Irlanda con una traves\u00eda \u00e9pica de 16h40 entre Aber wrach y Cork en Irlanda.    <\/b>Al final de su carrera deportiva, cre\u00f3 la marca Sroka Company, que es ante todo una misi\u00f3n: hacer que el rendimiento sea accesible para todos. \u00a1Accesible pero no menos potente! Cada d\u00eda damos lo mejor de nosotros mismos para ofrecerte productos de alto rendimiento y durabilidad que permitan a todo el mundo explorar las sensaciones excepcionales que ofrecen estos deportes.<\/p>\n<p>\t\t\t\t\t\t\t\t\t\t\t\t\t<img loading=\"lazy\" decoding=\"async\" width=\"683\" height=\"1024\" src=\"https:\/\/srokacompany.com\/wp-content\/uploads\/2024\/09\/hoalen-sroka-683x1024.jpg\" alt=\"\" srcset=\"https:\/\/srokacompany.com\/wp-content\/uploads\/2024\/09\/hoalen-sroka-683x1024.jpg 683w, https:\/\/srokacompany.com\/wp-content\/uploads\/2024\/09\/hoalen-sroka-200x300.jpg 200w, https:\/\/srokacompany.com\/wp-content\/uploads\/2024\/09\/hoalen-sroka-768x1152.jpg 768w, https:\/\/srokacompany.com\/wp-content\/uploads\/2024\/09\/hoalen-sroka-1024x1536.jpg 1024w, https:\/\/srokacompany.com\/wp-content\/uploads\/2024\/09\/hoalen-sroka-600x900.jpg 600w, https:\/\/srokacompany.com\/wp-content\/uploads\/2024\/09\/hoalen-sroka.jpg 1200w\" sizes=\"auto, (max-width: 683px) 100vw, 683px\" \/>\t\t\t\t\t\t\t\t\t\t\t\t\t<\/p>\n<h2>NUESTRA HISTORIA<\/h2>\n<p>SROKA Company es la aventura de un hombre que ha hecho del esqu\u00ed su raz\u00f3n de ser. Bruno Sroka, tres veces campe\u00f3n del mundo de kitesurf, siempre ha buscado el rendimiento y la calidad. Ha trabajado como tester para grandes marcas del sector, aportando su know-how y visi\u00f3n. Pero ten\u00eda un sue\u00f1o: crear su propia marca, para ofrecer a todos los entusiastas de los deportes de tabla los mejores productos posibles, a precios asequibles. As\u00ed naci\u00f3 SROKA Company en 2013, fruto de su experiencia y pasi\u00f3n.<\/p>\n<p>Desde entonces, todo el equipo de Sroka ha estado avanzando con una pasi\u00f3n com\u00fan por los deportes de tabla. Una pasi\u00f3n que siempre nos ha impulsado y que nos empuja a compartir nuestra visi\u00f3n contigo.  <\/p>\n<p>\u00a1Bienvenidos a nuestro mundo!<\/p>\n<p>\t\t\t\t\t\t\t\t\t\t\t\t\t<img decoding=\"async\" src=\"https:\/\/srokacompany.com\/wp-content\/uploads\/2023\/03\/Wing-foil-downwind-scaled.jpg\" title=\"\" alt=\"comment faire du downwind en wing et surf foil\" loading=\"lazy\" \/>\t\t\t\t\t\t\t\t\t\t\t\t\t<\/p>\n<h2>NUESTRA AMBICI\u00d3N<\/h2>\n<p>Dise\u00f1amos productos de alto rendimiento y escalables que te permiten disfrutar al m\u00e1ximo de tu pasi\u00f3n, sea cual sea tu nivel. Para ello, le situamos en el centro de nuestro enfoque. Observamos sus necesidades, sus deseos, sus sue\u00f1os. Imaginamos las pr\u00e1cticas del ma\u00f1ana y dise\u00f1amos nuestros productos con la idea de facilitar la pr\u00e1ctica, la accesibilidad, el placer y el progreso de cada piloto.  <\/p>\n<p>Nuestros productos est\u00e1n dise\u00f1ados para acompa\u00f1arte en tu progreso y hacerte experimentar sensaciones \u00fanicas. Todos los d\u00edas, dedicamos todo nuestro tiempo y conocimientos a nuestros productos.<\/p>\n<h2>\n\t\t\t\t\tNUESTROS VALORES:<br \/>\n\t\t\t\tRendimiento&nbsp;Calidad&nbsp;Sostenibilidad&nbsp;Respeto&nbsp;al&nbsp;medio&nbsp;ambiente<br \/>\n\t\t\t\t<\/h2>\n<ul>\n<li><b>Rendimiento<\/b>  : Todos nuestros productos est\u00e1n construidos con una l\u00f3gica de rendimiento. Queremos permitir que los principiantes y los foilers experimentados progresen r\u00e1pidamente y aprovechen al m\u00e1ximo su sesi\u00f3n. Nuestros productos son adecuados para todo tipo de condiciones y pr\u00e1cticas: velocidad, maniobrabilidad, estabilidad, versatilidad. Ya sea que est\u00e9 buscando emociones fuertes o relajaci\u00f3n, encontrar\u00e1 el producto adecuado para usted con nosotros.<\/li>\n<\/ul>\n<ul>\n<li><b>Calidad: Dise\u00f1amos<\/b> productos de alta gama, que cumplen con las m\u00e1s altas exigencias. Para ello, seleccionamos los mejores materiales, las mejores tecnolog\u00edas y los mejores dise\u00f1os para ofrecerte productos s\u00f3lidos y fiables. Controlamos rigurosamente cada paso del proceso de fabricaci\u00f3n, desde el dise\u00f1o hasta la entrega, para garantizarle un excelente equipo.<\/li>\n<\/ul>\n<ul>\n<li><b>Sostenibilidad<\/b> : Porque sabemos que este deporte es exigente con el material, dise\u00f1amos productos con la m\u00e1xima durabilidad. Los materiales que utilizamos son resistentes al desgaste, al impacto y a la corrosi\u00f3n. Reforzamos las zonas sensibles y optimizamos el peso y la rigidez de los productos.  <\/li>\n<\/ul>\n<ul>\n<li><b>Respeto por el medio ambiente <\/b>: Preocupados por nuestro impacto ambiental, tenemos como directriz dise\u00f1ar productos con una huella ecol\u00f3gica m\u00ednima. El objetivo es minimizar el uso de nuevos recursos y as\u00ed ayudar a preservar nuestro planeta.<\/li>\n<\/ul>\n<p>\t\t\t\t\t\t\t\t\t\t\t\t\t<img loading=\"lazy\" decoding=\"async\" width=\"800\" height=\"341\" src=\"https:\/\/srokacompany.com\/wp-content\/uploads\/2021\/01\/Girly-Sroka-2-1024x437.jpg\" alt=\"Stand up Paddle femme Sroka\" srcset=\"https:\/\/srokacompany.com\/wp-content\/uploads\/2021\/01\/Girly-Sroka-2-1024x437.jpg 1024w, https:\/\/srokacompany.com\/wp-content\/uploads\/2021\/01\/Girly-Sroka-2-600x256.jpg 600w, https:\/\/srokacompany.com\/wp-content\/uploads\/2021\/01\/Girly-Sroka-2-300x128.jpg 300w, https:\/\/srokacompany.com\/wp-content\/uploads\/2021\/01\/Girly-Sroka-2-768x328.jpg 768w, https:\/\/srokacompany.com\/wp-content\/uploads\/2021\/01\/Girly-Sroka-2-1536x656.jpg 1536w, https:\/\/srokacompany.com\/wp-content\/uploads\/2021\/01\/Girly-Sroka-2.jpg 1920w\" sizes=\"auto, (max-width: 800px) 100vw, 800px\" \/>\t\t\t\t\t\t\t\t\t\t\t\t\t<\/p>\n<h2>EMPRESA BRETON  <\/h2>\n<p>Estamos ubicados en la costa bretona, donde dise\u00f1amos, desarrollamos y probamos nuestros productos de tablas. Para nosotros, es esencial trabajar con socios locales, que comparten nuestra pasi\u00f3n y nuestra exigencia de calidad. Estamos orgullosos de representar los colores y valores de nuestra regi\u00f3n, que nos inspiran cada d\u00eda. En Sroka Company, todos nuestros equipos de wing foil, wake foil, surf foil y stand up paddle inflables est\u00e1n dise\u00f1ados con cari\u00f1o en Breta\u00f1a y estamos orgullosos de ello.<\/p>\n<h2><b>BRUNO SROKA: La pasi\u00f3n de toda una vida  <\/b><\/h2>\n<p>\t\t\t\t\t\t\t\t\t\t\t\t\t<img loading=\"lazy\" decoding=\"async\" width=\"2048\" height=\"1152\" src=\"https:\/\/srokacompany.com\/wp-content\/uploads\/2023\/05\/Bruno-Sroka-wingfoil-scaled.jpg\" alt=\"Bruno Sroka, Sroka Company wingfoil\" srcset=\"https:\/\/srokacompany.com\/wp-content\/uploads\/2023\/05\/Bruno-Sroka-wingfoil-scaled.jpg 2048w, https:\/\/srokacompany.com\/wp-content\/uploads\/2023\/05\/Bruno-Sroka-wingfoil-300x169.jpg 300w, https:\/\/srokacompany.com\/wp-content\/uploads\/2023\/05\/Bruno-Sroka-wingfoil-1024x576.jpg 1024w, https:\/\/srokacompany.com\/wp-content\/uploads\/2023\/05\/Bruno-Sroka-wingfoil-768x432.jpg 768w, https:\/\/srokacompany.com\/wp-content\/uploads\/2023\/05\/Bruno-Sroka-wingfoil-96x54.jpg 96w, https:\/\/srokacompany.com\/wp-content\/uploads\/2023\/05\/Bruno-Sroka-wingfoil-42x24.jpg 42w, https:\/\/srokacompany.com\/wp-content\/uploads\/2023\/05\/Bruno-Sroka-wingfoil-1536x864.jpg 1536w, https:\/\/srokacompany.com\/wp-content\/uploads\/2023\/05\/Bruno-Sroka-wingfoil-600x338.jpg 600w\" sizes=\"auto, (max-width: 2048px) 100vw, 2048px\" \/>\t\t\t\t\t\t\t\t\t\t\t\t\t<\/p>\n<h2>Antes de convertirse en empresario, Bruno Sroka es un apasionado de<\/h2>\n<p>Imagina a un hombre que tiene un sue\u00f1o: dominar el mundo del deslizamiento sobre el agua. Un hombre que no tiene miedo de superar sus l\u00edmites y asumir retos imposibles. Un hombre que vive por y para el mar. Este hombre es Bruno Sroka.<\/p>\n<p>Desde su infancia, ha so\u00f1ado con dominar el mundo del windsurf. Bruno devora revistas de windsurf y se imagina sobre las olas. Pero fue a los 23 a\u00f1os cuando descubri\u00f3 el kitesurf, disciplina que cambiar\u00eda su vida. Dej\u00f3 el skate para dedicarse a este deporte que le aport\u00f3 nuevas sensaciones. Luego se lanz\u00f3 a la competencia y multiplic\u00f3 los \u00e9xitos. Bruno se distingui\u00f3 en todas las disciplinas (estilo libre, ola y slalom) pero le falt\u00f3 el t\u00edtulo supremo. Fue en 2005 y 2006 cuando se proclam\u00f3 campe\u00f3n de Francia y luego campe\u00f3n de Europa en 2007. Ese mismo a\u00f1o, cumpli\u00f3 su sue\u00f1o: \u00a1ser coronado campe\u00f3n del mundo de kitesurf! Luego confirm\u00f3 su estatus al ganar dos t\u00edtulos mundiales m\u00e1s en 2009 y 2010, y permaneci\u00f3 en el podio hasta 2013.<\/p>\n<p>\t\t\t\t\t\t\t\t\t\t\t\t\t<img loading=\"lazy\" decoding=\"async\" width=\"800\" height=\"534\" src=\"https:\/\/srokacompany.com\/wp-content\/uploads\/2021\/03\/Kite-Foil-Kite-Foil-Fast-Flyer-46-SFoil-High-Aspect-1190S-Speed-1024x683.jpg\" alt=\"Kite foiling Sroka Company\" srcset=\"https:\/\/srokacompany.com\/wp-content\/uploads\/2021\/03\/Kite-Foil-Kite-Foil-Fast-Flyer-46-SFoil-High-Aspect-1190S-Speed-1024x683.jpg 1024w, https:\/\/srokacompany.com\/wp-content\/uploads\/2021\/03\/Kite-Foil-Kite-Foil-Fast-Flyer-46-SFoil-High-Aspect-1190S-Speed-300x200.jpg 300w, https:\/\/srokacompany.com\/wp-content\/uploads\/2021\/03\/Kite-Foil-Kite-Foil-Fast-Flyer-46-SFoil-High-Aspect-1190S-Speed-768x512.jpg 768w, https:\/\/srokacompany.com\/wp-content\/uploads\/2021\/03\/Kite-Foil-Kite-Foil-Fast-Flyer-46-SFoil-High-Aspect-1190S-Speed-600x400.jpg 600w, https:\/\/srokacompany.com\/wp-content\/uploads\/2021\/03\/Kite-Foil-Kite-Foil-Fast-Flyer-46-SFoil-High-Aspect-1190S-Speed.jpg 1296w\" sizes=\"auto, (max-width: 800px) 100vw, 800px\" \/>\t\t\t\t\t\t\t\t\t\t\t\t\t<\/p>\n<h2>Una sed insaciable de aventura<\/h2>\n<p>Bruno Sroka no se conforma con la competencia. Tambi\u00e9n le encanta la aventura y los desaf\u00edos. En abril de 2008, logr\u00f3 una haza\u00f1a hist\u00f3rica: cruz\u00f3 el Cabo de Hornos en kitesurf, cubriendo m\u00e1s de 100 millas n\u00e1uticas en los locos a\u00f1os 40. Es el primer y \u00fanico hombre que ha logrado esta haza\u00f1a hasta la fecha.<\/p>\n<p>Contin\u00faa con otros proyectos de aventura, como la traves\u00eda del golfo de Aqaba, el r\u00e9cord de la traves\u00eda del Canal de la Mancha en la parte larga y sobre todo un reto a\u00fan m\u00e1s loco: unir Francia con Irlanda mediante el kitesurf. Se trata de un proyecto que llev\u00f3 a cabo en 2013, recorriendo 450 km en 16 horas y 40 minutos sin parar.&nbsp;Hoy en d\u00eda, pone su sed de aventura y progreso al servicio de la empresa Sroka para dise\u00f1ar productos cada vez m\u00e1s eficientes.&nbsp;<\/p>\n<p>\t\t\t\t\t<a href=\"https:\/\/www.facebook.com\/srokawatersports\/\" target=\"_blank\" rel=\"noopener\"><br \/>\n\t\t\t\t\t\tFacebook<br \/>\n\t\t\t\t\t\t\t\t\t\t\t<\/a><br \/>\n\t\t\t\t\t<a href=\"https:\/\/www.instagram.com\/srokawatersports\/\" target=\"_blank\" rel=\"noopener\"><br \/>\n\t\t\t\t\t\tInstagram<br \/>\n\t\t\t\t\t\t\t\t\t\t\t<\/a><br \/>\n\t\t\t\t\t<a href=\"https:\/\/www.youtube.com\/channel\/UCVLHHeaPIm-J5bdEUgxqtZA\" target=\"_blank\" rel=\"noopener\"><br \/>\n\t\t\t\t\t\tYoutube<br \/>\n\t\t\t\t\t\t\t\t\t\t\t<\/a><\/p>\n","protected":false},"excerpt":{"rendered":"<p>PONTE EN CONTACTO CON NOSOTROS Inspirados en la naturaleza, volamos, surfeamos, remamos con nuestros productos desarrollados en la costa bretona. SUP hinchables, WingFoil, Surf Foil y Kite, nuestros equipos est\u00e1n pensados para ti: equipos de alta gama, de alto rendimiento y perdurables en el tiempo. Nacido de nuestra pasi\u00f3n por los deportes acu\u00e1ticos, Bruno SROKA [&hellip;]<\/p>\n","protected":false},"author":1,"featured_media":0,"parent":0,"menu_order":0,"comment_status":"closed","ping_status":"closed","template":"","meta":{"_acf_changed":false,"_uag_custom_page_level_css":"","footnotes":""},"class_list":["post-104457","page","type-page","status-publish","hentry"],"acf":[],"yoast_head":"<!-- This site is optimized with the Yoast SEO plugin v25.1 - https:\/\/yoast.com\/wordpress\/plugins\/seo\/ -->\n<title>SROKA Company, Sobre Nosotros<\/title>\n<meta name=\"description\" content=\"Empresa SROKA. Apasionados por el oc\u00e9ano y los deportes de tabla: compartimos nuestra visi\u00f3n ofreciendo los mejores equipos de SUP, Kite y Foil.\" \/>\n<meta name=\"robots\" content=\"noindex, follow, max-snippet:-1, max-image-preview:large, max-video-preview:-1\" \/>\n<meta property=\"og:locale\" content=\"es_ES\" \/>\n<meta property=\"og:type\" content=\"article\" \/>\n<meta property=\"og:title\" content=\"SROKA Company, Sobre Nosotros\" \/>\n<meta property=\"og:description\" content=\"Empresa SROKA. Apasionados por el oc\u00e9ano y los deportes de tabla: compartimos nuestra visi\u00f3n ofreciendo los mejores equipos de SUP, Kite y Foil.\" \/>\n<meta property=\"og:url\" content=\"https:\/\/staging.srokafinal.lets-preprod.com\/es\/sobre-nosotros\/\" \/>\n<meta property=\"og:site_name\" content=\"SROKA Company\" \/>\n<meta property=\"article:publisher\" content=\"https:\/\/www.facebook.com\/srokawatersports\/\" \/>\n<meta property=\"article:modified_time\" content=\"2024-09-04T15:41:11+00:00\" \/>\n<meta property=\"og:image\" content=\"https:\/\/srokacompany.com\/wp-content\/uploads\/2023\/05\/Sroka-Company-wingfoil-et-SUP-1-1024x576.jpg\" \/>\n<meta name=\"twitter:label1\" content=\"Tiempo de lectura\" \/>\n\t<meta name=\"twitter:data1\" content=\"6 minutos\" \/>\n<script type=\"application\/ld+json\" class=\"yoast-schema-graph\">{\"@context\":\"https:\/\/schema.org\",\"@graph\":[{\"@type\":\"WebPage\",\"@id\":\"https:\/\/staging.srokafinal.lets-preprod.com\/es\/sobre-nosotros\/\",\"url\":\"https:\/\/staging.srokafinal.lets-preprod.com\/es\/sobre-nosotros\/\",\"name\":\"SROKA Company, Sobre Nosotros\",\"isPartOf\":{\"@id\":\"https:\/\/staging.srokafinal.lets-preprod.com\/es\/#website\"},\"primaryImageOfPage\":{\"@id\":\"https:\/\/staging.srokafinal.lets-preprod.com\/es\/sobre-nosotros\/#primaryimage\"},\"image\":{\"@id\":\"https:\/\/staging.srokafinal.lets-preprod.com\/es\/sobre-nosotros\/#primaryimage\"},\"thumbnailUrl\":\"https:\/\/srokacompany.com\/wp-content\/uploads\/2023\/05\/Sroka-Company-wingfoil-et-SUP-1-1024x576.jpg\",\"datePublished\":\"2017-09-13T12:23:40+00:00\",\"dateModified\":\"2024-09-04T15:41:11+00:00\",\"description\":\"Empresa SROKA. Apasionados por el oc\u00e9ano y los deportes de tabla: compartimos nuestra visi\u00f3n ofreciendo los mejores equipos de SUP, Kite y Foil.\",\"breadcrumb\":{\"@id\":\"https:\/\/staging.srokafinal.lets-preprod.com\/es\/sobre-nosotros\/#breadcrumb\"},\"inLanguage\":\"es\",\"potentialAction\":[{\"@type\":\"ReadAction\",\"target\":[\"https:\/\/staging.srokafinal.lets-preprod.com\/es\/sobre-nosotros\/\"]}]},{\"@type\":\"ImageObject\",\"inLanguage\":\"es\",\"@id\":\"https:\/\/staging.srokafinal.lets-preprod.com\/es\/sobre-nosotros\/#primaryimage\",\"url\":\"https:\/\/srokacompany.com\/wp-content\/uploads\/2023\/05\/Sroka-Company-wingfoil-et-SUP-1-1024x576.jpg\",\"contentUrl\":\"https:\/\/srokacompany.com\/wp-content\/uploads\/2023\/05\/Sroka-Company-wingfoil-et-SUP-1-1024x576.jpg\"},{\"@type\":\"BreadcrumbList\",\"@id\":\"https:\/\/staging.srokafinal.lets-preprod.com\/es\/sobre-nosotros\/#breadcrumb\",\"itemListElement\":[{\"@type\":\"ListItem\",\"position\":1,\"name\":\"Accueil\",\"item\":\"https:\/\/staging.srokafinal.lets-preprod.com\/es\/\"},{\"@type\":\"ListItem\",\"position\":2,\"name\":\"SOBRE NOSOTROS\"}]},{\"@type\":\"WebSite\",\"@id\":\"https:\/\/staging.srokafinal.lets-preprod.com\/es\/#website\",\"url\":\"https:\/\/staging.srokafinal.lets-preprod.com\/es\/\",\"name\":\"SROKA Company\",\"description\":\"SUP, Kite, Foil, Wing\",\"publisher\":{\"@id\":\"https:\/\/staging.srokafinal.lets-preprod.com\/es\/#organization\"},\"potentialAction\":[{\"@type\":\"SearchAction\",\"target\":{\"@type\":\"EntryPoint\",\"urlTemplate\":\"https:\/\/staging.srokafinal.lets-preprod.com\/es\/?s={search_term_string}\"},\"query-input\":{\"@type\":\"PropertyValueSpecification\",\"valueRequired\":true,\"valueName\":\"search_term_string\"}}],\"inLanguage\":\"es\"},{\"@type\":\"Organization\",\"@id\":\"https:\/\/staging.srokafinal.lets-preprod.com\/es\/#organization\",\"name\":\"SROKACOMPANY\",\"alternateName\":\"SROKA\",\"url\":\"https:\/\/staging.srokafinal.lets-preprod.com\/es\/\",\"logo\":{\"@type\":\"ImageObject\",\"inLanguage\":\"es\",\"@id\":\"https:\/\/staging.srokafinal.lets-preprod.com\/es\/#\/schema\/logo\/image\/\",\"url\":\"https:\/\/staging.srokafinal.lets-preprod.com\/wp-content\/uploads\/2021\/01\/logo-sroka-black-transpa.png\",\"contentUrl\":\"https:\/\/staging.srokafinal.lets-preprod.com\/wp-content\/uploads\/2021\/01\/logo-sroka-black-transpa.png\",\"width\":1201,\"height\":342,\"caption\":\"SROKACOMPANY\"},\"image\":{\"@id\":\"https:\/\/staging.srokafinal.lets-preprod.com\/es\/#\/schema\/logo\/image\/\"},\"sameAs\":[\"https:\/\/www.facebook.com\/srokawatersports\/\",\"https:\/\/www.instagram.com\/srokawatersports\/\",\"https:\/\/www.youtube.com\/channel\/UCVLHHeaPIm-J5bdEUgxqtZA\"]}]}<\/script>\n<!-- \/ Yoast SEO plugin. -->","yoast_head_json":{"title":"SROKA Company, Sobre Nosotros","description":"Empresa SROKA. Apasionados por el oc\u00e9ano y los deportes de tabla: compartimos nuestra visi\u00f3n ofreciendo los mejores equipos de SUP, Kite y Foil.","robots":{"index":"noindex","follow":"follow","max-snippet":"max-snippet:-1","max-image-preview":"max-image-preview:large","max-video-preview":"max-video-preview:-1"},"og_locale":"es_ES","og_type":"article","og_title":"SROKA Company, Sobre Nosotros","og_description":"Empresa SROKA. Apasionados por el oc\u00e9ano y los deportes de tabla: compartimos nuestra visi\u00f3n ofreciendo los mejores equipos de SUP, Kite y Foil.","og_url":"https:\/\/staging.srokafinal.lets-preprod.com\/es\/sobre-nosotros\/","og_site_name":"SROKA Company","article_publisher":"https:\/\/www.facebook.com\/srokawatersports\/","article_modified_time":"2024-09-04T15:41:11+00:00","og_image":[{"url":"https:\/\/srokacompany.com\/wp-content\/uploads\/2023\/05\/Sroka-Company-wingfoil-et-SUP-1-1024x576.jpg","type":"","width":"","height":""}],"twitter_misc":{"Tiempo de lectura":"6 minutos"},"schema":{"@context":"https:\/\/schema.org","@graph":[{"@type":"WebPage","@id":"https:\/\/staging.srokafinal.lets-preprod.com\/es\/sobre-nosotros\/","url":"https:\/\/staging.srokafinal.lets-preprod.com\/es\/sobre-nosotros\/","name":"SROKA Company, Sobre Nosotros","isPartOf":{"@id":"https:\/\/staging.srokafinal.lets-preprod.com\/es\/#website"},"primaryImageOfPage":{"@id":"https:\/\/staging.srokafinal.lets-preprod.com\/es\/sobre-nosotros\/#primaryimage"},"image":{"@id":"https:\/\/staging.srokafinal.lets-preprod.com\/es\/sobre-nosotros\/#primaryimage"},"thumbnailUrl":"https:\/\/srokacompany.com\/wp-content\/uploads\/2023\/05\/Sroka-Company-wingfoil-et-SUP-1-1024x576.jpg","datePublished":"2017-09-13T12:23:40+00:00","dateModified":"2024-09-04T15:41:11+00:00","description":"Empresa SROKA. Apasionados por el oc\u00e9ano y los deportes de tabla: compartimos nuestra visi\u00f3n ofreciendo los mejores equipos de SUP, Kite y Foil.","breadcrumb":{"@id":"https:\/\/staging.srokafinal.lets-preprod.com\/es\/sobre-nosotros\/#breadcrumb"},"inLanguage":"es","potentialAction":[{"@type":"ReadAction","target":["https:\/\/staging.srokafinal.lets-preprod.com\/es\/sobre-nosotros\/"]}]},{"@type":"ImageObject","inLanguage":"es","@id":"https:\/\/staging.srokafinal.lets-preprod.com\/es\/sobre-nosotros\/#primaryimage","url":"https:\/\/srokacompany.com\/wp-content\/uploads\/2023\/05\/Sroka-Company-wingfoil-et-SUP-1-1024x576.jpg","contentUrl":"https:\/\/srokacompany.com\/wp-content\/uploads\/2023\/05\/Sroka-Company-wingfoil-et-SUP-1-1024x576.jpg"},{"@type":"BreadcrumbList","@id":"https:\/\/staging.srokafinal.lets-preprod.com\/es\/sobre-nosotros\/#breadcrumb","itemListElement":[{"@type":"ListItem","position":1,"name":"Accueil","item":"https:\/\/staging.srokafinal.lets-preprod.com\/es\/"},{"@type":"ListItem","position":2,"name":"SOBRE NOSOTROS"}]},{"@type":"WebSite","@id":"https:\/\/staging.srokafinal.lets-preprod.com\/es\/#website","url":"https:\/\/staging.srokafinal.lets-preprod.com\/es\/","name":"SROKA Company","description":"SUP, Kite, Foil, Wing","publisher":{"@id":"https:\/\/staging.srokafinal.lets-preprod.com\/es\/#organization"},"potentialAction":[{"@type":"SearchAction","target":{"@type":"EntryPoint","urlTemplate":"https:\/\/staging.srokafinal.lets-preprod.com\/es\/?s={search_term_string}"},"query-input":{"@type":"PropertyValueSpecification","valueRequired":true,"valueName":"search_term_string"}}],"inLanguage":"es"},{"@type":"Organization","@id":"https:\/\/staging.srokafinal.lets-preprod.com\/es\/#organization","name":"SROKACOMPANY","alternateName":"SROKA","url":"https:\/\/staging.srokafinal.lets-preprod.com\/es\/","logo":{"@type":"ImageObject","inLanguage":"es","@id":"https:\/\/staging.srokafinal.lets-preprod.com\/es\/#\/schema\/logo\/image\/","url":"https:\/\/staging.srokafinal.lets-preprod.com\/wp-content\/uploads\/2021\/01\/logo-sroka-black-transpa.png","contentUrl":"https:\/\/staging.srokafinal.lets-preprod.com\/wp-content\/uploads\/2021\/01\/logo-sroka-black-transpa.png","width":1201,"height":342,"caption":"SROKACOMPANY"},"image":{"@id":"https:\/\/staging.srokafinal.lets-preprod.com\/es\/#\/schema\/logo\/image\/"},"sameAs":["https:\/\/www.facebook.com\/srokawatersports\/","https:\/\/www.instagram.com\/srokawatersports\/","https:\/\/www.youtube.com\/channel\/UCVLHHeaPIm-J5bdEUgxqtZA"]}]}},"uagb_featured_image_src":{"full":false,"thumbnail":false,"medium":false,"medium_large":false,"large":false,"1536x1536":false,"2048x2048":false,"woocommerce_thumbnail":false,"woocommerce_single":false,"woocommerce_gallery_thumbnail":false},"uagb_author_info":{"display_name":"matthieumilliot_xd7qukoc","author_link":"https:\/\/staging.srokafinal.lets-preprod.com\/es\/blog\/author\/matthieumilliot_xd7qukoc\/"},"uagb_comment_info":0,"uagb_excerpt":"PONTE EN CONTACTO CON NOSOTROS Inspirados en la naturaleza, volamos, surfeamos, remamos con nuestros productos desarrollados en la costa bretona. SUP hinchables, WingFoil, Surf Foil y Kite, nuestros equipos est\u00e1n pensados para ti: equipos de alta gama, de alto rendimiento y perdurables en el tiempo. Nacido de nuestra pasi\u00f3n por los deportes acu\u00e1ticos, Bruno SROKA&hellip;","_links":{"self":[{"href":"https:\/\/staging.srokafinal.lets-preprod.com\/es\/wp-json\/wp\/v2\/pages\/104457","targetHints":{"allow":["GET"]}}],"collection":[{"href":"https:\/\/staging.srokafinal.lets-preprod.com\/es\/wp-json\/wp\/v2\/pages"}],"about":[{"href":"https:\/\/staging.srokafinal.lets-preprod.com\/es\/wp-json\/wp\/v2\/types\/page"}],"author":[{"embeddable":true,"href":"https:\/\/staging.srokafinal.lets-preprod.com\/es\/wp-json\/wp\/v2\/users\/1"}],"replies":[{"embeddable":true,"href":"https:\/\/staging.srokafinal.lets-preprod.com\/es\/wp-json\/wp\/v2\/comments?post=104457"}],"version-history":[{"count":2,"href":"https:\/\/staging.srokafinal.lets-preprod.com\/es\/wp-json\/wp\/v2\/pages\/104457\/revisions"}],"predecessor-version":[{"id":129074,"href":"https:\/\/staging.srokafinal.lets-preprod.com\/es\/wp-json\/wp\/v2\/pages\/104457\/revisions\/129074"}],"wp:attachment":[{"href":"https:\/\/staging.srokafinal.lets-preprod.com\/es\/wp-json\/wp\/v2\/media?parent=104457"}],"curies":[{"name":"wp","href":"https:\/\/api.w.org\/{rel}","templated":true}]}}