


{"id":104479,"date":"2018-03-09T16:20:50","date_gmt":"2018-03-09T14:20:50","guid":{"rendered":"https:\/\/srokacompany.com\/catalogo-de-productos-sroka\/"},"modified":"2018-03-09T16:20:50","modified_gmt":"2018-03-09T16:20:50","slug":"catalogo-de-productos-sroka","status":"publish","type":"page","link":"https:\/\/staging.srokafinal.lets-preprod.com\/es\/catalogo-de-productos-sroka\/","title":{"rendered":"Cat\u00e1logo de productos SROKA"},"content":{"rendered":"<h2 id=\"nous-d\u00e9veloppons-cr\u00e9ons-et-p\" style=\"text-align: center;\">Desarrollamos, creamos y compartimos nuestra pasi\u00f3n contigo<\/h2>\n<h3 id=\"anchor-602bd4043cb12\" style=\"text-align: center;\">2021<\/h3>\n<p>El a\u00f1o 2021 estuvo marcado por el desarrollo de nuestra gama Wingfoil. Este nuevo medio m\u00e1gico e intrigante lo convierte en uno de nuestros productos m\u00e1s vendidos este a\u00f1o. Cada producto es probado y desarrollado por nuestro equipo en Breta\u00f1a. Prestamos gran atenci\u00f3n al desarrollo de los productos m\u00e1s adecuados y duraderos a lo largo del tiempo. Apasionados, ponemos toda nuestra energ\u00eda y saber hacer en ello.<\/p>\n<p>La pasi\u00f3n impulsa nuestra filosof\u00eda de marca. Este <strong>cat\u00e1logo de productos<\/strong> refleja c\u00f3mo vivimos nuestra pasi\u00f3n y la compartimos contigo. Permanecemos atentos a sus necesidades y tratamos de mejorarnos satisfaciendo sus necesidades.<\/p>\n<div id=\"attachment_31047\" style=\"width: 246px\" class=\"wp-caption aligncenter\"><a href=\"https:\/\/srokacompany.com\/wp-content\/uploads\/2021\/02\/Catalogue-Sroka-2021.pdf\" target=\"_blank\" rel=\"noopener\"><img loading=\"lazy\" decoding=\"async\" aria-describedby=\"caption-attachment-31047\" class=\"wp-image-31047\" src=\"https:\/\/srokacompany.com\/wp-content\/uploads\/2021\/02\/Catalogue-Sroka-scaled.jpg\" alt=\"\" width=\"236\" height=\"335\" srcset=\"https:\/\/staging.srokafinal.lets-preprod.com\/wp-content\/uploads\/2021\/02\/Catalogue-Sroka-scaled.jpg 1809w, https:\/\/staging.srokafinal.lets-preprod.com\/wp-content\/uploads\/2021\/02\/Catalogue-Sroka-212x300.jpg 212w, https:\/\/staging.srokafinal.lets-preprod.com\/wp-content\/uploads\/2021\/02\/Catalogue-Sroka-724x1024.jpg 724w, https:\/\/staging.srokafinal.lets-preprod.com\/wp-content\/uploads\/2021\/02\/Catalogue-Sroka-768x1087.jpg 768w, https:\/\/staging.srokafinal.lets-preprod.com\/wp-content\/uploads\/2021\/02\/Catalogue-Sroka-1086x1536.jpg 1086w, https:\/\/staging.srokafinal.lets-preprod.com\/wp-content\/uploads\/2021\/02\/Catalogue-Sroka-1447x2048.jpg 1447w, https:\/\/staging.srokafinal.lets-preprod.com\/wp-content\/uploads\/2021\/02\/Catalogue-Sroka-600x849.jpg 600w\" sizes=\"auto, (max-width: 236px) 100vw, 236px\" \/><\/a><p id=\"caption-attachment-31047\" class=\"wp-caption-text\">Cat\u00e1logo Sroka 2021 &#8211; HAGA CLIC EN EL CAT\u00c1LOGO PARA DESCARGARLO<\/p><\/div>\n<h3 id=\"anchor-602bd2bb29f19\" style=\"text-align: center;\">2020<\/h3>\n<p>&nbsp;<\/p>\n<div id=\"attachment_24166\" style=\"width: 223px\" class=\"wp-caption aligncenter\"><a href=\"https:\/\/drive.google.com\/file\/d\/1q9l7Y-EZ4R7eahJiMsdUb3h825H7TCug\/view?usp=sharing\"><img loading=\"lazy\" decoding=\"async\" aria-describedby=\"caption-attachment-24166\" class=\"wp-image-24166 size-full\" title=\"Cat\u00e1logo de empresas SROKA 2020\" src=\"https:\/\/srokacompany.com\/wp-content\/uploads\/2020\/07\/catalogue-SROKA-2020.jpg\" alt=\"\" width=\"213\" height=\"296\"><\/a><p id=\"caption-attachment-24166\" class=\"wp-caption-text\">Descarga el cat\u00e1logo de productos Sroka 2020<\/p><\/div>\n<p>&nbsp;<\/p>\n<p>Para obtener m\u00e1s informaci\u00f3n sobre nuestros productos, haga clic en los siguientes enlaces: <a href=\"https:\/\/srokacompany.com\/produit\/stand-up-paddle-gonflable-easy\/\">Stand Up Paddle inflable<\/a>, <a href=\"https:\/\/srokacompany.com\/2021\/03\/wing-foil-a-lanzarote\/\">Wingfoil<\/a>, <a href=\"https:\/\/srokacompany.com\/eshop\/kite-foil\/\">Kitefoil<\/a>, <a href=\"https:\/\/srokacompany.com\/categorie-produit\/foil-kitefoil-windfoil-surffoil-wakefoil-wingfoil\/supfoil\/\">Supfoil<\/a>, <a href=\"https:\/\/srokacompany.com\/eshop\/surf-foil\/\">Surffoil<\/a>, <a href=\"https:\/\/srokacompany.com\/eshop\/kite-foil\/\">Windfoil<\/a>, <a href=\"https:\/\/srokacompany.com\/eshop\/kitesurf\/\">Kitesurf<\/a><\/p>\n<p>&nbsp;<\/p>\n<p>&nbsp;<\/p>\n<h3 id=\"anchor-602bd2bb29f22\" style=\"text-align: center;\">2019<\/h3>\n<div id=\"attachment_8544\" style=\"width: 223px\" class=\"wp-caption alignright\"><a href=\"https:\/\/issuu.com\/srokashop\/docs\/sroka_catalogue_2019_fr_web\" target=\"_blank\" rel=\"noopener noreferrer\"><img loading=\"lazy\" decoding=\"async\" aria-describedby=\"caption-attachment-8544\" class=\"wp-image-8544 size-medium\" src=\"https:\/\/srokacompany.com\/wp-content\/uploads\/2019\/02\/couverture-catalogue-2019-213x300.jpg\" alt=\"Cat\u00e1logo de productos Sroka 2019\" width=\"213\" height=\"300\" srcset=\"https:\/\/staging.srokafinal.lets-preprod.com\/wp-content\/uploads\/2019\/02\/couverture-catalogue-2019-213x300.jpg 213w, https:\/\/staging.srokafinal.lets-preprod.com\/wp-content\/uploads\/2019\/02\/couverture-catalogue-2019-600x847.jpg 600w, https:\/\/staging.srokafinal.lets-preprod.com\/wp-content\/uploads\/2019\/02\/couverture-catalogue-2019-726x1024.jpg 726w, https:\/\/staging.srokafinal.lets-preprod.com\/wp-content\/uploads\/2019\/02\/couverture-catalogue-2019.jpg 749w\" sizes=\"auto, (max-width: 213px) 100vw, 213px\" \/><\/a><p id=\"caption-attachment-8544\" class=\"wp-caption-text\">Ver el cat\u00e1logo de Sroka 2019 en l\u00ednea<\/p><\/div>\n<div id=\"attachment_8544\" style=\"width: 223px\" class=\"wp-caption alignleft\"><a href=\"https:\/\/drive.google.com\/file\/d\/1XdKwGOSTq7VMthag94jJe2-k3bqB65Kc\/view\" target=\"_blank\" rel=\"noopener noreferrer\"><img loading=\"lazy\" decoding=\"async\" aria-describedby=\"caption-attachment-8544\" class=\"wp-image-8544 size-medium\" src=\"https:\/\/srokacompany.com\/wp-content\/uploads\/2019\/02\/couverture-catalogue-2019-213x300.jpg\" alt=\"Cat\u00e1logo de productos Sroka 2019\" width=\"213\" height=\"300\" srcset=\"https:\/\/staging.srokafinal.lets-preprod.com\/wp-content\/uploads\/2019\/02\/couverture-catalogue-2019-213x300.jpg 213w, https:\/\/staging.srokafinal.lets-preprod.com\/wp-content\/uploads\/2019\/02\/couverture-catalogue-2019-600x847.jpg 600w, https:\/\/staging.srokafinal.lets-preprod.com\/wp-content\/uploads\/2019\/02\/couverture-catalogue-2019-726x1024.jpg 726w, https:\/\/staging.srokafinal.lets-preprod.com\/wp-content\/uploads\/2019\/02\/couverture-catalogue-2019.jpg 749w\" sizes=\"auto, (max-width: 213px) 100vw, 213px\" \/><\/a><p id=\"caption-attachment-8544\" class=\"wp-caption-text\">Descargue el cat\u00e1logo de productos Sroka 2019<\/p><\/div>\n<p>&nbsp;<\/p>\n<p>&nbsp;<\/p>\n<p>&nbsp;<\/p>\n<h3 id=\"anchor-602bd2bb29f29\" style=\"text-align: center;\">2018<\/h3>\n<div id=\"attachment_1731\" style=\"width: 235px\" class=\"wp-caption alignleft\"><a href=\"https:\/\/drive.google.com\/file\/d\/1c9AVzBOT-dvNdkfinZIpy6kYHl6gnzfH\/view\" target=\"_blank\" rel=\"noopener noreferrer\"><img loading=\"lazy\" decoding=\"async\" aria-describedby=\"caption-attachment-1731\" class=\"wp-image-1731 size-medium\" src=\"https:\/\/srokacompany.com\/wp-content\/uploads\/2018\/03\/brochure-225x300.jpg\" alt=\"Portada del cat\u00e1logo de productos Sroka 2018\" width=\"225\" height=\"300\" srcset=\"https:\/\/staging.srokafinal.lets-preprod.com\/wp-content\/uploads\/2018\/03\/brochure-225x300.jpg 225w, https:\/\/staging.srokafinal.lets-preprod.com\/wp-content\/uploads\/2018\/03\/brochure-600x800.jpg 600w, https:\/\/staging.srokafinal.lets-preprod.com\/wp-content\/uploads\/2018\/03\/brochure-768x1024.jpg 768w, https:\/\/staging.srokafinal.lets-preprod.com\/wp-content\/uploads\/2018\/03\/brochure.jpg 780w\" sizes=\"auto, (max-width: 225px) 100vw, 225px\" \/><\/a><p id=\"caption-attachment-1731\" class=\"wp-caption-text\">Descarga el cat\u00e1logo Sroka 2018<\/p><\/div>\n<div id=\"attachment_1731\" style=\"width: 235px\" class=\"wp-caption alignright\"><a href=\"https:\/\/issuu.com\/srokashop\/docs\/sroka_catalogue_des_produits_2018_e\" target=\"_blank\" rel=\"noopener noreferrer\"><img loading=\"lazy\" decoding=\"async\" aria-describedby=\"caption-attachment-1731\" class=\"wp-image-1731 size-medium\" src=\"https:\/\/srokacompany.com\/wp-content\/uploads\/2018\/03\/brochure-225x300.jpg\" alt=\"Portada del cat\u00e1logo de productos Sroka 2018\" width=\"225\" height=\"300\" srcset=\"https:\/\/staging.srokafinal.lets-preprod.com\/wp-content\/uploads\/2018\/03\/brochure-225x300.jpg 225w, https:\/\/staging.srokafinal.lets-preprod.com\/wp-content\/uploads\/2018\/03\/brochure-600x800.jpg 600w, https:\/\/staging.srokafinal.lets-preprod.com\/wp-content\/uploads\/2018\/03\/brochure-768x1024.jpg 768w, https:\/\/staging.srokafinal.lets-preprod.com\/wp-content\/uploads\/2018\/03\/brochure.jpg 780w\" sizes=\"auto, (max-width: 225px) 100vw, 225px\" \/><\/a><p id=\"caption-attachment-1731\" class=\"wp-caption-text\">Ver el cat\u00e1logo de Sroka 2018 en l\u00ednea<\/p><\/div>\n","protected":false},"excerpt":{"rendered":"<p>Desarrollamos, creamos y compartimos nuestra pasi\u00f3n contigo 2021 El a\u00f1o 2021 estuvo marcado por el desarrollo de nuestra gama Wingfoil. Este nuevo medio m\u00e1gico e intrigante lo convierte en uno de nuestros productos m\u00e1s vendidos este a\u00f1o. Cada producto es probado y desarrollado por nuestro equipo en Breta\u00f1a. Prestamos gran atenci\u00f3n al desarrollo de los [&hellip;]<\/p>\n","protected":false},"author":4,"featured_media":0,"parent":0,"menu_order":0,"comment_status":"closed","ping_status":"closed","template":"","meta":{"_acf_changed":false,"_uag_custom_page_level_css":"","footnotes":""},"class_list":["post-104479","page","type-page","status-publish","hentry"],"acf":[],"yoast_head":"<!-- This site is optimized with the Yoast SEO plugin v25.1 - https:\/\/yoast.com\/wordpress\/plugins\/seo\/ -->\n<title>Cat\u00e1logo de productos SROKA - SROKA Company<\/title>\n<meta name=\"description\" content=\"Desarrollamos productos para usted en nuestras costas bretonas. Esta p\u00e1gina hace referencia a los cat\u00e1logos de productos SROKA de los \u00faltimos tres a\u00f1os\" \/>\n<meta name=\"robots\" content=\"noindex, follow, max-snippet:-1, max-image-preview:large, max-video-preview:-1\" \/>\n<meta property=\"og:locale\" content=\"es_ES\" \/>\n<meta property=\"og:type\" content=\"article\" \/>\n<meta property=\"og:title\" content=\"Cat\u00e1logo de productos SROKA - SROKA Company\" \/>\n<meta property=\"og:description\" content=\"Desarrollamos productos para usted en nuestras costas bretonas. Esta p\u00e1gina hace referencia a los cat\u00e1logos de productos SROKA de los \u00faltimos tres a\u00f1os\" \/>\n<meta property=\"og:url\" content=\"https:\/\/staging.srokafinal.lets-preprod.com\/es\/catalogo-de-productos-sroka\/\" \/>\n<meta property=\"og:site_name\" content=\"SROKA Company\" \/>\n<meta property=\"article:publisher\" content=\"https:\/\/www.facebook.com\/srokawatersports\/\" \/>\n<meta property=\"article:modified_time\" content=\"2018-03-09T16:20:50+00:00\" \/>\n<meta property=\"og:image\" content=\"https:\/\/srokacompany.com\/wp-content\/uploads\/2021\/02\/Catalogue-Sroka-scaled.jpg\" \/>\n<meta name=\"twitter:label1\" content=\"Tiempo de lectura\" \/>\n\t<meta name=\"twitter:data1\" content=\"1 minuto\" \/>\n<script type=\"application\/ld+json\" class=\"yoast-schema-graph\">{\"@context\":\"https:\/\/schema.org\",\"@graph\":[{\"@type\":\"WebPage\",\"@id\":\"https:\/\/staging.srokafinal.lets-preprod.com\/es\/catalogo-de-productos-sroka\/\",\"url\":\"https:\/\/staging.srokafinal.lets-preprod.com\/es\/catalogo-de-productos-sroka\/\",\"name\":\"Cat\u00e1logo de productos SROKA - SROKA Company\",\"isPartOf\":{\"@id\":\"https:\/\/staging.srokafinal.lets-preprod.com\/es\/#website\"},\"primaryImageOfPage\":{\"@id\":\"https:\/\/staging.srokafinal.lets-preprod.com\/es\/catalogo-de-productos-sroka\/#primaryimage\"},\"image\":{\"@id\":\"https:\/\/staging.srokafinal.lets-preprod.com\/es\/catalogo-de-productos-sroka\/#primaryimage\"},\"thumbnailUrl\":\"https:\/\/srokacompany.com\/wp-content\/uploads\/2021\/02\/Catalogue-Sroka-scaled.jpg\",\"datePublished\":\"2018-03-09T14:20:50+00:00\",\"dateModified\":\"2018-03-09T16:20:50+00:00\",\"description\":\"Desarrollamos productos para usted en nuestras costas bretonas. Esta p\u00e1gina hace referencia a los cat\u00e1logos de productos SROKA de los \u00faltimos tres a\u00f1os\",\"breadcrumb\":{\"@id\":\"https:\/\/staging.srokafinal.lets-preprod.com\/es\/catalogo-de-productos-sroka\/#breadcrumb\"},\"inLanguage\":\"es\",\"potentialAction\":[{\"@type\":\"ReadAction\",\"target\":[\"https:\/\/staging.srokafinal.lets-preprod.com\/es\/catalogo-de-productos-sroka\/\"]}]},{\"@type\":\"ImageObject\",\"inLanguage\":\"es\",\"@id\":\"https:\/\/staging.srokafinal.lets-preprod.com\/es\/catalogo-de-productos-sroka\/#primaryimage\",\"url\":\"https:\/\/srokacompany.com\/wp-content\/uploads\/2021\/02\/Catalogue-Sroka-scaled.jpg\",\"contentUrl\":\"https:\/\/srokacompany.com\/wp-content\/uploads\/2021\/02\/Catalogue-Sroka-scaled.jpg\"},{\"@type\":\"BreadcrumbList\",\"@id\":\"https:\/\/staging.srokafinal.lets-preprod.com\/es\/catalogo-de-productos-sroka\/#breadcrumb\",\"itemListElement\":[{\"@type\":\"ListItem\",\"position\":1,\"name\":\"Accueil\",\"item\":\"https:\/\/staging.srokafinal.lets-preprod.com\/es\/\"},{\"@type\":\"ListItem\",\"position\":2,\"name\":\"Cat\u00e1logo de productos SROKA\"}]},{\"@type\":\"WebSite\",\"@id\":\"https:\/\/staging.srokafinal.lets-preprod.com\/es\/#website\",\"url\":\"https:\/\/staging.srokafinal.lets-preprod.com\/es\/\",\"name\":\"SROKA Company\",\"description\":\"SUP, Kite, Foil, Wing\",\"publisher\":{\"@id\":\"https:\/\/staging.srokafinal.lets-preprod.com\/es\/#organization\"},\"potentialAction\":[{\"@type\":\"SearchAction\",\"target\":{\"@type\":\"EntryPoint\",\"urlTemplate\":\"https:\/\/staging.srokafinal.lets-preprod.com\/es\/?s={search_term_string}\"},\"query-input\":{\"@type\":\"PropertyValueSpecification\",\"valueRequired\":true,\"valueName\":\"search_term_string\"}}],\"inLanguage\":\"es\"},{\"@type\":\"Organization\",\"@id\":\"https:\/\/staging.srokafinal.lets-preprod.com\/es\/#organization\",\"name\":\"SROKACOMPANY\",\"alternateName\":\"SROKA\",\"url\":\"https:\/\/staging.srokafinal.lets-preprod.com\/es\/\",\"logo\":{\"@type\":\"ImageObject\",\"inLanguage\":\"es\",\"@id\":\"https:\/\/staging.srokafinal.lets-preprod.com\/es\/#\/schema\/logo\/image\/\",\"url\":\"https:\/\/staging.srokafinal.lets-preprod.com\/wp-content\/uploads\/2021\/01\/logo-sroka-black-transpa.png\",\"contentUrl\":\"https:\/\/staging.srokafinal.lets-preprod.com\/wp-content\/uploads\/2021\/01\/logo-sroka-black-transpa.png\",\"width\":1201,\"height\":342,\"caption\":\"SROKACOMPANY\"},\"image\":{\"@id\":\"https:\/\/staging.srokafinal.lets-preprod.com\/es\/#\/schema\/logo\/image\/\"},\"sameAs\":[\"https:\/\/www.facebook.com\/srokawatersports\/\",\"https:\/\/www.instagram.com\/srokawatersports\/\",\"https:\/\/www.youtube.com\/channel\/UCVLHHeaPIm-J5bdEUgxqtZA\"]}]}<\/script>\n<!-- \/ Yoast SEO plugin. -->","yoast_head_json":{"title":"Cat\u00e1logo de productos SROKA - SROKA Company","description":"Desarrollamos productos para usted en nuestras costas bretonas. Esta p\u00e1gina hace referencia a los cat\u00e1logos de productos SROKA de los \u00faltimos tres a\u00f1os","robots":{"index":"noindex","follow":"follow","max-snippet":"max-snippet:-1","max-image-preview":"max-image-preview:large","max-video-preview":"max-video-preview:-1"},"og_locale":"es_ES","og_type":"article","og_title":"Cat\u00e1logo de productos SROKA - SROKA Company","og_description":"Desarrollamos productos para usted en nuestras costas bretonas. Esta p\u00e1gina hace referencia a los cat\u00e1logos de productos SROKA de los \u00faltimos tres a\u00f1os","og_url":"https:\/\/staging.srokafinal.lets-preprod.com\/es\/catalogo-de-productos-sroka\/","og_site_name":"SROKA Company","article_publisher":"https:\/\/www.facebook.com\/srokawatersports\/","article_modified_time":"2018-03-09T16:20:50+00:00","og_image":[{"url":"https:\/\/srokacompany.com\/wp-content\/uploads\/2021\/02\/Catalogue-Sroka-scaled.jpg","type":"","width":"","height":""}],"twitter_misc":{"Tiempo de lectura":"1 minuto"},"schema":{"@context":"https:\/\/schema.org","@graph":[{"@type":"WebPage","@id":"https:\/\/staging.srokafinal.lets-preprod.com\/es\/catalogo-de-productos-sroka\/","url":"https:\/\/staging.srokafinal.lets-preprod.com\/es\/catalogo-de-productos-sroka\/","name":"Cat\u00e1logo de productos SROKA - SROKA Company","isPartOf":{"@id":"https:\/\/staging.srokafinal.lets-preprod.com\/es\/#website"},"primaryImageOfPage":{"@id":"https:\/\/staging.srokafinal.lets-preprod.com\/es\/catalogo-de-productos-sroka\/#primaryimage"},"image":{"@id":"https:\/\/staging.srokafinal.lets-preprod.com\/es\/catalogo-de-productos-sroka\/#primaryimage"},"thumbnailUrl":"https:\/\/srokacompany.com\/wp-content\/uploads\/2021\/02\/Catalogue-Sroka-scaled.jpg","datePublished":"2018-03-09T14:20:50+00:00","dateModified":"2018-03-09T16:20:50+00:00","description":"Desarrollamos productos para usted en nuestras costas bretonas. Esta p\u00e1gina hace referencia a los cat\u00e1logos de productos SROKA de los \u00faltimos tres a\u00f1os","breadcrumb":{"@id":"https:\/\/staging.srokafinal.lets-preprod.com\/es\/catalogo-de-productos-sroka\/#breadcrumb"},"inLanguage":"es","potentialAction":[{"@type":"ReadAction","target":["https:\/\/staging.srokafinal.lets-preprod.com\/es\/catalogo-de-productos-sroka\/"]}]},{"@type":"ImageObject","inLanguage":"es","@id":"https:\/\/staging.srokafinal.lets-preprod.com\/es\/catalogo-de-productos-sroka\/#primaryimage","url":"https:\/\/srokacompany.com\/wp-content\/uploads\/2021\/02\/Catalogue-Sroka-scaled.jpg","contentUrl":"https:\/\/srokacompany.com\/wp-content\/uploads\/2021\/02\/Catalogue-Sroka-scaled.jpg"},{"@type":"BreadcrumbList","@id":"https:\/\/staging.srokafinal.lets-preprod.com\/es\/catalogo-de-productos-sroka\/#breadcrumb","itemListElement":[{"@type":"ListItem","position":1,"name":"Accueil","item":"https:\/\/staging.srokafinal.lets-preprod.com\/es\/"},{"@type":"ListItem","position":2,"name":"Cat\u00e1logo de productos SROKA"}]},{"@type":"WebSite","@id":"https:\/\/staging.srokafinal.lets-preprod.com\/es\/#website","url":"https:\/\/staging.srokafinal.lets-preprod.com\/es\/","name":"SROKA Company","description":"SUP, Kite, Foil, Wing","publisher":{"@id":"https:\/\/staging.srokafinal.lets-preprod.com\/es\/#organization"},"potentialAction":[{"@type":"SearchAction","target":{"@type":"EntryPoint","urlTemplate":"https:\/\/staging.srokafinal.lets-preprod.com\/es\/?s={search_term_string}"},"query-input":{"@type":"PropertyValueSpecification","valueRequired":true,"valueName":"search_term_string"}}],"inLanguage":"es"},{"@type":"Organization","@id":"https:\/\/staging.srokafinal.lets-preprod.com\/es\/#organization","name":"SROKACOMPANY","alternateName":"SROKA","url":"https:\/\/staging.srokafinal.lets-preprod.com\/es\/","logo":{"@type":"ImageObject","inLanguage":"es","@id":"https:\/\/staging.srokafinal.lets-preprod.com\/es\/#\/schema\/logo\/image\/","url":"https:\/\/staging.srokafinal.lets-preprod.com\/wp-content\/uploads\/2021\/01\/logo-sroka-black-transpa.png","contentUrl":"https:\/\/staging.srokafinal.lets-preprod.com\/wp-content\/uploads\/2021\/01\/logo-sroka-black-transpa.png","width":1201,"height":342,"caption":"SROKACOMPANY"},"image":{"@id":"https:\/\/staging.srokafinal.lets-preprod.com\/es\/#\/schema\/logo\/image\/"},"sameAs":["https:\/\/www.facebook.com\/srokawatersports\/","https:\/\/www.instagram.com\/srokawatersports\/","https:\/\/www.youtube.com\/channel\/UCVLHHeaPIm-J5bdEUgxqtZA"]}]}},"uagb_featured_image_src":{"full":false,"thumbnail":false,"medium":false,"medium_large":false,"large":false,"1536x1536":false,"2048x2048":false,"woocommerce_thumbnail":false,"woocommerce_single":false,"woocommerce_gallery_thumbnail":false},"uagb_author_info":{"display_name":"Bruno Sroka","author_link":"https:\/\/staging.srokafinal.lets-preprod.com\/es\/blog\/author\/bruno\/"},"uagb_comment_info":0,"uagb_excerpt":"Desarrollamos, creamos y compartimos nuestra pasi\u00f3n contigo 2021 El a\u00f1o 2021 estuvo marcado por el desarrollo de nuestra gama Wingfoil. Este nuevo medio m\u00e1gico e intrigante lo convierte en uno de nuestros productos m\u00e1s vendidos este a\u00f1o. Cada producto es probado y desarrollado por nuestro equipo en Breta\u00f1a. Prestamos gran atenci\u00f3n al desarrollo de los&hellip;","_links":{"self":[{"href":"https:\/\/staging.srokafinal.lets-preprod.com\/es\/wp-json\/wp\/v2\/pages\/104479","targetHints":{"allow":["GET"]}}],"collection":[{"href":"https:\/\/staging.srokafinal.lets-preprod.com\/es\/wp-json\/wp\/v2\/pages"}],"about":[{"href":"https:\/\/staging.srokafinal.lets-preprod.com\/es\/wp-json\/wp\/v2\/types\/page"}],"author":[{"embeddable":true,"href":"https:\/\/staging.srokafinal.lets-preprod.com\/es\/wp-json\/wp\/v2\/users\/4"}],"replies":[{"embeddable":true,"href":"https:\/\/staging.srokafinal.lets-preprod.com\/es\/wp-json\/wp\/v2\/comments?post=104479"}],"version-history":[{"count":0,"href":"https:\/\/staging.srokafinal.lets-preprod.com\/es\/wp-json\/wp\/v2\/pages\/104479\/revisions"}],"wp:attachment":[{"href":"https:\/\/staging.srokafinal.lets-preprod.com\/es\/wp-json\/wp\/v2\/media?parent=104479"}],"curies":[{"name":"wp","href":"https:\/\/api.w.org\/{rel}","templated":true}]}}