


{"id":104480,"date":"2018-02-12T09:11:36","date_gmt":"2018-02-12T07:11:36","guid":{"rendered":"https:\/\/srokacompany.com\/pagina-de-inicio-de-la-empresa-sroka\/"},"modified":"2025-02-12T09:39:33","modified_gmt":"2025-02-12T09:39:33","slug":"pagina-de-inicio-de-la-empresa-sroka","status":"publish","type":"page","link":"https:\/\/staging.srokafinal.lets-preprod.com\/es\/","title":{"rendered":"P\u00e1gina de inicio de la Sroka company"},"content":{"rendered":"<h1>Empresa Sroka.<\/h1>\n<p>SUP \/ FOIL \/ WING \/ KITESURF \/ WAKE \/ SURF FOIL<\/p>\n<h2><b>Wing&nbsp;V4&nbsp;Elite<\/b><\/h2>\n<p>Descubra la excelencia con el Wing V4 Elite.<br \/>Fabricada con materiales de \u00faltima generaci\u00f3n, ofrece una mejora del rendimiento de m\u00e1s del 30%.<br \/>El di\u00e1metro de las vejigas se ha reducido en un 17%, la rigidez se ha incrementado en un 25% y la vela reforzada proporciona un soporte \u00f3ptimo para el ala.<\/p>\n<p>Disfruta de mayor velocidad, estabilidad y aceleraci\u00f3n, sin dejar de ser perfectamente accesible para todos.<\/p>\n<p><a href=\"https:\/\/srokacompany.com\/es\/produit\/ala-v4-elite\/\">\u00a1Haga su pedido hoy mismo!<\/a><\/p>\n<p>\u00a0\t\t<\/p>\n<h2>Nuestro paquete de papel de aluminio para alas<\/h2>\n<p>\t\t\t\t\t\t\t\t\t\t\t\t\t\t\t\t<a href=\"https:\/\/srokacompany.com\/es\/2020\/12\/paquete-de-laminas-de-alas-sroka-nuestros-consejos\/\"><br \/>\n\t\t\t\t\t\t\t<img loading=\"lazy\" decoding=\"async\" width=\"1080\" height=\"1080\" src=\"https:\/\/srokacompany.com\/wp-content\/uploads\/2022\/07\/3.jpg\" alt=\"\" srcset=\"https:\/\/srokacompany.com\/wp-content\/uploads\/2022\/07\/3.jpg 1080w, https:\/\/srokacompany.com\/wp-content\/uploads\/2022\/07\/3-300x300.jpg 300w, https:\/\/srokacompany.com\/wp-content\/uploads\/2022\/07\/3-1024x1024.jpg 1024w, https:\/\/srokacompany.com\/wp-content\/uploads\/2022\/07\/3-150x150.jpg 150w, https:\/\/srokacompany.com\/wp-content\/uploads\/2022\/07\/3-768x768.jpg 768w, https:\/\/srokacompany.com\/wp-content\/uploads\/2022\/07\/3-600x600.jpg 600w, https:\/\/srokacompany.com\/wp-content\/uploads\/2022\/07\/3-100x100.jpg 100w\" sizes=\"auto, (max-width: 1080px) 100vw, 1080px\" \/>\t\t\t\t\t\t\t\t<\/a><br \/>\n\t\t\t\t\t<a href=\"https:\/\/srokacompany.com\/eshop\/pack-wing-foil\/\"><br \/>\n\t\t\t\t\t\t\t\t\tNuestros paquetes de foil de alas<br \/>\n\t\t\t\t\t<\/a><\/p>\n<h2>Nuestras palas<\/h2>\n<p>\t\t\t\t\t\t\t\t\t\t\t\t\t\t\t\t<a href=\"https:\/\/srokacompany.com\/eshop\/stand-up-paddle-gonflable\/\"><br \/>\n\t\t\t\t\t\t\t<img loading=\"lazy\" decoding=\"async\" width=\"1920\" height=\"2560\" src=\"https:\/\/srokacompany.com\/wp-content\/uploads\/2024\/03\/Easy-106-Pack-scaled-1.jpg\" alt=\"\" srcset=\"https:\/\/srokacompany.com\/wp-content\/uploads\/2024\/03\/Easy-106-Pack-scaled-1.jpg 1920w, https:\/\/srokacompany.com\/wp-content\/uploads\/2024\/03\/Easy-106-Pack-scaled-1-225x300.jpg 225w, https:\/\/srokacompany.com\/wp-content\/uploads\/2024\/03\/Easy-106-Pack-scaled-1-768x1024.jpg 768w, https:\/\/srokacompany.com\/wp-content\/uploads\/2024\/03\/Easy-106-Pack-scaled-1-1152x1536.jpg 1152w, https:\/\/srokacompany.com\/wp-content\/uploads\/2024\/03\/Easy-106-Pack-scaled-1-1536x2048.jpg 1536w, https:\/\/srokacompany.com\/wp-content\/uploads\/2024\/03\/Easy-106-Pack-scaled-1-600x800.jpg 600w\" sizes=\"auto, (max-width: 1920px) 100vw, 1920px\" \/>\t\t\t\t\t\t\t\t<\/a><br \/>\n\t\t\t\t\t<a href=\"https:\/\/srokacompany.com\/eshop\/stand-up-paddle-gonflable\/\"><br \/>\n\t\t\t\t\t\t\t\t\tNuestras palas<br \/>\n\t\t\t\t\t<\/a><\/p>\n<h2>Nuestras gamas<\/h2>\n<p>\t\t\t\t\t\t\t<a href=\"https:\/\/srokacompany.com\/eshop\/wing-foil\/\"><br \/>\n\t\t\t\t\t\tL\u00c1MINA DE ALA<br \/>\n\t\t\t\t\t\t<\/a><br \/>\n\t\t\t\t\t<a href=\"https:\/\/srokacompany.com\/eshop\/foil\/\"><br \/>\n\t\t\t\t\t\tFLORETE\t\t\t\t\t<\/a><br \/>\n\t\t\t\t\t\t\t<a href=\"https:\/\/srokacompany.com\/eshop\/stand-up-paddle-gonflable\/\"><br \/>\n\t\t\t\t\t\tREMO HINCHABLE<br \/>\n\t\t\t\t\t\t<\/a><\/p>\n<h2>Nuestros \u00faltimos v\u00eddeos<\/h2>\n<p><a href=\"https:\/\/www.youtube.com\/watch?v=OcpfLiTW5_g&#038;pp=ygULc3Jva2EgZWxpdGU%3D\">La nueva tabla de viento LW Light<\/a><\/p>\n<p>\t\t<iframe loading=\"lazy\" title=\"Repoussez les limites du Wing Foil lightwind avec la nouvelle LW by SROKA: Cruising, Race, Downwind\" width=\"500\" height=\"281\" src=\"https:\/\/www.youtube.com\/embed\/SsCiuTnHJQI?feature=oembed\" frameborder=\"0\" allow=\"accelerometer; autoplay; clipboard-write; encrypted-media; gyroscope; picture-in-picture; web-share\" referrerpolicy=\"strict-origin-when-cross-origin\" allowfullscreen><\/iframe>\t\t<\/p>\n<p><a href=\"https:\/\/www.youtube.com\/watch?v=0Q7GFd8HUko&#038;t=23s&#038;pp=ygULc3Jva2EgZWxpdGU%3D\">Presentaci\u00f3n del ala V4<\/a><\/p>\n<p>\t\t<iframe loading=\"lazy\" title=\"TEST SROKA MAT CARBON ELITE 14MM \/ FOIL\" width=\"500\" height=\"281\" src=\"https:\/\/www.youtube.com\/embed\/cn9gM4xhYUY?feature=oembed\" frameborder=\"0\" allow=\"accelerometer; autoplay; clipboard-write; encrypted-media; gyroscope; picture-in-picture; web-share\" referrerpolicy=\"strict-origin-when-cross-origin\" allowfullscreen><\/iframe>\t\t<\/p>\n<h2>SROKA Deportes acu\u00e1ticos<\/h2>\n<p>Nos encanta compartir y fomentar los sue\u00f1os de aventura, el esqu\u00ed y verte hacerlos realidad. Somos los primeros usuarios de nuestros productos y, por lo tanto, los m\u00e1s indicados para hablarte de ellos. No dudes en ponerte en contacto con nosotros, estaremos encantados de asesorarte en persona.<\/p>\n<p>\t\t\t\t\t<a href=\"https:\/\/srokacompany.com\/es\/sobre-nosotros\/\"><br \/>\n\t\t\t\t\t\t\t\t\tNuestra historia<br \/>\n\t\t\t\t\t<\/a><br \/>\n\t\t\t\t\t\t\t\t\t\t\t\t\t\t\t<img loading=\"lazy\" decoding=\"async\" width=\"800\" height=\"139\" src=\"https:\/\/srokacompany.com\/wp-content\/uploads\/2022\/05\/Capture-de\u0301cran-2022-05-11-a\u0300-11.52.48-1024x178.png\" alt=\"\" srcset=\"https:\/\/srokacompany.com\/wp-content\/uploads\/2022\/05\/Capture-de\u0301cran-2022-05-11-a\u0300-11.52.48-1024x178.png 1024w, https:\/\/srokacompany.com\/wp-content\/uploads\/2022\/05\/Capture-de\u0301cran-2022-05-11-a\u0300-11.52.48-300x52.png 300w, https:\/\/srokacompany.com\/wp-content\/uploads\/2022\/05\/Capture-de\u0301cran-2022-05-11-a\u0300-11.52.48-768x134.png 768w, https:\/\/srokacompany.com\/wp-content\/uploads\/2022\/05\/Capture-de\u0301cran-2022-05-11-a\u0300-11.52.48-1536x267.png 1536w, https:\/\/srokacompany.com\/wp-content\/uploads\/2022\/05\/Capture-de\u0301cran-2022-05-11-a\u0300-11.52.48-2048x356.png 2048w, https:\/\/srokacompany.com\/wp-content\/uploads\/2022\/05\/Capture-de\u0301cran-2022-05-11-a\u0300-11.52.48-600x104.png 600w\" sizes=\"auto, (max-width: 800px) 100vw, 800px\" \/>\t\t\t\t\t\t\t\t\t\t\t\t\t\t\t<\/p>\n<h2>Empresa Sroka<\/h2>\n<p><strong>Inspirados en la naturaleza, volamos, surfeamos, remamos con nuestros productos desarrollados en la costa bretona. Pensados para ti: productos de calidad, a un precio asequible, y que perduren en el tiempo.<\/strong><\/p>\n<p>Aventurero de coraz\u00f3n y deseoso de compartir su pasi\u00f3n, Bruno Sroka, 3 veces campe\u00f3n del mundo de kitesurf y el primer hombre en cruzar el Cabo de Hornos en una cometa, fund\u00f3 la marca Sroka Company. Su idea es simple: compartir su amor por los deportes acu\u00e1ticos desarrollando productos de calidad a un precio asequible.<\/p>\n<p>La empresa SROKA fabrica equipos de deslizamiento como <a href=\"https:\/\/srokacompany.com\/es\/eshop\/kitesurf-es-2\/\">Kitesurfs <\/a>y <a href=\"https:\/\/srokacompany.com\/es\/eshop\/wind-foil-es\/\">Wind Foils<\/a>, <a href=\"https:\/\/srokacompany.com\/es\/eshop\/kite-foil-es\/\">Kite Foils,<\/a> <a href=\"https:\/\/srokacompany.com\/es\/eshop\/lamina-surf\/\">Surf Foils<\/a>, <a href=\"https:\/\/srokacompany.com\/es\/eshop\/sup-foiling-es\/\">SUP Foils<\/a>, <a href=\"https:\/\/srokacompany.com\/es\/eshop\/lamina-de-alas\/\">Wing Foils<\/a> (descubre nuestros <a href=\"https:\/\/srokacompany.com\/eshop\/pack-wing-foil\/\">packs de wing foil<\/a>), <a href=\"https:\/\/srokacompany.com\/es\/eshop\/wakefoil-es\/\">Wake Foil<\/a> e <a href=\"https:\/\/srokacompany.com\/es\/eshop\/palas-hinchables\/\">Inflatable Stand Up Paddle<\/a>. Nuestro enfoque: democratizar estos deportes de tabla, ofreciendo los mejores productos al mejor precio. Cada producto es desarrollado, probado y aprobado por el propio Bruno, cuyo nombre est\u00e1 pegado a cada uno de ellos como garant\u00eda de calidad.  <\/p>\n<p>Es un punto de honor que todos nuestros productos sean duraderos, f\u00e1ciles de usar, con la mejor relaci\u00f3n calidad-precio y tengan un buen rendimiento. Comprometidos con la econom\u00eda local, producimos algunos de nuestros productos en Breta\u00f1a, con el fin de garantizarle est\u00e1ndares inigualables y reducir nuestro impacto. Estos tableros de l\u00e1mina Made in France dan vida a nuestro saber hacer local y a nuestra industria.<\/p>\n<p>M\u00e1s all\u00e1 de sus productos, SROKA Company es una empresa bretona a escala familiar, gestionada por entusiastas, que desean sobre todo desarrollar los mejores productos para ofrecerle y compartir juntos las mejores experiencias en el agua. Nos encanta apoyar los sue\u00f1os de aventura de todos y verlos hacerse realidad. No importa qu\u00e9 proyecto realizar, la pasi\u00f3n y los sue\u00f1os son nuestras dos fuerzas impulsoras para seguir adelante. \u00a1Tambi\u00e9n estamos lanzando tu grupo de Facebook, Sroka Sessions, en el que te invitamos a compartir tus momentos de diversi\u00f3n en el agua!<\/p>\n<p>\u00danete a la familia de los entusiastas de los deportes de tabla. Bienvenidos a Sroka.<\/p>\n<p>#BESROKA.<\/p>\n<p>\t\t\t\t\t<iframe loading=\"lazy\" width=\"100%\" height=\"221\" frameborder=\"0\" scrolling=\"no\" marginheight=\"0\" marginwidth=\"0\" src=\"https:\/\/www.societe-des-avis-garantis.fr\/wp-content\/plugins\/ag-core\/widgets\/iframe\/2\/h\/?id=8949\"> <\/iframe><\/p>\n","protected":false},"excerpt":{"rendered":"<p>Empresa Sroka. SUP \/ FOIL \/ WING \/ KITESURF \/ WAKE \/ SURF FOIL Wing&nbsp;V4&nbsp;Elite Descubra la excelencia con el Wing V4 Elite.Fabricada con materiales de \u00faltima generaci\u00f3n, ofrece una mejora del rendimiento de m\u00e1s del 30%.El di\u00e1metro de las vejigas se ha reducido en un 17%, la rigidez se ha incrementado en un 25% [&hellip;]<\/p>\n","protected":false},"author":1,"featured_media":104578,"parent":0,"menu_order":0,"comment_status":"closed","ping_status":"closed","template":"templates\/template-home.php","meta":{"_acf_changed":false,"_uag_custom_page_level_css":"","footnotes":""},"class_list":["post-104480","page","type-page","status-publish","has-post-thumbnail","hentry"],"acf":[],"yoast_head":"<!-- This site is optimized with the Yoast SEO plugin v25.1 - https:\/\/yoast.com\/wordpress\/plugins\/seo\/ -->\n<title>Foil, Wing, Kitesurf y SUP Paddle Board &amp; Equipo | Sroka<\/title>\n<meta name=\"description\" content=\"Bruno Sroka (3 veces campe\u00f3n del mundo de kitesurf) ofrece Foil, Wingfoil, WindFoil, SurfFoil, SUP y Kite, con la mejor relaci\u00f3n calidad-precio.\" \/>\n<meta name=\"robots\" content=\"noindex, follow, max-snippet:-1, max-image-preview:large, max-video-preview:-1\" \/>\n<meta property=\"og:locale\" content=\"es_ES\" \/>\n<meta property=\"og:type\" content=\"article\" \/>\n<meta property=\"og:title\" content=\"Foil, Wing, Kitesurf y SUP Paddle Board &amp; Equipo | Sroka\" \/>\n<meta property=\"og:description\" content=\"Bruno Sroka (3 veces campe\u00f3n del mundo de kitesurf) ofrece Foil, Wingfoil, WindFoil, SurfFoil, SUP y Kite, con la mejor relaci\u00f3n calidad-precio.\" \/>\n<meta property=\"og:url\" content=\"https:\/\/staging.srokafinal.lets-preprod.com\/es\/\" \/>\n<meta property=\"og:site_name\" content=\"SROKA Company\" \/>\n<meta property=\"article:publisher\" content=\"https:\/\/www.facebook.com\/srokawatersports\/\" \/>\n<meta property=\"article:modified_time\" content=\"2025-02-12T09:39:33+00:00\" \/>\n<meta property=\"og:image\" content=\"https:\/\/staging.srokafinal.lets-preprod.com\/wp-content\/uploads\/2023\/08\/Photo-modifie-1-Neo-Harris-Costa-110-sur-61.jpg\" \/>\n\t<meta property=\"og:image:width\" content=\"1980\" \/>\n\t<meta property=\"og:image:height\" content=\"1320\" \/>\n\t<meta property=\"og:image:type\" content=\"image\/jpeg\" \/>\n<meta name=\"twitter:label1\" content=\"Tiempo de lectura\" \/>\n\t<meta name=\"twitter:data1\" content=\"3 minutos\" \/>\n<script type=\"application\/ld+json\" class=\"yoast-schema-graph\">{\"@context\":\"https:\/\/schema.org\",\"@graph\":[{\"@type\":\"WebPage\",\"@id\":\"https:\/\/staging.srokafinal.lets-preprod.com\/es\/\",\"url\":\"https:\/\/staging.srokafinal.lets-preprod.com\/es\/\",\"name\":\"Foil, Wing, Kitesurf y SUP Paddle Board & Equipo | Sroka\",\"isPartOf\":{\"@id\":\"https:\/\/staging.srokafinal.lets-preprod.com\/es\/#website\"},\"primaryImageOfPage\":{\"@id\":\"https:\/\/staging.srokafinal.lets-preprod.com\/es\/#primaryimage\"},\"image\":{\"@id\":\"https:\/\/staging.srokafinal.lets-preprod.com\/es\/#primaryimage\"},\"thumbnailUrl\":\"https:\/\/staging.srokafinal.lets-preprod.com\/wp-content\/uploads\/2023\/08\/Photo-modifie-1-Neo-Harris-Costa-110-sur-61.jpg\",\"datePublished\":\"2018-02-12T07:11:36+00:00\",\"dateModified\":\"2025-02-12T09:39:33+00:00\",\"description\":\"Bruno Sroka (3 veces campe\u00f3n del mundo de kitesurf) ofrece Foil, Wingfoil, WindFoil, SurfFoil, SUP y Kite, con la mejor relaci\u00f3n calidad-precio.\",\"breadcrumb\":{\"@id\":\"https:\/\/staging.srokafinal.lets-preprod.com\/es\/#breadcrumb\"},\"inLanguage\":\"es\",\"potentialAction\":[{\"@type\":\"ReadAction\",\"target\":[\"https:\/\/staging.srokafinal.lets-preprod.com\/es\/\"]}]},{\"@type\":\"ImageObject\",\"inLanguage\":\"es\",\"@id\":\"https:\/\/staging.srokafinal.lets-preprod.com\/es\/#primaryimage\",\"url\":\"https:\/\/staging.srokafinal.lets-preprod.com\/wp-content\/uploads\/2023\/08\/Photo-modifie-1-Neo-Harris-Costa-110-sur-61.jpg\",\"contentUrl\":\"https:\/\/staging.srokafinal.lets-preprod.com\/wp-content\/uploads\/2023\/08\/Photo-modifie-1-Neo-Harris-Costa-110-sur-61.jpg\",\"width\":1980,\"height\":1320},{\"@type\":\"BreadcrumbList\",\"@id\":\"https:\/\/staging.srokafinal.lets-preprod.com\/es\/#breadcrumb\",\"itemListElement\":[{\"@type\":\"ListItem\",\"position\":1,\"name\":\"Accueil\",\"item\":\"https:\/\/staging.srokafinal.lets-preprod.com\/es\/\"},{\"@type\":\"ListItem\",\"position\":2,\"name\":\"P\u00e1gina de inicio de la Sroka company\"}]},{\"@type\":\"WebSite\",\"@id\":\"https:\/\/staging.srokafinal.lets-preprod.com\/es\/#website\",\"url\":\"https:\/\/staging.srokafinal.lets-preprod.com\/es\/\",\"name\":\"SROKA Company\",\"description\":\"SUP, Kite, Foil, Wing\",\"publisher\":{\"@id\":\"https:\/\/staging.srokafinal.lets-preprod.com\/es\/#organization\"},\"potentialAction\":[{\"@type\":\"SearchAction\",\"target\":{\"@type\":\"EntryPoint\",\"urlTemplate\":\"https:\/\/staging.srokafinal.lets-preprod.com\/es\/?s={search_term_string}\"},\"query-input\":{\"@type\":\"PropertyValueSpecification\",\"valueRequired\":true,\"valueName\":\"search_term_string\"}}],\"inLanguage\":\"es\"},{\"@type\":\"Organization\",\"@id\":\"https:\/\/staging.srokafinal.lets-preprod.com\/es\/#organization\",\"name\":\"SROKACOMPANY\",\"alternateName\":\"SROKA\",\"url\":\"https:\/\/staging.srokafinal.lets-preprod.com\/es\/\",\"logo\":{\"@type\":\"ImageObject\",\"inLanguage\":\"es\",\"@id\":\"https:\/\/staging.srokafinal.lets-preprod.com\/es\/#\/schema\/logo\/image\/\",\"url\":\"https:\/\/staging.srokafinal.lets-preprod.com\/wp-content\/uploads\/2021\/01\/logo-sroka-black-transpa.png\",\"contentUrl\":\"https:\/\/staging.srokafinal.lets-preprod.com\/wp-content\/uploads\/2021\/01\/logo-sroka-black-transpa.png\",\"width\":1201,\"height\":342,\"caption\":\"SROKACOMPANY\"},\"image\":{\"@id\":\"https:\/\/staging.srokafinal.lets-preprod.com\/es\/#\/schema\/logo\/image\/\"},\"sameAs\":[\"https:\/\/www.facebook.com\/srokawatersports\/\",\"https:\/\/www.instagram.com\/srokawatersports\/\",\"https:\/\/www.youtube.com\/channel\/UCVLHHeaPIm-J5bdEUgxqtZA\"]}]}<\/script>\n<!-- \/ Yoast SEO plugin. -->","yoast_head_json":{"title":"Foil, Wing, Kitesurf y SUP Paddle Board & Equipo | Sroka","description":"Bruno Sroka (3 veces campe\u00f3n del mundo de kitesurf) ofrece Foil, Wingfoil, WindFoil, SurfFoil, SUP y Kite, con la mejor relaci\u00f3n calidad-precio.","robots":{"index":"noindex","follow":"follow","max-snippet":"max-snippet:-1","max-image-preview":"max-image-preview:large","max-video-preview":"max-video-preview:-1"},"og_locale":"es_ES","og_type":"article","og_title":"Foil, Wing, Kitesurf y SUP Paddle Board & Equipo | Sroka","og_description":"Bruno Sroka (3 veces campe\u00f3n del mundo de kitesurf) ofrece Foil, Wingfoil, WindFoil, SurfFoil, SUP y Kite, con la mejor relaci\u00f3n calidad-precio.","og_url":"https:\/\/staging.srokafinal.lets-preprod.com\/es\/","og_site_name":"SROKA Company","article_publisher":"https:\/\/www.facebook.com\/srokawatersports\/","article_modified_time":"2025-02-12T09:39:33+00:00","og_image":[{"width":1980,"height":1320,"url":"https:\/\/staging.srokafinal.lets-preprod.com\/wp-content\/uploads\/2023\/08\/Photo-modifie-1-Neo-Harris-Costa-110-sur-61.jpg","type":"image\/jpeg"}],"twitter_misc":{"Tiempo de lectura":"3 minutos"},"schema":{"@context":"https:\/\/schema.org","@graph":[{"@type":"WebPage","@id":"https:\/\/staging.srokafinal.lets-preprod.com\/es\/","url":"https:\/\/staging.srokafinal.lets-preprod.com\/es\/","name":"Foil, Wing, Kitesurf y SUP Paddle Board & Equipo | Sroka","isPartOf":{"@id":"https:\/\/staging.srokafinal.lets-preprod.com\/es\/#website"},"primaryImageOfPage":{"@id":"https:\/\/staging.srokafinal.lets-preprod.com\/es\/#primaryimage"},"image":{"@id":"https:\/\/staging.srokafinal.lets-preprod.com\/es\/#primaryimage"},"thumbnailUrl":"https:\/\/staging.srokafinal.lets-preprod.com\/wp-content\/uploads\/2023\/08\/Photo-modifie-1-Neo-Harris-Costa-110-sur-61.jpg","datePublished":"2018-02-12T07:11:36+00:00","dateModified":"2025-02-12T09:39:33+00:00","description":"Bruno Sroka (3 veces campe\u00f3n del mundo de kitesurf) ofrece Foil, Wingfoil, WindFoil, SurfFoil, SUP y Kite, con la mejor relaci\u00f3n calidad-precio.","breadcrumb":{"@id":"https:\/\/staging.srokafinal.lets-preprod.com\/es\/#breadcrumb"},"inLanguage":"es","potentialAction":[{"@type":"ReadAction","target":["https:\/\/staging.srokafinal.lets-preprod.com\/es\/"]}]},{"@type":"ImageObject","inLanguage":"es","@id":"https:\/\/staging.srokafinal.lets-preprod.com\/es\/#primaryimage","url":"https:\/\/staging.srokafinal.lets-preprod.com\/wp-content\/uploads\/2023\/08\/Photo-modifie-1-Neo-Harris-Costa-110-sur-61.jpg","contentUrl":"https:\/\/staging.srokafinal.lets-preprod.com\/wp-content\/uploads\/2023\/08\/Photo-modifie-1-Neo-Harris-Costa-110-sur-61.jpg","width":1980,"height":1320},{"@type":"BreadcrumbList","@id":"https:\/\/staging.srokafinal.lets-preprod.com\/es\/#breadcrumb","itemListElement":[{"@type":"ListItem","position":1,"name":"Accueil","item":"https:\/\/staging.srokafinal.lets-preprod.com\/es\/"},{"@type":"ListItem","position":2,"name":"P\u00e1gina de inicio de la Sroka company"}]},{"@type":"WebSite","@id":"https:\/\/staging.srokafinal.lets-preprod.com\/es\/#website","url":"https:\/\/staging.srokafinal.lets-preprod.com\/es\/","name":"SROKA Company","description":"SUP, Kite, Foil, Wing","publisher":{"@id":"https:\/\/staging.srokafinal.lets-preprod.com\/es\/#organization"},"potentialAction":[{"@type":"SearchAction","target":{"@type":"EntryPoint","urlTemplate":"https:\/\/staging.srokafinal.lets-preprod.com\/es\/?s={search_term_string}"},"query-input":{"@type":"PropertyValueSpecification","valueRequired":true,"valueName":"search_term_string"}}],"inLanguage":"es"},{"@type":"Organization","@id":"https:\/\/staging.srokafinal.lets-preprod.com\/es\/#organization","name":"SROKACOMPANY","alternateName":"SROKA","url":"https:\/\/staging.srokafinal.lets-preprod.com\/es\/","logo":{"@type":"ImageObject","inLanguage":"es","@id":"https:\/\/staging.srokafinal.lets-preprod.com\/es\/#\/schema\/logo\/image\/","url":"https:\/\/staging.srokafinal.lets-preprod.com\/wp-content\/uploads\/2021\/01\/logo-sroka-black-transpa.png","contentUrl":"https:\/\/staging.srokafinal.lets-preprod.com\/wp-content\/uploads\/2021\/01\/logo-sroka-black-transpa.png","width":1201,"height":342,"caption":"SROKACOMPANY"},"image":{"@id":"https:\/\/staging.srokafinal.lets-preprod.com\/es\/#\/schema\/logo\/image\/"},"sameAs":["https:\/\/www.facebook.com\/srokawatersports\/","https:\/\/www.instagram.com\/srokawatersports\/","https:\/\/www.youtube.com\/channel\/UCVLHHeaPIm-J5bdEUgxqtZA"]}]}},"uagb_featured_image_src":{"full":["https:\/\/staging.srokafinal.lets-preprod.com\/wp-content\/uploads\/2023\/08\/Photo-modifie-1-Neo-Harris-Costa-110-sur-61.jpg",1980,1320,false],"thumbnail":["https:\/\/staging.srokafinal.lets-preprod.com\/wp-content\/uploads\/2023\/08\/Photo-modifie-1-Neo-Harris-Costa-110-sur-61-150x150.jpg",150,150,true],"medium":["https:\/\/staging.srokafinal.lets-preprod.com\/wp-content\/uploads\/2023\/08\/Photo-modifie-1-Neo-Harris-Costa-110-sur-61-300x200.jpg",300,200,true],"medium_large":["https:\/\/staging.srokafinal.lets-preprod.com\/wp-content\/uploads\/2023\/08\/Photo-modifie-1-Neo-Harris-Costa-110-sur-61-768x512.jpg",768,512,true],"large":["https:\/\/staging.srokafinal.lets-preprod.com\/wp-content\/uploads\/2023\/08\/Photo-modifie-1-Neo-Harris-Costa-110-sur-61-1024x683.jpg",1024,683,true],"1536x1536":["https:\/\/staging.srokafinal.lets-preprod.com\/wp-content\/uploads\/2023\/08\/Photo-modifie-1-Neo-Harris-Costa-110-sur-61-1536x1024.jpg",1536,1024,true],"2048x2048":["https:\/\/staging.srokafinal.lets-preprod.com\/wp-content\/uploads\/2023\/08\/Photo-modifie-1-Neo-Harris-Costa-110-sur-61.jpg",1980,1320,false],"woocommerce_thumbnail":["https:\/\/staging.srokafinal.lets-preprod.com\/wp-content\/uploads\/2023\/08\/Photo-modifie-1-Neo-Harris-Costa-110-sur-61-600x400.jpg",600,400,true],"woocommerce_single":["https:\/\/staging.srokafinal.lets-preprod.com\/wp-content\/uploads\/2023\/08\/Photo-modifie-1-Neo-Harris-Costa-110-sur-61-600x400.jpg",600,400,true],"woocommerce_gallery_thumbnail":["https:\/\/staging.srokafinal.lets-preprod.com\/wp-content\/uploads\/2023\/08\/Photo-modifie-1-Neo-Harris-Costa-110-sur-61-100x100.jpg",100,100,true]},"uagb_author_info":{"display_name":"matthieumilliot_xd7qukoc","author_link":"https:\/\/staging.srokafinal.lets-preprod.com\/es\/blog\/author\/matthieumilliot_xd7qukoc\/"},"uagb_comment_info":0,"uagb_excerpt":"Empresa Sroka. SUP \/ FOIL \/ WING \/ KITESURF \/ WAKE \/ SURF FOIL Wing&nbsp;V4&nbsp;Elite Descubra la excelencia con el Wing V4 Elite.Fabricada con materiales de \u00faltima generaci\u00f3n, ofrece una mejora del rendimiento de m\u00e1s del 30%.El di\u00e1metro de las vejigas se ha reducido en un 17%, la rigidez se ha incrementado en un 25%&hellip;","_links":{"self":[{"href":"https:\/\/staging.srokafinal.lets-preprod.com\/es\/wp-json\/wp\/v2\/pages\/104480","targetHints":{"allow":["GET"]}}],"collection":[{"href":"https:\/\/staging.srokafinal.lets-preprod.com\/es\/wp-json\/wp\/v2\/pages"}],"about":[{"href":"https:\/\/staging.srokafinal.lets-preprod.com\/es\/wp-json\/wp\/v2\/types\/page"}],"author":[{"embeddable":true,"href":"https:\/\/staging.srokafinal.lets-preprod.com\/es\/wp-json\/wp\/v2\/users\/1"}],"replies":[{"embeddable":true,"href":"https:\/\/staging.srokafinal.lets-preprod.com\/es\/wp-json\/wp\/v2\/comments?post=104480"}],"version-history":[{"count":21,"href":"https:\/\/staging.srokafinal.lets-preprod.com\/es\/wp-json\/wp\/v2\/pages\/104480\/revisions"}],"predecessor-version":[{"id":132688,"href":"https:\/\/staging.srokafinal.lets-preprod.com\/es\/wp-json\/wp\/v2\/pages\/104480\/revisions\/132688"}],"wp:featuredmedia":[{"embeddable":true,"href":"https:\/\/staging.srokafinal.lets-preprod.com\/es\/wp-json\/wp\/v2\/media\/104578"}],"wp:attachment":[{"href":"https:\/\/staging.srokafinal.lets-preprod.com\/es\/wp-json\/wp\/v2\/media?parent=104480"}],"curies":[{"name":"wp","href":"https:\/\/api.w.org\/{rel}","templated":true}]}}