


{"id":104502,"date":"2018-05-30T10:34:00","date_gmt":"2018-05-30T08:34:00","guid":{"rendered":"https:\/\/srokacompany.com\/politica-de-privacidad\/"},"modified":"2018-05-30T10:34:00","modified_gmt":"2018-05-30T10:34:00","slug":"politica-de-privacidad","status":"publish","type":"page","link":"https:\/\/staging.srokafinal.lets-preprod.com\/es\/politica-de-privacidad\/","title":{"rendered":"Pol\u00edtica de privacidad"},"content":{"rendered":"<h3><b>PROTECCI\u00d3N DE DATOS PERSONALES<\/b><\/h3>\n<p><span style=\"font-weight: 400;\">En SROKA nos preocupamos por la protecci\u00f3n de datos personales. Es por eso que buscamos garantizarle la mejor protecci\u00f3n de acuerdo con la Ley de Protecci\u00f3n de Datos.<\/span><\/p>\n<p><span style=\"font-weight: 400;\">Para m\u00e1s informaci\u00f3n, visite el sitio web de la Comisi\u00f3n de Inform\u00e1tica y Libertad <\/span><a href=\"https:\/\/www.cnil.fr\/\"><br \/>\n  <span style=\"font-weight: 400;\">www.cnil.fr<\/span><br \/>\n<\/a><\/p>\n<h4><b>Recopilaci\u00f3n de datos personales<\/b><\/h4>\n<h4><b>Gesti\u00f3n de sus pedidos:<\/b><\/h4>\n<p><span style=\"font-weight: 400;\">Para las buenas relaciones comerciales y la gesti\u00f3n de sus pedidos, necesitamos sus datos. Estos datos tambi\u00e9n pueden conservarse como prueba en el cumplimiento de las obligaciones legales y reglamentarias (garant\u00eda, pago, litigio, etc.).<\/span><\/p>\n<p><span style=\"font-weight: 400;\">Personalizaci\u00f3n de nuestras ofertas y servicios:<\/span><\/p>\n<p><span style=\"font-weight: 400;\">Con el fin de personalizar y mejorar nuestras ofertas y servicios en nuestro sitio web y sitios m\u00f3viles, la recopilaci\u00f3n de datos personales es importante.<\/span><\/p>\n<ul>\n<li style=\"font-weight: 400;\"><i><span style=\"font-weight: 400;\">Informaci\u00f3n y boletines informativos<\/span><\/i><\/li>\n<\/ul>\n<p><span style=\"font-weight: 400;\">SROKA te mantiene informado de las ofertas y novedades de las que puedes beneficiarte, por lo que te enviamos boletines informativos (correos electr\u00f3nicos) a partir de los cuales podemos analizar ciertos datos: tasas de apertura y clics, con el fin de adaptar mejor nuestras ofertas futuras. Cada correo electr\u00f3nico le permite darse de baja de nuestra lista de correo.  <\/span><\/p>\n<ul>\n<li style=\"font-weight: 400;\"><i><span style=\"font-weight: 400;\">Correos electr\u00f3nicos comerciales y alertas<\/span><\/i><\/li>\n<\/ul>\n<p><span style=\"font-weight: 400;\">Es posible que reciba informaci\u00f3n por correo electr\u00f3nico despu\u00e9s de un pedido realizado con nosotros por los motivos, por ejemplo:<\/span><\/p>\n<ul>\n<li style=\"list-style-type: none;\">\n<ul>\n<li style=\"font-weight: 400;\"><span style=\"font-weight: 400;\">creas tu cuenta de cliente &#8220;Mi cuenta&#8221;<\/span><\/li>\n<li style=\"font-weight: 400;\"><span style=\"font-weight: 400;\">Realiza un pedido en nuestros sitios, aplicaciones o en la tienda<\/span><\/li>\n<li style=\"font-weight: 400;\"><span style=\"font-weight: 400;\">Navega por nuestros sitios y aplicaciones y ve productos<\/span><\/li>\n<li style=\"font-weight: 400;\"><span style=\"font-weight: 400;\">Participas en un juego o concurso<\/span><\/li>\n<li style=\"font-weight: 400;\"><span style=\"font-weight: 400;\">se pone en contacto con nuestro Servicio de Atenci\u00f3n al Cliente<\/span><\/li>\n<li style=\"font-weight: 400;\"><span style=\"font-weight: 400;\">Est\u00e1s escribiendo un comentario<\/span><\/li>\n<\/ul>\n<\/li>\n<\/ul>\n<p>&nbsp;<\/p>\n<h4><b>Datos recopilados en el sitio web de SROKA<\/b><\/h4>\n<p><b>\u00bfQu\u00e9 datos se recopilan?<\/b><\/p>\n<p><span style=\"font-weight: 400;\">Recopilamos varios datos como: Apellido, Nombre, Correo electr\u00f3nico, Contrase\u00f1a, N\u00famero de tel\u00e9fono, Direcci\u00f3n IP, Datos de conexi\u00f3n y navegaci\u00f3n, historial de pedidos, preferencias e intereses, opciones de entrega, intercambios con el equipo.<\/span><\/p>\n<p><span style=\"font-weight: 400;\">Un asterisco le informa si es obligatorio o no introducir un dato espec\u00edfico. Otros datos se recopilan autom\u00e1ticamente en vista de su interactividad en el sitio.<\/span><\/p>\n<p><span style=\"font-weight: 400;\">Su visita al sitio nos permite recopilar datos de audiencia, como el n\u00famero de p\u00e1ginas visitadas, la hora de la visita, el n\u00famero de visitas al sitio,&#8230;<\/span><\/p>\n<p><span style=\"font-weight: 400;\">No se registran datos bancarios ni transitan por el sitio Srokacompany.com.<\/span><\/p>\n<p>&nbsp;<\/p>\n<p><b>\u00bfCu\u00e1ndo se recopilan los datos?<\/b><\/p>\n<p><span style=\"font-weight: 400;\">La recopilaci\u00f3n de datos se realiza de acuerdo con el ingreso de su informaci\u00f3n cuando:<\/span><\/p>\n<ul>\n<li style=\"font-weight: 400;\"><span style=\"font-weight: 400;\">Creas tu cuenta personal<\/span><\/li>\n<li style=\"font-weight: 400;\"><span style=\"font-weight: 400;\">Te suscribes al bolet\u00edn de noticias<\/span><\/li>\n<li style=\"font-weight: 400;\"><span style=\"font-weight: 400;\">Navega por el sitio y navega por las diferentes p\u00e1ginas y productos<\/span><\/li>\n<li style=\"font-weight: 400;\"><span style=\"font-weight: 400;\">Puede ponerse en contacto con nosotros a trav\u00e9s del formulario de contacto o en el foro de la comunidad<\/span><\/li>\n<li style=\"font-weight: 400;\"><span style=\"font-weight: 400;\">Escribes una rese\u00f1a sobre un producto comprado<\/span><\/li>\n<\/ul>\n<p>&nbsp;<\/p>\n<p><b>Destino de los datos<\/b><\/p>\n<p><span style=\"font-weight: 400;\">Los datos recopilados se destinan exclusivamente al funcionamiento de Srokacompany.com; no se venden ni se alquilan.<\/span><\/p>\n<p><span style=\"font-weight: 400;\">Podr\u00e1 transmitirse a las empresas, filiales o subcontratistas que SROKA utilice en el contexto de la ejecuci\u00f3n de servicios y pedidos, en particular la gesti\u00f3n y el pago.<\/span><\/p>\n<p>&nbsp;<\/p>\n<p><b>Sus derechos con respecto a sus datos personales<\/b><\/p>\n<p><span style=\"font-weight: 400;\">De conformidad con la Ley de Protecci\u00f3n de Datos del 6 de enero de 1978 modificada por la ley del 6 de agosto de 2004, tiene derecho a acceder, rectificar y oponerse a los datos personales que le conciernen. Para ello, puede escribir por correo electr\u00f3nico a contactsrokashop@gmail.com o por correo postal a Sroka Shop, Lieu-dit Keramoal (B\u00e2t Kerabox Nr.20) 29290 Milizac indicando su apellido, nombre, correo electr\u00f3nico y referencia de cliente si es posible. De acuerdo con la normativa vigente, su solicitud debe estar firmada y acompa\u00f1ada de una fotocopia de un documento de identidad que lleve su firma y especificar la direcci\u00f3n a la que debe enviarse la respuesta. A continuaci\u00f3n, se le enviar\u00e1 una respuesta en un plazo de 2 meses a partir de la recepci\u00f3n de la solicitud<\/span><\/p>\n<p>&nbsp;<\/p>\n<h4><b>Redes Sociales<\/b><\/h4>\n<p><span style=\"font-weight: 400;\">Uso de sus datos personales a trav\u00e9s de las redes sociales<\/span><\/p>\n<p><span style=\"font-weight: 400;\">El uso de las redes sociales de SROKA<\/span> <span style=\"font-weight: 400;\">puede dar lugar a la recopilaci\u00f3n e intercambio de algunos de sus datos entre las Redes Sociales y srokacompany.com<\/span><\/p>\n<p><span style=\"font-weight: 400;\">Le aconsejamos que consulte las pol\u00edticas de protecci\u00f3n de datos personales de redes sociales como Facebook e Instagram, que pueden utilizar sus datos, en particular con fines publicitarios.<\/span><\/p>\n<p><span style=\"font-weight: 400;\">En las Redes Sociales, puedes gestionar tus preferencias directamente en tus perfiles. Estos datos se recopilan con el fin de adaptar la publicidad y ofrecer una oferta comercial de acuerdo con sus necesidades. La informaci\u00f3n recabada por srokacompany.com a trav\u00e9s de las redes sociales es por cuenta de SROKA y se rige por las presentes condiciones. Adem\u00e1s, srokacompany.com no se hace responsable del uso de sus datos por parte de las redes sociales.<\/span><\/p>\n<p>&nbsp;<\/p>\n<h4><b>M\u00f3dulos sociales y plug-ins<\/b><\/h4>\n<p><span style=\"font-weight: 400;\">Srokacompany.com utiliza complementos sociales en su sitio que le permiten compartir art\u00edculos o una p\u00e1gina de nuestro sitio en sus redes sociales. Por ejemplo, los botones &#8220;me gusta&#8221; y &#8220;compartir&#8221; de redes sociales de terceros como Facebook, Twitter, Google+, etc. que puedes encontrar en nuestra p\u00e1gina web. Le permiten dar me gusta y compartir informaci\u00f3n de nuestro sitio con sus amigos en las redes sociales. Cuando visita una p\u00e1gina de nuestro sitio  <\/span><a href=\"https:\/\/srokacompany.com\"><span style=\"font-weight: 400;\">www.srokacompany.com<\/span><\/a><span style=\"font-weight: 400;\">  En el caso de los plug-ins o plug-ins sociales, se establece una conexi\u00f3n con los servidores de las redes sociales (Facebook, Twitter, etc.), a los que se informa de que ha accedido a la p\u00e1gina correspondiente del sitio web srokacompany.com visitado, incluso si no tiene una cuenta de usuario de Facebook o Twitter, e incluso si no ha iniciado sesi\u00f3n en su cuenta de Facebook o Twitter. Por ejemplo: Si ha iniciado sesi\u00f3n en una red social cuando navega por el sitio  <\/span><a href=\"https:\/\/srokacompany.com\"><span style=\"font-weight: 400;\">www.srokacompany.com<\/span><\/a><span style=\"font-weight: 400;\">, las redes sociales a las que est\u00e1 conectado pueden mencionar su visita en su cuenta de redes sociales. Si utiliza complementos (por ejemplo, me gusta), sus acciones pueden registrarse y publicarse en sus cuentas de redes sociales en funci\u00f3n de la configuraci\u00f3n de su cuenta de redes sociales. Si no desea que las redes sociales publiquen sus acciones desde los complementos en sus cuentas de redes sociales, debe cerrar sesi\u00f3n en sus redes sociales antes de visitar nuestro sitio.<\/span><\/p>\n<p>&nbsp;<\/p>\n","protected":false},"excerpt":{"rendered":"<p>PROTECCI\u00d3N DE DATOS PERSONALES En SROKA nos preocupamos por la protecci\u00f3n de datos personales. Es por eso que buscamos garantizarle la mejor protecci\u00f3n de acuerdo con la Ley de Protecci\u00f3n de Datos. Para m\u00e1s informaci\u00f3n, visite el sitio web de la Comisi\u00f3n de Inform\u00e1tica y Libertad www.cnil.fr Recopilaci\u00f3n de datos personales Gesti\u00f3n de sus pedidos: [&hellip;]<\/p>\n","protected":false},"author":12,"featured_media":0,"parent":0,"menu_order":0,"comment_status":"closed","ping_status":"closed","template":"","meta":{"_acf_changed":false,"_uag_custom_page_level_css":"","footnotes":""},"class_list":["post-104502","page","type-page","status-publish","hentry"],"acf":[],"yoast_head":"<!-- This site is optimized with the Yoast SEO plugin v25.1 - https:\/\/yoast.com\/wordpress\/plugins\/seo\/ -->\n<title>Pol\u00edtica de privacidad - SROKA Company<\/title>\n<meta name=\"description\" content=\"En SROKA nos preocupamos por la protecci\u00f3n de datos personales. Es por eso que buscamos garantizarte lo mejor...\" \/>\n<meta name=\"robots\" content=\"noindex, follow\" \/>\n<meta property=\"og:locale\" content=\"es_ES\" \/>\n<meta property=\"og:type\" content=\"article\" \/>\n<meta property=\"og:title\" content=\"Pol\u00edtica de privacidad - SROKA Company\" \/>\n<meta property=\"og:description\" content=\"En SROKA nos preocupamos por la protecci\u00f3n de datos personales. Es por eso que buscamos garantizarte lo mejor...\" \/>\n<meta property=\"og:url\" content=\"https:\/\/staging.srokafinal.lets-preprod.com\/es\/politica-de-privacidad\/\" \/>\n<meta property=\"og:site_name\" content=\"SROKA Company\" \/>\n<meta property=\"article:publisher\" content=\"https:\/\/www.facebook.com\/srokawatersports\/\" \/>\n<meta property=\"article:modified_time\" content=\"2018-05-30T10:34:00+00:00\" \/>\n<meta name=\"twitter:label1\" content=\"Tiempo de lectura\" \/>\n\t<meta name=\"twitter:data1\" content=\"5 minutos\" \/>\n<script type=\"application\/ld+json\" class=\"yoast-schema-graph\">{\"@context\":\"https:\/\/schema.org\",\"@graph\":[{\"@type\":\"WebPage\",\"@id\":\"https:\/\/staging.srokafinal.lets-preprod.com\/es\/politica-de-privacidad\/\",\"url\":\"https:\/\/staging.srokafinal.lets-preprod.com\/es\/politica-de-privacidad\/\",\"name\":\"Pol\u00edtica de privacidad - SROKA Company\",\"isPartOf\":{\"@id\":\"https:\/\/staging.srokafinal.lets-preprod.com\/es\/#website\"},\"datePublished\":\"2018-05-30T08:34:00+00:00\",\"dateModified\":\"2018-05-30T10:34:00+00:00\",\"description\":\"En SROKA nos preocupamos por la protecci\u00f3n de datos personales. Es por eso que buscamos garantizarte lo mejor...\",\"breadcrumb\":{\"@id\":\"https:\/\/staging.srokafinal.lets-preprod.com\/es\/politica-de-privacidad\/#breadcrumb\"},\"inLanguage\":\"es\",\"potentialAction\":[{\"@type\":\"ReadAction\",\"target\":[\"https:\/\/staging.srokafinal.lets-preprod.com\/es\/politica-de-privacidad\/\"]}]},{\"@type\":\"BreadcrumbList\",\"@id\":\"https:\/\/staging.srokafinal.lets-preprod.com\/es\/politica-de-privacidad\/#breadcrumb\",\"itemListElement\":[{\"@type\":\"ListItem\",\"position\":1,\"name\":\"Accueil\",\"item\":\"https:\/\/staging.srokafinal.lets-preprod.com\/es\/\"},{\"@type\":\"ListItem\",\"position\":2,\"name\":\"Pol\u00edtica de privacidad\"}]},{\"@type\":\"WebSite\",\"@id\":\"https:\/\/staging.srokafinal.lets-preprod.com\/es\/#website\",\"url\":\"https:\/\/staging.srokafinal.lets-preprod.com\/es\/\",\"name\":\"SROKA Company\",\"description\":\"SUP, Kite, Foil, Wing\",\"publisher\":{\"@id\":\"https:\/\/staging.srokafinal.lets-preprod.com\/es\/#organization\"},\"potentialAction\":[{\"@type\":\"SearchAction\",\"target\":{\"@type\":\"EntryPoint\",\"urlTemplate\":\"https:\/\/staging.srokafinal.lets-preprod.com\/es\/?s={search_term_string}\"},\"query-input\":{\"@type\":\"PropertyValueSpecification\",\"valueRequired\":true,\"valueName\":\"search_term_string\"}}],\"inLanguage\":\"es\"},{\"@type\":\"Organization\",\"@id\":\"https:\/\/staging.srokafinal.lets-preprod.com\/es\/#organization\",\"name\":\"SROKACOMPANY\",\"alternateName\":\"SROKA\",\"url\":\"https:\/\/staging.srokafinal.lets-preprod.com\/es\/\",\"logo\":{\"@type\":\"ImageObject\",\"inLanguage\":\"es\",\"@id\":\"https:\/\/staging.srokafinal.lets-preprod.com\/es\/#\/schema\/logo\/image\/\",\"url\":\"https:\/\/staging.srokafinal.lets-preprod.com\/wp-content\/uploads\/2021\/01\/logo-sroka-black-transpa.png\",\"contentUrl\":\"https:\/\/staging.srokafinal.lets-preprod.com\/wp-content\/uploads\/2021\/01\/logo-sroka-black-transpa.png\",\"width\":1201,\"height\":342,\"caption\":\"SROKACOMPANY\"},\"image\":{\"@id\":\"https:\/\/staging.srokafinal.lets-preprod.com\/es\/#\/schema\/logo\/image\/\"},\"sameAs\":[\"https:\/\/www.facebook.com\/srokawatersports\/\",\"https:\/\/www.instagram.com\/srokawatersports\/\",\"https:\/\/www.youtube.com\/channel\/UCVLHHeaPIm-J5bdEUgxqtZA\"]}]}<\/script>\n<!-- \/ Yoast SEO plugin. -->","yoast_head_json":{"title":"Pol\u00edtica de privacidad - SROKA Company","description":"En SROKA nos preocupamos por la protecci\u00f3n de datos personales. Es por eso que buscamos garantizarte lo mejor...","robots":{"index":"noindex","follow":"follow"},"og_locale":"es_ES","og_type":"article","og_title":"Pol\u00edtica de privacidad - SROKA Company","og_description":"En SROKA nos preocupamos por la protecci\u00f3n de datos personales. Es por eso que buscamos garantizarte lo mejor...","og_url":"https:\/\/staging.srokafinal.lets-preprod.com\/es\/politica-de-privacidad\/","og_site_name":"SROKA Company","article_publisher":"https:\/\/www.facebook.com\/srokawatersports\/","article_modified_time":"2018-05-30T10:34:00+00:00","twitter_misc":{"Tiempo de lectura":"5 minutos"},"schema":{"@context":"https:\/\/schema.org","@graph":[{"@type":"WebPage","@id":"https:\/\/staging.srokafinal.lets-preprod.com\/es\/politica-de-privacidad\/","url":"https:\/\/staging.srokafinal.lets-preprod.com\/es\/politica-de-privacidad\/","name":"Pol\u00edtica de privacidad - SROKA Company","isPartOf":{"@id":"https:\/\/staging.srokafinal.lets-preprod.com\/es\/#website"},"datePublished":"2018-05-30T08:34:00+00:00","dateModified":"2018-05-30T10:34:00+00:00","description":"En SROKA nos preocupamos por la protecci\u00f3n de datos personales. Es por eso que buscamos garantizarte lo mejor...","breadcrumb":{"@id":"https:\/\/staging.srokafinal.lets-preprod.com\/es\/politica-de-privacidad\/#breadcrumb"},"inLanguage":"es","potentialAction":[{"@type":"ReadAction","target":["https:\/\/staging.srokafinal.lets-preprod.com\/es\/politica-de-privacidad\/"]}]},{"@type":"BreadcrumbList","@id":"https:\/\/staging.srokafinal.lets-preprod.com\/es\/politica-de-privacidad\/#breadcrumb","itemListElement":[{"@type":"ListItem","position":1,"name":"Accueil","item":"https:\/\/staging.srokafinal.lets-preprod.com\/es\/"},{"@type":"ListItem","position":2,"name":"Pol\u00edtica de privacidad"}]},{"@type":"WebSite","@id":"https:\/\/staging.srokafinal.lets-preprod.com\/es\/#website","url":"https:\/\/staging.srokafinal.lets-preprod.com\/es\/","name":"SROKA Company","description":"SUP, Kite, Foil, Wing","publisher":{"@id":"https:\/\/staging.srokafinal.lets-preprod.com\/es\/#organization"},"potentialAction":[{"@type":"SearchAction","target":{"@type":"EntryPoint","urlTemplate":"https:\/\/staging.srokafinal.lets-preprod.com\/es\/?s={search_term_string}"},"query-input":{"@type":"PropertyValueSpecification","valueRequired":true,"valueName":"search_term_string"}}],"inLanguage":"es"},{"@type":"Organization","@id":"https:\/\/staging.srokafinal.lets-preprod.com\/es\/#organization","name":"SROKACOMPANY","alternateName":"SROKA","url":"https:\/\/staging.srokafinal.lets-preprod.com\/es\/","logo":{"@type":"ImageObject","inLanguage":"es","@id":"https:\/\/staging.srokafinal.lets-preprod.com\/es\/#\/schema\/logo\/image\/","url":"https:\/\/staging.srokafinal.lets-preprod.com\/wp-content\/uploads\/2021\/01\/logo-sroka-black-transpa.png","contentUrl":"https:\/\/staging.srokafinal.lets-preprod.com\/wp-content\/uploads\/2021\/01\/logo-sroka-black-transpa.png","width":1201,"height":342,"caption":"SROKACOMPANY"},"image":{"@id":"https:\/\/staging.srokafinal.lets-preprod.com\/es\/#\/schema\/logo\/image\/"},"sameAs":["https:\/\/www.facebook.com\/srokawatersports\/","https:\/\/www.instagram.com\/srokawatersports\/","https:\/\/www.youtube.com\/channel\/UCVLHHeaPIm-J5bdEUgxqtZA"]}]}},"uagb_featured_image_src":{"full":false,"thumbnail":false,"medium":false,"medium_large":false,"large":false,"1536x1536":false,"2048x2048":false,"woocommerce_thumbnail":false,"woocommerce_single":false,"woocommerce_gallery_thumbnail":false},"uagb_author_info":{"display_name":"Audrey Triquenaux","author_link":"https:\/\/staging.srokafinal.lets-preprod.com\/es\/blog\/author\/audrey\/"},"uagb_comment_info":0,"uagb_excerpt":"PROTECCI\u00d3N DE DATOS PERSONALES En SROKA nos preocupamos por la protecci\u00f3n de datos personales. Es por eso que buscamos garantizarle la mejor protecci\u00f3n de acuerdo con la Ley de Protecci\u00f3n de Datos. Para m\u00e1s informaci\u00f3n, visite el sitio web de la Comisi\u00f3n de Inform\u00e1tica y Libertad www.cnil.fr Recopilaci\u00f3n de datos personales Gesti\u00f3n de sus pedidos:&hellip;","_links":{"self":[{"href":"https:\/\/staging.srokafinal.lets-preprod.com\/es\/wp-json\/wp\/v2\/pages\/104502","targetHints":{"allow":["GET"]}}],"collection":[{"href":"https:\/\/staging.srokafinal.lets-preprod.com\/es\/wp-json\/wp\/v2\/pages"}],"about":[{"href":"https:\/\/staging.srokafinal.lets-preprod.com\/es\/wp-json\/wp\/v2\/types\/page"}],"author":[{"embeddable":true,"href":"https:\/\/staging.srokafinal.lets-preprod.com\/es\/wp-json\/wp\/v2\/users\/12"}],"replies":[{"embeddable":true,"href":"https:\/\/staging.srokafinal.lets-preprod.com\/es\/wp-json\/wp\/v2\/comments?post=104502"}],"version-history":[{"count":0,"href":"https:\/\/staging.srokafinal.lets-preprod.com\/es\/wp-json\/wp\/v2\/pages\/104502\/revisions"}],"wp:attachment":[{"href":"https:\/\/staging.srokafinal.lets-preprod.com\/es\/wp-json\/wp\/v2\/media?parent=104502"}],"curies":[{"name":"wp","href":"https:\/\/api.w.org\/{rel}","templated":true}]}}