


{"id":104549,"date":"2020-06-17T10:16:55","date_gmt":"2020-06-17T10:16:55","guid":{"rendered":"https:\/\/srokacompany.com\/sroka-en-todo-el-mundo\/compre-un-wing-foil-sroka-enviado-a-los-paises-bajos\/"},"modified":"2020-06-17T10:16:55","modified_gmt":"2020-06-17T10:16:55","slug":"compre-un-wing-foil-sroka-enviado-a-los-paises-bajos","status":"publish","type":"page","link":"https:\/\/staging.srokafinal.lets-preprod.com\/es\/sroka-en-todo-el-mundo\/compre-un-wing-foil-sroka-enviado-a-los-paises-bajos\/","title":{"rendered":"\u00a1Compre un Wing Foil &#8211; SROKA enviado a los Pa\u00edses Bajos!"},"content":{"rendered":"<p><img loading=\"lazy\" decoding=\"async\" class=\"size-full wp-image-23235\" src=\"https:\/\/srokacompany.com\/wp-content\/uploads\/2020\/06\/Bandeau-page-SROKA-Netherlands-1.jpg\" alt=\"Compre un wing foil en los Pa\u00edses Bajos, un surf foil, un SUP foil, un kite foil, un wind foil o un stand-up paddle.\" width=\"2000\" height=\"797\" srcset=\"https:\/\/staging.srokafinal.lets-preprod.com\/wp-content\/uploads\/2020\/06\/Bandeau-page-SROKA-Netherlands-1.jpg 2000w, https:\/\/staging.srokafinal.lets-preprod.com\/wp-content\/uploads\/2020\/06\/Bandeau-page-SROKA-Netherlands-1-600x239.jpg 600w, https:\/\/staging.srokafinal.lets-preprod.com\/wp-content\/uploads\/2020\/06\/Bandeau-page-SROKA-Netherlands-1-300x120.jpg 300w, https:\/\/staging.srokafinal.lets-preprod.com\/wp-content\/uploads\/2020\/06\/Bandeau-page-SROKA-Netherlands-1-768x306.jpg 768w, https:\/\/staging.srokafinal.lets-preprod.com\/wp-content\/uploads\/2020\/06\/Bandeau-page-SROKA-Netherlands-1-1024x408.jpg 1024w\" sizes=\"auto, (max-width: 2000px) 100vw, 2000px\" \/><\/p>\n<p><em>Con 450 km de costa y vientos regulares durante todo el a\u00f1o, los <strong>Pa\u00edses Bajos<\/strong> son un lugar ideal para la pr\u00e1ctica de deportes de tabla y especialmente deportes de viento como el Windsurf, el Kitesurf o el Wing Foil. Algunos lugares tienen m\u00e1s de 150 d\u00edas de viento al a\u00f1o con promedios de casi 30 km\/h durante el a\u00f1o. Debido a una costa situada en el Mar del Norte, las temperaturas son ciertamente fr\u00edas en invierno, \u00a1pero es posible navegar durante todo el a\u00f1o cuando se est\u00e1 bien equipado!  <\/em><\/p>\n<p><em>Algunos lugares est\u00e1n protegidos del oleaje por largos diques, lo que los hace perfectamente planos y perfectos para los entusiastas del freestyle o la velocidad. Los jinetes principiantes tambi\u00e9n encontrar\u00e1n lo que buscan, ya que estos diques proporcionan cuerpos de agua muy seguros. Ideal para virar tu primer Wing Foil, Wind Foil o Kite Foil. Todo lo que tienes que hacer es tomar un poco de mar y salir de esta zona protegida<\/em><em>  para encontrar aguas m\u00e1s turbulentas y divertirse en las olas como en el lugar de <a href=\"https:\/\/www.google.com\/maps\/place\/Brouwersdam,+3253+MH+Ouddorp,+Pays-Bas\/@51.7666703,3.2996973,9z\/data=!4m5!3m4!1s0x47c4f73f960b3121:0x2a3cc1cbdfcb88b9!8m2!3d51.766667!4d3.86\">Brouwersdam<\/a>, probablemente uno de los lugares m\u00e1s famosos del pa\u00eds.<\/em><\/p>\n<p><em>\u00a1Los entusiastas de las olas tampoco se quedan fuera en los Pa\u00edses Bajos! <a href=\"https:\/\/www.google.com\/maps\/place\/Westkapelle,+Pays-Bas\/@51.5300747,3.4400555,14z\/data=!3m1!4b1!4m5!3m4!1s0x47c4bc4a4002da21:0x774cae70bfa0626f!8m2!3d51.5292911!4d3.4405846\">Westkapelle,<\/a> por ejemplo, es un famoso lugar para surfear. Por lo tanto, ser\u00e1 posible que hagas Surf Foil o que lleves tu Wing Foil, Windsurf o Kitesurf para disfrutar de una buena sesi\u00f3n de olas. <a href=\"https:\/\/www.google.com\/maps\/place\/IJmuiden,+Pays-Bas\/@52.458562,4.5474465,13z\/data=!3m1!4b1!4m5!3m4!1s0x47c5f1cb8c50af3d:0xdd4e26411860392e!8m2!3d52.4569544!4d4.6060138\">IJmuiden<\/a> con vientos del oeste al noreste o  <\/em><a href=\"https:\/\/www.google.com\/maps\/place\/Wijk+aan+Zee,+Pays-Bas\/@52.489331,4.5977135,15z\/data=!3m1!4b1!4m5!3m4!1s0x47c5f172d496085d:0xbc554bec4a318ea7!8m2!3d52.4916911!4d4.593325\">Wijk aan Zee<\/a> con viento de sur a oeste tambi\u00e9n son excelentes lugares.<\/p>\n<p><em>Los Pa\u00edses Bajos tambi\u00e9n tienen muchas masas de agua interiores y lagos, como el <a href=\"https:\/\/www.google.com\/maps\/place\/Veluwe\/@52.2185812,5.5577339,10z\/data=!3m1!4b1!4m5!3m4!1s0x47c7c9d88ad308b5:0x3d1880bfd62acc1f!8m2!3d52.2387683!4d5.8322737\">Veluwe<\/a>, lo que permite la pr\u00e1ctica durante todo el a\u00f1o en condiciones m\u00e1s tranquilas y hermosos alrededores. <a href=\"https:\/\/www.google.com\/maps\/search\/Strand+Horst\/@52.3168403,5.5019759,12z\/data=!3m1!4b1\">Strand Horst,<\/a> cerca de \u00c1msterdam, ofrece muchos lugares por descubrir. Y si eres m\u00e1s de caminar y descubridor, los Pa\u00edses Bajos est\u00e1n llenos de canales con escenarios incre\u00edbles que se prestan perfectamente al Stand-Up Paddle. Adem\u00e1s, el<\/em><em>\u00a1La pr\u00e1ctica en los otros lagos y en el mar siempre es posible cuando el viento no est\u00e1 all\u00ed!<\/em><\/p>\n<p><span class=\"s1\"><b>Sroka Watersports<\/b> realiza entregas en todo el mundo.  <\/span><\/p>\n<p class=\"p1\"><span class=\"s1\">\u00bfVives en los Pa\u00edses Bajos y est\u00e1s buscando un <a href=\"https:\/\/srokacompany.com\/2021\/03\/wing-foil-a-lanzarote\/\"><br \/>\n  <b>Wing Foil<\/b><br \/>\n<\/a>, <a href=\"https:\/\/srokacompany.com\/produit\/surf-foil-46-fastflyer\/\"><br \/>\n  <b>Surf Foil<\/b><br \/>\n<\/a>, <a href=\"https:\/\/srokacompany.com\/categorie-produit\/foil-kitefoil-windfoil-surffoil-wakefoil-wingfoil\/supfoil\/\"><br \/>\n  <b>SUP Foil<\/b><br \/>\n<\/a>, <a href=\"https:\/\/srokacompany.com\/eshop\/kite-foil\/\"><br \/>\n  <b>Wind Foil<\/b><br \/>\n<\/a>, <a href=\"https:\/\/srokacompany.com\/eshop\/kite-foil\/\"><br \/>\n  <b>Kite Foil<\/b><br \/>\n<\/a>, <a href=\"https:\/\/srokacompany.com\/eshop\/wake-foil\/\"><br \/>\n  <b>Wake Foil<\/b><br \/>\n<\/a> o <a href=\"https:\/\/srokacompany.com\/produit\/stand-up-paddle-gonflable-easy\/\"><br \/>\n  <b>Inflatable Stand-Up Paddle<\/b><br \/>\n<\/a> ? Trabajamos con los mejores transportistas internacionales para garantizar que su paquete se entregue lo m\u00e1s r\u00e1pido posible y con la seguridad de que su paquete ser\u00e1 transportado en buenas condiciones.  <\/span><span class=\"s1\">Espere entre 3 y 4 d\u00edas para recibir su pedido si vive en los Pa\u00edses Bajos.<\/span><\/p>\n<p>Algunos equipos son complicados de encontrar dependiendo del pa\u00eds en el que te encuentres. Hacemos todo lo posible para que nuestros productos est\u00e9n disponibles en todas partes. Supongamos que quieres comprar un Wing Foil <span class=\"s1\">en los Pa\u00edses Bajos<\/span>. Es posible que su elecci\u00f3n sea limitada y que las marcas disponibles en su \u00e1rea no sean lo que est\u00e1 buscando en t\u00e9rminos de calidad, precio o rendimiento. Con el fin de ofrecerle la posibilidad de elegir calidad al mejor precio, estamos trabajando en la accesibilidad de nuestra gama en todas partes.<\/p>\n<p>Si quieres comprar un Wing Foil en los Pa\u00edses Bajos, un Surf Foil, un Kite Foil, un Stand-Up Paddle, puedes contar con nuestra experiencia internacional y nuestros conocimientos en el mundo de los deportes de tabla para garantizarte la mejor calidad de productos y servicios.<\/p>\n<p class=\"p1\"><span class=\"s1\">No dude en ponerse en contacto con nosotros en <a href=\"mailto:contact@srokacompany.com\"><span class=\"s2\">contact@srokacompany.com<\/span><\/a><span class=\"s2\">,<\/span><\/span> <span class=\"s1\">\u00a1los asesores de habla francesa e inglesa est\u00e1n a su disposici\u00f3n!<\/span><\/p>\n<p>\u00a1Participa en la aventura <a href=\"https:\/\/srokacompany.com\/besroka\/\">#Besroka<\/a><\/p>\n<p><strong>&#8220;Algunos est\u00e1n viviendo su sue\u00f1o y otros est\u00e1n so\u00f1ando sus vidas, yo soy parte del primer grupo&#8221;.<\/strong> &#8211; Bruno SROKA<\/p>\n","protected":false},"excerpt":{"rendered":"<p>Con 450 km de costa y vientos regulares durante todo el a\u00f1o, los Pa\u00edses Bajos son un lugar ideal para la pr\u00e1ctica de deportes de tabla y especialmente deportes de viento como el Windsurf, el Kitesurf o el Wing Foil. Algunos lugares tienen m\u00e1s de 150 d\u00edas de viento al a\u00f1o con promedios de casi [&hellip;]<\/p>\n","protected":false},"author":4,"featured_media":0,"parent":104499,"menu_order":0,"comment_status":"closed","ping_status":"closed","template":"","meta":{"_acf_changed":false,"_uag_custom_page_level_css":"","footnotes":""},"class_list":["post-104549","page","type-page","status-publish","hentry"],"acf":[],"yoast_head":"<!-- This site is optimized with the Yoast SEO plugin v25.1 - https:\/\/yoast.com\/wordpress\/plugins\/seo\/ -->\n<title>\u00a1Compre un Wing Foil - SROKA enviado a los Pa\u00edses Bajos! - SROKA Company<\/title>\n<meta name=\"description\" content=\"\u00bfLe gustar\u00eda comprar un wing foil en los Pa\u00edses Bajos, un foil o un remo? SROKA entrega equipos de calidad, al mejor precio, en todas partes.\" \/>\n<meta name=\"robots\" content=\"noindex, follow, max-snippet:-1, max-image-preview:large, max-video-preview:-1\" \/>\n<meta property=\"og:locale\" content=\"es_ES\" \/>\n<meta property=\"og:type\" content=\"article\" \/>\n<meta property=\"og:title\" content=\"\u00a1Compre un Wing Foil - SROKA enviado a los Pa\u00edses Bajos! - SROKA Company\" \/>\n<meta property=\"og:description\" content=\"\u00bfLe gustar\u00eda comprar un wing foil en los Pa\u00edses Bajos, un foil o un remo? SROKA entrega equipos de calidad, al mejor precio, en todas partes.\" \/>\n<meta property=\"og:url\" content=\"https:\/\/staging.srokafinal.lets-preprod.com\/es\/sroka-en-todo-el-mundo\/compre-un-wing-foil-sroka-enviado-a-los-paises-bajos\/\" \/>\n<meta property=\"og:site_name\" content=\"SROKA Company\" \/>\n<meta property=\"article:publisher\" content=\"https:\/\/www.facebook.com\/srokawatersports\/\" \/>\n<meta property=\"og:image\" content=\"https:\/\/srokacompany.com\/wp-content\/uploads\/2020\/06\/Bandeau-page-SROKA-Netherlands-1.jpg\" \/>\n<meta name=\"twitter:label1\" content=\"Tiempo de lectura\" \/>\n\t<meta name=\"twitter:data1\" content=\"3 minutos\" \/>\n<script type=\"application\/ld+json\" class=\"yoast-schema-graph\">{\"@context\":\"https:\/\/schema.org\",\"@graph\":[{\"@type\":\"WebPage\",\"@id\":\"https:\/\/staging.srokafinal.lets-preprod.com\/es\/sroka-en-todo-el-mundo\/compre-un-wing-foil-sroka-enviado-a-los-paises-bajos\/\",\"url\":\"https:\/\/staging.srokafinal.lets-preprod.com\/es\/sroka-en-todo-el-mundo\/compre-un-wing-foil-sroka-enviado-a-los-paises-bajos\/\",\"name\":\"\u00a1Compre un Wing Foil - SROKA enviado a los Pa\u00edses Bajos! - SROKA Company\",\"isPartOf\":{\"@id\":\"https:\/\/staging.srokafinal.lets-preprod.com\/es\/#website\"},\"primaryImageOfPage\":{\"@id\":\"https:\/\/staging.srokafinal.lets-preprod.com\/es\/sroka-en-todo-el-mundo\/compre-un-wing-foil-sroka-enviado-a-los-paises-bajos\/#primaryimage\"},\"image\":{\"@id\":\"https:\/\/staging.srokafinal.lets-preprod.com\/es\/sroka-en-todo-el-mundo\/compre-un-wing-foil-sroka-enviado-a-los-paises-bajos\/#primaryimage\"},\"thumbnailUrl\":\"https:\/\/srokacompany.com\/wp-content\/uploads\/2020\/06\/Bandeau-page-SROKA-Netherlands-1.jpg\",\"datePublished\":\"2020-06-17T10:16:55+00:00\",\"description\":\"\u00bfLe gustar\u00eda comprar un wing foil en los Pa\u00edses Bajos, un foil o un remo? SROKA entrega equipos de calidad, al mejor precio, en todas partes.\",\"breadcrumb\":{\"@id\":\"https:\/\/staging.srokafinal.lets-preprod.com\/es\/sroka-en-todo-el-mundo\/compre-un-wing-foil-sroka-enviado-a-los-paises-bajos\/#breadcrumb\"},\"inLanguage\":\"es\",\"potentialAction\":[{\"@type\":\"ReadAction\",\"target\":[\"https:\/\/staging.srokafinal.lets-preprod.com\/es\/sroka-en-todo-el-mundo\/compre-un-wing-foil-sroka-enviado-a-los-paises-bajos\/\"]}]},{\"@type\":\"ImageObject\",\"inLanguage\":\"es\",\"@id\":\"https:\/\/staging.srokafinal.lets-preprod.com\/es\/sroka-en-todo-el-mundo\/compre-un-wing-foil-sroka-enviado-a-los-paises-bajos\/#primaryimage\",\"url\":\"https:\/\/srokacompany.com\/wp-content\/uploads\/2020\/06\/Bandeau-page-SROKA-Netherlands-1.jpg\",\"contentUrl\":\"https:\/\/srokacompany.com\/wp-content\/uploads\/2020\/06\/Bandeau-page-SROKA-Netherlands-1.jpg\"},{\"@type\":\"BreadcrumbList\",\"@id\":\"https:\/\/staging.srokafinal.lets-preprod.com\/es\/sroka-en-todo-el-mundo\/compre-un-wing-foil-sroka-enviado-a-los-paises-bajos\/#breadcrumb\",\"itemListElement\":[{\"@type\":\"ListItem\",\"position\":1,\"name\":\"Accueil\",\"item\":\"https:\/\/staging.srokafinal.lets-preprod.com\/es\/\"},{\"@type\":\"ListItem\",\"position\":2,\"name\":\"SROKA en todo el mundo\",\"item\":\"https:\/\/staging.srokafinal.lets-preprod.com\/es\/sroka-worldwide-acheter-un-wing-foil-surf-foil-kite-foil-sup-foil\/\"},{\"@type\":\"ListItem\",\"position\":3,\"name\":\"\u00a1Compre un Wing Foil &#8211; SROKA enviado a los Pa\u00edses Bajos!\"}]},{\"@type\":\"WebSite\",\"@id\":\"https:\/\/staging.srokafinal.lets-preprod.com\/es\/#website\",\"url\":\"https:\/\/staging.srokafinal.lets-preprod.com\/es\/\",\"name\":\"SROKA Company\",\"description\":\"SUP, Kite, Foil, Wing\",\"publisher\":{\"@id\":\"https:\/\/staging.srokafinal.lets-preprod.com\/es\/#organization\"},\"potentialAction\":[{\"@type\":\"SearchAction\",\"target\":{\"@type\":\"EntryPoint\",\"urlTemplate\":\"https:\/\/staging.srokafinal.lets-preprod.com\/es\/?s={search_term_string}\"},\"query-input\":{\"@type\":\"PropertyValueSpecification\",\"valueRequired\":true,\"valueName\":\"search_term_string\"}}],\"inLanguage\":\"es\"},{\"@type\":\"Organization\",\"@id\":\"https:\/\/staging.srokafinal.lets-preprod.com\/es\/#organization\",\"name\":\"SROKACOMPANY\",\"alternateName\":\"SROKA\",\"url\":\"https:\/\/staging.srokafinal.lets-preprod.com\/es\/\",\"logo\":{\"@type\":\"ImageObject\",\"inLanguage\":\"es\",\"@id\":\"https:\/\/staging.srokafinal.lets-preprod.com\/es\/#\/schema\/logo\/image\/\",\"url\":\"https:\/\/staging.srokafinal.lets-preprod.com\/wp-content\/uploads\/2021\/01\/logo-sroka-black-transpa.png\",\"contentUrl\":\"https:\/\/staging.srokafinal.lets-preprod.com\/wp-content\/uploads\/2021\/01\/logo-sroka-black-transpa.png\",\"width\":1201,\"height\":342,\"caption\":\"SROKACOMPANY\"},\"image\":{\"@id\":\"https:\/\/staging.srokafinal.lets-preprod.com\/es\/#\/schema\/logo\/image\/\"},\"sameAs\":[\"https:\/\/www.facebook.com\/srokawatersports\/\",\"https:\/\/www.instagram.com\/srokawatersports\/\",\"https:\/\/www.youtube.com\/channel\/UCVLHHeaPIm-J5bdEUgxqtZA\"]}]}<\/script>\n<!-- \/ Yoast SEO plugin. -->","yoast_head_json":{"title":"\u00a1Compre un Wing Foil - SROKA enviado a los Pa\u00edses Bajos! - SROKA Company","description":"\u00bfLe gustar\u00eda comprar un wing foil en los Pa\u00edses Bajos, un foil o un remo? SROKA entrega equipos de calidad, al mejor precio, en todas partes.","robots":{"index":"noindex","follow":"follow","max-snippet":"max-snippet:-1","max-image-preview":"max-image-preview:large","max-video-preview":"max-video-preview:-1"},"og_locale":"es_ES","og_type":"article","og_title":"\u00a1Compre un Wing Foil - SROKA enviado a los Pa\u00edses Bajos! - SROKA Company","og_description":"\u00bfLe gustar\u00eda comprar un wing foil en los Pa\u00edses Bajos, un foil o un remo? SROKA entrega equipos de calidad, al mejor precio, en todas partes.","og_url":"https:\/\/staging.srokafinal.lets-preprod.com\/es\/sroka-en-todo-el-mundo\/compre-un-wing-foil-sroka-enviado-a-los-paises-bajos\/","og_site_name":"SROKA Company","article_publisher":"https:\/\/www.facebook.com\/srokawatersports\/","og_image":[{"url":"https:\/\/srokacompany.com\/wp-content\/uploads\/2020\/06\/Bandeau-page-SROKA-Netherlands-1.jpg","type":"","width":"","height":""}],"twitter_misc":{"Tiempo de lectura":"3 minutos"},"schema":{"@context":"https:\/\/schema.org","@graph":[{"@type":"WebPage","@id":"https:\/\/staging.srokafinal.lets-preprod.com\/es\/sroka-en-todo-el-mundo\/compre-un-wing-foil-sroka-enviado-a-los-paises-bajos\/","url":"https:\/\/staging.srokafinal.lets-preprod.com\/es\/sroka-en-todo-el-mundo\/compre-un-wing-foil-sroka-enviado-a-los-paises-bajos\/","name":"\u00a1Compre un Wing Foil - SROKA enviado a los Pa\u00edses Bajos! - SROKA Company","isPartOf":{"@id":"https:\/\/staging.srokafinal.lets-preprod.com\/es\/#website"},"primaryImageOfPage":{"@id":"https:\/\/staging.srokafinal.lets-preprod.com\/es\/sroka-en-todo-el-mundo\/compre-un-wing-foil-sroka-enviado-a-los-paises-bajos\/#primaryimage"},"image":{"@id":"https:\/\/staging.srokafinal.lets-preprod.com\/es\/sroka-en-todo-el-mundo\/compre-un-wing-foil-sroka-enviado-a-los-paises-bajos\/#primaryimage"},"thumbnailUrl":"https:\/\/srokacompany.com\/wp-content\/uploads\/2020\/06\/Bandeau-page-SROKA-Netherlands-1.jpg","datePublished":"2020-06-17T10:16:55+00:00","description":"\u00bfLe gustar\u00eda comprar un wing foil en los Pa\u00edses Bajos, un foil o un remo? SROKA entrega equipos de calidad, al mejor precio, en todas partes.","breadcrumb":{"@id":"https:\/\/staging.srokafinal.lets-preprod.com\/es\/sroka-en-todo-el-mundo\/compre-un-wing-foil-sroka-enviado-a-los-paises-bajos\/#breadcrumb"},"inLanguage":"es","potentialAction":[{"@type":"ReadAction","target":["https:\/\/staging.srokafinal.lets-preprod.com\/es\/sroka-en-todo-el-mundo\/compre-un-wing-foil-sroka-enviado-a-los-paises-bajos\/"]}]},{"@type":"ImageObject","inLanguage":"es","@id":"https:\/\/staging.srokafinal.lets-preprod.com\/es\/sroka-en-todo-el-mundo\/compre-un-wing-foil-sroka-enviado-a-los-paises-bajos\/#primaryimage","url":"https:\/\/srokacompany.com\/wp-content\/uploads\/2020\/06\/Bandeau-page-SROKA-Netherlands-1.jpg","contentUrl":"https:\/\/srokacompany.com\/wp-content\/uploads\/2020\/06\/Bandeau-page-SROKA-Netherlands-1.jpg"},{"@type":"BreadcrumbList","@id":"https:\/\/staging.srokafinal.lets-preprod.com\/es\/sroka-en-todo-el-mundo\/compre-un-wing-foil-sroka-enviado-a-los-paises-bajos\/#breadcrumb","itemListElement":[{"@type":"ListItem","position":1,"name":"Accueil","item":"https:\/\/staging.srokafinal.lets-preprod.com\/es\/"},{"@type":"ListItem","position":2,"name":"SROKA en todo el mundo","item":"https:\/\/staging.srokafinal.lets-preprod.com\/es\/sroka-worldwide-acheter-un-wing-foil-surf-foil-kite-foil-sup-foil\/"},{"@type":"ListItem","position":3,"name":"\u00a1Compre un Wing Foil &#8211; SROKA enviado a los Pa\u00edses Bajos!"}]},{"@type":"WebSite","@id":"https:\/\/staging.srokafinal.lets-preprod.com\/es\/#website","url":"https:\/\/staging.srokafinal.lets-preprod.com\/es\/","name":"SROKA Company","description":"SUP, Kite, Foil, Wing","publisher":{"@id":"https:\/\/staging.srokafinal.lets-preprod.com\/es\/#organization"},"potentialAction":[{"@type":"SearchAction","target":{"@type":"EntryPoint","urlTemplate":"https:\/\/staging.srokafinal.lets-preprod.com\/es\/?s={search_term_string}"},"query-input":{"@type":"PropertyValueSpecification","valueRequired":true,"valueName":"search_term_string"}}],"inLanguage":"es"},{"@type":"Organization","@id":"https:\/\/staging.srokafinal.lets-preprod.com\/es\/#organization","name":"SROKACOMPANY","alternateName":"SROKA","url":"https:\/\/staging.srokafinal.lets-preprod.com\/es\/","logo":{"@type":"ImageObject","inLanguage":"es","@id":"https:\/\/staging.srokafinal.lets-preprod.com\/es\/#\/schema\/logo\/image\/","url":"https:\/\/staging.srokafinal.lets-preprod.com\/wp-content\/uploads\/2021\/01\/logo-sroka-black-transpa.png","contentUrl":"https:\/\/staging.srokafinal.lets-preprod.com\/wp-content\/uploads\/2021\/01\/logo-sroka-black-transpa.png","width":1201,"height":342,"caption":"SROKACOMPANY"},"image":{"@id":"https:\/\/staging.srokafinal.lets-preprod.com\/es\/#\/schema\/logo\/image\/"},"sameAs":["https:\/\/www.facebook.com\/srokawatersports\/","https:\/\/www.instagram.com\/srokawatersports\/","https:\/\/www.youtube.com\/channel\/UCVLHHeaPIm-J5bdEUgxqtZA"]}]}},"uagb_featured_image_src":{"full":false,"thumbnail":false,"medium":false,"medium_large":false,"large":false,"1536x1536":false,"2048x2048":false,"woocommerce_thumbnail":false,"woocommerce_single":false,"woocommerce_gallery_thumbnail":false},"uagb_author_info":{"display_name":"Bruno Sroka","author_link":"https:\/\/staging.srokafinal.lets-preprod.com\/es\/blog\/author\/bruno\/"},"uagb_comment_info":0,"uagb_excerpt":"Con 450 km de costa y vientos regulares durante todo el a\u00f1o, los Pa\u00edses Bajos son un lugar ideal para la pr\u00e1ctica de deportes de tabla y especialmente deportes de viento como el Windsurf, el Kitesurf o el Wing Foil. Algunos lugares tienen m\u00e1s de 150 d\u00edas de viento al a\u00f1o con promedios de casi&hellip;","_links":{"self":[{"href":"https:\/\/staging.srokafinal.lets-preprod.com\/es\/wp-json\/wp\/v2\/pages\/104549","targetHints":{"allow":["GET"]}}],"collection":[{"href":"https:\/\/staging.srokafinal.lets-preprod.com\/es\/wp-json\/wp\/v2\/pages"}],"about":[{"href":"https:\/\/staging.srokafinal.lets-preprod.com\/es\/wp-json\/wp\/v2\/types\/page"}],"author":[{"embeddable":true,"href":"https:\/\/staging.srokafinal.lets-preprod.com\/es\/wp-json\/wp\/v2\/users\/4"}],"replies":[{"embeddable":true,"href":"https:\/\/staging.srokafinal.lets-preprod.com\/es\/wp-json\/wp\/v2\/comments?post=104549"}],"version-history":[{"count":0,"href":"https:\/\/staging.srokafinal.lets-preprod.com\/es\/wp-json\/wp\/v2\/pages\/104549\/revisions"}],"up":[{"embeddable":true,"href":"https:\/\/staging.srokafinal.lets-preprod.com\/es\/wp-json\/wp\/v2\/pages\/104499"}],"wp:attachment":[{"href":"https:\/\/staging.srokafinal.lets-preprod.com\/es\/wp-json\/wp\/v2\/media?parent=104549"}],"curies":[{"name":"wp","href":"https:\/\/api.w.org\/{rel}","templated":true}]}}