


{"id":104580,"date":"2020-10-09T10:01:40","date_gmt":"2020-10-09T10:01:40","guid":{"rendered":"https:\/\/srokacompany.com\/sroka-en-todo-el-mundo\/compre-un-wing-foil-sroka-enviado-a-portugal\/"},"modified":"2020-10-09T10:01:40","modified_gmt":"2020-10-09T10:01:40","slug":"compre-un-wing-foil-sroka-enviado-a-portugal","status":"publish","type":"page","link":"https:\/\/staging.srokafinal.lets-preprod.com\/es\/sroka-en-todo-el-mundo\/compre-un-wing-foil-sroka-enviado-a-portugal\/","title":{"rendered":"\u00a1Compre un Wing Foil &#8211; SROKA enviado a Portugal!"},"content":{"rendered":"<p><span class=\"s1\">Si quieres comprar un <a href=\"https:\/\/srokacompany.com\/2021\/03\/wing-foil-a-lanzarote\/\"><br \/>\n  <b>Wing Foil<\/b><br \/>\n<\/a><\/span><span class=\"s1\">  en Portugal, o un <a href=\"https:\/\/srokacompany.com\/produit\/surf-foil-46-fastflyer\/\"><br \/>\n  <b>Surf Foil<\/b><br \/>\n<\/a>, un <a href=\"https:\/\/srokacompany.com\/categorie-produit\/foil-kitefoil-windfoil-surffoil-wakefoil-wingfoil\/supfoil\/\"><br \/>\n  <b>SUP Foil<\/b><br \/>\n<\/a>, un <a href=\"https:\/\/srokacompany.com\/eshop\/kite-foil\/\"><br \/>\n  <b>Wind Foil<\/b><br \/>\n<\/a>, un <a href=\"https:\/\/srokacompany.com\/eshop\/kite-foil\/\"><br \/>\n  <b>Kite Foil<\/b><br \/>\n<\/a>, un <a href=\"https:\/\/srokacompany.com\/eshop\/wake-foil\/\"><br \/>\n  <b>Wake Foil<\/b><br \/>\n<\/a> o un <a href=\"https:\/\/srokacompany.com\/produit\/stand-up-paddle-gonflable-easy\/\"><br \/>\n  <b>Stand-Up Paddle hinchable<\/b><br \/>\n<\/a> para descubrir una de las costas m\u00e1s extraordinarias del mundo para los deportes de tabla, \u00a1te lo entregamos! <b>\u00a1Sroka Watersports<\/b> hace entregas en todo el mundo!<\/span><\/p>\n<p><span class=\"s1\"><img loading=\"lazy\" decoding=\"async\" class=\" wp-image-25524 aligncenter\" src=\"https:\/\/srokacompany.com\/wp-content\/uploads\/2020\/10\/Bandeau-page-SROKA-WORLD-portugal-web-300x120.jpg\" alt=\"Comprar un wing foil en Portugal\" width=\"1382\" height=\"553\" srcset=\"https:\/\/staging.srokafinal.lets-preprod.com\/wp-content\/uploads\/2020\/10\/Bandeau-page-SROKA-WORLD-portugal-web-300x120.jpg 300w, https:\/\/staging.srokafinal.lets-preprod.com\/wp-content\/uploads\/2020\/10\/Bandeau-page-SROKA-WORLD-portugal-web-600x239.jpg 600w, https:\/\/staging.srokafinal.lets-preprod.com\/wp-content\/uploads\/2020\/10\/Bandeau-page-SROKA-WORLD-portugal-web-768x306.jpg 768w\" sizes=\"auto, (max-width: 1382px) 100vw, 1382px\" \/><b><\/b><\/span><\/p>\n<p>&nbsp;<\/p>\n<p><em><strong>Portugal<\/strong> es el hogar de algunos de los lugares de <strong>surf<\/strong> m\u00e1s legendarios del mundo, y su reputaci\u00f3n como <strong>destino de ensue\u00f1o<\/strong> para riders de todo tipo est\u00e1 bien establecida. Y no es porque los deportes de tabla hayan sido revolucionados por la aparici\u00f3n del Wing y el Foil, por lo que deber\u00edamos abandonar esta extraordinaria costa, \u00a1todo lo contrario! El legendario<strong> <a href=\"https:\/\/nazarewaves.com\/en\/Home\/InfoForTourists\">Nazar\u00e9e<\/a><\/strong> , <a href=\"https:\/\/www.surfertoday.com\/surfing\/laird-hamilton-went-foil-surfing-at-nazare\">que algunos campeones ya han abordado en florete<\/a>, no necesita presentaci\u00f3n. El pa\u00eds tambi\u00e9n est\u00e1 lleno de otros lugares menos desalentadores, ideales para aprovechar al m\u00e1ximo su inmenso potencial. Los principiantes se dejar\u00e1n seducir por la encantadora <a href=\"https:\/\/www.visitportugal.com\/en\/NR\/exeres\/906A8BB3-B33D-4A8F-BDA1-AA7FE2F5B5F9\">Praia da Ingrina<\/a> en la regi\u00f3n de Sagres, o por la Praia do Cero en la regi\u00f3n de <a href=\"https:\/\/thesurfatlas.com\/surfing-portugal\/peniche-surf\/\">Peniche<\/a>. Este \u00faltimo tambi\u00e9n ofrece buenos lugares, con un viento regular en alta mar que sopla en verano e invierno. A un nivel m\u00e1s avanzado, y estos son solo ejemplos de las infinitas posibilidades en la costa, Ericeira, <a href=\"https:\/\/www.espinhosurfdestination.com\/\">Espinho<\/a> (que alberga una competencia de longboard a nivel europeo) y Figueira da Foz cumplir\u00e1n todos sus deseos.<\/em><\/p>\n<p><em>Pero Portugal es mucho m\u00e1s que surf. El pa\u00eds tambi\u00e9n ofrece <strong>lugares privilegiados para el Wing Foil o el Kite Foil<\/strong>. Si buscas masas de agua lisas como un espejo, La R\u00eda des Aveiro, en Murtosa, es el lugar perfecto para practicar Downwind Foil, ya sea Kite Foil o Wing Foil. Su laguna es incluso el hogar de una escuela de kitesurf, el <a href=\"https:\/\/www.kiteboardportugal.com\/\">Clube Nortada<\/a>. El peque\u00f1o pueblo en s\u00ed merece una visita. Por lo dem\u00e1s, <a href=\"https:\/\/kitetrip-planner.com\/en\/lagune-dobidos\/\">la laguna de \u00d3bidos<\/a> convencer\u00e1 a cualquiera de sus numerosas ventajas. Infraestructuras, masas de agua suaves y organizadas, t\u00e9rmicas que soplan toda la tarde, se dan las condiciones para hermosas sesiones. Para aquellos que no pueden resistirse a la llamada del mar abierto y el Oc\u00e9ano Atl\u00e1ntico, <a href=\"https:\/\/youtu.be\/ocu4n0KLbNY\">Martinhal<\/a>, el lugar seleccionado para el <strong>Campeonato Nacional de Windsurf Slalom<\/strong> , y <a href=\"https:\/\/www.planetkitesurfholidays.com\/guided-trips\/progression-kitefoiling-clinic-portugal-305\">Viana do Castelo<\/a> le sirven en bandeja de plata vientos t\u00e9rmicos, mares magn\u00edficos y un clima particularmente suave en verano. En la larga tradici\u00f3n mar\u00edtima y surfera de Portugal, Viana do Castelo acoge regularmente importantes eventos relacionados con el surf y los deportes corporales, como el  <strong>Campeonato del Mundo de Bodyboard.<\/strong>  En general, recomendamos finales de primavera, verano y principios de oto\u00f1o para moverse por Portugal. En invierno, las tormentas violentas pueden barrer la costa y las temperaturas bajan, m\u00e1s que en el Mediterr\u00e1neo. Siguen siendo mucho m\u00e1s llevaderos que el norte de Europa. Con una buena combinaci\u00f3n y la opini\u00f3n de los lugare\u00f1os, nada prohibitivo.<\/em><\/p>\n<p><em>Adem\u00e1s, la comunidad ya bien establecida y pr\u00f3spera contin\u00faa creciendo en el sitio y<a href=\"https:\/\/www.planetkitesurfholidays.com\/blog\/new-progression-kitefoiling-clinics-introduced-2020\/\"> atrae a m\u00e1s y<\/a> m\u00e1s personas. Entre dos sesiones de Foil, no dudes en sacar tu <strong>SUP hinchable<\/strong> de su bolsa. <a href=\"https:\/\/www.algarvetips.com\/beaches\/lagoa\/praia-de-benagil\/\">La Praia de Benagil<\/a> y su <strong>impresionante cueva natural<\/strong> accesible desde el mar bien merecen la pena remar. Sebutal, en las afueras de Lisboa, ofrece <strong>avistamiento de delfines en un entorno id\u00edlico<\/strong>. Estas escapadas le permitir\u00e1n conocer en profundidad lo que hace <strong>que Portugal sea tan encantador<\/strong> : precios relativamente bajos, especialmente para la cocina local y orientada al pescado, peque\u00f1os pueblos pintorescos, ciudades ricas en historia y lugare\u00f1os amables. Despu\u00e9s de todo, el <a href=\"https:\/\/www.visitportugal.com\/fr\/content\/la-meilleure-destination-du-monde\">pa\u00eds ha sido votado como el mejor destino tur\u00edstico del mundo.<\/a> Nada menos.<\/em><\/p>\n<p><img loading=\"lazy\" decoding=\"async\" class=\" wp-image-25528 aligncenter\" src=\"https:\/\/srokacompany.com\/wp-content\/uploads\/2020\/10\/bannie%CC%80re-interme%CC%81diaire-portugal-300x85.jpg\" alt=\"Foiling en Portugal\" width=\"1370\" height=\"389\"><\/p>\n<p class=\"p1\"><span class=\"s1\">\u00bfVives en <strong>Portugal<\/strong> y est\u00e1s buscando un <a href=\"https:\/\/srokacompany.com\/2021\/03\/wing-foil-a-lanzarote\/\"><br \/>\n  <b>Wing Foil<\/b><br \/>\n<\/a>, <a href=\"https:\/\/srokacompany.com\/produit\/surf-foil-46-fastflyer\/\"><br \/>\n  <b>un Surf Foil<\/b><br \/>\n<\/a>, un <a href=\"https:\/\/srokacompany.com\/categorie-produit\/foil-kitefoil-windfoil-surffoil-wakefoil-wingfoil\/supfoil\/\"><br \/>\n  <b>SUP Foil<\/b><br \/>\n<\/a>, un <a href=\"https:\/\/srokacompany.com\/eshop\/kite-foil\/\"><br \/>\n  <b>Wind Foil<\/b><br \/>\n<\/a>, un <a href=\"https:\/\/srokacompany.com\/eshop\/kite-foil\/\"><br \/>\n  <b>Kite Foil<\/b><br \/>\n<\/a>, un <a href=\"https:\/\/srokacompany.com\/eshop\/wake-foil\/\"><br \/>\n  <b>Wake Foil<\/b><br \/>\n<\/a> o un <a href=\"https:\/\/srokacompany.com\/produit\/stand-up-paddle-gonflable-easy\/\"><br \/>\n  <b>Stand-Up Paddle hinchable<\/b><br \/>\n<\/a> ? Trabajamos con los mejores transportistas internacionales para garantizar que su paquete se entregue lo m\u00e1s r\u00e1pido posible y con la seguridad de que su paquete ser\u00e1 transportado en buenas condiciones.  <\/span><span class=\"s1\">Espere entre 5 y 7 d\u00edas para recibir su pedido si vive en <strong>Portugal.<\/strong><\/span><\/p>\n<p>Dependiendo de su pa\u00eds de residencia, algunos equipos pueden ser m\u00e1s dif\u00edciles de obtener. Hacemos todo lo posible para que nuestros productos est\u00e9n disponibles en todas partes. Supongamos que quieres comprar un Wing Foil en Portugal. Es posible que su elecci\u00f3n sea limitada y que las marcas disponibles en su \u00e1rea no sean lo que est\u00e1 buscando en t\u00e9rminos de calidad, precio o rendimiento. Es con el objetivo de ofrecerte esta opci\u00f3n de calidad al mejor precio que estamos trabajando en la accesibilidad de nuestra gama, para acompa\u00f1arte en tus mejores sesiones est\u00e9s donde est\u00e9s.<\/p>\n<p><strong>Si desea comprar un Wing Foil en Portugal, un Surf Foil, un Kite Foil, un Stand-Up Paddle, puede contar con nuestra experiencia internacional y nuestros conocimientos en el mundo de los deportes de tabla para garantizarle la mejor calidad de productos y servicios.<\/strong><\/p>\n<p class=\"p1\"><span class=\"s1\">No dude en ponerse en contacto con nosotros en <a href=\"mailto:contact@srokacompany.com\"><span class=\"s2\">contact@srokacompany.com<\/span><\/a><span class=\"s2\">,<\/span><\/span> <span class=\"s1\">\u00a1los asesores de habla francesa e inglesa est\u00e1n a su disposici\u00f3n!<\/span><\/p>\n<p>\u00a1Participa en la aventura <a href=\"https:\/\/srokacompany.com\/besroka\/\">#Besroka<\/a><\/p>\n<p><strong>&#8220;Algunos est\u00e1n viviendo su sue\u00f1o y otros est\u00e1n so\u00f1ando sus vidas, yo soy parte del primer grupo&#8221;.<\/strong> &#8211; Bruno SROKA<\/p>\n","protected":false},"excerpt":{"rendered":"<p>Si quieres comprar un Wing Foil en Portugal, o un Surf Foil , un SUP Foil , un Wind Foil , un Kite Foil , un Wake Foil o un Stand-Up Paddle hinchable para descubrir una de las costas m\u00e1s extraordinarias del mundo para los deportes de tabla, \u00a1te lo entregamos! \u00a1Sroka Watersports hace entregas [&hellip;]<\/p>\n","protected":false},"author":320,"featured_media":0,"parent":104499,"menu_order":0,"comment_status":"closed","ping_status":"closed","template":"","meta":{"_acf_changed":false,"_uag_custom_page_level_css":"","footnotes":""},"class_list":["post-104580","page","type-page","status-publish","hentry"],"acf":[],"yoast_head":"<!-- This site is optimized with the Yoast SEO plugin v25.1 - https:\/\/yoast.com\/wordpress\/plugins\/seo\/ -->\n<title>\u00a1Compre un Wing Foil - SROKA enviado a Portugal! - SROKA Company<\/title>\n<meta name=\"description\" content=\"\u00bfTe gustar\u00eda comprar un wing foil en Portugal, un foil o un remo? SROKA entrega equipos de calidad, al mejor precio, en todas partes.\" \/>\n<meta name=\"robots\" content=\"noindex, follow, max-snippet:-1, max-image-preview:large, max-video-preview:-1\" \/>\n<meta property=\"og:locale\" content=\"es_ES\" \/>\n<meta property=\"og:type\" content=\"article\" \/>\n<meta property=\"og:title\" content=\"\u00a1Compre un Wing Foil - SROKA enviado a Portugal! - SROKA Company\" \/>\n<meta property=\"og:description\" content=\"\u00bfTe gustar\u00eda comprar un wing foil en Portugal, un foil o un remo? SROKA entrega equipos de calidad, al mejor precio, en todas partes.\" \/>\n<meta property=\"og:url\" content=\"https:\/\/staging.srokafinal.lets-preprod.com\/es\/sroka-en-todo-el-mundo\/compre-un-wing-foil-sroka-enviado-a-portugal\/\" \/>\n<meta property=\"og:site_name\" content=\"SROKA Company\" \/>\n<meta property=\"article:publisher\" content=\"https:\/\/www.facebook.com\/srokawatersports\/\" \/>\n<meta property=\"og:image\" content=\"https:\/\/srokacompany.com\/wp-content\/uploads\/2020\/10\/Bandeau-page-SROKA-WORLD-portugal-web-300x120.jpg\" \/>\n<meta name=\"twitter:label1\" content=\"Tiempo de lectura\" \/>\n\t<meta name=\"twitter:data1\" content=\"5 minutos\" \/>\n<script type=\"application\/ld+json\" class=\"yoast-schema-graph\">{\"@context\":\"https:\/\/schema.org\",\"@graph\":[{\"@type\":\"WebPage\",\"@id\":\"https:\/\/staging.srokafinal.lets-preprod.com\/es\/sroka-en-todo-el-mundo\/compre-un-wing-foil-sroka-enviado-a-portugal\/\",\"url\":\"https:\/\/staging.srokafinal.lets-preprod.com\/es\/sroka-en-todo-el-mundo\/compre-un-wing-foil-sroka-enviado-a-portugal\/\",\"name\":\"\u00a1Compre un Wing Foil - SROKA enviado a Portugal! - SROKA Company\",\"isPartOf\":{\"@id\":\"https:\/\/staging.srokafinal.lets-preprod.com\/es\/#website\"},\"primaryImageOfPage\":{\"@id\":\"https:\/\/staging.srokafinal.lets-preprod.com\/es\/sroka-en-todo-el-mundo\/compre-un-wing-foil-sroka-enviado-a-portugal\/#primaryimage\"},\"image\":{\"@id\":\"https:\/\/staging.srokafinal.lets-preprod.com\/es\/sroka-en-todo-el-mundo\/compre-un-wing-foil-sroka-enviado-a-portugal\/#primaryimage\"},\"thumbnailUrl\":\"https:\/\/srokacompany.com\/wp-content\/uploads\/2020\/10\/Bandeau-page-SROKA-WORLD-portugal-web-300x120.jpg\",\"datePublished\":\"2020-10-09T10:01:40+00:00\",\"description\":\"\u00bfTe gustar\u00eda comprar un wing foil en Portugal, un foil o un remo? SROKA entrega equipos de calidad, al mejor precio, en todas partes.\",\"breadcrumb\":{\"@id\":\"https:\/\/staging.srokafinal.lets-preprod.com\/es\/sroka-en-todo-el-mundo\/compre-un-wing-foil-sroka-enviado-a-portugal\/#breadcrumb\"},\"inLanguage\":\"es\",\"potentialAction\":[{\"@type\":\"ReadAction\",\"target\":[\"https:\/\/staging.srokafinal.lets-preprod.com\/es\/sroka-en-todo-el-mundo\/compre-un-wing-foil-sroka-enviado-a-portugal\/\"]}]},{\"@type\":\"ImageObject\",\"inLanguage\":\"es\",\"@id\":\"https:\/\/staging.srokafinal.lets-preprod.com\/es\/sroka-en-todo-el-mundo\/compre-un-wing-foil-sroka-enviado-a-portugal\/#primaryimage\",\"url\":\"https:\/\/srokacompany.com\/wp-content\/uploads\/2020\/10\/Bandeau-page-SROKA-WORLD-portugal-web-300x120.jpg\",\"contentUrl\":\"https:\/\/srokacompany.com\/wp-content\/uploads\/2020\/10\/Bandeau-page-SROKA-WORLD-portugal-web-300x120.jpg\"},{\"@type\":\"BreadcrumbList\",\"@id\":\"https:\/\/staging.srokafinal.lets-preprod.com\/es\/sroka-en-todo-el-mundo\/compre-un-wing-foil-sroka-enviado-a-portugal\/#breadcrumb\",\"itemListElement\":[{\"@type\":\"ListItem\",\"position\":1,\"name\":\"Accueil\",\"item\":\"https:\/\/staging.srokafinal.lets-preprod.com\/es\/\"},{\"@type\":\"ListItem\",\"position\":2,\"name\":\"SROKA en todo el mundo\",\"item\":\"https:\/\/staging.srokafinal.lets-preprod.com\/es\/sroka-worldwide-acheter-un-wing-foil-surf-foil-kite-foil-sup-foil\/\"},{\"@type\":\"ListItem\",\"position\":3,\"name\":\"\u00a1Compre un Wing Foil &#8211; SROKA enviado a Portugal!\"}]},{\"@type\":\"WebSite\",\"@id\":\"https:\/\/staging.srokafinal.lets-preprod.com\/es\/#website\",\"url\":\"https:\/\/staging.srokafinal.lets-preprod.com\/es\/\",\"name\":\"SROKA Company\",\"description\":\"SUP, Kite, Foil, Wing\",\"publisher\":{\"@id\":\"https:\/\/staging.srokafinal.lets-preprod.com\/es\/#organization\"},\"potentialAction\":[{\"@type\":\"SearchAction\",\"target\":{\"@type\":\"EntryPoint\",\"urlTemplate\":\"https:\/\/staging.srokafinal.lets-preprod.com\/es\/?s={search_term_string}\"},\"query-input\":{\"@type\":\"PropertyValueSpecification\",\"valueRequired\":true,\"valueName\":\"search_term_string\"}}],\"inLanguage\":\"es\"},{\"@type\":\"Organization\",\"@id\":\"https:\/\/staging.srokafinal.lets-preprod.com\/es\/#organization\",\"name\":\"SROKACOMPANY\",\"alternateName\":\"SROKA\",\"url\":\"https:\/\/staging.srokafinal.lets-preprod.com\/es\/\",\"logo\":{\"@type\":\"ImageObject\",\"inLanguage\":\"es\",\"@id\":\"https:\/\/staging.srokafinal.lets-preprod.com\/es\/#\/schema\/logo\/image\/\",\"url\":\"https:\/\/staging.srokafinal.lets-preprod.com\/wp-content\/uploads\/2021\/01\/logo-sroka-black-transpa.png\",\"contentUrl\":\"https:\/\/staging.srokafinal.lets-preprod.com\/wp-content\/uploads\/2021\/01\/logo-sroka-black-transpa.png\",\"width\":1201,\"height\":342,\"caption\":\"SROKACOMPANY\"},\"image\":{\"@id\":\"https:\/\/staging.srokafinal.lets-preprod.com\/es\/#\/schema\/logo\/image\/\"},\"sameAs\":[\"https:\/\/www.facebook.com\/srokawatersports\/\",\"https:\/\/www.instagram.com\/srokawatersports\/\",\"https:\/\/www.youtube.com\/channel\/UCVLHHeaPIm-J5bdEUgxqtZA\"]}]}<\/script>\n<!-- \/ Yoast SEO plugin. -->","yoast_head_json":{"title":"\u00a1Compre un Wing Foil - SROKA enviado a Portugal! - SROKA Company","description":"\u00bfTe gustar\u00eda comprar un wing foil en Portugal, un foil o un remo? SROKA entrega equipos de calidad, al mejor precio, en todas partes.","robots":{"index":"noindex","follow":"follow","max-snippet":"max-snippet:-1","max-image-preview":"max-image-preview:large","max-video-preview":"max-video-preview:-1"},"og_locale":"es_ES","og_type":"article","og_title":"\u00a1Compre un Wing Foil - SROKA enviado a Portugal! - SROKA Company","og_description":"\u00bfTe gustar\u00eda comprar un wing foil en Portugal, un foil o un remo? SROKA entrega equipos de calidad, al mejor precio, en todas partes.","og_url":"https:\/\/staging.srokafinal.lets-preprod.com\/es\/sroka-en-todo-el-mundo\/compre-un-wing-foil-sroka-enviado-a-portugal\/","og_site_name":"SROKA Company","article_publisher":"https:\/\/www.facebook.com\/srokawatersports\/","og_image":[{"url":"https:\/\/srokacompany.com\/wp-content\/uploads\/2020\/10\/Bandeau-page-SROKA-WORLD-portugal-web-300x120.jpg","type":"","width":"","height":""}],"twitter_misc":{"Tiempo de lectura":"5 minutos"},"schema":{"@context":"https:\/\/schema.org","@graph":[{"@type":"WebPage","@id":"https:\/\/staging.srokafinal.lets-preprod.com\/es\/sroka-en-todo-el-mundo\/compre-un-wing-foil-sroka-enviado-a-portugal\/","url":"https:\/\/staging.srokafinal.lets-preprod.com\/es\/sroka-en-todo-el-mundo\/compre-un-wing-foil-sroka-enviado-a-portugal\/","name":"\u00a1Compre un Wing Foil - SROKA enviado a Portugal! - SROKA Company","isPartOf":{"@id":"https:\/\/staging.srokafinal.lets-preprod.com\/es\/#website"},"primaryImageOfPage":{"@id":"https:\/\/staging.srokafinal.lets-preprod.com\/es\/sroka-en-todo-el-mundo\/compre-un-wing-foil-sroka-enviado-a-portugal\/#primaryimage"},"image":{"@id":"https:\/\/staging.srokafinal.lets-preprod.com\/es\/sroka-en-todo-el-mundo\/compre-un-wing-foil-sroka-enviado-a-portugal\/#primaryimage"},"thumbnailUrl":"https:\/\/srokacompany.com\/wp-content\/uploads\/2020\/10\/Bandeau-page-SROKA-WORLD-portugal-web-300x120.jpg","datePublished":"2020-10-09T10:01:40+00:00","description":"\u00bfTe gustar\u00eda comprar un wing foil en Portugal, un foil o un remo? SROKA entrega equipos de calidad, al mejor precio, en todas partes.","breadcrumb":{"@id":"https:\/\/staging.srokafinal.lets-preprod.com\/es\/sroka-en-todo-el-mundo\/compre-un-wing-foil-sroka-enviado-a-portugal\/#breadcrumb"},"inLanguage":"es","potentialAction":[{"@type":"ReadAction","target":["https:\/\/staging.srokafinal.lets-preprod.com\/es\/sroka-en-todo-el-mundo\/compre-un-wing-foil-sroka-enviado-a-portugal\/"]}]},{"@type":"ImageObject","inLanguage":"es","@id":"https:\/\/staging.srokafinal.lets-preprod.com\/es\/sroka-en-todo-el-mundo\/compre-un-wing-foil-sroka-enviado-a-portugal\/#primaryimage","url":"https:\/\/srokacompany.com\/wp-content\/uploads\/2020\/10\/Bandeau-page-SROKA-WORLD-portugal-web-300x120.jpg","contentUrl":"https:\/\/srokacompany.com\/wp-content\/uploads\/2020\/10\/Bandeau-page-SROKA-WORLD-portugal-web-300x120.jpg"},{"@type":"BreadcrumbList","@id":"https:\/\/staging.srokafinal.lets-preprod.com\/es\/sroka-en-todo-el-mundo\/compre-un-wing-foil-sroka-enviado-a-portugal\/#breadcrumb","itemListElement":[{"@type":"ListItem","position":1,"name":"Accueil","item":"https:\/\/staging.srokafinal.lets-preprod.com\/es\/"},{"@type":"ListItem","position":2,"name":"SROKA en todo el mundo","item":"https:\/\/staging.srokafinal.lets-preprod.com\/es\/sroka-worldwide-acheter-un-wing-foil-surf-foil-kite-foil-sup-foil\/"},{"@type":"ListItem","position":3,"name":"\u00a1Compre un Wing Foil &#8211; SROKA enviado a Portugal!"}]},{"@type":"WebSite","@id":"https:\/\/staging.srokafinal.lets-preprod.com\/es\/#website","url":"https:\/\/staging.srokafinal.lets-preprod.com\/es\/","name":"SROKA Company","description":"SUP, Kite, Foil, Wing","publisher":{"@id":"https:\/\/staging.srokafinal.lets-preprod.com\/es\/#organization"},"potentialAction":[{"@type":"SearchAction","target":{"@type":"EntryPoint","urlTemplate":"https:\/\/staging.srokafinal.lets-preprod.com\/es\/?s={search_term_string}"},"query-input":{"@type":"PropertyValueSpecification","valueRequired":true,"valueName":"search_term_string"}}],"inLanguage":"es"},{"@type":"Organization","@id":"https:\/\/staging.srokafinal.lets-preprod.com\/es\/#organization","name":"SROKACOMPANY","alternateName":"SROKA","url":"https:\/\/staging.srokafinal.lets-preprod.com\/es\/","logo":{"@type":"ImageObject","inLanguage":"es","@id":"https:\/\/staging.srokafinal.lets-preprod.com\/es\/#\/schema\/logo\/image\/","url":"https:\/\/staging.srokafinal.lets-preprod.com\/wp-content\/uploads\/2021\/01\/logo-sroka-black-transpa.png","contentUrl":"https:\/\/staging.srokafinal.lets-preprod.com\/wp-content\/uploads\/2021\/01\/logo-sroka-black-transpa.png","width":1201,"height":342,"caption":"SROKACOMPANY"},"image":{"@id":"https:\/\/staging.srokafinal.lets-preprod.com\/es\/#\/schema\/logo\/image\/"},"sameAs":["https:\/\/www.facebook.com\/srokawatersports\/","https:\/\/www.instagram.com\/srokawatersports\/","https:\/\/www.youtube.com\/channel\/UCVLHHeaPIm-J5bdEUgxqtZA"]}]}},"uagb_featured_image_src":{"full":false,"thumbnail":false,"medium":false,"medium_large":false,"large":false,"1536x1536":false,"2048x2048":false,"woocommerce_thumbnail":false,"woocommerce_single":false,"woocommerce_gallery_thumbnail":false},"uagb_author_info":{"display_name":"Tristan Dumard","author_link":"https:\/\/staging.srokafinal.lets-preprod.com\/es\/blog\/author\/tristan-dumardgmail-com\/"},"uagb_comment_info":0,"uagb_excerpt":"Si quieres comprar un Wing Foil en Portugal, o un Surf Foil , un SUP Foil , un Wind Foil , un Kite Foil , un Wake Foil o un Stand-Up Paddle hinchable para descubrir una de las costas m\u00e1s extraordinarias del mundo para los deportes de tabla, \u00a1te lo entregamos! \u00a1Sroka Watersports hace entregas&hellip;","_links":{"self":[{"href":"https:\/\/staging.srokafinal.lets-preprod.com\/es\/wp-json\/wp\/v2\/pages\/104580","targetHints":{"allow":["GET"]}}],"collection":[{"href":"https:\/\/staging.srokafinal.lets-preprod.com\/es\/wp-json\/wp\/v2\/pages"}],"about":[{"href":"https:\/\/staging.srokafinal.lets-preprod.com\/es\/wp-json\/wp\/v2\/types\/page"}],"author":[{"embeddable":true,"href":"https:\/\/staging.srokafinal.lets-preprod.com\/es\/wp-json\/wp\/v2\/users\/320"}],"replies":[{"embeddable":true,"href":"https:\/\/staging.srokafinal.lets-preprod.com\/es\/wp-json\/wp\/v2\/comments?post=104580"}],"version-history":[{"count":0,"href":"https:\/\/staging.srokafinal.lets-preprod.com\/es\/wp-json\/wp\/v2\/pages\/104580\/revisions"}],"up":[{"embeddable":true,"href":"https:\/\/staging.srokafinal.lets-preprod.com\/es\/wp-json\/wp\/v2\/pages\/104499"}],"wp:attachment":[{"href":"https:\/\/staging.srokafinal.lets-preprod.com\/es\/wp-json\/wp\/v2\/media?parent=104580"}],"curies":[{"name":"wp","href":"https:\/\/api.w.org\/{rel}","templated":true}]}}