


{"id":104589,"date":"2020-09-29T13:46:41","date_gmt":"2020-09-29T13:46:41","guid":{"rendered":"https:\/\/srokacompany.com\/sroka-en-todo-el-mundo\/compre-un-wing-foil-sroka-entregado-en-el-reino-unido\/"},"modified":"2020-09-29T13:46:41","modified_gmt":"2020-09-29T13:46:41","slug":"compre-un-wing-foil-sroka-entregado-en-el-reino-unido","status":"publish","type":"page","link":"https:\/\/staging.srokafinal.lets-preprod.com\/es\/sroka-en-todo-el-mundo\/compre-un-wing-foil-sroka-entregado-en-el-reino-unido\/","title":{"rendered":"\u00a1Compre un Wing Foil &#8211; SROKA entregado en el Reino Unido!"},"content":{"rendered":"<p><span class=\"s1\"><b><img loading=\"lazy\" decoding=\"async\" class=\"aligncenter wp-image-25337 size-full\" src=\"https:\/\/srokacompany.com\/wp-content\/uploads\/2020\/09\/Bandeau-page-SROKA-WORLD-RU-Wing-foil.jpg\" alt=\"Compra un wing foil en el Reino Unido. \u00a1Cumplimos!\" width=\"2000\" height=\"797\" srcset=\"https:\/\/staging.srokafinal.lets-preprod.com\/wp-content\/uploads\/2020\/09\/Bandeau-page-SROKA-WORLD-RU-Wing-foil.jpg 2000w, https:\/\/staging.srokafinal.lets-preprod.com\/wp-content\/uploads\/2020\/09\/Bandeau-page-SROKA-WORLD-RU-Wing-foil-600x239.jpg 600w, https:\/\/staging.srokafinal.lets-preprod.com\/wp-content\/uploads\/2020\/09\/Bandeau-page-SROKA-WORLD-RU-Wing-foil-300x120.jpg 300w, https:\/\/staging.srokafinal.lets-preprod.com\/wp-content\/uploads\/2020\/09\/Bandeau-page-SROKA-WORLD-RU-Wing-foil-1024x408.jpg 1024w, https:\/\/staging.srokafinal.lets-preprod.com\/wp-content\/uploads\/2020\/09\/Bandeau-page-SROKA-WORLD-RU-Wing-foil-768x306.jpg 768w, https:\/\/staging.srokafinal.lets-preprod.com\/wp-content\/uploads\/2020\/09\/Bandeau-page-SROKA-WORLD-RU-Wing-foil-1536x612.jpg 1536w\" sizes=\"auto, (max-width: 2000px) 100vw, 2000px\" \/><\/b><\/span><\/p>\n<p><span class=\"s1\"><b>Sroka Watersports<\/b> realiza entregas en todo el mundo.  <\/span><span class=\"s1\">Si vives en el Reino Unido y est\u00e1s buscando comprar un  <a href=\"https:\/\/srokacompany.com\/2021\/03\/wing-foil-a-lanzarote\/\"><br \/>\n  <b>Wing Foil<\/b><br \/>\n<\/a>, un  <a href=\"https:\/\/srokacompany.com\/produit\/surf-foil-46-fastflyer\/\"><br \/>\n  <b>Surf Foil<\/b><br \/>\n<\/a>, un  <a href=\"https:\/\/srokacompany.com\/categorie-produit\/foil-kitefoil-windfoil-surffoil-wakefoil-wingfoil\/supfoil\/\"><br \/>\n  <b>SUP Foil<\/b><br \/>\n<\/a>, un <a href=\"https:\/\/srokacompany.com\/eshop\/kite-foil\/\"><br \/>\n  <b>Wind Foil<\/b><br \/>\n<\/a>, un <a href=\"https:\/\/srokacompany.com\/eshop\/kite-foil\/\"><br \/>\n  <b>Kite Foil<\/b><br \/>\n<\/a>, un <a href=\"https:\/\/srokacompany.com\/eshop\/wake-foil\/\"><br \/>\n  <b>Wake Foil<\/b><br \/>\n<\/a> o un <a href=\"https:\/\/srokacompany.com\/produit\/stand-up-paddle-gonflable-easy\/\"><br \/>\n  <b>Stand-Up Paddle hinchable<\/b><br \/>\n<\/a> para disfrutar de las variadas y excepcionales condiciones de la Tierra de la Vela que es el Reino Unido, \u00a1te lo entregamos!<\/span><\/p>\n<p><em>Las costas del Reino Unido han sido el lugar de nacimiento de muchos marineros legendarios, y siguen siendo el hogar de grandes comunidades de marineros. De hecho, los lugares son tan numerosos como variados, las condiciones a menudo est\u00e1n ah\u00ed. Si no te importa el agua fr\u00eda, tienes a tu disposici\u00f3n sesiones excepcionales.  <\/em><\/p>\n<p><em>En primer lugar, Escocia y su misterioso encanto esconden magn\u00edficos rincones.  <a href=\"https:\/\/www.tripadvisor.fr\/Attraction_Review-g551834-d6974145-Reviews-Troon_Beach-Troon_South_Ayrshire_Ayrshire_Scotland.html#REVIEWS\">Troon Beach<\/a> ofrece una enorme masa de agua plana y ventosa, perfecta para la pr\u00e1ctica de Kite Foil, Wing Foil, Wake Foil o Wind Foil, accesible simplemente por una playa de arena, adem\u00e1s de todas las infraestructuras de una ciudad mar\u00edtima. Del mismo modo, el <a href=\"https:\/\/www.tripadvisor.co.uk\/Attraction_Review-g551714-d17759611-Reviews-Portland_Harbour-Isle_of_Portland_Dorset_England.html\">puerto de Portland<\/a>, en el sur de Inglaterra, ofrece un cuerpo de agua plano y protegido. La ciudad se ha acostumbrado a acoger campeonatos de deslizamiento y su comunidad, ofreciendo adem\u00e1s todo tipo de actividades, <a href=\"https:\/\/andrewsimpsoncentres.org\/\">entre ellas escuelas de vela<\/a>. Si ten\u00e9is suerte, podr\u00e9is navegar junto a los delfines que navegan regularmente por la bah\u00eda. Entre  <\/em><em>los lugares menos conocidos por el gran p\u00fablico, hay verdaderas perlas en esta costa sur de Inglaterra. Comenzando desde el este, comenzamos con <a href=\"https:\/\/kitesurfinguk.org.uk\/uk-kite-beaches\/kitesurfing-camber-sands\/\">Camber Sands<\/a>. A menos de dos horas de Londres, el lugar ofrece un viento lateral conocido por su regularidad, que f\u00e1cilmente toma 10 nudos tan pronto como suben las t\u00e9rmicas. Su cuerpo de agua muy abierto ha sido reconocido durante mucho tiempo para el Kite Surf, y se est\u00e1 volviendo cada vez m\u00e1s popular para el Wing y el Surf Foil. Luego vienen dos islas m\u00edticas: <a href=\"https:\/\/www.visitisleofwight.co.uk\/\">la famosa Isla de Wight<\/a>, salvaje, impresionante, magn\u00edfica y llena de rincones a\u00fan desconocidos para el p\u00fablico. Tan arenoso y f\u00e1cil como Wight es rocoso y t\u00e9cnico, <a href=\"https:\/\/www.visit-hampshire.co.uk\/explore\/towns\/hayling-island\">Hayling<\/a> ofrece un cuerpo de agua plano, con muy f\u00e1cil acceso al agua. La pr\u00e1ctica del Foil es tan popular que <a href=\"https:\/\/www.visit-hampshire.co.uk\/explore\/towns\/hayling-island\">el sitio web de la ciudad utiliza fotos de \u00e9l en la portada<\/a> . Por \u00faltimo, <a href=\"https:\/\/www.visitsouthdevon.co.uk\/places\/exmouth-p221953\">Exmouth<\/a> est\u00e1 lleno de clubes n\u00e1uticos, y esto no es casualidad. La ciudad ofrece un cuerpo de agua excepcional que ya ha conquistado a varios kitesurfistas excepcionales que lo han convertido en su lugar casi exclusivo.<\/em><\/p>\n<p><em>Si quieres dejar el ajetreo y el bullicio de los parajes, el <a href=\"https:\/\/www.pembrokeshirecoast.wales\/\">Parque Nacional de la Costa de Pembrokeshire<\/a> te encantar\u00e1. Visible desde su SUP, sus magn\u00edficos acantilados salvajes que se sumergen en un mar esmeralda har\u00e1n que su estancia sea excepcional, en contacto con una flora y fauna local \u00fanicas.<\/em><\/p>\n<p><em>Para los amantes del Surf Foil y el SUP Foil, regresa a <a href=\"https:\/\/www.tripadvisor.com\/Tourism-g186541-Thurso_Caithness_and_Sutherland_Scottish_Highlands_Scotland-Vacations.html\">Escocia a Thurso<\/a>, descrito por el surfista profesional Love Hodel como &#8220;perfecto&#8221;. Alex Wades, periodista de surf de <a href=\"https:\/\/www.surfnation.co.uk\/\">Surf Nation,<\/a> <a href=\"https:\/\/www.telegraph.co.uk\/travel\/activity-and-adventure\/Alex-Wades-top-10-surf-spots\/surf-thurso\/\">lo clasifica entre sus tres mejores lugares<\/a>.  <\/em><\/p>\n<p><em>Recuerde que hay mareas en el Reino Unido. En caso de que no tenga viento ni agua, todav\u00eda tiene la opci\u00f3n de &#8220;lago&#8221;, como en el <a href=\"https:\/\/www.southwestlakes.co.uk\/location\/stithians-lake\/\">lago Stithians<\/a>. El viento constante, el agua plana y el equipo garantizan que nunca se pierda ni un segundo de navegaci\u00f3n.  <\/em><\/p>\n<p class=\"p1\"><span class=\"s1\">\u00bfVives en el <strong>Reino Unido<\/strong> y est\u00e1s buscando un <a href=\"https:\/\/srokacompany.com\/2021\/03\/wing-foil-a-lanzarote\/\"><br \/>\n  <b>Wing Foil<\/b><br \/>\n<\/a>, <a href=\"https:\/\/srokacompany.com\/produit\/surf-foil-46-fastflyer\/\"><br \/>\n  <b>Surf Foil<\/b><br \/>\n<\/a>, <a href=\"https:\/\/srokacompany.com\/categorie-produit\/foil-kitefoil-windfoil-surffoil-wakefoil-wingfoil\/supfoil\/\"><br \/>\n  <b>SUP Foil<\/b><br \/>\n<\/a>, <a href=\"https:\/\/srokacompany.com\/eshop\/kite-foil\/\"><br \/>\n  <b>Wind Foil<\/b><br \/>\n<\/a>, <a href=\"https:\/\/srokacompany.com\/eshop\/kite-foil\/\"><br \/>\n  <b>Kite Foil<\/b><br \/>\n<\/a>, <a href=\"https:\/\/srokacompany.com\/eshop\/wake-foil\/\"><br \/>\n  <b>Wake Foil<\/b><br \/>\n<\/a> o <a href=\"https:\/\/srokacompany.com\/produit\/stand-up-paddle-gonflable-easy\/\"><br \/>\n  <b>Inflatable Stand-Up Paddle<\/b><br \/>\n<\/a> ? Trabajamos con los mejores transportistas internacionales para garantizar que su paquete se entregue lo m\u00e1s r\u00e1pido posible y con la seguridad de que su paquete ser\u00e1 transportado en buenas condiciones.  <\/span><span class=\"s1\">Espere entre 2 y 3 d\u00edas para recibir su pedido si vive en el <strong>Reino Unido<\/strong><strong>.<\/strong><\/span><\/p>\n<p>Dependiendo de su pa\u00eds de residencia, algunos equipos pueden ser m\u00e1s dif\u00edciles de obtener. Hacemos todo lo posible para que nuestros productos est\u00e9n disponibles en todas partes. Supongamos que quieres comprar un Wing Foil en <span class=\"s1\"><br \/>\n  <strong>el Reino Unido<\/strong><br \/>\n<\/span>. Es posible que su elecci\u00f3n sea limitada y que las marcas disponibles en su \u00e1rea no sean lo que est\u00e1 buscando en t\u00e9rminos de calidad, precio o rendimiento. Es con el objetivo de ofrecerte esta opci\u00f3n de calidad al mejor precio que estamos trabajando en la accesibilidad de nuestra gama, para acompa\u00f1arte en tus mejores sesiones est\u00e9s donde est\u00e9s.<\/p>\n<p><strong>Si quieres comprar un Wing Foil <span class=\"s1\">en Espa\u00f1a,<\/span> un Surf Foil, un Kite Foil, un Stand-Up Paddle, puedes contar con nuestra experiencia internacional y nuestros conocimientos en el mundo de los deportes de tabla para garantizarte la mejor calidad de productos y servicios.<\/strong><\/p>\n<p class=\"p1\"><span class=\"s1\">No dude en ponerse en contacto con nosotros en <a href=\"mailto:contact@srokacompany.com\"><span class=\"s2\">contact@srokacompany.com<\/span><\/a><span class=\"s2\">,<\/span><\/span> <span class=\"s1\">\u00a1los asesores de habla francesa e inglesa est\u00e1n a su disposici\u00f3n!<\/span><\/p>\n<p>\u00a1Participa en la aventura <a href=\"https:\/\/srokacompany.com\/besroka\/\">#Besroka<\/a><\/p>\n<p><strong>&#8220;Algunos est\u00e1n viviendo su sue\u00f1o y otros est\u00e1n so\u00f1ando sus vidas, yo soy parte del primer grupo&#8221;.<\/strong> \u2013 Bruno SROKA<\/p>\n<p class=\"p1\">\n","protected":false},"excerpt":{"rendered":"<p>Sroka Watersports realiza entregas en todo el mundo. Si vives en el Reino Unido y est\u00e1s buscando comprar un Wing Foil , un Surf Foil , un SUP Foil , un Wind Foil , un Kite Foil , un Wake Foil o un Stand-Up Paddle hinchable para disfrutar de las variadas y excepcionales condiciones de [&hellip;]<\/p>\n","protected":false},"author":320,"featured_media":0,"parent":104499,"menu_order":0,"comment_status":"closed","ping_status":"closed","template":"","meta":{"_acf_changed":false,"_uag_custom_page_level_css":"","footnotes":""},"class_list":["post-104589","page","type-page","status-publish","hentry"],"acf":[],"yoast_head":"<!-- This site is optimized with the Yoast SEO plugin v25.1 - https:\/\/yoast.com\/wordpress\/plugins\/seo\/ -->\n<title>\u00a1Compre un Wing Foil - SROKA entregado en el Reino Unido! -<\/title>\n<meta name=\"description\" content=\"\u00bfQuieres comprar un wing foil en Espa\u00f1a, un foil o una pala? SROKA entrega equipos de calidad, al mejor precio, en todas partes.\" \/>\n<meta name=\"robots\" content=\"noindex, follow, max-snippet:-1, max-image-preview:large, max-video-preview:-1\" \/>\n<meta property=\"og:locale\" content=\"es_ES\" \/>\n<meta property=\"og:type\" content=\"article\" \/>\n<meta property=\"og:title\" content=\"\u00a1Compre un Wing Foil - SROKA entregado en el Reino Unido! -\" \/>\n<meta property=\"og:description\" content=\"\u00bfQuieres comprar un wing foil en Espa\u00f1a, un foil o una pala? SROKA entrega equipos de calidad, al mejor precio, en todas partes.\" \/>\n<meta property=\"og:url\" content=\"https:\/\/staging.srokafinal.lets-preprod.com\/es\/sroka-en-todo-el-mundo\/compre-un-wing-foil-sroka-entregado-en-el-reino-unido\/\" \/>\n<meta property=\"og:site_name\" content=\"SROKA Company\" \/>\n<meta property=\"article:publisher\" content=\"https:\/\/www.facebook.com\/srokawatersports\/\" \/>\n<meta property=\"og:image\" content=\"https:\/\/srokacompany.com\/wp-content\/uploads\/2020\/09\/Bandeau-page-SROKA-WORLD-RU-Wing-foil.jpg\" \/>\n<meta name=\"twitter:label1\" content=\"Tiempo de lectura\" \/>\n\t<meta name=\"twitter:data1\" content=\"4 minutos\" \/>\n<script type=\"application\/ld+json\" class=\"yoast-schema-graph\">{\"@context\":\"https:\/\/schema.org\",\"@graph\":[{\"@type\":\"WebPage\",\"@id\":\"https:\/\/staging.srokafinal.lets-preprod.com\/es\/sroka-en-todo-el-mundo\/compre-un-wing-foil-sroka-entregado-en-el-reino-unido\/\",\"url\":\"https:\/\/staging.srokafinal.lets-preprod.com\/es\/sroka-en-todo-el-mundo\/compre-un-wing-foil-sroka-entregado-en-el-reino-unido\/\",\"name\":\"\u00a1Compre un Wing Foil - SROKA entregado en el Reino Unido! -\",\"isPartOf\":{\"@id\":\"https:\/\/staging.srokafinal.lets-preprod.com\/es\/#website\"},\"primaryImageOfPage\":{\"@id\":\"https:\/\/staging.srokafinal.lets-preprod.com\/es\/sroka-en-todo-el-mundo\/compre-un-wing-foil-sroka-entregado-en-el-reino-unido\/#primaryimage\"},\"image\":{\"@id\":\"https:\/\/staging.srokafinal.lets-preprod.com\/es\/sroka-en-todo-el-mundo\/compre-un-wing-foil-sroka-entregado-en-el-reino-unido\/#primaryimage\"},\"thumbnailUrl\":\"https:\/\/srokacompany.com\/wp-content\/uploads\/2020\/09\/Bandeau-page-SROKA-WORLD-RU-Wing-foil.jpg\",\"datePublished\":\"2020-09-29T13:46:41+00:00\",\"description\":\"\u00bfQuieres comprar un wing foil en Espa\u00f1a, un foil o una pala? SROKA entrega equipos de calidad, al mejor precio, en todas partes.\",\"breadcrumb\":{\"@id\":\"https:\/\/staging.srokafinal.lets-preprod.com\/es\/sroka-en-todo-el-mundo\/compre-un-wing-foil-sroka-entregado-en-el-reino-unido\/#breadcrumb\"},\"inLanguage\":\"es\",\"potentialAction\":[{\"@type\":\"ReadAction\",\"target\":[\"https:\/\/staging.srokafinal.lets-preprod.com\/es\/sroka-en-todo-el-mundo\/compre-un-wing-foil-sroka-entregado-en-el-reino-unido\/\"]}]},{\"@type\":\"ImageObject\",\"inLanguage\":\"es\",\"@id\":\"https:\/\/staging.srokafinal.lets-preprod.com\/es\/sroka-en-todo-el-mundo\/compre-un-wing-foil-sroka-entregado-en-el-reino-unido\/#primaryimage\",\"url\":\"https:\/\/srokacompany.com\/wp-content\/uploads\/2020\/09\/Bandeau-page-SROKA-WORLD-RU-Wing-foil.jpg\",\"contentUrl\":\"https:\/\/srokacompany.com\/wp-content\/uploads\/2020\/09\/Bandeau-page-SROKA-WORLD-RU-Wing-foil.jpg\"},{\"@type\":\"BreadcrumbList\",\"@id\":\"https:\/\/staging.srokafinal.lets-preprod.com\/es\/sroka-en-todo-el-mundo\/compre-un-wing-foil-sroka-entregado-en-el-reino-unido\/#breadcrumb\",\"itemListElement\":[{\"@type\":\"ListItem\",\"position\":1,\"name\":\"Accueil\",\"item\":\"https:\/\/staging.srokafinal.lets-preprod.com\/es\/\"},{\"@type\":\"ListItem\",\"position\":2,\"name\":\"SROKA en todo el mundo\",\"item\":\"https:\/\/staging.srokafinal.lets-preprod.com\/es\/sroka-worldwide-acheter-un-wing-foil-surf-foil-kite-foil-sup-foil\/\"},{\"@type\":\"ListItem\",\"position\":3,\"name\":\"\u00a1Compre un Wing Foil &#8211; SROKA entregado en el Reino Unido!\"}]},{\"@type\":\"WebSite\",\"@id\":\"https:\/\/staging.srokafinal.lets-preprod.com\/es\/#website\",\"url\":\"https:\/\/staging.srokafinal.lets-preprod.com\/es\/\",\"name\":\"SROKA Company\",\"description\":\"SUP, Kite, Foil, Wing\",\"publisher\":{\"@id\":\"https:\/\/staging.srokafinal.lets-preprod.com\/es\/#organization\"},\"potentialAction\":[{\"@type\":\"SearchAction\",\"target\":{\"@type\":\"EntryPoint\",\"urlTemplate\":\"https:\/\/staging.srokafinal.lets-preprod.com\/es\/?s={search_term_string}\"},\"query-input\":{\"@type\":\"PropertyValueSpecification\",\"valueRequired\":true,\"valueName\":\"search_term_string\"}}],\"inLanguage\":\"es\"},{\"@type\":\"Organization\",\"@id\":\"https:\/\/staging.srokafinal.lets-preprod.com\/es\/#organization\",\"name\":\"SROKACOMPANY\",\"alternateName\":\"SROKA\",\"url\":\"https:\/\/staging.srokafinal.lets-preprod.com\/es\/\",\"logo\":{\"@type\":\"ImageObject\",\"inLanguage\":\"es\",\"@id\":\"https:\/\/staging.srokafinal.lets-preprod.com\/es\/#\/schema\/logo\/image\/\",\"url\":\"https:\/\/staging.srokafinal.lets-preprod.com\/wp-content\/uploads\/2021\/01\/logo-sroka-black-transpa.png\",\"contentUrl\":\"https:\/\/staging.srokafinal.lets-preprod.com\/wp-content\/uploads\/2021\/01\/logo-sroka-black-transpa.png\",\"width\":1201,\"height\":342,\"caption\":\"SROKACOMPANY\"},\"image\":{\"@id\":\"https:\/\/staging.srokafinal.lets-preprod.com\/es\/#\/schema\/logo\/image\/\"},\"sameAs\":[\"https:\/\/www.facebook.com\/srokawatersports\/\",\"https:\/\/www.instagram.com\/srokawatersports\/\",\"https:\/\/www.youtube.com\/channel\/UCVLHHeaPIm-J5bdEUgxqtZA\"]}]}<\/script>\n<!-- \/ Yoast SEO plugin. -->","yoast_head_json":{"title":"\u00a1Compre un Wing Foil - SROKA entregado en el Reino Unido! -","description":"\u00bfQuieres comprar un wing foil en Espa\u00f1a, un foil o una pala? SROKA entrega equipos de calidad, al mejor precio, en todas partes.","robots":{"index":"noindex","follow":"follow","max-snippet":"max-snippet:-1","max-image-preview":"max-image-preview:large","max-video-preview":"max-video-preview:-1"},"og_locale":"es_ES","og_type":"article","og_title":"\u00a1Compre un Wing Foil - SROKA entregado en el Reino Unido! -","og_description":"\u00bfQuieres comprar un wing foil en Espa\u00f1a, un foil o una pala? SROKA entrega equipos de calidad, al mejor precio, en todas partes.","og_url":"https:\/\/staging.srokafinal.lets-preprod.com\/es\/sroka-en-todo-el-mundo\/compre-un-wing-foil-sroka-entregado-en-el-reino-unido\/","og_site_name":"SROKA Company","article_publisher":"https:\/\/www.facebook.com\/srokawatersports\/","og_image":[{"url":"https:\/\/srokacompany.com\/wp-content\/uploads\/2020\/09\/Bandeau-page-SROKA-WORLD-RU-Wing-foil.jpg","type":"","width":"","height":""}],"twitter_misc":{"Tiempo de lectura":"4 minutos"},"schema":{"@context":"https:\/\/schema.org","@graph":[{"@type":"WebPage","@id":"https:\/\/staging.srokafinal.lets-preprod.com\/es\/sroka-en-todo-el-mundo\/compre-un-wing-foil-sroka-entregado-en-el-reino-unido\/","url":"https:\/\/staging.srokafinal.lets-preprod.com\/es\/sroka-en-todo-el-mundo\/compre-un-wing-foil-sroka-entregado-en-el-reino-unido\/","name":"\u00a1Compre un Wing Foil - SROKA entregado en el Reino Unido! -","isPartOf":{"@id":"https:\/\/staging.srokafinal.lets-preprod.com\/es\/#website"},"primaryImageOfPage":{"@id":"https:\/\/staging.srokafinal.lets-preprod.com\/es\/sroka-en-todo-el-mundo\/compre-un-wing-foil-sroka-entregado-en-el-reino-unido\/#primaryimage"},"image":{"@id":"https:\/\/staging.srokafinal.lets-preprod.com\/es\/sroka-en-todo-el-mundo\/compre-un-wing-foil-sroka-entregado-en-el-reino-unido\/#primaryimage"},"thumbnailUrl":"https:\/\/srokacompany.com\/wp-content\/uploads\/2020\/09\/Bandeau-page-SROKA-WORLD-RU-Wing-foil.jpg","datePublished":"2020-09-29T13:46:41+00:00","description":"\u00bfQuieres comprar un wing foil en Espa\u00f1a, un foil o una pala? SROKA entrega equipos de calidad, al mejor precio, en todas partes.","breadcrumb":{"@id":"https:\/\/staging.srokafinal.lets-preprod.com\/es\/sroka-en-todo-el-mundo\/compre-un-wing-foil-sroka-entregado-en-el-reino-unido\/#breadcrumb"},"inLanguage":"es","potentialAction":[{"@type":"ReadAction","target":["https:\/\/staging.srokafinal.lets-preprod.com\/es\/sroka-en-todo-el-mundo\/compre-un-wing-foil-sroka-entregado-en-el-reino-unido\/"]}]},{"@type":"ImageObject","inLanguage":"es","@id":"https:\/\/staging.srokafinal.lets-preprod.com\/es\/sroka-en-todo-el-mundo\/compre-un-wing-foil-sroka-entregado-en-el-reino-unido\/#primaryimage","url":"https:\/\/srokacompany.com\/wp-content\/uploads\/2020\/09\/Bandeau-page-SROKA-WORLD-RU-Wing-foil.jpg","contentUrl":"https:\/\/srokacompany.com\/wp-content\/uploads\/2020\/09\/Bandeau-page-SROKA-WORLD-RU-Wing-foil.jpg"},{"@type":"BreadcrumbList","@id":"https:\/\/staging.srokafinal.lets-preprod.com\/es\/sroka-en-todo-el-mundo\/compre-un-wing-foil-sroka-entregado-en-el-reino-unido\/#breadcrumb","itemListElement":[{"@type":"ListItem","position":1,"name":"Accueil","item":"https:\/\/staging.srokafinal.lets-preprod.com\/es\/"},{"@type":"ListItem","position":2,"name":"SROKA en todo el mundo","item":"https:\/\/staging.srokafinal.lets-preprod.com\/es\/sroka-worldwide-acheter-un-wing-foil-surf-foil-kite-foil-sup-foil\/"},{"@type":"ListItem","position":3,"name":"\u00a1Compre un Wing Foil &#8211; SROKA entregado en el Reino Unido!"}]},{"@type":"WebSite","@id":"https:\/\/staging.srokafinal.lets-preprod.com\/es\/#website","url":"https:\/\/staging.srokafinal.lets-preprod.com\/es\/","name":"SROKA Company","description":"SUP, Kite, Foil, Wing","publisher":{"@id":"https:\/\/staging.srokafinal.lets-preprod.com\/es\/#organization"},"potentialAction":[{"@type":"SearchAction","target":{"@type":"EntryPoint","urlTemplate":"https:\/\/staging.srokafinal.lets-preprod.com\/es\/?s={search_term_string}"},"query-input":{"@type":"PropertyValueSpecification","valueRequired":true,"valueName":"search_term_string"}}],"inLanguage":"es"},{"@type":"Organization","@id":"https:\/\/staging.srokafinal.lets-preprod.com\/es\/#organization","name":"SROKACOMPANY","alternateName":"SROKA","url":"https:\/\/staging.srokafinal.lets-preprod.com\/es\/","logo":{"@type":"ImageObject","inLanguage":"es","@id":"https:\/\/staging.srokafinal.lets-preprod.com\/es\/#\/schema\/logo\/image\/","url":"https:\/\/staging.srokafinal.lets-preprod.com\/wp-content\/uploads\/2021\/01\/logo-sroka-black-transpa.png","contentUrl":"https:\/\/staging.srokafinal.lets-preprod.com\/wp-content\/uploads\/2021\/01\/logo-sroka-black-transpa.png","width":1201,"height":342,"caption":"SROKACOMPANY"},"image":{"@id":"https:\/\/staging.srokafinal.lets-preprod.com\/es\/#\/schema\/logo\/image\/"},"sameAs":["https:\/\/www.facebook.com\/srokawatersports\/","https:\/\/www.instagram.com\/srokawatersports\/","https:\/\/www.youtube.com\/channel\/UCVLHHeaPIm-J5bdEUgxqtZA"]}]}},"uagb_featured_image_src":{"full":false,"thumbnail":false,"medium":false,"medium_large":false,"large":false,"1536x1536":false,"2048x2048":false,"woocommerce_thumbnail":false,"woocommerce_single":false,"woocommerce_gallery_thumbnail":false},"uagb_author_info":{"display_name":"Tristan Dumard","author_link":"https:\/\/staging.srokafinal.lets-preprod.com\/es\/blog\/author\/tristan-dumardgmail-com\/"},"uagb_comment_info":0,"uagb_excerpt":"Sroka Watersports realiza entregas en todo el mundo. Si vives en el Reino Unido y est\u00e1s buscando comprar un Wing Foil , un Surf Foil , un SUP Foil , un Wind Foil , un Kite Foil , un Wake Foil o un Stand-Up Paddle hinchable para disfrutar de las variadas y excepcionales condiciones de&hellip;","_links":{"self":[{"href":"https:\/\/staging.srokafinal.lets-preprod.com\/es\/wp-json\/wp\/v2\/pages\/104589","targetHints":{"allow":["GET"]}}],"collection":[{"href":"https:\/\/staging.srokafinal.lets-preprod.com\/es\/wp-json\/wp\/v2\/pages"}],"about":[{"href":"https:\/\/staging.srokafinal.lets-preprod.com\/es\/wp-json\/wp\/v2\/types\/page"}],"author":[{"embeddable":true,"href":"https:\/\/staging.srokafinal.lets-preprod.com\/es\/wp-json\/wp\/v2\/users\/320"}],"replies":[{"embeddable":true,"href":"https:\/\/staging.srokafinal.lets-preprod.com\/es\/wp-json\/wp\/v2\/comments?post=104589"}],"version-history":[{"count":0,"href":"https:\/\/staging.srokafinal.lets-preprod.com\/es\/wp-json\/wp\/v2\/pages\/104589\/revisions"}],"up":[{"embeddable":true,"href":"https:\/\/staging.srokafinal.lets-preprod.com\/es\/wp-json\/wp\/v2\/pages\/104499"}],"wp:attachment":[{"href":"https:\/\/staging.srokafinal.lets-preprod.com\/es\/wp-json\/wp\/v2\/media?parent=104589"}],"curies":[{"name":"wp","href":"https:\/\/api.w.org\/{rel}","templated":true}]}}