


{"id":106091,"date":"2018-01-16T14:27:50","date_gmt":"2018-01-16T12:27:50","guid":{"rendered":"https:\/\/srokacompany.com\/produit\/bobina-de-correa-10\/"},"modified":"2024-05-21T12:28:28","modified_gmt":"2024-05-21T12:28:28","slug":"bobina-de-correa-10","status":"publish","type":"product","link":"https:\/\/staging.srokafinal.lets-preprod.com\/es\/produit\/bobina-de-correa-10\/","title":{"rendered":"Bobina de correa 10&#8242;"},"content":{"rendered":"<hr>\n<h1>Correa de 10&#8242; para SUP y Wingfoil<\/h1>\n<p>Ofrecemos una gama de bobinas de correa (tel\u00e9fono) con diferentes colores (Negro, Blanco, Rojo, Azul y Verde). Hemos prestado especial atenci\u00f3n a la calidad de la correa con un di\u00e1metro de 8 mm y un hermoso acabado. Esta <strong>correa de SUP de 10&#8242;<\/strong> ha sido probada con \u00e9xito en todo tipo de condiciones por Bruno SROKA en Breta\u00f1a. La correa debe colocarse en el pie trasero a la altura del tobillo para un uso \u00f3ptimo.<\/p>\n<p>Compatible con Stand up Paddle y Foil. \u00a1Descubre todo nuestro mundo de <a href=\"https:\/\/srokacompany.com\/eshop\/planche-wing-foil\/\">Foil,<\/a> <a href=\"https:\/\/srokacompany.com\/news-sroka\/\">tutoriales<\/a> y <a href=\"https:\/\/srokacompany.com\/produit\/stand-up-paddle-tandem-duo-windsup\/\">SUP hinchable<\/a> haciendo clic en los enlaces!<\/p>\n","protected":false},"excerpt":{"rendered":"<p>Correa de 10&#8242; para SUP y Wingfoil Ofrecemos una gama de bobinas de correa (tel\u00e9fono) con diferentes colores (Negro, Blanco, Rojo, Azul y Verde). Hemos prestado especial atenci\u00f3n a la calidad de la correa con un di\u00e1metro de 8 mm y un hermoso acabado. Esta correa de SUP de 10&#8242; ha sido probada con \u00e9xito [&hellip;]<\/p>\n","protected":false},"featured_media":106095,"template":"","meta":{"_acf_changed":false,"_uag_custom_page_level_css":""},"product_brand":[],"product_cat":[2476,2472,2473,2471,2474],"product_tag":[],"class_list":{"0":"post-106091","1":"product","2":"type-product","3":"status-publish","4":"has-post-thumbnail","6":"product_cat-lamina-de-alas","7":"product_cat-accesorios-de-lamina","8":"product_cat-accesorios-surf-foil","9":"product_cat-palas-hinchables","10":"product_cat-accesorios-de-padel","11":"product_shipping_class-envio-pequeno","12":"pa_couleur-black","13":"pa_couleur-blue","14":"pa_couleur-green","15":"pa_couleur-red","16":"pa_couleur-white","18":"first","19":"instock","20":"taxable","21":"shipping-taxable","22":"purchasable","23":"product-type-variable","24":"has-default-attributes"},"acf":[],"yoast_head":"<!-- This site is optimized with the Yoast SEO plugin v25.1 - https:\/\/yoast.com\/wordpress\/plugins\/seo\/ -->\n<title>Bobina de correa 10&#039; - SROKA Company - Accesorios de Stand Up Paddle<\/title>\n<meta name=\"description\" content=\"Esta correa enrollada de 10&#039; para SUP es perfectamente adecuada para Stand up paddle, surf y foiling. Di\u00e1metro 8mm y 4 colores.\" \/>\n<meta name=\"robots\" content=\"noindex, follow, max-snippet:-1, max-image-preview:large, max-video-preview:-1\" \/>\n<meta property=\"og:locale\" content=\"es_ES\" \/>\n<meta property=\"og:type\" content=\"article\" \/>\n<meta property=\"og:title\" content=\"Bobina de correa 10&#039; - SROKA Company - Accesorios de Stand Up Paddle\" \/>\n<meta property=\"og:description\" content=\"Esta correa enrollada de 10&#039; para SUP es perfectamente adecuada para Stand up paddle, surf y foiling. Di\u00e1metro 8mm y 4 colores.\" \/>\n<meta property=\"og:url\" content=\"https:\/\/staging.srokafinal.lets-preprod.com\/es\/produit\/bobina-de-correa-10\/\" \/>\n<meta property=\"og:site_name\" content=\"SROKA Company\" \/>\n<meta property=\"article:publisher\" content=\"https:\/\/www.facebook.com\/srokawatersports\/\" \/>\n<meta property=\"article:modified_time\" content=\"2024-05-21T12:28:28+00:00\" \/>\n<meta property=\"og:image\" content=\"https:\/\/staging.srokafinal.lets-preprod.com\/wp-content\/uploads\/2018\/01\/full-set-coiled-leash-10-sketch.jpg\" \/>\n\t<meta property=\"og:image:width\" content=\"780\" \/>\n\t<meta property=\"og:image:height\" content=\"1040\" \/>\n\t<meta property=\"og:image:type\" content=\"image\/jpeg\" \/>\n<meta name=\"twitter:label1\" content=\"Tiempo de lectura\" \/>\n\t<meta name=\"twitter:data1\" content=\"1 minuto\" \/>\n<script type=\"application\/ld+json\" class=\"yoast-schema-graph\">{\"@context\":\"https:\/\/schema.org\",\"@graph\":[{\"@type\":\"WebPage\",\"@id\":\"https:\/\/staging.srokafinal.lets-preprod.com\/es\/produit\/bobina-de-correa-10\/\",\"url\":\"https:\/\/staging.srokafinal.lets-preprod.com\/es\/produit\/bobina-de-correa-10\/\",\"name\":\"Bobina de correa 10' - SROKA Company - Accesorios de Stand Up Paddle\",\"isPartOf\":{\"@id\":\"https:\/\/staging.srokafinal.lets-preprod.com\/es\/#website\"},\"primaryImageOfPage\":{\"@id\":\"https:\/\/staging.srokafinal.lets-preprod.com\/es\/produit\/bobina-de-correa-10\/#primaryimage\"},\"image\":{\"@id\":\"https:\/\/staging.srokafinal.lets-preprod.com\/es\/produit\/bobina-de-correa-10\/#primaryimage\"},\"thumbnailUrl\":\"https:\/\/staging.srokafinal.lets-preprod.com\/wp-content\/uploads\/2018\/01\/full-set-coiled-leash-10-sketch.jpg\",\"datePublished\":\"2018-01-16T12:27:50+00:00\",\"dateModified\":\"2024-05-21T12:28:28+00:00\",\"description\":\"Esta correa enrollada de 10' para SUP es perfectamente adecuada para Stand up paddle, surf y foiling. Di\u00e1metro 8mm y 4 colores.\",\"breadcrumb\":{\"@id\":\"https:\/\/staging.srokafinal.lets-preprod.com\/es\/produit\/bobina-de-correa-10\/#breadcrumb\"},\"inLanguage\":\"es\",\"potentialAction\":[{\"@type\":\"ReadAction\",\"target\":[\"https:\/\/staging.srokafinal.lets-preprod.com\/es\/produit\/bobina-de-correa-10\/\"]}]},{\"@type\":\"ImageObject\",\"inLanguage\":\"es\",\"@id\":\"https:\/\/staging.srokafinal.lets-preprod.com\/es\/produit\/bobina-de-correa-10\/#primaryimage\",\"url\":\"https:\/\/staging.srokafinal.lets-preprod.com\/wp-content\/uploads\/2018\/01\/full-set-coiled-leash-10-sketch.jpg\",\"contentUrl\":\"https:\/\/staging.srokafinal.lets-preprod.com\/wp-content\/uploads\/2018\/01\/full-set-coiled-leash-10-sketch.jpg\",\"width\":780,\"height\":1040,\"caption\":\"Correa enrollada ultra fuerte de 10'\"},{\"@type\":\"BreadcrumbList\",\"@id\":\"https:\/\/staging.srokafinal.lets-preprod.com\/es\/produit\/bobina-de-correa-10\/#breadcrumb\",\"itemListElement\":[{\"@type\":\"ListItem\",\"position\":1,\"name\":\"Accueil\",\"item\":\"https:\/\/staging.srokafinal.lets-preprod.com\/es\/\"},{\"@type\":\"ListItem\",\"position\":2,\"name\":\"Boutique\",\"item\":\"https:\/\/staging.srokafinal.lets-preprod.com\/boutique\/\"},{\"@type\":\"ListItem\",\"position\":3,\"name\":\"Bobina de correa 10&#8242;\"}]},{\"@type\":\"WebSite\",\"@id\":\"https:\/\/staging.srokafinal.lets-preprod.com\/es\/#website\",\"url\":\"https:\/\/staging.srokafinal.lets-preprod.com\/es\/\",\"name\":\"SROKA Company\",\"description\":\"SUP, Kite, Foil, Wing\",\"publisher\":{\"@id\":\"https:\/\/staging.srokafinal.lets-preprod.com\/es\/#organization\"},\"potentialAction\":[{\"@type\":\"SearchAction\",\"target\":{\"@type\":\"EntryPoint\",\"urlTemplate\":\"https:\/\/staging.srokafinal.lets-preprod.com\/es\/?s={search_term_string}\"},\"query-input\":{\"@type\":\"PropertyValueSpecification\",\"valueRequired\":true,\"valueName\":\"search_term_string\"}}],\"inLanguage\":\"es\"},{\"@type\":\"Organization\",\"@id\":\"https:\/\/staging.srokafinal.lets-preprod.com\/es\/#organization\",\"name\":\"SROKACOMPANY\",\"alternateName\":\"SROKA\",\"url\":\"https:\/\/staging.srokafinal.lets-preprod.com\/es\/\",\"logo\":{\"@type\":\"ImageObject\",\"inLanguage\":\"es\",\"@id\":\"https:\/\/staging.srokafinal.lets-preprod.com\/es\/#\/schema\/logo\/image\/\",\"url\":\"https:\/\/staging.srokafinal.lets-preprod.com\/wp-content\/uploads\/2021\/01\/logo-sroka-black-transpa.png\",\"contentUrl\":\"https:\/\/staging.srokafinal.lets-preprod.com\/wp-content\/uploads\/2021\/01\/logo-sroka-black-transpa.png\",\"width\":1201,\"height\":342,\"caption\":\"SROKACOMPANY\"},\"image\":{\"@id\":\"https:\/\/staging.srokafinal.lets-preprod.com\/es\/#\/schema\/logo\/image\/\"},\"sameAs\":[\"https:\/\/www.facebook.com\/srokawatersports\/\",\"https:\/\/www.instagram.com\/srokawatersports\/\",\"https:\/\/www.youtube.com\/channel\/UCVLHHeaPIm-J5bdEUgxqtZA\"]}]}<\/script>\n<!-- \/ Yoast SEO plugin. -->","yoast_head_json":{"title":"Bobina de correa 10' - SROKA Company - Accesorios de Stand Up Paddle","description":"Esta correa enrollada de 10' para SUP es perfectamente adecuada para Stand up paddle, surf y foiling. Di\u00e1metro 8mm y 4 colores.","robots":{"index":"noindex","follow":"follow","max-snippet":"max-snippet:-1","max-image-preview":"max-image-preview:large","max-video-preview":"max-video-preview:-1"},"og_locale":"es_ES","og_type":"article","og_title":"Bobina de correa 10' - SROKA Company - Accesorios de Stand Up Paddle","og_description":"Esta correa enrollada de 10' para SUP es perfectamente adecuada para Stand up paddle, surf y foiling. Di\u00e1metro 8mm y 4 colores.","og_url":"https:\/\/staging.srokafinal.lets-preprod.com\/es\/produit\/bobina-de-correa-10\/","og_site_name":"SROKA Company","article_publisher":"https:\/\/www.facebook.com\/srokawatersports\/","article_modified_time":"2024-05-21T12:28:28+00:00","og_image":[{"width":780,"height":1040,"url":"https:\/\/staging.srokafinal.lets-preprod.com\/wp-content\/uploads\/2018\/01\/full-set-coiled-leash-10-sketch.jpg","type":"image\/jpeg"}],"twitter_misc":{"Tiempo de lectura":"1 minuto"},"schema":{"@context":"https:\/\/schema.org","@graph":[{"@type":"WebPage","@id":"https:\/\/staging.srokafinal.lets-preprod.com\/es\/produit\/bobina-de-correa-10\/","url":"https:\/\/staging.srokafinal.lets-preprod.com\/es\/produit\/bobina-de-correa-10\/","name":"Bobina de correa 10' - SROKA Company - Accesorios de Stand Up Paddle","isPartOf":{"@id":"https:\/\/staging.srokafinal.lets-preprod.com\/es\/#website"},"primaryImageOfPage":{"@id":"https:\/\/staging.srokafinal.lets-preprod.com\/es\/produit\/bobina-de-correa-10\/#primaryimage"},"image":{"@id":"https:\/\/staging.srokafinal.lets-preprod.com\/es\/produit\/bobina-de-correa-10\/#primaryimage"},"thumbnailUrl":"https:\/\/staging.srokafinal.lets-preprod.com\/wp-content\/uploads\/2018\/01\/full-set-coiled-leash-10-sketch.jpg","datePublished":"2018-01-16T12:27:50+00:00","dateModified":"2024-05-21T12:28:28+00:00","description":"Esta correa enrollada de 10' para SUP es perfectamente adecuada para Stand up paddle, surf y foiling. Di\u00e1metro 8mm y 4 colores.","breadcrumb":{"@id":"https:\/\/staging.srokafinal.lets-preprod.com\/es\/produit\/bobina-de-correa-10\/#breadcrumb"},"inLanguage":"es","potentialAction":[{"@type":"ReadAction","target":["https:\/\/staging.srokafinal.lets-preprod.com\/es\/produit\/bobina-de-correa-10\/"]}]},{"@type":"ImageObject","inLanguage":"es","@id":"https:\/\/staging.srokafinal.lets-preprod.com\/es\/produit\/bobina-de-correa-10\/#primaryimage","url":"https:\/\/staging.srokafinal.lets-preprod.com\/wp-content\/uploads\/2018\/01\/full-set-coiled-leash-10-sketch.jpg","contentUrl":"https:\/\/staging.srokafinal.lets-preprod.com\/wp-content\/uploads\/2018\/01\/full-set-coiled-leash-10-sketch.jpg","width":780,"height":1040,"caption":"Correa enrollada ultra fuerte de 10'"},{"@type":"BreadcrumbList","@id":"https:\/\/staging.srokafinal.lets-preprod.com\/es\/produit\/bobina-de-correa-10\/#breadcrumb","itemListElement":[{"@type":"ListItem","position":1,"name":"Accueil","item":"https:\/\/staging.srokafinal.lets-preprod.com\/es\/"},{"@type":"ListItem","position":2,"name":"Boutique","item":"https:\/\/staging.srokafinal.lets-preprod.com\/boutique\/"},{"@type":"ListItem","position":3,"name":"Bobina de correa 10&#8242;"}]},{"@type":"WebSite","@id":"https:\/\/staging.srokafinal.lets-preprod.com\/es\/#website","url":"https:\/\/staging.srokafinal.lets-preprod.com\/es\/","name":"SROKA Company","description":"SUP, Kite, Foil, Wing","publisher":{"@id":"https:\/\/staging.srokafinal.lets-preprod.com\/es\/#organization"},"potentialAction":[{"@type":"SearchAction","target":{"@type":"EntryPoint","urlTemplate":"https:\/\/staging.srokafinal.lets-preprod.com\/es\/?s={search_term_string}"},"query-input":{"@type":"PropertyValueSpecification","valueRequired":true,"valueName":"search_term_string"}}],"inLanguage":"es"},{"@type":"Organization","@id":"https:\/\/staging.srokafinal.lets-preprod.com\/es\/#organization","name":"SROKACOMPANY","alternateName":"SROKA","url":"https:\/\/staging.srokafinal.lets-preprod.com\/es\/","logo":{"@type":"ImageObject","inLanguage":"es","@id":"https:\/\/staging.srokafinal.lets-preprod.com\/es\/#\/schema\/logo\/image\/","url":"https:\/\/staging.srokafinal.lets-preprod.com\/wp-content\/uploads\/2021\/01\/logo-sroka-black-transpa.png","contentUrl":"https:\/\/staging.srokafinal.lets-preprod.com\/wp-content\/uploads\/2021\/01\/logo-sroka-black-transpa.png","width":1201,"height":342,"caption":"SROKACOMPANY"},"image":{"@id":"https:\/\/staging.srokafinal.lets-preprod.com\/es\/#\/schema\/logo\/image\/"},"sameAs":["https:\/\/www.facebook.com\/srokawatersports\/","https:\/\/www.instagram.com\/srokawatersports\/","https:\/\/www.youtube.com\/channel\/UCVLHHeaPIm-J5bdEUgxqtZA"]}]}},"uagb_featured_image_src":{"full":["https:\/\/staging.srokafinal.lets-preprod.com\/wp-content\/uploads\/2018\/01\/full-set-coiled-leash-10-sketch.jpg",780,1040,false],"thumbnail":["https:\/\/staging.srokafinal.lets-preprod.com\/wp-content\/uploads\/2018\/01\/full-set-coiled-leash-10-sketch-150x150.jpg",150,150,true],"medium":["https:\/\/staging.srokafinal.lets-preprod.com\/wp-content\/uploads\/2018\/01\/full-set-coiled-leash-10-sketch-225x300.jpg",225,300,true],"medium_large":["https:\/\/staging.srokafinal.lets-preprod.com\/wp-content\/uploads\/2018\/01\/full-set-coiled-leash-10-sketch-768x1024.jpg",768,1024,true],"large":["https:\/\/staging.srokafinal.lets-preprod.com\/wp-content\/uploads\/2018\/01\/full-set-coiled-leash-10-sketch-768x1024.jpg",768,1024,true],"1536x1536":["https:\/\/staging.srokafinal.lets-preprod.com\/wp-content\/uploads\/2018\/01\/full-set-coiled-leash-10-sketch.jpg",780,1040,false],"2048x2048":["https:\/\/staging.srokafinal.lets-preprod.com\/wp-content\/uploads\/2018\/01\/full-set-coiled-leash-10-sketch.jpg",780,1040,false],"woocommerce_thumbnail":["https:\/\/staging.srokafinal.lets-preprod.com\/wp-content\/uploads\/2018\/01\/full-set-coiled-leash-10-sketch-600x800.jpg",600,800,true],"woocommerce_single":["https:\/\/staging.srokafinal.lets-preprod.com\/wp-content\/uploads\/2018\/01\/full-set-coiled-leash-10-sketch-600x800.jpg",600,800,true],"woocommerce_gallery_thumbnail":["https:\/\/staging.srokafinal.lets-preprod.com\/wp-content\/uploads\/2018\/01\/full-set-coiled-leash-10-sketch-100x100.jpg",100,100,true]},"uagb_author_info":{"display_name":"Bruno Sroka","author_link":"https:\/\/staging.srokafinal.lets-preprod.com\/es\/blog\/author\/"},"uagb_comment_info":0,"uagb_excerpt":"Correa de 10&#8242; para SUP y Wingfoil Ofrecemos una gama de bobinas de correa (tel\u00e9fono) con diferentes colores (Negro, Blanco, Rojo, Azul y Verde). Hemos prestado especial atenci\u00f3n a la calidad de la correa con un di\u00e1metro de 8 mm y un hermoso acabado. Esta correa de SUP de 10&#8242; ha sido probada con \u00e9xito&hellip;","_links":{"self":[{"href":"https:\/\/staging.srokafinal.lets-preprod.com\/es\/wp-json\/wp\/v2\/product\/106091","targetHints":{"allow":["GET"]}}],"collection":[{"href":"https:\/\/staging.srokafinal.lets-preprod.com\/es\/wp-json\/wp\/v2\/product"}],"about":[{"href":"https:\/\/staging.srokafinal.lets-preprod.com\/es\/wp-json\/wp\/v2\/types\/product"}],"wp:featuredmedia":[{"embeddable":true,"href":"https:\/\/staging.srokafinal.lets-preprod.com\/es\/wp-json\/wp\/v2\/media\/106095"}],"wp:attachment":[{"href":"https:\/\/staging.srokafinal.lets-preprod.com\/es\/wp-json\/wp\/v2\/media?parent=106091"}],"wp:term":[{"taxonomy":"product_brand","embeddable":true,"href":"https:\/\/staging.srokafinal.lets-preprod.com\/es\/wp-json\/wp\/v2\/product_brand?post=106091"},{"taxonomy":"product_cat","embeddable":true,"href":"https:\/\/staging.srokafinal.lets-preprod.com\/es\/wp-json\/wp\/v2\/product_cat?post=106091"},{"taxonomy":"product_tag","embeddable":true,"href":"https:\/\/staging.srokafinal.lets-preprod.com\/es\/wp-json\/wp\/v2\/product_tag?post=106091"}],"curies":[{"name":"wp","href":"https:\/\/api.w.org\/{rel}","templated":true}]}}