


{"id":106168,"date":"2019-07-16T13:17:07","date_gmt":"2019-07-16T11:17:07","guid":{"rendered":"https:\/\/srokacompany.com\/produit\/s-foil-clasico-sroka\/"},"modified":"2024-09-12T11:36:16","modified_gmt":"2024-09-12T11:36:16","slug":"s-foil-clasico-sroka","status":"publish","type":"product","link":"https:\/\/staging.srokafinal.lets-preprod.com\/es\/produit\/s-foil-clasico-sroka\/","title":{"rendered":"S-Foil Cl\u00e1sico Sroka"},"content":{"rendered":"<hr>\n<h2>\u00a1Empieza y progresa con facilidad gracias al S-Foil Sroka!<\/h2>\n<p><strong>Vuela<\/strong> f\u00e1cilmente por encima de las olas, enlaza suavemente los giros y descubre el <strong>placer \u00fanico<\/strong> de hacer foils <strong>desde tu primer vuelo<\/strong>. Con el S-Foil Sroka, los principiantes pueden proyectarse en una experiencia de <a href=\"https:\/\/srokacompany.com\/2023\/03\/wingfoil-comment-virer-de-bord-sroka-company\/\">wingfoil<\/a> exitosa y gratificante y los riders experimentados podr\u00e1n divertirse con viento muy ligero. Dise\u00f1ado espec\u00edficamente para ayudarte a progresar r\u00e1pidamente y sin ralentizar, el S-Foil ha sido cuidadosamente redise\u00f1ado para mejorar el rendimiento, la rigidez y la ligereza. Ofrece una modularidad total con piezas intercambiables para adaptarse perfectamente a tu nivel y a tu evoluci\u00f3n.  <\/p>\n<h4>Las ventajas del S-Foil Sroka:<\/h4>\n<ul>\n<li><a href=\"https:\/\/srokacompany.com\/produit\/ailettes-avant-s-foil-classique\/\">Alerones delanteros cl\u00e1sicos de 1500, 1750 o 2000<\/a>, especialmente dise\u00f1ados para <strong>facilitar el despegue y la estabilidad<\/strong> seg\u00fan tu tama\u00f1o.<\/li>\n<li>Un foil cl\u00e1sico en versi\u00f3n est\u00e1ndar con un fuselaje vers\u00e1til de 68 cm y estabilizador 300 para <strong>un f\u00e1cil manejo<\/strong>.<\/li>\n<li>Bast\u00f3n de 80cm incluido, ideal para principiantes, pero con diferentes opciones de tama\u00f1o para <strong>acompa\u00f1arte en tu progreso<\/strong>.<\/li>\n<\/ul>\n<p>  Adem\u00e1s de ofrecer <strong>facilidad<\/strong> <strong>de aprendizaje<\/strong>, el S-Foil est\u00e1 construido para <strong>brindar durabilidad<\/strong> y <strong>resistencia<\/strong>, con materiales de alta calidad. Las aletas de carbono preimpregnadas de primera calidad y las piezas de aluminio T6061 T6, utilizadas en la industria aeron\u00e1utica y marina, garantizan un rendimiento fuerte y duradero. Elegir el S-Foil Sroka significa optar por <strong>un foil que te seguir\u00e1 en tu evoluci\u00f3n<\/strong>, permiti\u00e9ndote progresar sin limitaciones. Un foil para viento s\u00faper ligero que seguir\u00e1 siendo un compa\u00f1ero ideal incluso despu\u00e9s de ganar experiencia.  <\/p>\n<h4>Configuraci\u00f3n est\u00e1ndar vers\u00e1til:<\/h4>\n<ul>\n<li>Ideal para principiantes que quieran descubrir y practicar diversas disciplinas de foiling: <a href=\"https:\/\/srokacompany.com\/2023\/03\/wingfoil-comment-virer-de-bord-sroka-company\/\">Wing Foil<\/a>, SUP foil, <a href=\"https:\/\/srokacompany.com\/eshop\/wake-foil\/\">Wake Foil<\/a>, etc.<\/li>\n<li>Viene con un pr\u00e1ctico <a href=\"https:\/\/srokacompany.com\/produit\/housse-protection-transport-foil\/\">estuche de transporte<\/a> y sus <a href=\"https:\/\/srokacompany.com\/produit\/visserie-complete-pour-s-foil-et-planches-sroka\/\">tornillos completos<\/a> para facilitar su uso.<\/li>\n<\/ul>\n","protected":false},"excerpt":{"rendered":"<p>\u00a1Empieza y progresa con facilidad gracias al S-Foil Sroka! Vuela f\u00e1cilmente por encima de las olas, enlaza suavemente los giros y descubre el placer \u00fanico de hacer foils desde tu primer vuelo. Con el S-Foil Sroka, los principiantes pueden proyectarse en una experiencia de wingfoil exitosa y gratificante y los riders experimentados podr\u00e1n divertirse con [&hellip;]<\/p>\n","protected":false},"featured_media":106256,"template":"","meta":{"_acf_changed":false,"_uag_custom_page_level_css":""},"product_brand":[],"product_cat":[2476,2483,2502],"product_tag":[],"class_list":{"0":"post-106168","1":"product","2":"type-product","3":"status-publish","4":"has-post-thumbnail","6":"product_cat-lamina-de-alas","7":"product_cat-foil","8":"product_cat-todas-nuestras-laminas-clasicas","9":"product_shipping_class-lamina-completa-o-piezas-de-repuesto-unidad-de-ala","11":"first","12":"instock","13":"sale","14":"taxable","15":"shipping-taxable","16":"purchasable","17":"product-type-variable"},"acf":[],"yoast_head":"<!-- This site is optimized with the Yoast SEO plugin v25.1 - https:\/\/yoast.com\/wordpress\/plugins\/seo\/ -->\n<title>S-Foil Sroka - Classic Range - SROKA Company<\/title>\n<meta name=\"description\" content=\"El nuevo SROKA Classic S-Foil es muy vers\u00e1til: Surf, SUP, Kite, Wing, Wake y Windfoil! \u00a1Alta calidad, mejor precio!\" \/>\n<meta name=\"robots\" content=\"noindex, follow, max-snippet:-1, max-image-preview:large, max-video-preview:-1\" \/>\n<meta property=\"og:locale\" content=\"es_ES\" \/>\n<meta property=\"og:type\" content=\"article\" \/>\n<meta property=\"og:title\" content=\"S-Foil Sroka - Classic Range - SROKA Company\" \/>\n<meta property=\"og:description\" content=\"El nuevo SROKA Classic S-Foil es muy vers\u00e1til: Surf, SUP, Kite, Wing, Wake y Windfoil! \u00a1Alta calidad, mejor precio!\" \/>\n<meta property=\"og:url\" content=\"https:\/\/staging.srokafinal.lets-preprod.com\/es\/produit\/s-foil-clasico-sroka\/\" \/>\n<meta property=\"og:site_name\" content=\"SROKA Company\" \/>\n<meta property=\"article:publisher\" content=\"https:\/\/www.facebook.com\/srokawatersports\/\" \/>\n<meta property=\"article:modified_time\" content=\"2024-09-12T11:36:16+00:00\" \/>\n<meta property=\"og:image\" content=\"https:\/\/staging.srokafinal.lets-preprod.com\/wp-content\/uploads\/2019\/07\/8.jpg\" \/>\n\t<meta property=\"og:image:width\" content=\"740\" \/>\n\t<meta property=\"og:image:height\" content=\"1080\" \/>\n\t<meta property=\"og:image:type\" content=\"image\/jpeg\" \/>\n<meta name=\"twitter:label1\" content=\"Tiempo de lectura\" \/>\n\t<meta name=\"twitter:data1\" content=\"2 minutos\" \/>\n<script type=\"application\/ld+json\" class=\"yoast-schema-graph\">{\"@context\":\"https:\/\/schema.org\",\"@graph\":[{\"@type\":\"WebPage\",\"@id\":\"https:\/\/staging.srokafinal.lets-preprod.com\/es\/produit\/s-foil-clasico-sroka\/\",\"url\":\"https:\/\/staging.srokafinal.lets-preprod.com\/es\/produit\/s-foil-clasico-sroka\/\",\"name\":\"S-Foil Sroka - Classic Range - SROKA Company\",\"isPartOf\":{\"@id\":\"https:\/\/staging.srokafinal.lets-preprod.com\/es\/#website\"},\"primaryImageOfPage\":{\"@id\":\"https:\/\/staging.srokafinal.lets-preprod.com\/es\/produit\/s-foil-clasico-sroka\/#primaryimage\"},\"image\":{\"@id\":\"https:\/\/staging.srokafinal.lets-preprod.com\/es\/produit\/s-foil-clasico-sroka\/#primaryimage\"},\"thumbnailUrl\":\"https:\/\/staging.srokafinal.lets-preprod.com\/wp-content\/uploads\/2019\/07\/8.jpg\",\"datePublished\":\"2019-07-16T11:17:07+00:00\",\"dateModified\":\"2024-09-12T11:36:16+00:00\",\"description\":\"El nuevo SROKA Classic S-Foil es muy vers\u00e1til: Surf, SUP, Kite, Wing, Wake y Windfoil! \u00a1Alta calidad, mejor precio!\",\"breadcrumb\":{\"@id\":\"https:\/\/staging.srokafinal.lets-preprod.com\/es\/produit\/s-foil-clasico-sroka\/#breadcrumb\"},\"inLanguage\":\"es\",\"potentialAction\":[{\"@type\":\"ReadAction\",\"target\":[\"https:\/\/staging.srokafinal.lets-preprod.com\/es\/produit\/s-foil-clasico-sroka\/\"]}]},{\"@type\":\"ImageObject\",\"inLanguage\":\"es\",\"@id\":\"https:\/\/staging.srokafinal.lets-preprod.com\/es\/produit\/s-foil-clasico-sroka\/#primaryimage\",\"url\":\"https:\/\/staging.srokafinal.lets-preprod.com\/wp-content\/uploads\/2019\/07\/8.jpg\",\"contentUrl\":\"https:\/\/staging.srokafinal.lets-preprod.com\/wp-content\/uploads\/2019\/07\/8.jpg\",\"width\":740,\"height\":1080,\"caption\":\"S-Foil Sroka\"},{\"@type\":\"BreadcrumbList\",\"@id\":\"https:\/\/staging.srokafinal.lets-preprod.com\/es\/produit\/s-foil-clasico-sroka\/#breadcrumb\",\"itemListElement\":[{\"@type\":\"ListItem\",\"position\":1,\"name\":\"Accueil\",\"item\":\"https:\/\/staging.srokafinal.lets-preprod.com\/es\/\"},{\"@type\":\"ListItem\",\"position\":2,\"name\":\"Boutique\",\"item\":\"https:\/\/staging.srokafinal.lets-preprod.com\/boutique\/\"},{\"@type\":\"ListItem\",\"position\":3,\"name\":\"S-Foil Cl\u00e1sico Sroka\"}]},{\"@type\":\"WebSite\",\"@id\":\"https:\/\/staging.srokafinal.lets-preprod.com\/es\/#website\",\"url\":\"https:\/\/staging.srokafinal.lets-preprod.com\/es\/\",\"name\":\"SROKA Company\",\"description\":\"SUP, Kite, Foil, Wing\",\"publisher\":{\"@id\":\"https:\/\/staging.srokafinal.lets-preprod.com\/es\/#organization\"},\"potentialAction\":[{\"@type\":\"SearchAction\",\"target\":{\"@type\":\"EntryPoint\",\"urlTemplate\":\"https:\/\/staging.srokafinal.lets-preprod.com\/es\/?s={search_term_string}\"},\"query-input\":{\"@type\":\"PropertyValueSpecification\",\"valueRequired\":true,\"valueName\":\"search_term_string\"}}],\"inLanguage\":\"es\"},{\"@type\":\"Organization\",\"@id\":\"https:\/\/staging.srokafinal.lets-preprod.com\/es\/#organization\",\"name\":\"SROKACOMPANY\",\"alternateName\":\"SROKA\",\"url\":\"https:\/\/staging.srokafinal.lets-preprod.com\/es\/\",\"logo\":{\"@type\":\"ImageObject\",\"inLanguage\":\"es\",\"@id\":\"https:\/\/staging.srokafinal.lets-preprod.com\/es\/#\/schema\/logo\/image\/\",\"url\":\"https:\/\/staging.srokafinal.lets-preprod.com\/wp-content\/uploads\/2021\/01\/logo-sroka-black-transpa.png\",\"contentUrl\":\"https:\/\/staging.srokafinal.lets-preprod.com\/wp-content\/uploads\/2021\/01\/logo-sroka-black-transpa.png\",\"width\":1201,\"height\":342,\"caption\":\"SROKACOMPANY\"},\"image\":{\"@id\":\"https:\/\/staging.srokafinal.lets-preprod.com\/es\/#\/schema\/logo\/image\/\"},\"sameAs\":[\"https:\/\/www.facebook.com\/srokawatersports\/\",\"https:\/\/www.instagram.com\/srokawatersports\/\",\"https:\/\/www.youtube.com\/channel\/UCVLHHeaPIm-J5bdEUgxqtZA\"]}]}<\/script>\n<!-- \/ Yoast SEO plugin. -->","yoast_head_json":{"title":"S-Foil Sroka - Classic Range - SROKA Company","description":"El nuevo SROKA Classic S-Foil es muy vers\u00e1til: Surf, SUP, Kite, Wing, Wake y Windfoil! \u00a1Alta calidad, mejor precio!","robots":{"index":"noindex","follow":"follow","max-snippet":"max-snippet:-1","max-image-preview":"max-image-preview:large","max-video-preview":"max-video-preview:-1"},"og_locale":"es_ES","og_type":"article","og_title":"S-Foil Sroka - Classic Range - SROKA Company","og_description":"El nuevo SROKA Classic S-Foil es muy vers\u00e1til: Surf, SUP, Kite, Wing, Wake y Windfoil! \u00a1Alta calidad, mejor precio!","og_url":"https:\/\/staging.srokafinal.lets-preprod.com\/es\/produit\/s-foil-clasico-sroka\/","og_site_name":"SROKA Company","article_publisher":"https:\/\/www.facebook.com\/srokawatersports\/","article_modified_time":"2024-09-12T11:36:16+00:00","og_image":[{"width":740,"height":1080,"url":"https:\/\/staging.srokafinal.lets-preprod.com\/wp-content\/uploads\/2019\/07\/8.jpg","type":"image\/jpeg"}],"twitter_misc":{"Tiempo de lectura":"2 minutos"},"schema":{"@context":"https:\/\/schema.org","@graph":[{"@type":"WebPage","@id":"https:\/\/staging.srokafinal.lets-preprod.com\/es\/produit\/s-foil-clasico-sroka\/","url":"https:\/\/staging.srokafinal.lets-preprod.com\/es\/produit\/s-foil-clasico-sroka\/","name":"S-Foil Sroka - Classic Range - SROKA Company","isPartOf":{"@id":"https:\/\/staging.srokafinal.lets-preprod.com\/es\/#website"},"primaryImageOfPage":{"@id":"https:\/\/staging.srokafinal.lets-preprod.com\/es\/produit\/s-foil-clasico-sroka\/#primaryimage"},"image":{"@id":"https:\/\/staging.srokafinal.lets-preprod.com\/es\/produit\/s-foil-clasico-sroka\/#primaryimage"},"thumbnailUrl":"https:\/\/staging.srokafinal.lets-preprod.com\/wp-content\/uploads\/2019\/07\/8.jpg","datePublished":"2019-07-16T11:17:07+00:00","dateModified":"2024-09-12T11:36:16+00:00","description":"El nuevo SROKA Classic S-Foil es muy vers\u00e1til: Surf, SUP, Kite, Wing, Wake y Windfoil! \u00a1Alta calidad, mejor precio!","breadcrumb":{"@id":"https:\/\/staging.srokafinal.lets-preprod.com\/es\/produit\/s-foil-clasico-sroka\/#breadcrumb"},"inLanguage":"es","potentialAction":[{"@type":"ReadAction","target":["https:\/\/staging.srokafinal.lets-preprod.com\/es\/produit\/s-foil-clasico-sroka\/"]}]},{"@type":"ImageObject","inLanguage":"es","@id":"https:\/\/staging.srokafinal.lets-preprod.com\/es\/produit\/s-foil-clasico-sroka\/#primaryimage","url":"https:\/\/staging.srokafinal.lets-preprod.com\/wp-content\/uploads\/2019\/07\/8.jpg","contentUrl":"https:\/\/staging.srokafinal.lets-preprod.com\/wp-content\/uploads\/2019\/07\/8.jpg","width":740,"height":1080,"caption":"S-Foil Sroka"},{"@type":"BreadcrumbList","@id":"https:\/\/staging.srokafinal.lets-preprod.com\/es\/produit\/s-foil-clasico-sroka\/#breadcrumb","itemListElement":[{"@type":"ListItem","position":1,"name":"Accueil","item":"https:\/\/staging.srokafinal.lets-preprod.com\/es\/"},{"@type":"ListItem","position":2,"name":"Boutique","item":"https:\/\/staging.srokafinal.lets-preprod.com\/boutique\/"},{"@type":"ListItem","position":3,"name":"S-Foil Cl\u00e1sico Sroka"}]},{"@type":"WebSite","@id":"https:\/\/staging.srokafinal.lets-preprod.com\/es\/#website","url":"https:\/\/staging.srokafinal.lets-preprod.com\/es\/","name":"SROKA Company","description":"SUP, Kite, Foil, Wing","publisher":{"@id":"https:\/\/staging.srokafinal.lets-preprod.com\/es\/#organization"},"potentialAction":[{"@type":"SearchAction","target":{"@type":"EntryPoint","urlTemplate":"https:\/\/staging.srokafinal.lets-preprod.com\/es\/?s={search_term_string}"},"query-input":{"@type":"PropertyValueSpecification","valueRequired":true,"valueName":"search_term_string"}}],"inLanguage":"es"},{"@type":"Organization","@id":"https:\/\/staging.srokafinal.lets-preprod.com\/es\/#organization","name":"SROKACOMPANY","alternateName":"SROKA","url":"https:\/\/staging.srokafinal.lets-preprod.com\/es\/","logo":{"@type":"ImageObject","inLanguage":"es","@id":"https:\/\/staging.srokafinal.lets-preprod.com\/es\/#\/schema\/logo\/image\/","url":"https:\/\/staging.srokafinal.lets-preprod.com\/wp-content\/uploads\/2021\/01\/logo-sroka-black-transpa.png","contentUrl":"https:\/\/staging.srokafinal.lets-preprod.com\/wp-content\/uploads\/2021\/01\/logo-sroka-black-transpa.png","width":1201,"height":342,"caption":"SROKACOMPANY"},"image":{"@id":"https:\/\/staging.srokafinal.lets-preprod.com\/es\/#\/schema\/logo\/image\/"},"sameAs":["https:\/\/www.facebook.com\/srokawatersports\/","https:\/\/www.instagram.com\/srokawatersports\/","https:\/\/www.youtube.com\/channel\/UCVLHHeaPIm-J5bdEUgxqtZA"]}]}},"uagb_featured_image_src":{"full":["https:\/\/staging.srokafinal.lets-preprod.com\/wp-content\/uploads\/2019\/07\/8.jpg",740,1080,false],"thumbnail":["https:\/\/staging.srokafinal.lets-preprod.com\/wp-content\/uploads\/2019\/07\/8-150x150.jpg",150,150,true],"medium":["https:\/\/staging.srokafinal.lets-preprod.com\/wp-content\/uploads\/2019\/07\/8-206x300.jpg",206,300,true],"medium_large":["https:\/\/staging.srokafinal.lets-preprod.com\/wp-content\/uploads\/2019\/07\/8.jpg",740,1080,false],"large":["https:\/\/staging.srokafinal.lets-preprod.com\/wp-content\/uploads\/2019\/07\/8-702x1024.jpg",702,1024,true],"1536x1536":["https:\/\/staging.srokafinal.lets-preprod.com\/wp-content\/uploads\/2019\/07\/8.jpg",740,1080,false],"2048x2048":["https:\/\/staging.srokafinal.lets-preprod.com\/wp-content\/uploads\/2019\/07\/8.jpg",740,1080,false],"woocommerce_thumbnail":["https:\/\/staging.srokafinal.lets-preprod.com\/wp-content\/uploads\/2019\/07\/8-600x876.jpg",600,876,true],"woocommerce_single":["https:\/\/staging.srokafinal.lets-preprod.com\/wp-content\/uploads\/2019\/07\/8-600x876.jpg",600,876,true],"woocommerce_gallery_thumbnail":["https:\/\/staging.srokafinal.lets-preprod.com\/wp-content\/uploads\/2019\/07\/8-100x100.jpg",100,100,true]},"uagb_author_info":{"display_name":"Bruno Sroka","author_link":"https:\/\/staging.srokafinal.lets-preprod.com\/es\/blog\/author\/"},"uagb_comment_info":0,"uagb_excerpt":"\u00a1Empieza y progresa con facilidad gracias al S-Foil Sroka! Vuela f\u00e1cilmente por encima de las olas, enlaza suavemente los giros y descubre el placer \u00fanico de hacer foils desde tu primer vuelo. Con el S-Foil Sroka, los principiantes pueden proyectarse en una experiencia de wingfoil exitosa y gratificante y los riders experimentados podr\u00e1n divertirse con&hellip;","_links":{"self":[{"href":"https:\/\/staging.srokafinal.lets-preprod.com\/es\/wp-json\/wp\/v2\/product\/106168","targetHints":{"allow":["GET"]}}],"collection":[{"href":"https:\/\/staging.srokafinal.lets-preprod.com\/es\/wp-json\/wp\/v2\/product"}],"about":[{"href":"https:\/\/staging.srokafinal.lets-preprod.com\/es\/wp-json\/wp\/v2\/types\/product"}],"wp:featuredmedia":[{"embeddable":true,"href":"https:\/\/staging.srokafinal.lets-preprod.com\/es\/wp-json\/wp\/v2\/media\/106256"}],"wp:attachment":[{"href":"https:\/\/staging.srokafinal.lets-preprod.com\/es\/wp-json\/wp\/v2\/media?parent=106168"}],"wp:term":[{"taxonomy":"product_brand","embeddable":true,"href":"https:\/\/staging.srokafinal.lets-preprod.com\/es\/wp-json\/wp\/v2\/product_brand?post=106168"},{"taxonomy":"product_cat","embeddable":true,"href":"https:\/\/staging.srokafinal.lets-preprod.com\/es\/wp-json\/wp\/v2\/product_cat?post=106168"},{"taxonomy":"product_tag","embeddable":true,"href":"https:\/\/staging.srokafinal.lets-preprod.com\/es\/wp-json\/wp\/v2\/product_tag?post=106168"}],"curies":[{"name":"wp","href":"https:\/\/api.w.org\/{rel}","templated":true}]}}