


{"id":106288,"date":"2018-03-26T12:56:04","date_gmt":"2018-03-26T10:56:04","guid":{"rendered":"https:\/\/srokacompany.com\/produit\/placa-de-lamina-adaptadora-probox\/"},"modified":"2024-05-21T12:28:24","modified_gmt":"2024-05-21T12:28:24","slug":"placa-de-lamina-adaptadora-probox","status":"publish","type":"product","link":"https:\/\/staging.srokafinal.lets-preprod.com\/es\/produit\/placa-de-lamina-adaptadora-probox\/","title":{"rendered":"Placa de l\u00e1mina adaptadora \/ probox"},"content":{"rendered":"<hr>\n<h2>Adaptador de l\u00e1mina de platino<\/h2>\n<p>Hemos desarrollado un <strong>adaptador Platinum Foil<\/strong> que te permite montar tu foil con un tal\u00f3n probox en cualquier tabla del mercado. En particular, encajar\u00e1 perfectamente con nuestra <a href=\"https:\/\/srokacompany.com\/produit\/pocket-board-kitefoil\/\">tabla de bolsillo<\/a><\/p>\n<p>Construido en aluminio anodizado, ha sido cortado por CNC a las dimensiones exactas. El espaciado de los tornillos es com\u00fan a todas las placas. La abertura en los extremos de los orificios permite un montaje m\u00e1s r\u00e1pido y f\u00e1cil de la l\u00e1mina sin tener que desmontar completamente los tornillos. Afloje ligeramente los tornillos y deslice el <strong>adaptador de l\u00e1mina de placa<\/strong> fuera de sus tornillos para separarlo r\u00e1pidamente de la placa.<\/p>\n<p>Por \u00faltimo, perfilamos el adaptador de l\u00e1mina para minimizar la resistencia y maximizar la rigidez.<\/p>\n<p>Este adaptador de l\u00e1mina de platino es perfectamente adecuado para <a href=\"https:\/\/srokacompany.com\/produit\/s-foil-high-aspect-1190\/\">l\u00e1minas S <\/a> y <a href=\"https:\/\/srokacompany.com\/produit\/kitefoil-k-foil-sroka-company\/\">l\u00e1minas K<\/a><\/p>\n<p>&nbsp;<\/p>\n","protected":false},"excerpt":{"rendered":"<p>Adaptador de l\u00e1mina de platino Hemos desarrollado un adaptador Platinum Foil que te permite montar tu foil con un tal\u00f3n probox en cualquier tabla del mercado. En particular, encajar\u00e1 perfectamente con nuestra tabla de bolsillo Construido en aluminio anodizado, ha sido cortado por CNC a las dimensiones exactas. El espaciado de los tornillos es com\u00fan [&hellip;]<\/p>\n","protected":false},"featured_media":106305,"template":"","meta":{"_acf_changed":false,"_uag_custom_page_level_css":""},"product_brand":[],"product_cat":[3161],"product_tag":[],"class_list":{"0":"post-106288","1":"product","2":"type-product","3":"status-publish","4":"has-post-thumbnail","6":"product_cat-gama-uha-downwind","7":"pa_poids-06-kg","9":"first","10":"instock","11":"taxable","12":"shipping-taxable","13":"purchasable","14":"product-type-simple"},"acf":[],"yoast_head":"<!-- This site is optimized with the Yoast SEO plugin v25.1 - https:\/\/yoast.com\/wordpress\/plugins\/seo\/ -->\n<title>L\u00e1mina adaptadora platino \/ probox - Sroka Company<\/title>\n<meta name=\"description\" content=\"Adaptador Probox Platinum para Surf Foil, Kitefoil, Wake Foil\" \/>\n<meta name=\"robots\" content=\"noindex, follow, max-snippet:-1, max-image-preview:large, max-video-preview:-1\" \/>\n<meta property=\"og:locale\" content=\"es_ES\" \/>\n<meta property=\"og:type\" content=\"article\" \/>\n<meta property=\"og:title\" content=\"L\u00e1mina adaptadora platino \/ probox - Sroka Company\" \/>\n<meta property=\"og:description\" content=\"Adaptador Probox Platinum para Surf Foil, Kitefoil, Wake Foil\" \/>\n<meta property=\"og:url\" content=\"https:\/\/staging.srokafinal.lets-preprod.com\/es\/produit\/placa-de-lamina-adaptadora-probox\/\" \/>\n<meta property=\"og:site_name\" content=\"SROKA Company\" \/>\n<meta property=\"article:publisher\" content=\"https:\/\/www.facebook.com\/srokawatersports\/\" \/>\n<meta property=\"article:modified_time\" content=\"2024-05-21T12:28:24+00:00\" \/>\n<meta property=\"og:image\" content=\"https:\/\/staging.srokafinal.lets-preprod.com\/wp-content\/uploads\/2018\/03\/adaptateur-probox.jpg\" \/>\n\t<meta property=\"og:image:width\" content=\"1560\" \/>\n\t<meta property=\"og:image:height\" content=\"2080\" \/>\n\t<meta property=\"og:image:type\" content=\"image\/jpeg\" \/>\n<meta name=\"twitter:label1\" content=\"Tiempo de lectura\" \/>\n\t<meta name=\"twitter:data1\" content=\"1 minuto\" \/>\n<script type=\"application\/ld+json\" class=\"yoast-schema-graph\">{\"@context\":\"https:\/\/schema.org\",\"@graph\":[{\"@type\":\"WebPage\",\"@id\":\"https:\/\/staging.srokafinal.lets-preprod.com\/es\/produit\/placa-de-lamina-adaptadora-probox\/\",\"url\":\"https:\/\/staging.srokafinal.lets-preprod.com\/es\/produit\/placa-de-lamina-adaptadora-probox\/\",\"name\":\"L\u00e1mina adaptadora platino \/ probox - Sroka Company\",\"isPartOf\":{\"@id\":\"https:\/\/staging.srokafinal.lets-preprod.com\/es\/#website\"},\"primaryImageOfPage\":{\"@id\":\"https:\/\/staging.srokafinal.lets-preprod.com\/es\/produit\/placa-de-lamina-adaptadora-probox\/#primaryimage\"},\"image\":{\"@id\":\"https:\/\/staging.srokafinal.lets-preprod.com\/es\/produit\/placa-de-lamina-adaptadora-probox\/#primaryimage\"},\"thumbnailUrl\":\"https:\/\/staging.srokafinal.lets-preprod.com\/wp-content\/uploads\/2018\/03\/adaptateur-probox.jpg\",\"datePublished\":\"2018-03-26T10:56:04+00:00\",\"dateModified\":\"2024-05-21T12:28:24+00:00\",\"description\":\"Adaptador Probox Platinum para Surf Foil, Kitefoil, Wake Foil\",\"breadcrumb\":{\"@id\":\"https:\/\/staging.srokafinal.lets-preprod.com\/es\/produit\/placa-de-lamina-adaptadora-probox\/#breadcrumb\"},\"inLanguage\":\"es\",\"potentialAction\":[{\"@type\":\"ReadAction\",\"target\":[\"https:\/\/staging.srokafinal.lets-preprod.com\/es\/produit\/placa-de-lamina-adaptadora-probox\/\"]}]},{\"@type\":\"ImageObject\",\"inLanguage\":\"es\",\"@id\":\"https:\/\/staging.srokafinal.lets-preprod.com\/es\/produit\/placa-de-lamina-adaptadora-probox\/#primaryimage\",\"url\":\"https:\/\/staging.srokafinal.lets-preprod.com\/wp-content\/uploads\/2018\/03\/adaptateur-probox.jpg\",\"contentUrl\":\"https:\/\/staging.srokafinal.lets-preprod.com\/wp-content\/uploads\/2018\/03\/adaptateur-probox.jpg\",\"width\":1560,\"height\":2080,\"caption\":\"Adaptador de platino Probox\"},{\"@type\":\"BreadcrumbList\",\"@id\":\"https:\/\/staging.srokafinal.lets-preprod.com\/es\/produit\/placa-de-lamina-adaptadora-probox\/#breadcrumb\",\"itemListElement\":[{\"@type\":\"ListItem\",\"position\":1,\"name\":\"Accueil\",\"item\":\"https:\/\/staging.srokafinal.lets-preprod.com\/es\/\"},{\"@type\":\"ListItem\",\"position\":2,\"name\":\"Boutique\",\"item\":\"https:\/\/staging.srokafinal.lets-preprod.com\/boutique\/\"},{\"@type\":\"ListItem\",\"position\":3,\"name\":\"Placa de l\u00e1mina adaptadora \/ probox\"}]},{\"@type\":\"WebSite\",\"@id\":\"https:\/\/staging.srokafinal.lets-preprod.com\/es\/#website\",\"url\":\"https:\/\/staging.srokafinal.lets-preprod.com\/es\/\",\"name\":\"SROKA Company\",\"description\":\"SUP, Kite, Foil, Wing\",\"publisher\":{\"@id\":\"https:\/\/staging.srokafinal.lets-preprod.com\/es\/#organization\"},\"potentialAction\":[{\"@type\":\"SearchAction\",\"target\":{\"@type\":\"EntryPoint\",\"urlTemplate\":\"https:\/\/staging.srokafinal.lets-preprod.com\/es\/?s={search_term_string}\"},\"query-input\":{\"@type\":\"PropertyValueSpecification\",\"valueRequired\":true,\"valueName\":\"search_term_string\"}}],\"inLanguage\":\"es\"},{\"@type\":\"Organization\",\"@id\":\"https:\/\/staging.srokafinal.lets-preprod.com\/es\/#organization\",\"name\":\"SROKACOMPANY\",\"alternateName\":\"SROKA\",\"url\":\"https:\/\/staging.srokafinal.lets-preprod.com\/es\/\",\"logo\":{\"@type\":\"ImageObject\",\"inLanguage\":\"es\",\"@id\":\"https:\/\/staging.srokafinal.lets-preprod.com\/es\/#\/schema\/logo\/image\/\",\"url\":\"https:\/\/staging.srokafinal.lets-preprod.com\/wp-content\/uploads\/2021\/01\/logo-sroka-black-transpa.png\",\"contentUrl\":\"https:\/\/staging.srokafinal.lets-preprod.com\/wp-content\/uploads\/2021\/01\/logo-sroka-black-transpa.png\",\"width\":1201,\"height\":342,\"caption\":\"SROKACOMPANY\"},\"image\":{\"@id\":\"https:\/\/staging.srokafinal.lets-preprod.com\/es\/#\/schema\/logo\/image\/\"},\"sameAs\":[\"https:\/\/www.facebook.com\/srokawatersports\/\",\"https:\/\/www.instagram.com\/srokawatersports\/\",\"https:\/\/www.youtube.com\/channel\/UCVLHHeaPIm-J5bdEUgxqtZA\"]}]}<\/script>\n<!-- \/ Yoast SEO plugin. -->","yoast_head_json":{"title":"L\u00e1mina adaptadora platino \/ probox - Sroka Company","description":"Adaptador Probox Platinum para Surf Foil, Kitefoil, Wake Foil","robots":{"index":"noindex","follow":"follow","max-snippet":"max-snippet:-1","max-image-preview":"max-image-preview:large","max-video-preview":"max-video-preview:-1"},"og_locale":"es_ES","og_type":"article","og_title":"L\u00e1mina adaptadora platino \/ probox - Sroka Company","og_description":"Adaptador Probox Platinum para Surf Foil, Kitefoil, Wake Foil","og_url":"https:\/\/staging.srokafinal.lets-preprod.com\/es\/produit\/placa-de-lamina-adaptadora-probox\/","og_site_name":"SROKA Company","article_publisher":"https:\/\/www.facebook.com\/srokawatersports\/","article_modified_time":"2024-05-21T12:28:24+00:00","og_image":[{"width":1560,"height":2080,"url":"https:\/\/staging.srokafinal.lets-preprod.com\/wp-content\/uploads\/2018\/03\/adaptateur-probox.jpg","type":"image\/jpeg"}],"twitter_misc":{"Tiempo de lectura":"1 minuto"},"schema":{"@context":"https:\/\/schema.org","@graph":[{"@type":"WebPage","@id":"https:\/\/staging.srokafinal.lets-preprod.com\/es\/produit\/placa-de-lamina-adaptadora-probox\/","url":"https:\/\/staging.srokafinal.lets-preprod.com\/es\/produit\/placa-de-lamina-adaptadora-probox\/","name":"L\u00e1mina adaptadora platino \/ probox - Sroka Company","isPartOf":{"@id":"https:\/\/staging.srokafinal.lets-preprod.com\/es\/#website"},"primaryImageOfPage":{"@id":"https:\/\/staging.srokafinal.lets-preprod.com\/es\/produit\/placa-de-lamina-adaptadora-probox\/#primaryimage"},"image":{"@id":"https:\/\/staging.srokafinal.lets-preprod.com\/es\/produit\/placa-de-lamina-adaptadora-probox\/#primaryimage"},"thumbnailUrl":"https:\/\/staging.srokafinal.lets-preprod.com\/wp-content\/uploads\/2018\/03\/adaptateur-probox.jpg","datePublished":"2018-03-26T10:56:04+00:00","dateModified":"2024-05-21T12:28:24+00:00","description":"Adaptador Probox Platinum para Surf Foil, Kitefoil, Wake Foil","breadcrumb":{"@id":"https:\/\/staging.srokafinal.lets-preprod.com\/es\/produit\/placa-de-lamina-adaptadora-probox\/#breadcrumb"},"inLanguage":"es","potentialAction":[{"@type":"ReadAction","target":["https:\/\/staging.srokafinal.lets-preprod.com\/es\/produit\/placa-de-lamina-adaptadora-probox\/"]}]},{"@type":"ImageObject","inLanguage":"es","@id":"https:\/\/staging.srokafinal.lets-preprod.com\/es\/produit\/placa-de-lamina-adaptadora-probox\/#primaryimage","url":"https:\/\/staging.srokafinal.lets-preprod.com\/wp-content\/uploads\/2018\/03\/adaptateur-probox.jpg","contentUrl":"https:\/\/staging.srokafinal.lets-preprod.com\/wp-content\/uploads\/2018\/03\/adaptateur-probox.jpg","width":1560,"height":2080,"caption":"Adaptador de platino Probox"},{"@type":"BreadcrumbList","@id":"https:\/\/staging.srokafinal.lets-preprod.com\/es\/produit\/placa-de-lamina-adaptadora-probox\/#breadcrumb","itemListElement":[{"@type":"ListItem","position":1,"name":"Accueil","item":"https:\/\/staging.srokafinal.lets-preprod.com\/es\/"},{"@type":"ListItem","position":2,"name":"Boutique","item":"https:\/\/staging.srokafinal.lets-preprod.com\/boutique\/"},{"@type":"ListItem","position":3,"name":"Placa de l\u00e1mina adaptadora \/ probox"}]},{"@type":"WebSite","@id":"https:\/\/staging.srokafinal.lets-preprod.com\/es\/#website","url":"https:\/\/staging.srokafinal.lets-preprod.com\/es\/","name":"SROKA Company","description":"SUP, Kite, Foil, Wing","publisher":{"@id":"https:\/\/staging.srokafinal.lets-preprod.com\/es\/#organization"},"potentialAction":[{"@type":"SearchAction","target":{"@type":"EntryPoint","urlTemplate":"https:\/\/staging.srokafinal.lets-preprod.com\/es\/?s={search_term_string}"},"query-input":{"@type":"PropertyValueSpecification","valueRequired":true,"valueName":"search_term_string"}}],"inLanguage":"es"},{"@type":"Organization","@id":"https:\/\/staging.srokafinal.lets-preprod.com\/es\/#organization","name":"SROKACOMPANY","alternateName":"SROKA","url":"https:\/\/staging.srokafinal.lets-preprod.com\/es\/","logo":{"@type":"ImageObject","inLanguage":"es","@id":"https:\/\/staging.srokafinal.lets-preprod.com\/es\/#\/schema\/logo\/image\/","url":"https:\/\/staging.srokafinal.lets-preprod.com\/wp-content\/uploads\/2021\/01\/logo-sroka-black-transpa.png","contentUrl":"https:\/\/staging.srokafinal.lets-preprod.com\/wp-content\/uploads\/2021\/01\/logo-sroka-black-transpa.png","width":1201,"height":342,"caption":"SROKACOMPANY"},"image":{"@id":"https:\/\/staging.srokafinal.lets-preprod.com\/es\/#\/schema\/logo\/image\/"},"sameAs":["https:\/\/www.facebook.com\/srokawatersports\/","https:\/\/www.instagram.com\/srokawatersports\/","https:\/\/www.youtube.com\/channel\/UCVLHHeaPIm-J5bdEUgxqtZA"]}]}},"uagb_featured_image_src":{"full":["https:\/\/staging.srokafinal.lets-preprod.com\/wp-content\/uploads\/2018\/03\/adaptateur-probox.jpg",1560,2080,false],"thumbnail":["https:\/\/staging.srokafinal.lets-preprod.com\/wp-content\/uploads\/2018\/03\/adaptateur-probox-150x150.jpg",150,150,true],"medium":["https:\/\/staging.srokafinal.lets-preprod.com\/wp-content\/uploads\/2018\/03\/adaptateur-probox-225x300.jpg",225,300,true],"medium_large":["https:\/\/staging.srokafinal.lets-preprod.com\/wp-content\/uploads\/2018\/03\/adaptateur-probox-768x1024.jpg",768,1024,true],"large":["https:\/\/staging.srokafinal.lets-preprod.com\/wp-content\/uploads\/2018\/03\/adaptateur-probox-768x1024.jpg",768,1024,true],"1536x1536":["https:\/\/staging.srokafinal.lets-preprod.com\/wp-content\/uploads\/2018\/03\/adaptateur-probox-1152x1536.jpg",1152,1536,true],"2048x2048":["https:\/\/staging.srokafinal.lets-preprod.com\/wp-content\/uploads\/2018\/03\/adaptateur-probox-1536x2048.jpg",1536,2048,true],"woocommerce_thumbnail":["https:\/\/staging.srokafinal.lets-preprod.com\/wp-content\/uploads\/2018\/03\/adaptateur-probox-600x800.jpg",600,800,true],"woocommerce_single":["https:\/\/staging.srokafinal.lets-preprod.com\/wp-content\/uploads\/2018\/03\/adaptateur-probox-600x800.jpg",600,800,true],"woocommerce_gallery_thumbnail":["https:\/\/staging.srokafinal.lets-preprod.com\/wp-content\/uploads\/2018\/03\/adaptateur-probox-100x100.jpg",100,100,true]},"uagb_author_info":{"display_name":"Bruno Sroka","author_link":"https:\/\/staging.srokafinal.lets-preprod.com\/es\/blog\/author\/"},"uagb_comment_info":0,"uagb_excerpt":"Adaptador de l\u00e1mina de platino Hemos desarrollado un adaptador Platinum Foil que te permite montar tu foil con un tal\u00f3n probox en cualquier tabla del mercado. En particular, encajar\u00e1 perfectamente con nuestra tabla de bolsillo Construido en aluminio anodizado, ha sido cortado por CNC a las dimensiones exactas. El espaciado de los tornillos es com\u00fan&hellip;","_links":{"self":[{"href":"https:\/\/staging.srokafinal.lets-preprod.com\/es\/wp-json\/wp\/v2\/product\/106288","targetHints":{"allow":["GET"]}}],"collection":[{"href":"https:\/\/staging.srokafinal.lets-preprod.com\/es\/wp-json\/wp\/v2\/product"}],"about":[{"href":"https:\/\/staging.srokafinal.lets-preprod.com\/es\/wp-json\/wp\/v2\/types\/product"}],"wp:featuredmedia":[{"embeddable":true,"href":"https:\/\/staging.srokafinal.lets-preprod.com\/es\/wp-json\/wp\/v2\/media\/106305"}],"wp:attachment":[{"href":"https:\/\/staging.srokafinal.lets-preprod.com\/es\/wp-json\/wp\/v2\/media?parent=106288"}],"wp:term":[{"taxonomy":"product_brand","embeddable":true,"href":"https:\/\/staging.srokafinal.lets-preprod.com\/es\/wp-json\/wp\/v2\/product_brand?post=106288"},{"taxonomy":"product_cat","embeddable":true,"href":"https:\/\/staging.srokafinal.lets-preprod.com\/es\/wp-json\/wp\/v2\/product_cat?post=106288"},{"taxonomy":"product_tag","embeddable":true,"href":"https:\/\/staging.srokafinal.lets-preprod.com\/es\/wp-json\/wp\/v2\/product_tag?post=106288"}],"curies":[{"name":"wp","href":"https:\/\/api.w.org\/{rel}","templated":true}]}}