


{"id":106665,"date":"2023-08-02T14:56:41","date_gmt":"2023-08-02T14:56:41","guid":{"rendered":"https:\/\/srokacompany.com\/produit\/mini-pocket-33-carbono\/"},"modified":"2024-05-21T12:30:45","modified_gmt":"2024-05-21T12:30:45","slug":"mini-pocket-33-carbono","status":"publish","type":"product","link":"https:\/\/staging.srokafinal.lets-preprod.com\/es\/produit\/mini-pocket-33-carbono\/","title":{"rendered":"Mini Pocket 3&#8217;3 Carbono"},"content":{"rendered":"<hr>\n<h2>Sum\u00e9rgete en un mundo de precisi\u00f3n y eficiencia, supera los l\u00edmites del bombeo y cubre largas distancias en perfecta simbiosis con el agua con este Mini Pocket 3&#8217;3 Carbon.<\/h2>\n<p>El dise\u00f1o ultrarr\u00edgido del mini Pocket har\u00e1 que te fusiones con el foil.<\/p>\n<p>Gracias a su dise\u00f1o ultrarr\u00edgido y a su peque\u00f1o tama\u00f1o, sentir\u00e1s que te fusionas con el foil, lo que te permitir\u00e1 deslizarte con una capacidad de respuesta extraordinaria. \u00a1La experiencia es realmente agradable!<\/p>\n<p>Construido con una artesan\u00eda excepcional, un s\u00e1ndwich de fibra de carbono y Airex compone esta obra de arte t\u00e9cnica. Una cola de patada cuidadosamente colocada garantiza el m\u00e1ximo control para maniobras atrevidas. Las 30 inserciones ajustables ofrecen un sinf\u00edn de ajustes de correa, adaptando este mini bolsillo de carbono SROKA 3&#8217;3 a tu estilo, pasi\u00f3n y elegancia. Su balanc\u00edn ligero es la clave para una capacidad de respuesta excepcional para todos los deportes que amas.<\/p>\n<p>Para todos los amantes del rendimiento, la ligereza y la solidez, ya sea que elijas bombeo, wakefoiling, surf remolcado o kite-foiling, el Pocket Carbon te promete sensaciones extremas e inolvidables.<\/p>\n","protected":false},"excerpt":{"rendered":"<p>Sum\u00e9rgete en un mundo de precisi\u00f3n y eficiencia, supera los l\u00edmites del bombeo y cubre largas distancias en perfecta simbiosis con el agua con este Mini Pocket 3&#8217;3 Carbon. El dise\u00f1o ultrarr\u00edgido del mini Pocket har\u00e1 que te fusiones con el foil. Gracias a su dise\u00f1o ultrarr\u00edgido y a su peque\u00f1o tama\u00f1o, sentir\u00e1s que te [&hellip;]<\/p>\n","protected":false},"featured_media":106666,"template":"","meta":{"_acf_changed":false,"_uag_custom_page_level_css":""},"product_brand":[],"product_cat":[2515,2516],"product_tag":[],"class_list":{"0":"post-106665","1":"product","2":"type-product","3":"status-publish","4":"has-post-thumbnail","6":"product_cat-arranque-en-muelle-y-bombeo","7":"product_cat-todas-nuestras-tablas-dockstart","9":"first","10":"instock","11":"taxable","12":"shipping-taxable","13":"purchasable","14":"product-type-simple"},"acf":[],"yoast_head":"<!-- This site is optimized with the Yoast SEO plugin v25.1 - https:\/\/yoast.com\/wordpress\/plugins\/seo\/ -->\n<title>SROKA Mini Pocket 3&#039;3 Carbon: \u00a1Desl\u00edzate con la m\u00e1xima precisi\u00f3n!<\/title>\n<meta name=\"description\" content=\"La SROKA mini pocket 3&#039;3 carbon es la tabla definitiva para bombear y hacer kitefoil. Compacto, r\u00edgido, aportar\u00e1 toda la rigidez necesaria.\" \/>\n<meta name=\"robots\" content=\"noindex, follow, max-snippet:-1, max-image-preview:large, max-video-preview:-1\" \/>\n<meta property=\"og:locale\" content=\"es_ES\" \/>\n<meta property=\"og:type\" content=\"article\" \/>\n<meta property=\"og:title\" content=\"SROKA Mini Pocket 3&#039;3 Carbon: \u00a1Desl\u00edzate con la m\u00e1xima precisi\u00f3n!\" \/>\n<meta property=\"og:description\" content=\"La SROKA mini pocket 3&#039;3 carbon es la tabla definitiva para bombear y hacer kitefoil. Compacto, r\u00edgido, aportar\u00e1 toda la rigidez necesaria.\" \/>\n<meta property=\"og:url\" content=\"https:\/\/staging.srokafinal.lets-preprod.com\/es\/produit\/mini-pocket-33-carbono\/\" \/>\n<meta property=\"og:site_name\" content=\"SROKA Company\" \/>\n<meta property=\"article:publisher\" content=\"https:\/\/www.facebook.com\/srokawatersports\/\" \/>\n<meta property=\"article:modified_time\" content=\"2024-05-21T12:30:45+00:00\" \/>\n<meta property=\"og:image\" content=\"https:\/\/staging.srokafinal.lets-preprod.com\/wp-content\/uploads\/2023\/08\/Mini-pocket.jpg\" \/>\n\t<meta property=\"og:image:width\" content=\"740\" \/>\n\t<meta property=\"og:image:height\" content=\"1080\" \/>\n\t<meta property=\"og:image:type\" content=\"image\/jpeg\" \/>\n<meta name=\"twitter:label1\" content=\"Tiempo de lectura\" \/>\n\t<meta name=\"twitter:data1\" content=\"1 minuto\" \/>\n<script type=\"application\/ld+json\" class=\"yoast-schema-graph\">{\"@context\":\"https:\/\/schema.org\",\"@graph\":[{\"@type\":\"WebPage\",\"@id\":\"https:\/\/staging.srokafinal.lets-preprod.com\/es\/produit\/mini-pocket-33-carbono\/\",\"url\":\"https:\/\/staging.srokafinal.lets-preprod.com\/es\/produit\/mini-pocket-33-carbono\/\",\"name\":\"SROKA Mini Pocket 3'3 Carbon: \u00a1Desl\u00edzate con la m\u00e1xima precisi\u00f3n!\",\"isPartOf\":{\"@id\":\"https:\/\/staging.srokafinal.lets-preprod.com\/es\/#website\"},\"primaryImageOfPage\":{\"@id\":\"https:\/\/staging.srokafinal.lets-preprod.com\/es\/produit\/mini-pocket-33-carbono\/#primaryimage\"},\"image\":{\"@id\":\"https:\/\/staging.srokafinal.lets-preprod.com\/es\/produit\/mini-pocket-33-carbono\/#primaryimage\"},\"thumbnailUrl\":\"https:\/\/staging.srokafinal.lets-preprod.com\/wp-content\/uploads\/2023\/08\/Mini-pocket.jpg\",\"datePublished\":\"2023-08-02T14:56:41+00:00\",\"dateModified\":\"2024-05-21T12:30:45+00:00\",\"description\":\"La SROKA mini pocket 3'3 carbon es la tabla definitiva para bombear y hacer kitefoil. Compacto, r\u00edgido, aportar\u00e1 toda la rigidez necesaria.\",\"breadcrumb\":{\"@id\":\"https:\/\/staging.srokafinal.lets-preprod.com\/es\/produit\/mini-pocket-33-carbono\/#breadcrumb\"},\"inLanguage\":\"es\",\"potentialAction\":[{\"@type\":\"ReadAction\",\"target\":[\"https:\/\/staging.srokafinal.lets-preprod.com\/es\/produit\/mini-pocket-33-carbono\/\"]}]},{\"@type\":\"ImageObject\",\"inLanguage\":\"es\",\"@id\":\"https:\/\/staging.srokafinal.lets-preprod.com\/es\/produit\/mini-pocket-33-carbono\/#primaryimage\",\"url\":\"https:\/\/staging.srokafinal.lets-preprod.com\/wp-content\/uploads\/2023\/08\/Mini-pocket.jpg\",\"contentUrl\":\"https:\/\/staging.srokafinal.lets-preprod.com\/wp-content\/uploads\/2023\/08\/Mini-pocket.jpg\",\"width\":740,\"height\":1080},{\"@type\":\"BreadcrumbList\",\"@id\":\"https:\/\/staging.srokafinal.lets-preprod.com\/es\/produit\/mini-pocket-33-carbono\/#breadcrumb\",\"itemListElement\":[{\"@type\":\"ListItem\",\"position\":1,\"name\":\"Accueil\",\"item\":\"https:\/\/staging.srokafinal.lets-preprod.com\/es\/\"},{\"@type\":\"ListItem\",\"position\":2,\"name\":\"Boutique\",\"item\":\"https:\/\/staging.srokafinal.lets-preprod.com\/boutique\/\"},{\"@type\":\"ListItem\",\"position\":3,\"name\":\"Mini Pocket 3&#8217;3 Carbono\"}]},{\"@type\":\"WebSite\",\"@id\":\"https:\/\/staging.srokafinal.lets-preprod.com\/es\/#website\",\"url\":\"https:\/\/staging.srokafinal.lets-preprod.com\/es\/\",\"name\":\"SROKA Company\",\"description\":\"SUP, Kite, Foil, Wing\",\"publisher\":{\"@id\":\"https:\/\/staging.srokafinal.lets-preprod.com\/es\/#organization\"},\"potentialAction\":[{\"@type\":\"SearchAction\",\"target\":{\"@type\":\"EntryPoint\",\"urlTemplate\":\"https:\/\/staging.srokafinal.lets-preprod.com\/es\/?s={search_term_string}\"},\"query-input\":{\"@type\":\"PropertyValueSpecification\",\"valueRequired\":true,\"valueName\":\"search_term_string\"}}],\"inLanguage\":\"es\"},{\"@type\":\"Organization\",\"@id\":\"https:\/\/staging.srokafinal.lets-preprod.com\/es\/#organization\",\"name\":\"SROKACOMPANY\",\"alternateName\":\"SROKA\",\"url\":\"https:\/\/staging.srokafinal.lets-preprod.com\/es\/\",\"logo\":{\"@type\":\"ImageObject\",\"inLanguage\":\"es\",\"@id\":\"https:\/\/staging.srokafinal.lets-preprod.com\/es\/#\/schema\/logo\/image\/\",\"url\":\"https:\/\/staging.srokafinal.lets-preprod.com\/wp-content\/uploads\/2021\/01\/logo-sroka-black-transpa.png\",\"contentUrl\":\"https:\/\/staging.srokafinal.lets-preprod.com\/wp-content\/uploads\/2021\/01\/logo-sroka-black-transpa.png\",\"width\":1201,\"height\":342,\"caption\":\"SROKACOMPANY\"},\"image\":{\"@id\":\"https:\/\/staging.srokafinal.lets-preprod.com\/es\/#\/schema\/logo\/image\/\"},\"sameAs\":[\"https:\/\/www.facebook.com\/srokawatersports\/\",\"https:\/\/www.instagram.com\/srokawatersports\/\",\"https:\/\/www.youtube.com\/channel\/UCVLHHeaPIm-J5bdEUgxqtZA\"]}]}<\/script>\n<!-- \/ Yoast SEO plugin. -->","yoast_head_json":{"title":"SROKA Mini Pocket 3'3 Carbon: \u00a1Desl\u00edzate con la m\u00e1xima precisi\u00f3n!","description":"La SROKA mini pocket 3'3 carbon es la tabla definitiva para bombear y hacer kitefoil. Compacto, r\u00edgido, aportar\u00e1 toda la rigidez necesaria.","robots":{"index":"noindex","follow":"follow","max-snippet":"max-snippet:-1","max-image-preview":"max-image-preview:large","max-video-preview":"max-video-preview:-1"},"og_locale":"es_ES","og_type":"article","og_title":"SROKA Mini Pocket 3'3 Carbon: \u00a1Desl\u00edzate con la m\u00e1xima precisi\u00f3n!","og_description":"La SROKA mini pocket 3'3 carbon es la tabla definitiva para bombear y hacer kitefoil. Compacto, r\u00edgido, aportar\u00e1 toda la rigidez necesaria.","og_url":"https:\/\/staging.srokafinal.lets-preprod.com\/es\/produit\/mini-pocket-33-carbono\/","og_site_name":"SROKA Company","article_publisher":"https:\/\/www.facebook.com\/srokawatersports\/","article_modified_time":"2024-05-21T12:30:45+00:00","og_image":[{"width":740,"height":1080,"url":"https:\/\/staging.srokafinal.lets-preprod.com\/wp-content\/uploads\/2023\/08\/Mini-pocket.jpg","type":"image\/jpeg"}],"twitter_misc":{"Tiempo de lectura":"1 minuto"},"schema":{"@context":"https:\/\/schema.org","@graph":[{"@type":"WebPage","@id":"https:\/\/staging.srokafinal.lets-preprod.com\/es\/produit\/mini-pocket-33-carbono\/","url":"https:\/\/staging.srokafinal.lets-preprod.com\/es\/produit\/mini-pocket-33-carbono\/","name":"SROKA Mini Pocket 3'3 Carbon: \u00a1Desl\u00edzate con la m\u00e1xima precisi\u00f3n!","isPartOf":{"@id":"https:\/\/staging.srokafinal.lets-preprod.com\/es\/#website"},"primaryImageOfPage":{"@id":"https:\/\/staging.srokafinal.lets-preprod.com\/es\/produit\/mini-pocket-33-carbono\/#primaryimage"},"image":{"@id":"https:\/\/staging.srokafinal.lets-preprod.com\/es\/produit\/mini-pocket-33-carbono\/#primaryimage"},"thumbnailUrl":"https:\/\/staging.srokafinal.lets-preprod.com\/wp-content\/uploads\/2023\/08\/Mini-pocket.jpg","datePublished":"2023-08-02T14:56:41+00:00","dateModified":"2024-05-21T12:30:45+00:00","description":"La SROKA mini pocket 3'3 carbon es la tabla definitiva para bombear y hacer kitefoil. Compacto, r\u00edgido, aportar\u00e1 toda la rigidez necesaria.","breadcrumb":{"@id":"https:\/\/staging.srokafinal.lets-preprod.com\/es\/produit\/mini-pocket-33-carbono\/#breadcrumb"},"inLanguage":"es","potentialAction":[{"@type":"ReadAction","target":["https:\/\/staging.srokafinal.lets-preprod.com\/es\/produit\/mini-pocket-33-carbono\/"]}]},{"@type":"ImageObject","inLanguage":"es","@id":"https:\/\/staging.srokafinal.lets-preprod.com\/es\/produit\/mini-pocket-33-carbono\/#primaryimage","url":"https:\/\/staging.srokafinal.lets-preprod.com\/wp-content\/uploads\/2023\/08\/Mini-pocket.jpg","contentUrl":"https:\/\/staging.srokafinal.lets-preprod.com\/wp-content\/uploads\/2023\/08\/Mini-pocket.jpg","width":740,"height":1080},{"@type":"BreadcrumbList","@id":"https:\/\/staging.srokafinal.lets-preprod.com\/es\/produit\/mini-pocket-33-carbono\/#breadcrumb","itemListElement":[{"@type":"ListItem","position":1,"name":"Accueil","item":"https:\/\/staging.srokafinal.lets-preprod.com\/es\/"},{"@type":"ListItem","position":2,"name":"Boutique","item":"https:\/\/staging.srokafinal.lets-preprod.com\/boutique\/"},{"@type":"ListItem","position":3,"name":"Mini Pocket 3&#8217;3 Carbono"}]},{"@type":"WebSite","@id":"https:\/\/staging.srokafinal.lets-preprod.com\/es\/#website","url":"https:\/\/staging.srokafinal.lets-preprod.com\/es\/","name":"SROKA Company","description":"SUP, Kite, Foil, Wing","publisher":{"@id":"https:\/\/staging.srokafinal.lets-preprod.com\/es\/#organization"},"potentialAction":[{"@type":"SearchAction","target":{"@type":"EntryPoint","urlTemplate":"https:\/\/staging.srokafinal.lets-preprod.com\/es\/?s={search_term_string}"},"query-input":{"@type":"PropertyValueSpecification","valueRequired":true,"valueName":"search_term_string"}}],"inLanguage":"es"},{"@type":"Organization","@id":"https:\/\/staging.srokafinal.lets-preprod.com\/es\/#organization","name":"SROKACOMPANY","alternateName":"SROKA","url":"https:\/\/staging.srokafinal.lets-preprod.com\/es\/","logo":{"@type":"ImageObject","inLanguage":"es","@id":"https:\/\/staging.srokafinal.lets-preprod.com\/es\/#\/schema\/logo\/image\/","url":"https:\/\/staging.srokafinal.lets-preprod.com\/wp-content\/uploads\/2021\/01\/logo-sroka-black-transpa.png","contentUrl":"https:\/\/staging.srokafinal.lets-preprod.com\/wp-content\/uploads\/2021\/01\/logo-sroka-black-transpa.png","width":1201,"height":342,"caption":"SROKACOMPANY"},"image":{"@id":"https:\/\/staging.srokafinal.lets-preprod.com\/es\/#\/schema\/logo\/image\/"},"sameAs":["https:\/\/www.facebook.com\/srokawatersports\/","https:\/\/www.instagram.com\/srokawatersports\/","https:\/\/www.youtube.com\/channel\/UCVLHHeaPIm-J5bdEUgxqtZA"]}]}},"uagb_featured_image_src":{"full":["https:\/\/staging.srokafinal.lets-preprod.com\/wp-content\/uploads\/2023\/08\/Mini-pocket.jpg",740,1080,false],"thumbnail":["https:\/\/staging.srokafinal.lets-preprod.com\/wp-content\/uploads\/2023\/08\/Mini-pocket-150x150.jpg",150,150,true],"medium":["https:\/\/staging.srokafinal.lets-preprod.com\/wp-content\/uploads\/2023\/08\/Mini-pocket-206x300.jpg",206,300,true],"medium_large":["https:\/\/staging.srokafinal.lets-preprod.com\/wp-content\/uploads\/2023\/08\/Mini-pocket.jpg",740,1080,false],"large":["https:\/\/staging.srokafinal.lets-preprod.com\/wp-content\/uploads\/2023\/08\/Mini-pocket-702x1024.jpg",702,1024,true],"1536x1536":["https:\/\/staging.srokafinal.lets-preprod.com\/wp-content\/uploads\/2023\/08\/Mini-pocket.jpg",740,1080,false],"2048x2048":["https:\/\/staging.srokafinal.lets-preprod.com\/wp-content\/uploads\/2023\/08\/Mini-pocket.jpg",740,1080,false],"woocommerce_thumbnail":["https:\/\/staging.srokafinal.lets-preprod.com\/wp-content\/uploads\/2023\/08\/Mini-pocket-600x876.jpg",600,876,true],"woocommerce_single":["https:\/\/staging.srokafinal.lets-preprod.com\/wp-content\/uploads\/2023\/08\/Mini-pocket-600x876.jpg",600,876,true],"woocommerce_gallery_thumbnail":["https:\/\/staging.srokafinal.lets-preprod.com\/wp-content\/uploads\/2023\/08\/Mini-pocket-100x100.jpg",100,100,true]},"uagb_author_info":{"display_name":"emmanuel.d emmanuel.d","author_link":"https:\/\/staging.srokafinal.lets-preprod.com\/es\/blog\/author\/"},"uagb_comment_info":0,"uagb_excerpt":"Sum\u00e9rgete en un mundo de precisi\u00f3n y eficiencia, supera los l\u00edmites del bombeo y cubre largas distancias en perfecta simbiosis con el agua con este Mini Pocket 3&#8217;3 Carbon. El dise\u00f1o ultrarr\u00edgido del mini Pocket har\u00e1 que te fusiones con el foil. Gracias a su dise\u00f1o ultrarr\u00edgido y a su peque\u00f1o tama\u00f1o, sentir\u00e1s que te&hellip;","_links":{"self":[{"href":"https:\/\/staging.srokafinal.lets-preprod.com\/es\/wp-json\/wp\/v2\/product\/106665","targetHints":{"allow":["GET"]}}],"collection":[{"href":"https:\/\/staging.srokafinal.lets-preprod.com\/es\/wp-json\/wp\/v2\/product"}],"about":[{"href":"https:\/\/staging.srokafinal.lets-preprod.com\/es\/wp-json\/wp\/v2\/types\/product"}],"wp:featuredmedia":[{"embeddable":true,"href":"https:\/\/staging.srokafinal.lets-preprod.com\/es\/wp-json\/wp\/v2\/media\/106666"}],"wp:attachment":[{"href":"https:\/\/staging.srokafinal.lets-preprod.com\/es\/wp-json\/wp\/v2\/media?parent=106665"}],"wp:term":[{"taxonomy":"product_brand","embeddable":true,"href":"https:\/\/staging.srokafinal.lets-preprod.com\/es\/wp-json\/wp\/v2\/product_brand?post=106665"},{"taxonomy":"product_cat","embeddable":true,"href":"https:\/\/staging.srokafinal.lets-preprod.com\/es\/wp-json\/wp\/v2\/product_cat?post=106665"},{"taxonomy":"product_tag","embeddable":true,"href":"https:\/\/staging.srokafinal.lets-preprod.com\/es\/wp-json\/wp\/v2\/product_tag?post=106665"}],"curies":[{"name":"wp","href":"https:\/\/api.w.org\/{rel}","templated":true}]}}