


{"id":107070,"date":"2023-09-05T14:11:43","date_gmt":"2023-09-05T12:11:43","guid":{"rendered":"https:\/\/srokacompany.com\/produit\/mastil-solo-carbon-16-mm-85-cm-fuselaje\/"},"modified":"2024-10-18T16:25:05","modified_gmt":"2024-10-18T16:25:05","slug":"mastil-solo-carbon-16-mm-85-cm-fuselaje","status":"publish","type":"product","link":"https:\/\/staging.srokafinal.lets-preprod.com\/es\/produit\/mastil-solo-carbon-16-mm-85-cm-fuselaje\/","title":{"rendered":"M\u00e1stil Solo Carbon 16 mm | 85 cm + fuselaje"},"content":{"rendered":"<hr>\n","protected":false},"excerpt":{"rendered":"","protected":false},"featured_media":106534,"template":"","meta":{"_acf_changed":false,"_uag_custom_page_level_css":""},"product_brand":[],"product_cat":[2505,2476,2562,2531,2520],"product_tag":[],"class_list":{"0":"post-107070","1":"product","2":"type-product","3":"status-publish","4":"has-post-thumbnail","6":"product_cat-todos-nuestros-foils-de-sup-foil-a-favor-del-viento","7":"product_cat-lamina-de-alas","8":"product_cat-todas-nuestras-laminas-de-control","9":"product_cat-todas-nuestras-laminas-high-aspect","10":"product_cat-todas-las-laminas-de-carbono","11":"product_shipping_class-lamina-completa-o-piezas-de-repuesto-unidad-de-ala","13":"first","14":"instock","15":"taxable","16":"shipping-taxable","17":"purchasable","18":"product-type-variable","19":"has-default-attributes"},"acf":[],"yoast_head":"<!-- This site is optimized with the Yoast SEO plugin v25.1 - https:\/\/yoast.com\/wordpress\/plugins\/seo\/ -->\n<title>M\u00e1stil Solo Carbon 16 mm | 85 cm + fuselaje - SROKA Company<\/title>\n<meta name=\"description\" content=\"El m\u00e1stil de carbono todoterreno y eficiente. Vive una nueva experiencia de planeo con este m\u00e1stil que da rienda suelta a tus sensaciones en todas las disciplinas.\" \/>\n<meta name=\"robots\" content=\"noindex, follow, max-snippet:-1, max-image-preview:large, max-video-preview:-1\" \/>\n<meta property=\"og:locale\" content=\"es_ES\" \/>\n<meta property=\"og:type\" content=\"article\" \/>\n<meta property=\"og:title\" content=\"M\u00e1stil Solo Carbon 16 mm | 85 cm + fuselaje - SROKA Company\" \/>\n<meta property=\"og:description\" content=\"El m\u00e1stil de carbono todoterreno y eficiente. Vive una nueva experiencia de planeo con este m\u00e1stil que da rienda suelta a tus sensaciones en todas las disciplinas.\" \/>\n<meta property=\"og:url\" content=\"https:\/\/staging.srokafinal.lets-preprod.com\/es\/produit\/mastil-solo-carbon-16-mm-85-cm-fuselaje\/\" \/>\n<meta property=\"og:site_name\" content=\"SROKA Company\" \/>\n<meta property=\"article:publisher\" content=\"https:\/\/www.facebook.com\/srokawatersports\/\" \/>\n<meta property=\"article:modified_time\" content=\"2024-10-18T16:25:05+00:00\" \/>\n<meta property=\"og:image\" content=\"https:\/\/staging.srokafinal.lets-preprod.com\/wp-content\/uploads\/2023\/09\/mat-fuselage-16mm-fond-transparent_.png\" \/>\n\t<meta property=\"og:image:width\" content=\"2048\" \/>\n\t<meta property=\"og:image:height\" content=\"2730\" \/>\n\t<meta property=\"og:image:type\" content=\"image\/png\" \/>\n<script type=\"application\/ld+json\" class=\"yoast-schema-graph\">{\"@context\":\"https:\/\/schema.org\",\"@graph\":[{\"@type\":\"WebPage\",\"@id\":\"https:\/\/staging.srokafinal.lets-preprod.com\/es\/produit\/mastil-solo-carbon-16-mm-85-cm-fuselaje\/\",\"url\":\"https:\/\/staging.srokafinal.lets-preprod.com\/es\/produit\/mastil-solo-carbon-16-mm-85-cm-fuselaje\/\",\"name\":\"M\u00e1stil Solo Carbon 16 mm | 85 cm + fuselaje - SROKA Company\",\"isPartOf\":{\"@id\":\"https:\/\/staging.srokafinal.lets-preprod.com\/es\/#website\"},\"primaryImageOfPage\":{\"@id\":\"https:\/\/staging.srokafinal.lets-preprod.com\/es\/produit\/mastil-solo-carbon-16-mm-85-cm-fuselaje\/#primaryimage\"},\"image\":{\"@id\":\"https:\/\/staging.srokafinal.lets-preprod.com\/es\/produit\/mastil-solo-carbon-16-mm-85-cm-fuselaje\/#primaryimage\"},\"thumbnailUrl\":\"https:\/\/staging.srokafinal.lets-preprod.com\/wp-content\/uploads\/2023\/09\/mat-fuselage-16mm-fond-transparent_.png\",\"datePublished\":\"2023-09-05T12:11:43+00:00\",\"dateModified\":\"2024-10-18T16:25:05+00:00\",\"description\":\"El m\u00e1stil de carbono todoterreno y eficiente. Vive una nueva experiencia de planeo con este m\u00e1stil que da rienda suelta a tus sensaciones en todas las disciplinas.\",\"breadcrumb\":{\"@id\":\"https:\/\/staging.srokafinal.lets-preprod.com\/es\/produit\/mastil-solo-carbon-16-mm-85-cm-fuselaje\/#breadcrumb\"},\"inLanguage\":\"es\",\"potentialAction\":[{\"@type\":\"ReadAction\",\"target\":[\"https:\/\/staging.srokafinal.lets-preprod.com\/es\/produit\/mastil-solo-carbon-16-mm-85-cm-fuselaje\/\"]}]},{\"@type\":\"ImageObject\",\"inLanguage\":\"es\",\"@id\":\"https:\/\/staging.srokafinal.lets-preprod.com\/es\/produit\/mastil-solo-carbon-16-mm-85-cm-fuselaje\/#primaryimage\",\"url\":\"https:\/\/staging.srokafinal.lets-preprod.com\/wp-content\/uploads\/2023\/09\/mat-fuselage-16mm-fond-transparent_.png\",\"contentUrl\":\"https:\/\/staging.srokafinal.lets-preprod.com\/wp-content\/uploads\/2023\/09\/mat-fuselage-16mm-fond-transparent_.png\",\"width\":2048,\"height\":2730},{\"@type\":\"BreadcrumbList\",\"@id\":\"https:\/\/staging.srokafinal.lets-preprod.com\/es\/produit\/mastil-solo-carbon-16-mm-85-cm-fuselaje\/#breadcrumb\",\"itemListElement\":[{\"@type\":\"ListItem\",\"position\":1,\"name\":\"Accueil\",\"item\":\"https:\/\/staging.srokafinal.lets-preprod.com\/es\/\"},{\"@type\":\"ListItem\",\"position\":2,\"name\":\"Boutique\",\"item\":\"https:\/\/staging.srokafinal.lets-preprod.com\/boutique\/\"},{\"@type\":\"ListItem\",\"position\":3,\"name\":\"M\u00e1stil Solo Carbon 16 mm | 85 cm + fuselaje\"}]},{\"@type\":\"WebSite\",\"@id\":\"https:\/\/staging.srokafinal.lets-preprod.com\/es\/#website\",\"url\":\"https:\/\/staging.srokafinal.lets-preprod.com\/es\/\",\"name\":\"SROKA Company\",\"description\":\"SUP, Kite, Foil, Wing\",\"publisher\":{\"@id\":\"https:\/\/staging.srokafinal.lets-preprod.com\/es\/#organization\"},\"potentialAction\":[{\"@type\":\"SearchAction\",\"target\":{\"@type\":\"EntryPoint\",\"urlTemplate\":\"https:\/\/staging.srokafinal.lets-preprod.com\/es\/?s={search_term_string}\"},\"query-input\":{\"@type\":\"PropertyValueSpecification\",\"valueRequired\":true,\"valueName\":\"search_term_string\"}}],\"inLanguage\":\"es\"},{\"@type\":\"Organization\",\"@id\":\"https:\/\/staging.srokafinal.lets-preprod.com\/es\/#organization\",\"name\":\"SROKACOMPANY\",\"alternateName\":\"SROKA\",\"url\":\"https:\/\/staging.srokafinal.lets-preprod.com\/es\/\",\"logo\":{\"@type\":\"ImageObject\",\"inLanguage\":\"es\",\"@id\":\"https:\/\/staging.srokafinal.lets-preprod.com\/es\/#\/schema\/logo\/image\/\",\"url\":\"https:\/\/staging.srokafinal.lets-preprod.com\/wp-content\/uploads\/2021\/01\/logo-sroka-black-transpa.png\",\"contentUrl\":\"https:\/\/staging.srokafinal.lets-preprod.com\/wp-content\/uploads\/2021\/01\/logo-sroka-black-transpa.png\",\"width\":1201,\"height\":342,\"caption\":\"SROKACOMPANY\"},\"image\":{\"@id\":\"https:\/\/staging.srokafinal.lets-preprod.com\/es\/#\/schema\/logo\/image\/\"},\"sameAs\":[\"https:\/\/www.facebook.com\/srokawatersports\/\",\"https:\/\/www.instagram.com\/srokawatersports\/\",\"https:\/\/www.youtube.com\/channel\/UCVLHHeaPIm-J5bdEUgxqtZA\"]}]}<\/script>\n<!-- \/ Yoast SEO plugin. -->","yoast_head_json":{"title":"M\u00e1stil Solo Carbon 16 mm | 85 cm + fuselaje - SROKA Company","description":"El m\u00e1stil de carbono todoterreno y eficiente. Vive una nueva experiencia de planeo con este m\u00e1stil que da rienda suelta a tus sensaciones en todas las disciplinas.","robots":{"index":"noindex","follow":"follow","max-snippet":"max-snippet:-1","max-image-preview":"max-image-preview:large","max-video-preview":"max-video-preview:-1"},"og_locale":"es_ES","og_type":"article","og_title":"M\u00e1stil Solo Carbon 16 mm | 85 cm + fuselaje - SROKA Company","og_description":"El m\u00e1stil de carbono todoterreno y eficiente. Vive una nueva experiencia de planeo con este m\u00e1stil que da rienda suelta a tus sensaciones en todas las disciplinas.","og_url":"https:\/\/staging.srokafinal.lets-preprod.com\/es\/produit\/mastil-solo-carbon-16-mm-85-cm-fuselaje\/","og_site_name":"SROKA Company","article_publisher":"https:\/\/www.facebook.com\/srokawatersports\/","article_modified_time":"2024-10-18T16:25:05+00:00","og_image":[{"width":2048,"height":2730,"url":"https:\/\/staging.srokafinal.lets-preprod.com\/wp-content\/uploads\/2023\/09\/mat-fuselage-16mm-fond-transparent_.png","type":"image\/png"}],"schema":{"@context":"https:\/\/schema.org","@graph":[{"@type":"WebPage","@id":"https:\/\/staging.srokafinal.lets-preprod.com\/es\/produit\/mastil-solo-carbon-16-mm-85-cm-fuselaje\/","url":"https:\/\/staging.srokafinal.lets-preprod.com\/es\/produit\/mastil-solo-carbon-16-mm-85-cm-fuselaje\/","name":"M\u00e1stil Solo Carbon 16 mm | 85 cm + fuselaje - SROKA Company","isPartOf":{"@id":"https:\/\/staging.srokafinal.lets-preprod.com\/es\/#website"},"primaryImageOfPage":{"@id":"https:\/\/staging.srokafinal.lets-preprod.com\/es\/produit\/mastil-solo-carbon-16-mm-85-cm-fuselaje\/#primaryimage"},"image":{"@id":"https:\/\/staging.srokafinal.lets-preprod.com\/es\/produit\/mastil-solo-carbon-16-mm-85-cm-fuselaje\/#primaryimage"},"thumbnailUrl":"https:\/\/staging.srokafinal.lets-preprod.com\/wp-content\/uploads\/2023\/09\/mat-fuselage-16mm-fond-transparent_.png","datePublished":"2023-09-05T12:11:43+00:00","dateModified":"2024-10-18T16:25:05+00:00","description":"El m\u00e1stil de carbono todoterreno y eficiente. Vive una nueva experiencia de planeo con este m\u00e1stil que da rienda suelta a tus sensaciones en todas las disciplinas.","breadcrumb":{"@id":"https:\/\/staging.srokafinal.lets-preprod.com\/es\/produit\/mastil-solo-carbon-16-mm-85-cm-fuselaje\/#breadcrumb"},"inLanguage":"es","potentialAction":[{"@type":"ReadAction","target":["https:\/\/staging.srokafinal.lets-preprod.com\/es\/produit\/mastil-solo-carbon-16-mm-85-cm-fuselaje\/"]}]},{"@type":"ImageObject","inLanguage":"es","@id":"https:\/\/staging.srokafinal.lets-preprod.com\/es\/produit\/mastil-solo-carbon-16-mm-85-cm-fuselaje\/#primaryimage","url":"https:\/\/staging.srokafinal.lets-preprod.com\/wp-content\/uploads\/2023\/09\/mat-fuselage-16mm-fond-transparent_.png","contentUrl":"https:\/\/staging.srokafinal.lets-preprod.com\/wp-content\/uploads\/2023\/09\/mat-fuselage-16mm-fond-transparent_.png","width":2048,"height":2730},{"@type":"BreadcrumbList","@id":"https:\/\/staging.srokafinal.lets-preprod.com\/es\/produit\/mastil-solo-carbon-16-mm-85-cm-fuselaje\/#breadcrumb","itemListElement":[{"@type":"ListItem","position":1,"name":"Accueil","item":"https:\/\/staging.srokafinal.lets-preprod.com\/es\/"},{"@type":"ListItem","position":2,"name":"Boutique","item":"https:\/\/staging.srokafinal.lets-preprod.com\/boutique\/"},{"@type":"ListItem","position":3,"name":"M\u00e1stil Solo Carbon 16 mm | 85 cm + fuselaje"}]},{"@type":"WebSite","@id":"https:\/\/staging.srokafinal.lets-preprod.com\/es\/#website","url":"https:\/\/staging.srokafinal.lets-preprod.com\/es\/","name":"SROKA Company","description":"SUP, Kite, Foil, Wing","publisher":{"@id":"https:\/\/staging.srokafinal.lets-preprod.com\/es\/#organization"},"potentialAction":[{"@type":"SearchAction","target":{"@type":"EntryPoint","urlTemplate":"https:\/\/staging.srokafinal.lets-preprod.com\/es\/?s={search_term_string}"},"query-input":{"@type":"PropertyValueSpecification","valueRequired":true,"valueName":"search_term_string"}}],"inLanguage":"es"},{"@type":"Organization","@id":"https:\/\/staging.srokafinal.lets-preprod.com\/es\/#organization","name":"SROKACOMPANY","alternateName":"SROKA","url":"https:\/\/staging.srokafinal.lets-preprod.com\/es\/","logo":{"@type":"ImageObject","inLanguage":"es","@id":"https:\/\/staging.srokafinal.lets-preprod.com\/es\/#\/schema\/logo\/image\/","url":"https:\/\/staging.srokafinal.lets-preprod.com\/wp-content\/uploads\/2021\/01\/logo-sroka-black-transpa.png","contentUrl":"https:\/\/staging.srokafinal.lets-preprod.com\/wp-content\/uploads\/2021\/01\/logo-sroka-black-transpa.png","width":1201,"height":342,"caption":"SROKACOMPANY"},"image":{"@id":"https:\/\/staging.srokafinal.lets-preprod.com\/es\/#\/schema\/logo\/image\/"},"sameAs":["https:\/\/www.facebook.com\/srokawatersports\/","https:\/\/www.instagram.com\/srokawatersports\/","https:\/\/www.youtube.com\/channel\/UCVLHHeaPIm-J5bdEUgxqtZA"]}]}},"uagb_featured_image_src":{"full":["https:\/\/staging.srokafinal.lets-preprod.com\/wp-content\/uploads\/2023\/09\/mat-fuselage-16mm-fond-transparent_.png",2048,2730,false],"thumbnail":["https:\/\/staging.srokafinal.lets-preprod.com\/wp-content\/uploads\/2023\/09\/mat-fuselage-16mm-fond-transparent_-150x150.png",150,150,true],"medium":["https:\/\/staging.srokafinal.lets-preprod.com\/wp-content\/uploads\/2023\/09\/mat-fuselage-16mm-fond-transparent_-225x300.png",225,300,true],"medium_large":["https:\/\/staging.srokafinal.lets-preprod.com\/wp-content\/uploads\/2023\/09\/mat-fuselage-16mm-fond-transparent_-768x1024.png",768,1024,true],"large":["https:\/\/staging.srokafinal.lets-preprod.com\/wp-content\/uploads\/2023\/09\/mat-fuselage-16mm-fond-transparent_-768x1024.png",768,1024,true],"1536x1536":["https:\/\/staging.srokafinal.lets-preprod.com\/wp-content\/uploads\/2023\/09\/mat-fuselage-16mm-fond-transparent_-1152x1536.png",1152,1536,true],"2048x2048":["https:\/\/staging.srokafinal.lets-preprod.com\/wp-content\/uploads\/2023\/09\/mat-fuselage-16mm-fond-transparent_-1536x2048.png",1536,2048,true],"woocommerce_thumbnail":["https:\/\/staging.srokafinal.lets-preprod.com\/wp-content\/uploads\/2023\/09\/mat-fuselage-16mm-fond-transparent_-600x800.png",600,800,true],"woocommerce_single":["https:\/\/staging.srokafinal.lets-preprod.com\/wp-content\/uploads\/2023\/09\/mat-fuselage-16mm-fond-transparent_-600x800.png",600,800,true],"woocommerce_gallery_thumbnail":["https:\/\/staging.srokafinal.lets-preprod.com\/wp-content\/uploads\/2023\/09\/mat-fuselage-16mm-fond-transparent_-100x100.png",100,100,true]},"uagb_author_info":{"display_name":"emmanuel.d emmanuel.d","author_link":"https:\/\/staging.srokafinal.lets-preprod.com\/es\/blog\/author\/"},"uagb_comment_info":0,"uagb_excerpt":null,"_links":{"self":[{"href":"https:\/\/staging.srokafinal.lets-preprod.com\/es\/wp-json\/wp\/v2\/product\/107070","targetHints":{"allow":["GET"]}}],"collection":[{"href":"https:\/\/staging.srokafinal.lets-preprod.com\/es\/wp-json\/wp\/v2\/product"}],"about":[{"href":"https:\/\/staging.srokafinal.lets-preprod.com\/es\/wp-json\/wp\/v2\/types\/product"}],"wp:featuredmedia":[{"embeddable":true,"href":"https:\/\/staging.srokafinal.lets-preprod.com\/es\/wp-json\/wp\/v2\/media\/106534"}],"wp:attachment":[{"href":"https:\/\/staging.srokafinal.lets-preprod.com\/es\/wp-json\/wp\/v2\/media?parent=107070"}],"wp:term":[{"taxonomy":"product_brand","embeddable":true,"href":"https:\/\/staging.srokafinal.lets-preprod.com\/es\/wp-json\/wp\/v2\/product_brand?post=107070"},{"taxonomy":"product_cat","embeddable":true,"href":"https:\/\/staging.srokafinal.lets-preprod.com\/es\/wp-json\/wp\/v2\/product_cat?post=107070"},{"taxonomy":"product_tag","embeddable":true,"href":"https:\/\/staging.srokafinal.lets-preprod.com\/es\/wp-json\/wp\/v2\/product_tag?post=107070"}],"curies":[{"name":"wp","href":"https:\/\/api.w.org\/{rel}","templated":true}]}}