


{"id":107841,"date":"2022-06-29T08:36:54","date_gmt":"2022-06-29T06:36:54","guid":{"rendered":"https:\/\/srokacompany.com\/produit\/bomba-de-ala-manual\/"},"modified":"2024-05-21T12:29:14","modified_gmt":"2024-05-21T12:29:14","slug":"bomba-de-ala-manual","status":"publish","type":"product","link":"https:\/\/staging.srokafinal.lets-preprod.com\/es\/produit\/bomba-de-ala-manual\/","title":{"rendered":"Bomba de ala manual"},"content":{"rendered":"<hr>\n<h2>Bomba manual para ala<\/h2>\n<p style=\"text-align: justify;\">La bomba manual Sroka para Wings te permite inflar todas las alas con una boquilla compatible, incluidas todas las versiones de la <a href=\"https:\/\/srokacompany.com\/eshop\/aile-wing-foil\/\">Wings Sroka<\/a>. Utiliza una puntera est\u00e1ndar, compatible con cometas de kitesurf. Construido con materiales de calidad, es el accesorio imprescindible para todas tus sesiones. Se suministra con dos puntas adicionales para que sea compatible con el m\u00e1ximo n\u00famero de v\u00e1lvulas diferentes.<\/p>\n<p>Su doble flujo y su generoso volumen te permiten inflar r\u00e1pidamente tu equipo y disfrutar al m\u00e1ximo de tus sesiones. La bomba tiene una correa con un gancho para asegurar su ala durante el inflado.<\/p>\n<p>Su preciso man\u00f3metro a baja presi\u00f3n, a partir de 3 PSI, garantiza que nunca infles demasiado la vela.<\/p>\n","protected":false},"excerpt":{"rendered":"<p>Bomba manual para ala La bomba manual Sroka para Wings te permite inflar todas las alas con una boquilla compatible, incluidas todas las versiones de la Wings Sroka. Utiliza una puntera est\u00e1ndar, compatible con cometas de kitesurf. Construido con materiales de calidad, es el accesorio imprescindible para todas tus sesiones. Se suministra con dos puntas [&hellip;]<\/p>\n","protected":false},"featured_media":107848,"template":"","meta":{"_acf_changed":false,"_uag_custom_page_level_css":""},"product_brand":[],"product_cat":[2475],"product_tag":[],"class_list":{"0":"post-107841","1":"product","2":"type-product","3":"status-publish","4":"has-post-thumbnail","6":"product_cat-alas-de-wing-foil","7":"product_shipping_class-envio-pequeno","9":"first","10":"instock","11":"taxable","12":"shipping-taxable","13":"purchasable","14":"product-type-simple"},"acf":[],"yoast_head":"<!-- This site is optimized with the Yoast SEO plugin v25.1 - https:\/\/yoast.com\/wordpress\/plugins\/seo\/ -->\n<title>Bomba de ala manual - SROKA Company<\/title>\n<meta name=\"description\" content=\"La bomba manual de doble acci\u00f3n Sroka te permite inflar tu vela de forma r\u00e1pida y precisa. Se suministra con un seguro para el ala.\" \/>\n<meta name=\"robots\" content=\"noindex, follow, max-snippet:-1, max-image-preview:large, max-video-preview:-1\" \/>\n<meta property=\"og:locale\" content=\"es_ES\" \/>\n<meta property=\"og:type\" content=\"article\" \/>\n<meta property=\"og:title\" content=\"Bomba de ala manual - SROKA Company\" \/>\n<meta property=\"og:description\" content=\"La bomba manual de doble acci\u00f3n Sroka te permite inflar tu vela de forma r\u00e1pida y precisa. Se suministra con un seguro para el ala.\" \/>\n<meta property=\"og:url\" content=\"https:\/\/staging.srokafinal.lets-preprod.com\/es\/produit\/bomba-de-ala-manual\/\" \/>\n<meta property=\"og:site_name\" content=\"SROKA Company\" \/>\n<meta property=\"article:publisher\" content=\"https:\/\/www.facebook.com\/srokawatersports\/\" \/>\n<meta property=\"article:modified_time\" content=\"2024-05-21T12:29:14+00:00\" \/>\n<meta property=\"og:image\" content=\"https:\/\/staging.srokafinal.lets-preprod.com\/wp-content\/uploads\/2022\/06\/Pompe-manuelle-wing-foil-et-kitesurf-Sroka.jpg\" \/>\n\t<meta property=\"og:image:width\" content=\"780\" \/>\n\t<meta property=\"og:image:height\" content=\"1040\" \/>\n\t<meta property=\"og:image:type\" content=\"image\/jpeg\" \/>\n<meta name=\"twitter:label1\" content=\"Tiempo de lectura\" \/>\n\t<meta name=\"twitter:data1\" content=\"1 minuto\" \/>\n<script type=\"application\/ld+json\" class=\"yoast-schema-graph\">{\"@context\":\"https:\/\/schema.org\",\"@graph\":[{\"@type\":\"WebPage\",\"@id\":\"https:\/\/staging.srokafinal.lets-preprod.com\/es\/produit\/bomba-de-ala-manual\/\",\"url\":\"https:\/\/staging.srokafinal.lets-preprod.com\/es\/produit\/bomba-de-ala-manual\/\",\"name\":\"Bomba de ala manual - SROKA Company\",\"isPartOf\":{\"@id\":\"https:\/\/staging.srokafinal.lets-preprod.com\/es\/#website\"},\"primaryImageOfPage\":{\"@id\":\"https:\/\/staging.srokafinal.lets-preprod.com\/es\/produit\/bomba-de-ala-manual\/#primaryimage\"},\"image\":{\"@id\":\"https:\/\/staging.srokafinal.lets-preprod.com\/es\/produit\/bomba-de-ala-manual\/#primaryimage\"},\"thumbnailUrl\":\"https:\/\/staging.srokafinal.lets-preprod.com\/wp-content\/uploads\/2022\/06\/Pompe-manuelle-wing-foil-et-kitesurf-Sroka.jpg\",\"datePublished\":\"2022-06-29T06:36:54+00:00\",\"dateModified\":\"2024-05-21T12:29:14+00:00\",\"description\":\"La bomba manual de doble acci\u00f3n Sroka te permite inflar tu vela de forma r\u00e1pida y precisa. Se suministra con un seguro para el ala.\",\"breadcrumb\":{\"@id\":\"https:\/\/staging.srokafinal.lets-preprod.com\/es\/produit\/bomba-de-ala-manual\/#breadcrumb\"},\"inLanguage\":\"es\",\"potentialAction\":[{\"@type\":\"ReadAction\",\"target\":[\"https:\/\/staging.srokafinal.lets-preprod.com\/es\/produit\/bomba-de-ala-manual\/\"]}]},{\"@type\":\"ImageObject\",\"inLanguage\":\"es\",\"@id\":\"https:\/\/staging.srokafinal.lets-preprod.com\/es\/produit\/bomba-de-ala-manual\/#primaryimage\",\"url\":\"https:\/\/staging.srokafinal.lets-preprod.com\/wp-content\/uploads\/2022\/06\/Pompe-manuelle-wing-foil-et-kitesurf-Sroka.jpg\",\"contentUrl\":\"https:\/\/staging.srokafinal.lets-preprod.com\/wp-content\/uploads\/2022\/06\/Pompe-manuelle-wing-foil-et-kitesurf-Sroka.jpg\",\"width\":780,\"height\":1040,\"caption\":\"Bomba de kitesurf y wingfoil universal de doble acci\u00f3n Sroka\"},{\"@type\":\"BreadcrumbList\",\"@id\":\"https:\/\/staging.srokafinal.lets-preprod.com\/es\/produit\/bomba-de-ala-manual\/#breadcrumb\",\"itemListElement\":[{\"@type\":\"ListItem\",\"position\":1,\"name\":\"Accueil\",\"item\":\"https:\/\/staging.srokafinal.lets-preprod.com\/es\/\"},{\"@type\":\"ListItem\",\"position\":2,\"name\":\"Boutique\",\"item\":\"https:\/\/staging.srokafinal.lets-preprod.com\/boutique\/\"},{\"@type\":\"ListItem\",\"position\":3,\"name\":\"Bomba de ala manual\"}]},{\"@type\":\"WebSite\",\"@id\":\"https:\/\/staging.srokafinal.lets-preprod.com\/es\/#website\",\"url\":\"https:\/\/staging.srokafinal.lets-preprod.com\/es\/\",\"name\":\"SROKA Company\",\"description\":\"SUP, Kite, Foil, Wing\",\"publisher\":{\"@id\":\"https:\/\/staging.srokafinal.lets-preprod.com\/es\/#organization\"},\"potentialAction\":[{\"@type\":\"SearchAction\",\"target\":{\"@type\":\"EntryPoint\",\"urlTemplate\":\"https:\/\/staging.srokafinal.lets-preprod.com\/es\/?s={search_term_string}\"},\"query-input\":{\"@type\":\"PropertyValueSpecification\",\"valueRequired\":true,\"valueName\":\"search_term_string\"}}],\"inLanguage\":\"es\"},{\"@type\":\"Organization\",\"@id\":\"https:\/\/staging.srokafinal.lets-preprod.com\/es\/#organization\",\"name\":\"SROKACOMPANY\",\"alternateName\":\"SROKA\",\"url\":\"https:\/\/staging.srokafinal.lets-preprod.com\/es\/\",\"logo\":{\"@type\":\"ImageObject\",\"inLanguage\":\"es\",\"@id\":\"https:\/\/staging.srokafinal.lets-preprod.com\/es\/#\/schema\/logo\/image\/\",\"url\":\"https:\/\/staging.srokafinal.lets-preprod.com\/wp-content\/uploads\/2021\/01\/logo-sroka-black-transpa.png\",\"contentUrl\":\"https:\/\/staging.srokafinal.lets-preprod.com\/wp-content\/uploads\/2021\/01\/logo-sroka-black-transpa.png\",\"width\":1201,\"height\":342,\"caption\":\"SROKACOMPANY\"},\"image\":{\"@id\":\"https:\/\/staging.srokafinal.lets-preprod.com\/es\/#\/schema\/logo\/image\/\"},\"sameAs\":[\"https:\/\/www.facebook.com\/srokawatersports\/\",\"https:\/\/www.instagram.com\/srokawatersports\/\",\"https:\/\/www.youtube.com\/channel\/UCVLHHeaPIm-J5bdEUgxqtZA\"]}]}<\/script>\n<!-- \/ Yoast SEO plugin. -->","yoast_head_json":{"title":"Bomba de ala manual - SROKA Company","description":"La bomba manual de doble acci\u00f3n Sroka te permite inflar tu vela de forma r\u00e1pida y precisa. Se suministra con un seguro para el ala.","robots":{"index":"noindex","follow":"follow","max-snippet":"max-snippet:-1","max-image-preview":"max-image-preview:large","max-video-preview":"max-video-preview:-1"},"og_locale":"es_ES","og_type":"article","og_title":"Bomba de ala manual - SROKA Company","og_description":"La bomba manual de doble acci\u00f3n Sroka te permite inflar tu vela de forma r\u00e1pida y precisa. Se suministra con un seguro para el ala.","og_url":"https:\/\/staging.srokafinal.lets-preprod.com\/es\/produit\/bomba-de-ala-manual\/","og_site_name":"SROKA Company","article_publisher":"https:\/\/www.facebook.com\/srokawatersports\/","article_modified_time":"2024-05-21T12:29:14+00:00","og_image":[{"width":780,"height":1040,"url":"https:\/\/staging.srokafinal.lets-preprod.com\/wp-content\/uploads\/2022\/06\/Pompe-manuelle-wing-foil-et-kitesurf-Sroka.jpg","type":"image\/jpeg"}],"twitter_misc":{"Tiempo de lectura":"1 minuto"},"schema":{"@context":"https:\/\/schema.org","@graph":[{"@type":"WebPage","@id":"https:\/\/staging.srokafinal.lets-preprod.com\/es\/produit\/bomba-de-ala-manual\/","url":"https:\/\/staging.srokafinal.lets-preprod.com\/es\/produit\/bomba-de-ala-manual\/","name":"Bomba de ala manual - SROKA Company","isPartOf":{"@id":"https:\/\/staging.srokafinal.lets-preprod.com\/es\/#website"},"primaryImageOfPage":{"@id":"https:\/\/staging.srokafinal.lets-preprod.com\/es\/produit\/bomba-de-ala-manual\/#primaryimage"},"image":{"@id":"https:\/\/staging.srokafinal.lets-preprod.com\/es\/produit\/bomba-de-ala-manual\/#primaryimage"},"thumbnailUrl":"https:\/\/staging.srokafinal.lets-preprod.com\/wp-content\/uploads\/2022\/06\/Pompe-manuelle-wing-foil-et-kitesurf-Sroka.jpg","datePublished":"2022-06-29T06:36:54+00:00","dateModified":"2024-05-21T12:29:14+00:00","description":"La bomba manual de doble acci\u00f3n Sroka te permite inflar tu vela de forma r\u00e1pida y precisa. Se suministra con un seguro para el ala.","breadcrumb":{"@id":"https:\/\/staging.srokafinal.lets-preprod.com\/es\/produit\/bomba-de-ala-manual\/#breadcrumb"},"inLanguage":"es","potentialAction":[{"@type":"ReadAction","target":["https:\/\/staging.srokafinal.lets-preprod.com\/es\/produit\/bomba-de-ala-manual\/"]}]},{"@type":"ImageObject","inLanguage":"es","@id":"https:\/\/staging.srokafinal.lets-preprod.com\/es\/produit\/bomba-de-ala-manual\/#primaryimage","url":"https:\/\/staging.srokafinal.lets-preprod.com\/wp-content\/uploads\/2022\/06\/Pompe-manuelle-wing-foil-et-kitesurf-Sroka.jpg","contentUrl":"https:\/\/staging.srokafinal.lets-preprod.com\/wp-content\/uploads\/2022\/06\/Pompe-manuelle-wing-foil-et-kitesurf-Sroka.jpg","width":780,"height":1040,"caption":"Bomba de kitesurf y wingfoil universal de doble acci\u00f3n Sroka"},{"@type":"BreadcrumbList","@id":"https:\/\/staging.srokafinal.lets-preprod.com\/es\/produit\/bomba-de-ala-manual\/#breadcrumb","itemListElement":[{"@type":"ListItem","position":1,"name":"Accueil","item":"https:\/\/staging.srokafinal.lets-preprod.com\/es\/"},{"@type":"ListItem","position":2,"name":"Boutique","item":"https:\/\/staging.srokafinal.lets-preprod.com\/boutique\/"},{"@type":"ListItem","position":3,"name":"Bomba de ala manual"}]},{"@type":"WebSite","@id":"https:\/\/staging.srokafinal.lets-preprod.com\/es\/#website","url":"https:\/\/staging.srokafinal.lets-preprod.com\/es\/","name":"SROKA Company","description":"SUP, Kite, Foil, Wing","publisher":{"@id":"https:\/\/staging.srokafinal.lets-preprod.com\/es\/#organization"},"potentialAction":[{"@type":"SearchAction","target":{"@type":"EntryPoint","urlTemplate":"https:\/\/staging.srokafinal.lets-preprod.com\/es\/?s={search_term_string}"},"query-input":{"@type":"PropertyValueSpecification","valueRequired":true,"valueName":"search_term_string"}}],"inLanguage":"es"},{"@type":"Organization","@id":"https:\/\/staging.srokafinal.lets-preprod.com\/es\/#organization","name":"SROKACOMPANY","alternateName":"SROKA","url":"https:\/\/staging.srokafinal.lets-preprod.com\/es\/","logo":{"@type":"ImageObject","inLanguage":"es","@id":"https:\/\/staging.srokafinal.lets-preprod.com\/es\/#\/schema\/logo\/image\/","url":"https:\/\/staging.srokafinal.lets-preprod.com\/wp-content\/uploads\/2021\/01\/logo-sroka-black-transpa.png","contentUrl":"https:\/\/staging.srokafinal.lets-preprod.com\/wp-content\/uploads\/2021\/01\/logo-sroka-black-transpa.png","width":1201,"height":342,"caption":"SROKACOMPANY"},"image":{"@id":"https:\/\/staging.srokafinal.lets-preprod.com\/es\/#\/schema\/logo\/image\/"},"sameAs":["https:\/\/www.facebook.com\/srokawatersports\/","https:\/\/www.instagram.com\/srokawatersports\/","https:\/\/www.youtube.com\/channel\/UCVLHHeaPIm-J5bdEUgxqtZA"]}]}},"uagb_featured_image_src":{"full":["https:\/\/staging.srokafinal.lets-preprod.com\/wp-content\/uploads\/2022\/06\/Pompe-manuelle-wing-foil-et-kitesurf-Sroka.jpg",780,1040,false],"thumbnail":["https:\/\/staging.srokafinal.lets-preprod.com\/wp-content\/uploads\/2022\/06\/Pompe-manuelle-wing-foil-et-kitesurf-Sroka-150x150.jpg",150,150,true],"medium":["https:\/\/staging.srokafinal.lets-preprod.com\/wp-content\/uploads\/2022\/06\/Pompe-manuelle-wing-foil-et-kitesurf-Sroka-225x300.jpg",225,300,true],"medium_large":["https:\/\/staging.srokafinal.lets-preprod.com\/wp-content\/uploads\/2022\/06\/Pompe-manuelle-wing-foil-et-kitesurf-Sroka-768x1024.jpg",768,1024,true],"large":["https:\/\/staging.srokafinal.lets-preprod.com\/wp-content\/uploads\/2022\/06\/Pompe-manuelle-wing-foil-et-kitesurf-Sroka-768x1024.jpg",768,1024,true],"1536x1536":["https:\/\/staging.srokafinal.lets-preprod.com\/wp-content\/uploads\/2022\/06\/Pompe-manuelle-wing-foil-et-kitesurf-Sroka.jpg",780,1040,false],"2048x2048":["https:\/\/staging.srokafinal.lets-preprod.com\/wp-content\/uploads\/2022\/06\/Pompe-manuelle-wing-foil-et-kitesurf-Sroka.jpg",780,1040,false],"woocommerce_thumbnail":["https:\/\/staging.srokafinal.lets-preprod.com\/wp-content\/uploads\/2022\/06\/Pompe-manuelle-wing-foil-et-kitesurf-Sroka-600x800.jpg",600,800,true],"woocommerce_single":["https:\/\/staging.srokafinal.lets-preprod.com\/wp-content\/uploads\/2022\/06\/Pompe-manuelle-wing-foil-et-kitesurf-Sroka-600x800.jpg",600,800,true],"woocommerce_gallery_thumbnail":["https:\/\/staging.srokafinal.lets-preprod.com\/wp-content\/uploads\/2022\/06\/Pompe-manuelle-wing-foil-et-kitesurf-Sroka-100x100.jpg",100,100,true]},"uagb_author_info":{"display_name":"Tristan Dumard","author_link":"https:\/\/staging.srokafinal.lets-preprod.com\/es\/blog\/author\/"},"uagb_comment_info":0,"uagb_excerpt":"Bomba manual para ala La bomba manual Sroka para Wings te permite inflar todas las alas con una boquilla compatible, incluidas todas las versiones de la Wings Sroka. Utiliza una puntera est\u00e1ndar, compatible con cometas de kitesurf. Construido con materiales de calidad, es el accesorio imprescindible para todas tus sesiones. Se suministra con dos puntas&hellip;","_links":{"self":[{"href":"https:\/\/staging.srokafinal.lets-preprod.com\/es\/wp-json\/wp\/v2\/product\/107841","targetHints":{"allow":["GET"]}}],"collection":[{"href":"https:\/\/staging.srokafinal.lets-preprod.com\/es\/wp-json\/wp\/v2\/product"}],"about":[{"href":"https:\/\/staging.srokafinal.lets-preprod.com\/es\/wp-json\/wp\/v2\/types\/product"}],"wp:featuredmedia":[{"embeddable":true,"href":"https:\/\/staging.srokafinal.lets-preprod.com\/es\/wp-json\/wp\/v2\/media\/107848"}],"wp:attachment":[{"href":"https:\/\/staging.srokafinal.lets-preprod.com\/es\/wp-json\/wp\/v2\/media?parent=107841"}],"wp:term":[{"taxonomy":"product_brand","embeddable":true,"href":"https:\/\/staging.srokafinal.lets-preprod.com\/es\/wp-json\/wp\/v2\/product_brand?post=107841"},{"taxonomy":"product_cat","embeddable":true,"href":"https:\/\/staging.srokafinal.lets-preprod.com\/es\/wp-json\/wp\/v2\/product_cat?post=107841"},{"taxonomy":"product_tag","embeddable":true,"href":"https:\/\/staging.srokafinal.lets-preprod.com\/es\/wp-json\/wp\/v2\/product_tag?post=107841"}],"curies":[{"name":"wp","href":"https:\/\/api.w.org\/{rel}","templated":true}]}}