


{"id":107842,"date":"2023-06-08T15:07:21","date_gmt":"2023-06-08T13:07:21","guid":{"rendered":"https:\/\/srokacompany.com\/produit\/easy-116-usado\/"},"modified":"2024-05-21T12:41:31","modified_gmt":"2024-05-21T12:41:31","slug":"easy-116-usado","status":"publish","type":"product","link":"https:\/\/staging.srokafinal.lets-preprod.com\/es\/produit\/easy-116-usado\/","title":{"rendered":"Easy 11&#8217;6 &#8211; Usado"},"content":{"rendered":"<hr>\n<h2><strong>DESLIZAMIENTO F\u00c1CIL, DIVERSI\u00d3N INMEDIATA &#8211; Usado &#8211; nunca he estado en el agua &#8211; exposici\u00f3n \/ modelo fotogr\u00e1fico &#8211; <a href=\"https:\/\/srokacompany.com\/produit\/stand-up-paddle-gonflable-easy\/\">Descripci\u00f3n completa aqu\u00ed<\/a><\/strong><\/h2>\n<p>Con los packs Easy <a href=\"https:\/\/srokacompany.com\/eshop\/stand-up-paddle-gonflable\/\">Inflatable Stand Up Paddle<\/a> de 10&#8242;, 10&#8217;6, 11&#8217;6 y 12&#8217;6, descubrir\u00e1s el placer del SUP hinchable sin preocuparte por ello.<\/p>\n<p>El <strong>Easy 10&#8217;6<\/strong> cumple con las expectativas de las personas promedio que se inician en el SUP, solas o con su familia. Te acompa\u00f1ar\u00e1 para paseos, yoga, pesca, paseos y surf en olas peque\u00f1as gracias a su c\u00f3modo contorno y ligero balanc\u00edn. Su forma y rocker lo hacen maniobrable y te permiten surfear olas peque\u00f1as con facilidad.<\/p>\n<p>Su hermano peque\u00f1o, el <strong>Easy 10&#8242;<\/strong> , comparte la misma forma, pero m\u00e1s estrecho, m\u00e1s delgado y m\u00e1s corto. Se adapta a tama\u00f1os m\u00e1s peque\u00f1os (&lt;85-90 kg), ni\u00f1os y adolescentes.<\/p>\n<p>Las <strong>mochilas de 11&#8217;6 y 12&#8217;6<\/strong> satisfar\u00e1n a los amantes de los paseos y caminatas deportivas, al tiempo que concilian el equilibrio, el deslizamiento y la comodidad. Los principiantes y los ciclistas m\u00e1s altos disfrutar\u00e1n de la estabilidad y la relaci\u00f3n planeo\/maniobrabilidad del 11&#8217;6, mientras que los ciclistas m\u00e1s pesados o experimentados se divertir\u00e1n con el mejor planeo del 12&#8217;6.<\/p>\n<p>Las tablas est\u00e1n construidas con PVC de la m\u00e1s alta calidad utilizado en semirr\u00edgidas profesionales, lo que ayuda a aumentar su rigidez y longevidad. Para perfeccionar estas caracter\u00edsticas, se ha a\u00f1adido una segunda capa de PVC a los ra\u00edles (delanteros y traseros) adem\u00e1s del morro.<\/p>\n<p>Los packs Easy est\u00e1n hechos para aquellos que quieren <a href=\"https:\/\/srokacompany.com\/2022\/07\/nos-conseils-pour-apprendre-le-stand-up-paddle\/\">aprender sobre el Stand Up Paddle<\/a> sin comprometer la calidad y el dise\u00f1o.<\/p>\n<p>Si todav\u00eda tienes dudas sobre la tabla de paddle surf adecuada para ti, te guiaremos sobre <a href=\"https:\/\/srokacompany.com\/2018\/07\/comment-choisir-son-stand-up-paddle\/\">c\u00f3mo elegir tu stand up paddle<\/a>.<\/p>\n","protected":false},"excerpt":{"rendered":"<p>DESLIZAMIENTO F\u00c1CIL, DIVERSI\u00d3N INMEDIATA &#8211; Usado &#8211; nunca he estado en el agua &#8211; exposici\u00f3n \/ modelo fotogr\u00e1fico &#8211; Descripci\u00f3n completa aqu\u00ed Con los packs Easy Inflatable Stand Up Paddle de 10&#8242;, 10&#8217;6, 11&#8217;6 y 12&#8217;6, descubrir\u00e1s el placer del SUP hinchable sin preocuparte por ello. El Easy 10&#8217;6 cumple con las expectativas de las [&hellip;]<\/p>\n","protected":false},"featured_media":107847,"template":"","meta":{"_acf_changed":false,"_uag_custom_page_level_css":""},"product_brand":[],"product_cat":[2537],"product_tag":[],"class_list":{"0":"post-107842","1":"product","2":"type-product","3":"status-publish","4":"has-post-thumbnail","6":"product_cat-equipos-usados","7":"product_shipping_class-unidad-de-sup","9":"first","10":"instock","11":"taxable","12":"shipping-taxable","13":"purchasable","14":"product-type-simple"},"acf":[],"yoast_head":"<!-- This site is optimized with the Yoast SEO plugin v25.1 - https:\/\/yoast.com\/wordpress\/plugins\/seo\/ -->\n<title>Easy 11&#039;6 - Usado - SROKA Company<\/title>\n<meta name=\"robots\" content=\"noindex, follow, max-snippet:-1, max-image-preview:large, max-video-preview:-1\" \/>\n<meta property=\"og:locale\" content=\"es_ES\" \/>\n<meta property=\"og:type\" content=\"article\" \/>\n<meta property=\"og:title\" content=\"Easy 11&#039;6 - Usado - SROKA Company\" \/>\n<meta property=\"og:description\" content=\"DESLIZAMIENTO F\u00c1CIL, DIVERSI\u00d3N INMEDIATA &#8211; Usado &#8211; nunca he estado en el agua &#8211; exposici\u00f3n \/ modelo fotogr\u00e1fico &#8211; Descripci\u00f3n completa aqu\u00ed Con los packs Easy Inflatable Stand Up Paddle de 10&#8242;, 10&#8217;6, 11&#8217;6 y 12&#8217;6, descubrir\u00e1s el placer del SUP hinchable sin preocuparte por ello. El Easy 10&#8217;6 cumple con las expectativas de las [&hellip;]\" \/>\n<meta property=\"og:url\" content=\"https:\/\/staging.srokafinal.lets-preprod.com\/es\/produit\/easy-116-usado\/\" \/>\n<meta property=\"og:site_name\" content=\"SROKA Company\" \/>\n<meta property=\"article:publisher\" content=\"https:\/\/www.facebook.com\/srokawatersports\/\" \/>\n<meta property=\"article:modified_time\" content=\"2024-05-21T12:41:31+00:00\" \/>\n<meta property=\"og:image\" content=\"https:\/\/staging.srokafinal.lets-preprod.com\/wp-content\/uploads\/2023\/06\/easy-116-occasionIMG_20230608_143601-scaled-1.jpg\" \/>\n\t<meta property=\"og:image:width\" content=\"1536\" \/>\n\t<meta property=\"og:image:height\" content=\"2048\" \/>\n\t<meta property=\"og:image:type\" content=\"image\/jpeg\" \/>\n<meta name=\"twitter:label1\" content=\"Tiempo de lectura\" \/>\n\t<meta name=\"twitter:data1\" content=\"2 minutos\" \/>\n<script type=\"application\/ld+json\" class=\"yoast-schema-graph\">{\"@context\":\"https:\/\/schema.org\",\"@graph\":[{\"@type\":\"WebPage\",\"@id\":\"https:\/\/staging.srokafinal.lets-preprod.com\/es\/produit\/easy-116-usado\/\",\"url\":\"https:\/\/staging.srokafinal.lets-preprod.com\/es\/produit\/easy-116-usado\/\",\"name\":\"Easy 11'6 - Usado - SROKA Company\",\"isPartOf\":{\"@id\":\"https:\/\/staging.srokafinal.lets-preprod.com\/es\/#website\"},\"primaryImageOfPage\":{\"@id\":\"https:\/\/staging.srokafinal.lets-preprod.com\/es\/produit\/easy-116-usado\/#primaryimage\"},\"image\":{\"@id\":\"https:\/\/staging.srokafinal.lets-preprod.com\/es\/produit\/easy-116-usado\/#primaryimage\"},\"thumbnailUrl\":\"https:\/\/staging.srokafinal.lets-preprod.com\/wp-content\/uploads\/2023\/06\/easy-116-occasionIMG_20230608_143601-scaled-1.jpg\",\"datePublished\":\"2023-06-08T13:07:21+00:00\",\"dateModified\":\"2024-05-21T12:41:31+00:00\",\"breadcrumb\":{\"@id\":\"https:\/\/staging.srokafinal.lets-preprod.com\/es\/produit\/easy-116-usado\/#breadcrumb\"},\"inLanguage\":\"es\",\"potentialAction\":[{\"@type\":\"ReadAction\",\"target\":[\"https:\/\/staging.srokafinal.lets-preprod.com\/es\/produit\/easy-116-usado\/\"]}]},{\"@type\":\"ImageObject\",\"inLanguage\":\"es\",\"@id\":\"https:\/\/staging.srokafinal.lets-preprod.com\/es\/produit\/easy-116-usado\/#primaryimage\",\"url\":\"https:\/\/staging.srokafinal.lets-preprod.com\/wp-content\/uploads\/2023\/06\/easy-116-occasionIMG_20230608_143601-scaled-1.jpg\",\"contentUrl\":\"https:\/\/staging.srokafinal.lets-preprod.com\/wp-content\/uploads\/2023\/06\/easy-116-occasionIMG_20230608_143601-scaled-1.jpg\",\"width\":1536,\"height\":2048},{\"@type\":\"BreadcrumbList\",\"@id\":\"https:\/\/staging.srokafinal.lets-preprod.com\/es\/produit\/easy-116-usado\/#breadcrumb\",\"itemListElement\":[{\"@type\":\"ListItem\",\"position\":1,\"name\":\"Accueil\",\"item\":\"https:\/\/staging.srokafinal.lets-preprod.com\/es\/\"},{\"@type\":\"ListItem\",\"position\":2,\"name\":\"Boutique\",\"item\":\"https:\/\/staging.srokafinal.lets-preprod.com\/boutique\/\"},{\"@type\":\"ListItem\",\"position\":3,\"name\":\"Easy 11&#8217;6 &#8211; Usado\"}]},{\"@type\":\"WebSite\",\"@id\":\"https:\/\/staging.srokafinal.lets-preprod.com\/es\/#website\",\"url\":\"https:\/\/staging.srokafinal.lets-preprod.com\/es\/\",\"name\":\"SROKA Company\",\"description\":\"SUP, Kite, Foil, Wing\",\"publisher\":{\"@id\":\"https:\/\/staging.srokafinal.lets-preprod.com\/es\/#organization\"},\"potentialAction\":[{\"@type\":\"SearchAction\",\"target\":{\"@type\":\"EntryPoint\",\"urlTemplate\":\"https:\/\/staging.srokafinal.lets-preprod.com\/es\/?s={search_term_string}\"},\"query-input\":{\"@type\":\"PropertyValueSpecification\",\"valueRequired\":true,\"valueName\":\"search_term_string\"}}],\"inLanguage\":\"es\"},{\"@type\":\"Organization\",\"@id\":\"https:\/\/staging.srokafinal.lets-preprod.com\/es\/#organization\",\"name\":\"SROKACOMPANY\",\"alternateName\":\"SROKA\",\"url\":\"https:\/\/staging.srokafinal.lets-preprod.com\/es\/\",\"logo\":{\"@type\":\"ImageObject\",\"inLanguage\":\"es\",\"@id\":\"https:\/\/staging.srokafinal.lets-preprod.com\/es\/#\/schema\/logo\/image\/\",\"url\":\"https:\/\/staging.srokafinal.lets-preprod.com\/wp-content\/uploads\/2021\/01\/logo-sroka-black-transpa.png\",\"contentUrl\":\"https:\/\/staging.srokafinal.lets-preprod.com\/wp-content\/uploads\/2021\/01\/logo-sroka-black-transpa.png\",\"width\":1201,\"height\":342,\"caption\":\"SROKACOMPANY\"},\"image\":{\"@id\":\"https:\/\/staging.srokafinal.lets-preprod.com\/es\/#\/schema\/logo\/image\/\"},\"sameAs\":[\"https:\/\/www.facebook.com\/srokawatersports\/\",\"https:\/\/www.instagram.com\/srokawatersports\/\",\"https:\/\/www.youtube.com\/channel\/UCVLHHeaPIm-J5bdEUgxqtZA\"]}]}<\/script>\n<!-- \/ Yoast SEO plugin. -->","yoast_head_json":{"title":"Easy 11'6 - Usado - SROKA Company","robots":{"index":"noindex","follow":"follow","max-snippet":"max-snippet:-1","max-image-preview":"max-image-preview:large","max-video-preview":"max-video-preview:-1"},"og_locale":"es_ES","og_type":"article","og_title":"Easy 11'6 - Usado - SROKA Company","og_description":"DESLIZAMIENTO F\u00c1CIL, DIVERSI\u00d3N INMEDIATA &#8211; Usado &#8211; nunca he estado en el agua &#8211; exposici\u00f3n \/ modelo fotogr\u00e1fico &#8211; Descripci\u00f3n completa aqu\u00ed Con los packs Easy Inflatable Stand Up Paddle de 10&#8242;, 10&#8217;6, 11&#8217;6 y 12&#8217;6, descubrir\u00e1s el placer del SUP hinchable sin preocuparte por ello. El Easy 10&#8217;6 cumple con las expectativas de las [&hellip;]","og_url":"https:\/\/staging.srokafinal.lets-preprod.com\/es\/produit\/easy-116-usado\/","og_site_name":"SROKA Company","article_publisher":"https:\/\/www.facebook.com\/srokawatersports\/","article_modified_time":"2024-05-21T12:41:31+00:00","og_image":[{"width":1536,"height":2048,"url":"https:\/\/staging.srokafinal.lets-preprod.com\/wp-content\/uploads\/2023\/06\/easy-116-occasionIMG_20230608_143601-scaled-1.jpg","type":"image\/jpeg"}],"twitter_misc":{"Tiempo de lectura":"2 minutos"},"schema":{"@context":"https:\/\/schema.org","@graph":[{"@type":"WebPage","@id":"https:\/\/staging.srokafinal.lets-preprod.com\/es\/produit\/easy-116-usado\/","url":"https:\/\/staging.srokafinal.lets-preprod.com\/es\/produit\/easy-116-usado\/","name":"Easy 11'6 - Usado - SROKA Company","isPartOf":{"@id":"https:\/\/staging.srokafinal.lets-preprod.com\/es\/#website"},"primaryImageOfPage":{"@id":"https:\/\/staging.srokafinal.lets-preprod.com\/es\/produit\/easy-116-usado\/#primaryimage"},"image":{"@id":"https:\/\/staging.srokafinal.lets-preprod.com\/es\/produit\/easy-116-usado\/#primaryimage"},"thumbnailUrl":"https:\/\/staging.srokafinal.lets-preprod.com\/wp-content\/uploads\/2023\/06\/easy-116-occasionIMG_20230608_143601-scaled-1.jpg","datePublished":"2023-06-08T13:07:21+00:00","dateModified":"2024-05-21T12:41:31+00:00","breadcrumb":{"@id":"https:\/\/staging.srokafinal.lets-preprod.com\/es\/produit\/easy-116-usado\/#breadcrumb"},"inLanguage":"es","potentialAction":[{"@type":"ReadAction","target":["https:\/\/staging.srokafinal.lets-preprod.com\/es\/produit\/easy-116-usado\/"]}]},{"@type":"ImageObject","inLanguage":"es","@id":"https:\/\/staging.srokafinal.lets-preprod.com\/es\/produit\/easy-116-usado\/#primaryimage","url":"https:\/\/staging.srokafinal.lets-preprod.com\/wp-content\/uploads\/2023\/06\/easy-116-occasionIMG_20230608_143601-scaled-1.jpg","contentUrl":"https:\/\/staging.srokafinal.lets-preprod.com\/wp-content\/uploads\/2023\/06\/easy-116-occasionIMG_20230608_143601-scaled-1.jpg","width":1536,"height":2048},{"@type":"BreadcrumbList","@id":"https:\/\/staging.srokafinal.lets-preprod.com\/es\/produit\/easy-116-usado\/#breadcrumb","itemListElement":[{"@type":"ListItem","position":1,"name":"Accueil","item":"https:\/\/staging.srokafinal.lets-preprod.com\/es\/"},{"@type":"ListItem","position":2,"name":"Boutique","item":"https:\/\/staging.srokafinal.lets-preprod.com\/boutique\/"},{"@type":"ListItem","position":3,"name":"Easy 11&#8217;6 &#8211; Usado"}]},{"@type":"WebSite","@id":"https:\/\/staging.srokafinal.lets-preprod.com\/es\/#website","url":"https:\/\/staging.srokafinal.lets-preprod.com\/es\/","name":"SROKA Company","description":"SUP, Kite, Foil, Wing","publisher":{"@id":"https:\/\/staging.srokafinal.lets-preprod.com\/es\/#organization"},"potentialAction":[{"@type":"SearchAction","target":{"@type":"EntryPoint","urlTemplate":"https:\/\/staging.srokafinal.lets-preprod.com\/es\/?s={search_term_string}"},"query-input":{"@type":"PropertyValueSpecification","valueRequired":true,"valueName":"search_term_string"}}],"inLanguage":"es"},{"@type":"Organization","@id":"https:\/\/staging.srokafinal.lets-preprod.com\/es\/#organization","name":"SROKACOMPANY","alternateName":"SROKA","url":"https:\/\/staging.srokafinal.lets-preprod.com\/es\/","logo":{"@type":"ImageObject","inLanguage":"es","@id":"https:\/\/staging.srokafinal.lets-preprod.com\/es\/#\/schema\/logo\/image\/","url":"https:\/\/staging.srokafinal.lets-preprod.com\/wp-content\/uploads\/2021\/01\/logo-sroka-black-transpa.png","contentUrl":"https:\/\/staging.srokafinal.lets-preprod.com\/wp-content\/uploads\/2021\/01\/logo-sroka-black-transpa.png","width":1201,"height":342,"caption":"SROKACOMPANY"},"image":{"@id":"https:\/\/staging.srokafinal.lets-preprod.com\/es\/#\/schema\/logo\/image\/"},"sameAs":["https:\/\/www.facebook.com\/srokawatersports\/","https:\/\/www.instagram.com\/srokawatersports\/","https:\/\/www.youtube.com\/channel\/UCVLHHeaPIm-J5bdEUgxqtZA"]}]}},"uagb_featured_image_src":{"full":["https:\/\/staging.srokafinal.lets-preprod.com\/wp-content\/uploads\/2023\/06\/easy-116-occasionIMG_20230608_143601-scaled-1.jpg",1536,2048,false],"thumbnail":["https:\/\/staging.srokafinal.lets-preprod.com\/wp-content\/uploads\/2023\/06\/easy-116-occasionIMG_20230608_143601-scaled-1-150x150.jpg",150,150,true],"medium":["https:\/\/staging.srokafinal.lets-preprod.com\/wp-content\/uploads\/2023\/06\/easy-116-occasionIMG_20230608_143601-scaled-1-225x300.jpg",225,300,true],"medium_large":["https:\/\/staging.srokafinal.lets-preprod.com\/wp-content\/uploads\/2023\/06\/easy-116-occasionIMG_20230608_143601-scaled-1-768x1024.jpg",768,1024,true],"large":["https:\/\/staging.srokafinal.lets-preprod.com\/wp-content\/uploads\/2023\/06\/easy-116-occasionIMG_20230608_143601-scaled-1-768x1024.jpg",768,1024,true],"1536x1536":["https:\/\/staging.srokafinal.lets-preprod.com\/wp-content\/uploads\/2023\/06\/easy-116-occasionIMG_20230608_143601-scaled-1-1152x1536.jpg",1152,1536,true],"2048x2048":["https:\/\/staging.srokafinal.lets-preprod.com\/wp-content\/uploads\/2023\/06\/easy-116-occasionIMG_20230608_143601-scaled-1.jpg",1536,2048,false],"woocommerce_thumbnail":["https:\/\/staging.srokafinal.lets-preprod.com\/wp-content\/uploads\/2023\/06\/easy-116-occasionIMG_20230608_143601-scaled-1-600x800.jpg",600,800,true],"woocommerce_single":["https:\/\/staging.srokafinal.lets-preprod.com\/wp-content\/uploads\/2023\/06\/easy-116-occasionIMG_20230608_143601-scaled-1-600x800.jpg",600,800,true],"woocommerce_gallery_thumbnail":["https:\/\/staging.srokafinal.lets-preprod.com\/wp-content\/uploads\/2023\/06\/easy-116-occasionIMG_20230608_143601-scaled-1-100x100.jpg",100,100,true]},"uagb_author_info":{"display_name":"emmanuel.d emmanuel.d","author_link":"https:\/\/staging.srokafinal.lets-preprod.com\/es\/blog\/author\/"},"uagb_comment_info":0,"uagb_excerpt":"DESLIZAMIENTO F\u00c1CIL, DIVERSI\u00d3N INMEDIATA &#8211; Usado &#8211; nunca he estado en el agua &#8211; exposici\u00f3n \/ modelo fotogr\u00e1fico &#8211; Descripci\u00f3n completa aqu\u00ed Con los packs Easy Inflatable Stand Up Paddle de 10&#8242;, 10&#8217;6, 11&#8217;6 y 12&#8217;6, descubrir\u00e1s el placer del SUP hinchable sin preocuparte por ello. El Easy 10&#8217;6 cumple con las expectativas de las&hellip;","_links":{"self":[{"href":"https:\/\/staging.srokafinal.lets-preprod.com\/es\/wp-json\/wp\/v2\/product\/107842","targetHints":{"allow":["GET"]}}],"collection":[{"href":"https:\/\/staging.srokafinal.lets-preprod.com\/es\/wp-json\/wp\/v2\/product"}],"about":[{"href":"https:\/\/staging.srokafinal.lets-preprod.com\/es\/wp-json\/wp\/v2\/types\/product"}],"wp:featuredmedia":[{"embeddable":true,"href":"https:\/\/staging.srokafinal.lets-preprod.com\/es\/wp-json\/wp\/v2\/media\/107847"}],"wp:attachment":[{"href":"https:\/\/staging.srokafinal.lets-preprod.com\/es\/wp-json\/wp\/v2\/media?parent=107842"}],"wp:term":[{"taxonomy":"product_brand","embeddable":true,"href":"https:\/\/staging.srokafinal.lets-preprod.com\/es\/wp-json\/wp\/v2\/product_brand?post=107842"},{"taxonomy":"product_cat","embeddable":true,"href":"https:\/\/staging.srokafinal.lets-preprod.com\/es\/wp-json\/wp\/v2\/product_cat?post=107842"},{"taxonomy":"product_tag","embeddable":true,"href":"https:\/\/staging.srokafinal.lets-preprod.com\/es\/wp-json\/wp\/v2\/product_tag?post=107842"}],"curies":[{"name":"wp","href":"https:\/\/api.w.org\/{rel}","templated":true}]}}