


{"id":107865,"date":"2023-07-04T12:26:42","date_gmt":"2023-07-04T10:26:42","guid":{"rendered":"https:\/\/srokacompany.com\/produit\/cuna-de-rastrillo-05-1-15\/"},"modified":"2024-05-21T12:41:32","modified_gmt":"2024-05-21T12:41:32","slug":"cuna-de-rastrillo-05-1-15","status":"publish","type":"product","link":"https:\/\/staging.srokafinal.lets-preprod.com\/es\/produit\/cuna-de-rastrillo-05-1-15\/","title":{"rendered":"Cu\u00f1a de rastrillo | 0,5\u00b0 &#8211; 1\u00b0 &#8211; 1,5\u00b0"},"content":{"rendered":"<hr>\n<div class=\"message\">\n<div class=\"content\" tabindex=\"0\" aria-hidden=\"true\">\n<div class=\"ac-container ac-adaptiveCard\">\n<div class=\"ac-textBlock\">\n<h2>Optimice su foil con los tacos de rastrillo SROKA: \u00a1gane estabilidad, control y elevaci\u00f3n!<\/h2>\n<\/div>\n<\/div>\n<\/div>\n<\/div>\n<p>Compraste una tabla diferente a una SROKA y la posici\u00f3n de los dos rieles de EE. UU. no es la misma que en nuestras tablas. Esto puede dar lugar a una sensaci\u00f3n de plancha que desliza la nariz hacia abajo o hacia arriba. Para remediar esto, puede colocar la l\u00e1mina al nivel del marco con una cu\u00f1a de rastrillo.<\/p>\n<p>Los tacos de rake SROKA son la soluci\u00f3n ideal para optimizar tu foil y disfrutar al m\u00e1ximo de tu sesi\u00f3n. Estos accesorios le permiten cambiar el \u00e1ngulo de incidencia del foil en la placa de montaje, lo que le brinda un control total sobre su navegaci\u00f3n, especialmente cuando se est\u00e1 cosiendo un foil. Las cu\u00f1as de rastrillo SROKA son compatibles con todos los rieles de EE. UU. en el mercado y est\u00e1n disponibles en tres grosores: 0,5\u00b0, 1\u00b0 y 1,5\u00b0. Son f\u00e1ciles de instalar y cambiar a tu gusto.<\/p>\n<p>Si utilizas una tabla de una marca diferente, es posible que tengas la sensaci\u00f3n de una tabla que se sumerge o por el contrario que se eleva.  <a class=\"tooltip-target\" data-citationid=\"d4c1d18f-81ec-c619-c56a-6799ce798624-2-group\">Si la tabla se inclina demasiado, puedes poner <\/a> un <a class=\"tooltip-target\" data-citationid=\"d4c1d18f-81ec-c619-c56a-6799ce798624-2-group\">\u00e1ngulo negativo (lado grueso en la parte delantera)<\/a><a class=\"tooltip-target\" data-citationid=\"d4c1d18f-81ec-c619-c56a-6799ce798624-2-group\"> y, a la inversa, si la tabla la levanta demasiado (nariz hacia arriba), puedes poner un \u00e1ngulo positivo <\/a><a class=\"tooltip-target\" data-citationid=\"d4c1d18f-81ec-c619-c56a-6799ce798624-2-group\">(lado grueso de la cu\u00f1a en la parte posterior de tu marco).<\/a><a class=\"tooltip-target\" data-citationid=\"d4c1d18f-81ec-c619-c56a-6799ce798624-2-group\"><\/a><\/p>\n<p>Las cu\u00f1as son reversibles: 0,5 grados pueden convertirse en -0,5. Las retenciones se pueden combinar.<\/p>\n<p>Para resolver sus problemas con una l\u00e1mina que empuja demasiado el pie delantero o trasero, encuentre aqu\u00ed nuestras<a href=\"https:\/\/srokacompany.com\/produit\/cales-de-reglages-f-foil-sroka\/\"> cu\u00f1as de ajuste del estabilizador<\/a>.<\/p>\n<p><strong>Env\u00edo gratis.<\/strong><\/p>\n","protected":false},"excerpt":{"rendered":"<p>Optimice su foil con los tacos de rastrillo SROKA: \u00a1gane estabilidad, control y elevaci\u00f3n! Compraste una tabla diferente a una SROKA y la posici\u00f3n de los dos rieles de EE. UU. no es la misma que en nuestras tablas. Esto puede dar lugar a una sensaci\u00f3n de plancha que desliza la nariz hacia abajo o [&hellip;]<\/p>\n","protected":false},"featured_media":107870,"template":"","meta":{"_acf_changed":false,"_uag_custom_page_level_css":""},"product_brand":[],"product_cat":[3161],"product_tag":[],"class_list":{"0":"post-107865","1":"product","2":"type-product","3":"status-publish","4":"has-post-thumbnail","6":"product_cat-gama-uha-downwind","7":"product_shipping_class-spoilers-tornillos-completos","9":"first","10":"instock","11":"taxable","12":"shipping-taxable","13":"purchasable","14":"product-type-variable"},"acf":[],"yoast_head":"<!-- This site is optimized with the Yoast SEO plugin v25.1 - https:\/\/yoast.com\/wordpress\/plugins\/seo\/ -->\n<title>Cu\u00f1a de rastrillo | 0,5\u00b0 - 1\u00b0 - 1,5\u00b0 - SROKA Company<\/title>\n<meta name=\"description\" content=\"Optimiza el trimado de tu tabla con los tacos de rake SROKA: elimina las sensaciones de zambullirte o levantar la tabla. Env\u00edo gratis.\" \/>\n<meta name=\"robots\" content=\"noindex, follow, max-snippet:-1, max-image-preview:large, max-video-preview:-1\" \/>\n<meta property=\"og:locale\" content=\"es_ES\" \/>\n<meta property=\"og:type\" content=\"article\" \/>\n<meta property=\"og:title\" content=\"Cu\u00f1a de rastrillo | 0,5\u00b0 - 1\u00b0 - 1,5\u00b0 - SROKA Company\" \/>\n<meta property=\"og:description\" content=\"Optimiza el trimado de tu tabla con los tacos de rake SROKA: elimina las sensaciones de zambullirte o levantar la tabla. Env\u00edo gratis.\" \/>\n<meta property=\"og:url\" content=\"https:\/\/staging.srokafinal.lets-preprod.com\/es\/produit\/cuna-de-rastrillo-05-1-15\/\" \/>\n<meta property=\"og:site_name\" content=\"SROKA Company\" \/>\n<meta property=\"article:publisher\" content=\"https:\/\/www.facebook.com\/srokawatersports\/\" \/>\n<meta property=\"article:modified_time\" content=\"2024-05-21T12:41:32+00:00\" \/>\n<meta property=\"og:image\" content=\"https:\/\/staging.srokafinal.lets-preprod.com\/wp-content\/uploads\/2023\/07\/cale-rake-foil.png\" \/>\n\t<meta property=\"og:image:width\" content=\"740\" \/>\n\t<meta property=\"og:image:height\" content=\"1080\" \/>\n\t<meta property=\"og:image:type\" content=\"image\/png\" \/>\n<meta name=\"twitter:label1\" content=\"Tiempo de lectura\" \/>\n\t<meta name=\"twitter:data1\" content=\"1 minuto\" \/>\n<script type=\"application\/ld+json\" class=\"yoast-schema-graph\">{\"@context\":\"https:\/\/schema.org\",\"@graph\":[{\"@type\":\"WebPage\",\"@id\":\"https:\/\/staging.srokafinal.lets-preprod.com\/es\/produit\/cuna-de-rastrillo-05-1-15\/\",\"url\":\"https:\/\/staging.srokafinal.lets-preprod.com\/es\/produit\/cuna-de-rastrillo-05-1-15\/\",\"name\":\"Cu\u00f1a de rastrillo | 0,5\u00b0 - 1\u00b0 - 1,5\u00b0 - SROKA Company\",\"isPartOf\":{\"@id\":\"https:\/\/staging.srokafinal.lets-preprod.com\/es\/#website\"},\"primaryImageOfPage\":{\"@id\":\"https:\/\/staging.srokafinal.lets-preprod.com\/es\/produit\/cuna-de-rastrillo-05-1-15\/#primaryimage\"},\"image\":{\"@id\":\"https:\/\/staging.srokafinal.lets-preprod.com\/es\/produit\/cuna-de-rastrillo-05-1-15\/#primaryimage\"},\"thumbnailUrl\":\"https:\/\/staging.srokafinal.lets-preprod.com\/wp-content\/uploads\/2023\/07\/cale-rake-foil.png\",\"datePublished\":\"2023-07-04T10:26:42+00:00\",\"dateModified\":\"2024-05-21T12:41:32+00:00\",\"description\":\"Optimiza el trimado de tu tabla con los tacos de rake SROKA: elimina las sensaciones de zambullirte o levantar la tabla. Env\u00edo gratis.\",\"breadcrumb\":{\"@id\":\"https:\/\/staging.srokafinal.lets-preprod.com\/es\/produit\/cuna-de-rastrillo-05-1-15\/#breadcrumb\"},\"inLanguage\":\"es\",\"potentialAction\":[{\"@type\":\"ReadAction\",\"target\":[\"https:\/\/staging.srokafinal.lets-preprod.com\/es\/produit\/cuna-de-rastrillo-05-1-15\/\"]}]},{\"@type\":\"ImageObject\",\"inLanguage\":\"es\",\"@id\":\"https:\/\/staging.srokafinal.lets-preprod.com\/es\/produit\/cuna-de-rastrillo-05-1-15\/#primaryimage\",\"url\":\"https:\/\/staging.srokafinal.lets-preprod.com\/wp-content\/uploads\/2023\/07\/cale-rake-foil.png\",\"contentUrl\":\"https:\/\/staging.srokafinal.lets-preprod.com\/wp-content\/uploads\/2023\/07\/cale-rake-foil.png\",\"width\":740,\"height\":1080,\"caption\":\"Cu\u00f1a de rastrillo para l\u00e1mina Sroka\"},{\"@type\":\"BreadcrumbList\",\"@id\":\"https:\/\/staging.srokafinal.lets-preprod.com\/es\/produit\/cuna-de-rastrillo-05-1-15\/#breadcrumb\",\"itemListElement\":[{\"@type\":\"ListItem\",\"position\":1,\"name\":\"Accueil\",\"item\":\"https:\/\/staging.srokafinal.lets-preprod.com\/es\/\"},{\"@type\":\"ListItem\",\"position\":2,\"name\":\"Boutique\",\"item\":\"https:\/\/staging.srokafinal.lets-preprod.com\/boutique\/\"},{\"@type\":\"ListItem\",\"position\":3,\"name\":\"Cu\u00f1a de rastrillo | 0,5\u00b0 &#8211; 1\u00b0 &#8211; 1,5\u00b0\"}]},{\"@type\":\"WebSite\",\"@id\":\"https:\/\/staging.srokafinal.lets-preprod.com\/es\/#website\",\"url\":\"https:\/\/staging.srokafinal.lets-preprod.com\/es\/\",\"name\":\"SROKA Company\",\"description\":\"SUP, Kite, Foil, Wing\",\"publisher\":{\"@id\":\"https:\/\/staging.srokafinal.lets-preprod.com\/es\/#organization\"},\"potentialAction\":[{\"@type\":\"SearchAction\",\"target\":{\"@type\":\"EntryPoint\",\"urlTemplate\":\"https:\/\/staging.srokafinal.lets-preprod.com\/es\/?s={search_term_string}\"},\"query-input\":{\"@type\":\"PropertyValueSpecification\",\"valueRequired\":true,\"valueName\":\"search_term_string\"}}],\"inLanguage\":\"es\"},{\"@type\":\"Organization\",\"@id\":\"https:\/\/staging.srokafinal.lets-preprod.com\/es\/#organization\",\"name\":\"SROKACOMPANY\",\"alternateName\":\"SROKA\",\"url\":\"https:\/\/staging.srokafinal.lets-preprod.com\/es\/\",\"logo\":{\"@type\":\"ImageObject\",\"inLanguage\":\"es\",\"@id\":\"https:\/\/staging.srokafinal.lets-preprod.com\/es\/#\/schema\/logo\/image\/\",\"url\":\"https:\/\/staging.srokafinal.lets-preprod.com\/wp-content\/uploads\/2021\/01\/logo-sroka-black-transpa.png\",\"contentUrl\":\"https:\/\/staging.srokafinal.lets-preprod.com\/wp-content\/uploads\/2021\/01\/logo-sroka-black-transpa.png\",\"width\":1201,\"height\":342,\"caption\":\"SROKACOMPANY\"},\"image\":{\"@id\":\"https:\/\/staging.srokafinal.lets-preprod.com\/es\/#\/schema\/logo\/image\/\"},\"sameAs\":[\"https:\/\/www.facebook.com\/srokawatersports\/\",\"https:\/\/www.instagram.com\/srokawatersports\/\",\"https:\/\/www.youtube.com\/channel\/UCVLHHeaPIm-J5bdEUgxqtZA\"]}]}<\/script>\n<!-- \/ Yoast SEO plugin. -->","yoast_head_json":{"title":"Cu\u00f1a de rastrillo | 0,5\u00b0 - 1\u00b0 - 1,5\u00b0 - SROKA Company","description":"Optimiza el trimado de tu tabla con los tacos de rake SROKA: elimina las sensaciones de zambullirte o levantar la tabla. Env\u00edo gratis.","robots":{"index":"noindex","follow":"follow","max-snippet":"max-snippet:-1","max-image-preview":"max-image-preview:large","max-video-preview":"max-video-preview:-1"},"og_locale":"es_ES","og_type":"article","og_title":"Cu\u00f1a de rastrillo | 0,5\u00b0 - 1\u00b0 - 1,5\u00b0 - SROKA Company","og_description":"Optimiza el trimado de tu tabla con los tacos de rake SROKA: elimina las sensaciones de zambullirte o levantar la tabla. Env\u00edo gratis.","og_url":"https:\/\/staging.srokafinal.lets-preprod.com\/es\/produit\/cuna-de-rastrillo-05-1-15\/","og_site_name":"SROKA Company","article_publisher":"https:\/\/www.facebook.com\/srokawatersports\/","article_modified_time":"2024-05-21T12:41:32+00:00","og_image":[{"width":740,"height":1080,"url":"https:\/\/staging.srokafinal.lets-preprod.com\/wp-content\/uploads\/2023\/07\/cale-rake-foil.png","type":"image\/png"}],"twitter_misc":{"Tiempo de lectura":"1 minuto"},"schema":{"@context":"https:\/\/schema.org","@graph":[{"@type":"WebPage","@id":"https:\/\/staging.srokafinal.lets-preprod.com\/es\/produit\/cuna-de-rastrillo-05-1-15\/","url":"https:\/\/staging.srokafinal.lets-preprod.com\/es\/produit\/cuna-de-rastrillo-05-1-15\/","name":"Cu\u00f1a de rastrillo | 0,5\u00b0 - 1\u00b0 - 1,5\u00b0 - SROKA Company","isPartOf":{"@id":"https:\/\/staging.srokafinal.lets-preprod.com\/es\/#website"},"primaryImageOfPage":{"@id":"https:\/\/staging.srokafinal.lets-preprod.com\/es\/produit\/cuna-de-rastrillo-05-1-15\/#primaryimage"},"image":{"@id":"https:\/\/staging.srokafinal.lets-preprod.com\/es\/produit\/cuna-de-rastrillo-05-1-15\/#primaryimage"},"thumbnailUrl":"https:\/\/staging.srokafinal.lets-preprod.com\/wp-content\/uploads\/2023\/07\/cale-rake-foil.png","datePublished":"2023-07-04T10:26:42+00:00","dateModified":"2024-05-21T12:41:32+00:00","description":"Optimiza el trimado de tu tabla con los tacos de rake SROKA: elimina las sensaciones de zambullirte o levantar la tabla. Env\u00edo gratis.","breadcrumb":{"@id":"https:\/\/staging.srokafinal.lets-preprod.com\/es\/produit\/cuna-de-rastrillo-05-1-15\/#breadcrumb"},"inLanguage":"es","potentialAction":[{"@type":"ReadAction","target":["https:\/\/staging.srokafinal.lets-preprod.com\/es\/produit\/cuna-de-rastrillo-05-1-15\/"]}]},{"@type":"ImageObject","inLanguage":"es","@id":"https:\/\/staging.srokafinal.lets-preprod.com\/es\/produit\/cuna-de-rastrillo-05-1-15\/#primaryimage","url":"https:\/\/staging.srokafinal.lets-preprod.com\/wp-content\/uploads\/2023\/07\/cale-rake-foil.png","contentUrl":"https:\/\/staging.srokafinal.lets-preprod.com\/wp-content\/uploads\/2023\/07\/cale-rake-foil.png","width":740,"height":1080,"caption":"Cu\u00f1a de rastrillo para l\u00e1mina Sroka"},{"@type":"BreadcrumbList","@id":"https:\/\/staging.srokafinal.lets-preprod.com\/es\/produit\/cuna-de-rastrillo-05-1-15\/#breadcrumb","itemListElement":[{"@type":"ListItem","position":1,"name":"Accueil","item":"https:\/\/staging.srokafinal.lets-preprod.com\/es\/"},{"@type":"ListItem","position":2,"name":"Boutique","item":"https:\/\/staging.srokafinal.lets-preprod.com\/boutique\/"},{"@type":"ListItem","position":3,"name":"Cu\u00f1a de rastrillo | 0,5\u00b0 &#8211; 1\u00b0 &#8211; 1,5\u00b0"}]},{"@type":"WebSite","@id":"https:\/\/staging.srokafinal.lets-preprod.com\/es\/#website","url":"https:\/\/staging.srokafinal.lets-preprod.com\/es\/","name":"SROKA Company","description":"SUP, Kite, Foil, Wing","publisher":{"@id":"https:\/\/staging.srokafinal.lets-preprod.com\/es\/#organization"},"potentialAction":[{"@type":"SearchAction","target":{"@type":"EntryPoint","urlTemplate":"https:\/\/staging.srokafinal.lets-preprod.com\/es\/?s={search_term_string}"},"query-input":{"@type":"PropertyValueSpecification","valueRequired":true,"valueName":"search_term_string"}}],"inLanguage":"es"},{"@type":"Organization","@id":"https:\/\/staging.srokafinal.lets-preprod.com\/es\/#organization","name":"SROKACOMPANY","alternateName":"SROKA","url":"https:\/\/staging.srokafinal.lets-preprod.com\/es\/","logo":{"@type":"ImageObject","inLanguage":"es","@id":"https:\/\/staging.srokafinal.lets-preprod.com\/es\/#\/schema\/logo\/image\/","url":"https:\/\/staging.srokafinal.lets-preprod.com\/wp-content\/uploads\/2021\/01\/logo-sroka-black-transpa.png","contentUrl":"https:\/\/staging.srokafinal.lets-preprod.com\/wp-content\/uploads\/2021\/01\/logo-sroka-black-transpa.png","width":1201,"height":342,"caption":"SROKACOMPANY"},"image":{"@id":"https:\/\/staging.srokafinal.lets-preprod.com\/es\/#\/schema\/logo\/image\/"},"sameAs":["https:\/\/www.facebook.com\/srokawatersports\/","https:\/\/www.instagram.com\/srokawatersports\/","https:\/\/www.youtube.com\/channel\/UCVLHHeaPIm-J5bdEUgxqtZA"]}]}},"uagb_featured_image_src":{"full":["https:\/\/staging.srokafinal.lets-preprod.com\/wp-content\/uploads\/2023\/07\/cale-rake-foil.png",740,1080,false],"thumbnail":["https:\/\/staging.srokafinal.lets-preprod.com\/wp-content\/uploads\/2023\/07\/cale-rake-foil-150x150.png",150,150,true],"medium":["https:\/\/staging.srokafinal.lets-preprod.com\/wp-content\/uploads\/2023\/07\/cale-rake-foil-206x300.png",206,300,true],"medium_large":["https:\/\/staging.srokafinal.lets-preprod.com\/wp-content\/uploads\/2023\/07\/cale-rake-foil.png",740,1080,false],"large":["https:\/\/staging.srokafinal.lets-preprod.com\/wp-content\/uploads\/2023\/07\/cale-rake-foil-702x1024.png",702,1024,true],"1536x1536":["https:\/\/staging.srokafinal.lets-preprod.com\/wp-content\/uploads\/2023\/07\/cale-rake-foil.png",740,1080,false],"2048x2048":["https:\/\/staging.srokafinal.lets-preprod.com\/wp-content\/uploads\/2023\/07\/cale-rake-foil.png",740,1080,false],"woocommerce_thumbnail":["https:\/\/staging.srokafinal.lets-preprod.com\/wp-content\/uploads\/2023\/07\/cale-rake-foil-600x876.png",600,876,true],"woocommerce_single":["https:\/\/staging.srokafinal.lets-preprod.com\/wp-content\/uploads\/2023\/07\/cale-rake-foil-600x876.png",600,876,true],"woocommerce_gallery_thumbnail":["https:\/\/staging.srokafinal.lets-preprod.com\/wp-content\/uploads\/2023\/07\/cale-rake-foil-100x100.png",100,100,true]},"uagb_author_info":{"display_name":"emmanuel.d emmanuel.d","author_link":"https:\/\/staging.srokafinal.lets-preprod.com\/es\/blog\/author\/"},"uagb_comment_info":0,"uagb_excerpt":"Optimice su foil con los tacos de rastrillo SROKA: \u00a1gane estabilidad, control y elevaci\u00f3n! Compraste una tabla diferente a una SROKA y la posici\u00f3n de los dos rieles de EE. UU. no es la misma que en nuestras tablas. Esto puede dar lugar a una sensaci\u00f3n de plancha que desliza la nariz hacia abajo o&hellip;","_links":{"self":[{"href":"https:\/\/staging.srokafinal.lets-preprod.com\/es\/wp-json\/wp\/v2\/product\/107865","targetHints":{"allow":["GET"]}}],"collection":[{"href":"https:\/\/staging.srokafinal.lets-preprod.com\/es\/wp-json\/wp\/v2\/product"}],"about":[{"href":"https:\/\/staging.srokafinal.lets-preprod.com\/es\/wp-json\/wp\/v2\/types\/product"}],"wp:featuredmedia":[{"embeddable":true,"href":"https:\/\/staging.srokafinal.lets-preprod.com\/es\/wp-json\/wp\/v2\/media\/107870"}],"wp:attachment":[{"href":"https:\/\/staging.srokafinal.lets-preprod.com\/es\/wp-json\/wp\/v2\/media?parent=107865"}],"wp:term":[{"taxonomy":"product_brand","embeddable":true,"href":"https:\/\/staging.srokafinal.lets-preprod.com\/es\/wp-json\/wp\/v2\/product_brand?post=107865"},{"taxonomy":"product_cat","embeddable":true,"href":"https:\/\/staging.srokafinal.lets-preprod.com\/es\/wp-json\/wp\/v2\/product_cat?post=107865"},{"taxonomy":"product_tag","embeddable":true,"href":"https:\/\/staging.srokafinal.lets-preprod.com\/es\/wp-json\/wp\/v2\/product_tag?post=107865"}],"curies":[{"name":"wp","href":"https:\/\/api.w.org\/{rel}","templated":true}]}}