


{"id":107868,"date":"2023-06-01T13:52:44","date_gmt":"2023-06-01T11:52:44","guid":{"rendered":"https:\/\/srokacompany.com\/produit\/paquete-de-lamina-de-ala-inflable-sroka-air-v2-usado\/"},"modified":"2024-05-21T12:41:32","modified_gmt":"2024-05-21T12:41:32","slug":"paquete-de-lamina-de-ala-inflable-sroka-air-v2-usado","status":"publish","type":"product","link":"https:\/\/staging.srokafinal.lets-preprod.com\/es\/produit\/paquete-de-lamina-de-ala-inflable-sroka-air-v2-usado\/","title":{"rendered":"Paquete de l\u00e1mina de ala inflable Sroka Air V2 &#8211; USADO"},"content":{"rendered":"<hr>\n<ul>\n<li>Equipos usados<\/li>\n<li>Condici\u00f3n casi nueva<\/li>\n<li>Servido en 2 d\u00edas de prueba<\/li>\n<li>Sin ara\u00f1azos, abolladuras ni reparaciones<\/li>\n<\/ul>\n<h2>Paquete de foil de ala inflable Sroka &#8211; <a href=\"https:\/\/srokacompany.com\/produit\/planche-gonflable-sroka-air\/\">Tabla inflable de aire de 5&#8217;3, 6&#8242; o 6&#8217;4<\/a> &#8211; <a href=\"https:\/\/srokacompany.com\/eshop\/aile-wing-foil\/\">Ala de 5 m &#8211;<\/a> <a href=\"https:\/\/srokacompany.com\/produit\/s-foil-classique-sroka\/\">S-Foil 1750<\/a>.<\/h2>\n<p>Entrega de 1 a 3 d\u00edas laborables en Francia metropolitana si el producto est\u00e1 en stock.<\/p>\n<p>Tanto si eres un principiante como un profesional del <a href=\"https:\/\/srokacompany.com\/2023\/03\/wingfoil-comment-virer-de-bord-sroka-company\/\">wingfoil<\/a>, buscas un equipo de alto rendimiento, duradero y escalable. Para aquellos que necesitan espacio y viajar sin preocuparse por ello, hemos combinado todas las cualidades de una mochila de wingfoil de alta gama con su deseo de libertad. Hemos hecho todo lo posible para ofrecerte una tabla capaz de ofrecerte un m\u00e1ximo de sensaciones. Gracias a su <strong>placa de carbono<\/strong> cubierta con una capa protectora de PVC de primera calidad, el Sroka Air no tiene rival en su rigidez.<\/p>\n<p class=\"p1\" style=\"text-align: justify;\">Ofrecemos varios tama\u00f1os de tablas adaptadas a tu tama\u00f1o y nivel en estos packs. Tienen una carcasa de doble riel est\u00e1ndar de EE. UU.<\/p>\n<p class=\"p3\">Si te preguntas qu\u00e9 <a href=\"https:\/\/srokacompany.com\/2020\/12\/bien-choisir-son-pack-wing-foil\/\">paquete de Wing Foil elegir<\/a>, t\u00f3mate el tiempo de leer nuestro art\u00edculo &#8220;<a href=\"https:\/\/srokacompany.com\/2020\/12\/bien-choisir-son-pack-wing-foil\/\"> c\u00f3mo elegir tu paquete de wingfoil<\/a> &#8221; para ayudarte a tomar la decisi\u00f3n correcta.<\/p>\n<p>&nbsp;<\/p>\n<p><a href=\"https:\/\/srokacompany.com\/produit\/pack-wing-foil-gonflable-sroka-air-v1-2\/\">El pack wingfoil hinchable est\u00e1 disponible con la tabla hinchable v1 y la vela v2 a <strong>1499<\/strong>\u20ac  <\/a><\/p>\n<p>https:\/\/srokacompany.com\/caracteristiques-techniques-des-ailes-de-foil-sroka\/<\/p>\n","protected":false},"excerpt":{"rendered":"<p>Equipos usados Condici\u00f3n casi nueva Servido en 2 d\u00edas de prueba Sin ara\u00f1azos, abolladuras ni reparaciones Paquete de foil de ala inflable Sroka &#8211; Tabla inflable de aire de 5&#8217;3, 6&#8242; o 6&#8217;4 &#8211; Ala de 5 m &#8211; S-Foil 1750. Entrega de 1 a 3 d\u00edas laborables en Francia metropolitana si el producto est\u00e1 [&hellip;]<\/p>\n","protected":false},"featured_media":107876,"template":"","meta":{"_acf_changed":false,"_uag_custom_page_level_css":""},"product_brand":[],"product_cat":[2537],"product_tag":[],"class_list":{"0":"post-107868","1":"product","2":"type-product","3":"status-publish","4":"has-post-thumbnail","6":"product_cat-equipos-usados","7":"product_shipping_class-pack-completo-de-alas-hinchables","9":"first","10":"instock","11":"taxable","12":"shipping-taxable","13":"purchasable","14":"product-type-variable"},"acf":[],"yoast_head":"<!-- This site is optimized with the Yoast SEO plugin v25.1 - https:\/\/yoast.com\/wordpress\/plugins\/seo\/ -->\n<title>Paquete de l\u00e1mina de ala inflable Sroka Air V2 - USADO - SROKA Company<\/title>\n<meta name=\"description\" content=\"Descubre la versi\u00f3n V2 del Sroka Wing Foil Pack completo con tabla hinchable Air de 6&#039;4 o 6&#039;, S-Foil 1750 y Wing 5m con la mejor relaci\u00f3n calidad-precio.\" \/>\n<meta name=\"robots\" content=\"noindex, follow, max-snippet:-1, max-image-preview:large, max-video-preview:-1\" \/>\n<meta property=\"og:locale\" content=\"es_ES\" \/>\n<meta property=\"og:type\" content=\"article\" \/>\n<meta property=\"og:title\" content=\"Paquete de l\u00e1mina de ala inflable Sroka Air V2 - USADO - SROKA Company\" \/>\n<meta property=\"og:description\" content=\"Descubre la versi\u00f3n V2 del Sroka Wing Foil Pack completo con tabla hinchable Air de 6&#039;4 o 6&#039;, S-Foil 1750 y Wing 5m con la mejor relaci\u00f3n calidad-precio.\" \/>\n<meta property=\"og:url\" content=\"https:\/\/staging.srokafinal.lets-preprod.com\/es\/produit\/paquete-de-lamina-de-ala-inflable-sroka-air-v2-usado\/\" \/>\n<meta property=\"og:site_name\" content=\"SROKA Company\" \/>\n<meta property=\"article:publisher\" content=\"https:\/\/www.facebook.com\/srokawatersports\/\" \/>\n<meta property=\"article:modified_time\" content=\"2024-05-21T12:41:32+00:00\" \/>\n<meta property=\"og:image\" content=\"https:\/\/staging.srokafinal.lets-preprod.com\/wp-content\/uploads\/2023\/06\/IMG_0045-scaled-1.jpg\" \/>\n\t<meta property=\"og:image:width\" content=\"1536\" \/>\n\t<meta property=\"og:image:height\" content=\"2048\" \/>\n\t<meta property=\"og:image:type\" content=\"image\/jpeg\" \/>\n<meta name=\"twitter:label1\" content=\"Tiempo de lectura\" \/>\n\t<meta name=\"twitter:data1\" content=\"1 minuto\" \/>\n<script type=\"application\/ld+json\" class=\"yoast-schema-graph\">{\"@context\":\"https:\/\/schema.org\",\"@graph\":[{\"@type\":\"WebPage\",\"@id\":\"https:\/\/staging.srokafinal.lets-preprod.com\/es\/produit\/paquete-de-lamina-de-ala-inflable-sroka-air-v2-usado\/\",\"url\":\"https:\/\/staging.srokafinal.lets-preprod.com\/es\/produit\/paquete-de-lamina-de-ala-inflable-sroka-air-v2-usado\/\",\"name\":\"Paquete de l\u00e1mina de ala inflable Sroka Air V2 - USADO - SROKA Company\",\"isPartOf\":{\"@id\":\"https:\/\/staging.srokafinal.lets-preprod.com\/es\/#website\"},\"primaryImageOfPage\":{\"@id\":\"https:\/\/staging.srokafinal.lets-preprod.com\/es\/produit\/paquete-de-lamina-de-ala-inflable-sroka-air-v2-usado\/#primaryimage\"},\"image\":{\"@id\":\"https:\/\/staging.srokafinal.lets-preprod.com\/es\/produit\/paquete-de-lamina-de-ala-inflable-sroka-air-v2-usado\/#primaryimage\"},\"thumbnailUrl\":\"https:\/\/staging.srokafinal.lets-preprod.com\/wp-content\/uploads\/2023\/06\/IMG_0045-scaled-1.jpg\",\"datePublished\":\"2023-06-01T11:52:44+00:00\",\"dateModified\":\"2024-05-21T12:41:32+00:00\",\"description\":\"Descubre la versi\u00f3n V2 del Sroka Wing Foil Pack completo con tabla hinchable Air de 6'4 o 6', S-Foil 1750 y Wing 5m con la mejor relaci\u00f3n calidad-precio.\",\"breadcrumb\":{\"@id\":\"https:\/\/staging.srokafinal.lets-preprod.com\/es\/produit\/paquete-de-lamina-de-ala-inflable-sroka-air-v2-usado\/#breadcrumb\"},\"inLanguage\":\"es\",\"potentialAction\":[{\"@type\":\"ReadAction\",\"target\":[\"https:\/\/staging.srokafinal.lets-preprod.com\/es\/produit\/paquete-de-lamina-de-ala-inflable-sroka-air-v2-usado\/\"]}]},{\"@type\":\"ImageObject\",\"inLanguage\":\"es\",\"@id\":\"https:\/\/staging.srokafinal.lets-preprod.com\/es\/produit\/paquete-de-lamina-de-ala-inflable-sroka-air-v2-usado\/#primaryimage\",\"url\":\"https:\/\/staging.srokafinal.lets-preprod.com\/wp-content\/uploads\/2023\/06\/IMG_0045-scaled-1.jpg\",\"contentUrl\":\"https:\/\/staging.srokafinal.lets-preprod.com\/wp-content\/uploads\/2023\/06\/IMG_0045-scaled-1.jpg\",\"width\":1536,\"height\":2048},{\"@type\":\"BreadcrumbList\",\"@id\":\"https:\/\/staging.srokafinal.lets-preprod.com\/es\/produit\/paquete-de-lamina-de-ala-inflable-sroka-air-v2-usado\/#breadcrumb\",\"itemListElement\":[{\"@type\":\"ListItem\",\"position\":1,\"name\":\"Accueil\",\"item\":\"https:\/\/staging.srokafinal.lets-preprod.com\/es\/\"},{\"@type\":\"ListItem\",\"position\":2,\"name\":\"Boutique\",\"item\":\"https:\/\/staging.srokafinal.lets-preprod.com\/boutique\/\"},{\"@type\":\"ListItem\",\"position\":3,\"name\":\"Paquete de l\u00e1mina de ala inflable Sroka Air V2 &#8211; USADO\"}]},{\"@type\":\"WebSite\",\"@id\":\"https:\/\/staging.srokafinal.lets-preprod.com\/es\/#website\",\"url\":\"https:\/\/staging.srokafinal.lets-preprod.com\/es\/\",\"name\":\"SROKA Company\",\"description\":\"SUP, Kite, Foil, Wing\",\"publisher\":{\"@id\":\"https:\/\/staging.srokafinal.lets-preprod.com\/es\/#organization\"},\"potentialAction\":[{\"@type\":\"SearchAction\",\"target\":{\"@type\":\"EntryPoint\",\"urlTemplate\":\"https:\/\/staging.srokafinal.lets-preprod.com\/es\/?s={search_term_string}\"},\"query-input\":{\"@type\":\"PropertyValueSpecification\",\"valueRequired\":true,\"valueName\":\"search_term_string\"}}],\"inLanguage\":\"es\"},{\"@type\":\"Organization\",\"@id\":\"https:\/\/staging.srokafinal.lets-preprod.com\/es\/#organization\",\"name\":\"SROKACOMPANY\",\"alternateName\":\"SROKA\",\"url\":\"https:\/\/staging.srokafinal.lets-preprod.com\/es\/\",\"logo\":{\"@type\":\"ImageObject\",\"inLanguage\":\"es\",\"@id\":\"https:\/\/staging.srokafinal.lets-preprod.com\/es\/#\/schema\/logo\/image\/\",\"url\":\"https:\/\/staging.srokafinal.lets-preprod.com\/wp-content\/uploads\/2021\/01\/logo-sroka-black-transpa.png\",\"contentUrl\":\"https:\/\/staging.srokafinal.lets-preprod.com\/wp-content\/uploads\/2021\/01\/logo-sroka-black-transpa.png\",\"width\":1201,\"height\":342,\"caption\":\"SROKACOMPANY\"},\"image\":{\"@id\":\"https:\/\/staging.srokafinal.lets-preprod.com\/es\/#\/schema\/logo\/image\/\"},\"sameAs\":[\"https:\/\/www.facebook.com\/srokawatersports\/\",\"https:\/\/www.instagram.com\/srokawatersports\/\",\"https:\/\/www.youtube.com\/channel\/UCVLHHeaPIm-J5bdEUgxqtZA\"]}]}<\/script>\n<!-- \/ Yoast SEO plugin. -->","yoast_head_json":{"title":"Paquete de l\u00e1mina de ala inflable Sroka Air V2 - USADO - SROKA Company","description":"Descubre la versi\u00f3n V2 del Sroka Wing Foil Pack completo con tabla hinchable Air de 6'4 o 6', S-Foil 1750 y Wing 5m con la mejor relaci\u00f3n calidad-precio.","robots":{"index":"noindex","follow":"follow","max-snippet":"max-snippet:-1","max-image-preview":"max-image-preview:large","max-video-preview":"max-video-preview:-1"},"og_locale":"es_ES","og_type":"article","og_title":"Paquete de l\u00e1mina de ala inflable Sroka Air V2 - USADO - SROKA Company","og_description":"Descubre la versi\u00f3n V2 del Sroka Wing Foil Pack completo con tabla hinchable Air de 6'4 o 6', S-Foil 1750 y Wing 5m con la mejor relaci\u00f3n calidad-precio.","og_url":"https:\/\/staging.srokafinal.lets-preprod.com\/es\/produit\/paquete-de-lamina-de-ala-inflable-sroka-air-v2-usado\/","og_site_name":"SROKA Company","article_publisher":"https:\/\/www.facebook.com\/srokawatersports\/","article_modified_time":"2024-05-21T12:41:32+00:00","og_image":[{"width":1536,"height":2048,"url":"https:\/\/staging.srokafinal.lets-preprod.com\/wp-content\/uploads\/2023\/06\/IMG_0045-scaled-1.jpg","type":"image\/jpeg"}],"twitter_misc":{"Tiempo de lectura":"1 minuto"},"schema":{"@context":"https:\/\/schema.org","@graph":[{"@type":"WebPage","@id":"https:\/\/staging.srokafinal.lets-preprod.com\/es\/produit\/paquete-de-lamina-de-ala-inflable-sroka-air-v2-usado\/","url":"https:\/\/staging.srokafinal.lets-preprod.com\/es\/produit\/paquete-de-lamina-de-ala-inflable-sroka-air-v2-usado\/","name":"Paquete de l\u00e1mina de ala inflable Sroka Air V2 - USADO - SROKA Company","isPartOf":{"@id":"https:\/\/staging.srokafinal.lets-preprod.com\/es\/#website"},"primaryImageOfPage":{"@id":"https:\/\/staging.srokafinal.lets-preprod.com\/es\/produit\/paquete-de-lamina-de-ala-inflable-sroka-air-v2-usado\/#primaryimage"},"image":{"@id":"https:\/\/staging.srokafinal.lets-preprod.com\/es\/produit\/paquete-de-lamina-de-ala-inflable-sroka-air-v2-usado\/#primaryimage"},"thumbnailUrl":"https:\/\/staging.srokafinal.lets-preprod.com\/wp-content\/uploads\/2023\/06\/IMG_0045-scaled-1.jpg","datePublished":"2023-06-01T11:52:44+00:00","dateModified":"2024-05-21T12:41:32+00:00","description":"Descubre la versi\u00f3n V2 del Sroka Wing Foil Pack completo con tabla hinchable Air de 6'4 o 6', S-Foil 1750 y Wing 5m con la mejor relaci\u00f3n calidad-precio.","breadcrumb":{"@id":"https:\/\/staging.srokafinal.lets-preprod.com\/es\/produit\/paquete-de-lamina-de-ala-inflable-sroka-air-v2-usado\/#breadcrumb"},"inLanguage":"es","potentialAction":[{"@type":"ReadAction","target":["https:\/\/staging.srokafinal.lets-preprod.com\/es\/produit\/paquete-de-lamina-de-ala-inflable-sroka-air-v2-usado\/"]}]},{"@type":"ImageObject","inLanguage":"es","@id":"https:\/\/staging.srokafinal.lets-preprod.com\/es\/produit\/paquete-de-lamina-de-ala-inflable-sroka-air-v2-usado\/#primaryimage","url":"https:\/\/staging.srokafinal.lets-preprod.com\/wp-content\/uploads\/2023\/06\/IMG_0045-scaled-1.jpg","contentUrl":"https:\/\/staging.srokafinal.lets-preprod.com\/wp-content\/uploads\/2023\/06\/IMG_0045-scaled-1.jpg","width":1536,"height":2048},{"@type":"BreadcrumbList","@id":"https:\/\/staging.srokafinal.lets-preprod.com\/es\/produit\/paquete-de-lamina-de-ala-inflable-sroka-air-v2-usado\/#breadcrumb","itemListElement":[{"@type":"ListItem","position":1,"name":"Accueil","item":"https:\/\/staging.srokafinal.lets-preprod.com\/es\/"},{"@type":"ListItem","position":2,"name":"Boutique","item":"https:\/\/staging.srokafinal.lets-preprod.com\/boutique\/"},{"@type":"ListItem","position":3,"name":"Paquete de l\u00e1mina de ala inflable Sroka Air V2 &#8211; USADO"}]},{"@type":"WebSite","@id":"https:\/\/staging.srokafinal.lets-preprod.com\/es\/#website","url":"https:\/\/staging.srokafinal.lets-preprod.com\/es\/","name":"SROKA Company","description":"SUP, Kite, Foil, Wing","publisher":{"@id":"https:\/\/staging.srokafinal.lets-preprod.com\/es\/#organization"},"potentialAction":[{"@type":"SearchAction","target":{"@type":"EntryPoint","urlTemplate":"https:\/\/staging.srokafinal.lets-preprod.com\/es\/?s={search_term_string}"},"query-input":{"@type":"PropertyValueSpecification","valueRequired":true,"valueName":"search_term_string"}}],"inLanguage":"es"},{"@type":"Organization","@id":"https:\/\/staging.srokafinal.lets-preprod.com\/es\/#organization","name":"SROKACOMPANY","alternateName":"SROKA","url":"https:\/\/staging.srokafinal.lets-preprod.com\/es\/","logo":{"@type":"ImageObject","inLanguage":"es","@id":"https:\/\/staging.srokafinal.lets-preprod.com\/es\/#\/schema\/logo\/image\/","url":"https:\/\/staging.srokafinal.lets-preprod.com\/wp-content\/uploads\/2021\/01\/logo-sroka-black-transpa.png","contentUrl":"https:\/\/staging.srokafinal.lets-preprod.com\/wp-content\/uploads\/2021\/01\/logo-sroka-black-transpa.png","width":1201,"height":342,"caption":"SROKACOMPANY"},"image":{"@id":"https:\/\/staging.srokafinal.lets-preprod.com\/es\/#\/schema\/logo\/image\/"},"sameAs":["https:\/\/www.facebook.com\/srokawatersports\/","https:\/\/www.instagram.com\/srokawatersports\/","https:\/\/www.youtube.com\/channel\/UCVLHHeaPIm-J5bdEUgxqtZA"]}]}},"uagb_featured_image_src":{"full":["https:\/\/staging.srokafinal.lets-preprod.com\/wp-content\/uploads\/2023\/06\/IMG_0045-scaled-1.jpg",1536,2048,false],"thumbnail":["https:\/\/staging.srokafinal.lets-preprod.com\/wp-content\/uploads\/2023\/06\/IMG_0045-scaled-1-150x150.jpg",150,150,true],"medium":["https:\/\/staging.srokafinal.lets-preprod.com\/wp-content\/uploads\/2023\/06\/IMG_0045-scaled-1-225x300.jpg",225,300,true],"medium_large":["https:\/\/staging.srokafinal.lets-preprod.com\/wp-content\/uploads\/2023\/06\/IMG_0045-scaled-1-768x1024.jpg",768,1024,true],"large":["https:\/\/staging.srokafinal.lets-preprod.com\/wp-content\/uploads\/2023\/06\/IMG_0045-scaled-1-768x1024.jpg",768,1024,true],"1536x1536":["https:\/\/staging.srokafinal.lets-preprod.com\/wp-content\/uploads\/2023\/06\/IMG_0045-scaled-1-1152x1536.jpg",1152,1536,true],"2048x2048":["https:\/\/staging.srokafinal.lets-preprod.com\/wp-content\/uploads\/2023\/06\/IMG_0045-scaled-1.jpg",1536,2048,false],"woocommerce_thumbnail":["https:\/\/staging.srokafinal.lets-preprod.com\/wp-content\/uploads\/2023\/06\/IMG_0045-scaled-1-600x800.jpg",600,800,true],"woocommerce_single":["https:\/\/staging.srokafinal.lets-preprod.com\/wp-content\/uploads\/2023\/06\/IMG_0045-scaled-1-600x800.jpg",600,800,true],"woocommerce_gallery_thumbnail":["https:\/\/staging.srokafinal.lets-preprod.com\/wp-content\/uploads\/2023\/06\/IMG_0045-scaled-1-100x100.jpg",100,100,true]},"uagb_author_info":{"display_name":"emmanuel.d emmanuel.d","author_link":"https:\/\/staging.srokafinal.lets-preprod.com\/es\/blog\/author\/"},"uagb_comment_info":0,"uagb_excerpt":"Equipos usados Condici\u00f3n casi nueva Servido en 2 d\u00edas de prueba Sin ara\u00f1azos, abolladuras ni reparaciones Paquete de foil de ala inflable Sroka &#8211; Tabla inflable de aire de 5&#8217;3, 6&#8242; o 6&#8217;4 &#8211; Ala de 5 m &#8211; S-Foil 1750. Entrega de 1 a 3 d\u00edas laborables en Francia metropolitana si el producto est\u00e1&hellip;","_links":{"self":[{"href":"https:\/\/staging.srokafinal.lets-preprod.com\/es\/wp-json\/wp\/v2\/product\/107868","targetHints":{"allow":["GET"]}}],"collection":[{"href":"https:\/\/staging.srokafinal.lets-preprod.com\/es\/wp-json\/wp\/v2\/product"}],"about":[{"href":"https:\/\/staging.srokafinal.lets-preprod.com\/es\/wp-json\/wp\/v2\/types\/product"}],"wp:featuredmedia":[{"embeddable":true,"href":"https:\/\/staging.srokafinal.lets-preprod.com\/es\/wp-json\/wp\/v2\/media\/107876"}],"wp:attachment":[{"href":"https:\/\/staging.srokafinal.lets-preprod.com\/es\/wp-json\/wp\/v2\/media?parent=107868"}],"wp:term":[{"taxonomy":"product_brand","embeddable":true,"href":"https:\/\/staging.srokafinal.lets-preprod.com\/es\/wp-json\/wp\/v2\/product_brand?post=107868"},{"taxonomy":"product_cat","embeddable":true,"href":"https:\/\/staging.srokafinal.lets-preprod.com\/es\/wp-json\/wp\/v2\/product_cat?post=107868"},{"taxonomy":"product_tag","embeddable":true,"href":"https:\/\/staging.srokafinal.lets-preprod.com\/es\/wp-json\/wp\/v2\/product_tag?post=107868"}],"curies":[{"name":"wp","href":"https:\/\/api.w.org\/{rel}","templated":true}]}}