


{"id":107902,"date":"2023-06-07T09:38:47","date_gmt":"2023-06-07T07:38:47","guid":{"rendered":"https:\/\/srokacompany.com\/produit\/tabla-de-foil-sky-rider-54-ocassion\/"},"modified":"2024-10-23T08:10:22","modified_gmt":"2024-10-23T08:10:22","slug":"tabla-de-foil-sky-rider-54-ocassion","status":"publish","type":"product","link":"https:\/\/staging.srokafinal.lets-preprod.com\/es\/produit\/tabla-de-foil-sky-rider-54-ocassion\/","title":{"rendered":"Tabla de foil Sky Rider 5&#8217;4 Ocassion"},"content":{"rendered":"<hr>\n<h3>&#8220;Progresa r\u00e1pidamente y disfruta de una maniobrabilidad excepcional, un despegue f\u00e1cil incluso en aguas turbulentas y la m\u00e1xima estabilidad con la gama Sky <a href=\"https:\/\/srokacompany.com\/produit\/planche-de-foil-sky-rider-54-57-60-63\/\">rider&#8221; DESCRIPCI\u00d3N COMPLETA AQU\u00cd<\/a><\/h3>\n<p class=\"p1\">Estamos orgullosos de presentar la pr\u00f3xima generaci\u00f3n de tablas SROKA Sky Rider. Hemos dise\u00f1ado esta nueva gama para apoyarte en tu <b>progreso<\/b> y permitirte <b>evolucionar lo<\/b> m\u00e1s r\u00e1pido posible con el m\u00e1ximo placer.<\/p>\n<p class=\"p1\">Con el fin de mantener nuestro ADN de precios, hemos lanzado esta gama de tablas Sky Rider en la continuidad de la 5&#8217;2 y la 4&#8217;8 manteniendo un <b>atractivo<\/b> <b>precio<\/b> de 999 euros impuestos incluidos. (excepto el 6&#8217;3).<\/p>\n<p class=\"p1\">Las formas de estas nuevas tablas son <b>m\u00e1s<\/b> <b>compactas<\/b>, reduciendo as\u00ed la longitud de las tablas y aumentando la maniobrabilidad.<\/p>\n<p class=\"p1\">Siempre estamos buscando ofrecerte la mejor alternativa con el m\u00e1ximo rendimiento. Bas\u00e1ndonos en esta observaci\u00f3n, mantenemos una <a href=\"https:\/\/srokacompany.com\/2020\/05\/comment-sont-contruites-les-planches-de-wingfoil\/\">construcci\u00f3n <b>de s\u00e1ndwich completa<\/b><\/a><span class=\"Apple-converted-space\">  <\/span>en el casco para hacerlo indestructible. Se trata de una zona muy sometida a tensiones, sobre todo con la uni\u00f3n del foil y un s\u00e1ndwich bajo las almohadillas, lo que garantiza la m\u00e1xima rigidez bajo los soportes y evita que la tabla se asiente bajo los talones durante los saltos, por ejemplo. Para aumentar a\u00fan m\u00e1s la rigidez del conjunto, se disponen dos capas de <b>carbono<\/b> en los rieles estadounidenses.<\/p>\n<p class=\"p1\">Todas las tablas est\u00e1n construidas de PVC s\u00e1ndwich <b>, fibra de vidrio<\/b> y <b>fibra de carbono<\/b> con las fibras m\u00e1s resistentes del mercado.<\/p>\n","protected":false},"excerpt":{"rendered":"<p>&#8220;Progresa r\u00e1pidamente y disfruta de una maniobrabilidad excepcional, un despegue f\u00e1cil incluso en aguas turbulentas y la m\u00e1xima estabilidad con la gama Sky rider&#8221; DESCRIPCI\u00d3N COMPLETA AQU\u00cd Estamos orgullosos de presentar la pr\u00f3xima generaci\u00f3n de tablas SROKA Sky Rider. Hemos dise\u00f1ado esta nueva gama para apoyarte en tu progreso y permitirte evolucionar lo m\u00e1s r\u00e1pido [&hellip;]<\/p>\n","protected":false},"featured_media":107903,"template":"","meta":{"_acf_changed":false,"_uag_custom_page_level_css":""},"product_brand":[],"product_cat":[2537],"product_tag":[],"class_list":{"0":"post-107902","1":"product","2":"type-product","3":"status-publish","4":"has-post-thumbnail","6":"product_cat-equipos-usados","7":"product_shipping_class-unidad-de-tablero-duro","9":"first","10":"outofstock","11":"taxable","12":"shipping-taxable","13":"purchasable","14":"product-type-simple"},"acf":[],"yoast_head":"<!-- This site is optimized with the Yoast SEO plugin v25.1 - https:\/\/yoast.com\/wordpress\/plugins\/seo\/ -->\n<title>Tabla de foil Sky Rider 5&#039;4 Ocassion - SROKA Company<\/title>\n<meta name=\"description\" content=\"Tabla de wingfoil SROKA 5&#039;4 usada - Progresa r\u00e1pidamente con una maniobrabilidad excepcional y un despegue f\u00e1cil. M\u00e1xima estabilidad. Precio: 639\u20ac\" \/>\n<meta name=\"robots\" content=\"noindex, follow, max-snippet:-1, max-image-preview:large, max-video-preview:-1\" \/>\n<meta property=\"og:locale\" content=\"es_ES\" \/>\n<meta property=\"og:type\" content=\"article\" \/>\n<meta property=\"og:title\" content=\"Tabla de foil Sky Rider 5&#039;4 Ocassion - SROKA Company\" \/>\n<meta property=\"og:description\" content=\"Tabla de wingfoil SROKA 5&#039;4 usada - Progresa r\u00e1pidamente con una maniobrabilidad excepcional y un despegue f\u00e1cil. M\u00e1xima estabilidad. Precio: 639\u20ac\" \/>\n<meta property=\"og:url\" content=\"https:\/\/staging.srokafinal.lets-preprod.com\/es\/produit\/tabla-de-foil-sky-rider-54-ocassion\/\" \/>\n<meta property=\"og:site_name\" content=\"SROKA Company\" \/>\n<meta property=\"article:publisher\" content=\"https:\/\/www.facebook.com\/srokawatersports\/\" \/>\n<meta property=\"article:modified_time\" content=\"2024-10-23T08:10:22+00:00\" \/>\n<meta property=\"og:image\" content=\"https:\/\/staging.srokafinal.lets-preprod.com\/wp-content\/uploads\/2023\/06\/54-occasion54-occasion-r-scaled-1.jpg\" \/>\n\t<meta property=\"og:image:width\" content=\"1536\" \/>\n\t<meta property=\"og:image:height\" content=\"2048\" \/>\n\t<meta property=\"og:image:type\" content=\"image\/jpeg\" \/>\n<meta name=\"twitter:label1\" content=\"Tiempo de lectura\" \/>\n\t<meta name=\"twitter:data1\" content=\"1 minuto\" \/>\n<script type=\"application\/ld+json\" class=\"yoast-schema-graph\">{\"@context\":\"https:\/\/schema.org\",\"@graph\":[{\"@type\":\"WebPage\",\"@id\":\"https:\/\/staging.srokafinal.lets-preprod.com\/es\/produit\/tabla-de-foil-sky-rider-54-ocassion\/\",\"url\":\"https:\/\/staging.srokafinal.lets-preprod.com\/es\/produit\/tabla-de-foil-sky-rider-54-ocassion\/\",\"name\":\"Tabla de foil Sky Rider 5'4 Ocassion - SROKA Company\",\"isPartOf\":{\"@id\":\"https:\/\/staging.srokafinal.lets-preprod.com\/es\/#website\"},\"primaryImageOfPage\":{\"@id\":\"https:\/\/staging.srokafinal.lets-preprod.com\/es\/produit\/tabla-de-foil-sky-rider-54-ocassion\/#primaryimage\"},\"image\":{\"@id\":\"https:\/\/staging.srokafinal.lets-preprod.com\/es\/produit\/tabla-de-foil-sky-rider-54-ocassion\/#primaryimage\"},\"thumbnailUrl\":\"https:\/\/staging.srokafinal.lets-preprod.com\/wp-content\/uploads\/2023\/06\/54-occasion54-occasion-r-scaled-1.jpg\",\"datePublished\":\"2023-06-07T07:38:47+00:00\",\"dateModified\":\"2024-10-23T08:10:22+00:00\",\"description\":\"Tabla de wingfoil SROKA 5'4 usada - Progresa r\u00e1pidamente con una maniobrabilidad excepcional y un despegue f\u00e1cil. M\u00e1xima estabilidad. Precio: 639\u20ac\",\"breadcrumb\":{\"@id\":\"https:\/\/staging.srokafinal.lets-preprod.com\/es\/produit\/tabla-de-foil-sky-rider-54-ocassion\/#breadcrumb\"},\"inLanguage\":\"es\",\"potentialAction\":[{\"@type\":\"ReadAction\",\"target\":[\"https:\/\/staging.srokafinal.lets-preprod.com\/es\/produit\/tabla-de-foil-sky-rider-54-ocassion\/\"]}]},{\"@type\":\"ImageObject\",\"inLanguage\":\"es\",\"@id\":\"https:\/\/staging.srokafinal.lets-preprod.com\/es\/produit\/tabla-de-foil-sky-rider-54-ocassion\/#primaryimage\",\"url\":\"https:\/\/staging.srokafinal.lets-preprod.com\/wp-content\/uploads\/2023\/06\/54-occasion54-occasion-r-scaled-1.jpg\",\"contentUrl\":\"https:\/\/staging.srokafinal.lets-preprod.com\/wp-content\/uploads\/2023\/06\/54-occasion54-occasion-r-scaled-1.jpg\",\"width\":1536,\"height\":2048},{\"@type\":\"BreadcrumbList\",\"@id\":\"https:\/\/staging.srokafinal.lets-preprod.com\/es\/produit\/tabla-de-foil-sky-rider-54-ocassion\/#breadcrumb\",\"itemListElement\":[{\"@type\":\"ListItem\",\"position\":1,\"name\":\"Accueil\",\"item\":\"https:\/\/staging.srokafinal.lets-preprod.com\/es\/\"},{\"@type\":\"ListItem\",\"position\":2,\"name\":\"Boutique\",\"item\":\"https:\/\/staging.srokafinal.lets-preprod.com\/boutique\/\"},{\"@type\":\"ListItem\",\"position\":3,\"name\":\"Tabla de foil Sky Rider 5&#8217;4 Ocassion\"}]},{\"@type\":\"WebSite\",\"@id\":\"https:\/\/staging.srokafinal.lets-preprod.com\/es\/#website\",\"url\":\"https:\/\/staging.srokafinal.lets-preprod.com\/es\/\",\"name\":\"SROKA Company\",\"description\":\"SUP, Kite, Foil, Wing\",\"publisher\":{\"@id\":\"https:\/\/staging.srokafinal.lets-preprod.com\/es\/#organization\"},\"potentialAction\":[{\"@type\":\"SearchAction\",\"target\":{\"@type\":\"EntryPoint\",\"urlTemplate\":\"https:\/\/staging.srokafinal.lets-preprod.com\/es\/?s={search_term_string}\"},\"query-input\":{\"@type\":\"PropertyValueSpecification\",\"valueRequired\":true,\"valueName\":\"search_term_string\"}}],\"inLanguage\":\"es\"},{\"@type\":\"Organization\",\"@id\":\"https:\/\/staging.srokafinal.lets-preprod.com\/es\/#organization\",\"name\":\"SROKACOMPANY\",\"alternateName\":\"SROKA\",\"url\":\"https:\/\/staging.srokafinal.lets-preprod.com\/es\/\",\"logo\":{\"@type\":\"ImageObject\",\"inLanguage\":\"es\",\"@id\":\"https:\/\/staging.srokafinal.lets-preprod.com\/es\/#\/schema\/logo\/image\/\",\"url\":\"https:\/\/staging.srokafinal.lets-preprod.com\/wp-content\/uploads\/2021\/01\/logo-sroka-black-transpa.png\",\"contentUrl\":\"https:\/\/staging.srokafinal.lets-preprod.com\/wp-content\/uploads\/2021\/01\/logo-sroka-black-transpa.png\",\"width\":1201,\"height\":342,\"caption\":\"SROKACOMPANY\"},\"image\":{\"@id\":\"https:\/\/staging.srokafinal.lets-preprod.com\/es\/#\/schema\/logo\/image\/\"},\"sameAs\":[\"https:\/\/www.facebook.com\/srokawatersports\/\",\"https:\/\/www.instagram.com\/srokawatersports\/\",\"https:\/\/www.youtube.com\/channel\/UCVLHHeaPIm-J5bdEUgxqtZA\"]}]}<\/script>\n<!-- \/ Yoast SEO plugin. -->","yoast_head_json":{"title":"Tabla de foil Sky Rider 5'4 Ocassion - SROKA Company","description":"Tabla de wingfoil SROKA 5'4 usada - Progresa r\u00e1pidamente con una maniobrabilidad excepcional y un despegue f\u00e1cil. M\u00e1xima estabilidad. Precio: 639\u20ac","robots":{"index":"noindex","follow":"follow","max-snippet":"max-snippet:-1","max-image-preview":"max-image-preview:large","max-video-preview":"max-video-preview:-1"},"og_locale":"es_ES","og_type":"article","og_title":"Tabla de foil Sky Rider 5'4 Ocassion - SROKA Company","og_description":"Tabla de wingfoil SROKA 5'4 usada - Progresa r\u00e1pidamente con una maniobrabilidad excepcional y un despegue f\u00e1cil. M\u00e1xima estabilidad. Precio: 639\u20ac","og_url":"https:\/\/staging.srokafinal.lets-preprod.com\/es\/produit\/tabla-de-foil-sky-rider-54-ocassion\/","og_site_name":"SROKA Company","article_publisher":"https:\/\/www.facebook.com\/srokawatersports\/","article_modified_time":"2024-10-23T08:10:22+00:00","og_image":[{"width":1536,"height":2048,"url":"https:\/\/staging.srokafinal.lets-preprod.com\/wp-content\/uploads\/2023\/06\/54-occasion54-occasion-r-scaled-1.jpg","type":"image\/jpeg"}],"twitter_misc":{"Tiempo de lectura":"1 minuto"},"schema":{"@context":"https:\/\/schema.org","@graph":[{"@type":"WebPage","@id":"https:\/\/staging.srokafinal.lets-preprod.com\/es\/produit\/tabla-de-foil-sky-rider-54-ocassion\/","url":"https:\/\/staging.srokafinal.lets-preprod.com\/es\/produit\/tabla-de-foil-sky-rider-54-ocassion\/","name":"Tabla de foil Sky Rider 5'4 Ocassion - SROKA Company","isPartOf":{"@id":"https:\/\/staging.srokafinal.lets-preprod.com\/es\/#website"},"primaryImageOfPage":{"@id":"https:\/\/staging.srokafinal.lets-preprod.com\/es\/produit\/tabla-de-foil-sky-rider-54-ocassion\/#primaryimage"},"image":{"@id":"https:\/\/staging.srokafinal.lets-preprod.com\/es\/produit\/tabla-de-foil-sky-rider-54-ocassion\/#primaryimage"},"thumbnailUrl":"https:\/\/staging.srokafinal.lets-preprod.com\/wp-content\/uploads\/2023\/06\/54-occasion54-occasion-r-scaled-1.jpg","datePublished":"2023-06-07T07:38:47+00:00","dateModified":"2024-10-23T08:10:22+00:00","description":"Tabla de wingfoil SROKA 5'4 usada - Progresa r\u00e1pidamente con una maniobrabilidad excepcional y un despegue f\u00e1cil. M\u00e1xima estabilidad. Precio: 639\u20ac","breadcrumb":{"@id":"https:\/\/staging.srokafinal.lets-preprod.com\/es\/produit\/tabla-de-foil-sky-rider-54-ocassion\/#breadcrumb"},"inLanguage":"es","potentialAction":[{"@type":"ReadAction","target":["https:\/\/staging.srokafinal.lets-preprod.com\/es\/produit\/tabla-de-foil-sky-rider-54-ocassion\/"]}]},{"@type":"ImageObject","inLanguage":"es","@id":"https:\/\/staging.srokafinal.lets-preprod.com\/es\/produit\/tabla-de-foil-sky-rider-54-ocassion\/#primaryimage","url":"https:\/\/staging.srokafinal.lets-preprod.com\/wp-content\/uploads\/2023\/06\/54-occasion54-occasion-r-scaled-1.jpg","contentUrl":"https:\/\/staging.srokafinal.lets-preprod.com\/wp-content\/uploads\/2023\/06\/54-occasion54-occasion-r-scaled-1.jpg","width":1536,"height":2048},{"@type":"BreadcrumbList","@id":"https:\/\/staging.srokafinal.lets-preprod.com\/es\/produit\/tabla-de-foil-sky-rider-54-ocassion\/#breadcrumb","itemListElement":[{"@type":"ListItem","position":1,"name":"Accueil","item":"https:\/\/staging.srokafinal.lets-preprod.com\/es\/"},{"@type":"ListItem","position":2,"name":"Boutique","item":"https:\/\/staging.srokafinal.lets-preprod.com\/boutique\/"},{"@type":"ListItem","position":3,"name":"Tabla de foil Sky Rider 5&#8217;4 Ocassion"}]},{"@type":"WebSite","@id":"https:\/\/staging.srokafinal.lets-preprod.com\/es\/#website","url":"https:\/\/staging.srokafinal.lets-preprod.com\/es\/","name":"SROKA Company","description":"SUP, Kite, Foil, Wing","publisher":{"@id":"https:\/\/staging.srokafinal.lets-preprod.com\/es\/#organization"},"potentialAction":[{"@type":"SearchAction","target":{"@type":"EntryPoint","urlTemplate":"https:\/\/staging.srokafinal.lets-preprod.com\/es\/?s={search_term_string}"},"query-input":{"@type":"PropertyValueSpecification","valueRequired":true,"valueName":"search_term_string"}}],"inLanguage":"es"},{"@type":"Organization","@id":"https:\/\/staging.srokafinal.lets-preprod.com\/es\/#organization","name":"SROKACOMPANY","alternateName":"SROKA","url":"https:\/\/staging.srokafinal.lets-preprod.com\/es\/","logo":{"@type":"ImageObject","inLanguage":"es","@id":"https:\/\/staging.srokafinal.lets-preprod.com\/es\/#\/schema\/logo\/image\/","url":"https:\/\/staging.srokafinal.lets-preprod.com\/wp-content\/uploads\/2021\/01\/logo-sroka-black-transpa.png","contentUrl":"https:\/\/staging.srokafinal.lets-preprod.com\/wp-content\/uploads\/2021\/01\/logo-sroka-black-transpa.png","width":1201,"height":342,"caption":"SROKACOMPANY"},"image":{"@id":"https:\/\/staging.srokafinal.lets-preprod.com\/es\/#\/schema\/logo\/image\/"},"sameAs":["https:\/\/www.facebook.com\/srokawatersports\/","https:\/\/www.instagram.com\/srokawatersports\/","https:\/\/www.youtube.com\/channel\/UCVLHHeaPIm-J5bdEUgxqtZA"]}]}},"uagb_featured_image_src":{"full":["https:\/\/staging.srokafinal.lets-preprod.com\/wp-content\/uploads\/2023\/06\/54-occasion54-occasion-r-scaled-1.jpg",1536,2048,false],"thumbnail":["https:\/\/staging.srokafinal.lets-preprod.com\/wp-content\/uploads\/2023\/06\/54-occasion54-occasion-r-scaled-1-150x150.jpg",150,150,true],"medium":["https:\/\/staging.srokafinal.lets-preprod.com\/wp-content\/uploads\/2023\/06\/54-occasion54-occasion-r-scaled-1-225x300.jpg",225,300,true],"medium_large":["https:\/\/staging.srokafinal.lets-preprod.com\/wp-content\/uploads\/2023\/06\/54-occasion54-occasion-r-scaled-1-768x1024.jpg",768,1024,true],"large":["https:\/\/staging.srokafinal.lets-preprod.com\/wp-content\/uploads\/2023\/06\/54-occasion54-occasion-r-scaled-1-768x1024.jpg",768,1024,true],"1536x1536":["https:\/\/staging.srokafinal.lets-preprod.com\/wp-content\/uploads\/2023\/06\/54-occasion54-occasion-r-scaled-1-1152x1536.jpg",1152,1536,true],"2048x2048":["https:\/\/staging.srokafinal.lets-preprod.com\/wp-content\/uploads\/2023\/06\/54-occasion54-occasion-r-scaled-1.jpg",1536,2048,false],"woocommerce_thumbnail":["https:\/\/staging.srokafinal.lets-preprod.com\/wp-content\/uploads\/2023\/06\/54-occasion54-occasion-r-scaled-1-600x800.jpg",600,800,true],"woocommerce_single":["https:\/\/staging.srokafinal.lets-preprod.com\/wp-content\/uploads\/2023\/06\/54-occasion54-occasion-r-scaled-1-600x800.jpg",600,800,true],"woocommerce_gallery_thumbnail":["https:\/\/staging.srokafinal.lets-preprod.com\/wp-content\/uploads\/2023\/06\/54-occasion54-occasion-r-scaled-1-100x100.jpg",100,100,true]},"uagb_author_info":{"display_name":"emmanuel.d emmanuel.d","author_link":"https:\/\/staging.srokafinal.lets-preprod.com\/es\/blog\/author\/"},"uagb_comment_info":0,"uagb_excerpt":"&#8220;Progresa r\u00e1pidamente y disfruta de una maniobrabilidad excepcional, un despegue f\u00e1cil incluso en aguas turbulentas y la m\u00e1xima estabilidad con la gama Sky rider&#8221; DESCRIPCI\u00d3N COMPLETA AQU\u00cd Estamos orgullosos de presentar la pr\u00f3xima generaci\u00f3n de tablas SROKA Sky Rider. Hemos dise\u00f1ado esta nueva gama para apoyarte en tu progreso y permitirte evolucionar lo m\u00e1s r\u00e1pido&hellip;","_links":{"self":[{"href":"https:\/\/staging.srokafinal.lets-preprod.com\/es\/wp-json\/wp\/v2\/product\/107902","targetHints":{"allow":["GET"]}}],"collection":[{"href":"https:\/\/staging.srokafinal.lets-preprod.com\/es\/wp-json\/wp\/v2\/product"}],"about":[{"href":"https:\/\/staging.srokafinal.lets-preprod.com\/es\/wp-json\/wp\/v2\/types\/product"}],"wp:featuredmedia":[{"embeddable":true,"href":"https:\/\/staging.srokafinal.lets-preprod.com\/es\/wp-json\/wp\/v2\/media\/107903"}],"wp:attachment":[{"href":"https:\/\/staging.srokafinal.lets-preprod.com\/es\/wp-json\/wp\/v2\/media?parent=107902"}],"wp:term":[{"taxonomy":"product_brand","embeddable":true,"href":"https:\/\/staging.srokafinal.lets-preprod.com\/es\/wp-json\/wp\/v2\/product_brand?post=107902"},{"taxonomy":"product_cat","embeddable":true,"href":"https:\/\/staging.srokafinal.lets-preprod.com\/es\/wp-json\/wp\/v2\/product_cat?post=107902"},{"taxonomy":"product_tag","embeddable":true,"href":"https:\/\/staging.srokafinal.lets-preprod.com\/es\/wp-json\/wp\/v2\/product_tag?post=107902"}],"curies":[{"name":"wp","href":"https:\/\/api.w.org\/{rel}","templated":true}]}}