


{"id":108274,"date":"2017-04-24T07:24:51","date_gmt":"2017-04-24T05:24:51","guid":{"rendered":"https:\/\/srokacompany.com\/produit\/stand-up-paddle-duo\/"},"modified":"2025-04-01T08:49:16","modified_gmt":"2025-04-01T08:49:16","slug":"stand-up-paddle-duo","status":"publish","type":"product","link":"https:\/\/staging.srokafinal.lets-preprod.com\/es\/produit\/stand-up-paddle-duo\/","title":{"rendered":"Stand up Paddle DUO"},"content":{"rendered":"<hr>\n<h2 class=\"p1\"><strong><span class=\"s1\">A\u00daN M\u00c1S DIVERTIDO PARA DOS:  <\/span><\/strong><\/h2>\n<p class=\"p1\"><span class=\"s1\">Para vivir la aventura para dos, \u00a1el <strong>t\u00e1ndem Stand up paddle<\/strong> es para ti! <span class=\"Apple-converted-space\"> En familia, con amigos o en pareja, ir\u00e1s el doble de r\u00e1pido remando en parejas.<\/span><br \/>\n<\/span><span class=\"s1\">Este modelo biplaza est\u00e1 hecho para explorar, navegar y hacer senderismo.<span class=\"Apple-converted-space\">  <\/span>Su gran anchura de 34&#8221; (86 cm) y su cola ancha te dar\u00e1n la m\u00e1xima estabilidad. Su contorno tenso con una buena punta en la parte delantera te permitir\u00e1 deslizarte sean cuales sean las condiciones. Te sorprender\u00e1 la velocidad que puedes alcanzar remando sincronizado en parejas. Con 2 o 3 personas, hay sitio para todos. Las asas en la parte delantera y trasera facilitar\u00e1n el transporte del stand up paddle t\u00e1ndem -Duo<\/span><\/p>\n<p class=\"p2\"><span class=\"s1\">Las almohadillas de Eva en relieve son muy c\u00f3modas bajo los pies con un muy buen agarre para todas las maniobras. Su aspecto at\u00edpico y la calidad de su acabado no te dejar\u00e1n indiferente. Su red de cubierta le permitir\u00e1 amarrar <a href=\"https:\/\/srokacompany.com\/eshop\/accessoires-paddle-sup\/\">una peque\u00f1a bolsa de transporte<\/a>. El SUP desinflado se puede guardar f\u00e1cilmente en la bolsa de transporte SROKA. Adem\u00e1s, la calidad de la bolsa y su comodidad har\u00e1n que te olvides de que llevas una tabla de stand up paddle tan grande.<\/span><\/p>\n<p>&nbsp;<\/p>\n<h3><a href=\"https:\/\/srokacompany.com\/comment-et-pourquoi-choisir-paddle-gonflable-sroka\/\" target=\"_blank\" rel=\"noopener noreferrer\">\u00bfPor qu\u00e9 elegir los productos SROKA?<\/a><\/h3>\n<p class=\"p2\"><span class=\"s1\"> <\/span><\/p>\n","protected":false},"excerpt":{"rendered":"<p>A\u00daN M\u00c1S DIVERTIDO PARA DOS: Para vivir la aventura para dos, \u00a1el t\u00e1ndem Stand up paddle es para ti! En familia, con amigos o en pareja, ir\u00e1s el doble de r\u00e1pido remando en parejas. Este modelo biplaza est\u00e1 hecho para explorar, navegar y hacer senderismo. Su gran anchura de 34&#8221; (86 cm) y su cola [&hellip;]<\/p>\n","protected":false},"featured_media":133037,"template":"","meta":{"_acf_changed":false,"_uag_custom_page_level_css":""},"product_brand":[],"product_cat":[2471],"product_tag":[],"class_list":{"0":"post-108274","1":"product","2":"type-product","3":"status-publish","4":"has-post-thumbnail","6":"product_cat-palas-hinchables","7":"product_shipping_class-unidad-de-sup","8":"pa_ailerons-2-boitier-us","9":"pa_charge-maxi-320kg","10":"pa_epaisseur-15-cm-6","11":"pa_largeur-86-cm-34","12":"pa_longueur-487-cm-16","13":"pa_materiaux-revetement-en-pvc-avec-la-technologie-fusion","14":"pa_niveau-debutant-a-confirme","15":"pa_poids-19-kg-42-lb-en","16":"pa_programme-initiation-balade-decouverte-du-stand-up-en-couple","17":"pa_programme-initiation-balade-decouverte-du-stand-up-familiale","18":"pa_volume-540-l","20":"first","21":"instock","22":"purchasable","23":"product-type-simple"},"acf":[],"yoast_head":"<!-- This site is optimized with the Yoast SEO plugin v25.1 - https:\/\/yoast.com\/wordpress\/plugins\/seo\/ -->\n<title>Stand up Paddle Duo - SROKA Company - Stand up Paddle<\/title>\n<meta name=\"description\" content=\"Stand Up Paddle Hinchable en T\u00e1ndem: \u00a1ideal para compartir sesiones de SUP para dos! \u00a1Hiper r\u00edgido y al mejor precio!\" \/>\n<meta name=\"robots\" content=\"noindex, follow, max-snippet:-1, max-image-preview:large, max-video-preview:-1\" \/>\n<meta property=\"og:locale\" content=\"es_ES\" \/>\n<meta property=\"og:type\" content=\"article\" \/>\n<meta property=\"og:title\" content=\"Stand up Paddle Duo - SROKA Company - Stand up Paddle\" \/>\n<meta property=\"og:description\" content=\"Stand Up Paddle Hinchable en T\u00e1ndem: \u00a1ideal para compartir sesiones de SUP para dos! \u00a1Hiper r\u00edgido y al mejor precio!\" \/>\n<meta property=\"og:url\" content=\"https:\/\/staging.srokafinal.lets-preprod.com\/es\/produit\/stand-up-paddle-duo\/\" \/>\n<meta property=\"og:site_name\" content=\"SROKA Company\" \/>\n<meta property=\"article:publisher\" content=\"https:\/\/www.facebook.com\/srokawatersports\/\" \/>\n<meta property=\"article:modified_time\" content=\"2025-04-01T08:49:16+00:00\" \/>\n<meta property=\"og:image\" content=\"https:\/\/staging.srokafinal.lets-preprod.com\/wp-content\/uploads\/2017\/04\/duo-2-scaled.jpg\" \/>\n\t<meta property=\"og:image:width\" content=\"1920\" \/>\n\t<meta property=\"og:image:height\" content=\"2560\" \/>\n\t<meta property=\"og:image:type\" content=\"image\/jpeg\" \/>\n<meta name=\"twitter:label1\" content=\"Tiempo de lectura\" \/>\n\t<meta name=\"twitter:data1\" content=\"1 minuto\" \/>\n<script type=\"application\/ld+json\" class=\"yoast-schema-graph\">{\"@context\":\"https:\/\/schema.org\",\"@graph\":[{\"@type\":\"WebPage\",\"@id\":\"https:\/\/staging.srokafinal.lets-preprod.com\/es\/produit\/stand-up-paddle-duo\/\",\"url\":\"https:\/\/staging.srokafinal.lets-preprod.com\/es\/produit\/stand-up-paddle-duo\/\",\"name\":\"Stand up Paddle Duo - SROKA Company - Stand up Paddle\",\"isPartOf\":{\"@id\":\"https:\/\/staging.srokafinal.lets-preprod.com\/es\/#website\"},\"primaryImageOfPage\":{\"@id\":\"https:\/\/staging.srokafinal.lets-preprod.com\/es\/produit\/stand-up-paddle-duo\/#primaryimage\"},\"image\":{\"@id\":\"https:\/\/staging.srokafinal.lets-preprod.com\/es\/produit\/stand-up-paddle-duo\/#primaryimage\"},\"thumbnailUrl\":\"https:\/\/staging.srokafinal.lets-preprod.com\/wp-content\/uploads\/2017\/04\/duo-2-scaled.jpg\",\"datePublished\":\"2017-04-24T05:24:51+00:00\",\"dateModified\":\"2025-04-01T08:49:16+00:00\",\"description\":\"Stand Up Paddle Hinchable en T\u00e1ndem: \u00a1ideal para compartir sesiones de SUP para dos! \u00a1Hiper r\u00edgido y al mejor precio!\",\"breadcrumb\":{\"@id\":\"https:\/\/staging.srokafinal.lets-preprod.com\/es\/produit\/stand-up-paddle-duo\/#breadcrumb\"},\"inLanguage\":\"es\",\"potentialAction\":[{\"@type\":\"ReadAction\",\"target\":[\"https:\/\/staging.srokafinal.lets-preprod.com\/es\/produit\/stand-up-paddle-duo\/\"]}]},{\"@type\":\"ImageObject\",\"inLanguage\":\"es\",\"@id\":\"https:\/\/staging.srokafinal.lets-preprod.com\/es\/produit\/stand-up-paddle-duo\/#primaryimage\",\"url\":\"https:\/\/staging.srokafinal.lets-preprod.com\/wp-content\/uploads\/2017\/04\/duo-2-scaled.jpg\",\"contentUrl\":\"https:\/\/staging.srokafinal.lets-preprod.com\/wp-content\/uploads\/2017\/04\/duo-2-scaled.jpg\",\"width\":1920,\"height\":2560},{\"@type\":\"BreadcrumbList\",\"@id\":\"https:\/\/staging.srokafinal.lets-preprod.com\/es\/produit\/stand-up-paddle-duo\/#breadcrumb\",\"itemListElement\":[{\"@type\":\"ListItem\",\"position\":1,\"name\":\"Accueil\",\"item\":\"https:\/\/staging.srokafinal.lets-preprod.com\/es\/\"},{\"@type\":\"ListItem\",\"position\":2,\"name\":\"Boutique\",\"item\":\"https:\/\/staging.srokafinal.lets-preprod.com\/boutique\/\"},{\"@type\":\"ListItem\",\"position\":3,\"name\":\"Stand up Paddle DUO\"}]},{\"@type\":\"WebSite\",\"@id\":\"https:\/\/staging.srokafinal.lets-preprod.com\/es\/#website\",\"url\":\"https:\/\/staging.srokafinal.lets-preprod.com\/es\/\",\"name\":\"SROKA Company\",\"description\":\"SUP, Kite, Foil, Wing\",\"publisher\":{\"@id\":\"https:\/\/staging.srokafinal.lets-preprod.com\/es\/#organization\"},\"potentialAction\":[{\"@type\":\"SearchAction\",\"target\":{\"@type\":\"EntryPoint\",\"urlTemplate\":\"https:\/\/staging.srokafinal.lets-preprod.com\/es\/?s={search_term_string}\"},\"query-input\":{\"@type\":\"PropertyValueSpecification\",\"valueRequired\":true,\"valueName\":\"search_term_string\"}}],\"inLanguage\":\"es\"},{\"@type\":\"Organization\",\"@id\":\"https:\/\/staging.srokafinal.lets-preprod.com\/es\/#organization\",\"name\":\"SROKACOMPANY\",\"alternateName\":\"SROKA\",\"url\":\"https:\/\/staging.srokafinal.lets-preprod.com\/es\/\",\"logo\":{\"@type\":\"ImageObject\",\"inLanguage\":\"es\",\"@id\":\"https:\/\/staging.srokafinal.lets-preprod.com\/es\/#\/schema\/logo\/image\/\",\"url\":\"https:\/\/staging.srokafinal.lets-preprod.com\/wp-content\/uploads\/2021\/01\/logo-sroka-black-transpa.png\",\"contentUrl\":\"https:\/\/staging.srokafinal.lets-preprod.com\/wp-content\/uploads\/2021\/01\/logo-sroka-black-transpa.png\",\"width\":1201,\"height\":342,\"caption\":\"SROKACOMPANY\"},\"image\":{\"@id\":\"https:\/\/staging.srokafinal.lets-preprod.com\/es\/#\/schema\/logo\/image\/\"},\"sameAs\":[\"https:\/\/www.facebook.com\/srokawatersports\/\",\"https:\/\/www.instagram.com\/srokawatersports\/\",\"https:\/\/www.youtube.com\/channel\/UCVLHHeaPIm-J5bdEUgxqtZA\"]}]}<\/script>\n<!-- \/ Yoast SEO plugin. -->","yoast_head_json":{"title":"Stand up Paddle Duo - SROKA Company - Stand up Paddle","description":"Stand Up Paddle Hinchable en T\u00e1ndem: \u00a1ideal para compartir sesiones de SUP para dos! \u00a1Hiper r\u00edgido y al mejor precio!","robots":{"index":"noindex","follow":"follow","max-snippet":"max-snippet:-1","max-image-preview":"max-image-preview:large","max-video-preview":"max-video-preview:-1"},"og_locale":"es_ES","og_type":"article","og_title":"Stand up Paddle Duo - SROKA Company - Stand up Paddle","og_description":"Stand Up Paddle Hinchable en T\u00e1ndem: \u00a1ideal para compartir sesiones de SUP para dos! \u00a1Hiper r\u00edgido y al mejor precio!","og_url":"https:\/\/staging.srokafinal.lets-preprod.com\/es\/produit\/stand-up-paddle-duo\/","og_site_name":"SROKA Company","article_publisher":"https:\/\/www.facebook.com\/srokawatersports\/","article_modified_time":"2025-04-01T08:49:16+00:00","og_image":[{"width":1920,"height":2560,"url":"https:\/\/staging.srokafinal.lets-preprod.com\/wp-content\/uploads\/2017\/04\/duo-2-scaled.jpg","type":"image\/jpeg"}],"twitter_misc":{"Tiempo de lectura":"1 minuto"},"schema":{"@context":"https:\/\/schema.org","@graph":[{"@type":"WebPage","@id":"https:\/\/staging.srokafinal.lets-preprod.com\/es\/produit\/stand-up-paddle-duo\/","url":"https:\/\/staging.srokafinal.lets-preprod.com\/es\/produit\/stand-up-paddle-duo\/","name":"Stand up Paddle Duo - SROKA Company - Stand up Paddle","isPartOf":{"@id":"https:\/\/staging.srokafinal.lets-preprod.com\/es\/#website"},"primaryImageOfPage":{"@id":"https:\/\/staging.srokafinal.lets-preprod.com\/es\/produit\/stand-up-paddle-duo\/#primaryimage"},"image":{"@id":"https:\/\/staging.srokafinal.lets-preprod.com\/es\/produit\/stand-up-paddle-duo\/#primaryimage"},"thumbnailUrl":"https:\/\/staging.srokafinal.lets-preprod.com\/wp-content\/uploads\/2017\/04\/duo-2-scaled.jpg","datePublished":"2017-04-24T05:24:51+00:00","dateModified":"2025-04-01T08:49:16+00:00","description":"Stand Up Paddle Hinchable en T\u00e1ndem: \u00a1ideal para compartir sesiones de SUP para dos! \u00a1Hiper r\u00edgido y al mejor precio!","breadcrumb":{"@id":"https:\/\/staging.srokafinal.lets-preprod.com\/es\/produit\/stand-up-paddle-duo\/#breadcrumb"},"inLanguage":"es","potentialAction":[{"@type":"ReadAction","target":["https:\/\/staging.srokafinal.lets-preprod.com\/es\/produit\/stand-up-paddle-duo\/"]}]},{"@type":"ImageObject","inLanguage":"es","@id":"https:\/\/staging.srokafinal.lets-preprod.com\/es\/produit\/stand-up-paddle-duo\/#primaryimage","url":"https:\/\/staging.srokafinal.lets-preprod.com\/wp-content\/uploads\/2017\/04\/duo-2-scaled.jpg","contentUrl":"https:\/\/staging.srokafinal.lets-preprod.com\/wp-content\/uploads\/2017\/04\/duo-2-scaled.jpg","width":1920,"height":2560},{"@type":"BreadcrumbList","@id":"https:\/\/staging.srokafinal.lets-preprod.com\/es\/produit\/stand-up-paddle-duo\/#breadcrumb","itemListElement":[{"@type":"ListItem","position":1,"name":"Accueil","item":"https:\/\/staging.srokafinal.lets-preprod.com\/es\/"},{"@type":"ListItem","position":2,"name":"Boutique","item":"https:\/\/staging.srokafinal.lets-preprod.com\/boutique\/"},{"@type":"ListItem","position":3,"name":"Stand up Paddle DUO"}]},{"@type":"WebSite","@id":"https:\/\/staging.srokafinal.lets-preprod.com\/es\/#website","url":"https:\/\/staging.srokafinal.lets-preprod.com\/es\/","name":"SROKA Company","description":"SUP, Kite, Foil, Wing","publisher":{"@id":"https:\/\/staging.srokafinal.lets-preprod.com\/es\/#organization"},"potentialAction":[{"@type":"SearchAction","target":{"@type":"EntryPoint","urlTemplate":"https:\/\/staging.srokafinal.lets-preprod.com\/es\/?s={search_term_string}"},"query-input":{"@type":"PropertyValueSpecification","valueRequired":true,"valueName":"search_term_string"}}],"inLanguage":"es"},{"@type":"Organization","@id":"https:\/\/staging.srokafinal.lets-preprod.com\/es\/#organization","name":"SROKACOMPANY","alternateName":"SROKA","url":"https:\/\/staging.srokafinal.lets-preprod.com\/es\/","logo":{"@type":"ImageObject","inLanguage":"es","@id":"https:\/\/staging.srokafinal.lets-preprod.com\/es\/#\/schema\/logo\/image\/","url":"https:\/\/staging.srokafinal.lets-preprod.com\/wp-content\/uploads\/2021\/01\/logo-sroka-black-transpa.png","contentUrl":"https:\/\/staging.srokafinal.lets-preprod.com\/wp-content\/uploads\/2021\/01\/logo-sroka-black-transpa.png","width":1201,"height":342,"caption":"SROKACOMPANY"},"image":{"@id":"https:\/\/staging.srokafinal.lets-preprod.com\/es\/#\/schema\/logo\/image\/"},"sameAs":["https:\/\/www.facebook.com\/srokawatersports\/","https:\/\/www.instagram.com\/srokawatersports\/","https:\/\/www.youtube.com\/channel\/UCVLHHeaPIm-J5bdEUgxqtZA"]}]}},"uagb_featured_image_src":{"full":["https:\/\/staging.srokafinal.lets-preprod.com\/wp-content\/uploads\/2017\/04\/duo-2-scaled.jpg",1920,2560,false],"thumbnail":["https:\/\/staging.srokafinal.lets-preprod.com\/wp-content\/uploads\/2017\/04\/duo-2-150x150.jpg",150,150,true],"medium":["https:\/\/staging.srokafinal.lets-preprod.com\/wp-content\/uploads\/2017\/04\/duo-2-225x300.jpg",225,300,true],"medium_large":["https:\/\/staging.srokafinal.lets-preprod.com\/wp-content\/uploads\/2017\/04\/duo-2-768x1024.jpg",768,1024,true],"large":["https:\/\/staging.srokafinal.lets-preprod.com\/wp-content\/uploads\/2017\/04\/duo-2-768x1024.jpg",768,1024,true],"1536x1536":["https:\/\/staging.srokafinal.lets-preprod.com\/wp-content\/uploads\/2017\/04\/duo-2-1152x1536.jpg",1152,1536,true],"2048x2048":["https:\/\/staging.srokafinal.lets-preprod.com\/wp-content\/uploads\/2017\/04\/duo-2-1536x2048.jpg",1536,2048,true],"woocommerce_thumbnail":["https:\/\/staging.srokafinal.lets-preprod.com\/wp-content\/uploads\/2017\/04\/duo-2-600x800.jpg",600,800,true],"woocommerce_single":["https:\/\/staging.srokafinal.lets-preprod.com\/wp-content\/uploads\/2017\/04\/duo-2-600x800.jpg",600,800,true],"woocommerce_gallery_thumbnail":["https:\/\/staging.srokafinal.lets-preprod.com\/wp-content\/uploads\/2017\/04\/duo-2-100x100.jpg",100,100,true]},"uagb_author_info":{"display_name":"matthieumilliot_xd7qukoc","author_link":"https:\/\/staging.srokafinal.lets-preprod.com\/es\/blog\/author\/"},"uagb_comment_info":0,"uagb_excerpt":"A\u00daN M\u00c1S DIVERTIDO PARA DOS: Para vivir la aventura para dos, \u00a1el t\u00e1ndem Stand up paddle es para ti! En familia, con amigos o en pareja, ir\u00e1s el doble de r\u00e1pido remando en parejas. Este modelo biplaza est\u00e1 hecho para explorar, navegar y hacer senderismo. Su gran anchura de 34&#8221; (86 cm) y su cola&hellip;","_links":{"self":[{"href":"https:\/\/staging.srokafinal.lets-preprod.com\/es\/wp-json\/wp\/v2\/product\/108274","targetHints":{"allow":["GET"]}}],"collection":[{"href":"https:\/\/staging.srokafinal.lets-preprod.com\/es\/wp-json\/wp\/v2\/product"}],"about":[{"href":"https:\/\/staging.srokafinal.lets-preprod.com\/es\/wp-json\/wp\/v2\/types\/product"}],"wp:featuredmedia":[{"embeddable":true,"href":"https:\/\/staging.srokafinal.lets-preprod.com\/es\/wp-json\/wp\/v2\/media\/133037"}],"wp:attachment":[{"href":"https:\/\/staging.srokafinal.lets-preprod.com\/es\/wp-json\/wp\/v2\/media?parent=108274"}],"wp:term":[{"taxonomy":"product_brand","embeddable":true,"href":"https:\/\/staging.srokafinal.lets-preprod.com\/es\/wp-json\/wp\/v2\/product_brand?post=108274"},{"taxonomy":"product_cat","embeddable":true,"href":"https:\/\/staging.srokafinal.lets-preprod.com\/es\/wp-json\/wp\/v2\/product_cat?post=108274"},{"taxonomy":"product_tag","embeddable":true,"href":"https:\/\/staging.srokafinal.lets-preprod.com\/es\/wp-json\/wp\/v2\/product_tag?post=108274"}],"curies":[{"name":"wp","href":"https:\/\/api.w.org\/{rel}","templated":true}]}}