


{"id":108275,"date":"2017-04-24T07:30:54","date_gmt":"2017-04-24T05:30:54","guid":{"rendered":"https:\/\/srokacompany.com\/produit\/almohadillas-y-correas-de-doble-punta\/"},"modified":"2024-05-21T12:32:47","modified_gmt":"2024-05-21T12:32:47","slug":"almohadillas-y-correas-de-doble-punta","status":"publish","type":"product","link":"https:\/\/staging.srokafinal.lets-preprod.com\/es\/produit\/almohadillas-y-correas-de-doble-punta\/","title":{"rendered":"Almohadillas y correas de doble punta"},"content":{"rendered":"<hr>\n<p>Las correas y almohadillas SROKA han sido dise\u00f1adas para dar la m\u00e1xima comodidad a la hora de navegar. Las almohadillas SROKA son unas de las m\u00e1s c\u00f3modas del mercado con su espuma absorbente que guarda el recuerdo de la forma. Asim\u00e9trico, se adapta a ambos pies. La correa de ajuste permite un ajuste ideal y una buena sujeci\u00f3n del conjunto para una m\u00e1xima capacidad de respuesta de su tabla.<\/p>\n<p>El juego de correas y almohadillas se puede utilizar en todo tipo de conducci\u00f3n de doble punta, desde freestyle hasta freeride y en todos nuestros modelos.<\/p>\n<p>\u2022 La exclusiva correa de velcro proporciona un cierre seguro y una posici\u00f3n din\u00e1mica del pie.<br \/>\n\u2022 Almohadillas de doble densidad dise\u00f1adas para una conducci\u00f3n suave y c\u00f3moda a la vez que proporcionan un agarre excepcional<br \/>\n\u2022 Postura personalizada con tres posiciones de ajuste del pato (\u00e1ngulo de apertura)<br \/>\n\u2022 Montaje est\u00e1ndar con espaciado de 6 pulgadas entre insertos<br \/>\n\u2022 Tornillos de acero inoxidable M6x16mm incluidos<\/p>\n<p>\u2022 Almohadillas de disparo de densidad moldeadas en 3D<\/p>\n<p>\u2022 Correas de neopreno de nailon<\/p>\n<p>\u2022 15 ejes con diferentes posiciones de ajuste<\/p>\n<p>\u2022 Hardware incluido<\/p>\n","protected":false},"excerpt":{"rendered":"<p>Las correas y almohadillas SROKA han sido dise\u00f1adas para dar la m\u00e1xima comodidad a la hora de navegar. Las almohadillas SROKA son unas de las m\u00e1s c\u00f3modas del mercado con su espuma absorbente que guarda el recuerdo de la forma. Asim\u00e9trico, se adapta a ambos pies. La correa de ajuste permite un ajuste ideal y [&hellip;]<\/p>\n","protected":false},"featured_media":108283,"template":"","meta":{"_acf_changed":false,"_uag_custom_page_level_css":""},"product_brand":[],"product_cat":[3161],"product_tag":[],"class_list":{"0":"post-108275","1":"product","2":"type-product","3":"status-publish","4":"has-post-thumbnail","6":"product_cat-gama-uha-downwind","8":"first","9":"outofstock","10":"taxable","11":"shipping-taxable","12":"purchasable","13":"product-type-simple"},"acf":[],"yoast_head":"<!-- This site is optimized with the Yoast SEO plugin v25.1 - https:\/\/yoast.com\/wordpress\/plugins\/seo\/ -->\n<title>ALMOHADILLAS Y CORREAS TWIN TIP - SROKA Watersports - Empresa<\/title>\n<meta name=\"description\" content=\"TWIN TIP PADS &amp; STRAPS de SROKA, las almohadillas m\u00e1s c\u00f3modas del mercado.\" \/>\n<meta name=\"robots\" content=\"noindex, follow, max-snippet:-1, max-image-preview:large, max-video-preview:-1\" \/>\n<meta property=\"og:locale\" content=\"es_ES\" \/>\n<meta property=\"og:type\" content=\"article\" \/>\n<meta property=\"og:title\" content=\"ALMOHADILLAS Y CORREAS TWIN TIP - SROKA Watersports - Empresa\" \/>\n<meta property=\"og:description\" content=\"TWIN TIP PADS &amp; STRAPS de SROKA, las almohadillas m\u00e1s c\u00f3modas del mercado.\" \/>\n<meta property=\"og:url\" content=\"https:\/\/staging.srokafinal.lets-preprod.com\/es\/produit\/almohadillas-y-correas-de-doble-punta\/\" \/>\n<meta property=\"og:site_name\" content=\"SROKA Company\" \/>\n<meta property=\"article:publisher\" content=\"https:\/\/www.facebook.com\/srokawatersports\/\" \/>\n<meta property=\"article:modified_time\" content=\"2024-05-21T12:32:47+00:00\" \/>\n<meta property=\"og:image\" content=\"https:\/\/staging.srokafinal.lets-preprod.com\/wp-content\/uploads\/2017\/04\/footstraps_Twin_tip_SROKA.png\" \/>\n\t<meta property=\"og:image:width\" content=\"640\" \/>\n\t<meta property=\"og:image:height\" content=\"640\" \/>\n\t<meta property=\"og:image:type\" content=\"image\/png\" \/>\n<meta name=\"twitter:label1\" content=\"Tiempo de lectura\" \/>\n\t<meta name=\"twitter:data1\" content=\"1 minuto\" \/>\n<script type=\"application\/ld+json\" class=\"yoast-schema-graph\">{\"@context\":\"https:\/\/schema.org\",\"@graph\":[{\"@type\":\"WebPage\",\"@id\":\"https:\/\/staging.srokafinal.lets-preprod.com\/es\/produit\/almohadillas-y-correas-de-doble-punta\/\",\"url\":\"https:\/\/staging.srokafinal.lets-preprod.com\/es\/produit\/almohadillas-y-correas-de-doble-punta\/\",\"name\":\"ALMOHADILLAS Y CORREAS TWIN TIP - SROKA Watersports - Empresa\",\"isPartOf\":{\"@id\":\"https:\/\/staging.srokafinal.lets-preprod.com\/es\/#website\"},\"primaryImageOfPage\":{\"@id\":\"https:\/\/staging.srokafinal.lets-preprod.com\/es\/produit\/almohadillas-y-correas-de-doble-punta\/#primaryimage\"},\"image\":{\"@id\":\"https:\/\/staging.srokafinal.lets-preprod.com\/es\/produit\/almohadillas-y-correas-de-doble-punta\/#primaryimage\"},\"thumbnailUrl\":\"https:\/\/staging.srokafinal.lets-preprod.com\/wp-content\/uploads\/2017\/04\/footstraps_Twin_tip_SROKA.png\",\"datePublished\":\"2017-04-24T05:30:54+00:00\",\"dateModified\":\"2024-05-21T12:32:47+00:00\",\"description\":\"TWIN TIP PADS & STRAPS de SROKA, las almohadillas m\u00e1s c\u00f3modas del mercado.\",\"breadcrumb\":{\"@id\":\"https:\/\/staging.srokafinal.lets-preprod.com\/es\/produit\/almohadillas-y-correas-de-doble-punta\/#breadcrumb\"},\"inLanguage\":\"es\",\"potentialAction\":[{\"@type\":\"ReadAction\",\"target\":[\"https:\/\/staging.srokafinal.lets-preprod.com\/es\/produit\/almohadillas-y-correas-de-doble-punta\/\"]}]},{\"@type\":\"ImageObject\",\"inLanguage\":\"es\",\"@id\":\"https:\/\/staging.srokafinal.lets-preprod.com\/es\/produit\/almohadillas-y-correas-de-doble-punta\/#primaryimage\",\"url\":\"https:\/\/staging.srokafinal.lets-preprod.com\/wp-content\/uploads\/2017\/04\/footstraps_Twin_tip_SROKA.png\",\"contentUrl\":\"https:\/\/staging.srokafinal.lets-preprod.com\/wp-content\/uploads\/2017\/04\/footstraps_Twin_tip_SROKA.png\",\"width\":640,\"height\":640},{\"@type\":\"BreadcrumbList\",\"@id\":\"https:\/\/staging.srokafinal.lets-preprod.com\/es\/produit\/almohadillas-y-correas-de-doble-punta\/#breadcrumb\",\"itemListElement\":[{\"@type\":\"ListItem\",\"position\":1,\"name\":\"Accueil\",\"item\":\"https:\/\/staging.srokafinal.lets-preprod.com\/es\/\"},{\"@type\":\"ListItem\",\"position\":2,\"name\":\"Boutique\",\"item\":\"https:\/\/staging.srokafinal.lets-preprod.com\/boutique\/\"},{\"@type\":\"ListItem\",\"position\":3,\"name\":\"Almohadillas y correas de doble punta\"}]},{\"@type\":\"WebSite\",\"@id\":\"https:\/\/staging.srokafinal.lets-preprod.com\/es\/#website\",\"url\":\"https:\/\/staging.srokafinal.lets-preprod.com\/es\/\",\"name\":\"SROKA Company\",\"description\":\"SUP, Kite, Foil, Wing\",\"publisher\":{\"@id\":\"https:\/\/staging.srokafinal.lets-preprod.com\/es\/#organization\"},\"potentialAction\":[{\"@type\":\"SearchAction\",\"target\":{\"@type\":\"EntryPoint\",\"urlTemplate\":\"https:\/\/staging.srokafinal.lets-preprod.com\/es\/?s={search_term_string}\"},\"query-input\":{\"@type\":\"PropertyValueSpecification\",\"valueRequired\":true,\"valueName\":\"search_term_string\"}}],\"inLanguage\":\"es\"},{\"@type\":\"Organization\",\"@id\":\"https:\/\/staging.srokafinal.lets-preprod.com\/es\/#organization\",\"name\":\"SROKACOMPANY\",\"alternateName\":\"SROKA\",\"url\":\"https:\/\/staging.srokafinal.lets-preprod.com\/es\/\",\"logo\":{\"@type\":\"ImageObject\",\"inLanguage\":\"es\",\"@id\":\"https:\/\/staging.srokafinal.lets-preprod.com\/es\/#\/schema\/logo\/image\/\",\"url\":\"https:\/\/staging.srokafinal.lets-preprod.com\/wp-content\/uploads\/2021\/01\/logo-sroka-black-transpa.png\",\"contentUrl\":\"https:\/\/staging.srokafinal.lets-preprod.com\/wp-content\/uploads\/2021\/01\/logo-sroka-black-transpa.png\",\"width\":1201,\"height\":342,\"caption\":\"SROKACOMPANY\"},\"image\":{\"@id\":\"https:\/\/staging.srokafinal.lets-preprod.com\/es\/#\/schema\/logo\/image\/\"},\"sameAs\":[\"https:\/\/www.facebook.com\/srokawatersports\/\",\"https:\/\/www.instagram.com\/srokawatersports\/\",\"https:\/\/www.youtube.com\/channel\/UCVLHHeaPIm-J5bdEUgxqtZA\"]}]}<\/script>\n<!-- \/ Yoast SEO plugin. -->","yoast_head_json":{"title":"ALMOHADILLAS Y CORREAS TWIN TIP - SROKA Watersports - Empresa","description":"TWIN TIP PADS & STRAPS de SROKA, las almohadillas m\u00e1s c\u00f3modas del mercado.","robots":{"index":"noindex","follow":"follow","max-snippet":"max-snippet:-1","max-image-preview":"max-image-preview:large","max-video-preview":"max-video-preview:-1"},"og_locale":"es_ES","og_type":"article","og_title":"ALMOHADILLAS Y CORREAS TWIN TIP - SROKA Watersports - Empresa","og_description":"TWIN TIP PADS & STRAPS de SROKA, las almohadillas m\u00e1s c\u00f3modas del mercado.","og_url":"https:\/\/staging.srokafinal.lets-preprod.com\/es\/produit\/almohadillas-y-correas-de-doble-punta\/","og_site_name":"SROKA Company","article_publisher":"https:\/\/www.facebook.com\/srokawatersports\/","article_modified_time":"2024-05-21T12:32:47+00:00","og_image":[{"width":640,"height":640,"url":"https:\/\/staging.srokafinal.lets-preprod.com\/wp-content\/uploads\/2017\/04\/footstraps_Twin_tip_SROKA.png","type":"image\/png"}],"twitter_misc":{"Tiempo de lectura":"1 minuto"},"schema":{"@context":"https:\/\/schema.org","@graph":[{"@type":"WebPage","@id":"https:\/\/staging.srokafinal.lets-preprod.com\/es\/produit\/almohadillas-y-correas-de-doble-punta\/","url":"https:\/\/staging.srokafinal.lets-preprod.com\/es\/produit\/almohadillas-y-correas-de-doble-punta\/","name":"ALMOHADILLAS Y CORREAS TWIN TIP - SROKA Watersports - Empresa","isPartOf":{"@id":"https:\/\/staging.srokafinal.lets-preprod.com\/es\/#website"},"primaryImageOfPage":{"@id":"https:\/\/staging.srokafinal.lets-preprod.com\/es\/produit\/almohadillas-y-correas-de-doble-punta\/#primaryimage"},"image":{"@id":"https:\/\/staging.srokafinal.lets-preprod.com\/es\/produit\/almohadillas-y-correas-de-doble-punta\/#primaryimage"},"thumbnailUrl":"https:\/\/staging.srokafinal.lets-preprod.com\/wp-content\/uploads\/2017\/04\/footstraps_Twin_tip_SROKA.png","datePublished":"2017-04-24T05:30:54+00:00","dateModified":"2024-05-21T12:32:47+00:00","description":"TWIN TIP PADS & STRAPS de SROKA, las almohadillas m\u00e1s c\u00f3modas del mercado.","breadcrumb":{"@id":"https:\/\/staging.srokafinal.lets-preprod.com\/es\/produit\/almohadillas-y-correas-de-doble-punta\/#breadcrumb"},"inLanguage":"es","potentialAction":[{"@type":"ReadAction","target":["https:\/\/staging.srokafinal.lets-preprod.com\/es\/produit\/almohadillas-y-correas-de-doble-punta\/"]}]},{"@type":"ImageObject","inLanguage":"es","@id":"https:\/\/staging.srokafinal.lets-preprod.com\/es\/produit\/almohadillas-y-correas-de-doble-punta\/#primaryimage","url":"https:\/\/staging.srokafinal.lets-preprod.com\/wp-content\/uploads\/2017\/04\/footstraps_Twin_tip_SROKA.png","contentUrl":"https:\/\/staging.srokafinal.lets-preprod.com\/wp-content\/uploads\/2017\/04\/footstraps_Twin_tip_SROKA.png","width":640,"height":640},{"@type":"BreadcrumbList","@id":"https:\/\/staging.srokafinal.lets-preprod.com\/es\/produit\/almohadillas-y-correas-de-doble-punta\/#breadcrumb","itemListElement":[{"@type":"ListItem","position":1,"name":"Accueil","item":"https:\/\/staging.srokafinal.lets-preprod.com\/es\/"},{"@type":"ListItem","position":2,"name":"Boutique","item":"https:\/\/staging.srokafinal.lets-preprod.com\/boutique\/"},{"@type":"ListItem","position":3,"name":"Almohadillas y correas de doble punta"}]},{"@type":"WebSite","@id":"https:\/\/staging.srokafinal.lets-preprod.com\/es\/#website","url":"https:\/\/staging.srokafinal.lets-preprod.com\/es\/","name":"SROKA Company","description":"SUP, Kite, Foil, Wing","publisher":{"@id":"https:\/\/staging.srokafinal.lets-preprod.com\/es\/#organization"},"potentialAction":[{"@type":"SearchAction","target":{"@type":"EntryPoint","urlTemplate":"https:\/\/staging.srokafinal.lets-preprod.com\/es\/?s={search_term_string}"},"query-input":{"@type":"PropertyValueSpecification","valueRequired":true,"valueName":"search_term_string"}}],"inLanguage":"es"},{"@type":"Organization","@id":"https:\/\/staging.srokafinal.lets-preprod.com\/es\/#organization","name":"SROKACOMPANY","alternateName":"SROKA","url":"https:\/\/staging.srokafinal.lets-preprod.com\/es\/","logo":{"@type":"ImageObject","inLanguage":"es","@id":"https:\/\/staging.srokafinal.lets-preprod.com\/es\/#\/schema\/logo\/image\/","url":"https:\/\/staging.srokafinal.lets-preprod.com\/wp-content\/uploads\/2021\/01\/logo-sroka-black-transpa.png","contentUrl":"https:\/\/staging.srokafinal.lets-preprod.com\/wp-content\/uploads\/2021\/01\/logo-sroka-black-transpa.png","width":1201,"height":342,"caption":"SROKACOMPANY"},"image":{"@id":"https:\/\/staging.srokafinal.lets-preprod.com\/es\/#\/schema\/logo\/image\/"},"sameAs":["https:\/\/www.facebook.com\/srokawatersports\/","https:\/\/www.instagram.com\/srokawatersports\/","https:\/\/www.youtube.com\/channel\/UCVLHHeaPIm-J5bdEUgxqtZA"]}]}},"uagb_featured_image_src":{"full":["https:\/\/staging.srokafinal.lets-preprod.com\/wp-content\/uploads\/2017\/04\/footstraps_Twin_tip_SROKA.png",640,640,false],"thumbnail":["https:\/\/staging.srokafinal.lets-preprod.com\/wp-content\/uploads\/2017\/04\/footstraps_Twin_tip_SROKA-150x150.png",150,150,true],"medium":["https:\/\/staging.srokafinal.lets-preprod.com\/wp-content\/uploads\/2017\/04\/footstraps_Twin_tip_SROKA-300x300.png",300,300,true],"medium_large":["https:\/\/staging.srokafinal.lets-preprod.com\/wp-content\/uploads\/2017\/04\/footstraps_Twin_tip_SROKA.png",640,640,false],"large":["https:\/\/staging.srokafinal.lets-preprod.com\/wp-content\/uploads\/2017\/04\/footstraps_Twin_tip_SROKA.png",640,640,false],"1536x1536":["https:\/\/staging.srokafinal.lets-preprod.com\/wp-content\/uploads\/2017\/04\/footstraps_Twin_tip_SROKA.png",640,640,false],"2048x2048":["https:\/\/staging.srokafinal.lets-preprod.com\/wp-content\/uploads\/2017\/04\/footstraps_Twin_tip_SROKA.png",640,640,false],"woocommerce_thumbnail":["https:\/\/staging.srokafinal.lets-preprod.com\/wp-content\/uploads\/2017\/04\/footstraps_Twin_tip_SROKA-600x600.png",600,600,true],"woocommerce_single":["https:\/\/staging.srokafinal.lets-preprod.com\/wp-content\/uploads\/2017\/04\/footstraps_Twin_tip_SROKA-600x600.png",600,600,true],"woocommerce_gallery_thumbnail":["https:\/\/staging.srokafinal.lets-preprod.com\/wp-content\/uploads\/2017\/04\/footstraps_Twin_tip_SROKA-100x100.png",100,100,true]},"uagb_author_info":{"display_name":"matthieumilliot_xd7qukoc","author_link":"https:\/\/staging.srokafinal.lets-preprod.com\/es\/blog\/author\/"},"uagb_comment_info":0,"uagb_excerpt":"Las correas y almohadillas SROKA han sido dise\u00f1adas para dar la m\u00e1xima comodidad a la hora de navegar. Las almohadillas SROKA son unas de las m\u00e1s c\u00f3modas del mercado con su espuma absorbente que guarda el recuerdo de la forma. Asim\u00e9trico, se adapta a ambos pies. La correa de ajuste permite un ajuste ideal y&hellip;","_links":{"self":[{"href":"https:\/\/staging.srokafinal.lets-preprod.com\/es\/wp-json\/wp\/v2\/product\/108275","targetHints":{"allow":["GET"]}}],"collection":[{"href":"https:\/\/staging.srokafinal.lets-preprod.com\/es\/wp-json\/wp\/v2\/product"}],"about":[{"href":"https:\/\/staging.srokafinal.lets-preprod.com\/es\/wp-json\/wp\/v2\/types\/product"}],"wp:featuredmedia":[{"embeddable":true,"href":"https:\/\/staging.srokafinal.lets-preprod.com\/es\/wp-json\/wp\/v2\/media\/108283"}],"wp:attachment":[{"href":"https:\/\/staging.srokafinal.lets-preprod.com\/es\/wp-json\/wp\/v2\/media?parent=108275"}],"wp:term":[{"taxonomy":"product_brand","embeddable":true,"href":"https:\/\/staging.srokafinal.lets-preprod.com\/es\/wp-json\/wp\/v2\/product_brand?post=108275"},{"taxonomy":"product_cat","embeddable":true,"href":"https:\/\/staging.srokafinal.lets-preprod.com\/es\/wp-json\/wp\/v2\/product_cat?post=108275"},{"taxonomy":"product_tag","embeddable":true,"href":"https:\/\/staging.srokafinal.lets-preprod.com\/es\/wp-json\/wp\/v2\/product_tag?post=108275"}],"curies":[{"name":"wp","href":"https:\/\/api.w.org\/{rel}","templated":true}]}}