


{"id":108276,"date":"2018-05-23T09:38:18","date_gmt":"2018-05-23T07:38:18","guid":{"rendered":"https:\/\/srokacompany.com\/produit\/pala-de-aluminio-junior-ajustable\/"},"modified":"2024-05-21T12:33:08","modified_gmt":"2024-05-21T12:33:08","slug":"pala-de-aluminio-junior-ajustable","status":"publish","type":"product","link":"https:\/\/staging.srokafinal.lets-preprod.com\/es\/produit\/pala-de-aluminio-junior-ajustable\/","title":{"rendered":"Pala de aluminio junior ajustable"},"content":{"rendered":"<hr>\n<h2>Remo de aluminio Junior Vario<\/h2>\n<p class=\"font_6\">Flexible y ligera, la <strong>pala de aluminio vario junior<\/strong> es la <a href=\"https:\/\/srokacompany.com\/eshop\/pagaie-paddle-sup\/\">pala hinchable<\/a> ideal para ni\u00f1os de entre 1,20 m y 1,60 m.<\/p>\n<p>Dise\u00f1ado para stand up paddle, el mango de la paleta est\u00e1 hecho de aluminio y la hoja de pl\u00e1stico PVC para garantizar la m\u00e1xima facilidad de uso, solidez pero tambi\u00e9n durabilidad. Perfectamente ergon\u00f3mica, su peque\u00f1a hoja y su reducido di\u00e1metro de mango han sido dise\u00f1ados para adaptarse a las tallas reducidas de los ni\u00f1os. Regulable en altura, esta pala se adapta al tama\u00f1o de los ni\u00f1os y crecer\u00e1 con ellos. Les permitir\u00e1 empezar a remar de pie con suavidad y progresar con el paso de los a\u00f1os.  <span class=\"s1\">Esta pala de aluminio es ajustable de 140cm a 180cm de longitud y su hoja mide 18cm.<\/span><\/p>\n<ul>\n<li>Pala Vario<\/li>\n<li>Espuma flotante<\/li>\n<li>Longitud m\u00e1xima m\u00ednima: 1,40 m &#8211; 1,75 m<\/li>\n<li>Tecnolog\u00eda del mango: Aluminio<\/li>\n<li>Tecnolog\u00eda de la hoja: PVC<\/li>\n<li>Di\u00e1metro del tubo: 2 cm<\/li>\n<li>Peso: 500gr<\/li>\n<\/ul>\n","protected":false},"excerpt":{"rendered":"<p>Remo de aluminio Junior Vario Flexible y ligera, la pala de aluminio vario junior es la pala hinchable ideal para ni\u00f1os de entre 1,20 m y 1,60 m. Dise\u00f1ado para stand up paddle, el mango de la paleta est\u00e1 hecho de aluminio y la hoja de pl\u00e1stico PVC para garantizar la m\u00e1xima facilidad de uso, [&hellip;]<\/p>\n","protected":false},"featured_media":108282,"template":"","meta":{"_acf_changed":false,"_uag_custom_page_level_css":""},"product_brand":[],"product_cat":[2471,2474],"product_tag":[],"class_list":{"0":"post-108276","1":"product","2":"type-product","3":"status-publish","4":"has-post-thumbnail","6":"product_cat-palas-hinchables","7":"product_cat-accesorios-de-padel","8":"product_shipping_class-palas-de-1-y-2-piezas","10":"first","11":"instock","12":"sale","13":"taxable","14":"shipping-taxable","15":"purchasable","16":"product-type-simple"},"acf":[],"yoast_head":"<!-- This site is optimized with the Yoast SEO plugin v25.1 - https:\/\/yoast.com\/wordpress\/plugins\/seo\/ -->\n<title>Pala de aluminio Junior Vario - SROKA Watersports - Empresa<\/title>\n<meta name=\"description\" content=\"Pala Junior Vario de aluminio, ideal para que los ni\u00f1os peque\u00f1os se inicien y progresen con un modelo adecuado. Vario y modelo de aluminio que combina rendimiento y facilidad de uso, todo ello con una excelente relaci\u00f3n calidad-precio.\" \/>\n<meta name=\"robots\" content=\"noindex, follow, max-snippet:-1, max-image-preview:large, max-video-preview:-1\" \/>\n<meta property=\"og:locale\" content=\"es_ES\" \/>\n<meta property=\"og:type\" content=\"article\" \/>\n<meta property=\"og:title\" content=\"Pala de aluminio Junior Vario - SROKA Watersports - Empresa\" \/>\n<meta property=\"og:description\" content=\"Pala Junior Vario de aluminio, ideal para que los ni\u00f1os peque\u00f1os se inicien y progresen con un modelo adecuado. Vario y modelo de aluminio que combina rendimiento y facilidad de uso, todo ello con una excelente relaci\u00f3n calidad-precio.\" \/>\n<meta property=\"og:url\" content=\"https:\/\/staging.srokafinal.lets-preprod.com\/es\/produit\/pala-de-aluminio-junior-ajustable\/\" \/>\n<meta property=\"og:site_name\" content=\"SROKA Company\" \/>\n<meta property=\"article:publisher\" content=\"https:\/\/www.facebook.com\/srokawatersports\/\" \/>\n<meta property=\"article:modified_time\" content=\"2024-05-21T12:33:08+00:00\" \/>\n<meta property=\"og:image\" content=\"https:\/\/staging.srokafinal.lets-preprod.com\/wp-content\/uploads\/2018\/05\/paddle-kids.jpg\" \/>\n\t<meta property=\"og:image:width\" content=\"780\" \/>\n\t<meta property=\"og:image:height\" content=\"1040\" \/>\n\t<meta property=\"og:image:type\" content=\"image\/jpeg\" \/>\n<meta name=\"twitter:label1\" content=\"Tiempo de lectura\" \/>\n\t<meta name=\"twitter:data1\" content=\"1 minuto\" \/>\n<script type=\"application\/ld+json\" class=\"yoast-schema-graph\">{\"@context\":\"https:\/\/schema.org\",\"@graph\":[{\"@type\":\"WebPage\",\"@id\":\"https:\/\/staging.srokafinal.lets-preprod.com\/es\/produit\/pala-de-aluminio-junior-ajustable\/\",\"url\":\"https:\/\/staging.srokafinal.lets-preprod.com\/es\/produit\/pala-de-aluminio-junior-ajustable\/\",\"name\":\"Pala de aluminio Junior Vario - SROKA Watersports - Empresa\",\"isPartOf\":{\"@id\":\"https:\/\/staging.srokafinal.lets-preprod.com\/es\/#website\"},\"primaryImageOfPage\":{\"@id\":\"https:\/\/staging.srokafinal.lets-preprod.com\/es\/produit\/pala-de-aluminio-junior-ajustable\/#primaryimage\"},\"image\":{\"@id\":\"https:\/\/staging.srokafinal.lets-preprod.com\/es\/produit\/pala-de-aluminio-junior-ajustable\/#primaryimage\"},\"thumbnailUrl\":\"https:\/\/staging.srokafinal.lets-preprod.com\/wp-content\/uploads\/2018\/05\/paddle-kids.jpg\",\"datePublished\":\"2018-05-23T07:38:18+00:00\",\"dateModified\":\"2024-05-21T12:33:08+00:00\",\"description\":\"Pala Junior Vario de aluminio, ideal para que los ni\u00f1os peque\u00f1os se inicien y progresen con un modelo adecuado. Vario y modelo de aluminio que combina rendimiento y facilidad de uso, todo ello con una excelente relaci\u00f3n calidad-precio.\",\"breadcrumb\":{\"@id\":\"https:\/\/staging.srokafinal.lets-preprod.com\/es\/produit\/pala-de-aluminio-junior-ajustable\/#breadcrumb\"},\"inLanguage\":\"es\",\"potentialAction\":[{\"@type\":\"ReadAction\",\"target\":[\"https:\/\/staging.srokafinal.lets-preprod.com\/es\/produit\/pala-de-aluminio-junior-ajustable\/\"]}]},{\"@type\":\"ImageObject\",\"inLanguage\":\"es\",\"@id\":\"https:\/\/staging.srokafinal.lets-preprod.com\/es\/produit\/pala-de-aluminio-junior-ajustable\/#primaryimage\",\"url\":\"https:\/\/staging.srokafinal.lets-preprod.com\/wp-content\/uploads\/2018\/05\/paddle-kids.jpg\",\"contentUrl\":\"https:\/\/staging.srokafinal.lets-preprod.com\/wp-content\/uploads\/2018\/05\/paddle-kids.jpg\",\"width\":780,\"height\":1040,\"caption\":\"Pala Vario Aluminium Kids\"},{\"@type\":\"BreadcrumbList\",\"@id\":\"https:\/\/staging.srokafinal.lets-preprod.com\/es\/produit\/pala-de-aluminio-junior-ajustable\/#breadcrumb\",\"itemListElement\":[{\"@type\":\"ListItem\",\"position\":1,\"name\":\"Accueil\",\"item\":\"https:\/\/staging.srokafinal.lets-preprod.com\/es\/\"},{\"@type\":\"ListItem\",\"position\":2,\"name\":\"Boutique\",\"item\":\"https:\/\/staging.srokafinal.lets-preprod.com\/boutique\/\"},{\"@type\":\"ListItem\",\"position\":3,\"name\":\"Pala de aluminio junior ajustable\"}]},{\"@type\":\"WebSite\",\"@id\":\"https:\/\/staging.srokafinal.lets-preprod.com\/es\/#website\",\"url\":\"https:\/\/staging.srokafinal.lets-preprod.com\/es\/\",\"name\":\"SROKA Company\",\"description\":\"SUP, Kite, Foil, Wing\",\"publisher\":{\"@id\":\"https:\/\/staging.srokafinal.lets-preprod.com\/es\/#organization\"},\"potentialAction\":[{\"@type\":\"SearchAction\",\"target\":{\"@type\":\"EntryPoint\",\"urlTemplate\":\"https:\/\/staging.srokafinal.lets-preprod.com\/es\/?s={search_term_string}\"},\"query-input\":{\"@type\":\"PropertyValueSpecification\",\"valueRequired\":true,\"valueName\":\"search_term_string\"}}],\"inLanguage\":\"es\"},{\"@type\":\"Organization\",\"@id\":\"https:\/\/staging.srokafinal.lets-preprod.com\/es\/#organization\",\"name\":\"SROKACOMPANY\",\"alternateName\":\"SROKA\",\"url\":\"https:\/\/staging.srokafinal.lets-preprod.com\/es\/\",\"logo\":{\"@type\":\"ImageObject\",\"inLanguage\":\"es\",\"@id\":\"https:\/\/staging.srokafinal.lets-preprod.com\/es\/#\/schema\/logo\/image\/\",\"url\":\"https:\/\/staging.srokafinal.lets-preprod.com\/wp-content\/uploads\/2021\/01\/logo-sroka-black-transpa.png\",\"contentUrl\":\"https:\/\/staging.srokafinal.lets-preprod.com\/wp-content\/uploads\/2021\/01\/logo-sroka-black-transpa.png\",\"width\":1201,\"height\":342,\"caption\":\"SROKACOMPANY\"},\"image\":{\"@id\":\"https:\/\/staging.srokafinal.lets-preprod.com\/es\/#\/schema\/logo\/image\/\"},\"sameAs\":[\"https:\/\/www.facebook.com\/srokawatersports\/\",\"https:\/\/www.instagram.com\/srokawatersports\/\",\"https:\/\/www.youtube.com\/channel\/UCVLHHeaPIm-J5bdEUgxqtZA\"]}]}<\/script>\n<!-- \/ Yoast SEO plugin. -->","yoast_head_json":{"title":"Pala de aluminio Junior Vario - SROKA Watersports - Empresa","description":"Pala Junior Vario de aluminio, ideal para que los ni\u00f1os peque\u00f1os se inicien y progresen con un modelo adecuado. Vario y modelo de aluminio que combina rendimiento y facilidad de uso, todo ello con una excelente relaci\u00f3n calidad-precio.","robots":{"index":"noindex","follow":"follow","max-snippet":"max-snippet:-1","max-image-preview":"max-image-preview:large","max-video-preview":"max-video-preview:-1"},"og_locale":"es_ES","og_type":"article","og_title":"Pala de aluminio Junior Vario - SROKA Watersports - Empresa","og_description":"Pala Junior Vario de aluminio, ideal para que los ni\u00f1os peque\u00f1os se inicien y progresen con un modelo adecuado. Vario y modelo de aluminio que combina rendimiento y facilidad de uso, todo ello con una excelente relaci\u00f3n calidad-precio.","og_url":"https:\/\/staging.srokafinal.lets-preprod.com\/es\/produit\/pala-de-aluminio-junior-ajustable\/","og_site_name":"SROKA Company","article_publisher":"https:\/\/www.facebook.com\/srokawatersports\/","article_modified_time":"2024-05-21T12:33:08+00:00","og_image":[{"width":780,"height":1040,"url":"https:\/\/staging.srokafinal.lets-preprod.com\/wp-content\/uploads\/2018\/05\/paddle-kids.jpg","type":"image\/jpeg"}],"twitter_misc":{"Tiempo de lectura":"1 minuto"},"schema":{"@context":"https:\/\/schema.org","@graph":[{"@type":"WebPage","@id":"https:\/\/staging.srokafinal.lets-preprod.com\/es\/produit\/pala-de-aluminio-junior-ajustable\/","url":"https:\/\/staging.srokafinal.lets-preprod.com\/es\/produit\/pala-de-aluminio-junior-ajustable\/","name":"Pala de aluminio Junior Vario - SROKA Watersports - Empresa","isPartOf":{"@id":"https:\/\/staging.srokafinal.lets-preprod.com\/es\/#website"},"primaryImageOfPage":{"@id":"https:\/\/staging.srokafinal.lets-preprod.com\/es\/produit\/pala-de-aluminio-junior-ajustable\/#primaryimage"},"image":{"@id":"https:\/\/staging.srokafinal.lets-preprod.com\/es\/produit\/pala-de-aluminio-junior-ajustable\/#primaryimage"},"thumbnailUrl":"https:\/\/staging.srokafinal.lets-preprod.com\/wp-content\/uploads\/2018\/05\/paddle-kids.jpg","datePublished":"2018-05-23T07:38:18+00:00","dateModified":"2024-05-21T12:33:08+00:00","description":"Pala Junior Vario de aluminio, ideal para que los ni\u00f1os peque\u00f1os se inicien y progresen con un modelo adecuado. Vario y modelo de aluminio que combina rendimiento y facilidad de uso, todo ello con una excelente relaci\u00f3n calidad-precio.","breadcrumb":{"@id":"https:\/\/staging.srokafinal.lets-preprod.com\/es\/produit\/pala-de-aluminio-junior-ajustable\/#breadcrumb"},"inLanguage":"es","potentialAction":[{"@type":"ReadAction","target":["https:\/\/staging.srokafinal.lets-preprod.com\/es\/produit\/pala-de-aluminio-junior-ajustable\/"]}]},{"@type":"ImageObject","inLanguage":"es","@id":"https:\/\/staging.srokafinal.lets-preprod.com\/es\/produit\/pala-de-aluminio-junior-ajustable\/#primaryimage","url":"https:\/\/staging.srokafinal.lets-preprod.com\/wp-content\/uploads\/2018\/05\/paddle-kids.jpg","contentUrl":"https:\/\/staging.srokafinal.lets-preprod.com\/wp-content\/uploads\/2018\/05\/paddle-kids.jpg","width":780,"height":1040,"caption":"Pala Vario Aluminium Kids"},{"@type":"BreadcrumbList","@id":"https:\/\/staging.srokafinal.lets-preprod.com\/es\/produit\/pala-de-aluminio-junior-ajustable\/#breadcrumb","itemListElement":[{"@type":"ListItem","position":1,"name":"Accueil","item":"https:\/\/staging.srokafinal.lets-preprod.com\/es\/"},{"@type":"ListItem","position":2,"name":"Boutique","item":"https:\/\/staging.srokafinal.lets-preprod.com\/boutique\/"},{"@type":"ListItem","position":3,"name":"Pala de aluminio junior ajustable"}]},{"@type":"WebSite","@id":"https:\/\/staging.srokafinal.lets-preprod.com\/es\/#website","url":"https:\/\/staging.srokafinal.lets-preprod.com\/es\/","name":"SROKA Company","description":"SUP, Kite, Foil, Wing","publisher":{"@id":"https:\/\/staging.srokafinal.lets-preprod.com\/es\/#organization"},"potentialAction":[{"@type":"SearchAction","target":{"@type":"EntryPoint","urlTemplate":"https:\/\/staging.srokafinal.lets-preprod.com\/es\/?s={search_term_string}"},"query-input":{"@type":"PropertyValueSpecification","valueRequired":true,"valueName":"search_term_string"}}],"inLanguage":"es"},{"@type":"Organization","@id":"https:\/\/staging.srokafinal.lets-preprod.com\/es\/#organization","name":"SROKACOMPANY","alternateName":"SROKA","url":"https:\/\/staging.srokafinal.lets-preprod.com\/es\/","logo":{"@type":"ImageObject","inLanguage":"es","@id":"https:\/\/staging.srokafinal.lets-preprod.com\/es\/#\/schema\/logo\/image\/","url":"https:\/\/staging.srokafinal.lets-preprod.com\/wp-content\/uploads\/2021\/01\/logo-sroka-black-transpa.png","contentUrl":"https:\/\/staging.srokafinal.lets-preprod.com\/wp-content\/uploads\/2021\/01\/logo-sroka-black-transpa.png","width":1201,"height":342,"caption":"SROKACOMPANY"},"image":{"@id":"https:\/\/staging.srokafinal.lets-preprod.com\/es\/#\/schema\/logo\/image\/"},"sameAs":["https:\/\/www.facebook.com\/srokawatersports\/","https:\/\/www.instagram.com\/srokawatersports\/","https:\/\/www.youtube.com\/channel\/UCVLHHeaPIm-J5bdEUgxqtZA"]}]}},"uagb_featured_image_src":{"full":["https:\/\/staging.srokafinal.lets-preprod.com\/wp-content\/uploads\/2018\/05\/paddle-kids.jpg",780,1040,false],"thumbnail":["https:\/\/staging.srokafinal.lets-preprod.com\/wp-content\/uploads\/2018\/05\/paddle-kids-150x150.jpg",150,150,true],"medium":["https:\/\/staging.srokafinal.lets-preprod.com\/wp-content\/uploads\/2018\/05\/paddle-kids-225x300.jpg",225,300,true],"medium_large":["https:\/\/staging.srokafinal.lets-preprod.com\/wp-content\/uploads\/2018\/05\/paddle-kids-768x1024.jpg",768,1024,true],"large":["https:\/\/staging.srokafinal.lets-preprod.com\/wp-content\/uploads\/2018\/05\/paddle-kids-768x1024.jpg",768,1024,true],"1536x1536":["https:\/\/staging.srokafinal.lets-preprod.com\/wp-content\/uploads\/2018\/05\/paddle-kids.jpg",780,1040,false],"2048x2048":["https:\/\/staging.srokafinal.lets-preprod.com\/wp-content\/uploads\/2018\/05\/paddle-kids.jpg",780,1040,false],"woocommerce_thumbnail":["https:\/\/staging.srokafinal.lets-preprod.com\/wp-content\/uploads\/2018\/05\/paddle-kids-600x800.jpg",600,800,true],"woocommerce_single":["https:\/\/staging.srokafinal.lets-preprod.com\/wp-content\/uploads\/2018\/05\/paddle-kids-600x800.jpg",600,800,true],"woocommerce_gallery_thumbnail":["https:\/\/staging.srokafinal.lets-preprod.com\/wp-content\/uploads\/2018\/05\/paddle-kids-100x100.jpg",100,100,true]},"uagb_author_info":{"display_name":"Audrey Triquenaux","author_link":"https:\/\/staging.srokafinal.lets-preprod.com\/es\/blog\/author\/"},"uagb_comment_info":0,"uagb_excerpt":"Remo de aluminio Junior Vario Flexible y ligera, la pala de aluminio vario junior es la pala hinchable ideal para ni\u00f1os de entre 1,20 m y 1,60 m. Dise\u00f1ado para stand up paddle, el mango de la paleta est\u00e1 hecho de aluminio y la hoja de pl\u00e1stico PVC para garantizar la m\u00e1xima facilidad de uso,&hellip;","_links":{"self":[{"href":"https:\/\/staging.srokafinal.lets-preprod.com\/es\/wp-json\/wp\/v2\/product\/108276","targetHints":{"allow":["GET"]}}],"collection":[{"href":"https:\/\/staging.srokafinal.lets-preprod.com\/es\/wp-json\/wp\/v2\/product"}],"about":[{"href":"https:\/\/staging.srokafinal.lets-preprod.com\/es\/wp-json\/wp\/v2\/types\/product"}],"wp:featuredmedia":[{"embeddable":true,"href":"https:\/\/staging.srokafinal.lets-preprod.com\/es\/wp-json\/wp\/v2\/media\/108282"}],"wp:attachment":[{"href":"https:\/\/staging.srokafinal.lets-preprod.com\/es\/wp-json\/wp\/v2\/media?parent=108276"}],"wp:term":[{"taxonomy":"product_brand","embeddable":true,"href":"https:\/\/staging.srokafinal.lets-preprod.com\/es\/wp-json\/wp\/v2\/product_brand?post=108276"},{"taxonomy":"product_cat","embeddable":true,"href":"https:\/\/staging.srokafinal.lets-preprod.com\/es\/wp-json\/wp\/v2\/product_cat?post=108276"},{"taxonomy":"product_tag","embeddable":true,"href":"https:\/\/staging.srokafinal.lets-preprod.com\/es\/wp-json\/wp\/v2\/product_tag?post=108276"}],"curies":[{"name":"wp","href":"https:\/\/api.w.org\/{rel}","templated":true}]}}