


{"id":108279,"date":"2018-10-31T13:49:31","date_gmt":"2018-10-31T11:49:31","guid":{"rendered":"https:\/\/srokacompany.com\/produit\/funda-protectora-para-kitefoil-montado\/"},"modified":"2024-05-21T12:33:07","modified_gmt":"2024-05-21T12:33:07","slug":"funda-protectora-para-kitefoil-montado","status":"publish","type":"product","link":"https:\/\/staging.srokafinal.lets-preprod.com\/es\/produit\/funda-protectora-para-kitefoil-montado\/","title":{"rendered":"Funda protectora para kitefoil montado"},"content":{"rendered":"<hr>\n<h2><strong>FUNDA PROTECTORA PARA KITEFOIL MONTADA<\/strong><\/h2>\n<p>Para proteger su l\u00e1mina montada en avi\u00f3n en el lugar, esta funda le ofrece los materiales que su l\u00e1mina se merece. Su construcci\u00f3n robusta est\u00e1 dise\u00f1ada para absorber los golpes y evita que el material se sobrecaliente al sol gracias a su acolchado y superficie reflectante.<\/p>\n<p><a href=\"https:\/\/srokacompany.com\/caracteristiques-techniques-des-ailes-de-foil-sroka\/\">Las dimensiones de las alas de l\u00e1mina est\u00e1n disponibles aqu\u00ed.  <\/a><\/p>\n<p>Esta funda es compatible con todas las cometas kitefoil excepto la<a href=\"https:\/\/srokacompany.com\/produit\/pack-ailettes-k-foil-k950-xxl-stabilisateur\/\"> K950<\/a>. Para este, use la <a href=\"https:\/\/srokacompany.com\/produit\/housse-de-protection-pour-windfoil-assemble\/\">cubierta Wind Foil disponible en este enlace.<\/a><\/p>\n","protected":false},"excerpt":{"rendered":"<p>FUNDA PROTECTORA PARA KITEFOIL MONTADA Para proteger su l\u00e1mina montada en avi\u00f3n en el lugar, esta funda le ofrece los materiales que su l\u00e1mina se merece. Su construcci\u00f3n robusta est\u00e1 dise\u00f1ada para absorber los golpes y evita que el material se sobrecaliente al sol gracias a su acolchado y superficie reflectante. Las dimensiones de las [&hellip;]<\/p>\n","protected":false},"featured_media":108302,"template":"","meta":{"_acf_changed":false,"_uag_custom_page_level_css":""},"product_brand":[],"product_cat":[3161],"product_tag":[],"class_list":{"0":"post-108279","1":"product","2":"type-product","3":"status-publish","4":"has-post-thumbnail","6":"product_cat-gama-uha-downwind","8":"first","9":"outofstock","10":"taxable","11":"shipping-taxable","12":"purchasable","13":"product-type-simple"},"acf":[],"yoast_head":"<!-- This site is optimized with the Yoast SEO plugin v25.1 - https:\/\/yoast.com\/wordpress\/plugins\/seo\/ -->\n<title>Funda protectora para kitefoil montado - SROKA Company<\/title>\n<meta name=\"description\" content=\"La funda protectora kitefoil montada es esencial para tus viajes. \u00a1Protege tu avi\u00f3n y simplifica tu vida en el acto!\" \/>\n<meta name=\"robots\" content=\"noindex, follow, max-snippet:-1, max-image-preview:large, max-video-preview:-1\" \/>\n<meta property=\"og:locale\" content=\"es_ES\" \/>\n<meta property=\"og:type\" content=\"article\" \/>\n<meta property=\"og:title\" content=\"Funda protectora para kitefoil montado - SROKA Company\" \/>\n<meta property=\"og:description\" content=\"La funda protectora kitefoil montada es esencial para tus viajes. \u00a1Protege tu avi\u00f3n y simplifica tu vida en el acto!\" \/>\n<meta property=\"og:url\" content=\"https:\/\/staging.srokafinal.lets-preprod.com\/es\/produit\/funda-protectora-para-kitefoil-montado\/\" \/>\n<meta property=\"og:site_name\" content=\"SROKA Company\" \/>\n<meta property=\"article:publisher\" content=\"https:\/\/www.facebook.com\/srokawatersports\/\" \/>\n<meta property=\"article:modified_time\" content=\"2024-05-21T12:33:07+00:00\" \/>\n<meta property=\"og:image\" content=\"https:\/\/staging.srokafinal.lets-preprod.com\/wp-content\/uploads\/2018\/10\/kitefoil-housse-sroka-2.jpg\" \/>\n\t<meta property=\"og:image:width\" content=\"780\" \/>\n\t<meta property=\"og:image:height\" content=\"1040\" \/>\n\t<meta property=\"og:image:type\" content=\"image\/jpeg\" \/>\n<script type=\"application\/ld+json\" class=\"yoast-schema-graph\">{\"@context\":\"https:\/\/schema.org\",\"@graph\":[{\"@type\":\"WebPage\",\"@id\":\"https:\/\/staging.srokafinal.lets-preprod.com\/es\/produit\/funda-protectora-para-kitefoil-montado\/\",\"url\":\"https:\/\/staging.srokafinal.lets-preprod.com\/es\/produit\/funda-protectora-para-kitefoil-montado\/\",\"name\":\"Funda protectora para kitefoil montado - SROKA Company\",\"isPartOf\":{\"@id\":\"https:\/\/staging.srokafinal.lets-preprod.com\/es\/#website\"},\"primaryImageOfPage\":{\"@id\":\"https:\/\/staging.srokafinal.lets-preprod.com\/es\/produit\/funda-protectora-para-kitefoil-montado\/#primaryimage\"},\"image\":{\"@id\":\"https:\/\/staging.srokafinal.lets-preprod.com\/es\/produit\/funda-protectora-para-kitefoil-montado\/#primaryimage\"},\"thumbnailUrl\":\"https:\/\/staging.srokafinal.lets-preprod.com\/wp-content\/uploads\/2018\/10\/kitefoil-housse-sroka-2.jpg\",\"datePublished\":\"2018-10-31T11:49:31+00:00\",\"dateModified\":\"2024-05-21T12:33:07+00:00\",\"description\":\"La funda protectora kitefoil montada es esencial para tus viajes. \u00a1Protege tu avi\u00f3n y simplifica tu vida en el acto!\",\"breadcrumb\":{\"@id\":\"https:\/\/staging.srokafinal.lets-preprod.com\/es\/produit\/funda-protectora-para-kitefoil-montado\/#breadcrumb\"},\"inLanguage\":\"es\",\"potentialAction\":[{\"@type\":\"ReadAction\",\"target\":[\"https:\/\/staging.srokafinal.lets-preprod.com\/es\/produit\/funda-protectora-para-kitefoil-montado\/\"]}]},{\"@type\":\"ImageObject\",\"inLanguage\":\"es\",\"@id\":\"https:\/\/staging.srokafinal.lets-preprod.com\/es\/produit\/funda-protectora-para-kitefoil-montado\/#primaryimage\",\"url\":\"https:\/\/staging.srokafinal.lets-preprod.com\/wp-content\/uploads\/2018\/10\/kitefoil-housse-sroka-2.jpg\",\"contentUrl\":\"https:\/\/staging.srokafinal.lets-preprod.com\/wp-content\/uploads\/2018\/10\/kitefoil-housse-sroka-2.jpg\",\"width\":780,\"height\":1040,\"caption\":\"Esta funda protectora te permite transportar tu kitefoil montado. Ayuda a proteger el aler\u00f3n delantero, el fuselaje y el estabilizador mientras est\u00e1 en movimiento. El lado plateado evita que la l\u00e1mina se caliente demasiado cuando la l\u00e1mina permanece al sol.\"},{\"@type\":\"BreadcrumbList\",\"@id\":\"https:\/\/staging.srokafinal.lets-preprod.com\/es\/produit\/funda-protectora-para-kitefoil-montado\/#breadcrumb\",\"itemListElement\":[{\"@type\":\"ListItem\",\"position\":1,\"name\":\"Accueil\",\"item\":\"https:\/\/staging.srokafinal.lets-preprod.com\/es\/\"},{\"@type\":\"ListItem\",\"position\":2,\"name\":\"Boutique\",\"item\":\"https:\/\/staging.srokafinal.lets-preprod.com\/boutique\/\"},{\"@type\":\"ListItem\",\"position\":3,\"name\":\"Funda protectora para kitefoil montado\"}]},{\"@type\":\"WebSite\",\"@id\":\"https:\/\/staging.srokafinal.lets-preprod.com\/es\/#website\",\"url\":\"https:\/\/staging.srokafinal.lets-preprod.com\/es\/\",\"name\":\"SROKA Company\",\"description\":\"SUP, Kite, Foil, Wing\",\"publisher\":{\"@id\":\"https:\/\/staging.srokafinal.lets-preprod.com\/es\/#organization\"},\"potentialAction\":[{\"@type\":\"SearchAction\",\"target\":{\"@type\":\"EntryPoint\",\"urlTemplate\":\"https:\/\/staging.srokafinal.lets-preprod.com\/es\/?s={search_term_string}\"},\"query-input\":{\"@type\":\"PropertyValueSpecification\",\"valueRequired\":true,\"valueName\":\"search_term_string\"}}],\"inLanguage\":\"es\"},{\"@type\":\"Organization\",\"@id\":\"https:\/\/staging.srokafinal.lets-preprod.com\/es\/#organization\",\"name\":\"SROKACOMPANY\",\"alternateName\":\"SROKA\",\"url\":\"https:\/\/staging.srokafinal.lets-preprod.com\/es\/\",\"logo\":{\"@type\":\"ImageObject\",\"inLanguage\":\"es\",\"@id\":\"https:\/\/staging.srokafinal.lets-preprod.com\/es\/#\/schema\/logo\/image\/\",\"url\":\"https:\/\/staging.srokafinal.lets-preprod.com\/wp-content\/uploads\/2021\/01\/logo-sroka-black-transpa.png\",\"contentUrl\":\"https:\/\/staging.srokafinal.lets-preprod.com\/wp-content\/uploads\/2021\/01\/logo-sroka-black-transpa.png\",\"width\":1201,\"height\":342,\"caption\":\"SROKACOMPANY\"},\"image\":{\"@id\":\"https:\/\/staging.srokafinal.lets-preprod.com\/es\/#\/schema\/logo\/image\/\"},\"sameAs\":[\"https:\/\/www.facebook.com\/srokawatersports\/\",\"https:\/\/www.instagram.com\/srokawatersports\/\",\"https:\/\/www.youtube.com\/channel\/UCVLHHeaPIm-J5bdEUgxqtZA\"]}]}<\/script>\n<!-- \/ Yoast SEO plugin. -->","yoast_head_json":{"title":"Funda protectora para kitefoil montado - SROKA Company","description":"La funda protectora kitefoil montada es esencial para tus viajes. \u00a1Protege tu avi\u00f3n y simplifica tu vida en el acto!","robots":{"index":"noindex","follow":"follow","max-snippet":"max-snippet:-1","max-image-preview":"max-image-preview:large","max-video-preview":"max-video-preview:-1"},"og_locale":"es_ES","og_type":"article","og_title":"Funda protectora para kitefoil montado - SROKA Company","og_description":"La funda protectora kitefoil montada es esencial para tus viajes. \u00a1Protege tu avi\u00f3n y simplifica tu vida en el acto!","og_url":"https:\/\/staging.srokafinal.lets-preprod.com\/es\/produit\/funda-protectora-para-kitefoil-montado\/","og_site_name":"SROKA Company","article_publisher":"https:\/\/www.facebook.com\/srokawatersports\/","article_modified_time":"2024-05-21T12:33:07+00:00","og_image":[{"width":780,"height":1040,"url":"https:\/\/staging.srokafinal.lets-preprod.com\/wp-content\/uploads\/2018\/10\/kitefoil-housse-sroka-2.jpg","type":"image\/jpeg"}],"schema":{"@context":"https:\/\/schema.org","@graph":[{"@type":"WebPage","@id":"https:\/\/staging.srokafinal.lets-preprod.com\/es\/produit\/funda-protectora-para-kitefoil-montado\/","url":"https:\/\/staging.srokafinal.lets-preprod.com\/es\/produit\/funda-protectora-para-kitefoil-montado\/","name":"Funda protectora para kitefoil montado - SROKA Company","isPartOf":{"@id":"https:\/\/staging.srokafinal.lets-preprod.com\/es\/#website"},"primaryImageOfPage":{"@id":"https:\/\/staging.srokafinal.lets-preprod.com\/es\/produit\/funda-protectora-para-kitefoil-montado\/#primaryimage"},"image":{"@id":"https:\/\/staging.srokafinal.lets-preprod.com\/es\/produit\/funda-protectora-para-kitefoil-montado\/#primaryimage"},"thumbnailUrl":"https:\/\/staging.srokafinal.lets-preprod.com\/wp-content\/uploads\/2018\/10\/kitefoil-housse-sroka-2.jpg","datePublished":"2018-10-31T11:49:31+00:00","dateModified":"2024-05-21T12:33:07+00:00","description":"La funda protectora kitefoil montada es esencial para tus viajes. \u00a1Protege tu avi\u00f3n y simplifica tu vida en el acto!","breadcrumb":{"@id":"https:\/\/staging.srokafinal.lets-preprod.com\/es\/produit\/funda-protectora-para-kitefoil-montado\/#breadcrumb"},"inLanguage":"es","potentialAction":[{"@type":"ReadAction","target":["https:\/\/staging.srokafinal.lets-preprod.com\/es\/produit\/funda-protectora-para-kitefoil-montado\/"]}]},{"@type":"ImageObject","inLanguage":"es","@id":"https:\/\/staging.srokafinal.lets-preprod.com\/es\/produit\/funda-protectora-para-kitefoil-montado\/#primaryimage","url":"https:\/\/staging.srokafinal.lets-preprod.com\/wp-content\/uploads\/2018\/10\/kitefoil-housse-sroka-2.jpg","contentUrl":"https:\/\/staging.srokafinal.lets-preprod.com\/wp-content\/uploads\/2018\/10\/kitefoil-housse-sroka-2.jpg","width":780,"height":1040,"caption":"Esta funda protectora te permite transportar tu kitefoil montado. Ayuda a proteger el aler\u00f3n delantero, el fuselaje y el estabilizador mientras est\u00e1 en movimiento. El lado plateado evita que la l\u00e1mina se caliente demasiado cuando la l\u00e1mina permanece al sol."},{"@type":"BreadcrumbList","@id":"https:\/\/staging.srokafinal.lets-preprod.com\/es\/produit\/funda-protectora-para-kitefoil-montado\/#breadcrumb","itemListElement":[{"@type":"ListItem","position":1,"name":"Accueil","item":"https:\/\/staging.srokafinal.lets-preprod.com\/es\/"},{"@type":"ListItem","position":2,"name":"Boutique","item":"https:\/\/staging.srokafinal.lets-preprod.com\/boutique\/"},{"@type":"ListItem","position":3,"name":"Funda protectora para kitefoil montado"}]},{"@type":"WebSite","@id":"https:\/\/staging.srokafinal.lets-preprod.com\/es\/#website","url":"https:\/\/staging.srokafinal.lets-preprod.com\/es\/","name":"SROKA Company","description":"SUP, Kite, Foil, Wing","publisher":{"@id":"https:\/\/staging.srokafinal.lets-preprod.com\/es\/#organization"},"potentialAction":[{"@type":"SearchAction","target":{"@type":"EntryPoint","urlTemplate":"https:\/\/staging.srokafinal.lets-preprod.com\/es\/?s={search_term_string}"},"query-input":{"@type":"PropertyValueSpecification","valueRequired":true,"valueName":"search_term_string"}}],"inLanguage":"es"},{"@type":"Organization","@id":"https:\/\/staging.srokafinal.lets-preprod.com\/es\/#organization","name":"SROKACOMPANY","alternateName":"SROKA","url":"https:\/\/staging.srokafinal.lets-preprod.com\/es\/","logo":{"@type":"ImageObject","inLanguage":"es","@id":"https:\/\/staging.srokafinal.lets-preprod.com\/es\/#\/schema\/logo\/image\/","url":"https:\/\/staging.srokafinal.lets-preprod.com\/wp-content\/uploads\/2021\/01\/logo-sroka-black-transpa.png","contentUrl":"https:\/\/staging.srokafinal.lets-preprod.com\/wp-content\/uploads\/2021\/01\/logo-sroka-black-transpa.png","width":1201,"height":342,"caption":"SROKACOMPANY"},"image":{"@id":"https:\/\/staging.srokafinal.lets-preprod.com\/es\/#\/schema\/logo\/image\/"},"sameAs":["https:\/\/www.facebook.com\/srokawatersports\/","https:\/\/www.instagram.com\/srokawatersports\/","https:\/\/www.youtube.com\/channel\/UCVLHHeaPIm-J5bdEUgxqtZA"]}]}},"uagb_featured_image_src":{"full":["https:\/\/staging.srokafinal.lets-preprod.com\/wp-content\/uploads\/2018\/10\/kitefoil-housse-sroka-2.jpg",780,1040,false],"thumbnail":["https:\/\/staging.srokafinal.lets-preprod.com\/wp-content\/uploads\/2018\/10\/kitefoil-housse-sroka-2-150x150.jpg",150,150,true],"medium":["https:\/\/staging.srokafinal.lets-preprod.com\/wp-content\/uploads\/2018\/10\/kitefoil-housse-sroka-2-225x300.jpg",225,300,true],"medium_large":["https:\/\/staging.srokafinal.lets-preprod.com\/wp-content\/uploads\/2018\/10\/kitefoil-housse-sroka-2-768x1024.jpg",768,1024,true],"large":["https:\/\/staging.srokafinal.lets-preprod.com\/wp-content\/uploads\/2018\/10\/kitefoil-housse-sroka-2-768x1024.jpg",768,1024,true],"1536x1536":["https:\/\/staging.srokafinal.lets-preprod.com\/wp-content\/uploads\/2018\/10\/kitefoil-housse-sroka-2.jpg",780,1040,false],"2048x2048":["https:\/\/staging.srokafinal.lets-preprod.com\/wp-content\/uploads\/2018\/10\/kitefoil-housse-sroka-2.jpg",780,1040,false],"woocommerce_thumbnail":["https:\/\/staging.srokafinal.lets-preprod.com\/wp-content\/uploads\/2018\/10\/kitefoil-housse-sroka-2-600x800.jpg",600,800,true],"woocommerce_single":["https:\/\/staging.srokafinal.lets-preprod.com\/wp-content\/uploads\/2018\/10\/kitefoil-housse-sroka-2-600x800.jpg",600,800,true],"woocommerce_gallery_thumbnail":["https:\/\/staging.srokafinal.lets-preprod.com\/wp-content\/uploads\/2018\/10\/kitefoil-housse-sroka-2-100x100.jpg",100,100,true]},"uagb_author_info":{"display_name":"Audrey Triquenaux","author_link":"https:\/\/staging.srokafinal.lets-preprod.com\/es\/blog\/author\/"},"uagb_comment_info":0,"uagb_excerpt":"FUNDA PROTECTORA PARA KITEFOIL MONTADA Para proteger su l\u00e1mina montada en avi\u00f3n en el lugar, esta funda le ofrece los materiales que su l\u00e1mina se merece. Su construcci\u00f3n robusta est\u00e1 dise\u00f1ada para absorber los golpes y evita que el material se sobrecaliente al sol gracias a su acolchado y superficie reflectante. Las dimensiones de las&hellip;","_links":{"self":[{"href":"https:\/\/staging.srokafinal.lets-preprod.com\/es\/wp-json\/wp\/v2\/product\/108279","targetHints":{"allow":["GET"]}}],"collection":[{"href":"https:\/\/staging.srokafinal.lets-preprod.com\/es\/wp-json\/wp\/v2\/product"}],"about":[{"href":"https:\/\/staging.srokafinal.lets-preprod.com\/es\/wp-json\/wp\/v2\/types\/product"}],"wp:featuredmedia":[{"embeddable":true,"href":"https:\/\/staging.srokafinal.lets-preprod.com\/es\/wp-json\/wp\/v2\/media\/108302"}],"wp:attachment":[{"href":"https:\/\/staging.srokafinal.lets-preprod.com\/es\/wp-json\/wp\/v2\/media?parent=108279"}],"wp:term":[{"taxonomy":"product_brand","embeddable":true,"href":"https:\/\/staging.srokafinal.lets-preprod.com\/es\/wp-json\/wp\/v2\/product_brand?post=108279"},{"taxonomy":"product_cat","embeddable":true,"href":"https:\/\/staging.srokafinal.lets-preprod.com\/es\/wp-json\/wp\/v2\/product_cat?post=108279"},{"taxonomy":"product_tag","embeddable":true,"href":"https:\/\/staging.srokafinal.lets-preprod.com\/es\/wp-json\/wp\/v2\/product_tag?post=108279"}],"curies":[{"name":"wp","href":"https:\/\/api.w.org\/{rel}","templated":true}]}}