


{"id":108315,"date":"2018-05-23T10:49:01","date_gmt":"2018-05-23T08:49:01","guid":{"rendered":"https:\/\/srokacompany.com\/produit\/barra-de-cometa-universal\/"},"modified":"2024-12-03T09:29:52","modified_gmt":"2024-12-03T09:29:52","slug":"barra-de-cometa-universal","status":"publish","type":"product","link":"https:\/\/staging.srokafinal.lets-preprod.com\/es\/produit\/barra-de-cometa-universal\/","title":{"rendered":"Barra de cometa universal"},"content":{"rendered":"<hr>\n<h1><strong>Barra de cometa universal SROKA<\/strong><\/h1>\n<p class=\"p1\"><span class=\"s1\">La <strong>SROKA Universal Kite Bar<\/strong> est\u00e1 lista para navegar con muchas cometas en el mercado. <\/span><span class=\"s1\">Las 4 l\u00edneas son de igual tama\u00f1o lo que le permite adaptarse a casi todas las cometas del mercado. <\/span><span class=\"s1\"><strong>La barra de kite Universal<\/strong> es perfecta para el freeride. <\/span> <span class=\"s1\">Disponemos de dos tama\u00f1os de barra de kite: 50 cm y 55 cm, lo que te permite elegir el mejor compromiso en funci\u00f3n del tama\u00f1o de la cometa. Los 55 cm se adaptar\u00e1n perfectamente a cometas de m\u00e1s de 11 m2 y la barra de 50 cm te permitir\u00e1 navegar con todas las cometas de menos de 11 m2.<\/span><\/p>\n<p class=\"p1\"><span class=\"s1\">Las l\u00edneas traseras est\u00e1n protegidas por espumas de neopreno reforzadas alrededor del tim\u00f3n, lo que garantiza una gran comodidad a la hora de navegar, tiene un buen agarre bajo el agua y evita que las l\u00edneas se enreden bajo el agua. Incluso en kiteloops, las espumas de la parte trasera proteger\u00e1n tus dedos por ti<span class=\"Apple-converted-space\">  <\/span>Evite pellizcarlos si toma el tim\u00f3n en una &#8220;ca\u00f1a de pescar&#8221;. Facilidad, comodidad, ergonom\u00eda y eficiencia describen a la perfecci\u00f3n esta barra de kitesurf universal SROKA<\/span><\/p>\n<ul>\n<li>Longitud de la barra: 2 tama\u00f1os: 50 cm y 55 cm<\/li>\n<li>Centro de barra de acero inoxidable<\/li>\n<li>Tubos de aluminio T6061<\/li>\n<li><strong>Correa de ala<\/strong><\/li>\n<\/ul>\n<p>Esta barra de kite universal se combina perfectamente con <a href=\"https:\/\/srokacompany.com\/produit\/kite-ouesk\/\">las cometas Ouesk SROKA<\/a><\/p>\n<p>&nbsp;<\/p>\n","protected":false},"excerpt":{"rendered":"<p>Barra de cometa universal SROKA La SROKA Universal Kite Bar est\u00e1 lista para navegar con muchas cometas en el mercado. Las 4 l\u00edneas son de igual tama\u00f1o lo que le permite adaptarse a casi todas las cometas del mercado. La barra de kite Universal es perfecta para el freeride. Disponemos de dos tama\u00f1os de barra [&hellip;]<\/p>\n","protected":false},"featured_media":108333,"template":"","meta":{"_acf_changed":false,"_uag_custom_page_level_css":""},"product_brand":[],"product_cat":[2485],"product_tag":[],"class_list":{"0":"post-108315","1":"product","2":"type-product","3":"status-publish","4":"has-post-thumbnail","6":"product_cat-ofertas","7":"pa_barre-50-cm","8":"pa_barre-55cm","10":"first","11":"instock","12":"sale","13":"taxable","14":"shipping-taxable","15":"purchasable","16":"product-type-variable"},"acf":[],"yoast_head":"<!-- This site is optimized with the Yoast SEO plugin v25.1 - https:\/\/yoast.com\/wordpress\/plugins\/seo\/ -->\n<title>Barra de Kite Universal - SROKA Watersports - Empresa<\/title>\n<meta name=\"description\" content=\"La barra de cometa universal SROKa te permitir\u00e1 conectarte a casi todas las cometas de la cometa. Est\u00e1 disponible en 2 tama\u00f1os, 50cm y 55cm.\" \/>\n<meta name=\"robots\" content=\"noindex, follow, max-snippet:-1, max-image-preview:large, max-video-preview:-1\" \/>\n<meta property=\"og:locale\" content=\"es_ES\" \/>\n<meta property=\"og:type\" content=\"article\" \/>\n<meta property=\"og:title\" content=\"Barra de Kite Universal - SROKA Watersports - Empresa\" \/>\n<meta property=\"og:description\" content=\"La barra de cometa universal SROKa te permitir\u00e1 conectarte a casi todas las cometas de la cometa. Est\u00e1 disponible en 2 tama\u00f1os, 50cm y 55cm.\" \/>\n<meta property=\"og:url\" content=\"https:\/\/staging.srokafinal.lets-preprod.com\/es\/produit\/barra-de-cometa-universal\/\" \/>\n<meta property=\"og:site_name\" content=\"SROKA Company\" \/>\n<meta property=\"article:publisher\" content=\"https:\/\/www.facebook.com\/srokawatersports\/\" \/>\n<meta property=\"article:modified_time\" content=\"2024-12-03T09:29:52+00:00\" \/>\n<meta property=\"og:image\" content=\"https:\/\/staging.srokafinal.lets-preprod.com\/wp-content\/uploads\/2018\/05\/Kite-bar05.jpg\" \/>\n\t<meta property=\"og:image:width\" content=\"780\" \/>\n\t<meta property=\"og:image:height\" content=\"1040\" \/>\n\t<meta property=\"og:image:type\" content=\"image\/jpeg\" \/>\n<meta name=\"twitter:label1\" content=\"Tiempo de lectura\" \/>\n\t<meta name=\"twitter:data1\" content=\"1 minuto\" \/>\n<script type=\"application\/ld+json\" class=\"yoast-schema-graph\">{\"@context\":\"https:\/\/schema.org\",\"@graph\":[{\"@type\":\"WebPage\",\"@id\":\"https:\/\/staging.srokafinal.lets-preprod.com\/es\/produit\/barra-de-cometa-universal\/\",\"url\":\"https:\/\/staging.srokafinal.lets-preprod.com\/es\/produit\/barra-de-cometa-universal\/\",\"name\":\"Barra de Kite Universal - SROKA Watersports - Empresa\",\"isPartOf\":{\"@id\":\"https:\/\/staging.srokafinal.lets-preprod.com\/es\/#website\"},\"primaryImageOfPage\":{\"@id\":\"https:\/\/staging.srokafinal.lets-preprod.com\/es\/produit\/barra-de-cometa-universal\/#primaryimage\"},\"image\":{\"@id\":\"https:\/\/staging.srokafinal.lets-preprod.com\/es\/produit\/barra-de-cometa-universal\/#primaryimage\"},\"thumbnailUrl\":\"https:\/\/staging.srokafinal.lets-preprod.com\/wp-content\/uploads\/2018\/05\/Kite-bar05.jpg\",\"datePublished\":\"2018-05-23T08:49:01+00:00\",\"dateModified\":\"2024-12-03T09:29:52+00:00\",\"description\":\"La barra de cometa universal SROKa te permitir\u00e1 conectarte a casi todas las cometas de la cometa. Est\u00e1 disponible en 2 tama\u00f1os, 50cm y 55cm.\",\"breadcrumb\":{\"@id\":\"https:\/\/staging.srokafinal.lets-preprod.com\/es\/produit\/barra-de-cometa-universal\/#breadcrumb\"},\"inLanguage\":\"es\",\"potentialAction\":[{\"@type\":\"ReadAction\",\"target\":[\"https:\/\/staging.srokafinal.lets-preprod.com\/es\/produit\/barra-de-cometa-universal\/\"]}]},{\"@type\":\"ImageObject\",\"inLanguage\":\"es\",\"@id\":\"https:\/\/staging.srokafinal.lets-preprod.com\/es\/produit\/barra-de-cometa-universal\/#primaryimage\",\"url\":\"https:\/\/staging.srokafinal.lets-preprod.com\/wp-content\/uploads\/2018\/05\/Kite-bar05.jpg\",\"contentUrl\":\"https:\/\/staging.srokafinal.lets-preprod.com\/wp-content\/uploads\/2018\/05\/Kite-bar05.jpg\",\"width\":780,\"height\":1040,\"caption\":\"Una barra de kite universal sencilla, s\u00f3lida y ergon\u00f3mica\"},{\"@type\":\"BreadcrumbList\",\"@id\":\"https:\/\/staging.srokafinal.lets-preprod.com\/es\/produit\/barra-de-cometa-universal\/#breadcrumb\",\"itemListElement\":[{\"@type\":\"ListItem\",\"position\":1,\"name\":\"Accueil\",\"item\":\"https:\/\/staging.srokafinal.lets-preprod.com\/es\/\"},{\"@type\":\"ListItem\",\"position\":2,\"name\":\"Boutique\",\"item\":\"https:\/\/staging.srokafinal.lets-preprod.com\/boutique\/\"},{\"@type\":\"ListItem\",\"position\":3,\"name\":\"Barra de cometa universal\"}]},{\"@type\":\"WebSite\",\"@id\":\"https:\/\/staging.srokafinal.lets-preprod.com\/es\/#website\",\"url\":\"https:\/\/staging.srokafinal.lets-preprod.com\/es\/\",\"name\":\"SROKA Company\",\"description\":\"SUP, Kite, Foil, Wing\",\"publisher\":{\"@id\":\"https:\/\/staging.srokafinal.lets-preprod.com\/es\/#organization\"},\"potentialAction\":[{\"@type\":\"SearchAction\",\"target\":{\"@type\":\"EntryPoint\",\"urlTemplate\":\"https:\/\/staging.srokafinal.lets-preprod.com\/es\/?s={search_term_string}\"},\"query-input\":{\"@type\":\"PropertyValueSpecification\",\"valueRequired\":true,\"valueName\":\"search_term_string\"}}],\"inLanguage\":\"es\"},{\"@type\":\"Organization\",\"@id\":\"https:\/\/staging.srokafinal.lets-preprod.com\/es\/#organization\",\"name\":\"SROKACOMPANY\",\"alternateName\":\"SROKA\",\"url\":\"https:\/\/staging.srokafinal.lets-preprod.com\/es\/\",\"logo\":{\"@type\":\"ImageObject\",\"inLanguage\":\"es\",\"@id\":\"https:\/\/staging.srokafinal.lets-preprod.com\/es\/#\/schema\/logo\/image\/\",\"url\":\"https:\/\/staging.srokafinal.lets-preprod.com\/wp-content\/uploads\/2021\/01\/logo-sroka-black-transpa.png\",\"contentUrl\":\"https:\/\/staging.srokafinal.lets-preprod.com\/wp-content\/uploads\/2021\/01\/logo-sroka-black-transpa.png\",\"width\":1201,\"height\":342,\"caption\":\"SROKACOMPANY\"},\"image\":{\"@id\":\"https:\/\/staging.srokafinal.lets-preprod.com\/es\/#\/schema\/logo\/image\/\"},\"sameAs\":[\"https:\/\/www.facebook.com\/srokawatersports\/\",\"https:\/\/www.instagram.com\/srokawatersports\/\",\"https:\/\/www.youtube.com\/channel\/UCVLHHeaPIm-J5bdEUgxqtZA\"]}]}<\/script>\n<!-- \/ Yoast SEO plugin. -->","yoast_head_json":{"title":"Barra de Kite Universal - SROKA Watersports - Empresa","description":"La barra de cometa universal SROKa te permitir\u00e1 conectarte a casi todas las cometas de la cometa. Est\u00e1 disponible en 2 tama\u00f1os, 50cm y 55cm.","robots":{"index":"noindex","follow":"follow","max-snippet":"max-snippet:-1","max-image-preview":"max-image-preview:large","max-video-preview":"max-video-preview:-1"},"og_locale":"es_ES","og_type":"article","og_title":"Barra de Kite Universal - SROKA Watersports - Empresa","og_description":"La barra de cometa universal SROKa te permitir\u00e1 conectarte a casi todas las cometas de la cometa. Est\u00e1 disponible en 2 tama\u00f1os, 50cm y 55cm.","og_url":"https:\/\/staging.srokafinal.lets-preprod.com\/es\/produit\/barra-de-cometa-universal\/","og_site_name":"SROKA Company","article_publisher":"https:\/\/www.facebook.com\/srokawatersports\/","article_modified_time":"2024-12-03T09:29:52+00:00","og_image":[{"width":780,"height":1040,"url":"https:\/\/staging.srokafinal.lets-preprod.com\/wp-content\/uploads\/2018\/05\/Kite-bar05.jpg","type":"image\/jpeg"}],"twitter_misc":{"Tiempo de lectura":"1 minuto"},"schema":{"@context":"https:\/\/schema.org","@graph":[{"@type":"WebPage","@id":"https:\/\/staging.srokafinal.lets-preprod.com\/es\/produit\/barra-de-cometa-universal\/","url":"https:\/\/staging.srokafinal.lets-preprod.com\/es\/produit\/barra-de-cometa-universal\/","name":"Barra de Kite Universal - SROKA Watersports - Empresa","isPartOf":{"@id":"https:\/\/staging.srokafinal.lets-preprod.com\/es\/#website"},"primaryImageOfPage":{"@id":"https:\/\/staging.srokafinal.lets-preprod.com\/es\/produit\/barra-de-cometa-universal\/#primaryimage"},"image":{"@id":"https:\/\/staging.srokafinal.lets-preprod.com\/es\/produit\/barra-de-cometa-universal\/#primaryimage"},"thumbnailUrl":"https:\/\/staging.srokafinal.lets-preprod.com\/wp-content\/uploads\/2018\/05\/Kite-bar05.jpg","datePublished":"2018-05-23T08:49:01+00:00","dateModified":"2024-12-03T09:29:52+00:00","description":"La barra de cometa universal SROKa te permitir\u00e1 conectarte a casi todas las cometas de la cometa. Est\u00e1 disponible en 2 tama\u00f1os, 50cm y 55cm.","breadcrumb":{"@id":"https:\/\/staging.srokafinal.lets-preprod.com\/es\/produit\/barra-de-cometa-universal\/#breadcrumb"},"inLanguage":"es","potentialAction":[{"@type":"ReadAction","target":["https:\/\/staging.srokafinal.lets-preprod.com\/es\/produit\/barra-de-cometa-universal\/"]}]},{"@type":"ImageObject","inLanguage":"es","@id":"https:\/\/staging.srokafinal.lets-preprod.com\/es\/produit\/barra-de-cometa-universal\/#primaryimage","url":"https:\/\/staging.srokafinal.lets-preprod.com\/wp-content\/uploads\/2018\/05\/Kite-bar05.jpg","contentUrl":"https:\/\/staging.srokafinal.lets-preprod.com\/wp-content\/uploads\/2018\/05\/Kite-bar05.jpg","width":780,"height":1040,"caption":"Una barra de kite universal sencilla, s\u00f3lida y ergon\u00f3mica"},{"@type":"BreadcrumbList","@id":"https:\/\/staging.srokafinal.lets-preprod.com\/es\/produit\/barra-de-cometa-universal\/#breadcrumb","itemListElement":[{"@type":"ListItem","position":1,"name":"Accueil","item":"https:\/\/staging.srokafinal.lets-preprod.com\/es\/"},{"@type":"ListItem","position":2,"name":"Boutique","item":"https:\/\/staging.srokafinal.lets-preprod.com\/boutique\/"},{"@type":"ListItem","position":3,"name":"Barra de cometa universal"}]},{"@type":"WebSite","@id":"https:\/\/staging.srokafinal.lets-preprod.com\/es\/#website","url":"https:\/\/staging.srokafinal.lets-preprod.com\/es\/","name":"SROKA Company","description":"SUP, Kite, Foil, Wing","publisher":{"@id":"https:\/\/staging.srokafinal.lets-preprod.com\/es\/#organization"},"potentialAction":[{"@type":"SearchAction","target":{"@type":"EntryPoint","urlTemplate":"https:\/\/staging.srokafinal.lets-preprod.com\/es\/?s={search_term_string}"},"query-input":{"@type":"PropertyValueSpecification","valueRequired":true,"valueName":"search_term_string"}}],"inLanguage":"es"},{"@type":"Organization","@id":"https:\/\/staging.srokafinal.lets-preprod.com\/es\/#organization","name":"SROKACOMPANY","alternateName":"SROKA","url":"https:\/\/staging.srokafinal.lets-preprod.com\/es\/","logo":{"@type":"ImageObject","inLanguage":"es","@id":"https:\/\/staging.srokafinal.lets-preprod.com\/es\/#\/schema\/logo\/image\/","url":"https:\/\/staging.srokafinal.lets-preprod.com\/wp-content\/uploads\/2021\/01\/logo-sroka-black-transpa.png","contentUrl":"https:\/\/staging.srokafinal.lets-preprod.com\/wp-content\/uploads\/2021\/01\/logo-sroka-black-transpa.png","width":1201,"height":342,"caption":"SROKACOMPANY"},"image":{"@id":"https:\/\/staging.srokafinal.lets-preprod.com\/es\/#\/schema\/logo\/image\/"},"sameAs":["https:\/\/www.facebook.com\/srokawatersports\/","https:\/\/www.instagram.com\/srokawatersports\/","https:\/\/www.youtube.com\/channel\/UCVLHHeaPIm-J5bdEUgxqtZA"]}]}},"uagb_featured_image_src":{"full":["https:\/\/staging.srokafinal.lets-preprod.com\/wp-content\/uploads\/2018\/05\/Kite-bar05.jpg",780,1040,false],"thumbnail":["https:\/\/staging.srokafinal.lets-preprod.com\/wp-content\/uploads\/2018\/05\/Kite-bar05-150x150.jpg",150,150,true],"medium":["https:\/\/staging.srokafinal.lets-preprod.com\/wp-content\/uploads\/2018\/05\/Kite-bar05-225x300.jpg",225,300,true],"medium_large":["https:\/\/staging.srokafinal.lets-preprod.com\/wp-content\/uploads\/2018\/05\/Kite-bar05-768x1024.jpg",768,1024,true],"large":["https:\/\/staging.srokafinal.lets-preprod.com\/wp-content\/uploads\/2018\/05\/Kite-bar05-768x1024.jpg",768,1024,true],"1536x1536":["https:\/\/staging.srokafinal.lets-preprod.com\/wp-content\/uploads\/2018\/05\/Kite-bar05.jpg",780,1040,false],"2048x2048":["https:\/\/staging.srokafinal.lets-preprod.com\/wp-content\/uploads\/2018\/05\/Kite-bar05.jpg",780,1040,false],"woocommerce_thumbnail":["https:\/\/staging.srokafinal.lets-preprod.com\/wp-content\/uploads\/2018\/05\/Kite-bar05-600x800.jpg",600,800,true],"woocommerce_single":["https:\/\/staging.srokafinal.lets-preprod.com\/wp-content\/uploads\/2018\/05\/Kite-bar05-600x800.jpg",600,800,true],"woocommerce_gallery_thumbnail":["https:\/\/staging.srokafinal.lets-preprod.com\/wp-content\/uploads\/2018\/05\/Kite-bar05-100x100.jpg",100,100,true]},"uagb_author_info":{"display_name":"Audrey Triquenaux","author_link":"https:\/\/staging.srokafinal.lets-preprod.com\/es\/blog\/author\/"},"uagb_comment_info":0,"uagb_excerpt":"Barra de cometa universal SROKA La SROKA Universal Kite Bar est\u00e1 lista para navegar con muchas cometas en el mercado. Las 4 l\u00edneas son de igual tama\u00f1o lo que le permite adaptarse a casi todas las cometas del mercado. La barra de kite Universal es perfecta para el freeride. Disponemos de dos tama\u00f1os de barra&hellip;","_links":{"self":[{"href":"https:\/\/staging.srokafinal.lets-preprod.com\/es\/wp-json\/wp\/v2\/product\/108315","targetHints":{"allow":["GET"]}}],"collection":[{"href":"https:\/\/staging.srokafinal.lets-preprod.com\/es\/wp-json\/wp\/v2\/product"}],"about":[{"href":"https:\/\/staging.srokafinal.lets-preprod.com\/es\/wp-json\/wp\/v2\/types\/product"}],"wp:featuredmedia":[{"embeddable":true,"href":"https:\/\/staging.srokafinal.lets-preprod.com\/es\/wp-json\/wp\/v2\/media\/108333"}],"wp:attachment":[{"href":"https:\/\/staging.srokafinal.lets-preprod.com\/es\/wp-json\/wp\/v2\/media?parent=108315"}],"wp:term":[{"taxonomy":"product_brand","embeddable":true,"href":"https:\/\/staging.srokafinal.lets-preprod.com\/es\/wp-json\/wp\/v2\/product_brand?post=108315"},{"taxonomy":"product_cat","embeddable":true,"href":"https:\/\/staging.srokafinal.lets-preprod.com\/es\/wp-json\/wp\/v2\/product_cat?post=108315"},{"taxonomy":"product_tag","embeddable":true,"href":"https:\/\/staging.srokafinal.lets-preprod.com\/es\/wp-json\/wp\/v2\/product_tag?post=108315"}],"curies":[{"name":"wp","href":"https:\/\/api.w.org\/{rel}","templated":true}]}}