


{"id":108398,"date":"2017-04-24T07:26:01","date_gmt":"2017-04-24T05:26:01","guid":{"rendered":"https:\/\/srokacompany.com\/produit\/tabla-de-paddle-surf-hinchable-alpha-fusion\/"},"modified":"2025-02-16T07:46:03","modified_gmt":"2025-02-16T07:46:03","slug":"tabla-de-paddle-surf-hinchable-alpha-fusion","status":"publish","type":"product","link":"https:\/\/staging.srokafinal.lets-preprod.com\/es\/produit\/tabla-de-paddle-surf-hinchable-alpha-fusion\/","title":{"rendered":"Tabla de paddle surf hinchable Alpha Fusion"},"content":{"rendered":"<hr>\n<h2><strong>POTENCIA PURA<\/strong><\/h2>\n<p><span style=\"font-weight: 400;\"><strong>Los Alpha Paddles<\/strong> son <a href=\"https:\/\/srokacompany.com\/eshop\/stand-up-paddle-gonflable\/\">remos de pie inflables<\/a> de alta gama, dise\u00f1ados para deslizarse y <\/span><span style=\"font-weight: 400;\">vivir<\/span><span style=\"font-weight: 400;\"> aventuras. <\/span> <span style=\"font-weight: 400;\">No tienes que ir muy lejos para superar tus l\u00edmites. El stand up paddleboarding es una forma de explorar tu entorno de una manera diferente, cerca o lejos.<\/span><span style=\"font-weight: 400;\">  <\/span><\/p>\n<p><span style=\"font-weight: 400;\">Los Alpha son SUP hinchables ligeros, r\u00edgidos y muy resistentes gracias a una termosoldadura de la cubierta y el casco (tecnolog\u00eda Fusion), y sus 3 capas de PVC en los ra\u00edles. Su construcci\u00f3n Fusion optimiza el peso y la rigidez para hacer frente a cualquier reto y<\/span><span style=\"font-weight: 400;\">  para ir a la aventura.  <\/span><\/p>\n<p><span style=\"font-weight: 400;\">El uso del mejor dropstitch del mercado y el PVC de las semirr\u00edgidas profesionales hacen de nuestras SUP las tablas hinchables m\u00e1s resistentes del mercado.  <\/span><\/p>\n<p class=\"p1\"><span style=\"font-weight: 400;\">Un a\u00f1o m\u00e1s, hemos redise\u00f1ado las tablas para hacerlas at\u00edpicas, originales y \u00fanicas. Nos hemos centrado en la aventura y la sed de libertad, con una decoraci\u00f3n inspirada en los mapas meteorol\u00f3gicos isob\u00e1ricos utilizados por los navegantes y patrones que exploran el mar abierto.  <\/span><\/p>\n<p class=\"p1\"><span style=\"font-weight: 400;\">Ofrecemos dos opciones:  <\/span><\/p>\n<ol>\n<li style=\"list-style-type: none;\">\n<ol>\n<li class=\"p1\"><span style=\"font-weight: 400;\"><strong>El paquete est\u00e1ndar<\/strong> incluye<\/span><span style=\"font-weight: 400;\"> una tabla de paddle surf, una bolsa de transporte con ruedas <\/span><span style=\"font-weight: 400;\">y la bomba de doble acci\u00f3n Sroka.<\/span><\/li>\n<li class=\"p1\"><span style=\"font-weight: 400;\"><strong>El pack completo<\/strong> incluye una paleta, <a href=\"https:\/\/srokacompany.com\/produit\/pagaie-aluminium-vario-2-ou-3-parties\/\">una paleta de aluminio de 3 piezas<\/a>, una bolsa de transporte con ruedas y una <a href=\"https:\/\/srokacompany.com\/produit\/leash-coiled-10\/\">correa enrollada<\/a>. Le permite ir al agua de inmediato, sin limitaciones ni esfuerzo.<\/span><\/li>\n<\/ol>\n<\/li>\n<\/ol>\n<p><a href=\"https:\/\/srokacompany.com\/comment-et-pourquoi-choisir-paddle-gonflable-sroka\/\" target=\"_blank\" rel=\"noopener noreferrer\">C\u00f3mo y por qu\u00e9 elegir los productos SROKA<\/a><\/p>\n<p>&nbsp;<\/p>\n","protected":false},"excerpt":{"rendered":"<p>POTENCIA PURA Los Alpha Paddles son remos de pie inflables de alta gama, dise\u00f1ados para deslizarse y vivir aventuras. No tienes que ir muy lejos para superar tus l\u00edmites. El stand up paddleboarding es una forma de explorar tu entorno de una manera diferente, cerca o lejos. Los Alpha son SUP hinchables ligeros, r\u00edgidos y [&hellip;]<\/p>\n","protected":false},"featured_media":108490,"template":"","meta":{"_acf_changed":false,"_uag_custom_page_level_css":""},"product_brand":[],"product_cat":[2471],"product_tag":[],"class_list":{"0":"post-108398","1":"product","2":"type-product","3":"status-publish","4":"has-post-thumbnail","6":"product_cat-palas-hinchables","7":"product_shipping_class-unidad-de-sup","8":"pa_ailerons-boitier-us-box","9":"pa_charge-maxi-moins-de-100-kg","10":"pa_couleur-blue","11":"pa_couleur-green","12":"pa_epaisseur-15-cm-6","13":"pa_largeur-71-cm-28","14":"pa_longueur-384-cm-126","15":"pa_materiaux-pvc-fusion","16":"pa_niveau-debutant-a-confirme","17":"pa_niveau-intermediaire-confirme","18":"pa_poids-9-kg","19":"pa_programme-race-training","20":"pa_volume-340-l","22":"first","23":"instock","24":"sale","25":"taxable","26":"shipping-taxable","27":"purchasable","28":"product-type-variable","29":"has-default-attributes"},"acf":[],"yoast_head":"<!-- This site is optimized with the Yoast SEO plugin v25.1 - https:\/\/yoast.com\/wordpress\/plugins\/seo\/ -->\n<title>Tabla de Paddle Surf Hinchable - Alpha Collection - Premium - SROKA Company<\/title>\n<meta name=\"description\" content=\"Descubre los remos hinchables premium Alpha, dise\u00f1ados para deslizarte y vivir aventuras. Ligero, r\u00edgido y resistente gracias a la tecnolog\u00eda Fusion.\" \/>\n<meta name=\"robots\" content=\"noindex, follow, max-snippet:-1, max-image-preview:large, max-video-preview:-1\" \/>\n<meta property=\"og:locale\" content=\"es_ES\" \/>\n<meta property=\"og:type\" content=\"article\" \/>\n<meta property=\"og:title\" content=\"Tabla de Paddle Surf Hinchable - Alpha Collection - Premium - SROKA Company\" \/>\n<meta property=\"og:description\" content=\"Descubre los remos hinchables premium Alpha, dise\u00f1ados para deslizarte y vivir aventuras. Ligero, r\u00edgido y resistente gracias a la tecnolog\u00eda Fusion.\" \/>\n<meta property=\"og:url\" content=\"https:\/\/staging.srokafinal.lets-preprod.com\/es\/produit\/tabla-de-paddle-surf-hinchable-alpha-fusion\/\" \/>\n<meta property=\"og:site_name\" content=\"SROKA Company\" \/>\n<meta property=\"article:publisher\" content=\"https:\/\/www.facebook.com\/srokawatersports\/\" \/>\n<meta property=\"article:modified_time\" content=\"2025-02-16T07:46:03+00:00\" \/>\n<meta property=\"og:image\" content=\"https:\/\/staging.srokafinal.lets-preprod.com\/wp-content\/uploads\/2017\/04\/imageproduit-alpha.png\" \/>\n\t<meta property=\"og:image:width\" content=\"780\" \/>\n\t<meta property=\"og:image:height\" content=\"1040\" \/>\n\t<meta property=\"og:image:type\" content=\"image\/png\" \/>\n<meta name=\"twitter:label1\" content=\"Tiempo de lectura\" \/>\n\t<meta name=\"twitter:data1\" content=\"1 minuto\" \/>\n<script type=\"application\/ld+json\" class=\"yoast-schema-graph\">{\"@context\":\"https:\/\/schema.org\",\"@graph\":[{\"@type\":\"WebPage\",\"@id\":\"https:\/\/staging.srokafinal.lets-preprod.com\/es\/produit\/tabla-de-paddle-surf-hinchable-alpha-fusion\/\",\"url\":\"https:\/\/staging.srokafinal.lets-preprod.com\/es\/produit\/tabla-de-paddle-surf-hinchable-alpha-fusion\/\",\"name\":\"Tabla de Paddle Surf Hinchable - Alpha Collection - Premium - SROKA Company\",\"isPartOf\":{\"@id\":\"https:\/\/staging.srokafinal.lets-preprod.com\/es\/#website\"},\"primaryImageOfPage\":{\"@id\":\"https:\/\/staging.srokafinal.lets-preprod.com\/es\/produit\/tabla-de-paddle-surf-hinchable-alpha-fusion\/#primaryimage\"},\"image\":{\"@id\":\"https:\/\/staging.srokafinal.lets-preprod.com\/es\/produit\/tabla-de-paddle-surf-hinchable-alpha-fusion\/#primaryimage\"},\"thumbnailUrl\":\"https:\/\/staging.srokafinal.lets-preprod.com\/wp-content\/uploads\/2017\/04\/imageproduit-alpha.png\",\"datePublished\":\"2017-04-24T05:26:01+00:00\",\"dateModified\":\"2025-02-16T07:46:03+00:00\",\"description\":\"Descubre los remos hinchables premium Alpha, dise\u00f1ados para deslizarte y vivir aventuras. Ligero, r\u00edgido y resistente gracias a la tecnolog\u00eda Fusion.\",\"breadcrumb\":{\"@id\":\"https:\/\/staging.srokafinal.lets-preprod.com\/es\/produit\/tabla-de-paddle-surf-hinchable-alpha-fusion\/#breadcrumb\"},\"inLanguage\":\"es\",\"potentialAction\":[{\"@type\":\"ReadAction\",\"target\":[\"https:\/\/staging.srokafinal.lets-preprod.com\/es\/produit\/tabla-de-paddle-surf-hinchable-alpha-fusion\/\"]}]},{\"@type\":\"ImageObject\",\"inLanguage\":\"es\",\"@id\":\"https:\/\/staging.srokafinal.lets-preprod.com\/es\/produit\/tabla-de-paddle-surf-hinchable-alpha-fusion\/#primaryimage\",\"url\":\"https:\/\/staging.srokafinal.lets-preprod.com\/wp-content\/uploads\/2017\/04\/imageproduit-alpha.png\",\"contentUrl\":\"https:\/\/staging.srokafinal.lets-preprod.com\/wp-content\/uploads\/2017\/04\/imageproduit-alpha.png\",\"width\":780,\"height\":1040,\"caption\":\"Carrera de P\u00e1del Hinchable \/ Touring Sroka\"},{\"@type\":\"BreadcrumbList\",\"@id\":\"https:\/\/staging.srokafinal.lets-preprod.com\/es\/produit\/tabla-de-paddle-surf-hinchable-alpha-fusion\/#breadcrumb\",\"itemListElement\":[{\"@type\":\"ListItem\",\"position\":1,\"name\":\"Accueil\",\"item\":\"https:\/\/staging.srokafinal.lets-preprod.com\/es\/\"},{\"@type\":\"ListItem\",\"position\":2,\"name\":\"Boutique\",\"item\":\"https:\/\/staging.srokafinal.lets-preprod.com\/boutique\/\"},{\"@type\":\"ListItem\",\"position\":3,\"name\":\"Tabla de paddle surf hinchable Alpha Fusion\"}]},{\"@type\":\"WebSite\",\"@id\":\"https:\/\/staging.srokafinal.lets-preprod.com\/es\/#website\",\"url\":\"https:\/\/staging.srokafinal.lets-preprod.com\/es\/\",\"name\":\"SROKA Company\",\"description\":\"SUP, Kite, Foil, Wing\",\"publisher\":{\"@id\":\"https:\/\/staging.srokafinal.lets-preprod.com\/es\/#organization\"},\"potentialAction\":[{\"@type\":\"SearchAction\",\"target\":{\"@type\":\"EntryPoint\",\"urlTemplate\":\"https:\/\/staging.srokafinal.lets-preprod.com\/es\/?s={search_term_string}\"},\"query-input\":{\"@type\":\"PropertyValueSpecification\",\"valueRequired\":true,\"valueName\":\"search_term_string\"}}],\"inLanguage\":\"es\"},{\"@type\":\"Organization\",\"@id\":\"https:\/\/staging.srokafinal.lets-preprod.com\/es\/#organization\",\"name\":\"SROKACOMPANY\",\"alternateName\":\"SROKA\",\"url\":\"https:\/\/staging.srokafinal.lets-preprod.com\/es\/\",\"logo\":{\"@type\":\"ImageObject\",\"inLanguage\":\"es\",\"@id\":\"https:\/\/staging.srokafinal.lets-preprod.com\/es\/#\/schema\/logo\/image\/\",\"url\":\"https:\/\/staging.srokafinal.lets-preprod.com\/wp-content\/uploads\/2021\/01\/logo-sroka-black-transpa.png\",\"contentUrl\":\"https:\/\/staging.srokafinal.lets-preprod.com\/wp-content\/uploads\/2021\/01\/logo-sroka-black-transpa.png\",\"width\":1201,\"height\":342,\"caption\":\"SROKACOMPANY\"},\"image\":{\"@id\":\"https:\/\/staging.srokafinal.lets-preprod.com\/es\/#\/schema\/logo\/image\/\"},\"sameAs\":[\"https:\/\/www.facebook.com\/srokawatersports\/\",\"https:\/\/www.instagram.com\/srokawatersports\/\",\"https:\/\/www.youtube.com\/channel\/UCVLHHeaPIm-J5bdEUgxqtZA\"]}]}<\/script>\n<!-- \/ Yoast SEO plugin. -->","yoast_head_json":{"title":"Tabla de Paddle Surf Hinchable - Alpha Collection - Premium - SROKA Company","description":"Descubre los remos hinchables premium Alpha, dise\u00f1ados para deslizarte y vivir aventuras. Ligero, r\u00edgido y resistente gracias a la tecnolog\u00eda Fusion.","robots":{"index":"noindex","follow":"follow","max-snippet":"max-snippet:-1","max-image-preview":"max-image-preview:large","max-video-preview":"max-video-preview:-1"},"og_locale":"es_ES","og_type":"article","og_title":"Tabla de Paddle Surf Hinchable - Alpha Collection - Premium - SROKA Company","og_description":"Descubre los remos hinchables premium Alpha, dise\u00f1ados para deslizarte y vivir aventuras. Ligero, r\u00edgido y resistente gracias a la tecnolog\u00eda Fusion.","og_url":"https:\/\/staging.srokafinal.lets-preprod.com\/es\/produit\/tabla-de-paddle-surf-hinchable-alpha-fusion\/","og_site_name":"SROKA Company","article_publisher":"https:\/\/www.facebook.com\/srokawatersports\/","article_modified_time":"2025-02-16T07:46:03+00:00","og_image":[{"width":780,"height":1040,"url":"https:\/\/staging.srokafinal.lets-preprod.com\/wp-content\/uploads\/2017\/04\/imageproduit-alpha.png","type":"image\/png"}],"twitter_misc":{"Tiempo de lectura":"1 minuto"},"schema":{"@context":"https:\/\/schema.org","@graph":[{"@type":"WebPage","@id":"https:\/\/staging.srokafinal.lets-preprod.com\/es\/produit\/tabla-de-paddle-surf-hinchable-alpha-fusion\/","url":"https:\/\/staging.srokafinal.lets-preprod.com\/es\/produit\/tabla-de-paddle-surf-hinchable-alpha-fusion\/","name":"Tabla de Paddle Surf Hinchable - Alpha Collection - Premium - SROKA Company","isPartOf":{"@id":"https:\/\/staging.srokafinal.lets-preprod.com\/es\/#website"},"primaryImageOfPage":{"@id":"https:\/\/staging.srokafinal.lets-preprod.com\/es\/produit\/tabla-de-paddle-surf-hinchable-alpha-fusion\/#primaryimage"},"image":{"@id":"https:\/\/staging.srokafinal.lets-preprod.com\/es\/produit\/tabla-de-paddle-surf-hinchable-alpha-fusion\/#primaryimage"},"thumbnailUrl":"https:\/\/staging.srokafinal.lets-preprod.com\/wp-content\/uploads\/2017\/04\/imageproduit-alpha.png","datePublished":"2017-04-24T05:26:01+00:00","dateModified":"2025-02-16T07:46:03+00:00","description":"Descubre los remos hinchables premium Alpha, dise\u00f1ados para deslizarte y vivir aventuras. Ligero, r\u00edgido y resistente gracias a la tecnolog\u00eda Fusion.","breadcrumb":{"@id":"https:\/\/staging.srokafinal.lets-preprod.com\/es\/produit\/tabla-de-paddle-surf-hinchable-alpha-fusion\/#breadcrumb"},"inLanguage":"es","potentialAction":[{"@type":"ReadAction","target":["https:\/\/staging.srokafinal.lets-preprod.com\/es\/produit\/tabla-de-paddle-surf-hinchable-alpha-fusion\/"]}]},{"@type":"ImageObject","inLanguage":"es","@id":"https:\/\/staging.srokafinal.lets-preprod.com\/es\/produit\/tabla-de-paddle-surf-hinchable-alpha-fusion\/#primaryimage","url":"https:\/\/staging.srokafinal.lets-preprod.com\/wp-content\/uploads\/2017\/04\/imageproduit-alpha.png","contentUrl":"https:\/\/staging.srokafinal.lets-preprod.com\/wp-content\/uploads\/2017\/04\/imageproduit-alpha.png","width":780,"height":1040,"caption":"Carrera de P\u00e1del Hinchable \/ Touring Sroka"},{"@type":"BreadcrumbList","@id":"https:\/\/staging.srokafinal.lets-preprod.com\/es\/produit\/tabla-de-paddle-surf-hinchable-alpha-fusion\/#breadcrumb","itemListElement":[{"@type":"ListItem","position":1,"name":"Accueil","item":"https:\/\/staging.srokafinal.lets-preprod.com\/es\/"},{"@type":"ListItem","position":2,"name":"Boutique","item":"https:\/\/staging.srokafinal.lets-preprod.com\/boutique\/"},{"@type":"ListItem","position":3,"name":"Tabla de paddle surf hinchable Alpha Fusion"}]},{"@type":"WebSite","@id":"https:\/\/staging.srokafinal.lets-preprod.com\/es\/#website","url":"https:\/\/staging.srokafinal.lets-preprod.com\/es\/","name":"SROKA Company","description":"SUP, Kite, Foil, Wing","publisher":{"@id":"https:\/\/staging.srokafinal.lets-preprod.com\/es\/#organization"},"potentialAction":[{"@type":"SearchAction","target":{"@type":"EntryPoint","urlTemplate":"https:\/\/staging.srokafinal.lets-preprod.com\/es\/?s={search_term_string}"},"query-input":{"@type":"PropertyValueSpecification","valueRequired":true,"valueName":"search_term_string"}}],"inLanguage":"es"},{"@type":"Organization","@id":"https:\/\/staging.srokafinal.lets-preprod.com\/es\/#organization","name":"SROKACOMPANY","alternateName":"SROKA","url":"https:\/\/staging.srokafinal.lets-preprod.com\/es\/","logo":{"@type":"ImageObject","inLanguage":"es","@id":"https:\/\/staging.srokafinal.lets-preprod.com\/es\/#\/schema\/logo\/image\/","url":"https:\/\/staging.srokafinal.lets-preprod.com\/wp-content\/uploads\/2021\/01\/logo-sroka-black-transpa.png","contentUrl":"https:\/\/staging.srokafinal.lets-preprod.com\/wp-content\/uploads\/2021\/01\/logo-sroka-black-transpa.png","width":1201,"height":342,"caption":"SROKACOMPANY"},"image":{"@id":"https:\/\/staging.srokafinal.lets-preprod.com\/es\/#\/schema\/logo\/image\/"},"sameAs":["https:\/\/www.facebook.com\/srokawatersports\/","https:\/\/www.instagram.com\/srokawatersports\/","https:\/\/www.youtube.com\/channel\/UCVLHHeaPIm-J5bdEUgxqtZA"]}]}},"uagb_featured_image_src":{"full":["https:\/\/staging.srokafinal.lets-preprod.com\/wp-content\/uploads\/2017\/04\/imageproduit-alpha.png",780,1040,false],"thumbnail":["https:\/\/staging.srokafinal.lets-preprod.com\/wp-content\/uploads\/2017\/04\/imageproduit-alpha-150x150.png",150,150,true],"medium":["https:\/\/staging.srokafinal.lets-preprod.com\/wp-content\/uploads\/2017\/04\/imageproduit-alpha-225x300.png",225,300,true],"medium_large":["https:\/\/staging.srokafinal.lets-preprod.com\/wp-content\/uploads\/2017\/04\/imageproduit-alpha-768x1024.png",768,1024,true],"large":["https:\/\/staging.srokafinal.lets-preprod.com\/wp-content\/uploads\/2017\/04\/imageproduit-alpha-768x1024.png",768,1024,true],"1536x1536":["https:\/\/staging.srokafinal.lets-preprod.com\/wp-content\/uploads\/2017\/04\/imageproduit-alpha.png",780,1040,false],"2048x2048":["https:\/\/staging.srokafinal.lets-preprod.com\/wp-content\/uploads\/2017\/04\/imageproduit-alpha.png",780,1040,false],"woocommerce_thumbnail":["https:\/\/staging.srokafinal.lets-preprod.com\/wp-content\/uploads\/2017\/04\/imageproduit-alpha-600x800.png",600,800,true],"woocommerce_single":["https:\/\/staging.srokafinal.lets-preprod.com\/wp-content\/uploads\/2017\/04\/imageproduit-alpha-600x800.png",600,800,true],"woocommerce_gallery_thumbnail":["https:\/\/staging.srokafinal.lets-preprod.com\/wp-content\/uploads\/2017\/04\/imageproduit-alpha-100x100.png",100,100,true]},"uagb_author_info":{"display_name":"Bruno Sroka","author_link":"https:\/\/staging.srokafinal.lets-preprod.com\/es\/blog\/author\/"},"uagb_comment_info":0,"uagb_excerpt":"POTENCIA PURA Los Alpha Paddles son remos de pie inflables de alta gama, dise\u00f1ados para deslizarse y vivir aventuras. No tienes que ir muy lejos para superar tus l\u00edmites. El stand up paddleboarding es una forma de explorar tu entorno de una manera diferente, cerca o lejos. Los Alpha son SUP hinchables ligeros, r\u00edgidos y&hellip;","_links":{"self":[{"href":"https:\/\/staging.srokafinal.lets-preprod.com\/es\/wp-json\/wp\/v2\/product\/108398","targetHints":{"allow":["GET"]}}],"collection":[{"href":"https:\/\/staging.srokafinal.lets-preprod.com\/es\/wp-json\/wp\/v2\/product"}],"about":[{"href":"https:\/\/staging.srokafinal.lets-preprod.com\/es\/wp-json\/wp\/v2\/types\/product"}],"wp:featuredmedia":[{"embeddable":true,"href":"https:\/\/staging.srokafinal.lets-preprod.com\/es\/wp-json\/wp\/v2\/media\/108490"}],"wp:attachment":[{"href":"https:\/\/staging.srokafinal.lets-preprod.com\/es\/wp-json\/wp\/v2\/media?parent=108398"}],"wp:term":[{"taxonomy":"product_brand","embeddable":true,"href":"https:\/\/staging.srokafinal.lets-preprod.com\/es\/wp-json\/wp\/v2\/product_brand?post=108398"},{"taxonomy":"product_cat","embeddable":true,"href":"https:\/\/staging.srokafinal.lets-preprod.com\/es\/wp-json\/wp\/v2\/product_cat?post=108398"},{"taxonomy":"product_tag","embeddable":true,"href":"https:\/\/staging.srokafinal.lets-preprod.com\/es\/wp-json\/wp\/v2\/product_tag?post=108398"}],"curies":[{"name":"wp","href":"https:\/\/api.w.org\/{rel}","templated":true}]}}