


{"id":108405,"date":"2018-05-24T12:07:22","date_gmt":"2018-05-24T10:07:22","guid":{"rendered":"https:\/\/srokacompany.com\/produit\/k-foil-aluminio-kitefoil\/"},"modified":"2024-11-23T13:38:07","modified_gmt":"2024-11-23T13:38:07","slug":"k-foil-aluminio-kitefoil","status":"publish","type":"product","link":"https:\/\/staging.srokafinal.lets-preprod.com\/es\/produit\/k-foil-aluminio-kitefoil\/","title":{"rendered":"K-Foil Aluminio &#8211; Kitefoil"},"content":{"rendered":"<hr>\n<h2>K-FOIL ALUMINIO FREERIDE<\/h2>\n<p class=\"p1\"><span class=\"s1\">El Kitefoil de aluminio te permite navegar en condiciones de viento muy bajo y superar tus l\u00edmites con vientos fuertes. Te permite ir hasta 4 veces la velocidad del viento.  <\/span><\/p>\n<p class=\"p1\"><span class=\"s1\">El K-foil fue desarrollado por Bruno SROKA 3 veces Campe\u00f3n del Mundo de Kitesurf. Bruno siempre se compromete a desarrollar un producto de muy alta calidad a un precio asequible. Este foil se ha convertido en un referente en kitefoils Freeride debido a su calidad de construcci\u00f3n, su rigidez y su facilidad de uso.<\/span><\/p>\n<p class=\"p1\"><strong><span class=\"s1\">Tecnolog\u00eda<\/span><\/strong><\/p>\n<p class=\"p1\"><span class=\"s1\">El m\u00e1stil y el fuselaje est\u00e1n construidos en aluminio 6061, el mejor aluminio para uso marino. Todas las piezas de aluminio han sido recubiertas con una anodizaci\u00f3n muy densa (m\u00e1s de 60 micras) a diferencia de muchos competidores que utilizan una anodizaci\u00f3n ligera (10 micras lo que implica una durabilidad menos buena en el tiempo)<\/span><\/p>\n<p><span class=\"s1\">Este Alu K-foil est\u00e1 compuesto por aletas G10. Cada perfil est\u00e1 mecanizado con una precisi\u00f3n de una d\u00e9cima de micra, lo que garantiza un perfil de aleta exactamente id\u00e9ntico<span class=\"Apple-converted-space\">  <\/span>a nuestros planes y as\u00ed garantizar un perfil perfecto.<\/span><\/p>\n<p>Como opci\u00f3n para su lanzamiento, ofrecemos un <strong>pack con dos juegos de aletas<\/strong>. Este pack incluye el K-Foil completo de aluminio, su juego de aletas G10, con el a\u00f1adido <a href=\"https:\/\/srokacompany.com\/produit\/pack-ailettes-k-foil-k950-xxl-stabilisateur\/\">del juego de aletas de carbono K950 Freewave y su estabilizador<\/a>, para navegar en todas las condiciones posibles.<\/p>\n<p><a href=\"https:\/\/srokacompany.com\/caracteristiques-techniques-des-ailes-de-foil-sroka\/\">Para tener los detalles de tus alas y los valores, haz clic en este enlace.  <\/a><\/p>\n","protected":false},"excerpt":{"rendered":"<p>K-FOIL ALUMINIO FREERIDE El Kitefoil de aluminio te permite navegar en condiciones de viento muy bajo y superar tus l\u00edmites con vientos fuertes. Te permite ir hasta 4 veces la velocidad del viento. El K-foil fue desarrollado por Bruno SROKA 3 veces Campe\u00f3n del Mundo de Kitesurf. Bruno siempre se compromete a desarrollar un producto [&hellip;]<\/p>\n","protected":false},"featured_media":108474,"template":"","meta":{"_acf_changed":false,"_uag_custom_page_level_css":""},"product_brand":[],"product_cat":[2483],"product_tag":[],"class_list":{"0":"post-108405","1":"product","2":"type-product","3":"status-publish","4":"has-post-thumbnail","6":"product_cat-foil","7":"pa_boitier-platine","8":"pa_boitier-probox","9":"pa_longueur-du-mat-entre-boiti-70-cm","10":"pa_longueur-du-mat-entre-boiti-80-cm","11":"pa_longueur-du-mat-entre-boiti-90-cm","12":"pa_longueur-fuselage-73-cm","13":"pa_materiaux-ailette-avant-emprunte-compatible-avec-les-ailettes-carbone-kfoil","14":"pa_materiaux-ailette-avant-g10","15":"pa_materiaux-fuselage-aluminium-anodise","16":"pa_materiaux-mat-aluminium-anodise","17":"pa_materiaux-stabilisateur-g10","18":"pa_niveau-debutant-a-confirme","19":"pa_surface-de-lailette-avant-650-cm2","20":"pa_taille-mat-70-cm","21":"pa_taille-mat-90-cm","22":"pa_taille-mat-80-cm","24":"first","25":"instock","26":"sale","27":"taxable","28":"shipping-taxable","29":"purchasable","30":"product-type-variable","31":"has-default-attributes"},"acf":[],"yoast_head":"<!-- This site is optimized with the Yoast SEO plugin v25.1 - https:\/\/yoast.com\/wordpress\/plugins\/seo\/ -->\n<title>Kitefoil Aluminio Sroka - SROKA Company - Kite Foil<\/title>\n<meta name=\"description\" content=\"El kitefoil de aluminio SROKA es de alto rendimiento y accesible. Perfecto para principiantes, que luego rinden con sus nuevas aletas delanteras K950.\" \/>\n<meta name=\"robots\" content=\"noindex, follow, max-snippet:-1, max-image-preview:large, max-video-preview:-1\" \/>\n<meta property=\"og:locale\" content=\"es_ES\" \/>\n<meta property=\"og:type\" content=\"article\" \/>\n<meta property=\"og:title\" content=\"Kitefoil Aluminio Sroka - SROKA Company - Kite Foil\" \/>\n<meta property=\"og:description\" content=\"El kitefoil de aluminio SROKA es de alto rendimiento y accesible. Perfecto para principiantes, que luego rinden con sus nuevas aletas delanteras K950.\" \/>\n<meta property=\"og:url\" content=\"https:\/\/staging.srokafinal.lets-preprod.com\/es\/produit\/k-foil-aluminio-kitefoil\/\" \/>\n<meta property=\"og:site_name\" content=\"SROKA Company\" \/>\n<meta property=\"article:publisher\" content=\"https:\/\/www.facebook.com\/srokawatersports\/\" \/>\n<meta property=\"article:modified_time\" content=\"2024-11-23T13:38:07+00:00\" \/>\n<meta property=\"og:image\" content=\"https:\/\/staging.srokafinal.lets-preprod.com\/wp-content\/uploads\/2020\/12\/K-foil-aluminium-2019-2020-deux-jeux-dailettes-1.jpg\" \/>\n\t<meta property=\"og:image:width\" content=\"780\" \/>\n\t<meta property=\"og:image:height\" content=\"1040\" \/>\n\t<meta property=\"og:image:type\" content=\"image\/jpeg\" \/>\n<meta name=\"twitter:label1\" content=\"Tiempo de lectura\" \/>\n\t<meta name=\"twitter:data1\" content=\"1 minuto\" \/>\n<script type=\"application\/ld+json\" class=\"yoast-schema-graph\">{\"@context\":\"https:\/\/schema.org\",\"@graph\":[{\"@type\":\"WebPage\",\"@id\":\"https:\/\/staging.srokafinal.lets-preprod.com\/es\/produit\/k-foil-aluminio-kitefoil\/\",\"url\":\"https:\/\/staging.srokafinal.lets-preprod.com\/es\/produit\/k-foil-aluminio-kitefoil\/\",\"name\":\"Kitefoil Aluminio Sroka - SROKA Company - Kite Foil\",\"isPartOf\":{\"@id\":\"https:\/\/staging.srokafinal.lets-preprod.com\/es\/#website\"},\"primaryImageOfPage\":{\"@id\":\"https:\/\/staging.srokafinal.lets-preprod.com\/es\/produit\/k-foil-aluminio-kitefoil\/#primaryimage\"},\"image\":{\"@id\":\"https:\/\/staging.srokafinal.lets-preprod.com\/es\/produit\/k-foil-aluminio-kitefoil\/#primaryimage\"},\"thumbnailUrl\":\"https:\/\/staging.srokafinal.lets-preprod.com\/wp-content\/uploads\/2020\/12\/K-foil-aluminium-2019-2020-deux-jeux-dailettes-1.jpg\",\"datePublished\":\"2018-05-24T10:07:22+00:00\",\"dateModified\":\"2024-11-23T13:38:07+00:00\",\"description\":\"El kitefoil de aluminio SROKA es de alto rendimiento y accesible. Perfecto para principiantes, que luego rinden con sus nuevas aletas delanteras K950.\",\"breadcrumb\":{\"@id\":\"https:\/\/staging.srokafinal.lets-preprod.com\/es\/produit\/k-foil-aluminio-kitefoil\/#breadcrumb\"},\"inLanguage\":\"es\",\"potentialAction\":[{\"@type\":\"ReadAction\",\"target\":[\"https:\/\/staging.srokafinal.lets-preprod.com\/es\/produit\/k-foil-aluminio-kitefoil\/\"]}]},{\"@type\":\"ImageObject\",\"inLanguage\":\"es\",\"@id\":\"https:\/\/staging.srokafinal.lets-preprod.com\/es\/produit\/k-foil-aluminio-kitefoil\/#primaryimage\",\"url\":\"https:\/\/staging.srokafinal.lets-preprod.com\/wp-content\/uploads\/2020\/12\/K-foil-aluminium-2019-2020-deux-jeux-dailettes-1.jpg\",\"contentUrl\":\"https:\/\/staging.srokafinal.lets-preprod.com\/wp-content\/uploads\/2020\/12\/K-foil-aluminium-2019-2020-deux-jeux-dailettes-1.jpg\",\"width\":780,\"height\":1040,\"caption\":\"Kitefoil de aluminio y carbono para principiantes. Ideal para practicar surf, carving, freeride y surf.\"},{\"@type\":\"BreadcrumbList\",\"@id\":\"https:\/\/staging.srokafinal.lets-preprod.com\/es\/produit\/k-foil-aluminio-kitefoil\/#breadcrumb\",\"itemListElement\":[{\"@type\":\"ListItem\",\"position\":1,\"name\":\"Accueil\",\"item\":\"https:\/\/staging.srokafinal.lets-preprod.com\/es\/\"},{\"@type\":\"ListItem\",\"position\":2,\"name\":\"Boutique\",\"item\":\"https:\/\/staging.srokafinal.lets-preprod.com\/boutique\/\"},{\"@type\":\"ListItem\",\"position\":3,\"name\":\"K-Foil Aluminio &#8211; Kitefoil\"}]},{\"@type\":\"WebSite\",\"@id\":\"https:\/\/staging.srokafinal.lets-preprod.com\/es\/#website\",\"url\":\"https:\/\/staging.srokafinal.lets-preprod.com\/es\/\",\"name\":\"SROKA Company\",\"description\":\"SUP, Kite, Foil, Wing\",\"publisher\":{\"@id\":\"https:\/\/staging.srokafinal.lets-preprod.com\/es\/#organization\"},\"potentialAction\":[{\"@type\":\"SearchAction\",\"target\":{\"@type\":\"EntryPoint\",\"urlTemplate\":\"https:\/\/staging.srokafinal.lets-preprod.com\/es\/?s={search_term_string}\"},\"query-input\":{\"@type\":\"PropertyValueSpecification\",\"valueRequired\":true,\"valueName\":\"search_term_string\"}}],\"inLanguage\":\"es\"},{\"@type\":\"Organization\",\"@id\":\"https:\/\/staging.srokafinal.lets-preprod.com\/es\/#organization\",\"name\":\"SROKACOMPANY\",\"alternateName\":\"SROKA\",\"url\":\"https:\/\/staging.srokafinal.lets-preprod.com\/es\/\",\"logo\":{\"@type\":\"ImageObject\",\"inLanguage\":\"es\",\"@id\":\"https:\/\/staging.srokafinal.lets-preprod.com\/es\/#\/schema\/logo\/image\/\",\"url\":\"https:\/\/staging.srokafinal.lets-preprod.com\/wp-content\/uploads\/2021\/01\/logo-sroka-black-transpa.png\",\"contentUrl\":\"https:\/\/staging.srokafinal.lets-preprod.com\/wp-content\/uploads\/2021\/01\/logo-sroka-black-transpa.png\",\"width\":1201,\"height\":342,\"caption\":\"SROKACOMPANY\"},\"image\":{\"@id\":\"https:\/\/staging.srokafinal.lets-preprod.com\/es\/#\/schema\/logo\/image\/\"},\"sameAs\":[\"https:\/\/www.facebook.com\/srokawatersports\/\",\"https:\/\/www.instagram.com\/srokawatersports\/\",\"https:\/\/www.youtube.com\/channel\/UCVLHHeaPIm-J5bdEUgxqtZA\"]}]}<\/script>\n<!-- \/ Yoast SEO plugin. -->","yoast_head_json":{"title":"Kitefoil Aluminio Sroka - SROKA Company - Kite Foil","description":"El kitefoil de aluminio SROKA es de alto rendimiento y accesible. Perfecto para principiantes, que luego rinden con sus nuevas aletas delanteras K950.","robots":{"index":"noindex","follow":"follow","max-snippet":"max-snippet:-1","max-image-preview":"max-image-preview:large","max-video-preview":"max-video-preview:-1"},"og_locale":"es_ES","og_type":"article","og_title":"Kitefoil Aluminio Sroka - SROKA Company - Kite Foil","og_description":"El kitefoil de aluminio SROKA es de alto rendimiento y accesible. Perfecto para principiantes, que luego rinden con sus nuevas aletas delanteras K950.","og_url":"https:\/\/staging.srokafinal.lets-preprod.com\/es\/produit\/k-foil-aluminio-kitefoil\/","og_site_name":"SROKA Company","article_publisher":"https:\/\/www.facebook.com\/srokawatersports\/","article_modified_time":"2024-11-23T13:38:07+00:00","og_image":[{"width":780,"height":1040,"url":"https:\/\/staging.srokafinal.lets-preprod.com\/wp-content\/uploads\/2020\/12\/K-foil-aluminium-2019-2020-deux-jeux-dailettes-1.jpg","type":"image\/jpeg"}],"twitter_misc":{"Tiempo de lectura":"1 minuto"},"schema":{"@context":"https:\/\/schema.org","@graph":[{"@type":"WebPage","@id":"https:\/\/staging.srokafinal.lets-preprod.com\/es\/produit\/k-foil-aluminio-kitefoil\/","url":"https:\/\/staging.srokafinal.lets-preprod.com\/es\/produit\/k-foil-aluminio-kitefoil\/","name":"Kitefoil Aluminio Sroka - SROKA Company - Kite Foil","isPartOf":{"@id":"https:\/\/staging.srokafinal.lets-preprod.com\/es\/#website"},"primaryImageOfPage":{"@id":"https:\/\/staging.srokafinal.lets-preprod.com\/es\/produit\/k-foil-aluminio-kitefoil\/#primaryimage"},"image":{"@id":"https:\/\/staging.srokafinal.lets-preprod.com\/es\/produit\/k-foil-aluminio-kitefoil\/#primaryimage"},"thumbnailUrl":"https:\/\/staging.srokafinal.lets-preprod.com\/wp-content\/uploads\/2020\/12\/K-foil-aluminium-2019-2020-deux-jeux-dailettes-1.jpg","datePublished":"2018-05-24T10:07:22+00:00","dateModified":"2024-11-23T13:38:07+00:00","description":"El kitefoil de aluminio SROKA es de alto rendimiento y accesible. Perfecto para principiantes, que luego rinden con sus nuevas aletas delanteras K950.","breadcrumb":{"@id":"https:\/\/staging.srokafinal.lets-preprod.com\/es\/produit\/k-foil-aluminio-kitefoil\/#breadcrumb"},"inLanguage":"es","potentialAction":[{"@type":"ReadAction","target":["https:\/\/staging.srokafinal.lets-preprod.com\/es\/produit\/k-foil-aluminio-kitefoil\/"]}]},{"@type":"ImageObject","inLanguage":"es","@id":"https:\/\/staging.srokafinal.lets-preprod.com\/es\/produit\/k-foil-aluminio-kitefoil\/#primaryimage","url":"https:\/\/staging.srokafinal.lets-preprod.com\/wp-content\/uploads\/2020\/12\/K-foil-aluminium-2019-2020-deux-jeux-dailettes-1.jpg","contentUrl":"https:\/\/staging.srokafinal.lets-preprod.com\/wp-content\/uploads\/2020\/12\/K-foil-aluminium-2019-2020-deux-jeux-dailettes-1.jpg","width":780,"height":1040,"caption":"Kitefoil de aluminio y carbono para principiantes. Ideal para practicar surf, carving, freeride y surf."},{"@type":"BreadcrumbList","@id":"https:\/\/staging.srokafinal.lets-preprod.com\/es\/produit\/k-foil-aluminio-kitefoil\/#breadcrumb","itemListElement":[{"@type":"ListItem","position":1,"name":"Accueil","item":"https:\/\/staging.srokafinal.lets-preprod.com\/es\/"},{"@type":"ListItem","position":2,"name":"Boutique","item":"https:\/\/staging.srokafinal.lets-preprod.com\/boutique\/"},{"@type":"ListItem","position":3,"name":"K-Foil Aluminio &#8211; Kitefoil"}]},{"@type":"WebSite","@id":"https:\/\/staging.srokafinal.lets-preprod.com\/es\/#website","url":"https:\/\/staging.srokafinal.lets-preprod.com\/es\/","name":"SROKA Company","description":"SUP, Kite, Foil, Wing","publisher":{"@id":"https:\/\/staging.srokafinal.lets-preprod.com\/es\/#organization"},"potentialAction":[{"@type":"SearchAction","target":{"@type":"EntryPoint","urlTemplate":"https:\/\/staging.srokafinal.lets-preprod.com\/es\/?s={search_term_string}"},"query-input":{"@type":"PropertyValueSpecification","valueRequired":true,"valueName":"search_term_string"}}],"inLanguage":"es"},{"@type":"Organization","@id":"https:\/\/staging.srokafinal.lets-preprod.com\/es\/#organization","name":"SROKACOMPANY","alternateName":"SROKA","url":"https:\/\/staging.srokafinal.lets-preprod.com\/es\/","logo":{"@type":"ImageObject","inLanguage":"es","@id":"https:\/\/staging.srokafinal.lets-preprod.com\/es\/#\/schema\/logo\/image\/","url":"https:\/\/staging.srokafinal.lets-preprod.com\/wp-content\/uploads\/2021\/01\/logo-sroka-black-transpa.png","contentUrl":"https:\/\/staging.srokafinal.lets-preprod.com\/wp-content\/uploads\/2021\/01\/logo-sroka-black-transpa.png","width":1201,"height":342,"caption":"SROKACOMPANY"},"image":{"@id":"https:\/\/staging.srokafinal.lets-preprod.com\/es\/#\/schema\/logo\/image\/"},"sameAs":["https:\/\/www.facebook.com\/srokawatersports\/","https:\/\/www.instagram.com\/srokawatersports\/","https:\/\/www.youtube.com\/channel\/UCVLHHeaPIm-J5bdEUgxqtZA"]}]}},"uagb_featured_image_src":{"full":["https:\/\/staging.srokafinal.lets-preprod.com\/wp-content\/uploads\/2020\/12\/K-foil-aluminium-2019-2020-deux-jeux-dailettes-1.jpg",780,1040,false],"thumbnail":["https:\/\/staging.srokafinal.lets-preprod.com\/wp-content\/uploads\/2020\/12\/K-foil-aluminium-2019-2020-deux-jeux-dailettes-1-150x150.jpg",150,150,true],"medium":["https:\/\/staging.srokafinal.lets-preprod.com\/wp-content\/uploads\/2020\/12\/K-foil-aluminium-2019-2020-deux-jeux-dailettes-1-225x300.jpg",225,300,true],"medium_large":["https:\/\/staging.srokafinal.lets-preprod.com\/wp-content\/uploads\/2020\/12\/K-foil-aluminium-2019-2020-deux-jeux-dailettes-1-768x1024.jpg",768,1024,true],"large":["https:\/\/staging.srokafinal.lets-preprod.com\/wp-content\/uploads\/2020\/12\/K-foil-aluminium-2019-2020-deux-jeux-dailettes-1-768x1024.jpg",768,1024,true],"1536x1536":["https:\/\/staging.srokafinal.lets-preprod.com\/wp-content\/uploads\/2020\/12\/K-foil-aluminium-2019-2020-deux-jeux-dailettes-1.jpg",780,1040,false],"2048x2048":["https:\/\/staging.srokafinal.lets-preprod.com\/wp-content\/uploads\/2020\/12\/K-foil-aluminium-2019-2020-deux-jeux-dailettes-1.jpg",780,1040,false],"woocommerce_thumbnail":["https:\/\/staging.srokafinal.lets-preprod.com\/wp-content\/uploads\/2020\/12\/K-foil-aluminium-2019-2020-deux-jeux-dailettes-1-600x800.jpg",600,800,true],"woocommerce_single":["https:\/\/staging.srokafinal.lets-preprod.com\/wp-content\/uploads\/2020\/12\/K-foil-aluminium-2019-2020-deux-jeux-dailettes-1-600x800.jpg",600,800,true],"woocommerce_gallery_thumbnail":["https:\/\/staging.srokafinal.lets-preprod.com\/wp-content\/uploads\/2020\/12\/K-foil-aluminium-2019-2020-deux-jeux-dailettes-1-100x100.jpg",100,100,true]},"uagb_author_info":{"display_name":"Audrey Triquenaux","author_link":"https:\/\/staging.srokafinal.lets-preprod.com\/es\/blog\/author\/"},"uagb_comment_info":0,"uagb_excerpt":"K-FOIL ALUMINIO FREERIDE El Kitefoil de aluminio te permite navegar en condiciones de viento muy bajo y superar tus l\u00edmites con vientos fuertes. Te permite ir hasta 4 veces la velocidad del viento. El K-foil fue desarrollado por Bruno SROKA 3 veces Campe\u00f3n del Mundo de Kitesurf. Bruno siempre se compromete a desarrollar un producto&hellip;","_links":{"self":[{"href":"https:\/\/staging.srokafinal.lets-preprod.com\/es\/wp-json\/wp\/v2\/product\/108405","targetHints":{"allow":["GET"]}}],"collection":[{"href":"https:\/\/staging.srokafinal.lets-preprod.com\/es\/wp-json\/wp\/v2\/product"}],"about":[{"href":"https:\/\/staging.srokafinal.lets-preprod.com\/es\/wp-json\/wp\/v2\/types\/product"}],"wp:featuredmedia":[{"embeddable":true,"href":"https:\/\/staging.srokafinal.lets-preprod.com\/es\/wp-json\/wp\/v2\/media\/108474"}],"wp:attachment":[{"href":"https:\/\/staging.srokafinal.lets-preprod.com\/es\/wp-json\/wp\/v2\/media?parent=108405"}],"wp:term":[{"taxonomy":"product_brand","embeddable":true,"href":"https:\/\/staging.srokafinal.lets-preprod.com\/es\/wp-json\/wp\/v2\/product_brand?post=108405"},{"taxonomy":"product_cat","embeddable":true,"href":"https:\/\/staging.srokafinal.lets-preprod.com\/es\/wp-json\/wp\/v2\/product_cat?post=108405"},{"taxonomy":"product_tag","embeddable":true,"href":"https:\/\/staging.srokafinal.lets-preprod.com\/es\/wp-json\/wp\/v2\/product_tag?post=108405"}],"curies":[{"name":"wp","href":"https:\/\/api.w.org\/{rel}","templated":true}]}}