


{"id":108473,"date":"2018-01-10T20:20:14","date_gmt":"2018-01-10T18:20:14","guid":{"rendered":"https:\/\/srokacompany.com\/produit\/windsup-hinchable-106x32x6-fusion\/"},"modified":"2024-10-16T10:14:41","modified_gmt":"2024-10-16T10:14:41","slug":"windsup-hinchable-106x32x6-fusion","status":"publish","type":"product","link":"https:\/\/staging.srokafinal.lets-preprod.com\/es\/produit\/windsup-hinchable-106x32x6-fusion\/","title":{"rendered":"Windsup Hinchable 10&#8217;6x32x6 &#8211; Fusion"},"content":{"rendered":"<hr>\n<h2><strong>WINDSUP HINCHABLE = M\u00c1XIMA VERSATILIDAD<\/strong><\/h2>\n<p>El Malibu 10&#8217;6 Inflatable WindSUP es una tabla de paddle surf hinchable que se puede transformar en una tabla de windsurf o en un kayak. Una tabla 3 en 1, \u00bfqu\u00e9 m\u00e1s se puede pedir?<br \/>\nPara este windsup hinchable 10&#8217;6 Fusion, hemos mantenido la misma facilidad de uso y estabilidad que el Malibu 10&#8217;6 Fusion. A\u00f1adimos puntos de fijaci\u00f3n para fijar un asiento, as\u00ed como un pie de m\u00e1stil para poner una vela. En el casco, se colocan dos rieles estadounidenses. Uno se coloca en la parte trasera para sujetar la aleta trasera, mientras que el segundo riel se coloca en el medio de la tabla para instalar una aleta central y ce\u00f1ir mejor.<br \/>\nPara usar esta tabla en SUP, simplemente retira la aleta central y tu tabla funcionar\u00e1 como una tabla de paddle normal. Este Windsup viene con el pie de m\u00e1stil integrado (entregado sin la vela) para instalar f\u00e1cilmente cualquier aparejo de tabla.<br \/>\nLas almohadillas de Eva en relieve son muy c\u00f3modas bajo los pies con un muy buen agarre para todas las maniobras. Su aspecto at\u00edpico y la calidad de su acabado no te dejar\u00e1n indiferente. Su red de cubierta te permitir\u00e1 colgar una peque\u00f1a bolsa de transporte en la parte delantera. Adem\u00e1s, el equipo de SROKA le proporciona una bolsa de transporte para un almacenamiento \u00f3ptimo del SUP desinflado. La calidad de la bolsa y su comodidad te har\u00e1n olvidar que llevas un remo.<\/p>\n<h3><a href=\"https:\/\/srokacompany.com\/comment-et-pourquoi-choisir-paddle-gonflable-sroka\/\" target=\"_blank\" rel=\"noopener noreferrer\">\u00bfPor qu\u00e9 elegir los productos SROKA?<\/a><\/h3>\n","protected":false},"excerpt":{"rendered":"<p>WINDSUP HINCHABLE = M\u00c1XIMA VERSATILIDAD El Malibu 10&#8217;6 Inflatable WindSUP es una tabla de paddle surf hinchable que se puede transformar en una tabla de windsurf o en un kayak. Una tabla 3 en 1, \u00bfqu\u00e9 m\u00e1s se puede pedir? Para este windsup hinchable 10&#8217;6 Fusion, hemos mantenido la misma facilidad de uso y estabilidad [&hellip;]<\/p>\n","protected":false},"featured_media":108593,"template":"","meta":{"_acf_changed":false,"_uag_custom_page_level_css":""},"product_brand":[],"product_cat":[2485,2471],"product_tag":[],"class_list":{"0":"post-108473","1":"product","2":"type-product","3":"status-publish","4":"has-post-thumbnail","6":"product_cat-ofertas","7":"product_cat-palas-hinchables","8":"product_shipping_class-unidad-de-sup","9":"pa_ailerons-2-boitier-us","10":"pa_charge-maxi-moins-de-120-kg","11":"pa_epaisseur-15-cm-6","12":"pa_largeur-82-cm-32","13":"pa_longueur-320-cm-106","14":"pa_materiaux-revetement-en-pvc-avec-la-technologie-fusion","15":"pa_niveau-debutant-a-confirme","16":"pa_poids-10-kg-22-lb","17":"pa_programme-balade-yoga-famillialen-en-couple","18":"pa_volume-260-l","20":"first","21":"instock","22":"sale","23":"taxable","24":"shipping-taxable","25":"purchasable","26":"product-type-variable"},"acf":[],"yoast_head":"<!-- This site is optimized with the Yoast SEO plugin v25.1 - https:\/\/yoast.com\/wordpress\/plugins\/seo\/ -->\n<title>Hinchable Windsup 10&#039;6 Fusion -SROKA Company - Deportes acu\u00e1ticos<\/title>\n<meta name=\"description\" content=\"SROKA 10&#039;6 Fusion Inflatable Windsup es el todoterreno de SROKA. Windsup, Stand up paddle o kayak, este sup hinchable lo hace todo.\" \/>\n<meta name=\"robots\" content=\"noindex, follow, max-snippet:-1, max-image-preview:large, max-video-preview:-1\" \/>\n<meta property=\"og:locale\" content=\"es_ES\" \/>\n<meta property=\"og:type\" content=\"article\" \/>\n<meta property=\"og:title\" content=\"Hinchable Windsup 10&#039;6 Fusion -SROKA Company - Deportes acu\u00e1ticos\" \/>\n<meta property=\"og:description\" content=\"SROKA 10&#039;6 Fusion Inflatable Windsup es el todoterreno de SROKA. Windsup, Stand up paddle o kayak, este sup hinchable lo hace todo.\" \/>\n<meta property=\"og:url\" content=\"https:\/\/staging.srokafinal.lets-preprod.com\/es\/produit\/windsup-hinchable-106x32x6-fusion\/\" \/>\n<meta property=\"og:site_name\" content=\"SROKA Company\" \/>\n<meta property=\"article:publisher\" content=\"https:\/\/www.facebook.com\/srokawatersports\/\" \/>\n<meta property=\"article:modified_time\" content=\"2024-10-16T10:14:41+00:00\" \/>\n<meta property=\"og:image\" content=\"https:\/\/staging.srokafinal.lets-preprod.com\/wp-content\/uploads\/2018\/01\/imageproduit-windsup.png\" \/>\n\t<meta property=\"og:image:width\" content=\"780\" \/>\n\t<meta property=\"og:image:height\" content=\"1040\" \/>\n\t<meta property=\"og:image:type\" content=\"image\/png\" \/>\n<meta name=\"twitter:label1\" content=\"Tiempo de lectura\" \/>\n\t<meta name=\"twitter:data1\" content=\"1 minuto\" \/>\n<script type=\"application\/ld+json\" class=\"yoast-schema-graph\">{\"@context\":\"https:\/\/schema.org\",\"@graph\":[{\"@type\":\"WebPage\",\"@id\":\"https:\/\/staging.srokafinal.lets-preprod.com\/es\/produit\/windsup-hinchable-106x32x6-fusion\/\",\"url\":\"https:\/\/staging.srokafinal.lets-preprod.com\/es\/produit\/windsup-hinchable-106x32x6-fusion\/\",\"name\":\"Hinchable Windsup 10'6 Fusion -SROKA Company - Deportes acu\u00e1ticos\",\"isPartOf\":{\"@id\":\"https:\/\/staging.srokafinal.lets-preprod.com\/es\/#website\"},\"primaryImageOfPage\":{\"@id\":\"https:\/\/staging.srokafinal.lets-preprod.com\/es\/produit\/windsup-hinchable-106x32x6-fusion\/#primaryimage\"},\"image\":{\"@id\":\"https:\/\/staging.srokafinal.lets-preprod.com\/es\/produit\/windsup-hinchable-106x32x6-fusion\/#primaryimage\"},\"thumbnailUrl\":\"https:\/\/staging.srokafinal.lets-preprod.com\/wp-content\/uploads\/2018\/01\/imageproduit-windsup.png\",\"datePublished\":\"2018-01-10T18:20:14+00:00\",\"dateModified\":\"2024-10-16T10:14:41+00:00\",\"description\":\"SROKA 10'6 Fusion Inflatable Windsup es el todoterreno de SROKA. Windsup, Stand up paddle o kayak, este sup hinchable lo hace todo.\",\"breadcrumb\":{\"@id\":\"https:\/\/staging.srokafinal.lets-preprod.com\/es\/produit\/windsup-hinchable-106x32x6-fusion\/#breadcrumb\"},\"inLanguage\":\"es\",\"potentialAction\":[{\"@type\":\"ReadAction\",\"target\":[\"https:\/\/staging.srokafinal.lets-preprod.com\/es\/produit\/windsup-hinchable-106x32x6-fusion\/\"]}]},{\"@type\":\"ImageObject\",\"inLanguage\":\"es\",\"@id\":\"https:\/\/staging.srokafinal.lets-preprod.com\/es\/produit\/windsup-hinchable-106x32x6-fusion\/#primaryimage\",\"url\":\"https:\/\/staging.srokafinal.lets-preprod.com\/wp-content\/uploads\/2018\/01\/imageproduit-windsup.png\",\"contentUrl\":\"https:\/\/staging.srokafinal.lets-preprod.com\/wp-content\/uploads\/2018\/01\/imageproduit-windsup.png\",\"width\":780,\"height\":1040,\"caption\":\"Tabla de paddle surf convertible a windsurf windsurf Sroka\"},{\"@type\":\"BreadcrumbList\",\"@id\":\"https:\/\/staging.srokafinal.lets-preprod.com\/es\/produit\/windsup-hinchable-106x32x6-fusion\/#breadcrumb\",\"itemListElement\":[{\"@type\":\"ListItem\",\"position\":1,\"name\":\"Accueil\",\"item\":\"https:\/\/staging.srokafinal.lets-preprod.com\/es\/\"},{\"@type\":\"ListItem\",\"position\":2,\"name\":\"Boutique\",\"item\":\"https:\/\/staging.srokafinal.lets-preprod.com\/boutique\/\"},{\"@type\":\"ListItem\",\"position\":3,\"name\":\"Windsup Hinchable 10&#8217;6x32x6 &#8211; Fusion\"}]},{\"@type\":\"WebSite\",\"@id\":\"https:\/\/staging.srokafinal.lets-preprod.com\/es\/#website\",\"url\":\"https:\/\/staging.srokafinal.lets-preprod.com\/es\/\",\"name\":\"SROKA Company\",\"description\":\"SUP, Kite, Foil, Wing\",\"publisher\":{\"@id\":\"https:\/\/staging.srokafinal.lets-preprod.com\/es\/#organization\"},\"potentialAction\":[{\"@type\":\"SearchAction\",\"target\":{\"@type\":\"EntryPoint\",\"urlTemplate\":\"https:\/\/staging.srokafinal.lets-preprod.com\/es\/?s={search_term_string}\"},\"query-input\":{\"@type\":\"PropertyValueSpecification\",\"valueRequired\":true,\"valueName\":\"search_term_string\"}}],\"inLanguage\":\"es\"},{\"@type\":\"Organization\",\"@id\":\"https:\/\/staging.srokafinal.lets-preprod.com\/es\/#organization\",\"name\":\"SROKACOMPANY\",\"alternateName\":\"SROKA\",\"url\":\"https:\/\/staging.srokafinal.lets-preprod.com\/es\/\",\"logo\":{\"@type\":\"ImageObject\",\"inLanguage\":\"es\",\"@id\":\"https:\/\/staging.srokafinal.lets-preprod.com\/es\/#\/schema\/logo\/image\/\",\"url\":\"https:\/\/staging.srokafinal.lets-preprod.com\/wp-content\/uploads\/2021\/01\/logo-sroka-black-transpa.png\",\"contentUrl\":\"https:\/\/staging.srokafinal.lets-preprod.com\/wp-content\/uploads\/2021\/01\/logo-sroka-black-transpa.png\",\"width\":1201,\"height\":342,\"caption\":\"SROKACOMPANY\"},\"image\":{\"@id\":\"https:\/\/staging.srokafinal.lets-preprod.com\/es\/#\/schema\/logo\/image\/\"},\"sameAs\":[\"https:\/\/www.facebook.com\/srokawatersports\/\",\"https:\/\/www.instagram.com\/srokawatersports\/\",\"https:\/\/www.youtube.com\/channel\/UCVLHHeaPIm-J5bdEUgxqtZA\"]}]}<\/script>\n<!-- \/ Yoast SEO plugin. -->","yoast_head_json":{"title":"Hinchable Windsup 10'6 Fusion -SROKA Company - Deportes acu\u00e1ticos","description":"SROKA 10'6 Fusion Inflatable Windsup es el todoterreno de SROKA. Windsup, Stand up paddle o kayak, este sup hinchable lo hace todo.","robots":{"index":"noindex","follow":"follow","max-snippet":"max-snippet:-1","max-image-preview":"max-image-preview:large","max-video-preview":"max-video-preview:-1"},"og_locale":"es_ES","og_type":"article","og_title":"Hinchable Windsup 10'6 Fusion -SROKA Company - Deportes acu\u00e1ticos","og_description":"SROKA 10'6 Fusion Inflatable Windsup es el todoterreno de SROKA. Windsup, Stand up paddle o kayak, este sup hinchable lo hace todo.","og_url":"https:\/\/staging.srokafinal.lets-preprod.com\/es\/produit\/windsup-hinchable-106x32x6-fusion\/","og_site_name":"SROKA Company","article_publisher":"https:\/\/www.facebook.com\/srokawatersports\/","article_modified_time":"2024-10-16T10:14:41+00:00","og_image":[{"width":780,"height":1040,"url":"https:\/\/staging.srokafinal.lets-preprod.com\/wp-content\/uploads\/2018\/01\/imageproduit-windsup.png","type":"image\/png"}],"twitter_misc":{"Tiempo de lectura":"1 minuto"},"schema":{"@context":"https:\/\/schema.org","@graph":[{"@type":"WebPage","@id":"https:\/\/staging.srokafinal.lets-preprod.com\/es\/produit\/windsup-hinchable-106x32x6-fusion\/","url":"https:\/\/staging.srokafinal.lets-preprod.com\/es\/produit\/windsup-hinchable-106x32x6-fusion\/","name":"Hinchable Windsup 10'6 Fusion -SROKA Company - Deportes acu\u00e1ticos","isPartOf":{"@id":"https:\/\/staging.srokafinal.lets-preprod.com\/es\/#website"},"primaryImageOfPage":{"@id":"https:\/\/staging.srokafinal.lets-preprod.com\/es\/produit\/windsup-hinchable-106x32x6-fusion\/#primaryimage"},"image":{"@id":"https:\/\/staging.srokafinal.lets-preprod.com\/es\/produit\/windsup-hinchable-106x32x6-fusion\/#primaryimage"},"thumbnailUrl":"https:\/\/staging.srokafinal.lets-preprod.com\/wp-content\/uploads\/2018\/01\/imageproduit-windsup.png","datePublished":"2018-01-10T18:20:14+00:00","dateModified":"2024-10-16T10:14:41+00:00","description":"SROKA 10'6 Fusion Inflatable Windsup es el todoterreno de SROKA. Windsup, Stand up paddle o kayak, este sup hinchable lo hace todo.","breadcrumb":{"@id":"https:\/\/staging.srokafinal.lets-preprod.com\/es\/produit\/windsup-hinchable-106x32x6-fusion\/#breadcrumb"},"inLanguage":"es","potentialAction":[{"@type":"ReadAction","target":["https:\/\/staging.srokafinal.lets-preprod.com\/es\/produit\/windsup-hinchable-106x32x6-fusion\/"]}]},{"@type":"ImageObject","inLanguage":"es","@id":"https:\/\/staging.srokafinal.lets-preprod.com\/es\/produit\/windsup-hinchable-106x32x6-fusion\/#primaryimage","url":"https:\/\/staging.srokafinal.lets-preprod.com\/wp-content\/uploads\/2018\/01\/imageproduit-windsup.png","contentUrl":"https:\/\/staging.srokafinal.lets-preprod.com\/wp-content\/uploads\/2018\/01\/imageproduit-windsup.png","width":780,"height":1040,"caption":"Tabla de paddle surf convertible a windsurf windsurf Sroka"},{"@type":"BreadcrumbList","@id":"https:\/\/staging.srokafinal.lets-preprod.com\/es\/produit\/windsup-hinchable-106x32x6-fusion\/#breadcrumb","itemListElement":[{"@type":"ListItem","position":1,"name":"Accueil","item":"https:\/\/staging.srokafinal.lets-preprod.com\/es\/"},{"@type":"ListItem","position":2,"name":"Boutique","item":"https:\/\/staging.srokafinal.lets-preprod.com\/boutique\/"},{"@type":"ListItem","position":3,"name":"Windsup Hinchable 10&#8217;6x32x6 &#8211; Fusion"}]},{"@type":"WebSite","@id":"https:\/\/staging.srokafinal.lets-preprod.com\/es\/#website","url":"https:\/\/staging.srokafinal.lets-preprod.com\/es\/","name":"SROKA Company","description":"SUP, Kite, Foil, Wing","publisher":{"@id":"https:\/\/staging.srokafinal.lets-preprod.com\/es\/#organization"},"potentialAction":[{"@type":"SearchAction","target":{"@type":"EntryPoint","urlTemplate":"https:\/\/staging.srokafinal.lets-preprod.com\/es\/?s={search_term_string}"},"query-input":{"@type":"PropertyValueSpecification","valueRequired":true,"valueName":"search_term_string"}}],"inLanguage":"es"},{"@type":"Organization","@id":"https:\/\/staging.srokafinal.lets-preprod.com\/es\/#organization","name":"SROKACOMPANY","alternateName":"SROKA","url":"https:\/\/staging.srokafinal.lets-preprod.com\/es\/","logo":{"@type":"ImageObject","inLanguage":"es","@id":"https:\/\/staging.srokafinal.lets-preprod.com\/es\/#\/schema\/logo\/image\/","url":"https:\/\/staging.srokafinal.lets-preprod.com\/wp-content\/uploads\/2021\/01\/logo-sroka-black-transpa.png","contentUrl":"https:\/\/staging.srokafinal.lets-preprod.com\/wp-content\/uploads\/2021\/01\/logo-sroka-black-transpa.png","width":1201,"height":342,"caption":"SROKACOMPANY"},"image":{"@id":"https:\/\/staging.srokafinal.lets-preprod.com\/es\/#\/schema\/logo\/image\/"},"sameAs":["https:\/\/www.facebook.com\/srokawatersports\/","https:\/\/www.instagram.com\/srokawatersports\/","https:\/\/www.youtube.com\/channel\/UCVLHHeaPIm-J5bdEUgxqtZA"]}]}},"uagb_featured_image_src":{"full":["https:\/\/staging.srokafinal.lets-preprod.com\/wp-content\/uploads\/2018\/01\/imageproduit-windsup.png",780,1040,false],"thumbnail":["https:\/\/staging.srokafinal.lets-preprod.com\/wp-content\/uploads\/2018\/01\/imageproduit-windsup-150x150.png",150,150,true],"medium":["https:\/\/staging.srokafinal.lets-preprod.com\/wp-content\/uploads\/2018\/01\/imageproduit-windsup-225x300.png",225,300,true],"medium_large":["https:\/\/staging.srokafinal.lets-preprod.com\/wp-content\/uploads\/2018\/01\/imageproduit-windsup-768x1024.png",768,1024,true],"large":["https:\/\/staging.srokafinal.lets-preprod.com\/wp-content\/uploads\/2018\/01\/imageproduit-windsup-768x1024.png",768,1024,true],"1536x1536":["https:\/\/staging.srokafinal.lets-preprod.com\/wp-content\/uploads\/2018\/01\/imageproduit-windsup.png",780,1040,false],"2048x2048":["https:\/\/staging.srokafinal.lets-preprod.com\/wp-content\/uploads\/2018\/01\/imageproduit-windsup.png",780,1040,false],"woocommerce_thumbnail":["https:\/\/staging.srokafinal.lets-preprod.com\/wp-content\/uploads\/2018\/01\/imageproduit-windsup-600x800.png",600,800,true],"woocommerce_single":["https:\/\/staging.srokafinal.lets-preprod.com\/wp-content\/uploads\/2018\/01\/imageproduit-windsup-600x800.png",600,800,true],"woocommerce_gallery_thumbnail":["https:\/\/staging.srokafinal.lets-preprod.com\/wp-content\/uploads\/2018\/01\/imageproduit-windsup-100x100.png",100,100,true]},"uagb_author_info":{"display_name":"Bruno Sroka","author_link":"https:\/\/staging.srokafinal.lets-preprod.com\/es\/blog\/author\/"},"uagb_comment_info":0,"uagb_excerpt":"WINDSUP HINCHABLE = M\u00c1XIMA VERSATILIDAD El Malibu 10&#8217;6 Inflatable WindSUP es una tabla de paddle surf hinchable que se puede transformar en una tabla de windsurf o en un kayak. Una tabla 3 en 1, \u00bfqu\u00e9 m\u00e1s se puede pedir? Para este windsup hinchable 10&#8217;6 Fusion, hemos mantenido la misma facilidad de uso y estabilidad&hellip;","_links":{"self":[{"href":"https:\/\/staging.srokafinal.lets-preprod.com\/es\/wp-json\/wp\/v2\/product\/108473","targetHints":{"allow":["GET"]}}],"collection":[{"href":"https:\/\/staging.srokafinal.lets-preprod.com\/es\/wp-json\/wp\/v2\/product"}],"about":[{"href":"https:\/\/staging.srokafinal.lets-preprod.com\/es\/wp-json\/wp\/v2\/types\/product"}],"wp:featuredmedia":[{"embeddable":true,"href":"https:\/\/staging.srokafinal.lets-preprod.com\/es\/wp-json\/wp\/v2\/media\/108593"}],"wp:attachment":[{"href":"https:\/\/staging.srokafinal.lets-preprod.com\/es\/wp-json\/wp\/v2\/media?parent=108473"}],"wp:term":[{"taxonomy":"product_brand","embeddable":true,"href":"https:\/\/staging.srokafinal.lets-preprod.com\/es\/wp-json\/wp\/v2\/product_brand?post=108473"},{"taxonomy":"product_cat","embeddable":true,"href":"https:\/\/staging.srokafinal.lets-preprod.com\/es\/wp-json\/wp\/v2\/product_cat?post=108473"},{"taxonomy":"product_tag","embeddable":true,"href":"https:\/\/staging.srokafinal.lets-preprod.com\/es\/wp-json\/wp\/v2\/product_tag?post=108473"}],"curies":[{"name":"wp","href":"https:\/\/api.w.org\/{rel}","templated":true}]}}