


{"id":108552,"date":"2019-11-25T10:36:55","date_gmt":"2019-11-25T08:36:55","guid":{"rendered":"https:\/\/srokacompany.com\/produit\/ocean-walker-104-tabla-de-paddle-surf-hinchable\/"},"modified":"2024-11-23T13:37:02","modified_gmt":"2024-11-23T13:37:02","slug":"ocean-walker-104-tabla-de-paddle-surf-hinchable","status":"publish","type":"product","link":"https:\/\/staging.srokafinal.lets-preprod.com\/es\/produit\/ocean-walker-104-tabla-de-paddle-surf-hinchable\/","title":{"rendered":"Ocean Walker 10&#8217;4 Tabla de Paddle Surf Hinchable"},"content":{"rendered":"<hr>\n<div class=\"woocommerce-product-details__short-description\">\n<div class=\"page\" title=\"P\u00e1gina 2\">\n<div class=\"layoutArea\">\n<div class=\"column\">\n<div class=\"page\" title=\"P\u00e1gina 2\">\n<div class=\"layoutArea\">\n<h2 class=\"p1\"><b>SROKA Ocean Walker: \u00a1Tu remo hinchable a bajo precio!<\/b><\/h2>\n<p class=\"p3\"><b>\u00bfSue\u00f1as con descubrir los placeres del stand up paddle sin arruinarte?<\/b>  \u00a1El SROKA Ocean Walker es tu aliado perfecto! Esta <a href=\"https:\/\/srokacompany.com\/eshop\/stand-up-paddle-gonflable\/\"><br \/>\n  <span class=\"s1\">tabla de stand up paddle hinchable<\/span><br \/>\n<\/a> combina rendimiento y precio asequible para ofrecerte una experiencia inolvidable en el agua.<\/p>\n<p class=\"p4\">Con unas dimensiones de 10&#8217;4 de largo por 32&#8242; de ancho, combina sensaciones de deslizamiento y estabilidad. El morro redondeado y la parte trasera cuadrada perdonan f\u00e1cilmente cualquier error de equilibrio. Para garantizar una buena calidad y una rigidez satisfactoria,<span class=\"Apple-converted-space\">  <\/span>Utilizamos materiales 100% de PVC y dropstitch de alta calidad. Estos materiales son reconocidos en la industria de las embarcaciones semirr\u00edgidas profesionales m\u00e1s eficientes del mercado y te acompa\u00f1ar\u00e1n a largo plazo (<a href=\"https:\/\/srokacompany.com\/2021\/07\/qualite-durabilite\/\"><br \/>\n  <span class=\"s2\">Sroka Quality Charter<\/span><br \/>\n<\/a>).<\/p>\n<p class=\"p5\"><a href=\"https:\/\/srokacompany.com\/2021\/04\/comment-debuter-et-progresser-en-stand-up-paddle\/\">\u00a1Todos nuestros consejos para iniciarse en el SUP en este art\u00edculo!<\/a><\/p>\n<h2 class=\"p6\">\u00bfPor qu\u00e9 elegir la tabla de paddle surf SROKA Ocean Walker barata?<\/h2>\n<ul class=\"ul1\">\n<li class=\"li7\"><b>Un precio imbatible:<\/b> Disfruta de un remo de alto rendimiento sin vaciar la cartera.<\/li>\n<li class=\"li7\"><b>Estabilidad tranquilizadora:<\/b> Perfecta para principiantes y para aquellos que buscan una tabla tranquilizadora.<\/li>\n<li class=\"li7\"><b>Manejo intuitivo:<\/b> Navega con confianza, incluso en aguas turbulentas.<\/li>\n<li class=\"li7\"><b>Construcci\u00f3n duradera:<\/b> Fabricado con materiales de calidad para a\u00f1os de disfrute.<\/li>\n<li class=\"li7\"><b>Versatilidad notable:<\/b> Adecuado para cruceros, senderismo y surf ligero.<\/li>\n<li class=\"li8\"><span class=\"s4\"><b>2 a\u00f1os de garant\u00eda<\/b> en tu tabla de SUP<\/span><\/li>\n<li class=\"li3\"><b>Todo Incluido:<\/b> Bomba, remo, correa y bolsa de transporte para una experiencia llave en mano.<\/li>\n<\/ul>\n<p class=\"p9\">Es una tabla ligera y vers\u00e1til que se adapta a todas las masas de agua: oc\u00e9ano, lago o r\u00edo. Las redes el\u00e1sticas situadas en la parte delantera te permiten llevar tus pertenencias en una bolsa impermeable (no incluida en el pack), o recoger basura durante tus salidas.<\/p>\n<h2 class=\"p6\">Caracter\u00edsticas t\u00e9cnicas de nuestra tabla de paddle surf barata<span class=\"Apple-converted-space\"> <\/span><\/h2>\n<ul class=\"ul1\">\n<li class=\"li7\"><b>Longitud:<\/b> 320 cm (10&#8217;6&#8243;) &#8211; Perfecto para estabilidad y maniobrabilidad<\/li>\n<li class=\"li7\"><b>Ancho:<\/b> 81 cm (32&#8243;) &#8211; Proporciona un asiento y un deslizamiento c\u00f3modos<\/li>\n<li class=\"li7\"><b>Grosor:<\/b> 15 cm (6&#8243;) &#8211; Rigidez \u00f3ptima para una navegaci\u00f3n segura<\/li>\n<li class=\"li7\"><b>Volumen:<\/b> 300 L &#8211; Soporta hasta 120 kg, ideal para salidas en solitario o en d\u00fao<\/li>\n<li class=\"li7\"><b>Peso:<\/b> 9,5 kg (21 libras) &#8211; Ligero y compacto para facilitar el transporte<\/li>\n<li class=\"li7\"><b>Construcci\u00f3n:<\/b> PVC reforzado de doble capa &#8211; Resistencia y durabilidad garantizadas<\/li>\n<li class=\"li7\"><b>Aletas:<\/b> 2 aletas US Fin extra\u00edbles &#8211; Estabilidad y direcci\u00f3n ajustables<\/li>\n<li class=\"li3\"><b>Presi\u00f3n de inflado:<\/b> 15 psi &#8211; Inflado r\u00e1pido y f\u00e1cil<\/li>\n<\/ul>\n<p class=\"p9\">\u00a1La tabla de stand up paddle hinchable Ocean Walker 10&#8217;4 es ideal <a href=\"https:\/\/srokacompany.com\/2022\/07\/nos-conseils-pour-apprendre-le-stand-up-paddle\/\"><br \/>\n  <span class=\"s2\">para aprender a remar de pie f\u00e1cilmente<\/span><br \/>\n<\/a> ! Se vende en un paquete completo con todo lo necesario para practicar stand up paddle de inmediato.<\/p>\n<h2 class=\"p6\">Accesorios incluidos con la tabla de paddle surf Ocean Walker<span class=\"Apple-converted-space\"> <\/span><\/h2>\n<ul class=\"ul1\">\n<li class=\"li7\"><b>Bomba de alta presi\u00f3n:<\/b> Inflado r\u00e1pido y sin esfuerzo<\/li>\n<li class=\"li7\"><b>Pala de aluminio de 3 piezas:<\/b> Ligero y ajustable para todas las tallas<\/li>\n<li class=\"li7\"><b>Correa de tobillo:<\/b> Seguridad esencial para no perder nunca tu tabla<\/li>\n<li class=\"li3\"><b>Bolsa de transporte:<\/b> Almacenamiento c\u00f3modo y protecci\u00f3n \u00f3ptima<\/li>\n<\/ul>\n<p class=\"p9\">Para m\u00e1s opciones, echa un vistazo a nuestras gamas <a href=\"https:\/\/srokacompany.com\/produit\/sup-gonflable-haut-de-gamme-malibu-106-fusion\/\"><br \/>\n  <span class=\"s2\">Malibu<\/span><br \/>\n<\/a> y <a href=\"https:\/\/srokacompany.com\/produit\/stand-up-paddle-gonflable-easy\/\"><br \/>\n  <span class=\"s2\">Easy<\/span><br \/>\n<\/a>.<\/p>\n<p class=\"p3\"><b>La SROKA Ocean Walker es la tabla de paddle surf hinchable ideal para cualquiera que busque una aventura acu\u00e1tica a bajo precio.<\/b>  Sea cual sea tu nivel, esta pala te permitir\u00e1 disfrutar plenamente de los placeres del stand up paddle sin preocuparte por tu presupuesto.<\/p>\n<p class=\"p3\"><b>\u00a1Reg\u00e1late momentos inolvidables en el agua con el SROKA Ocean Walker! \u00a1Haz tu pedido hoy y disfruta de una experiencia de stand up paddle a un precio inmejorable!<\/b><\/p>\n<\/div>\n<\/div>\n<\/div>\n<\/div>\n<\/div>\n<\/div>\n","protected":false},"excerpt":{"rendered":"<p>SROKA Ocean Walker: \u00a1Tu remo hinchable a bajo precio! \u00bfSue\u00f1as con descubrir los placeres del stand up paddle sin arruinarte? \u00a1El SROKA Ocean Walker es tu aliado perfecto! Esta tabla de stand up paddle hinchable combina rendimiento y precio asequible para ofrecerte una experiencia inolvidable en el agua. Con unas dimensiones de 10&#8217;4 de largo [&hellip;]<\/p>\n","protected":false},"featured_media":108637,"template":"","meta":{"_acf_changed":false,"_uag_custom_page_level_css":""},"product_brand":[],"product_cat":[2471],"product_tag":[],"class_list":{"0":"post-108552","1":"product","2":"type-product","3":"status-publish","4":"has-post-thumbnail","6":"product_cat-palas-hinchables","7":"product_shipping_class-unidad-de-sup","8":"pa_ailerons-3-ailerons-amovibles","9":"pa_epaisseur-12-cm-5","10":"pa_largeur-80-cm-31","11":"pa_longueur-1004","12":"pa_materiaux-revetement-en-pvc","13":"pa_programme-initiation-balade-familial","14":"pa_volume-230-l","16":"first","17":"instock","18":"sale","19":"taxable","20":"shipping-taxable","21":"purchasable","22":"product-type-variable","23":"has-default-attributes"},"acf":[],"yoast_head":"<!-- This site is optimized with the Yoast SEO plugin v25.1 - https:\/\/yoast.com\/wordpress\/plugins\/seo\/ -->\n<title>Remo Inflable Barato Ocean Walker - SROKA Company<\/title>\n<meta name=\"description\" content=\"La tabla de paddle surf hinchable Ocean Walker es ideal para iniciarse en el SUP y disfrutar del deslizamiento solo, en familia o con amigos. Descubre nuestra tabla de paddle surf barata.\" \/>\n<meta name=\"robots\" content=\"noindex, follow, max-snippet:-1, max-image-preview:large, max-video-preview:-1\" \/>\n<meta property=\"og:locale\" content=\"es_ES\" \/>\n<meta property=\"og:type\" content=\"article\" \/>\n<meta property=\"og:title\" content=\"Remo Inflable Barato Ocean Walker - SROKA Company\" \/>\n<meta property=\"og:description\" content=\"La tabla de paddle surf hinchable Ocean Walker es ideal para iniciarse en el SUP y disfrutar del deslizamiento solo, en familia o con amigos. Descubre nuestra tabla de paddle surf barata.\" \/>\n<meta property=\"og:url\" content=\"https:\/\/staging.srokafinal.lets-preprod.com\/es\/produit\/ocean-walker-104-tabla-de-paddle-surf-hinchable\/\" \/>\n<meta property=\"og:site_name\" content=\"SROKA Company\" \/>\n<meta property=\"article:publisher\" content=\"https:\/\/www.facebook.com\/srokawatersports\/\" \/>\n<meta property=\"article:modified_time\" content=\"2024-11-23T13:37:02+00:00\" \/>\n<meta property=\"og:image\" content=\"https:\/\/staging.srokafinal.lets-preprod.com\/wp-content\/uploads\/2019\/11\/imageproduit-oceanwalker-1.png\" \/>\n\t<meta property=\"og:image:width\" content=\"780\" \/>\n\t<meta property=\"og:image:height\" content=\"1040\" \/>\n\t<meta property=\"og:image:type\" content=\"image\/png\" \/>\n<meta name=\"twitter:label1\" content=\"Tiempo de lectura\" \/>\n\t<meta name=\"twitter:data1\" content=\"3 minutos\" \/>\n<script type=\"application\/ld+json\" class=\"yoast-schema-graph\">{\"@context\":\"https:\/\/schema.org\",\"@graph\":[{\"@type\":\"WebPage\",\"@id\":\"https:\/\/staging.srokafinal.lets-preprod.com\/es\/produit\/ocean-walker-104-tabla-de-paddle-surf-hinchable\/\",\"url\":\"https:\/\/staging.srokafinal.lets-preprod.com\/es\/produit\/ocean-walker-104-tabla-de-paddle-surf-hinchable\/\",\"name\":\"Remo Inflable Barato Ocean Walker - SROKA Company\",\"isPartOf\":{\"@id\":\"https:\/\/staging.srokafinal.lets-preprod.com\/es\/#website\"},\"primaryImageOfPage\":{\"@id\":\"https:\/\/staging.srokafinal.lets-preprod.com\/es\/produit\/ocean-walker-104-tabla-de-paddle-surf-hinchable\/#primaryimage\"},\"image\":{\"@id\":\"https:\/\/staging.srokafinal.lets-preprod.com\/es\/produit\/ocean-walker-104-tabla-de-paddle-surf-hinchable\/#primaryimage\"},\"thumbnailUrl\":\"https:\/\/staging.srokafinal.lets-preprod.com\/wp-content\/uploads\/2019\/11\/imageproduit-oceanwalker-1.png\",\"datePublished\":\"2019-11-25T08:36:55+00:00\",\"dateModified\":\"2024-11-23T13:37:02+00:00\",\"description\":\"La tabla de paddle surf hinchable Ocean Walker es ideal para iniciarse en el SUP y disfrutar del deslizamiento solo, en familia o con amigos. Descubre nuestra tabla de paddle surf barata.\",\"breadcrumb\":{\"@id\":\"https:\/\/staging.srokafinal.lets-preprod.com\/es\/produit\/ocean-walker-104-tabla-de-paddle-surf-hinchable\/#breadcrumb\"},\"inLanguage\":\"es\",\"potentialAction\":[{\"@type\":\"ReadAction\",\"target\":[\"https:\/\/staging.srokafinal.lets-preprod.com\/es\/produit\/ocean-walker-104-tabla-de-paddle-surf-hinchable\/\"]}]},{\"@type\":\"ImageObject\",\"inLanguage\":\"es\",\"@id\":\"https:\/\/staging.srokafinal.lets-preprod.com\/es\/produit\/ocean-walker-104-tabla-de-paddle-surf-hinchable\/#primaryimage\",\"url\":\"https:\/\/staging.srokafinal.lets-preprod.com\/wp-content\/uploads\/2019\/11\/imageproduit-oceanwalker-1.png\",\"contentUrl\":\"https:\/\/staging.srokafinal.lets-preprod.com\/wp-content\/uploads\/2019\/11\/imageproduit-oceanwalker-1.png\",\"width\":780,\"height\":1040,\"caption\":\"Pack P\u00e1del Hinchable Principiante Sroka\"},{\"@type\":\"BreadcrumbList\",\"@id\":\"https:\/\/staging.srokafinal.lets-preprod.com\/es\/produit\/ocean-walker-104-tabla-de-paddle-surf-hinchable\/#breadcrumb\",\"itemListElement\":[{\"@type\":\"ListItem\",\"position\":1,\"name\":\"Accueil\",\"item\":\"https:\/\/staging.srokafinal.lets-preprod.com\/es\/\"},{\"@type\":\"ListItem\",\"position\":2,\"name\":\"Boutique\",\"item\":\"https:\/\/staging.srokafinal.lets-preprod.com\/boutique\/\"},{\"@type\":\"ListItem\",\"position\":3,\"name\":\"Ocean Walker 10&#8217;4 Tabla de Paddle Surf Hinchable\"}]},{\"@type\":\"WebSite\",\"@id\":\"https:\/\/staging.srokafinal.lets-preprod.com\/es\/#website\",\"url\":\"https:\/\/staging.srokafinal.lets-preprod.com\/es\/\",\"name\":\"SROKA Company\",\"description\":\"SUP, Kite, Foil, Wing\",\"publisher\":{\"@id\":\"https:\/\/staging.srokafinal.lets-preprod.com\/es\/#organization\"},\"potentialAction\":[{\"@type\":\"SearchAction\",\"target\":{\"@type\":\"EntryPoint\",\"urlTemplate\":\"https:\/\/staging.srokafinal.lets-preprod.com\/es\/?s={search_term_string}\"},\"query-input\":{\"@type\":\"PropertyValueSpecification\",\"valueRequired\":true,\"valueName\":\"search_term_string\"}}],\"inLanguage\":\"es\"},{\"@type\":\"Organization\",\"@id\":\"https:\/\/staging.srokafinal.lets-preprod.com\/es\/#organization\",\"name\":\"SROKACOMPANY\",\"alternateName\":\"SROKA\",\"url\":\"https:\/\/staging.srokafinal.lets-preprod.com\/es\/\",\"logo\":{\"@type\":\"ImageObject\",\"inLanguage\":\"es\",\"@id\":\"https:\/\/staging.srokafinal.lets-preprod.com\/es\/#\/schema\/logo\/image\/\",\"url\":\"https:\/\/staging.srokafinal.lets-preprod.com\/wp-content\/uploads\/2021\/01\/logo-sroka-black-transpa.png\",\"contentUrl\":\"https:\/\/staging.srokafinal.lets-preprod.com\/wp-content\/uploads\/2021\/01\/logo-sroka-black-transpa.png\",\"width\":1201,\"height\":342,\"caption\":\"SROKACOMPANY\"},\"image\":{\"@id\":\"https:\/\/staging.srokafinal.lets-preprod.com\/es\/#\/schema\/logo\/image\/\"},\"sameAs\":[\"https:\/\/www.facebook.com\/srokawatersports\/\",\"https:\/\/www.instagram.com\/srokawatersports\/\",\"https:\/\/www.youtube.com\/channel\/UCVLHHeaPIm-J5bdEUgxqtZA\"]}]}<\/script>\n<!-- \/ Yoast SEO plugin. -->","yoast_head_json":{"title":"Remo Inflable Barato Ocean Walker - SROKA Company","description":"La tabla de paddle surf hinchable Ocean Walker es ideal para iniciarse en el SUP y disfrutar del deslizamiento solo, en familia o con amigos. Descubre nuestra tabla de paddle surf barata.","robots":{"index":"noindex","follow":"follow","max-snippet":"max-snippet:-1","max-image-preview":"max-image-preview:large","max-video-preview":"max-video-preview:-1"},"og_locale":"es_ES","og_type":"article","og_title":"Remo Inflable Barato Ocean Walker - SROKA Company","og_description":"La tabla de paddle surf hinchable Ocean Walker es ideal para iniciarse en el SUP y disfrutar del deslizamiento solo, en familia o con amigos. Descubre nuestra tabla de paddle surf barata.","og_url":"https:\/\/staging.srokafinal.lets-preprod.com\/es\/produit\/ocean-walker-104-tabla-de-paddle-surf-hinchable\/","og_site_name":"SROKA Company","article_publisher":"https:\/\/www.facebook.com\/srokawatersports\/","article_modified_time":"2024-11-23T13:37:02+00:00","og_image":[{"width":780,"height":1040,"url":"https:\/\/staging.srokafinal.lets-preprod.com\/wp-content\/uploads\/2019\/11\/imageproduit-oceanwalker-1.png","type":"image\/png"}],"twitter_misc":{"Tiempo de lectura":"3 minutos"},"schema":{"@context":"https:\/\/schema.org","@graph":[{"@type":"WebPage","@id":"https:\/\/staging.srokafinal.lets-preprod.com\/es\/produit\/ocean-walker-104-tabla-de-paddle-surf-hinchable\/","url":"https:\/\/staging.srokafinal.lets-preprod.com\/es\/produit\/ocean-walker-104-tabla-de-paddle-surf-hinchable\/","name":"Remo Inflable Barato Ocean Walker - SROKA Company","isPartOf":{"@id":"https:\/\/staging.srokafinal.lets-preprod.com\/es\/#website"},"primaryImageOfPage":{"@id":"https:\/\/staging.srokafinal.lets-preprod.com\/es\/produit\/ocean-walker-104-tabla-de-paddle-surf-hinchable\/#primaryimage"},"image":{"@id":"https:\/\/staging.srokafinal.lets-preprod.com\/es\/produit\/ocean-walker-104-tabla-de-paddle-surf-hinchable\/#primaryimage"},"thumbnailUrl":"https:\/\/staging.srokafinal.lets-preprod.com\/wp-content\/uploads\/2019\/11\/imageproduit-oceanwalker-1.png","datePublished":"2019-11-25T08:36:55+00:00","dateModified":"2024-11-23T13:37:02+00:00","description":"La tabla de paddle surf hinchable Ocean Walker es ideal para iniciarse en el SUP y disfrutar del deslizamiento solo, en familia o con amigos. Descubre nuestra tabla de paddle surf barata.","breadcrumb":{"@id":"https:\/\/staging.srokafinal.lets-preprod.com\/es\/produit\/ocean-walker-104-tabla-de-paddle-surf-hinchable\/#breadcrumb"},"inLanguage":"es","potentialAction":[{"@type":"ReadAction","target":["https:\/\/staging.srokafinal.lets-preprod.com\/es\/produit\/ocean-walker-104-tabla-de-paddle-surf-hinchable\/"]}]},{"@type":"ImageObject","inLanguage":"es","@id":"https:\/\/staging.srokafinal.lets-preprod.com\/es\/produit\/ocean-walker-104-tabla-de-paddle-surf-hinchable\/#primaryimage","url":"https:\/\/staging.srokafinal.lets-preprod.com\/wp-content\/uploads\/2019\/11\/imageproduit-oceanwalker-1.png","contentUrl":"https:\/\/staging.srokafinal.lets-preprod.com\/wp-content\/uploads\/2019\/11\/imageproduit-oceanwalker-1.png","width":780,"height":1040,"caption":"Pack P\u00e1del Hinchable Principiante Sroka"},{"@type":"BreadcrumbList","@id":"https:\/\/staging.srokafinal.lets-preprod.com\/es\/produit\/ocean-walker-104-tabla-de-paddle-surf-hinchable\/#breadcrumb","itemListElement":[{"@type":"ListItem","position":1,"name":"Accueil","item":"https:\/\/staging.srokafinal.lets-preprod.com\/es\/"},{"@type":"ListItem","position":2,"name":"Boutique","item":"https:\/\/staging.srokafinal.lets-preprod.com\/boutique\/"},{"@type":"ListItem","position":3,"name":"Ocean Walker 10&#8217;4 Tabla de Paddle Surf Hinchable"}]},{"@type":"WebSite","@id":"https:\/\/staging.srokafinal.lets-preprod.com\/es\/#website","url":"https:\/\/staging.srokafinal.lets-preprod.com\/es\/","name":"SROKA Company","description":"SUP, Kite, Foil, Wing","publisher":{"@id":"https:\/\/staging.srokafinal.lets-preprod.com\/es\/#organization"},"potentialAction":[{"@type":"SearchAction","target":{"@type":"EntryPoint","urlTemplate":"https:\/\/staging.srokafinal.lets-preprod.com\/es\/?s={search_term_string}"},"query-input":{"@type":"PropertyValueSpecification","valueRequired":true,"valueName":"search_term_string"}}],"inLanguage":"es"},{"@type":"Organization","@id":"https:\/\/staging.srokafinal.lets-preprod.com\/es\/#organization","name":"SROKACOMPANY","alternateName":"SROKA","url":"https:\/\/staging.srokafinal.lets-preprod.com\/es\/","logo":{"@type":"ImageObject","inLanguage":"es","@id":"https:\/\/staging.srokafinal.lets-preprod.com\/es\/#\/schema\/logo\/image\/","url":"https:\/\/staging.srokafinal.lets-preprod.com\/wp-content\/uploads\/2021\/01\/logo-sroka-black-transpa.png","contentUrl":"https:\/\/staging.srokafinal.lets-preprod.com\/wp-content\/uploads\/2021\/01\/logo-sroka-black-transpa.png","width":1201,"height":342,"caption":"SROKACOMPANY"},"image":{"@id":"https:\/\/staging.srokafinal.lets-preprod.com\/es\/#\/schema\/logo\/image\/"},"sameAs":["https:\/\/www.facebook.com\/srokawatersports\/","https:\/\/www.instagram.com\/srokawatersports\/","https:\/\/www.youtube.com\/channel\/UCVLHHeaPIm-J5bdEUgxqtZA"]}]}},"uagb_featured_image_src":{"full":["https:\/\/staging.srokafinal.lets-preprod.com\/wp-content\/uploads\/2019\/11\/imageproduit-oceanwalker-1.png",780,1040,false],"thumbnail":["https:\/\/staging.srokafinal.lets-preprod.com\/wp-content\/uploads\/2019\/11\/imageproduit-oceanwalker-1-150x150.png",150,150,true],"medium":["https:\/\/staging.srokafinal.lets-preprod.com\/wp-content\/uploads\/2019\/11\/imageproduit-oceanwalker-1-225x300.png",225,300,true],"medium_large":["https:\/\/staging.srokafinal.lets-preprod.com\/wp-content\/uploads\/2019\/11\/imageproduit-oceanwalker-1-768x1024.png",768,1024,true],"large":["https:\/\/staging.srokafinal.lets-preprod.com\/wp-content\/uploads\/2019\/11\/imageproduit-oceanwalker-1-768x1024.png",768,1024,true],"1536x1536":["https:\/\/staging.srokafinal.lets-preprod.com\/wp-content\/uploads\/2019\/11\/imageproduit-oceanwalker-1.png",780,1040,false],"2048x2048":["https:\/\/staging.srokafinal.lets-preprod.com\/wp-content\/uploads\/2019\/11\/imageproduit-oceanwalker-1.png",780,1040,false],"woocommerce_thumbnail":["https:\/\/staging.srokafinal.lets-preprod.com\/wp-content\/uploads\/2019\/11\/imageproduit-oceanwalker-1-600x800.png",600,800,true],"woocommerce_single":["https:\/\/staging.srokafinal.lets-preprod.com\/wp-content\/uploads\/2019\/11\/imageproduit-oceanwalker-1-600x800.png",600,800,true],"woocommerce_gallery_thumbnail":["https:\/\/staging.srokafinal.lets-preprod.com\/wp-content\/uploads\/2019\/11\/imageproduit-oceanwalker-1-100x100.png",100,100,true]},"uagb_author_info":{"display_name":"","author_link":"https:\/\/staging.srokafinal.lets-preprod.com\/es\/blog\/author\/"},"uagb_comment_info":0,"uagb_excerpt":"SROKA Ocean Walker: \u00a1Tu remo hinchable a bajo precio! \u00bfSue\u00f1as con descubrir los placeres del stand up paddle sin arruinarte? \u00a1El SROKA Ocean Walker es tu aliado perfecto! Esta tabla de stand up paddle hinchable combina rendimiento y precio asequible para ofrecerte una experiencia inolvidable en el agua. Con unas dimensiones de 10&#8217;4 de largo&hellip;","_links":{"self":[{"href":"https:\/\/staging.srokafinal.lets-preprod.com\/es\/wp-json\/wp\/v2\/product\/108552","targetHints":{"allow":["GET"]}}],"collection":[{"href":"https:\/\/staging.srokafinal.lets-preprod.com\/es\/wp-json\/wp\/v2\/product"}],"about":[{"href":"https:\/\/staging.srokafinal.lets-preprod.com\/es\/wp-json\/wp\/v2\/types\/product"}],"wp:featuredmedia":[{"embeddable":true,"href":"https:\/\/staging.srokafinal.lets-preprod.com\/es\/wp-json\/wp\/v2\/media\/108637"}],"wp:attachment":[{"href":"https:\/\/staging.srokafinal.lets-preprod.com\/es\/wp-json\/wp\/v2\/media?parent=108552"}],"wp:term":[{"taxonomy":"product_brand","embeddable":true,"href":"https:\/\/staging.srokafinal.lets-preprod.com\/es\/wp-json\/wp\/v2\/product_brand?post=108552"},{"taxonomy":"product_cat","embeddable":true,"href":"https:\/\/staging.srokafinal.lets-preprod.com\/es\/wp-json\/wp\/v2\/product_cat?post=108552"},{"taxonomy":"product_tag","embeddable":true,"href":"https:\/\/staging.srokafinal.lets-preprod.com\/es\/wp-json\/wp\/v2\/product_tag?post=108552"}],"curies":[{"name":"wp","href":"https:\/\/api.w.org\/{rel}","templated":true}]}}