


{"id":108594,"date":"2017-04-24T07:30:07","date_gmt":"2017-04-24T05:30:07","guid":{"rendered":"https:\/\/srokacompany.com\/produit\/aletas-de-doble-punta-y-de-bolsillo\/"},"modified":"2024-05-21T12:32:43","modified_gmt":"2024-05-21T12:32:43","slug":"aletas-de-doble-punta-y-de-bolsillo","status":"publish","type":"product","link":"https:\/\/staging.srokafinal.lets-preprod.com\/es\/produit\/aletas-de-doble-punta-y-de-bolsillo\/","title":{"rendered":"ALETAS DE DOBLE PUNTA Y DE BOLSILLO"},"content":{"rendered":"<hr>\n<h1 style=\"text-align: center;\"><strong>Aletas de doble punta y de bolsillo:<\/strong><\/h1>\n<p>&nbsp;<\/p>\n<p>Las quillas SROKA son compatibles con el SROKA Twin Tip pero tambi\u00e9n con el SROKA Pocket Board.<\/p>\n<p>Para obtener m\u00e1s informaci\u00f3n sobre las placas SROKA:<\/p>\n<p>&#8211;<a href=\"https:\/\/srokacompany.com\/produit\/twin-tip-sroka-138-x42\/\">TWIN TIP SROKA<\/a> (tabla de kitesurf)<\/p>\n<p>&#8211; <a href=\"https:\/\/srokacompany.com\/produit\/pocket-board-kitefoil\/\">POCKET BOARD SROKA<\/a> (tabla de wakeboard y tabla de kitesurf convertible en foil)<\/p>\n","protected":false},"excerpt":{"rendered":"<p>Aletas de doble punta y de bolsillo: &nbsp; Las quillas SROKA son compatibles con el SROKA Twin Tip pero tambi\u00e9n con el SROKA Pocket Board. Para obtener m\u00e1s informaci\u00f3n sobre las placas SROKA: &#8211;TWIN TIP SROKA (tabla de kitesurf) &#8211; POCKET BOARD SROKA (tabla de wakeboard y tabla de kitesurf convertible en foil)<\/p>\n","protected":false},"featured_media":108630,"template":"","meta":{"_acf_changed":false,"_uag_custom_page_level_css":""},"product_brand":[],"product_cat":[3161],"product_tag":[],"class_list":{"0":"post-108594","1":"product","2":"type-product","3":"status-publish","4":"has-post-thumbnail","6":"product_cat-gama-uha-downwind","8":"first","9":"outofstock","10":"sale","11":"taxable","12":"shipping-taxable","13":"purchasable","14":"product-type-simple"},"acf":[],"yoast_head":"<!-- This site is optimized with the Yoast SEO plugin v25.1 - https:\/\/yoast.com\/wordpress\/plugins\/seo\/ -->\n<title>ALETAS TWIN TIP Y POCKET BOARD - SROKA Watersports - Empresa<\/title>\n<meta name=\"description\" content=\"Las TWIN TIP FINS SROKA son unas aletas de kitesurf vers\u00e1tiles y resistentes, tambi\u00e9n se pueden contar en nuestra POCKET BOARD SROKA.\" \/>\n<meta name=\"robots\" content=\"noindex, follow, max-snippet:-1, max-image-preview:large, max-video-preview:-1\" \/>\n<meta property=\"og:locale\" content=\"es_ES\" \/>\n<meta property=\"og:type\" content=\"article\" \/>\n<meta property=\"og:title\" content=\"ALETAS TWIN TIP Y POCKET BOARD - SROKA Watersports - Empresa\" \/>\n<meta property=\"og:description\" content=\"Las TWIN TIP FINS SROKA son unas aletas de kitesurf vers\u00e1tiles y resistentes, tambi\u00e9n se pueden contar en nuestra POCKET BOARD SROKA.\" \/>\n<meta property=\"og:url\" content=\"https:\/\/staging.srokafinal.lets-preprod.com\/es\/produit\/aletas-de-doble-punta-y-de-bolsillo\/\" \/>\n<meta property=\"og:site_name\" content=\"SROKA Company\" \/>\n<meta property=\"article:publisher\" content=\"https:\/\/www.facebook.com\/srokawatersports\/\" \/>\n<meta property=\"article:modified_time\" content=\"2024-05-21T12:32:43+00:00\" \/>\n<meta property=\"og:image\" content=\"https:\/\/staging.srokafinal.lets-preprod.com\/wp-content\/uploads\/2017\/04\/FIns_SROKA_Twin_tip.png\" \/>\n\t<meta property=\"og:image:width\" content=\"640\" \/>\n\t<meta property=\"og:image:height\" content=\"640\" \/>\n\t<meta property=\"og:image:type\" content=\"image\/png\" \/>\n<script type=\"application\/ld+json\" class=\"yoast-schema-graph\">{\"@context\":\"https:\/\/schema.org\",\"@graph\":[{\"@type\":\"WebPage\",\"@id\":\"https:\/\/staging.srokafinal.lets-preprod.com\/es\/produit\/aletas-de-doble-punta-y-de-bolsillo\/\",\"url\":\"https:\/\/staging.srokafinal.lets-preprod.com\/es\/produit\/aletas-de-doble-punta-y-de-bolsillo\/\",\"name\":\"ALETAS TWIN TIP Y POCKET BOARD - SROKA Watersports - Empresa\",\"isPartOf\":{\"@id\":\"https:\/\/staging.srokafinal.lets-preprod.com\/es\/#website\"},\"primaryImageOfPage\":{\"@id\":\"https:\/\/staging.srokafinal.lets-preprod.com\/es\/produit\/aletas-de-doble-punta-y-de-bolsillo\/#primaryimage\"},\"image\":{\"@id\":\"https:\/\/staging.srokafinal.lets-preprod.com\/es\/produit\/aletas-de-doble-punta-y-de-bolsillo\/#primaryimage\"},\"thumbnailUrl\":\"https:\/\/staging.srokafinal.lets-preprod.com\/wp-content\/uploads\/2017\/04\/FIns_SROKA_Twin_tip.png\",\"datePublished\":\"2017-04-24T05:30:07+00:00\",\"dateModified\":\"2024-05-21T12:32:43+00:00\",\"description\":\"Las TWIN TIP FINS SROKA son unas aletas de kitesurf vers\u00e1tiles y resistentes, tambi\u00e9n se pueden contar en nuestra POCKET BOARD SROKA.\",\"breadcrumb\":{\"@id\":\"https:\/\/staging.srokafinal.lets-preprod.com\/es\/produit\/aletas-de-doble-punta-y-de-bolsillo\/#breadcrumb\"},\"inLanguage\":\"es\",\"potentialAction\":[{\"@type\":\"ReadAction\",\"target\":[\"https:\/\/staging.srokafinal.lets-preprod.com\/es\/produit\/aletas-de-doble-punta-y-de-bolsillo\/\"]}]},{\"@type\":\"ImageObject\",\"inLanguage\":\"es\",\"@id\":\"https:\/\/staging.srokafinal.lets-preprod.com\/es\/produit\/aletas-de-doble-punta-y-de-bolsillo\/#primaryimage\",\"url\":\"https:\/\/staging.srokafinal.lets-preprod.com\/wp-content\/uploads\/2017\/04\/FIns_SROKA_Twin_tip.png\",\"contentUrl\":\"https:\/\/staging.srokafinal.lets-preprod.com\/wp-content\/uploads\/2017\/04\/FIns_SROKA_Twin_tip.png\",\"width\":640,\"height\":640},{\"@type\":\"BreadcrumbList\",\"@id\":\"https:\/\/staging.srokafinal.lets-preprod.com\/es\/produit\/aletas-de-doble-punta-y-de-bolsillo\/#breadcrumb\",\"itemListElement\":[{\"@type\":\"ListItem\",\"position\":1,\"name\":\"Accueil\",\"item\":\"https:\/\/staging.srokafinal.lets-preprod.com\/es\/\"},{\"@type\":\"ListItem\",\"position\":2,\"name\":\"Boutique\",\"item\":\"https:\/\/staging.srokafinal.lets-preprod.com\/boutique\/\"},{\"@type\":\"ListItem\",\"position\":3,\"name\":\"ALETAS DE DOBLE PUNTA Y DE BOLSILLO\"}]},{\"@type\":\"WebSite\",\"@id\":\"https:\/\/staging.srokafinal.lets-preprod.com\/es\/#website\",\"url\":\"https:\/\/staging.srokafinal.lets-preprod.com\/es\/\",\"name\":\"SROKA Company\",\"description\":\"SUP, Kite, Foil, Wing\",\"publisher\":{\"@id\":\"https:\/\/staging.srokafinal.lets-preprod.com\/es\/#organization\"},\"potentialAction\":[{\"@type\":\"SearchAction\",\"target\":{\"@type\":\"EntryPoint\",\"urlTemplate\":\"https:\/\/staging.srokafinal.lets-preprod.com\/es\/?s={search_term_string}\"},\"query-input\":{\"@type\":\"PropertyValueSpecification\",\"valueRequired\":true,\"valueName\":\"search_term_string\"}}],\"inLanguage\":\"es\"},{\"@type\":\"Organization\",\"@id\":\"https:\/\/staging.srokafinal.lets-preprod.com\/es\/#organization\",\"name\":\"SROKACOMPANY\",\"alternateName\":\"SROKA\",\"url\":\"https:\/\/staging.srokafinal.lets-preprod.com\/es\/\",\"logo\":{\"@type\":\"ImageObject\",\"inLanguage\":\"es\",\"@id\":\"https:\/\/staging.srokafinal.lets-preprod.com\/es\/#\/schema\/logo\/image\/\",\"url\":\"https:\/\/staging.srokafinal.lets-preprod.com\/wp-content\/uploads\/2021\/01\/logo-sroka-black-transpa.png\",\"contentUrl\":\"https:\/\/staging.srokafinal.lets-preprod.com\/wp-content\/uploads\/2021\/01\/logo-sroka-black-transpa.png\",\"width\":1201,\"height\":342,\"caption\":\"SROKACOMPANY\"},\"image\":{\"@id\":\"https:\/\/staging.srokafinal.lets-preprod.com\/es\/#\/schema\/logo\/image\/\"},\"sameAs\":[\"https:\/\/www.facebook.com\/srokawatersports\/\",\"https:\/\/www.instagram.com\/srokawatersports\/\",\"https:\/\/www.youtube.com\/channel\/UCVLHHeaPIm-J5bdEUgxqtZA\"]}]}<\/script>\n<!-- \/ Yoast SEO plugin. -->","yoast_head_json":{"title":"ALETAS TWIN TIP Y POCKET BOARD - SROKA Watersports - Empresa","description":"Las TWIN TIP FINS SROKA son unas aletas de kitesurf vers\u00e1tiles y resistentes, tambi\u00e9n se pueden contar en nuestra POCKET BOARD SROKA.","robots":{"index":"noindex","follow":"follow","max-snippet":"max-snippet:-1","max-image-preview":"max-image-preview:large","max-video-preview":"max-video-preview:-1"},"og_locale":"es_ES","og_type":"article","og_title":"ALETAS TWIN TIP Y POCKET BOARD - SROKA Watersports - Empresa","og_description":"Las TWIN TIP FINS SROKA son unas aletas de kitesurf vers\u00e1tiles y resistentes, tambi\u00e9n se pueden contar en nuestra POCKET BOARD SROKA.","og_url":"https:\/\/staging.srokafinal.lets-preprod.com\/es\/produit\/aletas-de-doble-punta-y-de-bolsillo\/","og_site_name":"SROKA Company","article_publisher":"https:\/\/www.facebook.com\/srokawatersports\/","article_modified_time":"2024-05-21T12:32:43+00:00","og_image":[{"width":640,"height":640,"url":"https:\/\/staging.srokafinal.lets-preprod.com\/wp-content\/uploads\/2017\/04\/FIns_SROKA_Twin_tip.png","type":"image\/png"}],"schema":{"@context":"https:\/\/schema.org","@graph":[{"@type":"WebPage","@id":"https:\/\/staging.srokafinal.lets-preprod.com\/es\/produit\/aletas-de-doble-punta-y-de-bolsillo\/","url":"https:\/\/staging.srokafinal.lets-preprod.com\/es\/produit\/aletas-de-doble-punta-y-de-bolsillo\/","name":"ALETAS TWIN TIP Y POCKET BOARD - SROKA Watersports - Empresa","isPartOf":{"@id":"https:\/\/staging.srokafinal.lets-preprod.com\/es\/#website"},"primaryImageOfPage":{"@id":"https:\/\/staging.srokafinal.lets-preprod.com\/es\/produit\/aletas-de-doble-punta-y-de-bolsillo\/#primaryimage"},"image":{"@id":"https:\/\/staging.srokafinal.lets-preprod.com\/es\/produit\/aletas-de-doble-punta-y-de-bolsillo\/#primaryimage"},"thumbnailUrl":"https:\/\/staging.srokafinal.lets-preprod.com\/wp-content\/uploads\/2017\/04\/FIns_SROKA_Twin_tip.png","datePublished":"2017-04-24T05:30:07+00:00","dateModified":"2024-05-21T12:32:43+00:00","description":"Las TWIN TIP FINS SROKA son unas aletas de kitesurf vers\u00e1tiles y resistentes, tambi\u00e9n se pueden contar en nuestra POCKET BOARD SROKA.","breadcrumb":{"@id":"https:\/\/staging.srokafinal.lets-preprod.com\/es\/produit\/aletas-de-doble-punta-y-de-bolsillo\/#breadcrumb"},"inLanguage":"es","potentialAction":[{"@type":"ReadAction","target":["https:\/\/staging.srokafinal.lets-preprod.com\/es\/produit\/aletas-de-doble-punta-y-de-bolsillo\/"]}]},{"@type":"ImageObject","inLanguage":"es","@id":"https:\/\/staging.srokafinal.lets-preprod.com\/es\/produit\/aletas-de-doble-punta-y-de-bolsillo\/#primaryimage","url":"https:\/\/staging.srokafinal.lets-preprod.com\/wp-content\/uploads\/2017\/04\/FIns_SROKA_Twin_tip.png","contentUrl":"https:\/\/staging.srokafinal.lets-preprod.com\/wp-content\/uploads\/2017\/04\/FIns_SROKA_Twin_tip.png","width":640,"height":640},{"@type":"BreadcrumbList","@id":"https:\/\/staging.srokafinal.lets-preprod.com\/es\/produit\/aletas-de-doble-punta-y-de-bolsillo\/#breadcrumb","itemListElement":[{"@type":"ListItem","position":1,"name":"Accueil","item":"https:\/\/staging.srokafinal.lets-preprod.com\/es\/"},{"@type":"ListItem","position":2,"name":"Boutique","item":"https:\/\/staging.srokafinal.lets-preprod.com\/boutique\/"},{"@type":"ListItem","position":3,"name":"ALETAS DE DOBLE PUNTA Y DE BOLSILLO"}]},{"@type":"WebSite","@id":"https:\/\/staging.srokafinal.lets-preprod.com\/es\/#website","url":"https:\/\/staging.srokafinal.lets-preprod.com\/es\/","name":"SROKA Company","description":"SUP, Kite, Foil, Wing","publisher":{"@id":"https:\/\/staging.srokafinal.lets-preprod.com\/es\/#organization"},"potentialAction":[{"@type":"SearchAction","target":{"@type":"EntryPoint","urlTemplate":"https:\/\/staging.srokafinal.lets-preprod.com\/es\/?s={search_term_string}"},"query-input":{"@type":"PropertyValueSpecification","valueRequired":true,"valueName":"search_term_string"}}],"inLanguage":"es"},{"@type":"Organization","@id":"https:\/\/staging.srokafinal.lets-preprod.com\/es\/#organization","name":"SROKACOMPANY","alternateName":"SROKA","url":"https:\/\/staging.srokafinal.lets-preprod.com\/es\/","logo":{"@type":"ImageObject","inLanguage":"es","@id":"https:\/\/staging.srokafinal.lets-preprod.com\/es\/#\/schema\/logo\/image\/","url":"https:\/\/staging.srokafinal.lets-preprod.com\/wp-content\/uploads\/2021\/01\/logo-sroka-black-transpa.png","contentUrl":"https:\/\/staging.srokafinal.lets-preprod.com\/wp-content\/uploads\/2021\/01\/logo-sroka-black-transpa.png","width":1201,"height":342,"caption":"SROKACOMPANY"},"image":{"@id":"https:\/\/staging.srokafinal.lets-preprod.com\/es\/#\/schema\/logo\/image\/"},"sameAs":["https:\/\/www.facebook.com\/srokawatersports\/","https:\/\/www.instagram.com\/srokawatersports\/","https:\/\/www.youtube.com\/channel\/UCVLHHeaPIm-J5bdEUgxqtZA"]}]}},"uagb_featured_image_src":{"full":["https:\/\/staging.srokafinal.lets-preprod.com\/wp-content\/uploads\/2017\/04\/FIns_SROKA_Twin_tip.png",640,640,false],"thumbnail":["https:\/\/staging.srokafinal.lets-preprod.com\/wp-content\/uploads\/2017\/04\/FIns_SROKA_Twin_tip-150x150.png",150,150,true],"medium":["https:\/\/staging.srokafinal.lets-preprod.com\/wp-content\/uploads\/2017\/04\/FIns_SROKA_Twin_tip-300x300.png",300,300,true],"medium_large":["https:\/\/staging.srokafinal.lets-preprod.com\/wp-content\/uploads\/2017\/04\/FIns_SROKA_Twin_tip.png",640,640,false],"large":["https:\/\/staging.srokafinal.lets-preprod.com\/wp-content\/uploads\/2017\/04\/FIns_SROKA_Twin_tip.png",640,640,false],"1536x1536":["https:\/\/staging.srokafinal.lets-preprod.com\/wp-content\/uploads\/2017\/04\/FIns_SROKA_Twin_tip.png",640,640,false],"2048x2048":["https:\/\/staging.srokafinal.lets-preprod.com\/wp-content\/uploads\/2017\/04\/FIns_SROKA_Twin_tip.png",640,640,false],"woocommerce_thumbnail":["https:\/\/staging.srokafinal.lets-preprod.com\/wp-content\/uploads\/2017\/04\/FIns_SROKA_Twin_tip-600x600.png",600,600,true],"woocommerce_single":["https:\/\/staging.srokafinal.lets-preprod.com\/wp-content\/uploads\/2017\/04\/FIns_SROKA_Twin_tip-600x600.png",600,600,true],"woocommerce_gallery_thumbnail":["https:\/\/staging.srokafinal.lets-preprod.com\/wp-content\/uploads\/2017\/04\/FIns_SROKA_Twin_tip-100x100.png",100,100,true]},"uagb_author_info":{"display_name":"matthieumilliot_xd7qukoc","author_link":"https:\/\/staging.srokafinal.lets-preprod.com\/es\/blog\/author\/"},"uagb_comment_info":0,"uagb_excerpt":"Aletas de doble punta y de bolsillo: &nbsp; Las quillas SROKA son compatibles con el SROKA Twin Tip pero tambi\u00e9n con el SROKA Pocket Board. Para obtener m\u00e1s informaci\u00f3n sobre las placas SROKA: &#8211;TWIN TIP SROKA (tabla de kitesurf) &#8211; POCKET BOARD SROKA (tabla de wakeboard y tabla de kitesurf convertible en foil)","_links":{"self":[{"href":"https:\/\/staging.srokafinal.lets-preprod.com\/es\/wp-json\/wp\/v2\/product\/108594","targetHints":{"allow":["GET"]}}],"collection":[{"href":"https:\/\/staging.srokafinal.lets-preprod.com\/es\/wp-json\/wp\/v2\/product"}],"about":[{"href":"https:\/\/staging.srokafinal.lets-preprod.com\/es\/wp-json\/wp\/v2\/types\/product"}],"wp:featuredmedia":[{"embeddable":true,"href":"https:\/\/staging.srokafinal.lets-preprod.com\/es\/wp-json\/wp\/v2\/media\/108630"}],"wp:attachment":[{"href":"https:\/\/staging.srokafinal.lets-preprod.com\/es\/wp-json\/wp\/v2\/media?parent=108594"}],"wp:term":[{"taxonomy":"product_brand","embeddable":true,"href":"https:\/\/staging.srokafinal.lets-preprod.com\/es\/wp-json\/wp\/v2\/product_brand?post=108594"},{"taxonomy":"product_cat","embeddable":true,"href":"https:\/\/staging.srokafinal.lets-preprod.com\/es\/wp-json\/wp\/v2\/product_cat?post=108594"},{"taxonomy":"product_tag","embeddable":true,"href":"https:\/\/staging.srokafinal.lets-preprod.com\/es\/wp-json\/wp\/v2\/product_tag?post=108594"}],"curies":[{"name":"wp","href":"https:\/\/api.w.org\/{rel}","templated":true}]}}