


{"id":108842,"date":"2017-12-29T21:03:52","date_gmt":"2017-12-29T19:03:52","guid":{"rendered":"https:\/\/srokacompany.com\/produit\/mastil-kitefoil-95-o-75cm-100-carbono\/"},"modified":"2024-05-21T12:32:32","modified_gmt":"2024-05-21T12:32:32","slug":"mastil-kitefoil-95-o-75cm-100-carbono","status":"publish","type":"product","link":"https:\/\/staging.srokafinal.lets-preprod.com\/es\/produit\/mastil-kitefoil-95-o-75cm-100-carbono\/","title":{"rendered":"M\u00e1stil Kitefoil 95 o 75cm 100% carbono"},"content":{"rendered":"<hr>\n<p>El m\u00e1stil de carbono ha sido dise\u00f1ado para proporcionar la m\u00e1xima rigidez con la m\u00ednima resistencia. Fue construido en carbono 100%. No hay espuma en el interior del m\u00e1stil, lo que garantiza un m\u00e1stil con el m\u00ednimo de flexi\u00f3n y torsi\u00f3n, pero sobre todo garantiza la m\u00e1xima fiabilidad. Carbono 100% mate, estuche Probox. Est\u00e1 disponible en dos tama\u00f1os: 95 cm y 75 cm.<\/p>\n","protected":false},"excerpt":{"rendered":"<p>El m\u00e1stil de carbono ha sido dise\u00f1ado para proporcionar la m\u00e1xima rigidez con la m\u00ednima resistencia. Fue construido en carbono 100%. No hay espuma en el interior del m\u00e1stil, lo que garantiza un m\u00e1stil con el m\u00ednimo de flexi\u00f3n y torsi\u00f3n, pero sobre todo garantiza la m\u00e1xima fiabilidad. Carbono 100% mate, estuche Probox. Est\u00e1 disponible [&hellip;]<\/p>\n","protected":false},"featured_media":108848,"template":"","meta":{"_acf_changed":false,"_uag_custom_page_level_css":""},"product_brand":[],"product_cat":[2483],"product_tag":[],"class_list":{"0":"post-108842","1":"product","2":"type-product","3":"status-publish","4":"has-post-thumbnail","6":"product_cat-foil","8":"first","9":"instock","10":"sale","11":"taxable","12":"shipping-taxable","13":"purchasable","14":"product-type-variable"},"acf":[],"yoast_head":"<!-- This site is optimized with the Yoast SEO plugin v25.1 - https:\/\/yoast.com\/wordpress\/plugins\/seo\/ -->\n<title>M\u00e1stil Kitefoil 95 o 75cm 100% carbono - SROKA Company<\/title>\n<meta name=\"description\" content=\"El m\u00e1stil de kitefoil 100% carbono de Sroka Company est\u00e1 disponible en dos tama\u00f1os, 75 y 95 cm. El mejor kitefoil al mejor precio.\" \/>\n<meta name=\"robots\" content=\"noindex, follow, max-snippet:-1, max-image-preview:large, max-video-preview:-1\" \/>\n<meta property=\"og:locale\" content=\"es_ES\" \/>\n<meta property=\"og:type\" content=\"article\" \/>\n<meta property=\"og:title\" content=\"M\u00e1stil Kitefoil 95 o 75cm 100% carbono - SROKA Company\" \/>\n<meta property=\"og:description\" content=\"El m\u00e1stil de kitefoil 100% carbono de Sroka Company est\u00e1 disponible en dos tama\u00f1os, 75 y 95 cm. El mejor kitefoil al mejor precio.\" \/>\n<meta property=\"og:url\" content=\"https:\/\/staging.srokafinal.lets-preprod.com\/es\/produit\/mastil-kitefoil-95-o-75cm-100-carbono\/\" \/>\n<meta property=\"og:site_name\" content=\"SROKA Company\" \/>\n<meta property=\"article:publisher\" content=\"https:\/\/www.facebook.com\/srokawatersports\/\" \/>\n<meta property=\"article:modified_time\" content=\"2024-05-21T12:32:32+00:00\" \/>\n<meta property=\"og:image\" content=\"https:\/\/staging.srokafinal.lets-preprod.com\/wp-content\/uploads\/2017\/12\/mat-carbone-kitefoil.jpg\" \/>\n\t<meta property=\"og:image:width\" content=\"780\" \/>\n\t<meta property=\"og:image:height\" content=\"1040\" \/>\n\t<meta property=\"og:image:type\" content=\"image\/jpeg\" \/>\n<script type=\"application\/ld+json\" class=\"yoast-schema-graph\">{\"@context\":\"https:\/\/schema.org\",\"@graph\":[{\"@type\":\"WebPage\",\"@id\":\"https:\/\/staging.srokafinal.lets-preprod.com\/es\/produit\/mastil-kitefoil-95-o-75cm-100-carbono\/\",\"url\":\"https:\/\/staging.srokafinal.lets-preprod.com\/es\/produit\/mastil-kitefoil-95-o-75cm-100-carbono\/\",\"name\":\"M\u00e1stil Kitefoil 95 o 75cm 100% carbono - SROKA Company\",\"isPartOf\":{\"@id\":\"https:\/\/staging.srokafinal.lets-preprod.com\/es\/#website\"},\"primaryImageOfPage\":{\"@id\":\"https:\/\/staging.srokafinal.lets-preprod.com\/es\/produit\/mastil-kitefoil-95-o-75cm-100-carbono\/#primaryimage\"},\"image\":{\"@id\":\"https:\/\/staging.srokafinal.lets-preprod.com\/es\/produit\/mastil-kitefoil-95-o-75cm-100-carbono\/#primaryimage\"},\"thumbnailUrl\":\"https:\/\/staging.srokafinal.lets-preprod.com\/wp-content\/uploads\/2017\/12\/mat-carbone-kitefoil.jpg\",\"datePublished\":\"2017-12-29T19:03:52+00:00\",\"dateModified\":\"2024-05-21T12:32:32+00:00\",\"description\":\"El m\u00e1stil de kitefoil 100% carbono de Sroka Company est\u00e1 disponible en dos tama\u00f1os, 75 y 95 cm. El mejor kitefoil al mejor precio.\",\"breadcrumb\":{\"@id\":\"https:\/\/staging.srokafinal.lets-preprod.com\/es\/produit\/mastil-kitefoil-95-o-75cm-100-carbono\/#breadcrumb\"},\"inLanguage\":\"es\",\"potentialAction\":[{\"@type\":\"ReadAction\",\"target\":[\"https:\/\/staging.srokafinal.lets-preprod.com\/es\/produit\/mastil-kitefoil-95-o-75cm-100-carbono\/\"]}]},{\"@type\":\"ImageObject\",\"inLanguage\":\"es\",\"@id\":\"https:\/\/staging.srokafinal.lets-preprod.com\/es\/produit\/mastil-kitefoil-95-o-75cm-100-carbono\/#primaryimage\",\"url\":\"https:\/\/staging.srokafinal.lets-preprod.com\/wp-content\/uploads\/2017\/12\/mat-carbone-kitefoil.jpg\",\"contentUrl\":\"https:\/\/staging.srokafinal.lets-preprod.com\/wp-content\/uploads\/2017\/12\/mat-carbone-kitefoil.jpg\",\"width\":780,\"height\":1040},{\"@type\":\"BreadcrumbList\",\"@id\":\"https:\/\/staging.srokafinal.lets-preprod.com\/es\/produit\/mastil-kitefoil-95-o-75cm-100-carbono\/#breadcrumb\",\"itemListElement\":[{\"@type\":\"ListItem\",\"position\":1,\"name\":\"Accueil\",\"item\":\"https:\/\/staging.srokafinal.lets-preprod.com\/es\/\"},{\"@type\":\"ListItem\",\"position\":2,\"name\":\"Boutique\",\"item\":\"https:\/\/staging.srokafinal.lets-preprod.com\/boutique\/\"},{\"@type\":\"ListItem\",\"position\":3,\"name\":\"M\u00e1stil Kitefoil 95 o 75cm 100% carbono\"}]},{\"@type\":\"WebSite\",\"@id\":\"https:\/\/staging.srokafinal.lets-preprod.com\/es\/#website\",\"url\":\"https:\/\/staging.srokafinal.lets-preprod.com\/es\/\",\"name\":\"SROKA Company\",\"description\":\"SUP, Kite, Foil, Wing\",\"publisher\":{\"@id\":\"https:\/\/staging.srokafinal.lets-preprod.com\/es\/#organization\"},\"potentialAction\":[{\"@type\":\"SearchAction\",\"target\":{\"@type\":\"EntryPoint\",\"urlTemplate\":\"https:\/\/staging.srokafinal.lets-preprod.com\/es\/?s={search_term_string}\"},\"query-input\":{\"@type\":\"PropertyValueSpecification\",\"valueRequired\":true,\"valueName\":\"search_term_string\"}}],\"inLanguage\":\"es\"},{\"@type\":\"Organization\",\"@id\":\"https:\/\/staging.srokafinal.lets-preprod.com\/es\/#organization\",\"name\":\"SROKACOMPANY\",\"alternateName\":\"SROKA\",\"url\":\"https:\/\/staging.srokafinal.lets-preprod.com\/es\/\",\"logo\":{\"@type\":\"ImageObject\",\"inLanguage\":\"es\",\"@id\":\"https:\/\/staging.srokafinal.lets-preprod.com\/es\/#\/schema\/logo\/image\/\",\"url\":\"https:\/\/staging.srokafinal.lets-preprod.com\/wp-content\/uploads\/2021\/01\/logo-sroka-black-transpa.png\",\"contentUrl\":\"https:\/\/staging.srokafinal.lets-preprod.com\/wp-content\/uploads\/2021\/01\/logo-sroka-black-transpa.png\",\"width\":1201,\"height\":342,\"caption\":\"SROKACOMPANY\"},\"image\":{\"@id\":\"https:\/\/staging.srokafinal.lets-preprod.com\/es\/#\/schema\/logo\/image\/\"},\"sameAs\":[\"https:\/\/www.facebook.com\/srokawatersports\/\",\"https:\/\/www.instagram.com\/srokawatersports\/\",\"https:\/\/www.youtube.com\/channel\/UCVLHHeaPIm-J5bdEUgxqtZA\"]}]}<\/script>\n<!-- \/ Yoast SEO plugin. -->","yoast_head_json":{"title":"M\u00e1stil Kitefoil 95 o 75cm 100% carbono - SROKA Company","description":"El m\u00e1stil de kitefoil 100% carbono de Sroka Company est\u00e1 disponible en dos tama\u00f1os, 75 y 95 cm. El mejor kitefoil al mejor precio.","robots":{"index":"noindex","follow":"follow","max-snippet":"max-snippet:-1","max-image-preview":"max-image-preview:large","max-video-preview":"max-video-preview:-1"},"og_locale":"es_ES","og_type":"article","og_title":"M\u00e1stil Kitefoil 95 o 75cm 100% carbono - SROKA Company","og_description":"El m\u00e1stil de kitefoil 100% carbono de Sroka Company est\u00e1 disponible en dos tama\u00f1os, 75 y 95 cm. El mejor kitefoil al mejor precio.","og_url":"https:\/\/staging.srokafinal.lets-preprod.com\/es\/produit\/mastil-kitefoil-95-o-75cm-100-carbono\/","og_site_name":"SROKA Company","article_publisher":"https:\/\/www.facebook.com\/srokawatersports\/","article_modified_time":"2024-05-21T12:32:32+00:00","og_image":[{"width":780,"height":1040,"url":"https:\/\/staging.srokafinal.lets-preprod.com\/wp-content\/uploads\/2017\/12\/mat-carbone-kitefoil.jpg","type":"image\/jpeg"}],"schema":{"@context":"https:\/\/schema.org","@graph":[{"@type":"WebPage","@id":"https:\/\/staging.srokafinal.lets-preprod.com\/es\/produit\/mastil-kitefoil-95-o-75cm-100-carbono\/","url":"https:\/\/staging.srokafinal.lets-preprod.com\/es\/produit\/mastil-kitefoil-95-o-75cm-100-carbono\/","name":"M\u00e1stil Kitefoil 95 o 75cm 100% carbono - SROKA Company","isPartOf":{"@id":"https:\/\/staging.srokafinal.lets-preprod.com\/es\/#website"},"primaryImageOfPage":{"@id":"https:\/\/staging.srokafinal.lets-preprod.com\/es\/produit\/mastil-kitefoil-95-o-75cm-100-carbono\/#primaryimage"},"image":{"@id":"https:\/\/staging.srokafinal.lets-preprod.com\/es\/produit\/mastil-kitefoil-95-o-75cm-100-carbono\/#primaryimage"},"thumbnailUrl":"https:\/\/staging.srokafinal.lets-preprod.com\/wp-content\/uploads\/2017\/12\/mat-carbone-kitefoil.jpg","datePublished":"2017-12-29T19:03:52+00:00","dateModified":"2024-05-21T12:32:32+00:00","description":"El m\u00e1stil de kitefoil 100% carbono de Sroka Company est\u00e1 disponible en dos tama\u00f1os, 75 y 95 cm. El mejor kitefoil al mejor precio.","breadcrumb":{"@id":"https:\/\/staging.srokafinal.lets-preprod.com\/es\/produit\/mastil-kitefoil-95-o-75cm-100-carbono\/#breadcrumb"},"inLanguage":"es","potentialAction":[{"@type":"ReadAction","target":["https:\/\/staging.srokafinal.lets-preprod.com\/es\/produit\/mastil-kitefoil-95-o-75cm-100-carbono\/"]}]},{"@type":"ImageObject","inLanguage":"es","@id":"https:\/\/staging.srokafinal.lets-preprod.com\/es\/produit\/mastil-kitefoil-95-o-75cm-100-carbono\/#primaryimage","url":"https:\/\/staging.srokafinal.lets-preprod.com\/wp-content\/uploads\/2017\/12\/mat-carbone-kitefoil.jpg","contentUrl":"https:\/\/staging.srokafinal.lets-preprod.com\/wp-content\/uploads\/2017\/12\/mat-carbone-kitefoil.jpg","width":780,"height":1040},{"@type":"BreadcrumbList","@id":"https:\/\/staging.srokafinal.lets-preprod.com\/es\/produit\/mastil-kitefoil-95-o-75cm-100-carbono\/#breadcrumb","itemListElement":[{"@type":"ListItem","position":1,"name":"Accueil","item":"https:\/\/staging.srokafinal.lets-preprod.com\/es\/"},{"@type":"ListItem","position":2,"name":"Boutique","item":"https:\/\/staging.srokafinal.lets-preprod.com\/boutique\/"},{"@type":"ListItem","position":3,"name":"M\u00e1stil Kitefoil 95 o 75cm 100% carbono"}]},{"@type":"WebSite","@id":"https:\/\/staging.srokafinal.lets-preprod.com\/es\/#website","url":"https:\/\/staging.srokafinal.lets-preprod.com\/es\/","name":"SROKA Company","description":"SUP, Kite, Foil, Wing","publisher":{"@id":"https:\/\/staging.srokafinal.lets-preprod.com\/es\/#organization"},"potentialAction":[{"@type":"SearchAction","target":{"@type":"EntryPoint","urlTemplate":"https:\/\/staging.srokafinal.lets-preprod.com\/es\/?s={search_term_string}"},"query-input":{"@type":"PropertyValueSpecification","valueRequired":true,"valueName":"search_term_string"}}],"inLanguage":"es"},{"@type":"Organization","@id":"https:\/\/staging.srokafinal.lets-preprod.com\/es\/#organization","name":"SROKACOMPANY","alternateName":"SROKA","url":"https:\/\/staging.srokafinal.lets-preprod.com\/es\/","logo":{"@type":"ImageObject","inLanguage":"es","@id":"https:\/\/staging.srokafinal.lets-preprod.com\/es\/#\/schema\/logo\/image\/","url":"https:\/\/staging.srokafinal.lets-preprod.com\/wp-content\/uploads\/2021\/01\/logo-sroka-black-transpa.png","contentUrl":"https:\/\/staging.srokafinal.lets-preprod.com\/wp-content\/uploads\/2021\/01\/logo-sroka-black-transpa.png","width":1201,"height":342,"caption":"SROKACOMPANY"},"image":{"@id":"https:\/\/staging.srokafinal.lets-preprod.com\/es\/#\/schema\/logo\/image\/"},"sameAs":["https:\/\/www.facebook.com\/srokawatersports\/","https:\/\/www.instagram.com\/srokawatersports\/","https:\/\/www.youtube.com\/channel\/UCVLHHeaPIm-J5bdEUgxqtZA"]}]}},"uagb_featured_image_src":{"full":["https:\/\/staging.srokafinal.lets-preprod.com\/wp-content\/uploads\/2017\/12\/mat-carbone-kitefoil.jpg",780,1040,false],"thumbnail":["https:\/\/staging.srokafinal.lets-preprod.com\/wp-content\/uploads\/2017\/12\/mat-carbone-kitefoil-150x150.jpg",150,150,true],"medium":["https:\/\/staging.srokafinal.lets-preprod.com\/wp-content\/uploads\/2017\/12\/mat-carbone-kitefoil-225x300.jpg",225,300,true],"medium_large":["https:\/\/staging.srokafinal.lets-preprod.com\/wp-content\/uploads\/2017\/12\/mat-carbone-kitefoil-768x1024.jpg",768,1024,true],"large":["https:\/\/staging.srokafinal.lets-preprod.com\/wp-content\/uploads\/2017\/12\/mat-carbone-kitefoil-768x1024.jpg",768,1024,true],"1536x1536":["https:\/\/staging.srokafinal.lets-preprod.com\/wp-content\/uploads\/2017\/12\/mat-carbone-kitefoil.jpg",780,1040,false],"2048x2048":["https:\/\/staging.srokafinal.lets-preprod.com\/wp-content\/uploads\/2017\/12\/mat-carbone-kitefoil.jpg",780,1040,false],"woocommerce_thumbnail":["https:\/\/staging.srokafinal.lets-preprod.com\/wp-content\/uploads\/2017\/12\/mat-carbone-kitefoil-600x800.jpg",600,800,true],"woocommerce_single":["https:\/\/staging.srokafinal.lets-preprod.com\/wp-content\/uploads\/2017\/12\/mat-carbone-kitefoil-600x800.jpg",600,800,true],"woocommerce_gallery_thumbnail":["https:\/\/staging.srokafinal.lets-preprod.com\/wp-content\/uploads\/2017\/12\/mat-carbone-kitefoil-100x100.jpg",100,100,true]},"uagb_author_info":{"display_name":"Bruno Sroka","author_link":"https:\/\/staging.srokafinal.lets-preprod.com\/es\/blog\/author\/"},"uagb_comment_info":0,"uagb_excerpt":"El m\u00e1stil de carbono ha sido dise\u00f1ado para proporcionar la m\u00e1xima rigidez con la m\u00ednima resistencia. Fue construido en carbono 100%. No hay espuma en el interior del m\u00e1stil, lo que garantiza un m\u00e1stil con el m\u00ednimo de flexi\u00f3n y torsi\u00f3n, pero sobre todo garantiza la m\u00e1xima fiabilidad. Carbono 100% mate, estuche Probox. Est\u00e1 disponible&hellip;","_links":{"self":[{"href":"https:\/\/staging.srokafinal.lets-preprod.com\/es\/wp-json\/wp\/v2\/product\/108842","targetHints":{"allow":["GET"]}}],"collection":[{"href":"https:\/\/staging.srokafinal.lets-preprod.com\/es\/wp-json\/wp\/v2\/product"}],"about":[{"href":"https:\/\/staging.srokafinal.lets-preprod.com\/es\/wp-json\/wp\/v2\/types\/product"}],"wp:featuredmedia":[{"embeddable":true,"href":"https:\/\/staging.srokafinal.lets-preprod.com\/es\/wp-json\/wp\/v2\/media\/108848"}],"wp:attachment":[{"href":"https:\/\/staging.srokafinal.lets-preprod.com\/es\/wp-json\/wp\/v2\/media?parent=108842"}],"wp:term":[{"taxonomy":"product_brand","embeddable":true,"href":"https:\/\/staging.srokafinal.lets-preprod.com\/es\/wp-json\/wp\/v2\/product_brand?post=108842"},{"taxonomy":"product_cat","embeddable":true,"href":"https:\/\/staging.srokafinal.lets-preprod.com\/es\/wp-json\/wp\/v2\/product_cat?post=108842"},{"taxonomy":"product_tag","embeddable":true,"href":"https:\/\/staging.srokafinal.lets-preprod.com\/es\/wp-json\/wp\/v2\/product_tag?post=108842"}],"curies":[{"name":"wp","href":"https:\/\/api.w.org\/{rel}","templated":true}]}}