


{"id":108964,"date":"2017-04-24T07:26:27","date_gmt":"2017-04-24T05:26:27","guid":{"rendered":"https:\/\/srokacompany.com\/produit\/tabla-de-paddle-hinchable-malibu-fusion\/"},"modified":"2024-11-23T13:41:45","modified_gmt":"2024-11-23T13:41:45","slug":"tabla-de-paddle-hinchable-malibu-fusion","status":"publish","type":"product","link":"https:\/\/staging.srokafinal.lets-preprod.com\/es\/produit\/tabla-de-paddle-hinchable-malibu-fusion\/","title":{"rendered":"Tabla de paddle hinchable Malibu Fusion"},"content":{"rendered":"<hr>\n<h2><strong>L\u00e1nzate al agua en familia con el Malibu 10&#8242; y 10&#8217;6<\/strong><\/h2>\n<p><span style=\"font-weight: 400;\">El <\/span><a href=\"https:\/\/srokacompany.com\/produit\/stand-up-paddle-tandem-duo-windsup\/\"><span style=\"font-weight: 400;\">SUP hinchable<\/span><\/a><span style=\"font-weight: 400;\">  Malibu 10&#8217;6 Fusion es perfecto para principiantes, principiantes y paseos familiares. Si buscas una tabla s\u00faper ligera y vers\u00e1til para todos los usos familiares, la Malibu 10&#8217;6 es la indicada para ti. Este modelo de SUP hinchable es nuestro best seller, y no es para menos.  <\/span><span style=\"font-weight: 400;\">Su reputaci\u00f3n se ha construido sobre su estabilidad, resistencia, durabilidad y versatilidad.  <\/span><\/p>\n<p><span style=\"font-weight: 400;\">Su hermano peque\u00f1o, el Malibu 10&#8242;, es m\u00e1s estrecho, m\u00e1s corto, m\u00e1s delgado y te da las mismas ventajas para tama\u00f1os m\u00e1s peque\u00f1os. Estos modelos han sido dise\u00f1ados para todos aquellos que buscan un SUP \u00fanico y vers\u00e1til.<\/span><span style=\"font-weight: 400;\"> <\/span><\/p>\n<p>PD: El 10&#8242; est\u00e1 en azul y el 10&#8217;6 est\u00e1 en naranja.<\/p>\n<p><a href=\"https:\/\/srokacompany.com\/comment-et-pourquoi-choisir-paddle-gonflable-sroka\/\"><span style=\"font-weight: 400;\">\u00bfPor qu\u00e9 elegir los productos SROKA?<\/span><\/a><\/p>\n","protected":false},"excerpt":{"rendered":"<p>L\u00e1nzate al agua en familia con el Malibu 10&#8242; y 10&#8217;6 El SUP hinchable Malibu 10&#8217;6 Fusion es perfecto para principiantes, principiantes y paseos familiares. Si buscas una tabla s\u00faper ligera y vers\u00e1til para todos los usos familiares, la Malibu 10&#8217;6 es la indicada para ti. Este modelo de SUP hinchable es nuestro best seller, [&hellip;]<\/p>\n","protected":false},"featured_media":109042,"template":"","meta":{"_acf_changed":false,"_uag_custom_page_level_css":""},"product_brand":[],"product_cat":[2471],"product_tag":[],"class_list":{"0":"post-108964","1":"product","2":"type-product","3":"status-publish","4":"has-post-thumbnail","6":"product_cat-palas-hinchables","7":"product_shipping_class-unidad-de-sup","8":"pa_ailerons-3-ailerons-amovibles","9":"pa_charge-maxi-moins-de-120-kg","10":"pa_couleur-bleu","11":"pa_couleur-orange","12":"pa_epaisseur-15-cm-6","13":"pa_largeur-82-cm-32","14":"pa_longueur-320-cm-106","15":"pa_materiaux-revetement-en-pvc-avec-la-technologie-fusion","16":"pa_niveau-debutant-a-confirme","17":"pa_poids-10-kg-22-lb","18":"pa_programme-balade-yoga-famillialen-en-couple","19":"pa_volume-260-l","21":"first","22":"instock","23":"sale","24":"taxable","25":"shipping-taxable","26":"purchasable","27":"product-type-variable","28":"has-default-attributes"},"acf":[],"yoast_head":"<!-- This site is optimized with the Yoast SEO plugin v25.1 - https:\/\/yoast.com\/wordpress\/plugins\/seo\/ -->\n<title>Tabla de paddle surf hinchable de alta gama - Malibu Collection - SROKA Company<\/title>\n<meta name=\"description\" content=\"SUP hinchable 10&#039;6 Malibu Fusion. Stand Up Paddle de alta gama para toda la familia. La mejor calidad al mejor precio por Sroka.\" \/>\n<meta name=\"robots\" content=\"noindex, follow, max-snippet:-1, max-image-preview:large, max-video-preview:-1\" \/>\n<meta property=\"og:locale\" content=\"es_ES\" \/>\n<meta property=\"og:type\" content=\"article\" \/>\n<meta property=\"og:title\" content=\"Tabla de paddle surf hinchable de alta gama - Malibu Collection - SROKA Company\" \/>\n<meta property=\"og:description\" content=\"SUP hinchable 10&#039;6 Malibu Fusion. Stand Up Paddle de alta gama para toda la familia. La mejor calidad al mejor precio por Sroka.\" \/>\n<meta property=\"og:url\" content=\"https:\/\/staging.srokafinal.lets-preprod.com\/es\/produit\/tabla-de-paddle-hinchable-malibu-fusion\/\" \/>\n<meta property=\"og:site_name\" content=\"SROKA Company\" \/>\n<meta property=\"article:publisher\" content=\"https:\/\/www.facebook.com\/srokawatersports\/\" \/>\n<meta property=\"article:modified_time\" content=\"2024-11-23T13:41:45+00:00\" \/>\n<meta property=\"og:image\" content=\"https:\/\/staging.srokafinal.lets-preprod.com\/wp-content\/uploads\/2017\/04\/imageproduit-malibu.png\" \/>\n\t<meta property=\"og:image:width\" content=\"780\" \/>\n\t<meta property=\"og:image:height\" content=\"1040\" \/>\n\t<meta property=\"og:image:type\" content=\"image\/png\" \/>\n<meta name=\"twitter:label1\" content=\"Tiempo de lectura\" \/>\n\t<meta name=\"twitter:data1\" content=\"1 minuto\" \/>\n<script type=\"application\/ld+json\" class=\"yoast-schema-graph\">{\"@context\":\"https:\/\/schema.org\",\"@graph\":[{\"@type\":\"WebPage\",\"@id\":\"https:\/\/staging.srokafinal.lets-preprod.com\/es\/produit\/tabla-de-paddle-hinchable-malibu-fusion\/\",\"url\":\"https:\/\/staging.srokafinal.lets-preprod.com\/es\/produit\/tabla-de-paddle-hinchable-malibu-fusion\/\",\"name\":\"Tabla de paddle surf hinchable de alta gama - Malibu Collection - SROKA Company\",\"isPartOf\":{\"@id\":\"https:\/\/staging.srokafinal.lets-preprod.com\/es\/#website\"},\"primaryImageOfPage\":{\"@id\":\"https:\/\/staging.srokafinal.lets-preprod.com\/es\/produit\/tabla-de-paddle-hinchable-malibu-fusion\/#primaryimage\"},\"image\":{\"@id\":\"https:\/\/staging.srokafinal.lets-preprod.com\/es\/produit\/tabla-de-paddle-hinchable-malibu-fusion\/#primaryimage\"},\"thumbnailUrl\":\"https:\/\/staging.srokafinal.lets-preprod.com\/wp-content\/uploads\/2017\/04\/imageproduit-malibu.png\",\"datePublished\":\"2017-04-24T05:26:27+00:00\",\"dateModified\":\"2024-11-23T13:41:45+00:00\",\"description\":\"SUP hinchable 10'6 Malibu Fusion. Stand Up Paddle de alta gama para toda la familia. La mejor calidad al mejor precio por Sroka.\",\"breadcrumb\":{\"@id\":\"https:\/\/staging.srokafinal.lets-preprod.com\/es\/produit\/tabla-de-paddle-hinchable-malibu-fusion\/#breadcrumb\"},\"inLanguage\":\"es\",\"potentialAction\":[{\"@type\":\"ReadAction\",\"target\":[\"https:\/\/staging.srokafinal.lets-preprod.com\/es\/produit\/tabla-de-paddle-hinchable-malibu-fusion\/\"]}]},{\"@type\":\"ImageObject\",\"inLanguage\":\"es\",\"@id\":\"https:\/\/staging.srokafinal.lets-preprod.com\/es\/produit\/tabla-de-paddle-hinchable-malibu-fusion\/#primaryimage\",\"url\":\"https:\/\/staging.srokafinal.lets-preprod.com\/wp-content\/uploads\/2017\/04\/imageproduit-malibu.png\",\"contentUrl\":\"https:\/\/staging.srokafinal.lets-preprod.com\/wp-content\/uploads\/2017\/04\/imageproduit-malibu.png\",\"width\":780,\"height\":1040,\"caption\":\"Tabla de paddle surf hinchable sroka para toda la familia\"},{\"@type\":\"BreadcrumbList\",\"@id\":\"https:\/\/staging.srokafinal.lets-preprod.com\/es\/produit\/tabla-de-paddle-hinchable-malibu-fusion\/#breadcrumb\",\"itemListElement\":[{\"@type\":\"ListItem\",\"position\":1,\"name\":\"Accueil\",\"item\":\"https:\/\/staging.srokafinal.lets-preprod.com\/es\/\"},{\"@type\":\"ListItem\",\"position\":2,\"name\":\"Boutique\",\"item\":\"https:\/\/staging.srokafinal.lets-preprod.com\/boutique\/\"},{\"@type\":\"ListItem\",\"position\":3,\"name\":\"Tabla de paddle hinchable Malibu Fusion\"}]},{\"@type\":\"WebSite\",\"@id\":\"https:\/\/staging.srokafinal.lets-preprod.com\/es\/#website\",\"url\":\"https:\/\/staging.srokafinal.lets-preprod.com\/es\/\",\"name\":\"SROKA Company\",\"description\":\"SUP, Kite, Foil, Wing\",\"publisher\":{\"@id\":\"https:\/\/staging.srokafinal.lets-preprod.com\/es\/#organization\"},\"potentialAction\":[{\"@type\":\"SearchAction\",\"target\":{\"@type\":\"EntryPoint\",\"urlTemplate\":\"https:\/\/staging.srokafinal.lets-preprod.com\/es\/?s={search_term_string}\"},\"query-input\":{\"@type\":\"PropertyValueSpecification\",\"valueRequired\":true,\"valueName\":\"search_term_string\"}}],\"inLanguage\":\"es\"},{\"@type\":\"Organization\",\"@id\":\"https:\/\/staging.srokafinal.lets-preprod.com\/es\/#organization\",\"name\":\"SROKACOMPANY\",\"alternateName\":\"SROKA\",\"url\":\"https:\/\/staging.srokafinal.lets-preprod.com\/es\/\",\"logo\":{\"@type\":\"ImageObject\",\"inLanguage\":\"es\",\"@id\":\"https:\/\/staging.srokafinal.lets-preprod.com\/es\/#\/schema\/logo\/image\/\",\"url\":\"https:\/\/staging.srokafinal.lets-preprod.com\/wp-content\/uploads\/2021\/01\/logo-sroka-black-transpa.png\",\"contentUrl\":\"https:\/\/staging.srokafinal.lets-preprod.com\/wp-content\/uploads\/2021\/01\/logo-sroka-black-transpa.png\",\"width\":1201,\"height\":342,\"caption\":\"SROKACOMPANY\"},\"image\":{\"@id\":\"https:\/\/staging.srokafinal.lets-preprod.com\/es\/#\/schema\/logo\/image\/\"},\"sameAs\":[\"https:\/\/www.facebook.com\/srokawatersports\/\",\"https:\/\/www.instagram.com\/srokawatersports\/\",\"https:\/\/www.youtube.com\/channel\/UCVLHHeaPIm-J5bdEUgxqtZA\"]}]}<\/script>\n<!-- \/ Yoast SEO plugin. -->","yoast_head_json":{"title":"Tabla de paddle surf hinchable de alta gama - Malibu Collection - SROKA Company","description":"SUP hinchable 10'6 Malibu Fusion. Stand Up Paddle de alta gama para toda la familia. La mejor calidad al mejor precio por Sroka.","robots":{"index":"noindex","follow":"follow","max-snippet":"max-snippet:-1","max-image-preview":"max-image-preview:large","max-video-preview":"max-video-preview:-1"},"og_locale":"es_ES","og_type":"article","og_title":"Tabla de paddle surf hinchable de alta gama - Malibu Collection - SROKA Company","og_description":"SUP hinchable 10'6 Malibu Fusion. Stand Up Paddle de alta gama para toda la familia. La mejor calidad al mejor precio por Sroka.","og_url":"https:\/\/staging.srokafinal.lets-preprod.com\/es\/produit\/tabla-de-paddle-hinchable-malibu-fusion\/","og_site_name":"SROKA Company","article_publisher":"https:\/\/www.facebook.com\/srokawatersports\/","article_modified_time":"2024-11-23T13:41:45+00:00","og_image":[{"width":780,"height":1040,"url":"https:\/\/staging.srokafinal.lets-preprod.com\/wp-content\/uploads\/2017\/04\/imageproduit-malibu.png","type":"image\/png"}],"twitter_misc":{"Tiempo de lectura":"1 minuto"},"schema":{"@context":"https:\/\/schema.org","@graph":[{"@type":"WebPage","@id":"https:\/\/staging.srokafinal.lets-preprod.com\/es\/produit\/tabla-de-paddle-hinchable-malibu-fusion\/","url":"https:\/\/staging.srokafinal.lets-preprod.com\/es\/produit\/tabla-de-paddle-hinchable-malibu-fusion\/","name":"Tabla de paddle surf hinchable de alta gama - Malibu Collection - SROKA Company","isPartOf":{"@id":"https:\/\/staging.srokafinal.lets-preprod.com\/es\/#website"},"primaryImageOfPage":{"@id":"https:\/\/staging.srokafinal.lets-preprod.com\/es\/produit\/tabla-de-paddle-hinchable-malibu-fusion\/#primaryimage"},"image":{"@id":"https:\/\/staging.srokafinal.lets-preprod.com\/es\/produit\/tabla-de-paddle-hinchable-malibu-fusion\/#primaryimage"},"thumbnailUrl":"https:\/\/staging.srokafinal.lets-preprod.com\/wp-content\/uploads\/2017\/04\/imageproduit-malibu.png","datePublished":"2017-04-24T05:26:27+00:00","dateModified":"2024-11-23T13:41:45+00:00","description":"SUP hinchable 10'6 Malibu Fusion. Stand Up Paddle de alta gama para toda la familia. La mejor calidad al mejor precio por Sroka.","breadcrumb":{"@id":"https:\/\/staging.srokafinal.lets-preprod.com\/es\/produit\/tabla-de-paddle-hinchable-malibu-fusion\/#breadcrumb"},"inLanguage":"es","potentialAction":[{"@type":"ReadAction","target":["https:\/\/staging.srokafinal.lets-preprod.com\/es\/produit\/tabla-de-paddle-hinchable-malibu-fusion\/"]}]},{"@type":"ImageObject","inLanguage":"es","@id":"https:\/\/staging.srokafinal.lets-preprod.com\/es\/produit\/tabla-de-paddle-hinchable-malibu-fusion\/#primaryimage","url":"https:\/\/staging.srokafinal.lets-preprod.com\/wp-content\/uploads\/2017\/04\/imageproduit-malibu.png","contentUrl":"https:\/\/staging.srokafinal.lets-preprod.com\/wp-content\/uploads\/2017\/04\/imageproduit-malibu.png","width":780,"height":1040,"caption":"Tabla de paddle surf hinchable sroka para toda la familia"},{"@type":"BreadcrumbList","@id":"https:\/\/staging.srokafinal.lets-preprod.com\/es\/produit\/tabla-de-paddle-hinchable-malibu-fusion\/#breadcrumb","itemListElement":[{"@type":"ListItem","position":1,"name":"Accueil","item":"https:\/\/staging.srokafinal.lets-preprod.com\/es\/"},{"@type":"ListItem","position":2,"name":"Boutique","item":"https:\/\/staging.srokafinal.lets-preprod.com\/boutique\/"},{"@type":"ListItem","position":3,"name":"Tabla de paddle hinchable Malibu Fusion"}]},{"@type":"WebSite","@id":"https:\/\/staging.srokafinal.lets-preprod.com\/es\/#website","url":"https:\/\/staging.srokafinal.lets-preprod.com\/es\/","name":"SROKA Company","description":"SUP, Kite, Foil, Wing","publisher":{"@id":"https:\/\/staging.srokafinal.lets-preprod.com\/es\/#organization"},"potentialAction":[{"@type":"SearchAction","target":{"@type":"EntryPoint","urlTemplate":"https:\/\/staging.srokafinal.lets-preprod.com\/es\/?s={search_term_string}"},"query-input":{"@type":"PropertyValueSpecification","valueRequired":true,"valueName":"search_term_string"}}],"inLanguage":"es"},{"@type":"Organization","@id":"https:\/\/staging.srokafinal.lets-preprod.com\/es\/#organization","name":"SROKACOMPANY","alternateName":"SROKA","url":"https:\/\/staging.srokafinal.lets-preprod.com\/es\/","logo":{"@type":"ImageObject","inLanguage":"es","@id":"https:\/\/staging.srokafinal.lets-preprod.com\/es\/#\/schema\/logo\/image\/","url":"https:\/\/staging.srokafinal.lets-preprod.com\/wp-content\/uploads\/2021\/01\/logo-sroka-black-transpa.png","contentUrl":"https:\/\/staging.srokafinal.lets-preprod.com\/wp-content\/uploads\/2021\/01\/logo-sroka-black-transpa.png","width":1201,"height":342,"caption":"SROKACOMPANY"},"image":{"@id":"https:\/\/staging.srokafinal.lets-preprod.com\/es\/#\/schema\/logo\/image\/"},"sameAs":["https:\/\/www.facebook.com\/srokawatersports\/","https:\/\/www.instagram.com\/srokawatersports\/","https:\/\/www.youtube.com\/channel\/UCVLHHeaPIm-J5bdEUgxqtZA"]}]}},"uagb_featured_image_src":{"full":["https:\/\/staging.srokafinal.lets-preprod.com\/wp-content\/uploads\/2017\/04\/imageproduit-malibu.png",780,1040,false],"thumbnail":["https:\/\/staging.srokafinal.lets-preprod.com\/wp-content\/uploads\/2017\/04\/imageproduit-malibu-150x150.png",150,150,true],"medium":["https:\/\/staging.srokafinal.lets-preprod.com\/wp-content\/uploads\/2017\/04\/imageproduit-malibu-225x300.png",225,300,true],"medium_large":["https:\/\/staging.srokafinal.lets-preprod.com\/wp-content\/uploads\/2017\/04\/imageproduit-malibu-768x1024.png",768,1024,true],"large":["https:\/\/staging.srokafinal.lets-preprod.com\/wp-content\/uploads\/2017\/04\/imageproduit-malibu-768x1024.png",768,1024,true],"1536x1536":["https:\/\/staging.srokafinal.lets-preprod.com\/wp-content\/uploads\/2017\/04\/imageproduit-malibu.png",780,1040,false],"2048x2048":["https:\/\/staging.srokafinal.lets-preprod.com\/wp-content\/uploads\/2017\/04\/imageproduit-malibu.png",780,1040,false],"woocommerce_thumbnail":["https:\/\/staging.srokafinal.lets-preprod.com\/wp-content\/uploads\/2017\/04\/imageproduit-malibu-600x800.png",600,800,true],"woocommerce_single":["https:\/\/staging.srokafinal.lets-preprod.com\/wp-content\/uploads\/2017\/04\/imageproduit-malibu-600x800.png",600,800,true],"woocommerce_gallery_thumbnail":["https:\/\/staging.srokafinal.lets-preprod.com\/wp-content\/uploads\/2017\/04\/imageproduit-malibu-100x100.png",100,100,true]},"uagb_author_info":{"display_name":"Bruno Sroka","author_link":"https:\/\/staging.srokafinal.lets-preprod.com\/es\/blog\/author\/"},"uagb_comment_info":0,"uagb_excerpt":"L\u00e1nzate al agua en familia con el Malibu 10&#8242; y 10&#8217;6 El SUP hinchable Malibu 10&#8217;6 Fusion es perfecto para principiantes, principiantes y paseos familiares. Si buscas una tabla s\u00faper ligera y vers\u00e1til para todos los usos familiares, la Malibu 10&#8217;6 es la indicada para ti. Este modelo de SUP hinchable es nuestro best seller,&hellip;","_links":{"self":[{"href":"https:\/\/staging.srokafinal.lets-preprod.com\/es\/wp-json\/wp\/v2\/product\/108964","targetHints":{"allow":["GET"]}}],"collection":[{"href":"https:\/\/staging.srokafinal.lets-preprod.com\/es\/wp-json\/wp\/v2\/product"}],"about":[{"href":"https:\/\/staging.srokafinal.lets-preprod.com\/es\/wp-json\/wp\/v2\/types\/product"}],"wp:featuredmedia":[{"embeddable":true,"href":"https:\/\/staging.srokafinal.lets-preprod.com\/es\/wp-json\/wp\/v2\/media\/109042"}],"wp:attachment":[{"href":"https:\/\/staging.srokafinal.lets-preprod.com\/es\/wp-json\/wp\/v2\/media?parent=108964"}],"wp:term":[{"taxonomy":"product_brand","embeddable":true,"href":"https:\/\/staging.srokafinal.lets-preprod.com\/es\/wp-json\/wp\/v2\/product_brand?post=108964"},{"taxonomy":"product_cat","embeddable":true,"href":"https:\/\/staging.srokafinal.lets-preprod.com\/es\/wp-json\/wp\/v2\/product_cat?post=108964"},{"taxonomy":"product_tag","embeddable":true,"href":"https:\/\/staging.srokafinal.lets-preprod.com\/es\/wp-json\/wp\/v2\/product_tag?post=108964"}],"curies":[{"name":"wp","href":"https:\/\/api.w.org\/{rel}","templated":true}]}}