


{"id":109166,"date":"2022-05-24T14:04:15","date_gmt":"2022-05-24T12:04:15","guid":{"rendered":"https:\/\/srokacompany.com\/produit\/pack-hinchable-sup-y-wing-v3\/"},"modified":"2024-05-21T12:33:35","modified_gmt":"2024-05-21T12:33:35","slug":"pack-hinchable-sup-y-wing-v3","status":"publish","type":"product","link":"https:\/\/staging.srokafinal.lets-preprod.com\/es\/produit\/pack-hinchable-sup-y-wing-v3\/","title":{"rendered":"Pack hinchable SUP y Wing V3"},"content":{"rendered":"<hr>\n<p>&#x2757;&#xfe0f;Existencias limitadas&#x2757;&#xfe0f;<\/p>\n<p><a href=\"https:\/\/srokacompany.com\/2022\/01\/comment-apprendre-le-wing-foil\/\">Aprender wingfoil<\/a> puede parecer dif\u00edcil y complicado. Para aprender a dominar el foiling, el winging y el snowboard al mismo tiempo, \u00a1tenemos la soluci\u00f3n para ti! Este concepto mixto abre otra visi\u00f3n de remar en d\u00edas ventosos. Aprender a dominar un <strong>wing foil nunca ha<\/strong> sido tan f\u00e1cil, y este es el primer paso para dominar el wing foiling.<\/p>\n<p>Estable y ahorrando espacio, este <strong>pack hinchable de SUP + wing foil<\/strong> te permite optimizar el tiempo de uso de tu remo, introducir los deportes de viento a toda la familia sin ning\u00fan peligro y descubrir las t\u00e9cnicas de uso del ala.<\/p>\n<p>Este pack es plug and play, consta de un  <strong>tabla hinchable de stand up paddle Malibu 10&#8217;6 windsup<\/strong>  (con una orza en el centro del tablero. Windsurf y kayak descapotable con su m\u00e1stil inserto de pie y sillas de montar para poner asiento) y un ala en 3, 3 o 4m2 para divertirse a partir de 8 nudos de viento.<\/p>\n<p>Este combo de SUP m\u00e1s alas te permitir\u00e1 jugar en cualquier condici\u00f3n. El pack se compone de:<\/p>\n<ul>\n<li>una <a href=\"https:\/\/srokacompany.com\/produit\/windsup-gonflable-106-fusion\/\">tabla de paddle surf hinchable Malibu 10&#8217;6 Windsup<\/a><\/li>\n<li><a href=\"https:\/\/srokacompany.com\/produit\/pagaie-aluminium-vario-2-ou-3-parties\/\">una paleta de aluminio de 3 partes<\/a><\/li>\n<li>una bomba de doble flujo para el ala y el SUP<\/li>\n<li>una <a href=\"https:\/\/srokacompany.com\/produit\/aile-de-wing-sroka\/\">cometa de surf de ala de<\/a> 3,3 o 4 m<\/li>\n<li>una <a href=\"https:\/\/srokacompany.com\/produit\/leash-coiled-10\/\">correa enrollada<\/a><\/li>\n<li>una bolsa de transporte de 149L<\/li>\n<\/ul>\n","protected":false},"excerpt":{"rendered":"<p>&#x2757;&#xfe0f;Existencias limitadas&#x2757;&#xfe0f; Aprender wingfoil puede parecer dif\u00edcil y complicado. Para aprender a dominar el foiling, el winging y el snowboard al mismo tiempo, \u00a1tenemos la soluci\u00f3n para ti! Este concepto mixto abre otra visi\u00f3n de remar en d\u00edas ventosos. Aprender a dominar un wing foil nunca ha sido tan f\u00e1cil, y este es el primer [&hellip;]<\/p>\n","protected":false},"featured_media":109170,"template":"","meta":{"_acf_changed":false,"_uag_custom_page_level_css":""},"product_brand":[],"product_cat":[2485,2471],"product_tag":[],"class_list":{"0":"post-109166","1":"product","2":"type-product","3":"status-publish","4":"has-post-thumbnail","6":"product_cat-ofertas","7":"product_cat-palas-hinchables","8":"product_shipping_class-pack-completo-de-alas-hinchables","10":"first","11":"instock","12":"sale","13":"taxable","14":"shipping-taxable","15":"purchasable","16":"product-type-variable","17":"has-default-attributes"},"acf":[],"yoast_head":"<!-- This site is optimized with the Yoast SEO plugin v25.1 - https:\/\/yoast.com\/wordpress\/plugins\/seo\/ -->\n<title>Pack Stand Up Paddle con Ala- SROKA Company<\/title>\n<meta name=\"description\" content=\"\u00a1La mochila de stand up paddle con ala Sroka perfecta para aprender a hacer wing foil f\u00e1cilmente! Este pack completo es perfecto para la familia\" \/>\n<meta name=\"robots\" content=\"noindex, follow, max-snippet:-1, max-image-preview:large, max-video-preview:-1\" \/>\n<meta property=\"og:locale\" content=\"es_ES\" \/>\n<meta property=\"og:type\" content=\"article\" \/>\n<meta property=\"og:title\" content=\"Pack Stand Up Paddle con Ala- SROKA Company\" \/>\n<meta property=\"og:description\" content=\"\u00a1La mochila de stand up paddle con ala Sroka perfecta para aprender a hacer wing foil f\u00e1cilmente! Este pack completo es perfecto para la familia\" \/>\n<meta property=\"og:url\" content=\"https:\/\/staging.srokafinal.lets-preprod.com\/es\/produit\/pack-hinchable-sup-y-wing-v3\/\" \/>\n<meta property=\"og:site_name\" content=\"SROKA Company\" \/>\n<meta property=\"article:publisher\" content=\"https:\/\/www.facebook.com\/srokawatersports\/\" \/>\n<meta property=\"article:modified_time\" content=\"2024-05-21T12:33:35+00:00\" \/>\n<meta property=\"og:image\" content=\"https:\/\/staging.srokafinal.lets-preprod.com\/wp-content\/uploads\/2022\/05\/Pack-decouverte.png\" \/>\n\t<meta property=\"og:image:width\" content=\"780\" \/>\n\t<meta property=\"og:image:height\" content=\"1040\" \/>\n\t<meta property=\"og:image:type\" content=\"image\/png\" \/>\n<meta name=\"twitter:label1\" content=\"Tiempo de lectura\" \/>\n\t<meta name=\"twitter:data1\" content=\"1 minuto\" \/>\n<script type=\"application\/ld+json\" class=\"yoast-schema-graph\">{\"@context\":\"https:\/\/schema.org\",\"@graph\":[{\"@type\":\"WebPage\",\"@id\":\"https:\/\/staging.srokafinal.lets-preprod.com\/es\/produit\/pack-hinchable-sup-y-wing-v3\/\",\"url\":\"https:\/\/staging.srokafinal.lets-preprod.com\/es\/produit\/pack-hinchable-sup-y-wing-v3\/\",\"name\":\"Pack Stand Up Paddle con Ala- SROKA Company\",\"isPartOf\":{\"@id\":\"https:\/\/staging.srokafinal.lets-preprod.com\/es\/#website\"},\"primaryImageOfPage\":{\"@id\":\"https:\/\/staging.srokafinal.lets-preprod.com\/es\/produit\/pack-hinchable-sup-y-wing-v3\/#primaryimage\"},\"image\":{\"@id\":\"https:\/\/staging.srokafinal.lets-preprod.com\/es\/produit\/pack-hinchable-sup-y-wing-v3\/#primaryimage\"},\"thumbnailUrl\":\"https:\/\/staging.srokafinal.lets-preprod.com\/wp-content\/uploads\/2022\/05\/Pack-decouverte.png\",\"datePublished\":\"2022-05-24T12:04:15+00:00\",\"dateModified\":\"2024-05-21T12:33:35+00:00\",\"description\":\"\u00a1La mochila de stand up paddle con ala Sroka perfecta para aprender a hacer wing foil f\u00e1cilmente! Este pack completo es perfecto para la familia\",\"breadcrumb\":{\"@id\":\"https:\/\/staging.srokafinal.lets-preprod.com\/es\/produit\/pack-hinchable-sup-y-wing-v3\/#breadcrumb\"},\"inLanguage\":\"es\",\"potentialAction\":[{\"@type\":\"ReadAction\",\"target\":[\"https:\/\/staging.srokafinal.lets-preprod.com\/es\/produit\/pack-hinchable-sup-y-wing-v3\/\"]}]},{\"@type\":\"ImageObject\",\"inLanguage\":\"es\",\"@id\":\"https:\/\/staging.srokafinal.lets-preprod.com\/es\/produit\/pack-hinchable-sup-y-wing-v3\/#primaryimage\",\"url\":\"https:\/\/staging.srokafinal.lets-preprod.com\/wp-content\/uploads\/2022\/05\/Pack-decouverte.png\",\"contentUrl\":\"https:\/\/staging.srokafinal.lets-preprod.com\/wp-content\/uploads\/2022\/05\/Pack-decouverte.png\",\"width\":780,\"height\":1040},{\"@type\":\"BreadcrumbList\",\"@id\":\"https:\/\/staging.srokafinal.lets-preprod.com\/es\/produit\/pack-hinchable-sup-y-wing-v3\/#breadcrumb\",\"itemListElement\":[{\"@type\":\"ListItem\",\"position\":1,\"name\":\"Accueil\",\"item\":\"https:\/\/staging.srokafinal.lets-preprod.com\/es\/\"},{\"@type\":\"ListItem\",\"position\":2,\"name\":\"Boutique\",\"item\":\"https:\/\/staging.srokafinal.lets-preprod.com\/boutique\/\"},{\"@type\":\"ListItem\",\"position\":3,\"name\":\"Pack hinchable SUP y Wing V3\"}]},{\"@type\":\"WebSite\",\"@id\":\"https:\/\/staging.srokafinal.lets-preprod.com\/es\/#website\",\"url\":\"https:\/\/staging.srokafinal.lets-preprod.com\/es\/\",\"name\":\"SROKA Company\",\"description\":\"SUP, Kite, Foil, Wing\",\"publisher\":{\"@id\":\"https:\/\/staging.srokafinal.lets-preprod.com\/es\/#organization\"},\"potentialAction\":[{\"@type\":\"SearchAction\",\"target\":{\"@type\":\"EntryPoint\",\"urlTemplate\":\"https:\/\/staging.srokafinal.lets-preprod.com\/es\/?s={search_term_string}\"},\"query-input\":{\"@type\":\"PropertyValueSpecification\",\"valueRequired\":true,\"valueName\":\"search_term_string\"}}],\"inLanguage\":\"es\"},{\"@type\":\"Organization\",\"@id\":\"https:\/\/staging.srokafinal.lets-preprod.com\/es\/#organization\",\"name\":\"SROKACOMPANY\",\"alternateName\":\"SROKA\",\"url\":\"https:\/\/staging.srokafinal.lets-preprod.com\/es\/\",\"logo\":{\"@type\":\"ImageObject\",\"inLanguage\":\"es\",\"@id\":\"https:\/\/staging.srokafinal.lets-preprod.com\/es\/#\/schema\/logo\/image\/\",\"url\":\"https:\/\/staging.srokafinal.lets-preprod.com\/wp-content\/uploads\/2021\/01\/logo-sroka-black-transpa.png\",\"contentUrl\":\"https:\/\/staging.srokafinal.lets-preprod.com\/wp-content\/uploads\/2021\/01\/logo-sroka-black-transpa.png\",\"width\":1201,\"height\":342,\"caption\":\"SROKACOMPANY\"},\"image\":{\"@id\":\"https:\/\/staging.srokafinal.lets-preprod.com\/es\/#\/schema\/logo\/image\/\"},\"sameAs\":[\"https:\/\/www.facebook.com\/srokawatersports\/\",\"https:\/\/www.instagram.com\/srokawatersports\/\",\"https:\/\/www.youtube.com\/channel\/UCVLHHeaPIm-J5bdEUgxqtZA\"]}]}<\/script>\n<!-- \/ Yoast SEO plugin. -->","yoast_head_json":{"title":"Pack Stand Up Paddle con Ala- SROKA Company","description":"\u00a1La mochila de stand up paddle con ala Sroka perfecta para aprender a hacer wing foil f\u00e1cilmente! Este pack completo es perfecto para la familia","robots":{"index":"noindex","follow":"follow","max-snippet":"max-snippet:-1","max-image-preview":"max-image-preview:large","max-video-preview":"max-video-preview:-1"},"og_locale":"es_ES","og_type":"article","og_title":"Pack Stand Up Paddle con Ala- SROKA Company","og_description":"\u00a1La mochila de stand up paddle con ala Sroka perfecta para aprender a hacer wing foil f\u00e1cilmente! Este pack completo es perfecto para la familia","og_url":"https:\/\/staging.srokafinal.lets-preprod.com\/es\/produit\/pack-hinchable-sup-y-wing-v3\/","og_site_name":"SROKA Company","article_publisher":"https:\/\/www.facebook.com\/srokawatersports\/","article_modified_time":"2024-05-21T12:33:35+00:00","og_image":[{"width":780,"height":1040,"url":"https:\/\/staging.srokafinal.lets-preprod.com\/wp-content\/uploads\/2022\/05\/Pack-decouverte.png","type":"image\/png"}],"twitter_misc":{"Tiempo de lectura":"1 minuto"},"schema":{"@context":"https:\/\/schema.org","@graph":[{"@type":"WebPage","@id":"https:\/\/staging.srokafinal.lets-preprod.com\/es\/produit\/pack-hinchable-sup-y-wing-v3\/","url":"https:\/\/staging.srokafinal.lets-preprod.com\/es\/produit\/pack-hinchable-sup-y-wing-v3\/","name":"Pack Stand Up Paddle con Ala- SROKA Company","isPartOf":{"@id":"https:\/\/staging.srokafinal.lets-preprod.com\/es\/#website"},"primaryImageOfPage":{"@id":"https:\/\/staging.srokafinal.lets-preprod.com\/es\/produit\/pack-hinchable-sup-y-wing-v3\/#primaryimage"},"image":{"@id":"https:\/\/staging.srokafinal.lets-preprod.com\/es\/produit\/pack-hinchable-sup-y-wing-v3\/#primaryimage"},"thumbnailUrl":"https:\/\/staging.srokafinal.lets-preprod.com\/wp-content\/uploads\/2022\/05\/Pack-decouverte.png","datePublished":"2022-05-24T12:04:15+00:00","dateModified":"2024-05-21T12:33:35+00:00","description":"\u00a1La mochila de stand up paddle con ala Sroka perfecta para aprender a hacer wing foil f\u00e1cilmente! Este pack completo es perfecto para la familia","breadcrumb":{"@id":"https:\/\/staging.srokafinal.lets-preprod.com\/es\/produit\/pack-hinchable-sup-y-wing-v3\/#breadcrumb"},"inLanguage":"es","potentialAction":[{"@type":"ReadAction","target":["https:\/\/staging.srokafinal.lets-preprod.com\/es\/produit\/pack-hinchable-sup-y-wing-v3\/"]}]},{"@type":"ImageObject","inLanguage":"es","@id":"https:\/\/staging.srokafinal.lets-preprod.com\/es\/produit\/pack-hinchable-sup-y-wing-v3\/#primaryimage","url":"https:\/\/staging.srokafinal.lets-preprod.com\/wp-content\/uploads\/2022\/05\/Pack-decouverte.png","contentUrl":"https:\/\/staging.srokafinal.lets-preprod.com\/wp-content\/uploads\/2022\/05\/Pack-decouverte.png","width":780,"height":1040},{"@type":"BreadcrumbList","@id":"https:\/\/staging.srokafinal.lets-preprod.com\/es\/produit\/pack-hinchable-sup-y-wing-v3\/#breadcrumb","itemListElement":[{"@type":"ListItem","position":1,"name":"Accueil","item":"https:\/\/staging.srokafinal.lets-preprod.com\/es\/"},{"@type":"ListItem","position":2,"name":"Boutique","item":"https:\/\/staging.srokafinal.lets-preprod.com\/boutique\/"},{"@type":"ListItem","position":3,"name":"Pack hinchable SUP y Wing V3"}]},{"@type":"WebSite","@id":"https:\/\/staging.srokafinal.lets-preprod.com\/es\/#website","url":"https:\/\/staging.srokafinal.lets-preprod.com\/es\/","name":"SROKA Company","description":"SUP, Kite, Foil, Wing","publisher":{"@id":"https:\/\/staging.srokafinal.lets-preprod.com\/es\/#organization"},"potentialAction":[{"@type":"SearchAction","target":{"@type":"EntryPoint","urlTemplate":"https:\/\/staging.srokafinal.lets-preprod.com\/es\/?s={search_term_string}"},"query-input":{"@type":"PropertyValueSpecification","valueRequired":true,"valueName":"search_term_string"}}],"inLanguage":"es"},{"@type":"Organization","@id":"https:\/\/staging.srokafinal.lets-preprod.com\/es\/#organization","name":"SROKACOMPANY","alternateName":"SROKA","url":"https:\/\/staging.srokafinal.lets-preprod.com\/es\/","logo":{"@type":"ImageObject","inLanguage":"es","@id":"https:\/\/staging.srokafinal.lets-preprod.com\/es\/#\/schema\/logo\/image\/","url":"https:\/\/staging.srokafinal.lets-preprod.com\/wp-content\/uploads\/2021\/01\/logo-sroka-black-transpa.png","contentUrl":"https:\/\/staging.srokafinal.lets-preprod.com\/wp-content\/uploads\/2021\/01\/logo-sroka-black-transpa.png","width":1201,"height":342,"caption":"SROKACOMPANY"},"image":{"@id":"https:\/\/staging.srokafinal.lets-preprod.com\/es\/#\/schema\/logo\/image\/"},"sameAs":["https:\/\/www.facebook.com\/srokawatersports\/","https:\/\/www.instagram.com\/srokawatersports\/","https:\/\/www.youtube.com\/channel\/UCVLHHeaPIm-J5bdEUgxqtZA"]}]}},"uagb_featured_image_src":{"full":["https:\/\/staging.srokafinal.lets-preprod.com\/wp-content\/uploads\/2022\/05\/Pack-decouverte.png",780,1040,false],"thumbnail":["https:\/\/staging.srokafinal.lets-preprod.com\/wp-content\/uploads\/2022\/05\/Pack-decouverte-150x150.png",150,150,true],"medium":["https:\/\/staging.srokafinal.lets-preprod.com\/wp-content\/uploads\/2022\/05\/Pack-decouverte-225x300.png",225,300,true],"medium_large":["https:\/\/staging.srokafinal.lets-preprod.com\/wp-content\/uploads\/2022\/05\/Pack-decouverte-768x1024.png",768,1024,true],"large":["https:\/\/staging.srokafinal.lets-preprod.com\/wp-content\/uploads\/2022\/05\/Pack-decouverte-768x1024.png",768,1024,true],"1536x1536":["https:\/\/staging.srokafinal.lets-preprod.com\/wp-content\/uploads\/2022\/05\/Pack-decouverte.png",780,1040,false],"2048x2048":["https:\/\/staging.srokafinal.lets-preprod.com\/wp-content\/uploads\/2022\/05\/Pack-decouverte.png",780,1040,false],"woocommerce_thumbnail":["https:\/\/staging.srokafinal.lets-preprod.com\/wp-content\/uploads\/2022\/05\/Pack-decouverte-600x800.png",600,800,true],"woocommerce_single":["https:\/\/staging.srokafinal.lets-preprod.com\/wp-content\/uploads\/2022\/05\/Pack-decouverte-600x800.png",600,800,true],"woocommerce_gallery_thumbnail":["https:\/\/staging.srokafinal.lets-preprod.com\/wp-content\/uploads\/2022\/05\/Pack-decouverte-100x100.png",100,100,true]},"uagb_author_info":{"display_name":"emmanuel.d emmanuel.d","author_link":"https:\/\/staging.srokafinal.lets-preprod.com\/es\/blog\/author\/"},"uagb_comment_info":0,"uagb_excerpt":"&#x2757;&#xfe0f;Existencias limitadas&#x2757;&#xfe0f; Aprender wingfoil puede parecer dif\u00edcil y complicado. Para aprender a dominar el foiling, el winging y el snowboard al mismo tiempo, \u00a1tenemos la soluci\u00f3n para ti! Este concepto mixto abre otra visi\u00f3n de remar en d\u00edas ventosos. Aprender a dominar un wing foil nunca ha sido tan f\u00e1cil, y este es el primer&hellip;","_links":{"self":[{"href":"https:\/\/staging.srokafinal.lets-preprod.com\/es\/wp-json\/wp\/v2\/product\/109166","targetHints":{"allow":["GET"]}}],"collection":[{"href":"https:\/\/staging.srokafinal.lets-preprod.com\/es\/wp-json\/wp\/v2\/product"}],"about":[{"href":"https:\/\/staging.srokafinal.lets-preprod.com\/es\/wp-json\/wp\/v2\/types\/product"}],"wp:featuredmedia":[{"embeddable":true,"href":"https:\/\/staging.srokafinal.lets-preprod.com\/es\/wp-json\/wp\/v2\/media\/109170"}],"wp:attachment":[{"href":"https:\/\/staging.srokafinal.lets-preprod.com\/es\/wp-json\/wp\/v2\/media?parent=109166"}],"wp:term":[{"taxonomy":"product_brand","embeddable":true,"href":"https:\/\/staging.srokafinal.lets-preprod.com\/es\/wp-json\/wp\/v2\/product_brand?post=109166"},{"taxonomy":"product_cat","embeddable":true,"href":"https:\/\/staging.srokafinal.lets-preprod.com\/es\/wp-json\/wp\/v2\/product_cat?post=109166"},{"taxonomy":"product_tag","embeddable":true,"href":"https:\/\/staging.srokafinal.lets-preprod.com\/es\/wp-json\/wp\/v2\/product_tag?post=109166"}],"curies":[{"name":"wp","href":"https:\/\/api.w.org\/{rel}","templated":true}]}}