


{"id":109168,"date":"2021-03-15T14:25:33","date_gmt":"2021-03-15T12:25:33","guid":{"rendered":"https:\/\/srokacompany.com\/produit\/cuadro-s-foil\/"},"modified":"2024-05-21T12:33:28","modified_gmt":"2024-05-21T12:33:28","slug":"cuadro-s-foil","status":"publish","type":"product","link":"https:\/\/staging.srokafinal.lets-preprod.com\/es\/produit\/cuadro-s-foil\/","title":{"rendered":"Cuadro S-Foil"},"content":{"rendered":"<hr>\n<h1>CUADRO PARA S-FOIL 2021<\/h1>\n<p style=\"text-align: justify;\">El tocadiscos <a href=\"https:\/\/srokacompany.com\/product\/s-foil-classique-sroka\/\">S-Foil 2021<\/a> es compatible con todos los m\u00e1stiles del mismo a\u00f1o. Su construcci\u00f3n de aluminio T6061 T6 ha sido redise\u00f1ada para brindarte sensaciones de vuelo a\u00fan m\u00e1s extraordinarias. Una parte esencial del<a href=\"https:\/\/srokacompany.com\/product\/s-foil-high-aspect\/\"> S-Foil<\/a>, garantiza su rigidez gracias a una huella de <a href=\"https:\/\/srokacompany.com\/product\/mat-s-foil-2\/\">m\u00e1stil<\/a> y <a href=\"https:\/\/srokacompany.com\/product\/fuselage-s-foil-2\/\">fuselaje<\/a> m\u00e1s profunda que antes. Su nuevo y elegante dise\u00f1o, todo en curvas, tambi\u00e9n le permite distribuir eficazmente las fuerzas del foil en la carcasa de su <a href=\"https:\/\/srokacompany.com\/product\/planche-foil-sky-rider-sroka-2\/\">tabla<\/a>. Adem\u00e1s de una mejora del rendimiento, esta distribuci\u00f3n aumenta la vida \u00fatil de su equipo.<\/p>\n<p style=\"text-align: justify;\">Se fija al m\u00e1stil mediante dos tornillos M8. Su conexi\u00f3n de doble carril US la hace compatible con la gran mayor\u00eda <a href=\"https:\/\/srokacompany.com\/product\/planche-gonflable-sroka-air\/\">de tableros foil del<\/a> mercado, adem\u00e1s de ofrecerte solidez y facilidad de uso.<\/p>\n","protected":false},"excerpt":{"rendered":"<p>CUADRO PARA S-FOIL 2021 El tocadiscos S-Foil 2021 es compatible con todos los m\u00e1stiles del mismo a\u00f1o. Su construcci\u00f3n de aluminio T6061 T6 ha sido redise\u00f1ada para brindarte sensaciones de vuelo a\u00fan m\u00e1s extraordinarias. Una parte esencial del S-Foil, garantiza su rigidez gracias a una huella de m\u00e1stil y fuselaje m\u00e1s profunda que antes. Su [&hellip;]<\/p>\n","protected":false},"featured_media":109172,"template":"","meta":{"_acf_changed":false,"_uag_custom_page_level_css":""},"product_brand":[],"product_cat":[2476,2483,2472],"product_tag":[],"class_list":{"0":"post-109168","1":"product","2":"type-product","3":"status-publish","4":"has-post-thumbnail","6":"product_cat-lamina-de-alas","7":"product_cat-foil","8":"product_cat-accesorios-de-lamina","9":"product_shipping_class-lamina-completa-o-piezas-de-repuesto-unidad-de-ala","11":"first","12":"instock","13":"taxable","14":"shipping-taxable","15":"purchasable","16":"product-type-simple"},"acf":[],"yoast_head":"<!-- This site is optimized with the Yoast SEO plugin v25.1 - https:\/\/yoast.com\/wordpress\/plugins\/seo\/ -->\n<title>Cuadro S-Foil - SROKA Company - Accesorios para S-Foil<\/title>\n<meta name=\"description\" content=\"Marco para Sroka Company S-Foil 2021 en aluminio. R\u00edgido, duradero y con el mejor rendimiento en la relaci\u00f3n calidad-precio del mercado.\" \/>\n<meta name=\"robots\" content=\"noindex, follow, max-snippet:-1, max-image-preview:large, max-video-preview:-1\" \/>\n<meta property=\"og:locale\" content=\"es_ES\" \/>\n<meta property=\"og:type\" content=\"article\" \/>\n<meta property=\"og:title\" content=\"Cuadro S-Foil - SROKA Company - Accesorios para S-Foil\" \/>\n<meta property=\"og:description\" content=\"Marco para Sroka Company S-Foil 2021 en aluminio. R\u00edgido, duradero y con el mejor rendimiento en la relaci\u00f3n calidad-precio del mercado.\" \/>\n<meta property=\"og:url\" content=\"https:\/\/staging.srokafinal.lets-preprod.com\/es\/produit\/cuadro-s-foil\/\" \/>\n<meta property=\"og:site_name\" content=\"SROKA Company\" \/>\n<meta property=\"article:publisher\" content=\"https:\/\/www.facebook.com\/srokawatersports\/\" \/>\n<meta property=\"article:modified_time\" content=\"2024-05-21T12:33:28+00:00\" \/>\n<meta property=\"og:image\" content=\"https:\/\/staging.srokafinal.lets-preprod.com\/wp-content\/uploads\/2021\/03\/platine-foil.jpg\" \/>\n\t<meta property=\"og:image:width\" content=\"780\" \/>\n\t<meta property=\"og:image:height\" content=\"1040\" \/>\n\t<meta property=\"og:image:type\" content=\"image\/jpeg\" \/>\n<meta name=\"twitter:label1\" content=\"Tiempo de lectura\" \/>\n\t<meta name=\"twitter:data1\" content=\"1 minuto\" \/>\n<script type=\"application\/ld+json\" class=\"yoast-schema-graph\">{\"@context\":\"https:\/\/schema.org\",\"@graph\":[{\"@type\":\"WebPage\",\"@id\":\"https:\/\/staging.srokafinal.lets-preprod.com\/es\/produit\/cuadro-s-foil\/\",\"url\":\"https:\/\/staging.srokafinal.lets-preprod.com\/es\/produit\/cuadro-s-foil\/\",\"name\":\"Cuadro S-Foil - SROKA Company - Accesorios para S-Foil\",\"isPartOf\":{\"@id\":\"https:\/\/staging.srokafinal.lets-preprod.com\/es\/#website\"},\"primaryImageOfPage\":{\"@id\":\"https:\/\/staging.srokafinal.lets-preprod.com\/es\/produit\/cuadro-s-foil\/#primaryimage\"},\"image\":{\"@id\":\"https:\/\/staging.srokafinal.lets-preprod.com\/es\/produit\/cuadro-s-foil\/#primaryimage\"},\"thumbnailUrl\":\"https:\/\/staging.srokafinal.lets-preprod.com\/wp-content\/uploads\/2021\/03\/platine-foil.jpg\",\"datePublished\":\"2021-03-15T12:25:33+00:00\",\"dateModified\":\"2024-05-21T12:33:28+00:00\",\"description\":\"Marco para Sroka Company S-Foil 2021 en aluminio. R\u00edgido, duradero y con el mejor rendimiento en la relaci\u00f3n calidad-precio del mercado.\",\"breadcrumb\":{\"@id\":\"https:\/\/staging.srokafinal.lets-preprod.com\/es\/produit\/cuadro-s-foil\/#breadcrumb\"},\"inLanguage\":\"es\",\"potentialAction\":[{\"@type\":\"ReadAction\",\"target\":[\"https:\/\/staging.srokafinal.lets-preprod.com\/es\/produit\/cuadro-s-foil\/\"]}]},{\"@type\":\"ImageObject\",\"inLanguage\":\"es\",\"@id\":\"https:\/\/staging.srokafinal.lets-preprod.com\/es\/produit\/cuadro-s-foil\/#primaryimage\",\"url\":\"https:\/\/staging.srokafinal.lets-preprod.com\/wp-content\/uploads\/2021\/03\/platine-foil.jpg\",\"contentUrl\":\"https:\/\/staging.srokafinal.lets-preprod.com\/wp-content\/uploads\/2021\/03\/platine-foil.jpg\",\"width\":780,\"height\":1040,\"caption\":\"Fijaci\u00f3n de marco para todas las l\u00e1minas con una conexi\u00f3n de doble riel US en el tablero de l\u00e1minas\"},{\"@type\":\"BreadcrumbList\",\"@id\":\"https:\/\/staging.srokafinal.lets-preprod.com\/es\/produit\/cuadro-s-foil\/#breadcrumb\",\"itemListElement\":[{\"@type\":\"ListItem\",\"position\":1,\"name\":\"Accueil\",\"item\":\"https:\/\/staging.srokafinal.lets-preprod.com\/es\/\"},{\"@type\":\"ListItem\",\"position\":2,\"name\":\"Boutique\",\"item\":\"https:\/\/staging.srokafinal.lets-preprod.com\/boutique\/\"},{\"@type\":\"ListItem\",\"position\":3,\"name\":\"Cuadro S-Foil\"}]},{\"@type\":\"WebSite\",\"@id\":\"https:\/\/staging.srokafinal.lets-preprod.com\/es\/#website\",\"url\":\"https:\/\/staging.srokafinal.lets-preprod.com\/es\/\",\"name\":\"SROKA Company\",\"description\":\"SUP, Kite, Foil, Wing\",\"publisher\":{\"@id\":\"https:\/\/staging.srokafinal.lets-preprod.com\/es\/#organization\"},\"potentialAction\":[{\"@type\":\"SearchAction\",\"target\":{\"@type\":\"EntryPoint\",\"urlTemplate\":\"https:\/\/staging.srokafinal.lets-preprod.com\/es\/?s={search_term_string}\"},\"query-input\":{\"@type\":\"PropertyValueSpecification\",\"valueRequired\":true,\"valueName\":\"search_term_string\"}}],\"inLanguage\":\"es\"},{\"@type\":\"Organization\",\"@id\":\"https:\/\/staging.srokafinal.lets-preprod.com\/es\/#organization\",\"name\":\"SROKACOMPANY\",\"alternateName\":\"SROKA\",\"url\":\"https:\/\/staging.srokafinal.lets-preprod.com\/es\/\",\"logo\":{\"@type\":\"ImageObject\",\"inLanguage\":\"es\",\"@id\":\"https:\/\/staging.srokafinal.lets-preprod.com\/es\/#\/schema\/logo\/image\/\",\"url\":\"https:\/\/staging.srokafinal.lets-preprod.com\/wp-content\/uploads\/2021\/01\/logo-sroka-black-transpa.png\",\"contentUrl\":\"https:\/\/staging.srokafinal.lets-preprod.com\/wp-content\/uploads\/2021\/01\/logo-sroka-black-transpa.png\",\"width\":1201,\"height\":342,\"caption\":\"SROKACOMPANY\"},\"image\":{\"@id\":\"https:\/\/staging.srokafinal.lets-preprod.com\/es\/#\/schema\/logo\/image\/\"},\"sameAs\":[\"https:\/\/www.facebook.com\/srokawatersports\/\",\"https:\/\/www.instagram.com\/srokawatersports\/\",\"https:\/\/www.youtube.com\/channel\/UCVLHHeaPIm-J5bdEUgxqtZA\"]}]}<\/script>\n<!-- \/ Yoast SEO plugin. -->","yoast_head_json":{"title":"Cuadro S-Foil - SROKA Company - Accesorios para S-Foil","description":"Marco para Sroka Company S-Foil 2021 en aluminio. R\u00edgido, duradero y con el mejor rendimiento en la relaci\u00f3n calidad-precio del mercado.","robots":{"index":"noindex","follow":"follow","max-snippet":"max-snippet:-1","max-image-preview":"max-image-preview:large","max-video-preview":"max-video-preview:-1"},"og_locale":"es_ES","og_type":"article","og_title":"Cuadro S-Foil - SROKA Company - Accesorios para S-Foil","og_description":"Marco para Sroka Company S-Foil 2021 en aluminio. R\u00edgido, duradero y con el mejor rendimiento en la relaci\u00f3n calidad-precio del mercado.","og_url":"https:\/\/staging.srokafinal.lets-preprod.com\/es\/produit\/cuadro-s-foil\/","og_site_name":"SROKA Company","article_publisher":"https:\/\/www.facebook.com\/srokawatersports\/","article_modified_time":"2024-05-21T12:33:28+00:00","og_image":[{"width":780,"height":1040,"url":"https:\/\/staging.srokafinal.lets-preprod.com\/wp-content\/uploads\/2021\/03\/platine-foil.jpg","type":"image\/jpeg"}],"twitter_misc":{"Tiempo de lectura":"1 minuto"},"schema":{"@context":"https:\/\/schema.org","@graph":[{"@type":"WebPage","@id":"https:\/\/staging.srokafinal.lets-preprod.com\/es\/produit\/cuadro-s-foil\/","url":"https:\/\/staging.srokafinal.lets-preprod.com\/es\/produit\/cuadro-s-foil\/","name":"Cuadro S-Foil - SROKA Company - Accesorios para S-Foil","isPartOf":{"@id":"https:\/\/staging.srokafinal.lets-preprod.com\/es\/#website"},"primaryImageOfPage":{"@id":"https:\/\/staging.srokafinal.lets-preprod.com\/es\/produit\/cuadro-s-foil\/#primaryimage"},"image":{"@id":"https:\/\/staging.srokafinal.lets-preprod.com\/es\/produit\/cuadro-s-foil\/#primaryimage"},"thumbnailUrl":"https:\/\/staging.srokafinal.lets-preprod.com\/wp-content\/uploads\/2021\/03\/platine-foil.jpg","datePublished":"2021-03-15T12:25:33+00:00","dateModified":"2024-05-21T12:33:28+00:00","description":"Marco para Sroka Company S-Foil 2021 en aluminio. R\u00edgido, duradero y con el mejor rendimiento en la relaci\u00f3n calidad-precio del mercado.","breadcrumb":{"@id":"https:\/\/staging.srokafinal.lets-preprod.com\/es\/produit\/cuadro-s-foil\/#breadcrumb"},"inLanguage":"es","potentialAction":[{"@type":"ReadAction","target":["https:\/\/staging.srokafinal.lets-preprod.com\/es\/produit\/cuadro-s-foil\/"]}]},{"@type":"ImageObject","inLanguage":"es","@id":"https:\/\/staging.srokafinal.lets-preprod.com\/es\/produit\/cuadro-s-foil\/#primaryimage","url":"https:\/\/staging.srokafinal.lets-preprod.com\/wp-content\/uploads\/2021\/03\/platine-foil.jpg","contentUrl":"https:\/\/staging.srokafinal.lets-preprod.com\/wp-content\/uploads\/2021\/03\/platine-foil.jpg","width":780,"height":1040,"caption":"Fijaci\u00f3n de marco para todas las l\u00e1minas con una conexi\u00f3n de doble riel US en el tablero de l\u00e1minas"},{"@type":"BreadcrumbList","@id":"https:\/\/staging.srokafinal.lets-preprod.com\/es\/produit\/cuadro-s-foil\/#breadcrumb","itemListElement":[{"@type":"ListItem","position":1,"name":"Accueil","item":"https:\/\/staging.srokafinal.lets-preprod.com\/es\/"},{"@type":"ListItem","position":2,"name":"Boutique","item":"https:\/\/staging.srokafinal.lets-preprod.com\/boutique\/"},{"@type":"ListItem","position":3,"name":"Cuadro S-Foil"}]},{"@type":"WebSite","@id":"https:\/\/staging.srokafinal.lets-preprod.com\/es\/#website","url":"https:\/\/staging.srokafinal.lets-preprod.com\/es\/","name":"SROKA Company","description":"SUP, Kite, Foil, Wing","publisher":{"@id":"https:\/\/staging.srokafinal.lets-preprod.com\/es\/#organization"},"potentialAction":[{"@type":"SearchAction","target":{"@type":"EntryPoint","urlTemplate":"https:\/\/staging.srokafinal.lets-preprod.com\/es\/?s={search_term_string}"},"query-input":{"@type":"PropertyValueSpecification","valueRequired":true,"valueName":"search_term_string"}}],"inLanguage":"es"},{"@type":"Organization","@id":"https:\/\/staging.srokafinal.lets-preprod.com\/es\/#organization","name":"SROKACOMPANY","alternateName":"SROKA","url":"https:\/\/staging.srokafinal.lets-preprod.com\/es\/","logo":{"@type":"ImageObject","inLanguage":"es","@id":"https:\/\/staging.srokafinal.lets-preprod.com\/es\/#\/schema\/logo\/image\/","url":"https:\/\/staging.srokafinal.lets-preprod.com\/wp-content\/uploads\/2021\/01\/logo-sroka-black-transpa.png","contentUrl":"https:\/\/staging.srokafinal.lets-preprod.com\/wp-content\/uploads\/2021\/01\/logo-sroka-black-transpa.png","width":1201,"height":342,"caption":"SROKACOMPANY"},"image":{"@id":"https:\/\/staging.srokafinal.lets-preprod.com\/es\/#\/schema\/logo\/image\/"},"sameAs":["https:\/\/www.facebook.com\/srokawatersports\/","https:\/\/www.instagram.com\/srokawatersports\/","https:\/\/www.youtube.com\/channel\/UCVLHHeaPIm-J5bdEUgxqtZA"]}]}},"uagb_featured_image_src":{"full":["https:\/\/staging.srokafinal.lets-preprod.com\/wp-content\/uploads\/2021\/03\/platine-foil.jpg",780,1040,false],"thumbnail":["https:\/\/staging.srokafinal.lets-preprod.com\/wp-content\/uploads\/2021\/03\/platine-foil-150x150.jpg",150,150,true],"medium":["https:\/\/staging.srokafinal.lets-preprod.com\/wp-content\/uploads\/2021\/03\/platine-foil-225x300.jpg",225,300,true],"medium_large":["https:\/\/staging.srokafinal.lets-preprod.com\/wp-content\/uploads\/2021\/03\/platine-foil-768x1024.jpg",768,1024,true],"large":["https:\/\/staging.srokafinal.lets-preprod.com\/wp-content\/uploads\/2021\/03\/platine-foil-768x1024.jpg",768,1024,true],"1536x1536":["https:\/\/staging.srokafinal.lets-preprod.com\/wp-content\/uploads\/2021\/03\/platine-foil.jpg",780,1040,false],"2048x2048":["https:\/\/staging.srokafinal.lets-preprod.com\/wp-content\/uploads\/2021\/03\/platine-foil.jpg",780,1040,false],"woocommerce_thumbnail":["https:\/\/staging.srokafinal.lets-preprod.com\/wp-content\/uploads\/2021\/03\/platine-foil-600x800.jpg",600,800,true],"woocommerce_single":["https:\/\/staging.srokafinal.lets-preprod.com\/wp-content\/uploads\/2021\/03\/platine-foil-600x800.jpg",600,800,true],"woocommerce_gallery_thumbnail":["https:\/\/staging.srokafinal.lets-preprod.com\/wp-content\/uploads\/2021\/03\/platine-foil-100x100.jpg",100,100,true]},"uagb_author_info":{"display_name":"Tristan Dumard","author_link":"https:\/\/staging.srokafinal.lets-preprod.com\/es\/blog\/author\/"},"uagb_comment_info":0,"uagb_excerpt":"CUADRO PARA S-FOIL 2021 El tocadiscos S-Foil 2021 es compatible con todos los m\u00e1stiles del mismo a\u00f1o. Su construcci\u00f3n de aluminio T6061 T6 ha sido redise\u00f1ada para brindarte sensaciones de vuelo a\u00fan m\u00e1s extraordinarias. Una parte esencial del S-Foil, garantiza su rigidez gracias a una huella de m\u00e1stil y fuselaje m\u00e1s profunda que antes. Su&hellip;","_links":{"self":[{"href":"https:\/\/staging.srokafinal.lets-preprod.com\/es\/wp-json\/wp\/v2\/product\/109168","targetHints":{"allow":["GET"]}}],"collection":[{"href":"https:\/\/staging.srokafinal.lets-preprod.com\/es\/wp-json\/wp\/v2\/product"}],"about":[{"href":"https:\/\/staging.srokafinal.lets-preprod.com\/es\/wp-json\/wp\/v2\/types\/product"}],"wp:featuredmedia":[{"embeddable":true,"href":"https:\/\/staging.srokafinal.lets-preprod.com\/es\/wp-json\/wp\/v2\/media\/109172"}],"wp:attachment":[{"href":"https:\/\/staging.srokafinal.lets-preprod.com\/es\/wp-json\/wp\/v2\/media?parent=109168"}],"wp:term":[{"taxonomy":"product_brand","embeddable":true,"href":"https:\/\/staging.srokafinal.lets-preprod.com\/es\/wp-json\/wp\/v2\/product_brand?post=109168"},{"taxonomy":"product_cat","embeddable":true,"href":"https:\/\/staging.srokafinal.lets-preprod.com\/es\/wp-json\/wp\/v2\/product_cat?post=109168"},{"taxonomy":"product_tag","embeddable":true,"href":"https:\/\/staging.srokafinal.lets-preprod.com\/es\/wp-json\/wp\/v2\/product_tag?post=109168"}],"curies":[{"name":"wp","href":"https:\/\/api.w.org\/{rel}","templated":true}]}}