


{"id":109222,"date":"2022-05-25T07:26:40","date_gmt":"2022-05-25T05:26:40","guid":{"rendered":"https:\/\/srokacompany.com\/produit\/s-foil-high-aspect-950-velocidad\/"},"modified":"2024-05-21T12:33:38","modified_gmt":"2024-05-21T12:33:38","slug":"s-foil-high-aspect-950-velocidad","status":"publish","type":"product","link":"https:\/\/staging.srokafinal.lets-preprod.com\/es\/produit\/s-foil-high-aspect-950-velocidad\/","title":{"rendered":"S-Foil High Aspect 950 Velocidad"},"content":{"rendered":"<hr>\n<h2>El S-Foil High Aspect 950<\/h2>\n<p class=\"p1\">\u00a1Supera tus l\u00edmites con el rango de velocidad! Esta nueva l\u00e1mina Speed de 950 HA con su peque\u00f1o estabilizador de 240 proporcionar\u00e1 incre\u00edbles sensaciones de velocidad y deslizamiento, adem\u00e1s de un bombeo ultra eficiente. Desde el nivel intermedio hasta el profesional, este combo ser\u00e1 la mejor manera de divertirse en condiciones de viento y olas medias a fuertes.<\/p>\n<p class=\"p1\">Nuestros guardabarros delanteros High Aspect cuentan con perfiles con un enorme potencial de velocidad a la vez que son accesibles. Tanto en el wing foil como en el surf foil, te recompensan al rider con emocionantes aceleraciones y velocidades m\u00e1ximas con la m\u00e1xima precisi\u00f3n en los giros.<\/p>\n<p class=\"p1\">Para aquellos que quieren guardabarros delanteros High Aspect que sean m\u00e1s indulgentes y accesibles pero con un rendimiento interesante: <a href=\"https:\/\/srokacompany.com\/produit\/s-foil-high-aspect-2\/\">Gama Lift<\/a>.<\/p>\n<p class=\"p1\">Todos <a href=\"https:\/\/srokacompany.com\/produit\/ailettes-avant-s-foil-classique\/\">los guardabarros delanteros<\/a> son intercambiables en su S-Foil.<\/p>\n<p class=\"p1\">Ideal para wing foil, kite foil, wind foil y surf foil.<\/p>\n<p><strong>El S-Foil con la aleta HA 950 cm\u00b2 Speed se vende con su nuevo estabilizador adaptado: 240 cm\u00b2<\/strong><\/p>\n<p><a href=\"https:\/\/srokacompany.com\/produit\/aile-avant-s-foil-high-aspect-950-speed\/\">Aler\u00f3n delantero HA950 Speed aqu\u00ed.<\/a><\/p>\n","protected":false},"excerpt":{"rendered":"<p>El S-Foil High Aspect 950 \u00a1Supera tus l\u00edmites con el rango de velocidad! Esta nueva l\u00e1mina Speed de 950 HA con su peque\u00f1o estabilizador de 240 proporcionar\u00e1 incre\u00edbles sensaciones de velocidad y deslizamiento, adem\u00e1s de un bombeo ultra eficiente. Desde el nivel intermedio hasta el profesional, este combo ser\u00e1 la mejor manera de divertirse en [&hellip;]<\/p>\n","protected":false},"featured_media":109245,"template":"","meta":{"_acf_changed":false,"_uag_custom_page_level_css":""},"product_brand":[],"product_cat":[2476,2483,2531],"product_tag":[],"class_list":{"0":"post-109222","1":"product","2":"type-product","3":"status-publish","4":"has-post-thumbnail","6":"product_cat-lamina-de-alas","7":"product_cat-foil","8":"product_cat-todas-nuestras-laminas-high-aspect","9":"product_shipping_class-lamina-completa-o-piezas-de-repuesto-unidad-de-ala","11":"first","12":"instock","13":"taxable","14":"shipping-taxable","15":"purchasable","16":"product-type-variable","17":"has-default-attributes"},"acf":[],"yoast_head":"<!-- This site is optimized with the Yoast SEO plugin v25.1 - https:\/\/yoast.com\/wordpress\/plugins\/seo\/ -->\n<title>S-Foil High Aspect 950 Velocidad - SROKA Company<\/title>\n<meta name=\"description\" content=\"El S-Foil Hight Aspect 950 S te brindar\u00e1 la m\u00e1xima comodidad y rendimiento. Ideal para ciclistas avanzados que buscan rendimiento\" \/>\n<meta name=\"robots\" content=\"noindex, follow, max-snippet:-1, max-image-preview:large, max-video-preview:-1\" \/>\n<meta property=\"og:locale\" content=\"es_ES\" \/>\n<meta property=\"og:type\" content=\"article\" \/>\n<meta property=\"og:title\" content=\"S-Foil High Aspect 950 Velocidad - SROKA Company\" \/>\n<meta property=\"og:description\" content=\"El S-Foil Hight Aspect 950 S te brindar\u00e1 la m\u00e1xima comodidad y rendimiento. Ideal para ciclistas avanzados que buscan rendimiento\" \/>\n<meta property=\"og:url\" content=\"https:\/\/staging.srokafinal.lets-preprod.com\/es\/produit\/s-foil-high-aspect-950-velocidad\/\" \/>\n<meta property=\"og:site_name\" content=\"SROKA Company\" \/>\n<meta property=\"article:publisher\" content=\"https:\/\/www.facebook.com\/srokawatersports\/\" \/>\n<meta property=\"article:modified_time\" content=\"2024-05-21T12:33:38+00:00\" \/>\n<meta property=\"og:image\" content=\"https:\/\/staging.srokafinal.lets-preprod.com\/wp-content\/uploads\/2022\/05\/Photo-produit-planche-foils-et-packs-8.png\" \/>\n\t<meta property=\"og:image:width\" content=\"740\" \/>\n\t<meta property=\"og:image:height\" content=\"1080\" \/>\n\t<meta property=\"og:image:type\" content=\"image\/png\" \/>\n<meta name=\"twitter:label1\" content=\"Tiempo de lectura\" \/>\n\t<meta name=\"twitter:data1\" content=\"1 minuto\" \/>\n<script type=\"application\/ld+json\" class=\"yoast-schema-graph\">{\"@context\":\"https:\/\/schema.org\",\"@graph\":[{\"@type\":\"WebPage\",\"@id\":\"https:\/\/staging.srokafinal.lets-preprod.com\/es\/produit\/s-foil-high-aspect-950-velocidad\/\",\"url\":\"https:\/\/staging.srokafinal.lets-preprod.com\/es\/produit\/s-foil-high-aspect-950-velocidad\/\",\"name\":\"S-Foil High Aspect 950 Velocidad - SROKA Company\",\"isPartOf\":{\"@id\":\"https:\/\/staging.srokafinal.lets-preprod.com\/es\/#website\"},\"primaryImageOfPage\":{\"@id\":\"https:\/\/staging.srokafinal.lets-preprod.com\/es\/produit\/s-foil-high-aspect-950-velocidad\/#primaryimage\"},\"image\":{\"@id\":\"https:\/\/staging.srokafinal.lets-preprod.com\/es\/produit\/s-foil-high-aspect-950-velocidad\/#primaryimage\"},\"thumbnailUrl\":\"https:\/\/staging.srokafinal.lets-preprod.com\/wp-content\/uploads\/2022\/05\/Photo-produit-planche-foils-et-packs-8.png\",\"datePublished\":\"2022-05-25T05:26:40+00:00\",\"dateModified\":\"2024-05-21T12:33:38+00:00\",\"description\":\"El S-Foil Hight Aspect 950 S te brindar\u00e1 la m\u00e1xima comodidad y rendimiento. Ideal para ciclistas avanzados que buscan rendimiento\",\"breadcrumb\":{\"@id\":\"https:\/\/staging.srokafinal.lets-preprod.com\/es\/produit\/s-foil-high-aspect-950-velocidad\/#breadcrumb\"},\"inLanguage\":\"es\",\"potentialAction\":[{\"@type\":\"ReadAction\",\"target\":[\"https:\/\/staging.srokafinal.lets-preprod.com\/es\/produit\/s-foil-high-aspect-950-velocidad\/\"]}]},{\"@type\":\"ImageObject\",\"inLanguage\":\"es\",\"@id\":\"https:\/\/staging.srokafinal.lets-preprod.com\/es\/produit\/s-foil-high-aspect-950-velocidad\/#primaryimage\",\"url\":\"https:\/\/staging.srokafinal.lets-preprod.com\/wp-content\/uploads\/2022\/05\/Photo-produit-planche-foils-et-packs-8.png\",\"contentUrl\":\"https:\/\/staging.srokafinal.lets-preprod.com\/wp-content\/uploads\/2022\/05\/Photo-produit-planche-foils-et-packs-8.png\",\"width\":740,\"height\":1080,\"caption\":\"950 Speed S Foil\"},{\"@type\":\"BreadcrumbList\",\"@id\":\"https:\/\/staging.srokafinal.lets-preprod.com\/es\/produit\/s-foil-high-aspect-950-velocidad\/#breadcrumb\",\"itemListElement\":[{\"@type\":\"ListItem\",\"position\":1,\"name\":\"Accueil\",\"item\":\"https:\/\/staging.srokafinal.lets-preprod.com\/es\/\"},{\"@type\":\"ListItem\",\"position\":2,\"name\":\"Boutique\",\"item\":\"https:\/\/staging.srokafinal.lets-preprod.com\/boutique\/\"},{\"@type\":\"ListItem\",\"position\":3,\"name\":\"S-Foil High Aspect 950 Velocidad\"}]},{\"@type\":\"WebSite\",\"@id\":\"https:\/\/staging.srokafinal.lets-preprod.com\/es\/#website\",\"url\":\"https:\/\/staging.srokafinal.lets-preprod.com\/es\/\",\"name\":\"SROKA Company\",\"description\":\"SUP, Kite, Foil, Wing\",\"publisher\":{\"@id\":\"https:\/\/staging.srokafinal.lets-preprod.com\/es\/#organization\"},\"potentialAction\":[{\"@type\":\"SearchAction\",\"target\":{\"@type\":\"EntryPoint\",\"urlTemplate\":\"https:\/\/staging.srokafinal.lets-preprod.com\/es\/?s={search_term_string}\"},\"query-input\":{\"@type\":\"PropertyValueSpecification\",\"valueRequired\":true,\"valueName\":\"search_term_string\"}}],\"inLanguage\":\"es\"},{\"@type\":\"Organization\",\"@id\":\"https:\/\/staging.srokafinal.lets-preprod.com\/es\/#organization\",\"name\":\"SROKACOMPANY\",\"alternateName\":\"SROKA\",\"url\":\"https:\/\/staging.srokafinal.lets-preprod.com\/es\/\",\"logo\":{\"@type\":\"ImageObject\",\"inLanguage\":\"es\",\"@id\":\"https:\/\/staging.srokafinal.lets-preprod.com\/es\/#\/schema\/logo\/image\/\",\"url\":\"https:\/\/staging.srokafinal.lets-preprod.com\/wp-content\/uploads\/2021\/01\/logo-sroka-black-transpa.png\",\"contentUrl\":\"https:\/\/staging.srokafinal.lets-preprod.com\/wp-content\/uploads\/2021\/01\/logo-sroka-black-transpa.png\",\"width\":1201,\"height\":342,\"caption\":\"SROKACOMPANY\"},\"image\":{\"@id\":\"https:\/\/staging.srokafinal.lets-preprod.com\/es\/#\/schema\/logo\/image\/\"},\"sameAs\":[\"https:\/\/www.facebook.com\/srokawatersports\/\",\"https:\/\/www.instagram.com\/srokawatersports\/\",\"https:\/\/www.youtube.com\/channel\/UCVLHHeaPIm-J5bdEUgxqtZA\"]}]}<\/script>\n<!-- \/ Yoast SEO plugin. -->","yoast_head_json":{"title":"S-Foil High Aspect 950 Velocidad - SROKA Company","description":"El S-Foil Hight Aspect 950 S te brindar\u00e1 la m\u00e1xima comodidad y rendimiento. Ideal para ciclistas avanzados que buscan rendimiento","robots":{"index":"noindex","follow":"follow","max-snippet":"max-snippet:-1","max-image-preview":"max-image-preview:large","max-video-preview":"max-video-preview:-1"},"og_locale":"es_ES","og_type":"article","og_title":"S-Foil High Aspect 950 Velocidad - SROKA Company","og_description":"El S-Foil Hight Aspect 950 S te brindar\u00e1 la m\u00e1xima comodidad y rendimiento. Ideal para ciclistas avanzados que buscan rendimiento","og_url":"https:\/\/staging.srokafinal.lets-preprod.com\/es\/produit\/s-foil-high-aspect-950-velocidad\/","og_site_name":"SROKA Company","article_publisher":"https:\/\/www.facebook.com\/srokawatersports\/","article_modified_time":"2024-05-21T12:33:38+00:00","og_image":[{"width":740,"height":1080,"url":"https:\/\/staging.srokafinal.lets-preprod.com\/wp-content\/uploads\/2022\/05\/Photo-produit-planche-foils-et-packs-8.png","type":"image\/png"}],"twitter_misc":{"Tiempo de lectura":"1 minuto"},"schema":{"@context":"https:\/\/schema.org","@graph":[{"@type":"WebPage","@id":"https:\/\/staging.srokafinal.lets-preprod.com\/es\/produit\/s-foil-high-aspect-950-velocidad\/","url":"https:\/\/staging.srokafinal.lets-preprod.com\/es\/produit\/s-foil-high-aspect-950-velocidad\/","name":"S-Foil High Aspect 950 Velocidad - SROKA Company","isPartOf":{"@id":"https:\/\/staging.srokafinal.lets-preprod.com\/es\/#website"},"primaryImageOfPage":{"@id":"https:\/\/staging.srokafinal.lets-preprod.com\/es\/produit\/s-foil-high-aspect-950-velocidad\/#primaryimage"},"image":{"@id":"https:\/\/staging.srokafinal.lets-preprod.com\/es\/produit\/s-foil-high-aspect-950-velocidad\/#primaryimage"},"thumbnailUrl":"https:\/\/staging.srokafinal.lets-preprod.com\/wp-content\/uploads\/2022\/05\/Photo-produit-planche-foils-et-packs-8.png","datePublished":"2022-05-25T05:26:40+00:00","dateModified":"2024-05-21T12:33:38+00:00","description":"El S-Foil Hight Aspect 950 S te brindar\u00e1 la m\u00e1xima comodidad y rendimiento. Ideal para ciclistas avanzados que buscan rendimiento","breadcrumb":{"@id":"https:\/\/staging.srokafinal.lets-preprod.com\/es\/produit\/s-foil-high-aspect-950-velocidad\/#breadcrumb"},"inLanguage":"es","potentialAction":[{"@type":"ReadAction","target":["https:\/\/staging.srokafinal.lets-preprod.com\/es\/produit\/s-foil-high-aspect-950-velocidad\/"]}]},{"@type":"ImageObject","inLanguage":"es","@id":"https:\/\/staging.srokafinal.lets-preprod.com\/es\/produit\/s-foil-high-aspect-950-velocidad\/#primaryimage","url":"https:\/\/staging.srokafinal.lets-preprod.com\/wp-content\/uploads\/2022\/05\/Photo-produit-planche-foils-et-packs-8.png","contentUrl":"https:\/\/staging.srokafinal.lets-preprod.com\/wp-content\/uploads\/2022\/05\/Photo-produit-planche-foils-et-packs-8.png","width":740,"height":1080,"caption":"950 Speed S Foil"},{"@type":"BreadcrumbList","@id":"https:\/\/staging.srokafinal.lets-preprod.com\/es\/produit\/s-foil-high-aspect-950-velocidad\/#breadcrumb","itemListElement":[{"@type":"ListItem","position":1,"name":"Accueil","item":"https:\/\/staging.srokafinal.lets-preprod.com\/es\/"},{"@type":"ListItem","position":2,"name":"Boutique","item":"https:\/\/staging.srokafinal.lets-preprod.com\/boutique\/"},{"@type":"ListItem","position":3,"name":"S-Foil High Aspect 950 Velocidad"}]},{"@type":"WebSite","@id":"https:\/\/staging.srokafinal.lets-preprod.com\/es\/#website","url":"https:\/\/staging.srokafinal.lets-preprod.com\/es\/","name":"SROKA Company","description":"SUP, Kite, Foil, Wing","publisher":{"@id":"https:\/\/staging.srokafinal.lets-preprod.com\/es\/#organization"},"potentialAction":[{"@type":"SearchAction","target":{"@type":"EntryPoint","urlTemplate":"https:\/\/staging.srokafinal.lets-preprod.com\/es\/?s={search_term_string}"},"query-input":{"@type":"PropertyValueSpecification","valueRequired":true,"valueName":"search_term_string"}}],"inLanguage":"es"},{"@type":"Organization","@id":"https:\/\/staging.srokafinal.lets-preprod.com\/es\/#organization","name":"SROKACOMPANY","alternateName":"SROKA","url":"https:\/\/staging.srokafinal.lets-preprod.com\/es\/","logo":{"@type":"ImageObject","inLanguage":"es","@id":"https:\/\/staging.srokafinal.lets-preprod.com\/es\/#\/schema\/logo\/image\/","url":"https:\/\/staging.srokafinal.lets-preprod.com\/wp-content\/uploads\/2021\/01\/logo-sroka-black-transpa.png","contentUrl":"https:\/\/staging.srokafinal.lets-preprod.com\/wp-content\/uploads\/2021\/01\/logo-sroka-black-transpa.png","width":1201,"height":342,"caption":"SROKACOMPANY"},"image":{"@id":"https:\/\/staging.srokafinal.lets-preprod.com\/es\/#\/schema\/logo\/image\/"},"sameAs":["https:\/\/www.facebook.com\/srokawatersports\/","https:\/\/www.instagram.com\/srokawatersports\/","https:\/\/www.youtube.com\/channel\/UCVLHHeaPIm-J5bdEUgxqtZA"]}]}},"uagb_featured_image_src":{"full":["https:\/\/staging.srokafinal.lets-preprod.com\/wp-content\/uploads\/2022\/05\/Photo-produit-planche-foils-et-packs-8.png",740,1080,false],"thumbnail":["https:\/\/staging.srokafinal.lets-preprod.com\/wp-content\/uploads\/2022\/05\/Photo-produit-planche-foils-et-packs-8-150x150.png",150,150,true],"medium":["https:\/\/staging.srokafinal.lets-preprod.com\/wp-content\/uploads\/2022\/05\/Photo-produit-planche-foils-et-packs-8-206x300.png",206,300,true],"medium_large":["https:\/\/staging.srokafinal.lets-preprod.com\/wp-content\/uploads\/2022\/05\/Photo-produit-planche-foils-et-packs-8.png",740,1080,false],"large":["https:\/\/staging.srokafinal.lets-preprod.com\/wp-content\/uploads\/2022\/05\/Photo-produit-planche-foils-et-packs-8-702x1024.png",702,1024,true],"1536x1536":["https:\/\/staging.srokafinal.lets-preprod.com\/wp-content\/uploads\/2022\/05\/Photo-produit-planche-foils-et-packs-8.png",740,1080,false],"2048x2048":["https:\/\/staging.srokafinal.lets-preprod.com\/wp-content\/uploads\/2022\/05\/Photo-produit-planche-foils-et-packs-8.png",740,1080,false],"woocommerce_thumbnail":["https:\/\/staging.srokafinal.lets-preprod.com\/wp-content\/uploads\/2022\/05\/Photo-produit-planche-foils-et-packs-8-600x876.png",600,876,true],"woocommerce_single":["https:\/\/staging.srokafinal.lets-preprod.com\/wp-content\/uploads\/2022\/05\/Photo-produit-planche-foils-et-packs-8-600x876.png",600,876,true],"woocommerce_gallery_thumbnail":["https:\/\/staging.srokafinal.lets-preprod.com\/wp-content\/uploads\/2022\/05\/Photo-produit-planche-foils-et-packs-8-100x100.png",100,100,true]},"uagb_author_info":{"display_name":"emmanuel.d emmanuel.d","author_link":"https:\/\/staging.srokafinal.lets-preprod.com\/es\/blog\/author\/"},"uagb_comment_info":0,"uagb_excerpt":"El S-Foil High Aspect 950 \u00a1Supera tus l\u00edmites con el rango de velocidad! Esta nueva l\u00e1mina Speed de 950 HA con su peque\u00f1o estabilizador de 240 proporcionar\u00e1 incre\u00edbles sensaciones de velocidad y deslizamiento, adem\u00e1s de un bombeo ultra eficiente. Desde el nivel intermedio hasta el profesional, este combo ser\u00e1 la mejor manera de divertirse en&hellip;","_links":{"self":[{"href":"https:\/\/staging.srokafinal.lets-preprod.com\/es\/wp-json\/wp\/v2\/product\/109222","targetHints":{"allow":["GET"]}}],"collection":[{"href":"https:\/\/staging.srokafinal.lets-preprod.com\/es\/wp-json\/wp\/v2\/product"}],"about":[{"href":"https:\/\/staging.srokafinal.lets-preprod.com\/es\/wp-json\/wp\/v2\/types\/product"}],"wp:featuredmedia":[{"embeddable":true,"href":"https:\/\/staging.srokafinal.lets-preprod.com\/es\/wp-json\/wp\/v2\/media\/109245"}],"wp:attachment":[{"href":"https:\/\/staging.srokafinal.lets-preprod.com\/es\/wp-json\/wp\/v2\/media?parent=109222"}],"wp:term":[{"taxonomy":"product_brand","embeddable":true,"href":"https:\/\/staging.srokafinal.lets-preprod.com\/es\/wp-json\/wp\/v2\/product_brand?post=109222"},{"taxonomy":"product_cat","embeddable":true,"href":"https:\/\/staging.srokafinal.lets-preprod.com\/es\/wp-json\/wp\/v2\/product_cat?post=109222"},{"taxonomy":"product_tag","embeddable":true,"href":"https:\/\/staging.srokafinal.lets-preprod.com\/es\/wp-json\/wp\/v2\/product_tag?post=109222"}],"curies":[{"name":"wp","href":"https:\/\/api.w.org\/{rel}","templated":true}]}}