


{"id":109270,"date":"2021-06-18T08:14:45","date_gmt":"2021-06-18T06:14:45","guid":{"rendered":"https:\/\/srokacompany.com\/produit\/adaptador-de-fuselaje-s-foil-2020-y-guardabarros-delanteros-2021\/"},"modified":"2024-05-21T12:33:21","modified_gmt":"2024-05-21T12:33:21","slug":"adaptador-de-fuselaje-s-foil-2020-y-guardabarros-delanteros-2021","status":"publish","type":"product","link":"https:\/\/staging.srokafinal.lets-preprod.com\/es\/produit\/adaptador-de-fuselaje-s-foil-2020-y-guardabarros-delanteros-2021\/","title":{"rendered":"Adaptador de fuselaje S-Foil 2020 y guardabarros delanteros 2021"},"content":{"rendered":"<hr>\n<h2>Adaptador de fuselaje entre 2021 y 2020 Alerones delanteros S-Foil<\/h2>\n<p>Este a\u00f1o, nuestro sistema de conexi\u00f3n entre el aler\u00f3n delantero y el fuselaje ha cambiado por <a href=\"https:\/\/srokacompany.com\/produit\/s-foil-high-aspect-1190\/\">nuestro nuevo S-Foil,<\/a> para ganar en simplicidad y rigidez. Sin embargo, no se trataba de dejar atr\u00e1s a los que poseen un S-Foil 2020. Para aquellos que poseen un S-Foil 2020, ofrecemos este fuselaje a precio de costo. Le permitir\u00e1 conservar su estabilizador de 2020, su m\u00e1stil de 2020 y su cuadro de 2020 y aprovechar todos los nuevos alerones delanteros de foil de la gama 2021 y los que vendr\u00e1n, incluidos <a href=\"https:\/\/srokacompany.com\/produit\/aile-avant-s-foil-high-aspect\/\">el High Aspect<\/a> y el <a href=\"https:\/\/srokacompany.com\/produit\/ailettes-avant-s-foil-classique\/\">Classics. <\/a> <\/p>\n<p>En cuanto a los tornillos: 3 tornillos M8x25 para los Classics en la parte delantera (y 3x M8x20 para el High Apsect) y 2 tornillos M6x20 para tu estabilizador 2020 en la parte trasera.<\/p>\n<p>ADVERTENCIA: este fuselaje <strong>no es compatible con <a href=\"https:\/\/srokacompany.com\/produit\/mat-s-foil-2\/\">el m\u00e1stil S-Foil 2021<\/a><\/strong> sino <a href=\"https:\/\/srokacompany.com\/produit\/mat-s-foil\/\">solo con el m\u00e1stil S-Foil 2020<\/a>. Si est\u00e1 buscando un fuselaje para el S-Foil 2021, consulte <a href=\"https:\/\/srokacompany.com\/produit\/fuselage-s-foil-2\/\">la p\u00e1gina de producto de nuestra gama de fuselajes de l\u00e1mina<\/a> .<\/p>\n","protected":false},"excerpt":{"rendered":"<p>Adaptador de fuselaje entre 2021 y 2020 Alerones delanteros S-Foil Este a\u00f1o, nuestro sistema de conexi\u00f3n entre el aler\u00f3n delantero y el fuselaje ha cambiado por nuestro nuevo S-Foil, para ganar en simplicidad y rigidez. Sin embargo, no se trataba de dejar atr\u00e1s a los que poseen un S-Foil 2020. Para aquellos que poseen un [&hellip;]<\/p>\n","protected":false},"featured_media":109311,"template":"","meta":{"_acf_changed":false,"_uag_custom_page_level_css":""},"product_brand":[],"product_cat":[2476,2483],"product_tag":[],"class_list":{"0":"post-109270","1":"product","2":"type-product","3":"status-publish","4":"has-post-thumbnail","6":"product_cat-lamina-de-alas","7":"product_cat-foil","8":"product_shipping_class-lamina-completa-o-piezas-de-repuesto-unidad-de-ala","10":"first","11":"instock","12":"sale","13":"taxable","14":"shipping-taxable","15":"purchasable","16":"product-type-simple"},"acf":[],"yoast_head":"<!-- This site is optimized with the Yoast SEO plugin v25.1 - https:\/\/yoast.com\/wordpress\/plugins\/seo\/ -->\n<title>Adaptador de fuselaje S-Foil 2020 y guardabarros delanteros 2021 - SROKA Company<\/title>\n<meta name=\"description\" content=\"Adaptador de fuselaje para S-Foil 2020 que le permite poner las alas antes de 2021 en su viejo foil. A precio de coste.\" \/>\n<meta name=\"robots\" content=\"noindex, follow, max-snippet:-1, max-image-preview:large, max-video-preview:-1\" \/>\n<meta property=\"og:locale\" content=\"es_ES\" \/>\n<meta property=\"og:type\" content=\"article\" \/>\n<meta property=\"og:title\" content=\"Adaptador de fuselaje S-Foil 2020 y guardabarros delanteros 2021 - SROKA Company\" \/>\n<meta property=\"og:description\" content=\"Adaptador de fuselaje para S-Foil 2020 que le permite poner las alas antes de 2021 en su viejo foil. A precio de coste.\" \/>\n<meta property=\"og:url\" content=\"https:\/\/staging.srokafinal.lets-preprod.com\/es\/produit\/adaptador-de-fuselaje-s-foil-2020-y-guardabarros-delanteros-2021\/\" \/>\n<meta property=\"og:site_name\" content=\"SROKA Company\" \/>\n<meta property=\"article:publisher\" content=\"https:\/\/www.facebook.com\/srokawatersports\/\" \/>\n<meta property=\"article:modified_time\" content=\"2024-05-21T12:33:21+00:00\" \/>\n<meta property=\"og:image\" content=\"https:\/\/staging.srokafinal.lets-preprod.com\/wp-content\/uploads\/2021\/05\/Fuselage-pour-adapter-ailes-de-foil-2021.jpg\" \/>\n\t<meta property=\"og:image:width\" content=\"780\" \/>\n\t<meta property=\"og:image:height\" content=\"1040\" \/>\n\t<meta property=\"og:image:type\" content=\"image\/jpeg\" \/>\n<meta name=\"twitter:label1\" content=\"Tiempo de lectura\" \/>\n\t<meta name=\"twitter:data1\" content=\"1 minuto\" \/>\n<script type=\"application\/ld+json\" class=\"yoast-schema-graph\">{\"@context\":\"https:\/\/schema.org\",\"@graph\":[{\"@type\":\"WebPage\",\"@id\":\"https:\/\/staging.srokafinal.lets-preprod.com\/es\/produit\/adaptador-de-fuselaje-s-foil-2020-y-guardabarros-delanteros-2021\/\",\"url\":\"https:\/\/staging.srokafinal.lets-preprod.com\/es\/produit\/adaptador-de-fuselaje-s-foil-2020-y-guardabarros-delanteros-2021\/\",\"name\":\"Adaptador de fuselaje S-Foil 2020 y guardabarros delanteros 2021 - SROKA Company\",\"isPartOf\":{\"@id\":\"https:\/\/staging.srokafinal.lets-preprod.com\/es\/#website\"},\"primaryImageOfPage\":{\"@id\":\"https:\/\/staging.srokafinal.lets-preprod.com\/es\/produit\/adaptador-de-fuselaje-s-foil-2020-y-guardabarros-delanteros-2021\/#primaryimage\"},\"image\":{\"@id\":\"https:\/\/staging.srokafinal.lets-preprod.com\/es\/produit\/adaptador-de-fuselaje-s-foil-2020-y-guardabarros-delanteros-2021\/#primaryimage\"},\"thumbnailUrl\":\"https:\/\/staging.srokafinal.lets-preprod.com\/wp-content\/uploads\/2021\/05\/Fuselage-pour-adapter-ailes-de-foil-2021.jpg\",\"datePublished\":\"2021-06-18T06:14:45+00:00\",\"dateModified\":\"2024-05-21T12:33:21+00:00\",\"description\":\"Adaptador de fuselaje para S-Foil 2020 que le permite poner las alas antes de 2021 en su viejo foil. A precio de coste.\",\"breadcrumb\":{\"@id\":\"https:\/\/staging.srokafinal.lets-preprod.com\/es\/produit\/adaptador-de-fuselaje-s-foil-2020-y-guardabarros-delanteros-2021\/#breadcrumb\"},\"inLanguage\":\"es\",\"potentialAction\":[{\"@type\":\"ReadAction\",\"target\":[\"https:\/\/staging.srokafinal.lets-preprod.com\/es\/produit\/adaptador-de-fuselaje-s-foil-2020-y-guardabarros-delanteros-2021\/\"]}]},{\"@type\":\"ImageObject\",\"inLanguage\":\"es\",\"@id\":\"https:\/\/staging.srokafinal.lets-preprod.com\/es\/produit\/adaptador-de-fuselaje-s-foil-2020-y-guardabarros-delanteros-2021\/#primaryimage\",\"url\":\"https:\/\/staging.srokafinal.lets-preprod.com\/wp-content\/uploads\/2021\/05\/Fuselage-pour-adapter-ailes-de-foil-2021.jpg\",\"contentUrl\":\"https:\/\/staging.srokafinal.lets-preprod.com\/wp-content\/uploads\/2021\/05\/Fuselage-pour-adapter-ailes-de-foil-2021.jpg\",\"width\":780,\"height\":1040,\"caption\":\"Fuselaje para montar los alerones delanteros de 2021 en el S-Foil de 2020\"},{\"@type\":\"BreadcrumbList\",\"@id\":\"https:\/\/staging.srokafinal.lets-preprod.com\/es\/produit\/adaptador-de-fuselaje-s-foil-2020-y-guardabarros-delanteros-2021\/#breadcrumb\",\"itemListElement\":[{\"@type\":\"ListItem\",\"position\":1,\"name\":\"Accueil\",\"item\":\"https:\/\/staging.srokafinal.lets-preprod.com\/es\/\"},{\"@type\":\"ListItem\",\"position\":2,\"name\":\"Boutique\",\"item\":\"https:\/\/staging.srokafinal.lets-preprod.com\/boutique\/\"},{\"@type\":\"ListItem\",\"position\":3,\"name\":\"Adaptador de fuselaje S-Foil 2020 y guardabarros delanteros 2021\"}]},{\"@type\":\"WebSite\",\"@id\":\"https:\/\/staging.srokafinal.lets-preprod.com\/es\/#website\",\"url\":\"https:\/\/staging.srokafinal.lets-preprod.com\/es\/\",\"name\":\"SROKA Company\",\"description\":\"SUP, Kite, Foil, Wing\",\"publisher\":{\"@id\":\"https:\/\/staging.srokafinal.lets-preprod.com\/es\/#organization\"},\"potentialAction\":[{\"@type\":\"SearchAction\",\"target\":{\"@type\":\"EntryPoint\",\"urlTemplate\":\"https:\/\/staging.srokafinal.lets-preprod.com\/es\/?s={search_term_string}\"},\"query-input\":{\"@type\":\"PropertyValueSpecification\",\"valueRequired\":true,\"valueName\":\"search_term_string\"}}],\"inLanguage\":\"es\"},{\"@type\":\"Organization\",\"@id\":\"https:\/\/staging.srokafinal.lets-preprod.com\/es\/#organization\",\"name\":\"SROKACOMPANY\",\"alternateName\":\"SROKA\",\"url\":\"https:\/\/staging.srokafinal.lets-preprod.com\/es\/\",\"logo\":{\"@type\":\"ImageObject\",\"inLanguage\":\"es\",\"@id\":\"https:\/\/staging.srokafinal.lets-preprod.com\/es\/#\/schema\/logo\/image\/\",\"url\":\"https:\/\/staging.srokafinal.lets-preprod.com\/wp-content\/uploads\/2021\/01\/logo-sroka-black-transpa.png\",\"contentUrl\":\"https:\/\/staging.srokafinal.lets-preprod.com\/wp-content\/uploads\/2021\/01\/logo-sroka-black-transpa.png\",\"width\":1201,\"height\":342,\"caption\":\"SROKACOMPANY\"},\"image\":{\"@id\":\"https:\/\/staging.srokafinal.lets-preprod.com\/es\/#\/schema\/logo\/image\/\"},\"sameAs\":[\"https:\/\/www.facebook.com\/srokawatersports\/\",\"https:\/\/www.instagram.com\/srokawatersports\/\",\"https:\/\/www.youtube.com\/channel\/UCVLHHeaPIm-J5bdEUgxqtZA\"]}]}<\/script>\n<!-- \/ Yoast SEO plugin. -->","yoast_head_json":{"title":"Adaptador de fuselaje S-Foil 2020 y guardabarros delanteros 2021 - SROKA Company","description":"Adaptador de fuselaje para S-Foil 2020 que le permite poner las alas antes de 2021 en su viejo foil. A precio de coste.","robots":{"index":"noindex","follow":"follow","max-snippet":"max-snippet:-1","max-image-preview":"max-image-preview:large","max-video-preview":"max-video-preview:-1"},"og_locale":"es_ES","og_type":"article","og_title":"Adaptador de fuselaje S-Foil 2020 y guardabarros delanteros 2021 - SROKA Company","og_description":"Adaptador de fuselaje para S-Foil 2020 que le permite poner las alas antes de 2021 en su viejo foil. A precio de coste.","og_url":"https:\/\/staging.srokafinal.lets-preprod.com\/es\/produit\/adaptador-de-fuselaje-s-foil-2020-y-guardabarros-delanteros-2021\/","og_site_name":"SROKA Company","article_publisher":"https:\/\/www.facebook.com\/srokawatersports\/","article_modified_time":"2024-05-21T12:33:21+00:00","og_image":[{"width":780,"height":1040,"url":"https:\/\/staging.srokafinal.lets-preprod.com\/wp-content\/uploads\/2021\/05\/Fuselage-pour-adapter-ailes-de-foil-2021.jpg","type":"image\/jpeg"}],"twitter_misc":{"Tiempo de lectura":"1 minuto"},"schema":{"@context":"https:\/\/schema.org","@graph":[{"@type":"WebPage","@id":"https:\/\/staging.srokafinal.lets-preprod.com\/es\/produit\/adaptador-de-fuselaje-s-foil-2020-y-guardabarros-delanteros-2021\/","url":"https:\/\/staging.srokafinal.lets-preprod.com\/es\/produit\/adaptador-de-fuselaje-s-foil-2020-y-guardabarros-delanteros-2021\/","name":"Adaptador de fuselaje S-Foil 2020 y guardabarros delanteros 2021 - SROKA Company","isPartOf":{"@id":"https:\/\/staging.srokafinal.lets-preprod.com\/es\/#website"},"primaryImageOfPage":{"@id":"https:\/\/staging.srokafinal.lets-preprod.com\/es\/produit\/adaptador-de-fuselaje-s-foil-2020-y-guardabarros-delanteros-2021\/#primaryimage"},"image":{"@id":"https:\/\/staging.srokafinal.lets-preprod.com\/es\/produit\/adaptador-de-fuselaje-s-foil-2020-y-guardabarros-delanteros-2021\/#primaryimage"},"thumbnailUrl":"https:\/\/staging.srokafinal.lets-preprod.com\/wp-content\/uploads\/2021\/05\/Fuselage-pour-adapter-ailes-de-foil-2021.jpg","datePublished":"2021-06-18T06:14:45+00:00","dateModified":"2024-05-21T12:33:21+00:00","description":"Adaptador de fuselaje para S-Foil 2020 que le permite poner las alas antes de 2021 en su viejo foil. A precio de coste.","breadcrumb":{"@id":"https:\/\/staging.srokafinal.lets-preprod.com\/es\/produit\/adaptador-de-fuselaje-s-foil-2020-y-guardabarros-delanteros-2021\/#breadcrumb"},"inLanguage":"es","potentialAction":[{"@type":"ReadAction","target":["https:\/\/staging.srokafinal.lets-preprod.com\/es\/produit\/adaptador-de-fuselaje-s-foil-2020-y-guardabarros-delanteros-2021\/"]}]},{"@type":"ImageObject","inLanguage":"es","@id":"https:\/\/staging.srokafinal.lets-preprod.com\/es\/produit\/adaptador-de-fuselaje-s-foil-2020-y-guardabarros-delanteros-2021\/#primaryimage","url":"https:\/\/staging.srokafinal.lets-preprod.com\/wp-content\/uploads\/2021\/05\/Fuselage-pour-adapter-ailes-de-foil-2021.jpg","contentUrl":"https:\/\/staging.srokafinal.lets-preprod.com\/wp-content\/uploads\/2021\/05\/Fuselage-pour-adapter-ailes-de-foil-2021.jpg","width":780,"height":1040,"caption":"Fuselaje para montar los alerones delanteros de 2021 en el S-Foil de 2020"},{"@type":"BreadcrumbList","@id":"https:\/\/staging.srokafinal.lets-preprod.com\/es\/produit\/adaptador-de-fuselaje-s-foil-2020-y-guardabarros-delanteros-2021\/#breadcrumb","itemListElement":[{"@type":"ListItem","position":1,"name":"Accueil","item":"https:\/\/staging.srokafinal.lets-preprod.com\/es\/"},{"@type":"ListItem","position":2,"name":"Boutique","item":"https:\/\/staging.srokafinal.lets-preprod.com\/boutique\/"},{"@type":"ListItem","position":3,"name":"Adaptador de fuselaje S-Foil 2020 y guardabarros delanteros 2021"}]},{"@type":"WebSite","@id":"https:\/\/staging.srokafinal.lets-preprod.com\/es\/#website","url":"https:\/\/staging.srokafinal.lets-preprod.com\/es\/","name":"SROKA Company","description":"SUP, Kite, Foil, Wing","publisher":{"@id":"https:\/\/staging.srokafinal.lets-preprod.com\/es\/#organization"},"potentialAction":[{"@type":"SearchAction","target":{"@type":"EntryPoint","urlTemplate":"https:\/\/staging.srokafinal.lets-preprod.com\/es\/?s={search_term_string}"},"query-input":{"@type":"PropertyValueSpecification","valueRequired":true,"valueName":"search_term_string"}}],"inLanguage":"es"},{"@type":"Organization","@id":"https:\/\/staging.srokafinal.lets-preprod.com\/es\/#organization","name":"SROKACOMPANY","alternateName":"SROKA","url":"https:\/\/staging.srokafinal.lets-preprod.com\/es\/","logo":{"@type":"ImageObject","inLanguage":"es","@id":"https:\/\/staging.srokafinal.lets-preprod.com\/es\/#\/schema\/logo\/image\/","url":"https:\/\/staging.srokafinal.lets-preprod.com\/wp-content\/uploads\/2021\/01\/logo-sroka-black-transpa.png","contentUrl":"https:\/\/staging.srokafinal.lets-preprod.com\/wp-content\/uploads\/2021\/01\/logo-sroka-black-transpa.png","width":1201,"height":342,"caption":"SROKACOMPANY"},"image":{"@id":"https:\/\/staging.srokafinal.lets-preprod.com\/es\/#\/schema\/logo\/image\/"},"sameAs":["https:\/\/www.facebook.com\/srokawatersports\/","https:\/\/www.instagram.com\/srokawatersports\/","https:\/\/www.youtube.com\/channel\/UCVLHHeaPIm-J5bdEUgxqtZA"]}]}},"uagb_featured_image_src":{"full":["https:\/\/staging.srokafinal.lets-preprod.com\/wp-content\/uploads\/2021\/05\/Fuselage-pour-adapter-ailes-de-foil-2021.jpg",780,1040,false],"thumbnail":["https:\/\/staging.srokafinal.lets-preprod.com\/wp-content\/uploads\/2021\/05\/Fuselage-pour-adapter-ailes-de-foil-2021-150x150.jpg",150,150,true],"medium":["https:\/\/staging.srokafinal.lets-preprod.com\/wp-content\/uploads\/2021\/05\/Fuselage-pour-adapter-ailes-de-foil-2021-225x300.jpg",225,300,true],"medium_large":["https:\/\/staging.srokafinal.lets-preprod.com\/wp-content\/uploads\/2021\/05\/Fuselage-pour-adapter-ailes-de-foil-2021-768x1024.jpg",768,1024,true],"large":["https:\/\/staging.srokafinal.lets-preprod.com\/wp-content\/uploads\/2021\/05\/Fuselage-pour-adapter-ailes-de-foil-2021-768x1024.jpg",768,1024,true],"1536x1536":["https:\/\/staging.srokafinal.lets-preprod.com\/wp-content\/uploads\/2021\/05\/Fuselage-pour-adapter-ailes-de-foil-2021.jpg",780,1040,false],"2048x2048":["https:\/\/staging.srokafinal.lets-preprod.com\/wp-content\/uploads\/2021\/05\/Fuselage-pour-adapter-ailes-de-foil-2021.jpg",780,1040,false],"woocommerce_thumbnail":["https:\/\/staging.srokafinal.lets-preprod.com\/wp-content\/uploads\/2021\/05\/Fuselage-pour-adapter-ailes-de-foil-2021-600x800.jpg",600,800,true],"woocommerce_single":["https:\/\/staging.srokafinal.lets-preprod.com\/wp-content\/uploads\/2021\/05\/Fuselage-pour-adapter-ailes-de-foil-2021-600x800.jpg",600,800,true],"woocommerce_gallery_thumbnail":["https:\/\/staging.srokafinal.lets-preprod.com\/wp-content\/uploads\/2021\/05\/Fuselage-pour-adapter-ailes-de-foil-2021-100x100.jpg",100,100,true]},"uagb_author_info":{"display_name":"Tristan Dumard","author_link":"https:\/\/staging.srokafinal.lets-preprod.com\/es\/blog\/author\/"},"uagb_comment_info":0,"uagb_excerpt":"Adaptador de fuselaje entre 2021 y 2020 Alerones delanteros S-Foil Este a\u00f1o, nuestro sistema de conexi\u00f3n entre el aler\u00f3n delantero y el fuselaje ha cambiado por nuestro nuevo S-Foil, para ganar en simplicidad y rigidez. Sin embargo, no se trataba de dejar atr\u00e1s a los que poseen un S-Foil 2020. Para aquellos que poseen un&hellip;","_links":{"self":[{"href":"https:\/\/staging.srokafinal.lets-preprod.com\/es\/wp-json\/wp\/v2\/product\/109270","targetHints":{"allow":["GET"]}}],"collection":[{"href":"https:\/\/staging.srokafinal.lets-preprod.com\/es\/wp-json\/wp\/v2\/product"}],"about":[{"href":"https:\/\/staging.srokafinal.lets-preprod.com\/es\/wp-json\/wp\/v2\/types\/product"}],"wp:featuredmedia":[{"embeddable":true,"href":"https:\/\/staging.srokafinal.lets-preprod.com\/es\/wp-json\/wp\/v2\/media\/109311"}],"wp:attachment":[{"href":"https:\/\/staging.srokafinal.lets-preprod.com\/es\/wp-json\/wp\/v2\/media?parent=109270"}],"wp:term":[{"taxonomy":"product_brand","embeddable":true,"href":"https:\/\/staging.srokafinal.lets-preprod.com\/es\/wp-json\/wp\/v2\/product_brand?post=109270"},{"taxonomy":"product_cat","embeddable":true,"href":"https:\/\/staging.srokafinal.lets-preprod.com\/es\/wp-json\/wp\/v2\/product_cat?post=109270"},{"taxonomy":"product_tag","embeddable":true,"href":"https:\/\/staging.srokafinal.lets-preprod.com\/es\/wp-json\/wp\/v2\/product_tag?post=109270"}],"curies":[{"name":"wp","href":"https:\/\/api.w.org\/{rel}","templated":true}]}}