


{"id":109335,"date":"2020-11-30T12:59:31","date_gmt":"2020-11-30T10:59:31","guid":{"rendered":"https:\/\/srokacompany.com\/produit\/pack-de-aletas-de-foil-de-cometa-k950-xxl-estabilizador\/"},"modified":"2024-05-21T12:33:10","modified_gmt":"2024-05-21T12:33:10","slug":"pack-de-aletas-de-foil-de-cometa-k950-xxl-estabilizador","status":"publish","type":"product","link":"https:\/\/staging.srokafinal.lets-preprod.com\/es\/produit\/pack-de-aletas-de-foil-de-cometa-k950-xxl-estabilizador\/","title":{"rendered":"Pack de aletas de foil de cometa &#8211; K950 XXL + Estabilizador"},"content":{"rendered":"<hr>\n<h3>Paquete de foil y estabilizador de cometa K950 Freeride Wave<\/h3>\n<p>Para el lanzamiento de nuestra nueva quilla kite-foil dedicada a la kitefoil <strong>K950 <\/strong>, ofrecemos un <strong>pack de quillas de kite foil<\/strong> con estabilizador. La K950 XXL despega muy pronto y con gran suavidad. Acompa\u00f1ado del estabilizador, tiene una gran estabilidad. Esta mochila aporta el m\u00e1ximo control y maniobrabilidad en las <strong>olas, <\/strong>pero tambi\u00e9n en todas las trasluchadas, viradas y giros. Aunque es perfecto para la luz y el carving, su velocidad m\u00e1xima no se queda atr\u00e1s.<\/p>\n<p>Desde <strong>principiantes hasta expertos, <\/strong>este pack es adecuado para todos los tama\u00f1os y todos los niveles. Orientado al freeride, es de f\u00e1cil acceso sin dejar de ser escalable. Estas aletas son compatibles con todos los m\u00e1stiles y fuselajes<strong> K FOIL SROKA<\/strong> 2020 que puedes ver en la web. <a href=\"https:\/\/srokacompany.com\/caracteristiques-techniques-des-ailes-de-foil-sroka\/\"> Los detalles t\u00e9cnicos de nuestras velas se pueden encontrar aqu\u00ed. <\/a><\/p>\n","protected":false},"excerpt":{"rendered":"<p>Paquete de foil y estabilizador de cometa K950 Freeride Wave Para el lanzamiento de nuestra nueva quilla kite-foil dedicada a la kitefoil K950 , ofrecemos un pack de quillas de kite foil con estabilizador. La K950 XXL despega muy pronto y con gran suavidad. Acompa\u00f1ado del estabilizador, tiene una gran estabilidad. Esta mochila aporta el [&hellip;]<\/p>\n","protected":false},"featured_media":109380,"template":"","meta":{"_acf_changed":false,"_uag_custom_page_level_css":""},"product_brand":[],"product_cat":[2483],"product_tag":[],"class_list":{"0":"post-109335","1":"product","2":"type-product","3":"status-publish","4":"has-post-thumbnail","6":"product_cat-foil","7":"product_shipping_class-lamina-completa-o-piezas-de-repuesto-unidad-de-ala","9":"first","10":"instock","11":"taxable","12":"shipping-taxable","13":"purchasable","14":"product-type-variable","15":"has-default-attributes"},"acf":[],"yoast_head":"<!-- This site is optimized with the Yoast SEO plugin v25.1 - https:\/\/yoast.com\/wordpress\/plugins\/seo\/ -->\n<title>Pack de aletas de foil de cometa - K950 XXL + Estabilizador - SROKA Company<\/title>\n<meta name=\"description\" content=\"Pack de aletas de carbono K950 Kite Foil m\u00e1s estabilizador. Despeg\u00f3 muy pronto. Aleta s\u00faper estable, c\u00f3moda y maniobrable.\" \/>\n<meta name=\"robots\" content=\"noindex, follow, max-snippet:-1, max-image-preview:large, max-video-preview:-1\" \/>\n<meta property=\"og:locale\" content=\"es_ES\" \/>\n<meta property=\"og:type\" content=\"article\" \/>\n<meta property=\"og:title\" content=\"Pack de aletas de foil de cometa - K950 XXL + Estabilizador - SROKA Company\" \/>\n<meta property=\"og:description\" content=\"Pack de aletas de carbono K950 Kite Foil m\u00e1s estabilizador. Despeg\u00f3 muy pronto. Aleta s\u00faper estable, c\u00f3moda y maniobrable.\" \/>\n<meta property=\"og:url\" content=\"https:\/\/staging.srokafinal.lets-preprod.com\/es\/produit\/pack-de-aletas-de-foil-de-cometa-k950-xxl-estabilizador\/\" \/>\n<meta property=\"og:site_name\" content=\"SROKA Company\" \/>\n<meta property=\"article:publisher\" content=\"https:\/\/www.facebook.com\/srokawatersports\/\" \/>\n<meta property=\"article:modified_time\" content=\"2024-05-21T12:33:10+00:00\" \/>\n<meta property=\"og:image\" content=\"https:\/\/staging.srokafinal.lets-preprod.com\/wp-content\/uploads\/2020\/11\/aile-avant-kite-foil-1.jpg\" \/>\n\t<meta property=\"og:image:width\" content=\"780\" \/>\n\t<meta property=\"og:image:height\" content=\"1040\" \/>\n\t<meta property=\"og:image:type\" content=\"image\/jpeg\" \/>\n<meta name=\"twitter:label1\" content=\"Tiempo de lectura\" \/>\n\t<meta name=\"twitter:data1\" content=\"1 minuto\" \/>\n<script type=\"application\/ld+json\" class=\"yoast-schema-graph\">{\"@context\":\"https:\/\/schema.org\",\"@graph\":[{\"@type\":\"WebPage\",\"@id\":\"https:\/\/staging.srokafinal.lets-preprod.com\/es\/produit\/pack-de-aletas-de-foil-de-cometa-k950-xxl-estabilizador\/\",\"url\":\"https:\/\/staging.srokafinal.lets-preprod.com\/es\/produit\/pack-de-aletas-de-foil-de-cometa-k950-xxl-estabilizador\/\",\"name\":\"Pack de aletas de foil de cometa - K950 XXL + Estabilizador - SROKA Company\",\"isPartOf\":{\"@id\":\"https:\/\/staging.srokafinal.lets-preprod.com\/es\/#website\"},\"primaryImageOfPage\":{\"@id\":\"https:\/\/staging.srokafinal.lets-preprod.com\/es\/produit\/pack-de-aletas-de-foil-de-cometa-k950-xxl-estabilizador\/#primaryimage\"},\"image\":{\"@id\":\"https:\/\/staging.srokafinal.lets-preprod.com\/es\/produit\/pack-de-aletas-de-foil-de-cometa-k950-xxl-estabilizador\/#primaryimage\"},\"thumbnailUrl\":\"https:\/\/staging.srokafinal.lets-preprod.com\/wp-content\/uploads\/2020\/11\/aile-avant-kite-foil-1.jpg\",\"datePublished\":\"2020-11-30T10:59:31+00:00\",\"dateModified\":\"2024-05-21T12:33:10+00:00\",\"description\":\"Pack de aletas de carbono K950 Kite Foil m\u00e1s estabilizador. Despeg\u00f3 muy pronto. Aleta s\u00faper estable, c\u00f3moda y maniobrable.\",\"breadcrumb\":{\"@id\":\"https:\/\/staging.srokafinal.lets-preprod.com\/es\/produit\/pack-de-aletas-de-foil-de-cometa-k950-xxl-estabilizador\/#breadcrumb\"},\"inLanguage\":\"es\",\"potentialAction\":[{\"@type\":\"ReadAction\",\"target\":[\"https:\/\/staging.srokafinal.lets-preprod.com\/es\/produit\/pack-de-aletas-de-foil-de-cometa-k950-xxl-estabilizador\/\"]}]},{\"@type\":\"ImageObject\",\"inLanguage\":\"es\",\"@id\":\"https:\/\/staging.srokafinal.lets-preprod.com\/es\/produit\/pack-de-aletas-de-foil-de-cometa-k950-xxl-estabilizador\/#primaryimage\",\"url\":\"https:\/\/staging.srokafinal.lets-preprod.com\/wp-content\/uploads\/2020\/11\/aile-avant-kite-foil-1.jpg\",\"contentUrl\":\"https:\/\/staging.srokafinal.lets-preprod.com\/wp-content\/uploads\/2020\/11\/aile-avant-kite-foil-1.jpg\",\"width\":780,\"height\":1040,\"caption\":\"Aleta y estabilizador de carbono para la pr\u00e1ctica del kitetoil. Estas aletas son vendidas por Sroka Company.\"},{\"@type\":\"BreadcrumbList\",\"@id\":\"https:\/\/staging.srokafinal.lets-preprod.com\/es\/produit\/pack-de-aletas-de-foil-de-cometa-k950-xxl-estabilizador\/#breadcrumb\",\"itemListElement\":[{\"@type\":\"ListItem\",\"position\":1,\"name\":\"Accueil\",\"item\":\"https:\/\/staging.srokafinal.lets-preprod.com\/es\/\"},{\"@type\":\"ListItem\",\"position\":2,\"name\":\"Boutique\",\"item\":\"https:\/\/staging.srokafinal.lets-preprod.com\/boutique\/\"},{\"@type\":\"ListItem\",\"position\":3,\"name\":\"Pack de aletas de foil de cometa &#8211; K950 XXL + Estabilizador\"}]},{\"@type\":\"WebSite\",\"@id\":\"https:\/\/staging.srokafinal.lets-preprod.com\/es\/#website\",\"url\":\"https:\/\/staging.srokafinal.lets-preprod.com\/es\/\",\"name\":\"SROKA Company\",\"description\":\"SUP, Kite, Foil, Wing\",\"publisher\":{\"@id\":\"https:\/\/staging.srokafinal.lets-preprod.com\/es\/#organization\"},\"potentialAction\":[{\"@type\":\"SearchAction\",\"target\":{\"@type\":\"EntryPoint\",\"urlTemplate\":\"https:\/\/staging.srokafinal.lets-preprod.com\/es\/?s={search_term_string}\"},\"query-input\":{\"@type\":\"PropertyValueSpecification\",\"valueRequired\":true,\"valueName\":\"search_term_string\"}}],\"inLanguage\":\"es\"},{\"@type\":\"Organization\",\"@id\":\"https:\/\/staging.srokafinal.lets-preprod.com\/es\/#organization\",\"name\":\"SROKACOMPANY\",\"alternateName\":\"SROKA\",\"url\":\"https:\/\/staging.srokafinal.lets-preprod.com\/es\/\",\"logo\":{\"@type\":\"ImageObject\",\"inLanguage\":\"es\",\"@id\":\"https:\/\/staging.srokafinal.lets-preprod.com\/es\/#\/schema\/logo\/image\/\",\"url\":\"https:\/\/staging.srokafinal.lets-preprod.com\/wp-content\/uploads\/2021\/01\/logo-sroka-black-transpa.png\",\"contentUrl\":\"https:\/\/staging.srokafinal.lets-preprod.com\/wp-content\/uploads\/2021\/01\/logo-sroka-black-transpa.png\",\"width\":1201,\"height\":342,\"caption\":\"SROKACOMPANY\"},\"image\":{\"@id\":\"https:\/\/staging.srokafinal.lets-preprod.com\/es\/#\/schema\/logo\/image\/\"},\"sameAs\":[\"https:\/\/www.facebook.com\/srokawatersports\/\",\"https:\/\/www.instagram.com\/srokawatersports\/\",\"https:\/\/www.youtube.com\/channel\/UCVLHHeaPIm-J5bdEUgxqtZA\"]}]}<\/script>\n<!-- \/ Yoast SEO plugin. -->","yoast_head_json":{"title":"Pack de aletas de foil de cometa - K950 XXL + Estabilizador - SROKA Company","description":"Pack de aletas de carbono K950 Kite Foil m\u00e1s estabilizador. Despeg\u00f3 muy pronto. Aleta s\u00faper estable, c\u00f3moda y maniobrable.","robots":{"index":"noindex","follow":"follow","max-snippet":"max-snippet:-1","max-image-preview":"max-image-preview:large","max-video-preview":"max-video-preview:-1"},"og_locale":"es_ES","og_type":"article","og_title":"Pack de aletas de foil de cometa - K950 XXL + Estabilizador - SROKA Company","og_description":"Pack de aletas de carbono K950 Kite Foil m\u00e1s estabilizador. Despeg\u00f3 muy pronto. Aleta s\u00faper estable, c\u00f3moda y maniobrable.","og_url":"https:\/\/staging.srokafinal.lets-preprod.com\/es\/produit\/pack-de-aletas-de-foil-de-cometa-k950-xxl-estabilizador\/","og_site_name":"SROKA Company","article_publisher":"https:\/\/www.facebook.com\/srokawatersports\/","article_modified_time":"2024-05-21T12:33:10+00:00","og_image":[{"width":780,"height":1040,"url":"https:\/\/staging.srokafinal.lets-preprod.com\/wp-content\/uploads\/2020\/11\/aile-avant-kite-foil-1.jpg","type":"image\/jpeg"}],"twitter_misc":{"Tiempo de lectura":"1 minuto"},"schema":{"@context":"https:\/\/schema.org","@graph":[{"@type":"WebPage","@id":"https:\/\/staging.srokafinal.lets-preprod.com\/es\/produit\/pack-de-aletas-de-foil-de-cometa-k950-xxl-estabilizador\/","url":"https:\/\/staging.srokafinal.lets-preprod.com\/es\/produit\/pack-de-aletas-de-foil-de-cometa-k950-xxl-estabilizador\/","name":"Pack de aletas de foil de cometa - K950 XXL + Estabilizador - SROKA Company","isPartOf":{"@id":"https:\/\/staging.srokafinal.lets-preprod.com\/es\/#website"},"primaryImageOfPage":{"@id":"https:\/\/staging.srokafinal.lets-preprod.com\/es\/produit\/pack-de-aletas-de-foil-de-cometa-k950-xxl-estabilizador\/#primaryimage"},"image":{"@id":"https:\/\/staging.srokafinal.lets-preprod.com\/es\/produit\/pack-de-aletas-de-foil-de-cometa-k950-xxl-estabilizador\/#primaryimage"},"thumbnailUrl":"https:\/\/staging.srokafinal.lets-preprod.com\/wp-content\/uploads\/2020\/11\/aile-avant-kite-foil-1.jpg","datePublished":"2020-11-30T10:59:31+00:00","dateModified":"2024-05-21T12:33:10+00:00","description":"Pack de aletas de carbono K950 Kite Foil m\u00e1s estabilizador. Despeg\u00f3 muy pronto. Aleta s\u00faper estable, c\u00f3moda y maniobrable.","breadcrumb":{"@id":"https:\/\/staging.srokafinal.lets-preprod.com\/es\/produit\/pack-de-aletas-de-foil-de-cometa-k950-xxl-estabilizador\/#breadcrumb"},"inLanguage":"es","potentialAction":[{"@type":"ReadAction","target":["https:\/\/staging.srokafinal.lets-preprod.com\/es\/produit\/pack-de-aletas-de-foil-de-cometa-k950-xxl-estabilizador\/"]}]},{"@type":"ImageObject","inLanguage":"es","@id":"https:\/\/staging.srokafinal.lets-preprod.com\/es\/produit\/pack-de-aletas-de-foil-de-cometa-k950-xxl-estabilizador\/#primaryimage","url":"https:\/\/staging.srokafinal.lets-preprod.com\/wp-content\/uploads\/2020\/11\/aile-avant-kite-foil-1.jpg","contentUrl":"https:\/\/staging.srokafinal.lets-preprod.com\/wp-content\/uploads\/2020\/11\/aile-avant-kite-foil-1.jpg","width":780,"height":1040,"caption":"Aleta y estabilizador de carbono para la pr\u00e1ctica del kitetoil. Estas aletas son vendidas por Sroka Company."},{"@type":"BreadcrumbList","@id":"https:\/\/staging.srokafinal.lets-preprod.com\/es\/produit\/pack-de-aletas-de-foil-de-cometa-k950-xxl-estabilizador\/#breadcrumb","itemListElement":[{"@type":"ListItem","position":1,"name":"Accueil","item":"https:\/\/staging.srokafinal.lets-preprod.com\/es\/"},{"@type":"ListItem","position":2,"name":"Boutique","item":"https:\/\/staging.srokafinal.lets-preprod.com\/boutique\/"},{"@type":"ListItem","position":3,"name":"Pack de aletas de foil de cometa &#8211; K950 XXL + Estabilizador"}]},{"@type":"WebSite","@id":"https:\/\/staging.srokafinal.lets-preprod.com\/es\/#website","url":"https:\/\/staging.srokafinal.lets-preprod.com\/es\/","name":"SROKA Company","description":"SUP, Kite, Foil, Wing","publisher":{"@id":"https:\/\/staging.srokafinal.lets-preprod.com\/es\/#organization"},"potentialAction":[{"@type":"SearchAction","target":{"@type":"EntryPoint","urlTemplate":"https:\/\/staging.srokafinal.lets-preprod.com\/es\/?s={search_term_string}"},"query-input":{"@type":"PropertyValueSpecification","valueRequired":true,"valueName":"search_term_string"}}],"inLanguage":"es"},{"@type":"Organization","@id":"https:\/\/staging.srokafinal.lets-preprod.com\/es\/#organization","name":"SROKACOMPANY","alternateName":"SROKA","url":"https:\/\/staging.srokafinal.lets-preprod.com\/es\/","logo":{"@type":"ImageObject","inLanguage":"es","@id":"https:\/\/staging.srokafinal.lets-preprod.com\/es\/#\/schema\/logo\/image\/","url":"https:\/\/staging.srokafinal.lets-preprod.com\/wp-content\/uploads\/2021\/01\/logo-sroka-black-transpa.png","contentUrl":"https:\/\/staging.srokafinal.lets-preprod.com\/wp-content\/uploads\/2021\/01\/logo-sroka-black-transpa.png","width":1201,"height":342,"caption":"SROKACOMPANY"},"image":{"@id":"https:\/\/staging.srokafinal.lets-preprod.com\/es\/#\/schema\/logo\/image\/"},"sameAs":["https:\/\/www.facebook.com\/srokawatersports\/","https:\/\/www.instagram.com\/srokawatersports\/","https:\/\/www.youtube.com\/channel\/UCVLHHeaPIm-J5bdEUgxqtZA"]}]}},"uagb_featured_image_src":{"full":["https:\/\/staging.srokafinal.lets-preprod.com\/wp-content\/uploads\/2020\/11\/aile-avant-kite-foil-1.jpg",780,1040,false],"thumbnail":["https:\/\/staging.srokafinal.lets-preprod.com\/wp-content\/uploads\/2020\/11\/aile-avant-kite-foil-1-150x150.jpg",150,150,true],"medium":["https:\/\/staging.srokafinal.lets-preprod.com\/wp-content\/uploads\/2020\/11\/aile-avant-kite-foil-1-225x300.jpg",225,300,true],"medium_large":["https:\/\/staging.srokafinal.lets-preprod.com\/wp-content\/uploads\/2020\/11\/aile-avant-kite-foil-1-768x1024.jpg",768,1024,true],"large":["https:\/\/staging.srokafinal.lets-preprod.com\/wp-content\/uploads\/2020\/11\/aile-avant-kite-foil-1-768x1024.jpg",768,1024,true],"1536x1536":["https:\/\/staging.srokafinal.lets-preprod.com\/wp-content\/uploads\/2020\/11\/aile-avant-kite-foil-1.jpg",780,1040,false],"2048x2048":["https:\/\/staging.srokafinal.lets-preprod.com\/wp-content\/uploads\/2020\/11\/aile-avant-kite-foil-1.jpg",780,1040,false],"woocommerce_thumbnail":["https:\/\/staging.srokafinal.lets-preprod.com\/wp-content\/uploads\/2020\/11\/aile-avant-kite-foil-1-600x800.jpg",600,800,true],"woocommerce_single":["https:\/\/staging.srokafinal.lets-preprod.com\/wp-content\/uploads\/2020\/11\/aile-avant-kite-foil-1-600x800.jpg",600,800,true],"woocommerce_gallery_thumbnail":["https:\/\/staging.srokafinal.lets-preprod.com\/wp-content\/uploads\/2020\/11\/aile-avant-kite-foil-1-100x100.jpg",100,100,true]},"uagb_author_info":{"display_name":"Tristan Dumard","author_link":"https:\/\/staging.srokafinal.lets-preprod.com\/es\/blog\/author\/"},"uagb_comment_info":0,"uagb_excerpt":"Paquete de foil y estabilizador de cometa K950 Freeride Wave Para el lanzamiento de nuestra nueva quilla kite-foil dedicada a la kitefoil K950 , ofrecemos un pack de quillas de kite foil con estabilizador. La K950 XXL despega muy pronto y con gran suavidad. Acompa\u00f1ado del estabilizador, tiene una gran estabilidad. Esta mochila aporta el&hellip;","_links":{"self":[{"href":"https:\/\/staging.srokafinal.lets-preprod.com\/es\/wp-json\/wp\/v2\/product\/109335","targetHints":{"allow":["GET"]}}],"collection":[{"href":"https:\/\/staging.srokafinal.lets-preprod.com\/es\/wp-json\/wp\/v2\/product"}],"about":[{"href":"https:\/\/staging.srokafinal.lets-preprod.com\/es\/wp-json\/wp\/v2\/types\/product"}],"wp:featuredmedia":[{"embeddable":true,"href":"https:\/\/staging.srokafinal.lets-preprod.com\/es\/wp-json\/wp\/v2\/media\/109380"}],"wp:attachment":[{"href":"https:\/\/staging.srokafinal.lets-preprod.com\/es\/wp-json\/wp\/v2\/media?parent=109335"}],"wp:term":[{"taxonomy":"product_brand","embeddable":true,"href":"https:\/\/staging.srokafinal.lets-preprod.com\/es\/wp-json\/wp\/v2\/product_brand?post=109335"},{"taxonomy":"product_cat","embeddable":true,"href":"https:\/\/staging.srokafinal.lets-preprod.com\/es\/wp-json\/wp\/v2\/product_cat?post=109335"},{"taxonomy":"product_tag","embeddable":true,"href":"https:\/\/staging.srokafinal.lets-preprod.com\/es\/wp-json\/wp\/v2\/product_tag?post=109335"}],"curies":[{"name":"wp","href":"https:\/\/api.w.org\/{rel}","templated":true}]}}