


{"id":109389,"date":"2020-07-26T20:20:57","date_gmt":"2020-07-26T18:20:57","guid":{"rendered":"https:\/\/srokacompany.com\/produit\/2020-estructura-s-foil-y-k-foil-aluminio\/"},"modified":"2024-05-21T12:33:00","modified_gmt":"2024-05-21T12:33:00","slug":"2020-estructura-s-foil-y-k-foil-aluminio","status":"publish","type":"product","link":"https:\/\/staging.srokafinal.lets-preprod.com\/es\/produit\/2020-estructura-s-foil-y-k-foil-aluminio\/","title":{"rendered":"2020 Estructura S-foil y K-foil aluminio"},"content":{"rendered":"<hr>\n<h2>Estructura de aluminio S-foil y K-foil<\/h2>\n<p>Este marco es adecuado para todos los SROKA S-Foil y K-foil de aluminio de \u00faltima generaci\u00f3n. Est\u00e1 fabricado en aluminio 6061 lo que le garantiza una muy buena resistencia en el medio acu\u00e1tico. Anodizado en negro, te permitir\u00e1 sujetar todos los foils SROKA (S-Foil y <a href=\"https:\/\/srokacompany.com\/eshop\/foil\/\">K-foil Alu<\/a>) a un bolsillo o a cualquier tabla con dos ra\u00edles US.<\/p>\n<p>Su sistema de fijaci\u00f3n en forma de U permite fijar la l\u00e1mina a la tabla de forma muy r\u00e1pida sin necesidad de desmontar los 4 tornillos. Afloje los tornillos y deslice la placa. El m\u00e1stil se fija a la placa mediante 3 tornillos M6 que atraviesan la placa y entran en el m\u00e1stil. La placa se fija a la placa mediante 4 tornillos con boquillas. <strong>Tenga en cuenta que los tornillos se venden por separado<\/strong>. Puede encontrar paquetes de tornillos en nuestro sitio web:<\/p>\n<ul>\n<li>Paquete completo de tornillos de l\u00e1mina S (incluida la uni\u00f3n m\u00e1stil\/placa)<\/li>\n<li><a href=\"https:\/\/srokacompany.com\/produit\/carre-vis-hydrofoil\/\">Paquete de tornillos de placa\/m\u00e1stil<\/a><\/li>\n<\/ul>\n<p><strong>Tenga en cuenta que este tocadiscos solo es compatible con las piezas S-Foil y S-Foil 2020. No es compatible con el S-Foil 2021<\/strong><\/p>\n","protected":false},"excerpt":{"rendered":"<p>Estructura de aluminio S-foil y K-foil Este marco es adecuado para todos los SROKA S-Foil y K-foil de aluminio de \u00faltima generaci\u00f3n. Est\u00e1 fabricado en aluminio 6061 lo que le garantiza una muy buena resistencia en el medio acu\u00e1tico. Anodizado en negro, te permitir\u00e1 sujetar todos los foils SROKA (S-Foil y K-foil Alu) a un [&hellip;]<\/p>\n","protected":false},"featured_media":109405,"template":"","meta":{"_acf_changed":false,"_uag_custom_page_level_css":""},"product_brand":[],"product_cat":[2485],"product_tag":[],"class_list":{"0":"post-109389","1":"product","2":"type-product","3":"status-publish","4":"has-post-thumbnail","6":"product_cat-ofertas","7":"product_shipping_class-envio-pequeno","9":"first","10":"instock","11":"taxable","12":"shipping-taxable","13":"purchasable","14":"product-type-simple"},"acf":[],"yoast_head":"<!-- This site is optimized with the Yoast SEO plugin v25.1 - https:\/\/yoast.com\/wordpress\/plugins\/seo\/ -->\n<title>2020 Estructura S-foil y K-foil aluminio - SROKA Company<\/title>\n<meta name=\"description\" content=\"Este marco es el enclavamiento est\u00e1ndar que ofrecemos en todos los S-foil y K-foil. Adaptable a todos los m\u00e1stiles SROKA Alu de \u00faltima generaci\u00f3n.\" \/>\n<meta name=\"robots\" content=\"noindex, follow, max-snippet:-1, max-image-preview:large, max-video-preview:-1\" \/>\n<meta property=\"og:locale\" content=\"es_ES\" \/>\n<meta property=\"og:type\" content=\"article\" \/>\n<meta property=\"og:title\" content=\"2020 Estructura S-foil y K-foil aluminio - SROKA Company\" \/>\n<meta property=\"og:description\" content=\"Este marco es el enclavamiento est\u00e1ndar que ofrecemos en todos los S-foil y K-foil. Adaptable a todos los m\u00e1stiles SROKA Alu de \u00faltima generaci\u00f3n.\" \/>\n<meta property=\"og:url\" content=\"https:\/\/staging.srokafinal.lets-preprod.com\/es\/produit\/2020-estructura-s-foil-y-k-foil-aluminio\/\" \/>\n<meta property=\"og:site_name\" content=\"SROKA Company\" \/>\n<meta property=\"article:publisher\" content=\"https:\/\/www.facebook.com\/srokawatersports\/\" \/>\n<meta property=\"article:modified_time\" content=\"2024-05-21T12:33:00+00:00\" \/>\n<meta property=\"og:image\" content=\"https:\/\/staging.srokafinal.lets-preprod.com\/wp-content\/uploads\/2020\/07\/Platine-1.jpg\" \/>\n\t<meta property=\"og:image:width\" content=\"1560\" \/>\n\t<meta property=\"og:image:height\" content=\"2080\" \/>\n\t<meta property=\"og:image:type\" content=\"image\/jpeg\" \/>\n<meta name=\"twitter:label1\" content=\"Tiempo de lectura\" \/>\n\t<meta name=\"twitter:data1\" content=\"1 minuto\" \/>\n<script type=\"application\/ld+json\" class=\"yoast-schema-graph\">{\"@context\":\"https:\/\/schema.org\",\"@graph\":[{\"@type\":\"WebPage\",\"@id\":\"https:\/\/staging.srokafinal.lets-preprod.com\/es\/produit\/2020-estructura-s-foil-y-k-foil-aluminio\/\",\"url\":\"https:\/\/staging.srokafinal.lets-preprod.com\/es\/produit\/2020-estructura-s-foil-y-k-foil-aluminio\/\",\"name\":\"2020 Estructura S-foil y K-foil aluminio - SROKA Company\",\"isPartOf\":{\"@id\":\"https:\/\/staging.srokafinal.lets-preprod.com\/es\/#website\"},\"primaryImageOfPage\":{\"@id\":\"https:\/\/staging.srokafinal.lets-preprod.com\/es\/produit\/2020-estructura-s-foil-y-k-foil-aluminio\/#primaryimage\"},\"image\":{\"@id\":\"https:\/\/staging.srokafinal.lets-preprod.com\/es\/produit\/2020-estructura-s-foil-y-k-foil-aluminio\/#primaryimage\"},\"thumbnailUrl\":\"https:\/\/staging.srokafinal.lets-preprod.com\/wp-content\/uploads\/2020\/07\/Platine-1.jpg\",\"datePublished\":\"2020-07-26T18:20:57+00:00\",\"dateModified\":\"2024-05-21T12:33:00+00:00\",\"description\":\"Este marco es el enclavamiento est\u00e1ndar que ofrecemos en todos los S-foil y K-foil. Adaptable a todos los m\u00e1stiles SROKA Alu de \u00faltima generaci\u00f3n.\",\"breadcrumb\":{\"@id\":\"https:\/\/staging.srokafinal.lets-preprod.com\/es\/produit\/2020-estructura-s-foil-y-k-foil-aluminio\/#breadcrumb\"},\"inLanguage\":\"es\",\"potentialAction\":[{\"@type\":\"ReadAction\",\"target\":[\"https:\/\/staging.srokafinal.lets-preprod.com\/es\/produit\/2020-estructura-s-foil-y-k-foil-aluminio\/\"]}]},{\"@type\":\"ImageObject\",\"inLanguage\":\"es\",\"@id\":\"https:\/\/staging.srokafinal.lets-preprod.com\/es\/produit\/2020-estructura-s-foil-y-k-foil-aluminio\/#primaryimage\",\"url\":\"https:\/\/staging.srokafinal.lets-preprod.com\/wp-content\/uploads\/2020\/07\/Platine-1.jpg\",\"contentUrl\":\"https:\/\/staging.srokafinal.lets-preprod.com\/wp-content\/uploads\/2020\/07\/Platine-1.jpg\",\"width\":1560,\"height\":2080,\"caption\":\"Bastidor de papel de aluminio\"},{\"@type\":\"BreadcrumbList\",\"@id\":\"https:\/\/staging.srokafinal.lets-preprod.com\/es\/produit\/2020-estructura-s-foil-y-k-foil-aluminio\/#breadcrumb\",\"itemListElement\":[{\"@type\":\"ListItem\",\"position\":1,\"name\":\"Accueil\",\"item\":\"https:\/\/staging.srokafinal.lets-preprod.com\/es\/\"},{\"@type\":\"ListItem\",\"position\":2,\"name\":\"Boutique\",\"item\":\"https:\/\/staging.srokafinal.lets-preprod.com\/boutique\/\"},{\"@type\":\"ListItem\",\"position\":3,\"name\":\"2020 Estructura S-foil y K-foil aluminio\"}]},{\"@type\":\"WebSite\",\"@id\":\"https:\/\/staging.srokafinal.lets-preprod.com\/es\/#website\",\"url\":\"https:\/\/staging.srokafinal.lets-preprod.com\/es\/\",\"name\":\"SROKA Company\",\"description\":\"SUP, Kite, Foil, Wing\",\"publisher\":{\"@id\":\"https:\/\/staging.srokafinal.lets-preprod.com\/es\/#organization\"},\"potentialAction\":[{\"@type\":\"SearchAction\",\"target\":{\"@type\":\"EntryPoint\",\"urlTemplate\":\"https:\/\/staging.srokafinal.lets-preprod.com\/es\/?s={search_term_string}\"},\"query-input\":{\"@type\":\"PropertyValueSpecification\",\"valueRequired\":true,\"valueName\":\"search_term_string\"}}],\"inLanguage\":\"es\"},{\"@type\":\"Organization\",\"@id\":\"https:\/\/staging.srokafinal.lets-preprod.com\/es\/#organization\",\"name\":\"SROKACOMPANY\",\"alternateName\":\"SROKA\",\"url\":\"https:\/\/staging.srokafinal.lets-preprod.com\/es\/\",\"logo\":{\"@type\":\"ImageObject\",\"inLanguage\":\"es\",\"@id\":\"https:\/\/staging.srokafinal.lets-preprod.com\/es\/#\/schema\/logo\/image\/\",\"url\":\"https:\/\/staging.srokafinal.lets-preprod.com\/wp-content\/uploads\/2021\/01\/logo-sroka-black-transpa.png\",\"contentUrl\":\"https:\/\/staging.srokafinal.lets-preprod.com\/wp-content\/uploads\/2021\/01\/logo-sroka-black-transpa.png\",\"width\":1201,\"height\":342,\"caption\":\"SROKACOMPANY\"},\"image\":{\"@id\":\"https:\/\/staging.srokafinal.lets-preprod.com\/es\/#\/schema\/logo\/image\/\"},\"sameAs\":[\"https:\/\/www.facebook.com\/srokawatersports\/\",\"https:\/\/www.instagram.com\/srokawatersports\/\",\"https:\/\/www.youtube.com\/channel\/UCVLHHeaPIm-J5bdEUgxqtZA\"]}]}<\/script>\n<!-- \/ Yoast SEO plugin. -->","yoast_head_json":{"title":"2020 Estructura S-foil y K-foil aluminio - SROKA Company","description":"Este marco es el enclavamiento est\u00e1ndar que ofrecemos en todos los S-foil y K-foil. Adaptable a todos los m\u00e1stiles SROKA Alu de \u00faltima generaci\u00f3n.","robots":{"index":"noindex","follow":"follow","max-snippet":"max-snippet:-1","max-image-preview":"max-image-preview:large","max-video-preview":"max-video-preview:-1"},"og_locale":"es_ES","og_type":"article","og_title":"2020 Estructura S-foil y K-foil aluminio - SROKA Company","og_description":"Este marco es el enclavamiento est\u00e1ndar que ofrecemos en todos los S-foil y K-foil. Adaptable a todos los m\u00e1stiles SROKA Alu de \u00faltima generaci\u00f3n.","og_url":"https:\/\/staging.srokafinal.lets-preprod.com\/es\/produit\/2020-estructura-s-foil-y-k-foil-aluminio\/","og_site_name":"SROKA Company","article_publisher":"https:\/\/www.facebook.com\/srokawatersports\/","article_modified_time":"2024-05-21T12:33:00+00:00","og_image":[{"width":1560,"height":2080,"url":"https:\/\/staging.srokafinal.lets-preprod.com\/wp-content\/uploads\/2020\/07\/Platine-1.jpg","type":"image\/jpeg"}],"twitter_misc":{"Tiempo de lectura":"1 minuto"},"schema":{"@context":"https:\/\/schema.org","@graph":[{"@type":"WebPage","@id":"https:\/\/staging.srokafinal.lets-preprod.com\/es\/produit\/2020-estructura-s-foil-y-k-foil-aluminio\/","url":"https:\/\/staging.srokafinal.lets-preprod.com\/es\/produit\/2020-estructura-s-foil-y-k-foil-aluminio\/","name":"2020 Estructura S-foil y K-foil aluminio - SROKA Company","isPartOf":{"@id":"https:\/\/staging.srokafinal.lets-preprod.com\/es\/#website"},"primaryImageOfPage":{"@id":"https:\/\/staging.srokafinal.lets-preprod.com\/es\/produit\/2020-estructura-s-foil-y-k-foil-aluminio\/#primaryimage"},"image":{"@id":"https:\/\/staging.srokafinal.lets-preprod.com\/es\/produit\/2020-estructura-s-foil-y-k-foil-aluminio\/#primaryimage"},"thumbnailUrl":"https:\/\/staging.srokafinal.lets-preprod.com\/wp-content\/uploads\/2020\/07\/Platine-1.jpg","datePublished":"2020-07-26T18:20:57+00:00","dateModified":"2024-05-21T12:33:00+00:00","description":"Este marco es el enclavamiento est\u00e1ndar que ofrecemos en todos los S-foil y K-foil. Adaptable a todos los m\u00e1stiles SROKA Alu de \u00faltima generaci\u00f3n.","breadcrumb":{"@id":"https:\/\/staging.srokafinal.lets-preprod.com\/es\/produit\/2020-estructura-s-foil-y-k-foil-aluminio\/#breadcrumb"},"inLanguage":"es","potentialAction":[{"@type":"ReadAction","target":["https:\/\/staging.srokafinal.lets-preprod.com\/es\/produit\/2020-estructura-s-foil-y-k-foil-aluminio\/"]}]},{"@type":"ImageObject","inLanguage":"es","@id":"https:\/\/staging.srokafinal.lets-preprod.com\/es\/produit\/2020-estructura-s-foil-y-k-foil-aluminio\/#primaryimage","url":"https:\/\/staging.srokafinal.lets-preprod.com\/wp-content\/uploads\/2020\/07\/Platine-1.jpg","contentUrl":"https:\/\/staging.srokafinal.lets-preprod.com\/wp-content\/uploads\/2020\/07\/Platine-1.jpg","width":1560,"height":2080,"caption":"Bastidor de papel de aluminio"},{"@type":"BreadcrumbList","@id":"https:\/\/staging.srokafinal.lets-preprod.com\/es\/produit\/2020-estructura-s-foil-y-k-foil-aluminio\/#breadcrumb","itemListElement":[{"@type":"ListItem","position":1,"name":"Accueil","item":"https:\/\/staging.srokafinal.lets-preprod.com\/es\/"},{"@type":"ListItem","position":2,"name":"Boutique","item":"https:\/\/staging.srokafinal.lets-preprod.com\/boutique\/"},{"@type":"ListItem","position":3,"name":"2020 Estructura S-foil y K-foil aluminio"}]},{"@type":"WebSite","@id":"https:\/\/staging.srokafinal.lets-preprod.com\/es\/#website","url":"https:\/\/staging.srokafinal.lets-preprod.com\/es\/","name":"SROKA Company","description":"SUP, Kite, Foil, Wing","publisher":{"@id":"https:\/\/staging.srokafinal.lets-preprod.com\/es\/#organization"},"potentialAction":[{"@type":"SearchAction","target":{"@type":"EntryPoint","urlTemplate":"https:\/\/staging.srokafinal.lets-preprod.com\/es\/?s={search_term_string}"},"query-input":{"@type":"PropertyValueSpecification","valueRequired":true,"valueName":"search_term_string"}}],"inLanguage":"es"},{"@type":"Organization","@id":"https:\/\/staging.srokafinal.lets-preprod.com\/es\/#organization","name":"SROKACOMPANY","alternateName":"SROKA","url":"https:\/\/staging.srokafinal.lets-preprod.com\/es\/","logo":{"@type":"ImageObject","inLanguage":"es","@id":"https:\/\/staging.srokafinal.lets-preprod.com\/es\/#\/schema\/logo\/image\/","url":"https:\/\/staging.srokafinal.lets-preprod.com\/wp-content\/uploads\/2021\/01\/logo-sroka-black-transpa.png","contentUrl":"https:\/\/staging.srokafinal.lets-preprod.com\/wp-content\/uploads\/2021\/01\/logo-sroka-black-transpa.png","width":1201,"height":342,"caption":"SROKACOMPANY"},"image":{"@id":"https:\/\/staging.srokafinal.lets-preprod.com\/es\/#\/schema\/logo\/image\/"},"sameAs":["https:\/\/www.facebook.com\/srokawatersports\/","https:\/\/www.instagram.com\/srokawatersports\/","https:\/\/www.youtube.com\/channel\/UCVLHHeaPIm-J5bdEUgxqtZA"]}]}},"uagb_featured_image_src":{"full":["https:\/\/staging.srokafinal.lets-preprod.com\/wp-content\/uploads\/2020\/07\/Platine-1.jpg",1560,2080,false],"thumbnail":["https:\/\/staging.srokafinal.lets-preprod.com\/wp-content\/uploads\/2020\/07\/Platine-1-150x150.jpg",150,150,true],"medium":["https:\/\/staging.srokafinal.lets-preprod.com\/wp-content\/uploads\/2020\/07\/Platine-1-225x300.jpg",225,300,true],"medium_large":["https:\/\/staging.srokafinal.lets-preprod.com\/wp-content\/uploads\/2020\/07\/Platine-1-768x1024.jpg",768,1024,true],"large":["https:\/\/staging.srokafinal.lets-preprod.com\/wp-content\/uploads\/2020\/07\/Platine-1-768x1024.jpg",768,1024,true],"1536x1536":["https:\/\/staging.srokafinal.lets-preprod.com\/wp-content\/uploads\/2020\/07\/Platine-1-1152x1536.jpg",1152,1536,true],"2048x2048":["https:\/\/staging.srokafinal.lets-preprod.com\/wp-content\/uploads\/2020\/07\/Platine-1-1536x2048.jpg",1536,2048,true],"woocommerce_thumbnail":["https:\/\/staging.srokafinal.lets-preprod.com\/wp-content\/uploads\/2020\/07\/Platine-1-600x800.jpg",600,800,true],"woocommerce_single":["https:\/\/staging.srokafinal.lets-preprod.com\/wp-content\/uploads\/2020\/07\/Platine-1-600x800.jpg",600,800,true],"woocommerce_gallery_thumbnail":["https:\/\/staging.srokafinal.lets-preprod.com\/wp-content\/uploads\/2020\/07\/Platine-1-100x100.jpg",100,100,true]},"uagb_author_info":{"display_name":"Bruno Sroka","author_link":"https:\/\/staging.srokafinal.lets-preprod.com\/es\/blog\/author\/"},"uagb_comment_info":0,"uagb_excerpt":"Estructura de aluminio S-foil y K-foil Este marco es adecuado para todos los SROKA S-Foil y K-foil de aluminio de \u00faltima generaci\u00f3n. Est\u00e1 fabricado en aluminio 6061 lo que le garantiza una muy buena resistencia en el medio acu\u00e1tico. Anodizado en negro, te permitir\u00e1 sujetar todos los foils SROKA (S-Foil y K-foil Alu) a un&hellip;","_links":{"self":[{"href":"https:\/\/staging.srokafinal.lets-preprod.com\/es\/wp-json\/wp\/v2\/product\/109389","targetHints":{"allow":["GET"]}}],"collection":[{"href":"https:\/\/staging.srokafinal.lets-preprod.com\/es\/wp-json\/wp\/v2\/product"}],"about":[{"href":"https:\/\/staging.srokafinal.lets-preprod.com\/es\/wp-json\/wp\/v2\/types\/product"}],"wp:featuredmedia":[{"embeddable":true,"href":"https:\/\/staging.srokafinal.lets-preprod.com\/es\/wp-json\/wp\/v2\/media\/109405"}],"wp:attachment":[{"href":"https:\/\/staging.srokafinal.lets-preprod.com\/es\/wp-json\/wp\/v2\/media?parent=109389"}],"wp:term":[{"taxonomy":"product_brand","embeddable":true,"href":"https:\/\/staging.srokafinal.lets-preprod.com\/es\/wp-json\/wp\/v2\/product_brand?post=109389"},{"taxonomy":"product_cat","embeddable":true,"href":"https:\/\/staging.srokafinal.lets-preprod.com\/es\/wp-json\/wp\/v2\/product_cat?post=109389"},{"taxonomy":"product_tag","embeddable":true,"href":"https:\/\/staging.srokafinal.lets-preprod.com\/es\/wp-json\/wp\/v2\/product_tag?post=109389"}],"curies":[{"name":"wp","href":"https:\/\/api.w.org\/{rel}","templated":true}]}}