


{"id":109394,"date":"2020-12-03T18:32:08","date_gmt":"2020-12-03T16:32:08","guid":{"rendered":"https:\/\/srokacompany.com\/produit\/s-foil-high-aspect-1190\/"},"modified":"2024-10-16T12:35:40","modified_gmt":"2024-10-16T12:35:40","slug":"s-foil-high-aspect-1190","status":"publish","type":"product","link":"https:\/\/staging.srokafinal.lets-preprod.com\/es\/produit\/s-foil-high-aspect-1190\/","title":{"rendered":"S-Foil High Aspect 1190"},"content":{"rendered":"<hr>\n<h1 style=\"text-align: justify;\">Descubre el S-Foil High Aspect<\/h1>\n<p style=\"text-align: justify;\">Con su cometa High Aspect (1190 L o 1190 S), la S-Foil ofrece un bombeo sin esfuerzo y sensaciones m\u00e1gicas de deslizamiento. Esta gama complementa la gama S-Foil Classic, ofreciendo guardabarros delanteros complementarios para superar los l\u00edmites de tu conducci\u00f3n.<\/p>\n<ul>\n<li style=\"text-align: justify;\">La cometa HA 1190 S (Speed) est\u00e1 hecha para Wingfoil. Ofrece una excelente sensaci\u00f3n de velocidad adem\u00e1s de un pumipng s\u00faper eficiente. Esta vela es una de las m\u00e1s r\u00e1pidas de nuestra gama, junto con la 1250 Classic y la 950 Speed. Gracias a su perfil, elongaci\u00f3n y envergadura, ofrece una excelente estabilidad en l\u00ednea recta, as\u00ed como picos de velocidad suaves, f\u00e1ciles y totalmente controlados. Tambi\u00e9n funcionar\u00e1 de maravilla en Kite Foil y Wind Foil.<\/li>\n<li style=\"text-align: justify;\">La cometa H 1190 L (Lift) est\u00e1 destinada a los amantes del Surf Foil, SUP foil, Wake Foil. La HA 1190 L (Lift) est\u00e1 claramente orientada al Surf Foil con un perfil m\u00e1s portante pero m\u00e1s lenta que la HA 1190 S. Su elevaci\u00f3n entre un 15 y un 20% mayor te da m\u00e1s elevaci\u00f3n y m\u00e1s potencia. Esto te permitir\u00e1 optimizar tu bombeo para volver a conectar las olas sin parar.<\/li>\n<\/ul>\n<p style=\"text-align: justify;\">Descubre todas las novedades del S-Foil y los detalles de la gama High Aspect. Tambi\u00e9n te ayudamos a elegir tu aler\u00f3n delantero seg\u00fan tu pr\u00e1ctica en esta ficha de producto. Se suministra con su estuche de transporte y tornillos completos.<\/p>\n<p>Echa un vistazo tambi\u00e9n a la <a href=\"https:\/\/srokacompany.com\/produit\/new-s-foil-high-aspect-950-speed\/\">velocidad 950HA<\/a> para los amantes de la velocidad pura y a la <a href=\"https:\/\/srokacompany.com\/produit\/s-foil-high-aspect-1350-lift\/\">elevaci\u00f3n 1350 HA<\/a> para los que quieren deslizarse sin cesar.<\/p>\n<p>&nbsp;<\/p>\n<p>https:\/\/srokacompany.com\/caracteristiques-techniques-des-ailes-de-foil-sroka\/<\/p>\n","protected":false},"excerpt":{"rendered":"<p>Descubre el S-Foil High Aspect Con su cometa High Aspect (1190 L o 1190 S), la S-Foil ofrece un bombeo sin esfuerzo y sensaciones m\u00e1gicas de deslizamiento. Esta gama complementa la gama S-Foil Classic, ofreciendo guardabarros delanteros complementarios para superar los l\u00edmites de tu conducci\u00f3n. La cometa HA 1190 S (Speed) est\u00e1 hecha para Wingfoil. [&hellip;]<\/p>\n","protected":false},"featured_media":109482,"template":"","meta":{"_acf_changed":false,"_uag_custom_page_level_css":""},"product_brand":[],"product_cat":[2476,2483,2531],"product_tag":[],"class_list":{"0":"post-109394","1":"product","2":"type-product","3":"status-publish","4":"has-post-thumbnail","6":"product_cat-lamina-de-alas","7":"product_cat-foil","8":"product_cat-todas-nuestras-laminas-high-aspect","9":"product_shipping_class-lamina-completa-o-piezas-de-repuesto-unidad-de-ala","11":"first","12":"instock","13":"taxable","14":"shipping-taxable","15":"purchasable","16":"product-type-variable","17":"has-default-attributes"},"acf":[],"yoast_head":"<!-- This site is optimized with the Yoast SEO plugin v25.1 - https:\/\/yoast.com\/wordpress\/plugins\/seo\/ -->\n<title>S-Foil High Aspect 1190 Velocidad y elevaci\u00f3n - SROKA Company<\/title>\n<meta name=\"description\" content=\"El nuevo S-Foil High Aspect 1190 Speed and Lift de Sroka Company con su aleta ofrece lo mejor en rendimiento y precio combinados.\" \/>\n<meta name=\"robots\" content=\"noindex, follow, max-snippet:-1, max-image-preview:large, max-video-preview:-1\" \/>\n<meta property=\"og:locale\" content=\"es_ES\" \/>\n<meta property=\"og:type\" content=\"article\" \/>\n<meta property=\"og:title\" content=\"S-Foil High Aspect 1190 Velocidad y elevaci\u00f3n - SROKA Company\" \/>\n<meta property=\"og:description\" content=\"El nuevo S-Foil High Aspect 1190 Speed and Lift de Sroka Company con su aleta ofrece lo mejor en rendimiento y precio combinados.\" \/>\n<meta property=\"og:url\" content=\"https:\/\/staging.srokafinal.lets-preprod.com\/es\/produit\/s-foil-high-aspect-1190\/\" \/>\n<meta property=\"og:site_name\" content=\"SROKA Company\" \/>\n<meta property=\"article:publisher\" content=\"https:\/\/www.facebook.com\/srokawatersports\/\" \/>\n<meta property=\"article:modified_time\" content=\"2024-10-16T12:35:40+00:00\" \/>\n<meta property=\"og:image\" content=\"https:\/\/staging.srokafinal.lets-preprod.com\/wp-content\/uploads\/2020\/12\/7.jpg\" \/>\n\t<meta property=\"og:image:width\" content=\"740\" \/>\n\t<meta property=\"og:image:height\" content=\"1080\" \/>\n\t<meta property=\"og:image:type\" content=\"image\/jpeg\" \/>\n<meta name=\"twitter:label1\" content=\"Tiempo de lectura\" \/>\n\t<meta name=\"twitter:data1\" content=\"1 minuto\" \/>\n<script type=\"application\/ld+json\" class=\"yoast-schema-graph\">{\"@context\":\"https:\/\/schema.org\",\"@graph\":[{\"@type\":\"WebPage\",\"@id\":\"https:\/\/staging.srokafinal.lets-preprod.com\/es\/produit\/s-foil-high-aspect-1190\/\",\"url\":\"https:\/\/staging.srokafinal.lets-preprod.com\/es\/produit\/s-foil-high-aspect-1190\/\",\"name\":\"S-Foil High Aspect 1190 Velocidad y elevaci\u00f3n - SROKA Company\",\"isPartOf\":{\"@id\":\"https:\/\/staging.srokafinal.lets-preprod.com\/es\/#website\"},\"primaryImageOfPage\":{\"@id\":\"https:\/\/staging.srokafinal.lets-preprod.com\/es\/produit\/s-foil-high-aspect-1190\/#primaryimage\"},\"image\":{\"@id\":\"https:\/\/staging.srokafinal.lets-preprod.com\/es\/produit\/s-foil-high-aspect-1190\/#primaryimage\"},\"thumbnailUrl\":\"https:\/\/staging.srokafinal.lets-preprod.com\/wp-content\/uploads\/2020\/12\/7.jpg\",\"datePublished\":\"2020-12-03T16:32:08+00:00\",\"dateModified\":\"2024-10-16T12:35:40+00:00\",\"description\":\"El nuevo S-Foil High Aspect 1190 Speed and Lift de Sroka Company con su aleta ofrece lo mejor en rendimiento y precio combinados.\",\"breadcrumb\":{\"@id\":\"https:\/\/staging.srokafinal.lets-preprod.com\/es\/produit\/s-foil-high-aspect-1190\/#breadcrumb\"},\"inLanguage\":\"es\",\"potentialAction\":[{\"@type\":\"ReadAction\",\"target\":[\"https:\/\/staging.srokafinal.lets-preprod.com\/es\/produit\/s-foil-high-aspect-1190\/\"]}]},{\"@type\":\"ImageObject\",\"inLanguage\":\"es\",\"@id\":\"https:\/\/staging.srokafinal.lets-preprod.com\/es\/produit\/s-foil-high-aspect-1190\/#primaryimage\",\"url\":\"https:\/\/staging.srokafinal.lets-preprod.com\/wp-content\/uploads\/2020\/12\/7.jpg\",\"contentUrl\":\"https:\/\/staging.srokafinal.lets-preprod.com\/wp-content\/uploads\/2020\/12\/7.jpg\",\"width\":740,\"height\":1080},{\"@type\":\"BreadcrumbList\",\"@id\":\"https:\/\/staging.srokafinal.lets-preprod.com\/es\/produit\/s-foil-high-aspect-1190\/#breadcrumb\",\"itemListElement\":[{\"@type\":\"ListItem\",\"position\":1,\"name\":\"Accueil\",\"item\":\"https:\/\/staging.srokafinal.lets-preprod.com\/es\/\"},{\"@type\":\"ListItem\",\"position\":2,\"name\":\"Boutique\",\"item\":\"https:\/\/staging.srokafinal.lets-preprod.com\/boutique\/\"},{\"@type\":\"ListItem\",\"position\":3,\"name\":\"S-Foil High Aspect 1190\"}]},{\"@type\":\"WebSite\",\"@id\":\"https:\/\/staging.srokafinal.lets-preprod.com\/es\/#website\",\"url\":\"https:\/\/staging.srokafinal.lets-preprod.com\/es\/\",\"name\":\"SROKA Company\",\"description\":\"SUP, Kite, Foil, Wing\",\"publisher\":{\"@id\":\"https:\/\/staging.srokafinal.lets-preprod.com\/es\/#organization\"},\"potentialAction\":[{\"@type\":\"SearchAction\",\"target\":{\"@type\":\"EntryPoint\",\"urlTemplate\":\"https:\/\/staging.srokafinal.lets-preprod.com\/es\/?s={search_term_string}\"},\"query-input\":{\"@type\":\"PropertyValueSpecification\",\"valueRequired\":true,\"valueName\":\"search_term_string\"}}],\"inLanguage\":\"es\"},{\"@type\":\"Organization\",\"@id\":\"https:\/\/staging.srokafinal.lets-preprod.com\/es\/#organization\",\"name\":\"SROKACOMPANY\",\"alternateName\":\"SROKA\",\"url\":\"https:\/\/staging.srokafinal.lets-preprod.com\/es\/\",\"logo\":{\"@type\":\"ImageObject\",\"inLanguage\":\"es\",\"@id\":\"https:\/\/staging.srokafinal.lets-preprod.com\/es\/#\/schema\/logo\/image\/\",\"url\":\"https:\/\/staging.srokafinal.lets-preprod.com\/wp-content\/uploads\/2021\/01\/logo-sroka-black-transpa.png\",\"contentUrl\":\"https:\/\/staging.srokafinal.lets-preprod.com\/wp-content\/uploads\/2021\/01\/logo-sroka-black-transpa.png\",\"width\":1201,\"height\":342,\"caption\":\"SROKACOMPANY\"},\"image\":{\"@id\":\"https:\/\/staging.srokafinal.lets-preprod.com\/es\/#\/schema\/logo\/image\/\"},\"sameAs\":[\"https:\/\/www.facebook.com\/srokawatersports\/\",\"https:\/\/www.instagram.com\/srokawatersports\/\",\"https:\/\/www.youtube.com\/channel\/UCVLHHeaPIm-J5bdEUgxqtZA\"]}]}<\/script>\n<!-- \/ Yoast SEO plugin. -->","yoast_head_json":{"title":"S-Foil High Aspect 1190 Velocidad y elevaci\u00f3n - SROKA Company","description":"El nuevo S-Foil High Aspect 1190 Speed and Lift de Sroka Company con su aleta ofrece lo mejor en rendimiento y precio combinados.","robots":{"index":"noindex","follow":"follow","max-snippet":"max-snippet:-1","max-image-preview":"max-image-preview:large","max-video-preview":"max-video-preview:-1"},"og_locale":"es_ES","og_type":"article","og_title":"S-Foil High Aspect 1190 Velocidad y elevaci\u00f3n - SROKA Company","og_description":"El nuevo S-Foil High Aspect 1190 Speed and Lift de Sroka Company con su aleta ofrece lo mejor en rendimiento y precio combinados.","og_url":"https:\/\/staging.srokafinal.lets-preprod.com\/es\/produit\/s-foil-high-aspect-1190\/","og_site_name":"SROKA Company","article_publisher":"https:\/\/www.facebook.com\/srokawatersports\/","article_modified_time":"2024-10-16T12:35:40+00:00","og_image":[{"width":740,"height":1080,"url":"https:\/\/staging.srokafinal.lets-preprod.com\/wp-content\/uploads\/2020\/12\/7.jpg","type":"image\/jpeg"}],"twitter_misc":{"Tiempo de lectura":"1 minuto"},"schema":{"@context":"https:\/\/schema.org","@graph":[{"@type":"WebPage","@id":"https:\/\/staging.srokafinal.lets-preprod.com\/es\/produit\/s-foil-high-aspect-1190\/","url":"https:\/\/staging.srokafinal.lets-preprod.com\/es\/produit\/s-foil-high-aspect-1190\/","name":"S-Foil High Aspect 1190 Velocidad y elevaci\u00f3n - SROKA Company","isPartOf":{"@id":"https:\/\/staging.srokafinal.lets-preprod.com\/es\/#website"},"primaryImageOfPage":{"@id":"https:\/\/staging.srokafinal.lets-preprod.com\/es\/produit\/s-foil-high-aspect-1190\/#primaryimage"},"image":{"@id":"https:\/\/staging.srokafinal.lets-preprod.com\/es\/produit\/s-foil-high-aspect-1190\/#primaryimage"},"thumbnailUrl":"https:\/\/staging.srokafinal.lets-preprod.com\/wp-content\/uploads\/2020\/12\/7.jpg","datePublished":"2020-12-03T16:32:08+00:00","dateModified":"2024-10-16T12:35:40+00:00","description":"El nuevo S-Foil High Aspect 1190 Speed and Lift de Sroka Company con su aleta ofrece lo mejor en rendimiento y precio combinados.","breadcrumb":{"@id":"https:\/\/staging.srokafinal.lets-preprod.com\/es\/produit\/s-foil-high-aspect-1190\/#breadcrumb"},"inLanguage":"es","potentialAction":[{"@type":"ReadAction","target":["https:\/\/staging.srokafinal.lets-preprod.com\/es\/produit\/s-foil-high-aspect-1190\/"]}]},{"@type":"ImageObject","inLanguage":"es","@id":"https:\/\/staging.srokafinal.lets-preprod.com\/es\/produit\/s-foil-high-aspect-1190\/#primaryimage","url":"https:\/\/staging.srokafinal.lets-preprod.com\/wp-content\/uploads\/2020\/12\/7.jpg","contentUrl":"https:\/\/staging.srokafinal.lets-preprod.com\/wp-content\/uploads\/2020\/12\/7.jpg","width":740,"height":1080},{"@type":"BreadcrumbList","@id":"https:\/\/staging.srokafinal.lets-preprod.com\/es\/produit\/s-foil-high-aspect-1190\/#breadcrumb","itemListElement":[{"@type":"ListItem","position":1,"name":"Accueil","item":"https:\/\/staging.srokafinal.lets-preprod.com\/es\/"},{"@type":"ListItem","position":2,"name":"Boutique","item":"https:\/\/staging.srokafinal.lets-preprod.com\/boutique\/"},{"@type":"ListItem","position":3,"name":"S-Foil High Aspect 1190"}]},{"@type":"WebSite","@id":"https:\/\/staging.srokafinal.lets-preprod.com\/es\/#website","url":"https:\/\/staging.srokafinal.lets-preprod.com\/es\/","name":"SROKA Company","description":"SUP, Kite, Foil, Wing","publisher":{"@id":"https:\/\/staging.srokafinal.lets-preprod.com\/es\/#organization"},"potentialAction":[{"@type":"SearchAction","target":{"@type":"EntryPoint","urlTemplate":"https:\/\/staging.srokafinal.lets-preprod.com\/es\/?s={search_term_string}"},"query-input":{"@type":"PropertyValueSpecification","valueRequired":true,"valueName":"search_term_string"}}],"inLanguage":"es"},{"@type":"Organization","@id":"https:\/\/staging.srokafinal.lets-preprod.com\/es\/#organization","name":"SROKACOMPANY","alternateName":"SROKA","url":"https:\/\/staging.srokafinal.lets-preprod.com\/es\/","logo":{"@type":"ImageObject","inLanguage":"es","@id":"https:\/\/staging.srokafinal.lets-preprod.com\/es\/#\/schema\/logo\/image\/","url":"https:\/\/staging.srokafinal.lets-preprod.com\/wp-content\/uploads\/2021\/01\/logo-sroka-black-transpa.png","contentUrl":"https:\/\/staging.srokafinal.lets-preprod.com\/wp-content\/uploads\/2021\/01\/logo-sroka-black-transpa.png","width":1201,"height":342,"caption":"SROKACOMPANY"},"image":{"@id":"https:\/\/staging.srokafinal.lets-preprod.com\/es\/#\/schema\/logo\/image\/"},"sameAs":["https:\/\/www.facebook.com\/srokawatersports\/","https:\/\/www.instagram.com\/srokawatersports\/","https:\/\/www.youtube.com\/channel\/UCVLHHeaPIm-J5bdEUgxqtZA"]}]}},"uagb_featured_image_src":{"full":["https:\/\/staging.srokafinal.lets-preprod.com\/wp-content\/uploads\/2020\/12\/7.jpg",740,1080,false],"thumbnail":["https:\/\/staging.srokafinal.lets-preprod.com\/wp-content\/uploads\/2020\/12\/7-150x150.jpg",150,150,true],"medium":["https:\/\/staging.srokafinal.lets-preprod.com\/wp-content\/uploads\/2020\/12\/7-206x300.jpg",206,300,true],"medium_large":["https:\/\/staging.srokafinal.lets-preprod.com\/wp-content\/uploads\/2020\/12\/7.jpg",740,1080,false],"large":["https:\/\/staging.srokafinal.lets-preprod.com\/wp-content\/uploads\/2020\/12\/7-702x1024.jpg",702,1024,true],"1536x1536":["https:\/\/staging.srokafinal.lets-preprod.com\/wp-content\/uploads\/2020\/12\/7.jpg",740,1080,false],"2048x2048":["https:\/\/staging.srokafinal.lets-preprod.com\/wp-content\/uploads\/2020\/12\/7.jpg",740,1080,false],"woocommerce_thumbnail":["https:\/\/staging.srokafinal.lets-preprod.com\/wp-content\/uploads\/2020\/12\/7-600x876.jpg",600,876,true],"woocommerce_single":["https:\/\/staging.srokafinal.lets-preprod.com\/wp-content\/uploads\/2020\/12\/7-600x876.jpg",600,876,true],"woocommerce_gallery_thumbnail":["https:\/\/staging.srokafinal.lets-preprod.com\/wp-content\/uploads\/2020\/12\/7-100x100.jpg",100,100,true]},"uagb_author_info":{"display_name":"Tristan Dumard","author_link":"https:\/\/staging.srokafinal.lets-preprod.com\/es\/blog\/author\/"},"uagb_comment_info":0,"uagb_excerpt":"Descubre el S-Foil High Aspect Con su cometa High Aspect (1190 L o 1190 S), la S-Foil ofrece un bombeo sin esfuerzo y sensaciones m\u00e1gicas de deslizamiento. Esta gama complementa la gama S-Foil Classic, ofreciendo guardabarros delanteros complementarios para superar los l\u00edmites de tu conducci\u00f3n. La cometa HA 1190 S (Speed) est\u00e1 hecha para Wingfoil.&hellip;","_links":{"self":[{"href":"https:\/\/staging.srokafinal.lets-preprod.com\/es\/wp-json\/wp\/v2\/product\/109394","targetHints":{"allow":["GET"]}}],"collection":[{"href":"https:\/\/staging.srokafinal.lets-preprod.com\/es\/wp-json\/wp\/v2\/product"}],"about":[{"href":"https:\/\/staging.srokafinal.lets-preprod.com\/es\/wp-json\/wp\/v2\/types\/product"}],"wp:featuredmedia":[{"embeddable":true,"href":"https:\/\/staging.srokafinal.lets-preprod.com\/es\/wp-json\/wp\/v2\/media\/109482"}],"wp:attachment":[{"href":"https:\/\/staging.srokafinal.lets-preprod.com\/es\/wp-json\/wp\/v2\/media?parent=109394"}],"wp:term":[{"taxonomy":"product_brand","embeddable":true,"href":"https:\/\/staging.srokafinal.lets-preprod.com\/es\/wp-json\/wp\/v2\/product_brand?post=109394"},{"taxonomy":"product_cat","embeddable":true,"href":"https:\/\/staging.srokafinal.lets-preprod.com\/es\/wp-json\/wp\/v2\/product_cat?post=109394"},{"taxonomy":"product_tag","embeddable":true,"href":"https:\/\/staging.srokafinal.lets-preprod.com\/es\/wp-json\/wp\/v2\/product_tag?post=109394"}],"curies":[{"name":"wp","href":"https:\/\/api.w.org\/{rel}","templated":true}]}}