


{"id":109431,"date":"2022-04-05T08:39:40","date_gmt":"2022-04-05T08:39:40","guid":{"rendered":"https:\/\/srokacompany.com\/produit\/tabla-sky-rider-48-y-52-wing-foil\/"},"modified":"2024-12-03T11:26:14","modified_gmt":"2024-12-03T11:26:14","slug":"tabla-sky-rider-48-y-52-wing-foil","status":"publish","type":"product","link":"https:\/\/staging.srokafinal.lets-preprod.com\/es\/produit\/tabla-sky-rider-48-y-52-wing-foil\/","title":{"rendered":"Tabla Sky Rider 4&#8217;8 y 5&#8217;2 Wing Foil"},"content":{"rendered":"<hr>\n<h2>Tabla Sky Rider 4&#8217;8 y 5&#8217;2 Wing Foil<\/h2>\n<p>Hemos desarrollado esta gama de peque\u00f1as tablas de foiling para que sigas progresando y mejorando. Hasta ahora, hemos estado ofreciendo <a href=\"https:\/\/srokacompany.com\/eshop\/planche-wing-foil\/\">tablas de l\u00e1mina de ala<\/a> con un volumen de m\u00e1s de 90 L. Pero con el nivel general de riders progresando, cumplimos tus expectativas con tablas m\u00e1s cortas, perfectas para saltar, para ir m\u00e1s r\u00e1pido, para tener m\u00e1s maniobrabilidad en las olas o en el estilo libre. Las Sky Rider 4&#8217;8 y 5&#8217;2 fueron creadas con esto en mente.<\/p>\n<p>Nuestro producto fue construido para durar. Hemos descubierto que, con demasiada frecuencia, las tablas tienen problemas de fragilidad, rotura, delaminaci\u00f3n y hundimiento de la cubierta cuando los riders exigen un rendimiento m\u00ednimo de su tabla de foil. Por eso nos hemos mantenido fieles a nuestra filosof\u00eda: crear productos sostenibles y de alto rendimiento eliminando el 99,9% del servicio postventa. No hay forma de que tu tabla se rompa despu\u00e9s de 15 sesiones o algunos saltos.<\/p>\n<p>La tabla de wingfoil Sky Rider 4&#8217;8 o 5&#8217;2 es perfecta para el freestyle, la carrera o la diversi\u00f3n en olas. Con un buen ancho de tabla, la estabilidad est\u00e1 ah\u00ed, especialmente al principio. Estas tablas s\u00faper vers\u00e1tiles son para riders de nivel intermedio y experimentado para llevar su conducci\u00f3n al siguiente nivel.<\/p>\n<p>&nbsp;<\/p>\n","protected":false},"excerpt":{"rendered":"<p>Tabla Sky Rider 4&#8217;8 y 5&#8217;2 Wing Foil Hemos desarrollado esta gama de peque\u00f1as tablas de foiling para que sigas progresando y mejorando. Hasta ahora, hemos estado ofreciendo tablas de l\u00e1mina de ala con un volumen de m\u00e1s de 90 L. Pero con el nivel general de riders progresando, cumplimos tus expectativas con tablas m\u00e1s [&hellip;]<\/p>\n","protected":false},"featured_media":109445,"template":"","meta":{"_acf_changed":false,"_uag_custom_page_level_css":""},"product_brand":[],"product_cat":[2476,2535],"product_tag":[],"class_list":{"0":"post-109431","1":"product","2":"type-product","3":"status-publish","4":"has-post-thumbnail","6":"product_cat-lamina-de-alas","7":"product_cat-tablas-de-wing-foil-al-mejor-precio","8":"product_shipping_class-unidad-de-tablero-duro","10":"first","11":"instock","12":"sale","13":"taxable","14":"shipping-taxable","15":"purchasable","16":"product-type-variable","17":"has-default-attributes"},"acf":[],"yoast_head":"<!-- This site is optimized with the Yoast SEO plugin v25.1 - https:\/\/yoast.com\/wordpress\/plugins\/seo\/ -->\n<title>Tabla Sky Rider 4&#039;8 y 5&#039;2 Wing Foil - SROKA Company<\/title>\n<meta name=\"description\" content=\"Tablas de wing foil de alto rendimiento en PVC s\u00e1ndwich completo, para un rendimiento incre\u00edble en carrera y freestyle, al mejor precio\" \/>\n<meta name=\"robots\" content=\"noindex, follow, max-snippet:-1, max-image-preview:large, max-video-preview:-1\" \/>\n<meta property=\"og:locale\" content=\"es_ES\" \/>\n<meta property=\"og:type\" content=\"article\" \/>\n<meta property=\"og:title\" content=\"Tabla Sky Rider 4&#039;8 y 5&#039;2 Wing Foil - SROKA Company\" \/>\n<meta property=\"og:description\" content=\"Tablas de wing foil de alto rendimiento en PVC s\u00e1ndwich completo, para un rendimiento incre\u00edble en carrera y freestyle, al mejor precio\" \/>\n<meta property=\"og:url\" content=\"https:\/\/staging.srokafinal.lets-preprod.com\/es\/produit\/tabla-sky-rider-48-y-52-wing-foil\/\" \/>\n<meta property=\"og:site_name\" content=\"SROKA Company\" \/>\n<meta property=\"article:publisher\" content=\"https:\/\/www.facebook.com\/srokawatersports\/\" \/>\n<meta property=\"article:modified_time\" content=\"2024-12-03T11:26:14+00:00\" \/>\n<meta property=\"og:image\" content=\"https:\/\/staging.srokafinal.lets-preprod.com\/wp-content\/uploads\/2022\/04\/Photo-produit-48-et-52.png\" \/>\n\t<meta property=\"og:image:width\" content=\"740\" \/>\n\t<meta property=\"og:image:height\" content=\"1080\" \/>\n\t<meta property=\"og:image:type\" content=\"image\/png\" \/>\n<meta name=\"twitter:label1\" content=\"Tiempo de lectura\" \/>\n\t<meta name=\"twitter:data1\" content=\"1 minuto\" \/>\n<script type=\"application\/ld+json\" class=\"yoast-schema-graph\">{\"@context\":\"https:\/\/schema.org\",\"@graph\":[{\"@type\":\"WebPage\",\"@id\":\"https:\/\/staging.srokafinal.lets-preprod.com\/es\/produit\/tabla-sky-rider-48-y-52-wing-foil\/\",\"url\":\"https:\/\/staging.srokafinal.lets-preprod.com\/es\/produit\/tabla-sky-rider-48-y-52-wing-foil\/\",\"name\":\"Tabla Sky Rider 4'8 y 5'2 Wing Foil - SROKA Company\",\"isPartOf\":{\"@id\":\"https:\/\/staging.srokafinal.lets-preprod.com\/es\/#website\"},\"primaryImageOfPage\":{\"@id\":\"https:\/\/staging.srokafinal.lets-preprod.com\/es\/produit\/tabla-sky-rider-48-y-52-wing-foil\/#primaryimage\"},\"image\":{\"@id\":\"https:\/\/staging.srokafinal.lets-preprod.com\/es\/produit\/tabla-sky-rider-48-y-52-wing-foil\/#primaryimage\"},\"thumbnailUrl\":\"https:\/\/staging.srokafinal.lets-preprod.com\/wp-content\/uploads\/2022\/04\/Photo-produit-48-et-52.png\",\"datePublished\":\"2022-04-05T08:39:40+00:00\",\"dateModified\":\"2024-12-03T11:26:14+00:00\",\"description\":\"Tablas de wing foil de alto rendimiento en PVC s\u00e1ndwich completo, para un rendimiento incre\u00edble en carrera y freestyle, al mejor precio\",\"breadcrumb\":{\"@id\":\"https:\/\/staging.srokafinal.lets-preprod.com\/es\/produit\/tabla-sky-rider-48-y-52-wing-foil\/#breadcrumb\"},\"inLanguage\":\"es\",\"potentialAction\":[{\"@type\":\"ReadAction\",\"target\":[\"https:\/\/staging.srokafinal.lets-preprod.com\/es\/produit\/tabla-sky-rider-48-y-52-wing-foil\/\"]}]},{\"@type\":\"ImageObject\",\"inLanguage\":\"es\",\"@id\":\"https:\/\/staging.srokafinal.lets-preprod.com\/es\/produit\/tabla-sky-rider-48-y-52-wing-foil\/#primaryimage\",\"url\":\"https:\/\/staging.srokafinal.lets-preprod.com\/wp-content\/uploads\/2022\/04\/Photo-produit-48-et-52.png\",\"contentUrl\":\"https:\/\/staging.srokafinal.lets-preprod.com\/wp-content\/uploads\/2022\/04\/Photo-produit-48-et-52.png\",\"width\":740,\"height\":1080,\"caption\":\"Tabla de sky rider Sroka 4'8 y 5'2\"},{\"@type\":\"BreadcrumbList\",\"@id\":\"https:\/\/staging.srokafinal.lets-preprod.com\/es\/produit\/tabla-sky-rider-48-y-52-wing-foil\/#breadcrumb\",\"itemListElement\":[{\"@type\":\"ListItem\",\"position\":1,\"name\":\"Accueil\",\"item\":\"https:\/\/staging.srokafinal.lets-preprod.com\/es\/\"},{\"@type\":\"ListItem\",\"position\":2,\"name\":\"Boutique\",\"item\":\"https:\/\/staging.srokafinal.lets-preprod.com\/boutique\/\"},{\"@type\":\"ListItem\",\"position\":3,\"name\":\"Tabla Sky Rider 4&#8217;8 y 5&#8217;2 Wing Foil\"}]},{\"@type\":\"WebSite\",\"@id\":\"https:\/\/staging.srokafinal.lets-preprod.com\/es\/#website\",\"url\":\"https:\/\/staging.srokafinal.lets-preprod.com\/es\/\",\"name\":\"SROKA Company\",\"description\":\"SUP, Kite, Foil, Wing\",\"publisher\":{\"@id\":\"https:\/\/staging.srokafinal.lets-preprod.com\/es\/#organization\"},\"potentialAction\":[{\"@type\":\"SearchAction\",\"target\":{\"@type\":\"EntryPoint\",\"urlTemplate\":\"https:\/\/staging.srokafinal.lets-preprod.com\/es\/?s={search_term_string}\"},\"query-input\":{\"@type\":\"PropertyValueSpecification\",\"valueRequired\":true,\"valueName\":\"search_term_string\"}}],\"inLanguage\":\"es\"},{\"@type\":\"Organization\",\"@id\":\"https:\/\/staging.srokafinal.lets-preprod.com\/es\/#organization\",\"name\":\"SROKACOMPANY\",\"alternateName\":\"SROKA\",\"url\":\"https:\/\/staging.srokafinal.lets-preprod.com\/es\/\",\"logo\":{\"@type\":\"ImageObject\",\"inLanguage\":\"es\",\"@id\":\"https:\/\/staging.srokafinal.lets-preprod.com\/es\/#\/schema\/logo\/image\/\",\"url\":\"https:\/\/staging.srokafinal.lets-preprod.com\/wp-content\/uploads\/2021\/01\/logo-sroka-black-transpa.png\",\"contentUrl\":\"https:\/\/staging.srokafinal.lets-preprod.com\/wp-content\/uploads\/2021\/01\/logo-sroka-black-transpa.png\",\"width\":1201,\"height\":342,\"caption\":\"SROKACOMPANY\"},\"image\":{\"@id\":\"https:\/\/staging.srokafinal.lets-preprod.com\/es\/#\/schema\/logo\/image\/\"},\"sameAs\":[\"https:\/\/www.facebook.com\/srokawatersports\/\",\"https:\/\/www.instagram.com\/srokawatersports\/\",\"https:\/\/www.youtube.com\/channel\/UCVLHHeaPIm-J5bdEUgxqtZA\"]}]}<\/script>\n<!-- \/ Yoast SEO plugin. -->","yoast_head_json":{"title":"Tabla Sky Rider 4'8 y 5'2 Wing Foil - SROKA Company","description":"Tablas de wing foil de alto rendimiento en PVC s\u00e1ndwich completo, para un rendimiento incre\u00edble en carrera y freestyle, al mejor precio","robots":{"index":"noindex","follow":"follow","max-snippet":"max-snippet:-1","max-image-preview":"max-image-preview:large","max-video-preview":"max-video-preview:-1"},"og_locale":"es_ES","og_type":"article","og_title":"Tabla Sky Rider 4'8 y 5'2 Wing Foil - SROKA Company","og_description":"Tablas de wing foil de alto rendimiento en PVC s\u00e1ndwich completo, para un rendimiento incre\u00edble en carrera y freestyle, al mejor precio","og_url":"https:\/\/staging.srokafinal.lets-preprod.com\/es\/produit\/tabla-sky-rider-48-y-52-wing-foil\/","og_site_name":"SROKA Company","article_publisher":"https:\/\/www.facebook.com\/srokawatersports\/","article_modified_time":"2024-12-03T11:26:14+00:00","og_image":[{"width":740,"height":1080,"url":"https:\/\/staging.srokafinal.lets-preprod.com\/wp-content\/uploads\/2022\/04\/Photo-produit-48-et-52.png","type":"image\/png"}],"twitter_misc":{"Tiempo de lectura":"1 minuto"},"schema":{"@context":"https:\/\/schema.org","@graph":[{"@type":"WebPage","@id":"https:\/\/staging.srokafinal.lets-preprod.com\/es\/produit\/tabla-sky-rider-48-y-52-wing-foil\/","url":"https:\/\/staging.srokafinal.lets-preprod.com\/es\/produit\/tabla-sky-rider-48-y-52-wing-foil\/","name":"Tabla Sky Rider 4'8 y 5'2 Wing Foil - SROKA Company","isPartOf":{"@id":"https:\/\/staging.srokafinal.lets-preprod.com\/es\/#website"},"primaryImageOfPage":{"@id":"https:\/\/staging.srokafinal.lets-preprod.com\/es\/produit\/tabla-sky-rider-48-y-52-wing-foil\/#primaryimage"},"image":{"@id":"https:\/\/staging.srokafinal.lets-preprod.com\/es\/produit\/tabla-sky-rider-48-y-52-wing-foil\/#primaryimage"},"thumbnailUrl":"https:\/\/staging.srokafinal.lets-preprod.com\/wp-content\/uploads\/2022\/04\/Photo-produit-48-et-52.png","datePublished":"2022-04-05T08:39:40+00:00","dateModified":"2024-12-03T11:26:14+00:00","description":"Tablas de wing foil de alto rendimiento en PVC s\u00e1ndwich completo, para un rendimiento incre\u00edble en carrera y freestyle, al mejor precio","breadcrumb":{"@id":"https:\/\/staging.srokafinal.lets-preprod.com\/es\/produit\/tabla-sky-rider-48-y-52-wing-foil\/#breadcrumb"},"inLanguage":"es","potentialAction":[{"@type":"ReadAction","target":["https:\/\/staging.srokafinal.lets-preprod.com\/es\/produit\/tabla-sky-rider-48-y-52-wing-foil\/"]}]},{"@type":"ImageObject","inLanguage":"es","@id":"https:\/\/staging.srokafinal.lets-preprod.com\/es\/produit\/tabla-sky-rider-48-y-52-wing-foil\/#primaryimage","url":"https:\/\/staging.srokafinal.lets-preprod.com\/wp-content\/uploads\/2022\/04\/Photo-produit-48-et-52.png","contentUrl":"https:\/\/staging.srokafinal.lets-preprod.com\/wp-content\/uploads\/2022\/04\/Photo-produit-48-et-52.png","width":740,"height":1080,"caption":"Tabla de sky rider Sroka 4'8 y 5'2"},{"@type":"BreadcrumbList","@id":"https:\/\/staging.srokafinal.lets-preprod.com\/es\/produit\/tabla-sky-rider-48-y-52-wing-foil\/#breadcrumb","itemListElement":[{"@type":"ListItem","position":1,"name":"Accueil","item":"https:\/\/staging.srokafinal.lets-preprod.com\/es\/"},{"@type":"ListItem","position":2,"name":"Boutique","item":"https:\/\/staging.srokafinal.lets-preprod.com\/boutique\/"},{"@type":"ListItem","position":3,"name":"Tabla Sky Rider 4&#8217;8 y 5&#8217;2 Wing Foil"}]},{"@type":"WebSite","@id":"https:\/\/staging.srokafinal.lets-preprod.com\/es\/#website","url":"https:\/\/staging.srokafinal.lets-preprod.com\/es\/","name":"SROKA Company","description":"SUP, Kite, Foil, Wing","publisher":{"@id":"https:\/\/staging.srokafinal.lets-preprod.com\/es\/#organization"},"potentialAction":[{"@type":"SearchAction","target":{"@type":"EntryPoint","urlTemplate":"https:\/\/staging.srokafinal.lets-preprod.com\/es\/?s={search_term_string}"},"query-input":{"@type":"PropertyValueSpecification","valueRequired":true,"valueName":"search_term_string"}}],"inLanguage":"es"},{"@type":"Organization","@id":"https:\/\/staging.srokafinal.lets-preprod.com\/es\/#organization","name":"SROKACOMPANY","alternateName":"SROKA","url":"https:\/\/staging.srokafinal.lets-preprod.com\/es\/","logo":{"@type":"ImageObject","inLanguage":"es","@id":"https:\/\/staging.srokafinal.lets-preprod.com\/es\/#\/schema\/logo\/image\/","url":"https:\/\/staging.srokafinal.lets-preprod.com\/wp-content\/uploads\/2021\/01\/logo-sroka-black-transpa.png","contentUrl":"https:\/\/staging.srokafinal.lets-preprod.com\/wp-content\/uploads\/2021\/01\/logo-sroka-black-transpa.png","width":1201,"height":342,"caption":"SROKACOMPANY"},"image":{"@id":"https:\/\/staging.srokafinal.lets-preprod.com\/es\/#\/schema\/logo\/image\/"},"sameAs":["https:\/\/www.facebook.com\/srokawatersports\/","https:\/\/www.instagram.com\/srokawatersports\/","https:\/\/www.youtube.com\/channel\/UCVLHHeaPIm-J5bdEUgxqtZA"]}]}},"uagb_featured_image_src":{"full":["https:\/\/staging.srokafinal.lets-preprod.com\/wp-content\/uploads\/2022\/04\/Photo-produit-48-et-52.png",740,1080,false],"thumbnail":["https:\/\/staging.srokafinal.lets-preprod.com\/wp-content\/uploads\/2022\/04\/Photo-produit-48-et-52-150x150.png",150,150,true],"medium":["https:\/\/staging.srokafinal.lets-preprod.com\/wp-content\/uploads\/2022\/04\/Photo-produit-48-et-52-206x300.png",206,300,true],"medium_large":["https:\/\/staging.srokafinal.lets-preprod.com\/wp-content\/uploads\/2022\/04\/Photo-produit-48-et-52.png",740,1080,false],"large":["https:\/\/staging.srokafinal.lets-preprod.com\/wp-content\/uploads\/2022\/04\/Photo-produit-48-et-52-702x1024.png",702,1024,true],"1536x1536":["https:\/\/staging.srokafinal.lets-preprod.com\/wp-content\/uploads\/2022\/04\/Photo-produit-48-et-52.png",740,1080,false],"2048x2048":["https:\/\/staging.srokafinal.lets-preprod.com\/wp-content\/uploads\/2022\/04\/Photo-produit-48-et-52.png",740,1080,false],"woocommerce_thumbnail":["https:\/\/staging.srokafinal.lets-preprod.com\/wp-content\/uploads\/2022\/04\/Photo-produit-48-et-52-600x876.png",600,876,true],"woocommerce_single":["https:\/\/staging.srokafinal.lets-preprod.com\/wp-content\/uploads\/2022\/04\/Photo-produit-48-et-52-600x876.png",600,876,true],"woocommerce_gallery_thumbnail":["https:\/\/staging.srokafinal.lets-preprod.com\/wp-content\/uploads\/2022\/04\/Photo-produit-48-et-52-100x100.png",100,100,true]},"uagb_author_info":{"display_name":"emmanuel.d emmanuel.d","author_link":"https:\/\/staging.srokafinal.lets-preprod.com\/es\/blog\/author\/"},"uagb_comment_info":0,"uagb_excerpt":"Tabla Sky Rider 4&#8217;8 y 5&#8217;2 Wing Foil Hemos desarrollado esta gama de peque\u00f1as tablas de foiling para que sigas progresando y mejorando. Hasta ahora, hemos estado ofreciendo tablas de l\u00e1mina de ala con un volumen de m\u00e1s de 90 L. Pero con el nivel general de riders progresando, cumplimos tus expectativas con tablas m\u00e1s&hellip;","_links":{"self":[{"href":"https:\/\/staging.srokafinal.lets-preprod.com\/es\/wp-json\/wp\/v2\/product\/109431","targetHints":{"allow":["GET"]}}],"collection":[{"href":"https:\/\/staging.srokafinal.lets-preprod.com\/es\/wp-json\/wp\/v2\/product"}],"about":[{"href":"https:\/\/staging.srokafinal.lets-preprod.com\/es\/wp-json\/wp\/v2\/types\/product"}],"wp:featuredmedia":[{"embeddable":true,"href":"https:\/\/staging.srokafinal.lets-preprod.com\/es\/wp-json\/wp\/v2\/media\/109445"}],"wp:attachment":[{"href":"https:\/\/staging.srokafinal.lets-preprod.com\/es\/wp-json\/wp\/v2\/media?parent=109431"}],"wp:term":[{"taxonomy":"product_brand","embeddable":true,"href":"https:\/\/staging.srokafinal.lets-preprod.com\/es\/wp-json\/wp\/v2\/product_brand?post=109431"},{"taxonomy":"product_cat","embeddable":true,"href":"https:\/\/staging.srokafinal.lets-preprod.com\/es\/wp-json\/wp\/v2\/product_cat?post=109431"},{"taxonomy":"product_tag","embeddable":true,"href":"https:\/\/staging.srokafinal.lets-preprod.com\/es\/wp-json\/wp\/v2\/product_tag?post=109431"}],"curies":[{"name":"wp","href":"https:\/\/api.w.org\/{rel}","templated":true}]}}