


{"id":109438,"date":"2020-12-22T11:09:58","date_gmt":"2020-12-22T09:09:58","guid":{"rendered":"https:\/\/srokacompany.com\/produit\/aleron-delantero-kitefoiling-k950\/"},"modified":"2024-05-21T12:33:01","modified_gmt":"2024-05-21T12:33:01","slug":"aleron-delantero-kitefoiling-k950","status":"publish","type":"product","link":"https:\/\/staging.srokafinal.lets-preprod.com\/es\/produit\/aleron-delantero-kitefoiling-k950\/","title":{"rendered":"Aler\u00f3n delantero Kitefoiling K950"},"content":{"rendered":"<hr>\n<h3>Pack Freeride Wave Kite Foil K950 und Stabilizer<\/h3>\n<p>F\u00fcr die Markteinf\u00fchrung unseres neuen<strong>K950<\/strong>Frontfl\u00fcgels, der f\u00fcr das Kite Foiling bestimmt ist, bieten wir ein <strong>Paket<\/strong> mit dem Frontfl\u00fcgel und seinem Stabilisator an. Die K950 XXL hebt sehr fr\u00fch und sanft ab. In Verbindung mit dem Stabilisator hat er eine gro\u00dfe Stabilit\u00e4t. Dieses Paket bringt maximale Kontrolle und Man\u00f6vrierbarkeit in den <strong>Wellen<\/strong>, aber auch in allen Halsen, Drehungen und Kurven. Auch wenn er sich als perfekt f\u00fcr Licht und Carving erweist, ist seine H\u00f6chstgeschwindigkeit nicht zu \u00fcberbieten.<\/p>\n<p><strong>Vom Anf\u00e4nger bis zum Experten ist dieses Paket f\u00fcr alle Vorlagen und alle Stufen geeignet.<\/strong>  Freeride-orientiert, ist er leicht zug\u00e4nglich und dennoch skalierbar. Diese Fl\u00fcgel sind mit allen <strong>K FOIL SROKA 2020<\/strong> Masten und R\u00fcmpfen kompatibel.<\/p>\n","protected":false},"excerpt":{"rendered":"<p>Pack Freeride Wave Kite Foil K950 und Stabilizer F\u00fcr die Markteinf\u00fchrung unseres neuenK950Frontfl\u00fcgels, der f\u00fcr das Kite Foiling bestimmt ist, bieten wir ein Paket mit dem Frontfl\u00fcgel und seinem Stabilisator an. Die K950 XXL hebt sehr fr\u00fch und sanft ab. In Verbindung mit dem Stabilisator hat er eine gro\u00dfe Stabilit\u00e4t. Dieses Paket bringt maximale Kontrolle [&hellip;]<\/p>\n","protected":false},"featured_media":0,"template":"","meta":{"_acf_changed":false,"_uag_custom_page_level_css":""},"product_brand":[],"product_cat":[3161],"product_tag":[],"class_list":{"0":"post-109438","1":"product","2":"type-product","3":"status-publish","5":"product_cat-gama-uha-downwind","7":"first","8":"onbackorder","9":"taxable","10":"shipping-taxable","11":"purchasable","12":"product-type-simple"},"acf":[],"yoast_head":"<!-- This site is optimized with the Yoast SEO plugin v25.1 - https:\/\/yoast.com\/wordpress\/plugins\/seo\/ -->\n<title>Aler\u00f3n delantero Kitefoiling K950 - SROKA Company<\/title>\n<meta name=\"robots\" content=\"noindex, follow, max-snippet:-1, max-image-preview:large, max-video-preview:-1\" \/>\n<meta property=\"og:locale\" content=\"es_ES\" \/>\n<meta property=\"og:type\" content=\"article\" \/>\n<meta property=\"og:title\" content=\"Aler\u00f3n delantero Kitefoiling K950 - SROKA Company\" \/>\n<meta property=\"og:description\" content=\"Pack Freeride Wave Kite Foil K950 und Stabilizer F\u00fcr die Markteinf\u00fchrung unseres neuenK950Frontfl\u00fcgels, der f\u00fcr das Kite Foiling bestimmt ist, bieten wir ein Paket mit dem Frontfl\u00fcgel und seinem Stabilisator an. Die K950 XXL hebt sehr fr\u00fch und sanft ab. In Verbindung mit dem Stabilisator hat er eine gro\u00dfe Stabilit\u00e4t. Dieses Paket bringt maximale Kontrolle [&hellip;]\" \/>\n<meta property=\"og:url\" content=\"https:\/\/staging.srokafinal.lets-preprod.com\/es\/produit\/aleron-delantero-kitefoiling-k950\/\" \/>\n<meta property=\"og:site_name\" content=\"SROKA Company\" \/>\n<meta property=\"article:publisher\" content=\"https:\/\/www.facebook.com\/srokawatersports\/\" \/>\n<meta property=\"article:modified_time\" content=\"2024-05-21T12:33:01+00:00\" \/>\n<meta name=\"twitter:label1\" content=\"Tiempo de lectura\" \/>\n\t<meta name=\"twitter:data1\" content=\"1 minuto\" \/>\n<script type=\"application\/ld+json\" class=\"yoast-schema-graph\">{\"@context\":\"https:\/\/schema.org\",\"@graph\":[{\"@type\":\"WebPage\",\"@id\":\"https:\/\/staging.srokafinal.lets-preprod.com\/es\/produit\/aleron-delantero-kitefoiling-k950\/\",\"url\":\"https:\/\/staging.srokafinal.lets-preprod.com\/es\/produit\/aleron-delantero-kitefoiling-k950\/\",\"name\":\"Aler\u00f3n delantero Kitefoiling K950 - SROKA Company\",\"isPartOf\":{\"@id\":\"https:\/\/staging.srokafinal.lets-preprod.com\/es\/#website\"},\"datePublished\":\"2020-12-22T09:09:58+00:00\",\"dateModified\":\"2024-05-21T12:33:01+00:00\",\"breadcrumb\":{\"@id\":\"https:\/\/staging.srokafinal.lets-preprod.com\/es\/produit\/aleron-delantero-kitefoiling-k950\/#breadcrumb\"},\"inLanguage\":\"es\",\"potentialAction\":[{\"@type\":\"ReadAction\",\"target\":[\"https:\/\/staging.srokafinal.lets-preprod.com\/es\/produit\/aleron-delantero-kitefoiling-k950\/\"]}]},{\"@type\":\"BreadcrumbList\",\"@id\":\"https:\/\/staging.srokafinal.lets-preprod.com\/es\/produit\/aleron-delantero-kitefoiling-k950\/#breadcrumb\",\"itemListElement\":[{\"@type\":\"ListItem\",\"position\":1,\"name\":\"Accueil\",\"item\":\"https:\/\/staging.srokafinal.lets-preprod.com\/es\/\"},{\"@type\":\"ListItem\",\"position\":2,\"name\":\"Boutique\",\"item\":\"https:\/\/staging.srokafinal.lets-preprod.com\/boutique\/\"},{\"@type\":\"ListItem\",\"position\":3,\"name\":\"Aler\u00f3n delantero Kitefoiling K950\"}]},{\"@type\":\"WebSite\",\"@id\":\"https:\/\/staging.srokafinal.lets-preprod.com\/es\/#website\",\"url\":\"https:\/\/staging.srokafinal.lets-preprod.com\/es\/\",\"name\":\"SROKA Company\",\"description\":\"SUP, Kite, Foil, Wing\",\"publisher\":{\"@id\":\"https:\/\/staging.srokafinal.lets-preprod.com\/es\/#organization\"},\"potentialAction\":[{\"@type\":\"SearchAction\",\"target\":{\"@type\":\"EntryPoint\",\"urlTemplate\":\"https:\/\/staging.srokafinal.lets-preprod.com\/es\/?s={search_term_string}\"},\"query-input\":{\"@type\":\"PropertyValueSpecification\",\"valueRequired\":true,\"valueName\":\"search_term_string\"}}],\"inLanguage\":\"es\"},{\"@type\":\"Organization\",\"@id\":\"https:\/\/staging.srokafinal.lets-preprod.com\/es\/#organization\",\"name\":\"SROKACOMPANY\",\"alternateName\":\"SROKA\",\"url\":\"https:\/\/staging.srokafinal.lets-preprod.com\/es\/\",\"logo\":{\"@type\":\"ImageObject\",\"inLanguage\":\"es\",\"@id\":\"https:\/\/staging.srokafinal.lets-preprod.com\/es\/#\/schema\/logo\/image\/\",\"url\":\"https:\/\/staging.srokafinal.lets-preprod.com\/wp-content\/uploads\/2021\/01\/logo-sroka-black-transpa.png\",\"contentUrl\":\"https:\/\/staging.srokafinal.lets-preprod.com\/wp-content\/uploads\/2021\/01\/logo-sroka-black-transpa.png\",\"width\":1201,\"height\":342,\"caption\":\"SROKACOMPANY\"},\"image\":{\"@id\":\"https:\/\/staging.srokafinal.lets-preprod.com\/es\/#\/schema\/logo\/image\/\"},\"sameAs\":[\"https:\/\/www.facebook.com\/srokawatersports\/\",\"https:\/\/www.instagram.com\/srokawatersports\/\",\"https:\/\/www.youtube.com\/channel\/UCVLHHeaPIm-J5bdEUgxqtZA\"]}]}<\/script>\n<!-- \/ Yoast SEO plugin. -->","yoast_head_json":{"title":"Aler\u00f3n delantero Kitefoiling K950 - SROKA Company","robots":{"index":"noindex","follow":"follow","max-snippet":"max-snippet:-1","max-image-preview":"max-image-preview:large","max-video-preview":"max-video-preview:-1"},"og_locale":"es_ES","og_type":"article","og_title":"Aler\u00f3n delantero Kitefoiling K950 - SROKA Company","og_description":"Pack Freeride Wave Kite Foil K950 und Stabilizer F\u00fcr die Markteinf\u00fchrung unseres neuenK950Frontfl\u00fcgels, der f\u00fcr das Kite Foiling bestimmt ist, bieten wir ein Paket mit dem Frontfl\u00fcgel und seinem Stabilisator an. Die K950 XXL hebt sehr fr\u00fch und sanft ab. In Verbindung mit dem Stabilisator hat er eine gro\u00dfe Stabilit\u00e4t. Dieses Paket bringt maximale Kontrolle [&hellip;]","og_url":"https:\/\/staging.srokafinal.lets-preprod.com\/es\/produit\/aleron-delantero-kitefoiling-k950\/","og_site_name":"SROKA Company","article_publisher":"https:\/\/www.facebook.com\/srokawatersports\/","article_modified_time":"2024-05-21T12:33:01+00:00","twitter_misc":{"Tiempo de lectura":"1 minuto"},"schema":{"@context":"https:\/\/schema.org","@graph":[{"@type":"WebPage","@id":"https:\/\/staging.srokafinal.lets-preprod.com\/es\/produit\/aleron-delantero-kitefoiling-k950\/","url":"https:\/\/staging.srokafinal.lets-preprod.com\/es\/produit\/aleron-delantero-kitefoiling-k950\/","name":"Aler\u00f3n delantero Kitefoiling K950 - SROKA Company","isPartOf":{"@id":"https:\/\/staging.srokafinal.lets-preprod.com\/es\/#website"},"datePublished":"2020-12-22T09:09:58+00:00","dateModified":"2024-05-21T12:33:01+00:00","breadcrumb":{"@id":"https:\/\/staging.srokafinal.lets-preprod.com\/es\/produit\/aleron-delantero-kitefoiling-k950\/#breadcrumb"},"inLanguage":"es","potentialAction":[{"@type":"ReadAction","target":["https:\/\/staging.srokafinal.lets-preprod.com\/es\/produit\/aleron-delantero-kitefoiling-k950\/"]}]},{"@type":"BreadcrumbList","@id":"https:\/\/staging.srokafinal.lets-preprod.com\/es\/produit\/aleron-delantero-kitefoiling-k950\/#breadcrumb","itemListElement":[{"@type":"ListItem","position":1,"name":"Accueil","item":"https:\/\/staging.srokafinal.lets-preprod.com\/es\/"},{"@type":"ListItem","position":2,"name":"Boutique","item":"https:\/\/staging.srokafinal.lets-preprod.com\/boutique\/"},{"@type":"ListItem","position":3,"name":"Aler\u00f3n delantero Kitefoiling K950"}]},{"@type":"WebSite","@id":"https:\/\/staging.srokafinal.lets-preprod.com\/es\/#website","url":"https:\/\/staging.srokafinal.lets-preprod.com\/es\/","name":"SROKA Company","description":"SUP, Kite, Foil, Wing","publisher":{"@id":"https:\/\/staging.srokafinal.lets-preprod.com\/es\/#organization"},"potentialAction":[{"@type":"SearchAction","target":{"@type":"EntryPoint","urlTemplate":"https:\/\/staging.srokafinal.lets-preprod.com\/es\/?s={search_term_string}"},"query-input":{"@type":"PropertyValueSpecification","valueRequired":true,"valueName":"search_term_string"}}],"inLanguage":"es"},{"@type":"Organization","@id":"https:\/\/staging.srokafinal.lets-preprod.com\/es\/#organization","name":"SROKACOMPANY","alternateName":"SROKA","url":"https:\/\/staging.srokafinal.lets-preprod.com\/es\/","logo":{"@type":"ImageObject","inLanguage":"es","@id":"https:\/\/staging.srokafinal.lets-preprod.com\/es\/#\/schema\/logo\/image\/","url":"https:\/\/staging.srokafinal.lets-preprod.com\/wp-content\/uploads\/2021\/01\/logo-sroka-black-transpa.png","contentUrl":"https:\/\/staging.srokafinal.lets-preprod.com\/wp-content\/uploads\/2021\/01\/logo-sroka-black-transpa.png","width":1201,"height":342,"caption":"SROKACOMPANY"},"image":{"@id":"https:\/\/staging.srokafinal.lets-preprod.com\/es\/#\/schema\/logo\/image\/"},"sameAs":["https:\/\/www.facebook.com\/srokawatersports\/","https:\/\/www.instagram.com\/srokawatersports\/","https:\/\/www.youtube.com\/channel\/UCVLHHeaPIm-J5bdEUgxqtZA"]}]}},"uagb_featured_image_src":{"full":false,"thumbnail":false,"medium":false,"medium_large":false,"large":false,"1536x1536":false,"2048x2048":false,"woocommerce_thumbnail":false,"woocommerce_single":false,"woocommerce_gallery_thumbnail":false},"uagb_author_info":{"display_name":"Tristan Dumard","author_link":"https:\/\/staging.srokafinal.lets-preprod.com\/es\/blog\/author\/"},"uagb_comment_info":0,"uagb_excerpt":"Pack Freeride Wave Kite Foil K950 und Stabilizer F\u00fcr die Markteinf\u00fchrung unseres neuenK950Frontfl\u00fcgels, der f\u00fcr das Kite Foiling bestimmt ist, bieten wir ein Paket mit dem Frontfl\u00fcgel und seinem Stabilisator an. Die K950 XXL hebt sehr fr\u00fch und sanft ab. In Verbindung mit dem Stabilisator hat er eine gro\u00dfe Stabilit\u00e4t. Dieses Paket bringt maximale Kontrolle&hellip;","_links":{"self":[{"href":"https:\/\/staging.srokafinal.lets-preprod.com\/es\/wp-json\/wp\/v2\/product\/109438","targetHints":{"allow":["GET"]}}],"collection":[{"href":"https:\/\/staging.srokafinal.lets-preprod.com\/es\/wp-json\/wp\/v2\/product"}],"about":[{"href":"https:\/\/staging.srokafinal.lets-preprod.com\/es\/wp-json\/wp\/v2\/types\/product"}],"wp:attachment":[{"href":"https:\/\/staging.srokafinal.lets-preprod.com\/es\/wp-json\/wp\/v2\/media?parent=109438"}],"wp:term":[{"taxonomy":"product_brand","embeddable":true,"href":"https:\/\/staging.srokafinal.lets-preprod.com\/es\/wp-json\/wp\/v2\/product_brand?post=109438"},{"taxonomy":"product_cat","embeddable":true,"href":"https:\/\/staging.srokafinal.lets-preprod.com\/es\/wp-json\/wp\/v2\/product_cat?post=109438"},{"taxonomy":"product_tag","embeddable":true,"href":"https:\/\/staging.srokafinal.lets-preprod.com\/es\/wp-json\/wp\/v2\/product_tag?post=109438"}],"curies":[{"name":"wp","href":"https:\/\/api.w.org\/{rel}","templated":true}]}}