


{"id":109504,"date":"2021-03-12T13:28:35","date_gmt":"2021-03-12T11:28:35","guid":{"rendered":"https:\/\/srokacompany.com\/produit\/aletas-delanteras-clasicas-s-foil\/"},"modified":"2024-05-21T12:33:19","modified_gmt":"2024-05-21T12:33:19","slug":"aletas-delanteras-clasicas-s-foil","status":"publish","type":"product","link":"https:\/\/staging.srokafinal.lets-preprod.com\/es\/produit\/aletas-delanteras-clasicas-s-foil\/","title":{"rendered":"Aletas delanteras cl\u00e1sicas S-Foil"},"content":{"rendered":"<hr>\n<h1>Aletas delanteras cl\u00e1sicas S-Foil<\/h1>\n<p style=\"text-align: justify;\">Nuestras aletas Classic completan la gama <a href=\"https:\/\/srokacompany.com\/produit\/aile-avant-s-foil-high-aspect\/\">High Aspect<\/a>. Tanto si buscas una introducci\u00f3n al <a href=\"https:\/\/srokacompany.com\/2023\/03\/wingfoil-comment-virer-de-bord-sroka-company\/\">Wing Foil<\/a> como si quieres superarte a ti mismo y subir de marcha en <a href=\"https:\/\/srokacompany.com\/produit\/surf-foil-46-fast-flyer\/\">el Surf Foil<\/a>, hay una aleta Sroka para ti. Para principiantes o practicantes que buscan elevaci\u00f3n y estabilidad, las aletas 1750 (XL) y 2000 (XXL) resultar\u00e1n perfectas. El 1500 (L) seducir\u00e1 por su versatilidad al abrir una variedad de pr\u00e1cticas, desde SUP Foil hasta <a href=\"https:\/\/srokacompany.com\/eshop\/wake-foil\/\">Wake Foil<\/a> y <a href=\"https:\/\/srokacompany.com\/2023\/03\/wingfoil-comment-virer-de-bord-sroka-company\/\">Wingfoil<\/a>.<\/p>\n<p style=\"text-align: justify;\">Todas nuestras aletas son productos escalables. Por ejemplo, si un principiante est\u00e1 satisfecho con la sustentaci\u00f3n y la estabilidad de la 1750, un ciclista experimentado que busca la m\u00e1xima sustentaci\u00f3n con vientos ligeros podr\u00e1 revelar todo su potencial. Nuestro objetivo es que cada elemento de su carcaj sea duradero, tanto en t\u00e9rminos de calidad como de rendimiento. Todos nuestros perfiles han sido cuidadosamente dise\u00f1ados, dise\u00f1ados y probados para hacerte sentir el m\u00e1ximo de las sensaciones de libertad que proporciona el foil.<\/p>\n<p style=\"text-align: justify;\"><strong>Tenga en cuenta que estos alerones delanteros no son compatibles con el modelo S-Foil 2020,<a href=\"https:\/\/srokacompany.com\/produit\/fuselage-adaptateur-s-foil-2020-et-ailes-avant-2021\/\"> excepto con el fuselaje adaptador del m\u00e1stil 2020\/aler\u00f3n delantero 2021. <\/a> <\/strong><\/p>\n<p style=\"text-align: justify;\"><a href=\"https:\/\/srokacompany.com\/caracteristiques-techniques-des-ailes-de-foil-sroka\/\">Sus caracter\u00edsticas detalladas est\u00e1n en este enlace<\/a>. Para elegir la cometa adecuada para ti, sigue leyendo.<\/p>\n","protected":false},"excerpt":{"rendered":"<p>Aletas delanteras cl\u00e1sicas S-Foil Nuestras aletas Classic completan la gama High Aspect. Tanto si buscas una introducci\u00f3n al Wing Foil como si quieres superarte a ti mismo y subir de marcha en el Surf Foil, hay una aleta Sroka para ti. Para principiantes o practicantes que buscan elevaci\u00f3n y estabilidad, las aletas 1750 (XL) y [&hellip;]<\/p>\n","protected":false},"featured_media":109520,"template":"","meta":{"_acf_changed":false,"_uag_custom_page_level_css":""},"product_brand":[],"product_cat":[2476,2483,2500],"product_tag":[],"class_list":{"0":"post-109504","1":"product","2":"type-product","3":"status-publish","4":"has-post-thumbnail","6":"product_cat-lamina-de-alas","7":"product_cat-foil","8":"product_cat-aceite-de-surf","9":"product_shipping_class-lamina-completa-o-piezas-de-repuesto-unidad-de-ala","11":"first","12":"instock","13":"taxable","14":"shipping-taxable","15":"purchasable","16":"product-type-variable","17":"has-default-attributes"},"acf":[],"yoast_head":"<!-- This site is optimized with the Yoast SEO plugin v25.1 - https:\/\/yoast.com\/wordpress\/plugins\/seo\/ -->\n<title>Aletas delanteras cl\u00e1sicas S-Foil - SROKA Company<\/title>\n<meta name=\"description\" content=\"Aletas delanteras para Foil Sroka Company. La gama Classic est\u00e1 orientada al freeride, el rendimiento y el carving con la mejor relaci\u00f3n calidad-precio.\" \/>\n<meta name=\"robots\" content=\"noindex, follow, max-snippet:-1, max-image-preview:large, max-video-preview:-1\" \/>\n<meta property=\"og:locale\" content=\"es_ES\" \/>\n<meta property=\"og:type\" content=\"article\" \/>\n<meta property=\"og:title\" content=\"Aletas delanteras cl\u00e1sicas S-Foil - SROKA Company\" \/>\n<meta property=\"og:description\" content=\"Aletas delanteras para Foil Sroka Company. La gama Classic est\u00e1 orientada al freeride, el rendimiento y el carving con la mejor relaci\u00f3n calidad-precio.\" \/>\n<meta property=\"og:url\" content=\"https:\/\/staging.srokafinal.lets-preprod.com\/es\/produit\/aletas-delanteras-clasicas-s-foil\/\" \/>\n<meta property=\"og:site_name\" content=\"SROKA Company\" \/>\n<meta property=\"article:publisher\" content=\"https:\/\/www.facebook.com\/srokawatersports\/\" \/>\n<meta property=\"article:modified_time\" content=\"2024-05-21T12:33:19+00:00\" \/>\n<meta property=\"og:image\" content=\"https:\/\/staging.srokafinal.lets-preprod.com\/wp-content\/uploads\/2023\/08\/Ailes-avant-classique.png\" \/>\n\t<meta property=\"og:image:width\" content=\"740\" \/>\n\t<meta property=\"og:image:height\" content=\"1080\" \/>\n\t<meta property=\"og:image:type\" content=\"image\/png\" \/>\n<meta name=\"twitter:label1\" content=\"Tiempo de lectura\" \/>\n\t<meta name=\"twitter:data1\" content=\"1 minuto\" \/>\n<script type=\"application\/ld+json\" class=\"yoast-schema-graph\">{\"@context\":\"https:\/\/schema.org\",\"@graph\":[{\"@type\":\"WebPage\",\"@id\":\"https:\/\/staging.srokafinal.lets-preprod.com\/es\/produit\/aletas-delanteras-clasicas-s-foil\/\",\"url\":\"https:\/\/staging.srokafinal.lets-preprod.com\/es\/produit\/aletas-delanteras-clasicas-s-foil\/\",\"name\":\"Aletas delanteras cl\u00e1sicas S-Foil - SROKA Company\",\"isPartOf\":{\"@id\":\"https:\/\/staging.srokafinal.lets-preprod.com\/es\/#website\"},\"primaryImageOfPage\":{\"@id\":\"https:\/\/staging.srokafinal.lets-preprod.com\/es\/produit\/aletas-delanteras-clasicas-s-foil\/#primaryimage\"},\"image\":{\"@id\":\"https:\/\/staging.srokafinal.lets-preprod.com\/es\/produit\/aletas-delanteras-clasicas-s-foil\/#primaryimage\"},\"thumbnailUrl\":\"https:\/\/staging.srokafinal.lets-preprod.com\/wp-content\/uploads\/2023\/08\/Ailes-avant-classique.png\",\"datePublished\":\"2021-03-12T11:28:35+00:00\",\"dateModified\":\"2024-05-21T12:33:19+00:00\",\"description\":\"Aletas delanteras para Foil Sroka Company. La gama Classic est\u00e1 orientada al freeride, el rendimiento y el carving con la mejor relaci\u00f3n calidad-precio.\",\"breadcrumb\":{\"@id\":\"https:\/\/staging.srokafinal.lets-preprod.com\/es\/produit\/aletas-delanteras-clasicas-s-foil\/#breadcrumb\"},\"inLanguage\":\"es\",\"potentialAction\":[{\"@type\":\"ReadAction\",\"target\":[\"https:\/\/staging.srokafinal.lets-preprod.com\/es\/produit\/aletas-delanteras-clasicas-s-foil\/\"]}]},{\"@type\":\"ImageObject\",\"inLanguage\":\"es\",\"@id\":\"https:\/\/staging.srokafinal.lets-preprod.com\/es\/produit\/aletas-delanteras-clasicas-s-foil\/#primaryimage\",\"url\":\"https:\/\/staging.srokafinal.lets-preprod.com\/wp-content\/uploads\/2023\/08\/Ailes-avant-classique.png\",\"contentUrl\":\"https:\/\/staging.srokafinal.lets-preprod.com\/wp-content\/uploads\/2023\/08\/Ailes-avant-classique.png\",\"width\":740,\"height\":1080},{\"@type\":\"BreadcrumbList\",\"@id\":\"https:\/\/staging.srokafinal.lets-preprod.com\/es\/produit\/aletas-delanteras-clasicas-s-foil\/#breadcrumb\",\"itemListElement\":[{\"@type\":\"ListItem\",\"position\":1,\"name\":\"Accueil\",\"item\":\"https:\/\/staging.srokafinal.lets-preprod.com\/es\/\"},{\"@type\":\"ListItem\",\"position\":2,\"name\":\"Boutique\",\"item\":\"https:\/\/staging.srokafinal.lets-preprod.com\/boutique\/\"},{\"@type\":\"ListItem\",\"position\":3,\"name\":\"Aletas delanteras cl\u00e1sicas S-Foil\"}]},{\"@type\":\"WebSite\",\"@id\":\"https:\/\/staging.srokafinal.lets-preprod.com\/es\/#website\",\"url\":\"https:\/\/staging.srokafinal.lets-preprod.com\/es\/\",\"name\":\"SROKA Company\",\"description\":\"SUP, Kite, Foil, Wing\",\"publisher\":{\"@id\":\"https:\/\/staging.srokafinal.lets-preprod.com\/es\/#organization\"},\"potentialAction\":[{\"@type\":\"SearchAction\",\"target\":{\"@type\":\"EntryPoint\",\"urlTemplate\":\"https:\/\/staging.srokafinal.lets-preprod.com\/es\/?s={search_term_string}\"},\"query-input\":{\"@type\":\"PropertyValueSpecification\",\"valueRequired\":true,\"valueName\":\"search_term_string\"}}],\"inLanguage\":\"es\"},{\"@type\":\"Organization\",\"@id\":\"https:\/\/staging.srokafinal.lets-preprod.com\/es\/#organization\",\"name\":\"SROKACOMPANY\",\"alternateName\":\"SROKA\",\"url\":\"https:\/\/staging.srokafinal.lets-preprod.com\/es\/\",\"logo\":{\"@type\":\"ImageObject\",\"inLanguage\":\"es\",\"@id\":\"https:\/\/staging.srokafinal.lets-preprod.com\/es\/#\/schema\/logo\/image\/\",\"url\":\"https:\/\/staging.srokafinal.lets-preprod.com\/wp-content\/uploads\/2021\/01\/logo-sroka-black-transpa.png\",\"contentUrl\":\"https:\/\/staging.srokafinal.lets-preprod.com\/wp-content\/uploads\/2021\/01\/logo-sroka-black-transpa.png\",\"width\":1201,\"height\":342,\"caption\":\"SROKACOMPANY\"},\"image\":{\"@id\":\"https:\/\/staging.srokafinal.lets-preprod.com\/es\/#\/schema\/logo\/image\/\"},\"sameAs\":[\"https:\/\/www.facebook.com\/srokawatersports\/\",\"https:\/\/www.instagram.com\/srokawatersports\/\",\"https:\/\/www.youtube.com\/channel\/UCVLHHeaPIm-J5bdEUgxqtZA\"]}]}<\/script>\n<!-- \/ Yoast SEO plugin. -->","yoast_head_json":{"title":"Aletas delanteras cl\u00e1sicas S-Foil - SROKA Company","description":"Aletas delanteras para Foil Sroka Company. La gama Classic est\u00e1 orientada al freeride, el rendimiento y el carving con la mejor relaci\u00f3n calidad-precio.","robots":{"index":"noindex","follow":"follow","max-snippet":"max-snippet:-1","max-image-preview":"max-image-preview:large","max-video-preview":"max-video-preview:-1"},"og_locale":"es_ES","og_type":"article","og_title":"Aletas delanteras cl\u00e1sicas S-Foil - SROKA Company","og_description":"Aletas delanteras para Foil Sroka Company. La gama Classic est\u00e1 orientada al freeride, el rendimiento y el carving con la mejor relaci\u00f3n calidad-precio.","og_url":"https:\/\/staging.srokafinal.lets-preprod.com\/es\/produit\/aletas-delanteras-clasicas-s-foil\/","og_site_name":"SROKA Company","article_publisher":"https:\/\/www.facebook.com\/srokawatersports\/","article_modified_time":"2024-05-21T12:33:19+00:00","og_image":[{"width":740,"height":1080,"url":"https:\/\/staging.srokafinal.lets-preprod.com\/wp-content\/uploads\/2023\/08\/Ailes-avant-classique.png","type":"image\/png"}],"twitter_misc":{"Tiempo de lectura":"1 minuto"},"schema":{"@context":"https:\/\/schema.org","@graph":[{"@type":"WebPage","@id":"https:\/\/staging.srokafinal.lets-preprod.com\/es\/produit\/aletas-delanteras-clasicas-s-foil\/","url":"https:\/\/staging.srokafinal.lets-preprod.com\/es\/produit\/aletas-delanteras-clasicas-s-foil\/","name":"Aletas delanteras cl\u00e1sicas S-Foil - SROKA Company","isPartOf":{"@id":"https:\/\/staging.srokafinal.lets-preprod.com\/es\/#website"},"primaryImageOfPage":{"@id":"https:\/\/staging.srokafinal.lets-preprod.com\/es\/produit\/aletas-delanteras-clasicas-s-foil\/#primaryimage"},"image":{"@id":"https:\/\/staging.srokafinal.lets-preprod.com\/es\/produit\/aletas-delanteras-clasicas-s-foil\/#primaryimage"},"thumbnailUrl":"https:\/\/staging.srokafinal.lets-preprod.com\/wp-content\/uploads\/2023\/08\/Ailes-avant-classique.png","datePublished":"2021-03-12T11:28:35+00:00","dateModified":"2024-05-21T12:33:19+00:00","description":"Aletas delanteras para Foil Sroka Company. La gama Classic est\u00e1 orientada al freeride, el rendimiento y el carving con la mejor relaci\u00f3n calidad-precio.","breadcrumb":{"@id":"https:\/\/staging.srokafinal.lets-preprod.com\/es\/produit\/aletas-delanteras-clasicas-s-foil\/#breadcrumb"},"inLanguage":"es","potentialAction":[{"@type":"ReadAction","target":["https:\/\/staging.srokafinal.lets-preprod.com\/es\/produit\/aletas-delanteras-clasicas-s-foil\/"]}]},{"@type":"ImageObject","inLanguage":"es","@id":"https:\/\/staging.srokafinal.lets-preprod.com\/es\/produit\/aletas-delanteras-clasicas-s-foil\/#primaryimage","url":"https:\/\/staging.srokafinal.lets-preprod.com\/wp-content\/uploads\/2023\/08\/Ailes-avant-classique.png","contentUrl":"https:\/\/staging.srokafinal.lets-preprod.com\/wp-content\/uploads\/2023\/08\/Ailes-avant-classique.png","width":740,"height":1080},{"@type":"BreadcrumbList","@id":"https:\/\/staging.srokafinal.lets-preprod.com\/es\/produit\/aletas-delanteras-clasicas-s-foil\/#breadcrumb","itemListElement":[{"@type":"ListItem","position":1,"name":"Accueil","item":"https:\/\/staging.srokafinal.lets-preprod.com\/es\/"},{"@type":"ListItem","position":2,"name":"Boutique","item":"https:\/\/staging.srokafinal.lets-preprod.com\/boutique\/"},{"@type":"ListItem","position":3,"name":"Aletas delanteras cl\u00e1sicas S-Foil"}]},{"@type":"WebSite","@id":"https:\/\/staging.srokafinal.lets-preprod.com\/es\/#website","url":"https:\/\/staging.srokafinal.lets-preprod.com\/es\/","name":"SROKA Company","description":"SUP, Kite, Foil, Wing","publisher":{"@id":"https:\/\/staging.srokafinal.lets-preprod.com\/es\/#organization"},"potentialAction":[{"@type":"SearchAction","target":{"@type":"EntryPoint","urlTemplate":"https:\/\/staging.srokafinal.lets-preprod.com\/es\/?s={search_term_string}"},"query-input":{"@type":"PropertyValueSpecification","valueRequired":true,"valueName":"search_term_string"}}],"inLanguage":"es"},{"@type":"Organization","@id":"https:\/\/staging.srokafinal.lets-preprod.com\/es\/#organization","name":"SROKACOMPANY","alternateName":"SROKA","url":"https:\/\/staging.srokafinal.lets-preprod.com\/es\/","logo":{"@type":"ImageObject","inLanguage":"es","@id":"https:\/\/staging.srokafinal.lets-preprod.com\/es\/#\/schema\/logo\/image\/","url":"https:\/\/staging.srokafinal.lets-preprod.com\/wp-content\/uploads\/2021\/01\/logo-sroka-black-transpa.png","contentUrl":"https:\/\/staging.srokafinal.lets-preprod.com\/wp-content\/uploads\/2021\/01\/logo-sroka-black-transpa.png","width":1201,"height":342,"caption":"SROKACOMPANY"},"image":{"@id":"https:\/\/staging.srokafinal.lets-preprod.com\/es\/#\/schema\/logo\/image\/"},"sameAs":["https:\/\/www.facebook.com\/srokawatersports\/","https:\/\/www.instagram.com\/srokawatersports\/","https:\/\/www.youtube.com\/channel\/UCVLHHeaPIm-J5bdEUgxqtZA"]}]}},"uagb_featured_image_src":{"full":["https:\/\/staging.srokafinal.lets-preprod.com\/wp-content\/uploads\/2023\/08\/Ailes-avant-classique.png",740,1080,false],"thumbnail":["https:\/\/staging.srokafinal.lets-preprod.com\/wp-content\/uploads\/2023\/08\/Ailes-avant-classique-150x150.png",150,150,true],"medium":["https:\/\/staging.srokafinal.lets-preprod.com\/wp-content\/uploads\/2023\/08\/Ailes-avant-classique-206x300.png",206,300,true],"medium_large":["https:\/\/staging.srokafinal.lets-preprod.com\/wp-content\/uploads\/2023\/08\/Ailes-avant-classique.png",740,1080,false],"large":["https:\/\/staging.srokafinal.lets-preprod.com\/wp-content\/uploads\/2023\/08\/Ailes-avant-classique-702x1024.png",702,1024,true],"1536x1536":["https:\/\/staging.srokafinal.lets-preprod.com\/wp-content\/uploads\/2023\/08\/Ailes-avant-classique.png",740,1080,false],"2048x2048":["https:\/\/staging.srokafinal.lets-preprod.com\/wp-content\/uploads\/2023\/08\/Ailes-avant-classique.png",740,1080,false],"woocommerce_thumbnail":["https:\/\/staging.srokafinal.lets-preprod.com\/wp-content\/uploads\/2023\/08\/Ailes-avant-classique-600x876.png",600,876,true],"woocommerce_single":["https:\/\/staging.srokafinal.lets-preprod.com\/wp-content\/uploads\/2023\/08\/Ailes-avant-classique-600x876.png",600,876,true],"woocommerce_gallery_thumbnail":["https:\/\/staging.srokafinal.lets-preprod.com\/wp-content\/uploads\/2023\/08\/Ailes-avant-classique-100x100.png",100,100,true]},"uagb_author_info":{"display_name":"Tristan Dumard","author_link":"https:\/\/staging.srokafinal.lets-preprod.com\/es\/blog\/author\/"},"uagb_comment_info":0,"uagb_excerpt":"Aletas delanteras cl\u00e1sicas S-Foil Nuestras aletas Classic completan la gama High Aspect. Tanto si buscas una introducci\u00f3n al Wing Foil como si quieres superarte a ti mismo y subir de marcha en el Surf Foil, hay una aleta Sroka para ti. Para principiantes o practicantes que buscan elevaci\u00f3n y estabilidad, las aletas 1750 (XL) y&hellip;","_links":{"self":[{"href":"https:\/\/staging.srokafinal.lets-preprod.com\/es\/wp-json\/wp\/v2\/product\/109504","targetHints":{"allow":["GET"]}}],"collection":[{"href":"https:\/\/staging.srokafinal.lets-preprod.com\/es\/wp-json\/wp\/v2\/product"}],"about":[{"href":"https:\/\/staging.srokafinal.lets-preprod.com\/es\/wp-json\/wp\/v2\/types\/product"}],"wp:featuredmedia":[{"embeddable":true,"href":"https:\/\/staging.srokafinal.lets-preprod.com\/es\/wp-json\/wp\/v2\/media\/109520"}],"wp:attachment":[{"href":"https:\/\/staging.srokafinal.lets-preprod.com\/es\/wp-json\/wp\/v2\/media?parent=109504"}],"wp:term":[{"taxonomy":"product_brand","embeddable":true,"href":"https:\/\/staging.srokafinal.lets-preprod.com\/es\/wp-json\/wp\/v2\/product_brand?post=109504"},{"taxonomy":"product_cat","embeddable":true,"href":"https:\/\/staging.srokafinal.lets-preprod.com\/es\/wp-json\/wp\/v2\/product_cat?post=109504"},{"taxonomy":"product_tag","embeddable":true,"href":"https:\/\/staging.srokafinal.lets-preprod.com\/es\/wp-json\/wp\/v2\/product_tag?post=109504"}],"curies":[{"name":"wp","href":"https:\/\/api.w.org\/{rel}","templated":true}]}}