


{"id":109561,"date":"2021-03-12T14:33:48","date_gmt":"2021-03-12T12:33:48","guid":{"rendered":"https:\/\/srokacompany.com\/produit\/fuselaje-s-foil\/"},"modified":"2024-05-21T12:33:22","modified_gmt":"2024-05-21T12:33:22","slug":"fuselaje-s-foil","status":"publish","type":"product","link":"https:\/\/staging.srokafinal.lets-preprod.com\/es\/produit\/fuselaje-s-foil\/","title":{"rendered":"Fuselaje S-Foil"},"content":{"rendered":"<hr>\n<h1>Fuselaje para S-Foil<\/h1>\n<p style=\"text-align: justify;\">El fuselaje para S-Foil 2021 y + ya est\u00e1 disponible en varias longitudes. El objetivo es permitirle tener una l\u00e1mina totalmente modular y escalable, capaz de adaptarse a sus necesidades. Por defecto, todos nuestros <a href=\"https:\/\/srokacompany.com\/produit\/s-foil-classique-sroka\/\">S-Foils<\/a> se venden en una configuraci\u00f3n est\u00e1ndar. Para aquellos que quieran m\u00e1s maniobrabilidad, el fuselaje corto y ultracorto te permitir\u00e1 hacer giros cerrados en las olas y maniobras radicales. Tambi\u00e9n son menos estables longitudinalmente y requieren una mayor frecuencia de bombeo. Por lo tanto, los fuselajes cortos est\u00e1n destinados a dos personas que tengan un nivel t\u00e9cnico intermedio o avanzado. Los fuselajes est\u00e1ndar, corto y ultracorto te permiten practicar todas las disciplinas<a href=\"https:\/\/srokacompany.com\/eshop\/planche-wing-foil\/\"> de foiling<\/a> excepto el Windfoil, que tiene su fuselaje dedicado de 93 cm (pr\u00f3ximamente en esta p\u00e1gina).<\/p>\n<p style=\"text-align: justify;\">Nuestros fuselajes han experimentado un aumento significativo en rigidez este a\u00f1o. Su conexi\u00f3n facilita el montaje y desmontaje <a href=\"https:\/\/srokacompany.com\/produit\/s-foil-classique-sroka\/\">de tu S-Foil<\/a>, adem\u00e1s de hacer que todas <a href=\"https:\/\/srokacompany.com\/eshop\/tous-nos-foils-high-aspect\/\">las aletas 2021+<\/a> sean compatibles e intercambiables en la misma l\u00e1mina. Su composici\u00f3n en aluminio T6061 T6, utilizado para la industria aeron\u00e1utica, le confiere rigidez y durabilidad.<\/p>\n","protected":false},"excerpt":{"rendered":"<p>Fuselaje para S-Foil El fuselaje para S-Foil 2021 y + ya est\u00e1 disponible en varias longitudes. El objetivo es permitirle tener una l\u00e1mina totalmente modular y escalable, capaz de adaptarse a sus necesidades. Por defecto, todos nuestros S-Foils se venden en una configuraci\u00f3n est\u00e1ndar. Para aquellos que quieran m\u00e1s maniobrabilidad, el fuselaje corto y ultracorto [&hellip;]<\/p>\n","protected":false},"featured_media":109568,"template":"","meta":{"_acf_changed":false,"_uag_custom_page_level_css":""},"product_brand":[],"product_cat":[2515,2476,2483,2472,2498,2500,2473],"product_tag":[],"class_list":{"0":"post-109561","1":"product","2":"type-product","3":"status-publish","4":"has-post-thumbnail","6":"product_cat-arranque-en-muelle-y-bombeo","7":"product_cat-lamina-de-alas","8":"product_cat-foil","9":"product_cat-accesorios-de-lamina","10":"product_cat-sup-foil-a-sotavento","11":"product_cat-aceite-de-surf","12":"product_cat-accesorios-surf-foil","13":"product_shipping_class-lamina-completa-o-piezas-de-repuesto-unidad-de-ala","15":"first","16":"instock","17":"taxable","18":"shipping-taxable","19":"purchasable","20":"product-type-variable","21":"has-default-attributes"},"acf":[],"yoast_head":"<!-- This site is optimized with the Yoast SEO plugin v25.1 - https:\/\/yoast.com\/wordpress\/plugins\/seo\/ -->\n<title>Fuselaje S-Foil - SROKA Company - Accesorios para S-Foil<\/title>\n<meta name=\"description\" content=\"Fuselaje de aluminio para el S-Foil 2021. Disponible en versiones Est\u00e1ndar, Corta, Ultracorta. Rendimiento al mejor precio.\" \/>\n<meta name=\"robots\" content=\"noindex, follow, max-snippet:-1, max-image-preview:large, max-video-preview:-1\" \/>\n<meta property=\"og:locale\" content=\"es_ES\" \/>\n<meta property=\"og:type\" content=\"article\" \/>\n<meta property=\"og:title\" content=\"Fuselaje S-Foil - SROKA Company - Accesorios para S-Foil\" \/>\n<meta property=\"og:description\" content=\"Fuselaje de aluminio para el S-Foil 2021. Disponible en versiones Est\u00e1ndar, Corta, Ultracorta. Rendimiento al mejor precio.\" \/>\n<meta property=\"og:url\" content=\"https:\/\/staging.srokafinal.lets-preprod.com\/es\/produit\/fuselaje-s-foil\/\" \/>\n<meta property=\"og:site_name\" content=\"SROKA Company\" \/>\n<meta property=\"article:publisher\" content=\"https:\/\/www.facebook.com\/srokawatersports\/\" \/>\n<meta property=\"article:modified_time\" content=\"2024-05-21T12:33:22+00:00\" \/>\n<meta property=\"og:image\" content=\"https:\/\/staging.srokafinal.lets-preprod.com\/wp-content\/uploads\/2021\/03\/Photo-produit-planche-et-packs-1.jpg\" \/>\n\t<meta property=\"og:image:width\" content=\"740\" \/>\n\t<meta property=\"og:image:height\" content=\"1080\" \/>\n\t<meta property=\"og:image:type\" content=\"image\/jpeg\" \/>\n<meta name=\"twitter:label1\" content=\"Tiempo de lectura\" \/>\n\t<meta name=\"twitter:data1\" content=\"1 minuto\" \/>\n<script type=\"application\/ld+json\" class=\"yoast-schema-graph\">{\"@context\":\"https:\/\/schema.org\",\"@graph\":[{\"@type\":\"WebPage\",\"@id\":\"https:\/\/staging.srokafinal.lets-preprod.com\/es\/produit\/fuselaje-s-foil\/\",\"url\":\"https:\/\/staging.srokafinal.lets-preprod.com\/es\/produit\/fuselaje-s-foil\/\",\"name\":\"Fuselaje S-Foil - SROKA Company - Accesorios para S-Foil\",\"isPartOf\":{\"@id\":\"https:\/\/staging.srokafinal.lets-preprod.com\/es\/#website\"},\"primaryImageOfPage\":{\"@id\":\"https:\/\/staging.srokafinal.lets-preprod.com\/es\/produit\/fuselaje-s-foil\/#primaryimage\"},\"image\":{\"@id\":\"https:\/\/staging.srokafinal.lets-preprod.com\/es\/produit\/fuselaje-s-foil\/#primaryimage\"},\"thumbnailUrl\":\"https:\/\/staging.srokafinal.lets-preprod.com\/wp-content\/uploads\/2021\/03\/Photo-produit-planche-et-packs-1.jpg\",\"datePublished\":\"2021-03-12T12:33:48+00:00\",\"dateModified\":\"2024-05-21T12:33:22+00:00\",\"description\":\"Fuselaje de aluminio para el S-Foil 2021. Disponible en versiones Est\u00e1ndar, Corta, Ultracorta. Rendimiento al mejor precio.\",\"breadcrumb\":{\"@id\":\"https:\/\/staging.srokafinal.lets-preprod.com\/es\/produit\/fuselaje-s-foil\/#breadcrumb\"},\"inLanguage\":\"es\",\"potentialAction\":[{\"@type\":\"ReadAction\",\"target\":[\"https:\/\/staging.srokafinal.lets-preprod.com\/es\/produit\/fuselaje-s-foil\/\"]}]},{\"@type\":\"ImageObject\",\"inLanguage\":\"es\",\"@id\":\"https:\/\/staging.srokafinal.lets-preprod.com\/es\/produit\/fuselaje-s-foil\/#primaryimage\",\"url\":\"https:\/\/staging.srokafinal.lets-preprod.com\/wp-content\/uploads\/2021\/03\/Photo-produit-planche-et-packs-1.jpg\",\"contentUrl\":\"https:\/\/staging.srokafinal.lets-preprod.com\/wp-content\/uploads\/2021\/03\/Photo-produit-planche-et-packs-1.jpg\",\"width\":740,\"height\":1080},{\"@type\":\"BreadcrumbList\",\"@id\":\"https:\/\/staging.srokafinal.lets-preprod.com\/es\/produit\/fuselaje-s-foil\/#breadcrumb\",\"itemListElement\":[{\"@type\":\"ListItem\",\"position\":1,\"name\":\"Accueil\",\"item\":\"https:\/\/staging.srokafinal.lets-preprod.com\/es\/\"},{\"@type\":\"ListItem\",\"position\":2,\"name\":\"Boutique\",\"item\":\"https:\/\/staging.srokafinal.lets-preprod.com\/boutique\/\"},{\"@type\":\"ListItem\",\"position\":3,\"name\":\"Fuselaje S-Foil\"}]},{\"@type\":\"WebSite\",\"@id\":\"https:\/\/staging.srokafinal.lets-preprod.com\/es\/#website\",\"url\":\"https:\/\/staging.srokafinal.lets-preprod.com\/es\/\",\"name\":\"SROKA Company\",\"description\":\"SUP, Kite, Foil, Wing\",\"publisher\":{\"@id\":\"https:\/\/staging.srokafinal.lets-preprod.com\/es\/#organization\"},\"potentialAction\":[{\"@type\":\"SearchAction\",\"target\":{\"@type\":\"EntryPoint\",\"urlTemplate\":\"https:\/\/staging.srokafinal.lets-preprod.com\/es\/?s={search_term_string}\"},\"query-input\":{\"@type\":\"PropertyValueSpecification\",\"valueRequired\":true,\"valueName\":\"search_term_string\"}}],\"inLanguage\":\"es\"},{\"@type\":\"Organization\",\"@id\":\"https:\/\/staging.srokafinal.lets-preprod.com\/es\/#organization\",\"name\":\"SROKACOMPANY\",\"alternateName\":\"SROKA\",\"url\":\"https:\/\/staging.srokafinal.lets-preprod.com\/es\/\",\"logo\":{\"@type\":\"ImageObject\",\"inLanguage\":\"es\",\"@id\":\"https:\/\/staging.srokafinal.lets-preprod.com\/es\/#\/schema\/logo\/image\/\",\"url\":\"https:\/\/staging.srokafinal.lets-preprod.com\/wp-content\/uploads\/2021\/01\/logo-sroka-black-transpa.png\",\"contentUrl\":\"https:\/\/staging.srokafinal.lets-preprod.com\/wp-content\/uploads\/2021\/01\/logo-sroka-black-transpa.png\",\"width\":1201,\"height\":342,\"caption\":\"SROKACOMPANY\"},\"image\":{\"@id\":\"https:\/\/staging.srokafinal.lets-preprod.com\/es\/#\/schema\/logo\/image\/\"},\"sameAs\":[\"https:\/\/www.facebook.com\/srokawatersports\/\",\"https:\/\/www.instagram.com\/srokawatersports\/\",\"https:\/\/www.youtube.com\/channel\/UCVLHHeaPIm-J5bdEUgxqtZA\"]}]}<\/script>\n<!-- \/ Yoast SEO plugin. -->","yoast_head_json":{"title":"Fuselaje S-Foil - SROKA Company - Accesorios para S-Foil","description":"Fuselaje de aluminio para el S-Foil 2021. Disponible en versiones Est\u00e1ndar, Corta, Ultracorta. Rendimiento al mejor precio.","robots":{"index":"noindex","follow":"follow","max-snippet":"max-snippet:-1","max-image-preview":"max-image-preview:large","max-video-preview":"max-video-preview:-1"},"og_locale":"es_ES","og_type":"article","og_title":"Fuselaje S-Foil - SROKA Company - Accesorios para S-Foil","og_description":"Fuselaje de aluminio para el S-Foil 2021. Disponible en versiones Est\u00e1ndar, Corta, Ultracorta. Rendimiento al mejor precio.","og_url":"https:\/\/staging.srokafinal.lets-preprod.com\/es\/produit\/fuselaje-s-foil\/","og_site_name":"SROKA Company","article_publisher":"https:\/\/www.facebook.com\/srokawatersports\/","article_modified_time":"2024-05-21T12:33:22+00:00","og_image":[{"width":740,"height":1080,"url":"https:\/\/staging.srokafinal.lets-preprod.com\/wp-content\/uploads\/2021\/03\/Photo-produit-planche-et-packs-1.jpg","type":"image\/jpeg"}],"twitter_misc":{"Tiempo de lectura":"1 minuto"},"schema":{"@context":"https:\/\/schema.org","@graph":[{"@type":"WebPage","@id":"https:\/\/staging.srokafinal.lets-preprod.com\/es\/produit\/fuselaje-s-foil\/","url":"https:\/\/staging.srokafinal.lets-preprod.com\/es\/produit\/fuselaje-s-foil\/","name":"Fuselaje S-Foil - SROKA Company - Accesorios para S-Foil","isPartOf":{"@id":"https:\/\/staging.srokafinal.lets-preprod.com\/es\/#website"},"primaryImageOfPage":{"@id":"https:\/\/staging.srokafinal.lets-preprod.com\/es\/produit\/fuselaje-s-foil\/#primaryimage"},"image":{"@id":"https:\/\/staging.srokafinal.lets-preprod.com\/es\/produit\/fuselaje-s-foil\/#primaryimage"},"thumbnailUrl":"https:\/\/staging.srokafinal.lets-preprod.com\/wp-content\/uploads\/2021\/03\/Photo-produit-planche-et-packs-1.jpg","datePublished":"2021-03-12T12:33:48+00:00","dateModified":"2024-05-21T12:33:22+00:00","description":"Fuselaje de aluminio para el S-Foil 2021. Disponible en versiones Est\u00e1ndar, Corta, Ultracorta. Rendimiento al mejor precio.","breadcrumb":{"@id":"https:\/\/staging.srokafinal.lets-preprod.com\/es\/produit\/fuselaje-s-foil\/#breadcrumb"},"inLanguage":"es","potentialAction":[{"@type":"ReadAction","target":["https:\/\/staging.srokafinal.lets-preprod.com\/es\/produit\/fuselaje-s-foil\/"]}]},{"@type":"ImageObject","inLanguage":"es","@id":"https:\/\/staging.srokafinal.lets-preprod.com\/es\/produit\/fuselaje-s-foil\/#primaryimage","url":"https:\/\/staging.srokafinal.lets-preprod.com\/wp-content\/uploads\/2021\/03\/Photo-produit-planche-et-packs-1.jpg","contentUrl":"https:\/\/staging.srokafinal.lets-preprod.com\/wp-content\/uploads\/2021\/03\/Photo-produit-planche-et-packs-1.jpg","width":740,"height":1080},{"@type":"BreadcrumbList","@id":"https:\/\/staging.srokafinal.lets-preprod.com\/es\/produit\/fuselaje-s-foil\/#breadcrumb","itemListElement":[{"@type":"ListItem","position":1,"name":"Accueil","item":"https:\/\/staging.srokafinal.lets-preprod.com\/es\/"},{"@type":"ListItem","position":2,"name":"Boutique","item":"https:\/\/staging.srokafinal.lets-preprod.com\/boutique\/"},{"@type":"ListItem","position":3,"name":"Fuselaje S-Foil"}]},{"@type":"WebSite","@id":"https:\/\/staging.srokafinal.lets-preprod.com\/es\/#website","url":"https:\/\/staging.srokafinal.lets-preprod.com\/es\/","name":"SROKA Company","description":"SUP, Kite, Foil, Wing","publisher":{"@id":"https:\/\/staging.srokafinal.lets-preprod.com\/es\/#organization"},"potentialAction":[{"@type":"SearchAction","target":{"@type":"EntryPoint","urlTemplate":"https:\/\/staging.srokafinal.lets-preprod.com\/es\/?s={search_term_string}"},"query-input":{"@type":"PropertyValueSpecification","valueRequired":true,"valueName":"search_term_string"}}],"inLanguage":"es"},{"@type":"Organization","@id":"https:\/\/staging.srokafinal.lets-preprod.com\/es\/#organization","name":"SROKACOMPANY","alternateName":"SROKA","url":"https:\/\/staging.srokafinal.lets-preprod.com\/es\/","logo":{"@type":"ImageObject","inLanguage":"es","@id":"https:\/\/staging.srokafinal.lets-preprod.com\/es\/#\/schema\/logo\/image\/","url":"https:\/\/staging.srokafinal.lets-preprod.com\/wp-content\/uploads\/2021\/01\/logo-sroka-black-transpa.png","contentUrl":"https:\/\/staging.srokafinal.lets-preprod.com\/wp-content\/uploads\/2021\/01\/logo-sroka-black-transpa.png","width":1201,"height":342,"caption":"SROKACOMPANY"},"image":{"@id":"https:\/\/staging.srokafinal.lets-preprod.com\/es\/#\/schema\/logo\/image\/"},"sameAs":["https:\/\/www.facebook.com\/srokawatersports\/","https:\/\/www.instagram.com\/srokawatersports\/","https:\/\/www.youtube.com\/channel\/UCVLHHeaPIm-J5bdEUgxqtZA"]}]}},"uagb_featured_image_src":{"full":["https:\/\/staging.srokafinal.lets-preprod.com\/wp-content\/uploads\/2021\/03\/Photo-produit-planche-et-packs-1.jpg",740,1080,false],"thumbnail":["https:\/\/staging.srokafinal.lets-preprod.com\/wp-content\/uploads\/2021\/03\/Photo-produit-planche-et-packs-1-150x150.jpg",150,150,true],"medium":["https:\/\/staging.srokafinal.lets-preprod.com\/wp-content\/uploads\/2021\/03\/Photo-produit-planche-et-packs-1-206x300.jpg",206,300,true],"medium_large":["https:\/\/staging.srokafinal.lets-preprod.com\/wp-content\/uploads\/2021\/03\/Photo-produit-planche-et-packs-1.jpg",740,1080,false],"large":["https:\/\/staging.srokafinal.lets-preprod.com\/wp-content\/uploads\/2021\/03\/Photo-produit-planche-et-packs-1-702x1024.jpg",702,1024,true],"1536x1536":["https:\/\/staging.srokafinal.lets-preprod.com\/wp-content\/uploads\/2021\/03\/Photo-produit-planche-et-packs-1.jpg",740,1080,false],"2048x2048":["https:\/\/staging.srokafinal.lets-preprod.com\/wp-content\/uploads\/2021\/03\/Photo-produit-planche-et-packs-1.jpg",740,1080,false],"woocommerce_thumbnail":["https:\/\/staging.srokafinal.lets-preprod.com\/wp-content\/uploads\/2021\/03\/Photo-produit-planche-et-packs-1-600x876.jpg",600,876,true],"woocommerce_single":["https:\/\/staging.srokafinal.lets-preprod.com\/wp-content\/uploads\/2021\/03\/Photo-produit-planche-et-packs-1-600x876.jpg",600,876,true],"woocommerce_gallery_thumbnail":["https:\/\/staging.srokafinal.lets-preprod.com\/wp-content\/uploads\/2021\/03\/Photo-produit-planche-et-packs-1-100x100.jpg",100,100,true]},"uagb_author_info":{"display_name":"Tristan Dumard","author_link":"https:\/\/staging.srokafinal.lets-preprod.com\/es\/blog\/author\/"},"uagb_comment_info":0,"uagb_excerpt":"Fuselaje para S-Foil El fuselaje para S-Foil 2021 y + ya est\u00e1 disponible en varias longitudes. El objetivo es permitirle tener una l\u00e1mina totalmente modular y escalable, capaz de adaptarse a sus necesidades. Por defecto, todos nuestros S-Foils se venden en una configuraci\u00f3n est\u00e1ndar. Para aquellos que quieran m\u00e1s maniobrabilidad, el fuselaje corto y ultracorto&hellip;","_links":{"self":[{"href":"https:\/\/staging.srokafinal.lets-preprod.com\/es\/wp-json\/wp\/v2\/product\/109561","targetHints":{"allow":["GET"]}}],"collection":[{"href":"https:\/\/staging.srokafinal.lets-preprod.com\/es\/wp-json\/wp\/v2\/product"}],"about":[{"href":"https:\/\/staging.srokafinal.lets-preprod.com\/es\/wp-json\/wp\/v2\/types\/product"}],"wp:featuredmedia":[{"embeddable":true,"href":"https:\/\/staging.srokafinal.lets-preprod.com\/es\/wp-json\/wp\/v2\/media\/109568"}],"wp:attachment":[{"href":"https:\/\/staging.srokafinal.lets-preprod.com\/es\/wp-json\/wp\/v2\/media?parent=109561"}],"wp:term":[{"taxonomy":"product_brand","embeddable":true,"href":"https:\/\/staging.srokafinal.lets-preprod.com\/es\/wp-json\/wp\/v2\/product_brand?post=109561"},{"taxonomy":"product_cat","embeddable":true,"href":"https:\/\/staging.srokafinal.lets-preprod.com\/es\/wp-json\/wp\/v2\/product_cat?post=109561"},{"taxonomy":"product_tag","embeddable":true,"href":"https:\/\/staging.srokafinal.lets-preprod.com\/es\/wp-json\/wp\/v2\/product_tag?post=109561"}],"curies":[{"name":"wp","href":"https:\/\/api.w.org\/{rel}","templated":true}]}}