


{"id":109815,"date":"2021-03-24T17:38:08","date_gmt":"2021-03-24T15:38:08","guid":{"rendered":"https:\/\/srokacompany.com\/produit\/bomba-electrica-para-stand-up-paddle-hinchable\/"},"modified":"2024-05-21T12:33:06","modified_gmt":"2024-05-21T12:33:06","slug":"bomba-electrica-para-stand-up-paddle-hinchable","status":"publish","type":"product","link":"https:\/\/staging.srokafinal.lets-preprod.com\/es\/produit\/bomba-electrica-para-stand-up-paddle-hinchable\/","title":{"rendered":"Bomba el\u00e9ctrica para Stand up Paddle hinchable"},"content":{"rendered":"<hr>\n<h1>BOMBA EL\u00c9CTRICA DE LA EMPRESA SROKA<\/h1>\n<p>Esta temporada, nuestras <a href=\"https:\/\/srokacompany.com\/produit\/stand-up-paddle-tandem-duo-windsup\/\">tablas de stand up paddle<\/a> nunca han sido tan agradables de instalar. Nuestra bomba el\u00e9ctrica te permite inflar tu SUP en <strong>10Mn, <\/strong>y sin ning\u00fan esfuerzo. Compacto y ligero, se olvidar\u00e1 de su bolsa de transporte. Te acompa\u00f1ar\u00e1 en todas tus escapadas. Puede inflarse hasta 16 PSI y tiene un dispositivo de autoenganche. Una vez que se alcanza la presi\u00f3n seleccionada en la pantalla LCD, la bomba se detendr\u00e1. No hay riesgo de inflado excesivo, \u00a1todo lo que tienes que hacer es disfrutar de tu <a href=\"https:\/\/srokacompany.com\/produit\/stand-up-paddle-tandem-duo-windsup\/\">SUP inflable<\/a> !<\/p>\n<p>Est\u00e1 equipado con un man\u00f3metro y una boquilla adecuada para los remos de pie Sroka. No necesita pilas ni pilas, simplemente se conecta a una toma de encendedor de cigarrillos. Disponible en naranja (color \u00fanico), combinar\u00e1 perfectamente con tus paletas <a href=\"https:\/\/srokacompany.com\/eshop\/stand-up-paddle-gonflable\/\">Alpha<\/a>, <a href=\"https:\/\/srokacompany.com\/eshop\/stand-up-paddle-gonflable\/\">Easy<\/a> o Malibu.<\/p>\n","protected":false},"excerpt":{"rendered":"<p>BOMBA EL\u00c9CTRICA DE LA EMPRESA SROKA Esta temporada, nuestras tablas de stand up paddle nunca han sido tan agradables de instalar. Nuestra bomba el\u00e9ctrica te permite inflar tu SUP en 10Mn, y sin ning\u00fan esfuerzo. Compacto y ligero, se olvidar\u00e1 de su bolsa de transporte. Te acompa\u00f1ar\u00e1 en todas tus escapadas. Puede inflarse hasta 16 [&hellip;]<\/p>\n","protected":false},"featured_media":109819,"template":"","meta":{"_acf_changed":false,"_uag_custom_page_level_css":""},"product_brand":[],"product_cat":[2471,2474],"product_tag":[],"class_list":{"0":"post-109815","1":"product","2":"type-product","3":"status-publish","4":"has-post-thumbnail","6":"product_cat-palas-hinchables","7":"product_cat-accesorios-de-padel","8":"product_shipping_class-bombas-equipaje","10":"first","11":"instock","12":"taxable","13":"shipping-taxable","14":"purchasable","15":"product-type-simple"},"acf":[],"yoast_head":"<!-- This site is optimized with the Yoast SEO plugin v25.1 - https:\/\/yoast.com\/wordpress\/plugins\/seo\/ -->\n<title>Bomba el\u00e9ctrica para SUP - SROKA Company<\/title>\n<meta name=\"description\" content=\"La bomba el\u00e9ctrica hinchable de SUP Sroka te permite inflar tu stand up paddle sin ning\u00fan esfuerzo y con facilidad.\" \/>\n<meta name=\"robots\" content=\"noindex, follow, max-snippet:-1, max-image-preview:large, max-video-preview:-1\" \/>\n<meta property=\"og:locale\" content=\"es_ES\" \/>\n<meta property=\"og:type\" content=\"article\" \/>\n<meta property=\"og:title\" content=\"Bomba el\u00e9ctrica para SUP - SROKA Company\" \/>\n<meta property=\"og:description\" content=\"La bomba el\u00e9ctrica hinchable de SUP Sroka te permite inflar tu stand up paddle sin ning\u00fan esfuerzo y con facilidad.\" \/>\n<meta property=\"og:url\" content=\"https:\/\/staging.srokafinal.lets-preprod.com\/es\/produit\/bomba-electrica-para-stand-up-paddle-hinchable\/\" \/>\n<meta property=\"og:site_name\" content=\"SROKA Company\" \/>\n<meta property=\"article:publisher\" content=\"https:\/\/www.facebook.com\/srokawatersports\/\" \/>\n<meta property=\"article:modified_time\" content=\"2024-05-21T12:33:06+00:00\" \/>\n<meta property=\"og:image\" content=\"https:\/\/staging.srokafinal.lets-preprod.com\/wp-content\/uploads\/2020\/11\/Pompe-e\u0301lectrique-SUP-gonflable.jpg\" \/>\n\t<meta property=\"og:image:width\" content=\"780\" \/>\n\t<meta property=\"og:image:height\" content=\"1040\" \/>\n\t<meta property=\"og:image:type\" content=\"image\/jpeg\" \/>\n<meta name=\"twitter:label1\" content=\"Tiempo de lectura\" \/>\n\t<meta name=\"twitter:data1\" content=\"1 minuto\" \/>\n<script type=\"application\/ld+json\" class=\"yoast-schema-graph\">{\"@context\":\"https:\/\/schema.org\",\"@graph\":[{\"@type\":\"WebPage\",\"@id\":\"https:\/\/staging.srokafinal.lets-preprod.com\/es\/produit\/bomba-electrica-para-stand-up-paddle-hinchable\/\",\"url\":\"https:\/\/staging.srokafinal.lets-preprod.com\/es\/produit\/bomba-electrica-para-stand-up-paddle-hinchable\/\",\"name\":\"Bomba el\u00e9ctrica para SUP - SROKA Company\",\"isPartOf\":{\"@id\":\"https:\/\/staging.srokafinal.lets-preprod.com\/es\/#website\"},\"primaryImageOfPage\":{\"@id\":\"https:\/\/staging.srokafinal.lets-preprod.com\/es\/produit\/bomba-electrica-para-stand-up-paddle-hinchable\/#primaryimage\"},\"image\":{\"@id\":\"https:\/\/staging.srokafinal.lets-preprod.com\/es\/produit\/bomba-electrica-para-stand-up-paddle-hinchable\/#primaryimage\"},\"thumbnailUrl\":\"https:\/\/staging.srokafinal.lets-preprod.com\/wp-content\/uploads\/2020\/11\/Pompe-e\u0301lectrique-SUP-gonflable.jpg\",\"datePublished\":\"2021-03-24T15:38:08+00:00\",\"dateModified\":\"2024-05-21T12:33:06+00:00\",\"description\":\"La bomba el\u00e9ctrica hinchable de SUP Sroka te permite inflar tu stand up paddle sin ning\u00fan esfuerzo y con facilidad.\",\"breadcrumb\":{\"@id\":\"https:\/\/staging.srokafinal.lets-preprod.com\/es\/produit\/bomba-electrica-para-stand-up-paddle-hinchable\/#breadcrumb\"},\"inLanguage\":\"es\",\"potentialAction\":[{\"@type\":\"ReadAction\",\"target\":[\"https:\/\/staging.srokafinal.lets-preprod.com\/es\/produit\/bomba-electrica-para-stand-up-paddle-hinchable\/\"]}]},{\"@type\":\"ImageObject\",\"inLanguage\":\"es\",\"@id\":\"https:\/\/staging.srokafinal.lets-preprod.com\/es\/produit\/bomba-electrica-para-stand-up-paddle-hinchable\/#primaryimage\",\"url\":\"https:\/\/staging.srokafinal.lets-preprod.com\/wp-content\/uploads\/2020\/11\/Pompe-e\u0301lectrique-SUP-gonflable.jpg\",\"contentUrl\":\"https:\/\/staging.srokafinal.lets-preprod.com\/wp-content\/uploads\/2020\/11\/Pompe-e\u0301lectrique-SUP-gonflable.jpg\",\"width\":780,\"height\":1040,\"caption\":\"Bomba el\u00e9ctrica para stand up paddle surf\"},{\"@type\":\"BreadcrumbList\",\"@id\":\"https:\/\/staging.srokafinal.lets-preprod.com\/es\/produit\/bomba-electrica-para-stand-up-paddle-hinchable\/#breadcrumb\",\"itemListElement\":[{\"@type\":\"ListItem\",\"position\":1,\"name\":\"Accueil\",\"item\":\"https:\/\/staging.srokafinal.lets-preprod.com\/es\/\"},{\"@type\":\"ListItem\",\"position\":2,\"name\":\"Boutique\",\"item\":\"https:\/\/staging.srokafinal.lets-preprod.com\/boutique\/\"},{\"@type\":\"ListItem\",\"position\":3,\"name\":\"Bomba el\u00e9ctrica para Stand up Paddle hinchable\"}]},{\"@type\":\"WebSite\",\"@id\":\"https:\/\/staging.srokafinal.lets-preprod.com\/es\/#website\",\"url\":\"https:\/\/staging.srokafinal.lets-preprod.com\/es\/\",\"name\":\"SROKA Company\",\"description\":\"SUP, Kite, Foil, Wing\",\"publisher\":{\"@id\":\"https:\/\/staging.srokafinal.lets-preprod.com\/es\/#organization\"},\"potentialAction\":[{\"@type\":\"SearchAction\",\"target\":{\"@type\":\"EntryPoint\",\"urlTemplate\":\"https:\/\/staging.srokafinal.lets-preprod.com\/es\/?s={search_term_string}\"},\"query-input\":{\"@type\":\"PropertyValueSpecification\",\"valueRequired\":true,\"valueName\":\"search_term_string\"}}],\"inLanguage\":\"es\"},{\"@type\":\"Organization\",\"@id\":\"https:\/\/staging.srokafinal.lets-preprod.com\/es\/#organization\",\"name\":\"SROKACOMPANY\",\"alternateName\":\"SROKA\",\"url\":\"https:\/\/staging.srokafinal.lets-preprod.com\/es\/\",\"logo\":{\"@type\":\"ImageObject\",\"inLanguage\":\"es\",\"@id\":\"https:\/\/staging.srokafinal.lets-preprod.com\/es\/#\/schema\/logo\/image\/\",\"url\":\"https:\/\/staging.srokafinal.lets-preprod.com\/wp-content\/uploads\/2021\/01\/logo-sroka-black-transpa.png\",\"contentUrl\":\"https:\/\/staging.srokafinal.lets-preprod.com\/wp-content\/uploads\/2021\/01\/logo-sroka-black-transpa.png\",\"width\":1201,\"height\":342,\"caption\":\"SROKACOMPANY\"},\"image\":{\"@id\":\"https:\/\/staging.srokafinal.lets-preprod.com\/es\/#\/schema\/logo\/image\/\"},\"sameAs\":[\"https:\/\/www.facebook.com\/srokawatersports\/\",\"https:\/\/www.instagram.com\/srokawatersports\/\",\"https:\/\/www.youtube.com\/channel\/UCVLHHeaPIm-J5bdEUgxqtZA\"]}]}<\/script>\n<!-- \/ Yoast SEO plugin. -->","yoast_head_json":{"title":"Bomba el\u00e9ctrica para SUP - SROKA Company","description":"La bomba el\u00e9ctrica hinchable de SUP Sroka te permite inflar tu stand up paddle sin ning\u00fan esfuerzo y con facilidad.","robots":{"index":"noindex","follow":"follow","max-snippet":"max-snippet:-1","max-image-preview":"max-image-preview:large","max-video-preview":"max-video-preview:-1"},"og_locale":"es_ES","og_type":"article","og_title":"Bomba el\u00e9ctrica para SUP - SROKA Company","og_description":"La bomba el\u00e9ctrica hinchable de SUP Sroka te permite inflar tu stand up paddle sin ning\u00fan esfuerzo y con facilidad.","og_url":"https:\/\/staging.srokafinal.lets-preprod.com\/es\/produit\/bomba-electrica-para-stand-up-paddle-hinchable\/","og_site_name":"SROKA Company","article_publisher":"https:\/\/www.facebook.com\/srokawatersports\/","article_modified_time":"2024-05-21T12:33:06+00:00","og_image":[{"width":780,"height":1040,"url":"https:\/\/staging.srokafinal.lets-preprod.com\/wp-content\/uploads\/2020\/11\/Pompe-e\u0301lectrique-SUP-gonflable.jpg","type":"image\/jpeg"}],"twitter_misc":{"Tiempo de lectura":"1 minuto"},"schema":{"@context":"https:\/\/schema.org","@graph":[{"@type":"WebPage","@id":"https:\/\/staging.srokafinal.lets-preprod.com\/es\/produit\/bomba-electrica-para-stand-up-paddle-hinchable\/","url":"https:\/\/staging.srokafinal.lets-preprod.com\/es\/produit\/bomba-electrica-para-stand-up-paddle-hinchable\/","name":"Bomba el\u00e9ctrica para SUP - SROKA Company","isPartOf":{"@id":"https:\/\/staging.srokafinal.lets-preprod.com\/es\/#website"},"primaryImageOfPage":{"@id":"https:\/\/staging.srokafinal.lets-preprod.com\/es\/produit\/bomba-electrica-para-stand-up-paddle-hinchable\/#primaryimage"},"image":{"@id":"https:\/\/staging.srokafinal.lets-preprod.com\/es\/produit\/bomba-electrica-para-stand-up-paddle-hinchable\/#primaryimage"},"thumbnailUrl":"https:\/\/staging.srokafinal.lets-preprod.com\/wp-content\/uploads\/2020\/11\/Pompe-e\u0301lectrique-SUP-gonflable.jpg","datePublished":"2021-03-24T15:38:08+00:00","dateModified":"2024-05-21T12:33:06+00:00","description":"La bomba el\u00e9ctrica hinchable de SUP Sroka te permite inflar tu stand up paddle sin ning\u00fan esfuerzo y con facilidad.","breadcrumb":{"@id":"https:\/\/staging.srokafinal.lets-preprod.com\/es\/produit\/bomba-electrica-para-stand-up-paddle-hinchable\/#breadcrumb"},"inLanguage":"es","potentialAction":[{"@type":"ReadAction","target":["https:\/\/staging.srokafinal.lets-preprod.com\/es\/produit\/bomba-electrica-para-stand-up-paddle-hinchable\/"]}]},{"@type":"ImageObject","inLanguage":"es","@id":"https:\/\/staging.srokafinal.lets-preprod.com\/es\/produit\/bomba-electrica-para-stand-up-paddle-hinchable\/#primaryimage","url":"https:\/\/staging.srokafinal.lets-preprod.com\/wp-content\/uploads\/2020\/11\/Pompe-e\u0301lectrique-SUP-gonflable.jpg","contentUrl":"https:\/\/staging.srokafinal.lets-preprod.com\/wp-content\/uploads\/2020\/11\/Pompe-e\u0301lectrique-SUP-gonflable.jpg","width":780,"height":1040,"caption":"Bomba el\u00e9ctrica para stand up paddle surf"},{"@type":"BreadcrumbList","@id":"https:\/\/staging.srokafinal.lets-preprod.com\/es\/produit\/bomba-electrica-para-stand-up-paddle-hinchable\/#breadcrumb","itemListElement":[{"@type":"ListItem","position":1,"name":"Accueil","item":"https:\/\/staging.srokafinal.lets-preprod.com\/es\/"},{"@type":"ListItem","position":2,"name":"Boutique","item":"https:\/\/staging.srokafinal.lets-preprod.com\/boutique\/"},{"@type":"ListItem","position":3,"name":"Bomba el\u00e9ctrica para Stand up Paddle hinchable"}]},{"@type":"WebSite","@id":"https:\/\/staging.srokafinal.lets-preprod.com\/es\/#website","url":"https:\/\/staging.srokafinal.lets-preprod.com\/es\/","name":"SROKA Company","description":"SUP, Kite, Foil, Wing","publisher":{"@id":"https:\/\/staging.srokafinal.lets-preprod.com\/es\/#organization"},"potentialAction":[{"@type":"SearchAction","target":{"@type":"EntryPoint","urlTemplate":"https:\/\/staging.srokafinal.lets-preprod.com\/es\/?s={search_term_string}"},"query-input":{"@type":"PropertyValueSpecification","valueRequired":true,"valueName":"search_term_string"}}],"inLanguage":"es"},{"@type":"Organization","@id":"https:\/\/staging.srokafinal.lets-preprod.com\/es\/#organization","name":"SROKACOMPANY","alternateName":"SROKA","url":"https:\/\/staging.srokafinal.lets-preprod.com\/es\/","logo":{"@type":"ImageObject","inLanguage":"es","@id":"https:\/\/staging.srokafinal.lets-preprod.com\/es\/#\/schema\/logo\/image\/","url":"https:\/\/staging.srokafinal.lets-preprod.com\/wp-content\/uploads\/2021\/01\/logo-sroka-black-transpa.png","contentUrl":"https:\/\/staging.srokafinal.lets-preprod.com\/wp-content\/uploads\/2021\/01\/logo-sroka-black-transpa.png","width":1201,"height":342,"caption":"SROKACOMPANY"},"image":{"@id":"https:\/\/staging.srokafinal.lets-preprod.com\/es\/#\/schema\/logo\/image\/"},"sameAs":["https:\/\/www.facebook.com\/srokawatersports\/","https:\/\/www.instagram.com\/srokawatersports\/","https:\/\/www.youtube.com\/channel\/UCVLHHeaPIm-J5bdEUgxqtZA"]}]}},"uagb_featured_image_src":{"full":["https:\/\/staging.srokafinal.lets-preprod.com\/wp-content\/uploads\/2020\/11\/Pompe-e\u0301lectrique-SUP-gonflable.jpg",780,1040,false],"thumbnail":["https:\/\/staging.srokafinal.lets-preprod.com\/wp-content\/uploads\/2020\/11\/Pompe-e\u0301lectrique-SUP-gonflable-150x150.jpg",150,150,true],"medium":["https:\/\/staging.srokafinal.lets-preprod.com\/wp-content\/uploads\/2020\/11\/Pompe-e\u0301lectrique-SUP-gonflable-225x300.jpg",225,300,true],"medium_large":["https:\/\/staging.srokafinal.lets-preprod.com\/wp-content\/uploads\/2020\/11\/Pompe-e\u0301lectrique-SUP-gonflable-768x1024.jpg",768,1024,true],"large":["https:\/\/staging.srokafinal.lets-preprod.com\/wp-content\/uploads\/2020\/11\/Pompe-e\u0301lectrique-SUP-gonflable-768x1024.jpg",768,1024,true],"1536x1536":["https:\/\/staging.srokafinal.lets-preprod.com\/wp-content\/uploads\/2020\/11\/Pompe-e\u0301lectrique-SUP-gonflable.jpg",780,1040,false],"2048x2048":["https:\/\/staging.srokafinal.lets-preprod.com\/wp-content\/uploads\/2020\/11\/Pompe-e\u0301lectrique-SUP-gonflable.jpg",780,1040,false],"woocommerce_thumbnail":["https:\/\/staging.srokafinal.lets-preprod.com\/wp-content\/uploads\/2020\/11\/Pompe-e\u0301lectrique-SUP-gonflable-600x800.jpg",600,800,true],"woocommerce_single":["https:\/\/staging.srokafinal.lets-preprod.com\/wp-content\/uploads\/2020\/11\/Pompe-e\u0301lectrique-SUP-gonflable-600x800.jpg",600,800,true],"woocommerce_gallery_thumbnail":["https:\/\/staging.srokafinal.lets-preprod.com\/wp-content\/uploads\/2020\/11\/Pompe-e\u0301lectrique-SUP-gonflable-100x100.jpg",100,100,true]},"uagb_author_info":{"display_name":"Tristan Dumard","author_link":"https:\/\/staging.srokafinal.lets-preprod.com\/es\/blog\/author\/"},"uagb_comment_info":0,"uagb_excerpt":"BOMBA EL\u00c9CTRICA DE LA EMPRESA SROKA Esta temporada, nuestras tablas de stand up paddle nunca han sido tan agradables de instalar. Nuestra bomba el\u00e9ctrica te permite inflar tu SUP en 10Mn, y sin ning\u00fan esfuerzo. Compacto y ligero, se olvidar\u00e1 de su bolsa de transporte. Te acompa\u00f1ar\u00e1 en todas tus escapadas. Puede inflarse hasta 16&hellip;","_links":{"self":[{"href":"https:\/\/staging.srokafinal.lets-preprod.com\/es\/wp-json\/wp\/v2\/product\/109815","targetHints":{"allow":["GET"]}}],"collection":[{"href":"https:\/\/staging.srokafinal.lets-preprod.com\/es\/wp-json\/wp\/v2\/product"}],"about":[{"href":"https:\/\/staging.srokafinal.lets-preprod.com\/es\/wp-json\/wp\/v2\/types\/product"}],"wp:featuredmedia":[{"embeddable":true,"href":"https:\/\/staging.srokafinal.lets-preprod.com\/es\/wp-json\/wp\/v2\/media\/109819"}],"wp:attachment":[{"href":"https:\/\/staging.srokafinal.lets-preprod.com\/es\/wp-json\/wp\/v2\/media?parent=109815"}],"wp:term":[{"taxonomy":"product_brand","embeddable":true,"href":"https:\/\/staging.srokafinal.lets-preprod.com\/es\/wp-json\/wp\/v2\/product_brand?post=109815"},{"taxonomy":"product_cat","embeddable":true,"href":"https:\/\/staging.srokafinal.lets-preprod.com\/es\/wp-json\/wp\/v2\/product_cat?post=109815"},{"taxonomy":"product_tag","embeddable":true,"href":"https:\/\/staging.srokafinal.lets-preprod.com\/es\/wp-json\/wp\/v2\/product_tag?post=109815"}],"curies":[{"name":"wp","href":"https:\/\/api.w.org\/{rel}","templated":true}]}}