


{"id":110455,"date":"2022-08-10T13:18:34","date_gmt":"2022-08-10T11:18:34","guid":{"rendered":"https:\/\/srokacompany.com\/produit\/estabilizadores-s-foil-sroka\/"},"modified":"2024-05-21T12:41:02","modified_gmt":"2024-05-21T12:41:02","slug":"estabilizadores-s-foil-sroka","status":"publish","type":"product","link":"https:\/\/staging.srokafinal.lets-preprod.com\/es\/produit\/estabilizadores-s-foil-sroka\/","title":{"rendered":"Estabilizadores S-Foil Sroka"},"content":{"rendered":"<figure><img decoding=\"async\" src=\"https:\/\/srokacompany.com\/wp-content\/uploads\/2022\/08\/300-standard-wingfoil-stabilisateur-768x1024.jpg\" alt=\"300 standard wingfoil stabilisateur\" \/><\/figure>\n<figure><img decoding=\"async\" src=\"https:\/\/srokacompany.com\/wp-content\/uploads\/2022\/08\/High-Aspect-Stabilisateur-Sroka-SFoil-768x1024.jpg\" alt=\"High Aspect Stabilisateur Sroka SFoil\" \/><\/figure>\n<figure><img decoding=\"async\" src=\"https:\/\/srokacompany.com\/wp-content\/uploads\/2022\/08\/High-Aspect-stabilisateur-Foil-Sroka-2022-768x1024.jpg\" alt=\"High Aspect stabilisateur Foil Sroka 2022\" \/><\/figure>\n<figure><img decoding=\"async\" src=\"https:\/\/srokacompany.com\/wp-content\/uploads\/2022\/08\/Stabilisateur-300-Sroka-768x1024.jpg\" alt=\"Stabilisateur 300 Sroka\" \/><\/figure>\n<figure><img decoding=\"async\" src=\"https:\/\/srokacompany.com\/wp-content\/uploads\/2022\/08\/Stabilisateur-240-Sroka-768x1024.jpg\" alt=\"Stabilisateur 240 Sroka\" \/><\/figure>\n<figure><img decoding=\"async\" src=\"https:\/\/srokacompany.com\/wp-content\/uploads\/2022\/08\/Stabilisateur-180-Sroka-768x1024.jpg\" alt=\"Stabilisateur 180 Sroka\" \/><\/figure>\n<h3>\u00bfC\u00f3mo elegir su estabilizador de l\u00e1minas?  <\/h3>\n<h4>Estabilizador 300<\/h4>\n<p style=\"text-align: justify;\">El estabilizador est\u00e1ndar para el S-Foil Sroka. Te permite practicar wingfoil, surf foil, SUP foil y wake foil. Es el estabilizador ideal para hacer todo sin preocuparte por ello.  <\/p>\n<p style=\"text-align: justify;\">Muy suave en el despegue, se olvida por completo bajo los pies una vez en vuelo con su fino deslizamiento y su saludable soporte.  <\/p>\n<p style=\"text-align: justify;\">Con su aspecto de relaci\u00f3n intermedia, ofrece un excelente compromiso entre maniobrabilidad y bombeo. Sin encerrarte en una barandilla mientras surfeas, perdona los errores en los giros, da potencia bajo el pie trasero al bombear y maniobra suavemente. En l\u00ednea recta, su comportamiento s\u00faper saludable te permite presionar con fuerza para ganar velocidad.  <\/p>\n<p style=\"text-align: justify;\">Ideal con:  <\/p>\n<p style=\"text-align: justify;\">&#8211; Toda la gama Classic  <\/p>\n<p style=\"text-align: justify;\">&#8211; HA 1190 L y 1390 L en surf, downwinding y bombeo  <\/p>\n<p>\t\t\t\t\t\t\t\t\t\t\t\t\t<img decoding=\"async\" src=\"https:\/\/srokacompany.com\/wp-content\/uploads\/elementor\/thumbs\/Stabilisateur-300-Sroka-qntuu6g26lnhftfm3k8q0ld1opyhcjmre04w98j7b4.jpg\" title=\"Stabilisateur 300 Sroka\" alt=\"Stabilisateur 300 Sroka\" loading=\"lazy\" \/>\t\t\t\t\t\t\t\t\t\t\t\t\t<\/p>\n<h4>Estabilizador 240<\/h4>\n<p style=\"text-align: justify;\">El estabilizador 240 desenfrena su foil. Su perfil m\u00e1s incisivo y delgado que el de la 300 multiplica por diez su planeo, en detrimento de la sustentaci\u00f3n a bajas revoluciones.<\/p>\n<p style=\"text-align: justify;\">Su aspecto de relaci\u00f3n media, junto con su corte de perfil para la velocidad, ofrece una maniobrabilidad inigualable que har\u00e1 las delicias de todos los surfistas experimentados que buscan giros agresivos. Con el fuselaje ultracorto de 56 cm, es posible encadenar maniobras  con un pa\u00f1uelo.<\/p>\n<p style=\"text-align: justify;\">Tambi\u00e9n es el estabilizador ideal para aquellos que quieren ganar maniobrabilidad y deslizarse en wingfoil, SUP foil, downwind manteniendo la versatilidad. Permite desenfrenar toda la gama Classic.  <\/p>\n<p style=\"text-align: justify;\">Ideal con:  <\/p>\n<p style=\"text-align: justify;\">&#8211; Toda la gama High Aspect  <\/p>\n<p style=\"text-align: justify;\">&#8211; La 1250 Classic en surf y wingfoiling<\/p>\n<p>\t\t\t\t\t\t\t\t\t\t\t\t\t<img decoding=\"async\" src=\"https:\/\/srokacompany.com\/wp-content\/uploads\/elementor\/thumbs\/Stabilisateur-240-Sroka-qntuu6g26lnhftfm3k8q0ld1opyhcjmre04w98j7b4.jpg\" title=\"Stabilisateur 240 Sroka\" alt=\"Stabilisateur 240 Sroka\" loading=\"lazy\" \/>\t\t\t\t\t\t\t\t\t\t\t\t\t<\/p>\n<h4>Estabilizador 180<\/h4>\n<p style=\"text-align: justify;\">El estabilizador 180 no hace concesiones. La velocidad y el deslizamiento son una locura, nada detiene el foil. Ya sea wingfoil, surf foil en big e incluso kite foil y windfoil, su perfil ofrece un VMax muy alto y unas aceleraciones soberbias, donde incluso el 240 alcanzar\u00eda la saturaci\u00f3n.&nbsp;<\/p>\n<p style=\"text-align: justify;\">Su alt\u00edsima relaci\u00f3n le permite mantener sus impresionantes capacidades de bombeo a pesar de su reducida superficie. Con la misma envergadura que el estabilizador 240, sigue siendo muy maniobrable y animado incluso en las curvas m\u00e1s cerradas. Est\u00e1 destinado a los riders m\u00e1s decididos que quieren la m\u00e1xima velocidad y rendimiento para su foil y revela todo su car\u00e1cter a altas velocidades.&nbsp;<\/p>\n<p>Ideal con:&nbsp;<\/p>\n<p>&#8211; HA 1190 S, HA 1190 L, HA 950 S&nbsp;<\/p>\n<p>\t\t\t\t\t\t\t\t\t\t\t\t\t<img decoding=\"async\" src=\"https:\/\/srokacompany.com\/wp-content\/uploads\/elementor\/thumbs\/Stabilisateur-180-Sroka-qntuu6g26lnhftfm3k8q0ld1opyhcjmre04w98j7b4.jpg\" title=\"Stabilisateur 180 Sroka\" alt=\"Stabilisateur 180 Sroka\" loading=\"lazy\" \/>\t\t\t\t\t\t\t\t\t\t\t\t\t<\/p>\n<h3>Construcci\u00f3n y dimensiones<\/h3>\n<p style=\"text-align: justify;\">Todos nuestros estabilizadores est\u00e1n construidos con el mejor carbono 3K preimpregnado. El carbono est\u00e1 recubierto con un barniz protector que aumenta de forma duradera la vida \u00fatil de las aletas y maximiza el deslizamiento. Los estabilizadores 300 y 240 tienen un n\u00facleo de espuma Airex ultradensa, para ahorrar el m\u00e1ximo peso manteniendo una rigidez perfecta. El mecanizado ofrece un enclavamiento impecable entre el fuselaje y la pieza de carbono. Todo ello ofrece un perfil hidrodin\u00e1mico impecable, una excelente rigidez con los tornillos M8 y acabados de alta gama.  <\/p>\n<p>\t\t\t\t\t\t\t\t\t\t\t\t\t<img loading=\"lazy\" decoding=\"async\" width=\"800\" height=\"414\" src=\"https:\/\/srokacompany.com\/wp-content\/uploads\/2022\/08\/Dimensions-des-stabilisateurs-Sroka-1024x530.jpg\" alt=\"\" srcset=\"https:\/\/srokacompany.com\/wp-content\/uploads\/2022\/08\/Dimensions-des-stabilisateurs-Sroka-1024x530.jpg 1024w, https:\/\/srokacompany.com\/wp-content\/uploads\/2022\/08\/Dimensions-des-stabilisateurs-Sroka-300x155.jpg 300w, https:\/\/srokacompany.com\/wp-content\/uploads\/2022\/08\/Dimensions-des-stabilisateurs-Sroka-768x397.jpg 768w, https:\/\/srokacompany.com\/wp-content\/uploads\/2022\/08\/Dimensions-des-stabilisateurs-Sroka-600x310.jpg 600w, https:\/\/srokacompany.com\/wp-content\/uploads\/2022\/08\/Dimensions-des-stabilisateurs-Sroka.jpg 1440w\" sizes=\"auto, (max-width: 800px) 100vw, 800px\" \/><br \/>\n\t\t<iframe loading=\"lazy\" title=\"Comment rendre son foil plus maniable?\" width=\"500\" height=\"281\" src=\"https:\/\/www.youtube.com\/embed\/mBU6-pYUAc0?feature=oembed\" frameborder=\"0\" allow=\"accelerometer; autoplay; clipboard-write; encrypted-media; gyroscope; picture-in-picture; web-share\" referrerpolicy=\"strict-origin-when-cross-origin\" allowfullscreen><\/iframe><br \/>\n\t\t\t\t\t\t\t<img loading=\"lazy\" decoding=\"async\" width=\"1200\" height=\"800\" src=\"https:\/\/srokacompany.com\/wp-content\/uploads\/2024\/05\/SrokaCarboneSolo1.jpg\" alt=\"\" \/><br \/>\n\t\t\t\t\t\t\t\t<a href=\"https:\/\/srokacompany.com\/2024\/05\/test-mat-carbone-solo-16mm\/\" target=\"_blank\" aria-hidden=\"true\" rel=\"noopener\">Test Mat Carbone Solo 16mm<\/a><\/p>\n<h2>\n\t\t\t<a href=\"https:\/\/srokacompany.com\/2024\/05\/test-mat-carbone-solo-16mm\/\" target=\"_blank\" rel=\"noopener\"><br \/>\n\t\t\t\tTest Mat Carbone Solo 16mm\t\t\t<\/a><br \/>\n\t\t<\/h2>\n<p>Test par myboard report avec Wingsurferjournal.com Le\u00a0Foil Carbone SROKA Solo\u00a0est un foil \u2026<\/p>\n<p>\t\t\t\t\t\t\t<img loading=\"lazy\" decoding=\"async\" width=\"1980\" height=\"1112\" src=\"https:\/\/srokacompany.com\/wp-content\/uploads\/2018\/01\/touring-en-paddle-sroka-alpha-116-x-32.jpeg\" alt=\"paddle gonflable de qualit\u00e9 \u00e0 prix abordable\" \/><br \/>\n\t\t\t\t\t\t\t\t<a href=\"https:\/\/srokacompany.com\/2024\/04\/peut-on-faire-du-paddle-partout\/\" target=\"_blank\" aria-hidden=\"true\" rel=\"noopener\">Peut-on faire du paddle partout ?<\/a><\/p>\n<h2>\n\t\t\t<a href=\"https:\/\/srokacompany.com\/2024\/04\/peut-on-faire-du-paddle-partout\/\" target=\"_blank\" rel=\"noopener\"><br \/>\n\t\t\t\tPeut-on faire du paddle partout ?\t\t\t<\/a><br \/>\n\t\t<\/h2>\n<p>Dans la mesure o\u00f9 le nombre de pratiquants de paddle augmente d\u2019ann\u00e9es \u2026<\/p>\n<p>\t\t\t\t\t\t\t<img loading=\"lazy\" decoding=\"async\" width=\"2357\" height=\"1571\" src=\"https:\/\/srokacompany.com\/wp-content\/uploads\/2024\/02\/Dw-board.jpg\" alt=\"\" \/><br \/>\n\t\t\t\t\t\t\t\t<a href=\"https:\/\/srokacompany.com\/2024\/04\/nouvelle-planche-dultra-light-wind-et-de-down-wind-la-dw-de-sroka\/\" target=\"_blank\" aria-hidden=\"true\" rel=\"noopener\">Nouvelle planche d\u2019ultra Light Wind et de Down Wind: la DW de SROKA<\/a><\/p>\n<h2>\n\t\t\t<a href=\"https:\/\/srokacompany.com\/2024\/04\/nouvelle-planche-dultra-light-wind-et-de-down-wind-la-dw-de-sroka\/\" target=\"_blank\" rel=\"noopener\"><br \/>\n\t\t\t\tNouvelle planche d\u2019ultra Light Wind et de Down Wind: la DW de SROKA\t\t\t<\/a><br \/>\n\t\t<\/h2>\n<p>Nouvelle planche d\u2019ultra Light Wind et the Down Wind, la DW de \u2026<\/p>\n<p>\t\t\t\t\t\t\t<img loading=\"lazy\" decoding=\"async\" width=\"1916\" height=\"1080\" src=\"https:\/\/srokacompany.com\/wp-content\/uploads\/2021\/07\/Pagaie-SUP-orange.jpg\" alt=\"Pagaie carbone sroka\" \/><br \/>\n\t\t\t\t\t\t\t\t<a href=\"https:\/\/srokacompany.com\/2024\/04\/les-differences-entre-une-pagaie-de-paddle-en-carbone-vs-aluminium\/\" target=\"_blank\" aria-hidden=\"true\" rel=\"noopener\">Les diff\u00e9rences entre une pagaie de paddle en carbone vs aluminium<\/a><\/p>\n<h2>\n\t\t\t<a href=\"https:\/\/srokacompany.com\/2024\/04\/les-differences-entre-une-pagaie-de-paddle-en-carbone-vs-aluminium\/\" target=\"_blank\" rel=\"noopener\"><br \/>\n\t\t\t\tLes diff\u00e9rences entre une pagaie de paddle en carbone vs aluminium\t\t\t<\/a><br \/>\n\t\t<\/h2>\n<p>En g\u00e9n\u00e9ral, nous pouvons \u00e9tablir un parall\u00e8le entre le paddle et la \u2026<\/p>\n<hr>\n<h2>Estabilizadores S-Foil Sroka<\/h2>\n<p>Nuestra gama de estabilizadores Sroka S-Foil te permite redescubrir tu foil. Desde el experto hasta el principiante, desde el wingfoiler hasta el surfista, en el desarrollo de esta gama se han tenido en cuenta todos los deportes y niveles de foil. Nuestros estabilizadores ofrecen sensaciones m\u00e1gicas de deslizamiento y te permiten revelar todo el potencial de tu S-Foil. Perfectamente compatibles con todos los fuselajes, son intercambiables para permitirle personalizar completamente su S-Foil. Obtenga m\u00e1s informaci\u00f3n sobre los estabilizadores 300, HA 240 y HA 180.<\/p>\n","protected":false},"excerpt":{"rendered":"<p>\u00bfC\u00f3mo elegir su estabilizador de l\u00e1minas? Estabilizador 300 El estabilizador est\u00e1ndar para el S-Foil Sroka. Te permite practicar wingfoil, surf foil, SUP foil y wake foil. Es el estabilizador ideal para hacer todo sin preocuparte por ello. Muy suave en el despegue, se olvida por completo bajo los pies una vez en vuelo con su [&hellip;]<\/p>\n","protected":false},"featured_media":110456,"template":"","meta":{"_acf_changed":false,"_uag_custom_page_level_css":""},"product_brand":[],"product_cat":[2515,2476,2472],"product_tag":[],"class_list":{"0":"post-110455","1":"product","2":"type-product","3":"status-publish","4":"has-post-thumbnail","6":"product_cat-arranque-en-muelle-y-bombeo","7":"product_cat-lamina-de-alas","8":"product_cat-accesorios-de-lamina","9":"product_shipping_class-envio-pequeno","11":"first","12":"instock","13":"taxable","14":"shipping-taxable","15":"purchasable","16":"product-type-variable","17":"has-default-attributes"},"acf":[],"yoast_head":"<!-- This site is optimized with the Yoast SEO plugin v25.1 - https:\/\/yoast.com\/wordpress\/plugins\/seo\/ -->\n<title>Estabilizadores S-Foil Sroka - SROKA Company<\/title>\n<meta name=\"description\" content=\"Toda la gama de estabilizadores Sroka compatibles con el S-Foil. De principiante a experto, rendimiento de foiling al mejor precio.\" \/>\n<meta name=\"robots\" content=\"noindex, follow, max-snippet:-1, max-image-preview:large, max-video-preview:-1\" \/>\n<meta property=\"og:locale\" content=\"es_ES\" \/>\n<meta property=\"og:type\" content=\"article\" \/>\n<meta property=\"og:title\" content=\"Estabilizadores S-Foil Sroka - SROKA Company\" \/>\n<meta property=\"og:description\" content=\"Toda la gama de estabilizadores Sroka compatibles con el S-Foil. De principiante a experto, rendimiento de foiling al mejor precio.\" \/>\n<meta property=\"og:url\" content=\"https:\/\/staging.srokafinal.lets-preprod.com\/es\/produit\/estabilizadores-s-foil-sroka\/\" \/>\n<meta property=\"og:site_name\" content=\"SROKA Company\" \/>\n<meta property=\"article:publisher\" content=\"https:\/\/www.facebook.com\/srokawatersports\/\" \/>\n<meta property=\"article:modified_time\" content=\"2024-05-21T12:41:02+00:00\" \/>\n<meta property=\"og:image\" content=\"https:\/\/staging.srokafinal.lets-preprod.com\/wp-content\/uploads\/2024\/01\/stabilisateur.jpg\" \/>\n\t<meta property=\"og:image:width\" content=\"740\" \/>\n\t<meta property=\"og:image:height\" content=\"1080\" \/>\n\t<meta property=\"og:image:type\" content=\"image\/jpeg\" \/>\n<meta name=\"twitter:label1\" content=\"Tiempo de lectura\" \/>\n\t<meta name=\"twitter:data1\" content=\"4 minutos\" \/>\n<script type=\"application\/ld+json\" class=\"yoast-schema-graph\">{\"@context\":\"https:\/\/schema.org\",\"@graph\":[{\"@type\":\"WebPage\",\"@id\":\"https:\/\/staging.srokafinal.lets-preprod.com\/es\/produit\/estabilizadores-s-foil-sroka\/\",\"url\":\"https:\/\/staging.srokafinal.lets-preprod.com\/es\/produit\/estabilizadores-s-foil-sroka\/\",\"name\":\"Estabilizadores S-Foil Sroka - SROKA Company\",\"isPartOf\":{\"@id\":\"https:\/\/staging.srokafinal.lets-preprod.com\/es\/#website\"},\"primaryImageOfPage\":{\"@id\":\"https:\/\/staging.srokafinal.lets-preprod.com\/es\/produit\/estabilizadores-s-foil-sroka\/#primaryimage\"},\"image\":{\"@id\":\"https:\/\/staging.srokafinal.lets-preprod.com\/es\/produit\/estabilizadores-s-foil-sroka\/#primaryimage\"},\"thumbnailUrl\":\"https:\/\/staging.srokafinal.lets-preprod.com\/wp-content\/uploads\/2024\/01\/stabilisateur.jpg\",\"datePublished\":\"2022-08-10T11:18:34+00:00\",\"dateModified\":\"2024-05-21T12:41:02+00:00\",\"description\":\"Toda la gama de estabilizadores Sroka compatibles con el S-Foil. De principiante a experto, rendimiento de foiling al mejor precio.\",\"breadcrumb\":{\"@id\":\"https:\/\/staging.srokafinal.lets-preprod.com\/es\/produit\/estabilizadores-s-foil-sroka\/#breadcrumb\"},\"inLanguage\":\"es\",\"potentialAction\":[{\"@type\":\"ReadAction\",\"target\":[\"https:\/\/staging.srokafinal.lets-preprod.com\/es\/produit\/estabilizadores-s-foil-sroka\/\"]}]},{\"@type\":\"ImageObject\",\"inLanguage\":\"es\",\"@id\":\"https:\/\/staging.srokafinal.lets-preprod.com\/es\/produit\/estabilizadores-s-foil-sroka\/#primaryimage\",\"url\":\"https:\/\/staging.srokafinal.lets-preprod.com\/wp-content\/uploads\/2024\/01\/stabilisateur.jpg\",\"contentUrl\":\"https:\/\/staging.srokafinal.lets-preprod.com\/wp-content\/uploads\/2024\/01\/stabilisateur.jpg\",\"width\":740,\"height\":1080},{\"@type\":\"BreadcrumbList\",\"@id\":\"https:\/\/staging.srokafinal.lets-preprod.com\/es\/produit\/estabilizadores-s-foil-sroka\/#breadcrumb\",\"itemListElement\":[{\"@type\":\"ListItem\",\"position\":1,\"name\":\"Accueil\",\"item\":\"https:\/\/staging.srokafinal.lets-preprod.com\/es\/\"},{\"@type\":\"ListItem\",\"position\":2,\"name\":\"Boutique\",\"item\":\"https:\/\/staging.srokafinal.lets-preprod.com\/boutique\/\"},{\"@type\":\"ListItem\",\"position\":3,\"name\":\"Estabilizadores S-Foil Sroka\"}]},{\"@type\":\"WebSite\",\"@id\":\"https:\/\/staging.srokafinal.lets-preprod.com\/es\/#website\",\"url\":\"https:\/\/staging.srokafinal.lets-preprod.com\/es\/\",\"name\":\"SROKA Company\",\"description\":\"SUP, Kite, Foil, Wing\",\"publisher\":{\"@id\":\"https:\/\/staging.srokafinal.lets-preprod.com\/es\/#organization\"},\"potentialAction\":[{\"@type\":\"SearchAction\",\"target\":{\"@type\":\"EntryPoint\",\"urlTemplate\":\"https:\/\/staging.srokafinal.lets-preprod.com\/es\/?s={search_term_string}\"},\"query-input\":{\"@type\":\"PropertyValueSpecification\",\"valueRequired\":true,\"valueName\":\"search_term_string\"}}],\"inLanguage\":\"es\"},{\"@type\":\"Organization\",\"@id\":\"https:\/\/staging.srokafinal.lets-preprod.com\/es\/#organization\",\"name\":\"SROKACOMPANY\",\"alternateName\":\"SROKA\",\"url\":\"https:\/\/staging.srokafinal.lets-preprod.com\/es\/\",\"logo\":{\"@type\":\"ImageObject\",\"inLanguage\":\"es\",\"@id\":\"https:\/\/staging.srokafinal.lets-preprod.com\/es\/#\/schema\/logo\/image\/\",\"url\":\"https:\/\/staging.srokafinal.lets-preprod.com\/wp-content\/uploads\/2021\/01\/logo-sroka-black-transpa.png\",\"contentUrl\":\"https:\/\/staging.srokafinal.lets-preprod.com\/wp-content\/uploads\/2021\/01\/logo-sroka-black-transpa.png\",\"width\":1201,\"height\":342,\"caption\":\"SROKACOMPANY\"},\"image\":{\"@id\":\"https:\/\/staging.srokafinal.lets-preprod.com\/es\/#\/schema\/logo\/image\/\"},\"sameAs\":[\"https:\/\/www.facebook.com\/srokawatersports\/\",\"https:\/\/www.instagram.com\/srokawatersports\/\",\"https:\/\/www.youtube.com\/channel\/UCVLHHeaPIm-J5bdEUgxqtZA\"]}]}<\/script>\n<!-- \/ Yoast SEO plugin. -->","yoast_head_json":{"title":"Estabilizadores S-Foil Sroka - SROKA Company","description":"Toda la gama de estabilizadores Sroka compatibles con el S-Foil. De principiante a experto, rendimiento de foiling al mejor precio.","robots":{"index":"noindex","follow":"follow","max-snippet":"max-snippet:-1","max-image-preview":"max-image-preview:large","max-video-preview":"max-video-preview:-1"},"og_locale":"es_ES","og_type":"article","og_title":"Estabilizadores S-Foil Sroka - SROKA Company","og_description":"Toda la gama de estabilizadores Sroka compatibles con el S-Foil. De principiante a experto, rendimiento de foiling al mejor precio.","og_url":"https:\/\/staging.srokafinal.lets-preprod.com\/es\/produit\/estabilizadores-s-foil-sroka\/","og_site_name":"SROKA Company","article_publisher":"https:\/\/www.facebook.com\/srokawatersports\/","article_modified_time":"2024-05-21T12:41:02+00:00","og_image":[{"width":740,"height":1080,"url":"https:\/\/staging.srokafinal.lets-preprod.com\/wp-content\/uploads\/2024\/01\/stabilisateur.jpg","type":"image\/jpeg"}],"twitter_misc":{"Tiempo de lectura":"4 minutos"},"schema":{"@context":"https:\/\/schema.org","@graph":[{"@type":"WebPage","@id":"https:\/\/staging.srokafinal.lets-preprod.com\/es\/produit\/estabilizadores-s-foil-sroka\/","url":"https:\/\/staging.srokafinal.lets-preprod.com\/es\/produit\/estabilizadores-s-foil-sroka\/","name":"Estabilizadores S-Foil Sroka - SROKA Company","isPartOf":{"@id":"https:\/\/staging.srokafinal.lets-preprod.com\/es\/#website"},"primaryImageOfPage":{"@id":"https:\/\/staging.srokafinal.lets-preprod.com\/es\/produit\/estabilizadores-s-foil-sroka\/#primaryimage"},"image":{"@id":"https:\/\/staging.srokafinal.lets-preprod.com\/es\/produit\/estabilizadores-s-foil-sroka\/#primaryimage"},"thumbnailUrl":"https:\/\/staging.srokafinal.lets-preprod.com\/wp-content\/uploads\/2024\/01\/stabilisateur.jpg","datePublished":"2022-08-10T11:18:34+00:00","dateModified":"2024-05-21T12:41:02+00:00","description":"Toda la gama de estabilizadores Sroka compatibles con el S-Foil. De principiante a experto, rendimiento de foiling al mejor precio.","breadcrumb":{"@id":"https:\/\/staging.srokafinal.lets-preprod.com\/es\/produit\/estabilizadores-s-foil-sroka\/#breadcrumb"},"inLanguage":"es","potentialAction":[{"@type":"ReadAction","target":["https:\/\/staging.srokafinal.lets-preprod.com\/es\/produit\/estabilizadores-s-foil-sroka\/"]}]},{"@type":"ImageObject","inLanguage":"es","@id":"https:\/\/staging.srokafinal.lets-preprod.com\/es\/produit\/estabilizadores-s-foil-sroka\/#primaryimage","url":"https:\/\/staging.srokafinal.lets-preprod.com\/wp-content\/uploads\/2024\/01\/stabilisateur.jpg","contentUrl":"https:\/\/staging.srokafinal.lets-preprod.com\/wp-content\/uploads\/2024\/01\/stabilisateur.jpg","width":740,"height":1080},{"@type":"BreadcrumbList","@id":"https:\/\/staging.srokafinal.lets-preprod.com\/es\/produit\/estabilizadores-s-foil-sroka\/#breadcrumb","itemListElement":[{"@type":"ListItem","position":1,"name":"Accueil","item":"https:\/\/staging.srokafinal.lets-preprod.com\/es\/"},{"@type":"ListItem","position":2,"name":"Boutique","item":"https:\/\/staging.srokafinal.lets-preprod.com\/boutique\/"},{"@type":"ListItem","position":3,"name":"Estabilizadores S-Foil Sroka"}]},{"@type":"WebSite","@id":"https:\/\/staging.srokafinal.lets-preprod.com\/es\/#website","url":"https:\/\/staging.srokafinal.lets-preprod.com\/es\/","name":"SROKA Company","description":"SUP, Kite, Foil, Wing","publisher":{"@id":"https:\/\/staging.srokafinal.lets-preprod.com\/es\/#organization"},"potentialAction":[{"@type":"SearchAction","target":{"@type":"EntryPoint","urlTemplate":"https:\/\/staging.srokafinal.lets-preprod.com\/es\/?s={search_term_string}"},"query-input":{"@type":"PropertyValueSpecification","valueRequired":true,"valueName":"search_term_string"}}],"inLanguage":"es"},{"@type":"Organization","@id":"https:\/\/staging.srokafinal.lets-preprod.com\/es\/#organization","name":"SROKACOMPANY","alternateName":"SROKA","url":"https:\/\/staging.srokafinal.lets-preprod.com\/es\/","logo":{"@type":"ImageObject","inLanguage":"es","@id":"https:\/\/staging.srokafinal.lets-preprod.com\/es\/#\/schema\/logo\/image\/","url":"https:\/\/staging.srokafinal.lets-preprod.com\/wp-content\/uploads\/2021\/01\/logo-sroka-black-transpa.png","contentUrl":"https:\/\/staging.srokafinal.lets-preprod.com\/wp-content\/uploads\/2021\/01\/logo-sroka-black-transpa.png","width":1201,"height":342,"caption":"SROKACOMPANY"},"image":{"@id":"https:\/\/staging.srokafinal.lets-preprod.com\/es\/#\/schema\/logo\/image\/"},"sameAs":["https:\/\/www.facebook.com\/srokawatersports\/","https:\/\/www.instagram.com\/srokawatersports\/","https:\/\/www.youtube.com\/channel\/UCVLHHeaPIm-J5bdEUgxqtZA"]}]}},"uagb_featured_image_src":{"full":["https:\/\/staging.srokafinal.lets-preprod.com\/wp-content\/uploads\/2024\/01\/stabilisateur.jpg",740,1080,false],"thumbnail":["https:\/\/staging.srokafinal.lets-preprod.com\/wp-content\/uploads\/2024\/01\/stabilisateur-150x150.jpg",150,150,true],"medium":["https:\/\/staging.srokafinal.lets-preprod.com\/wp-content\/uploads\/2024\/01\/stabilisateur-206x300.jpg",206,300,true],"medium_large":["https:\/\/staging.srokafinal.lets-preprod.com\/wp-content\/uploads\/2024\/01\/stabilisateur.jpg",740,1080,false],"large":["https:\/\/staging.srokafinal.lets-preprod.com\/wp-content\/uploads\/2024\/01\/stabilisateur-702x1024.jpg",702,1024,true],"1536x1536":["https:\/\/staging.srokafinal.lets-preprod.com\/wp-content\/uploads\/2024\/01\/stabilisateur.jpg",740,1080,false],"2048x2048":["https:\/\/staging.srokafinal.lets-preprod.com\/wp-content\/uploads\/2024\/01\/stabilisateur.jpg",740,1080,false],"woocommerce_thumbnail":["https:\/\/staging.srokafinal.lets-preprod.com\/wp-content\/uploads\/2024\/01\/stabilisateur-600x876.jpg",600,876,true],"woocommerce_single":["https:\/\/staging.srokafinal.lets-preprod.com\/wp-content\/uploads\/2024\/01\/stabilisateur-600x876.jpg",600,876,true],"woocommerce_gallery_thumbnail":["https:\/\/staging.srokafinal.lets-preprod.com\/wp-content\/uploads\/2024\/01\/stabilisateur-100x100.jpg",100,100,true]},"uagb_author_info":{"display_name":"Tristan Dumard","author_link":"https:\/\/staging.srokafinal.lets-preprod.com\/es\/blog\/author\/"},"uagb_comment_info":0,"uagb_excerpt":"\u00bfC\u00f3mo elegir su estabilizador de l\u00e1minas? Estabilizador 300 El estabilizador est\u00e1ndar para el S-Foil Sroka. Te permite practicar wingfoil, surf foil, SUP foil y wake foil. Es el estabilizador ideal para hacer todo sin preocuparte por ello. Muy suave en el despegue, se olvida por completo bajo los pies una vez en vuelo con su&hellip;","_links":{"self":[{"href":"https:\/\/staging.srokafinal.lets-preprod.com\/es\/wp-json\/wp\/v2\/product\/110455","targetHints":{"allow":["GET"]}}],"collection":[{"href":"https:\/\/staging.srokafinal.lets-preprod.com\/es\/wp-json\/wp\/v2\/product"}],"about":[{"href":"https:\/\/staging.srokafinal.lets-preprod.com\/es\/wp-json\/wp\/v2\/types\/product"}],"wp:featuredmedia":[{"embeddable":true,"href":"https:\/\/staging.srokafinal.lets-preprod.com\/es\/wp-json\/wp\/v2\/media\/110456"}],"wp:attachment":[{"href":"https:\/\/staging.srokafinal.lets-preprod.com\/es\/wp-json\/wp\/v2\/media?parent=110455"}],"wp:term":[{"taxonomy":"product_brand","embeddable":true,"href":"https:\/\/staging.srokafinal.lets-preprod.com\/es\/wp-json\/wp\/v2\/product_brand?post=110455"},{"taxonomy":"product_cat","embeddable":true,"href":"https:\/\/staging.srokafinal.lets-preprod.com\/es\/wp-json\/wp\/v2\/product_cat?post=110455"},{"taxonomy":"product_tag","embeddable":true,"href":"https:\/\/staging.srokafinal.lets-preprod.com\/es\/wp-json\/wp\/v2\/product_tag?post=110455"}],"curies":[{"name":"wp","href":"https:\/\/api.w.org\/{rel}","templated":true}]}}