


{"id":110479,"date":"2022-11-03T16:07:42","date_gmt":"2022-11-03T14:07:42","guid":{"rendered":"https:\/\/srokacompany.com\/produit\/s-foil-high-aspect-1350-lift\/"},"modified":"2024-05-30T09:12:11","modified_gmt":"2024-05-30T09:12:11","slug":"s-foil-high-aspect-1350-lift","status":"publish","type":"product","link":"https:\/\/staging.srokafinal.lets-preprod.com\/es\/produit\/s-foil-high-aspect-1350-lift\/","title":{"rendered":"S-Foil High Aspect 1350 Lift"},"content":{"rendered":"<hr>\n<h2>Elevador S-Foil HA 1350<\/h2>\n<p>El aler\u00f3n delantero High Aspect 1350 Lift foil te har\u00e1 deslizarte infinitamente a favor del viento y volver a conectar peque\u00f1os trenes de oleaje con una <strong>facilidad<\/strong> desconcertante en surf foil, wake foil o wingfoil en todas las condiciones. Esta vela te har\u00e1 <strong>redescubrir tus lugares habituales<\/strong>. Los cuerpos de agua agitados que antes eran inutilizables ser\u00e1n su nuevo patio de recreo.<\/p>\n<p>Muy f\u00e1cil de despegar, el HA 1350 L no desciende una vez en vuelo. Una simple brazada de bombeo, un tren de oleaje inconsistente o una peque\u00f1a r\u00e1faga son suficientes para <strong>prolongar el placer de esquiar indefinidamente<\/strong>. Se ha hecho todo lo posible para ofrecerte un deslizamiento m\u00e1gico e infinito, con un m\u00ednimo de esfuerzo.<\/p>\n<p>El elevador HA 1350 tambi\u00e9n es <strong>ideal para navegar en lagos<\/strong>, donde se mantiene en la holgura durante mucho tiempo. Podr\u00e1s aprovechar la m\u00e1s m\u00ednima brisa y la m\u00e1s m\u00ednima ondulaci\u00f3n para volar y planear sin esfuerzo.<\/p>\n<p>El aler\u00f3n delantero HA 1350 es <strong>compatible con todos los fuselajes de la gama S-Foil y con todos los estabilizadores. <\/strong>La l\u00e1mina suministrada con sus tornillos y su estuche de transporte\/protecci\u00f3n hecho a medida.<\/p>\n<p><a href=\"https:\/\/srokacompany.com\/produit\/ailette-avant-ha-1350-lift\/\">Solo el aler\u00f3n delantero est\u00e1 disponible aqu\u00ed por 499,90 \u20ac<\/a><\/p>\n","protected":false},"excerpt":{"rendered":"<p>Elevador S-Foil HA 1350 El aler\u00f3n delantero High Aspect 1350 Lift foil te har\u00e1 deslizarte infinitamente a favor del viento y volver a conectar peque\u00f1os trenes de oleaje con una facilidad desconcertante en surf foil, wake foil o wingfoil en todas las condiciones. Esta vela te har\u00e1 redescubrir tus lugares habituales. Los cuerpos de agua [&hellip;]<\/p>\n","protected":false},"featured_media":110474,"template":"","meta":{"_acf_changed":false,"_uag_custom_page_level_css":""},"product_brand":[],"product_cat":[2515,2476,2483,2531,2500,2542],"product_tag":[],"class_list":{"0":"post-110479","1":"product","2":"type-product","3":"status-publish","4":"has-post-thumbnail","6":"product_cat-arranque-en-muelle-y-bombeo","7":"product_cat-lamina-de-alas","8":"product_cat-foil","9":"product_cat-todas-nuestras-laminas-high-aspect","10":"product_cat-aceite-de-surf","11":"product_cat-foils-surf-foil-es","12":"product_shipping_class-lamina-completa-o-piezas-de-repuesto-unidad-de-ala","14":"first","15":"instock","16":"taxable","17":"shipping-taxable","18":"purchasable","19":"product-type-variable","20":"has-default-attributes"},"acf":[],"yoast_head":"<!-- This site is optimized with the Yoast SEO plugin v25.1 - https:\/\/yoast.com\/wordpress\/plugins\/seo\/ -->\n<title>S-Foil High Aspect 1350 Lift - SROKA Company<\/title>\n<meta name=\"robots\" content=\"noindex, follow, max-snippet:-1, max-image-preview:large, max-video-preview:-1\" \/>\n<meta property=\"og:locale\" content=\"es_ES\" \/>\n<meta property=\"og:type\" content=\"article\" \/>\n<meta property=\"og:title\" content=\"S-Foil High Aspect 1350 Lift - SROKA Company\" \/>\n<meta property=\"og:description\" content=\"Elevador S-Foil HA 1350 El aler\u00f3n delantero High Aspect 1350 Lift foil te har\u00e1 deslizarte infinitamente a favor del viento y volver a conectar peque\u00f1os trenes de oleaje con una facilidad desconcertante en surf foil, wake foil o wingfoil en todas las condiciones. Esta vela te har\u00e1 redescubrir tus lugares habituales. Los cuerpos de agua [&hellip;]\" \/>\n<meta property=\"og:url\" content=\"https:\/\/staging.srokafinal.lets-preprod.com\/es\/produit\/s-foil-high-aspect-1350-lift\/\" \/>\n<meta property=\"og:site_name\" content=\"SROKA Company\" \/>\n<meta property=\"article:publisher\" content=\"https:\/\/www.facebook.com\/srokawatersports\/\" \/>\n<meta property=\"article:modified_time\" content=\"2024-05-30T09:12:11+00:00\" \/>\n<meta property=\"og:image\" content=\"https:\/\/staging.srokafinal.lets-preprod.com\/wp-content\/uploads\/2022\/08\/1350-photo-produit-pour-site.png\" \/>\n\t<meta property=\"og:image:width\" content=\"740\" \/>\n\t<meta property=\"og:image:height\" content=\"1080\" \/>\n\t<meta property=\"og:image:type\" content=\"image\/png\" \/>\n<meta name=\"twitter:label1\" content=\"Tiempo de lectura\" \/>\n\t<meta name=\"twitter:data1\" content=\"1 minuto\" \/>\n<script type=\"application\/ld+json\" class=\"yoast-schema-graph\">{\"@context\":\"https:\/\/schema.org\",\"@graph\":[{\"@type\":\"WebPage\",\"@id\":\"https:\/\/staging.srokafinal.lets-preprod.com\/es\/produit\/s-foil-high-aspect-1350-lift\/\",\"url\":\"https:\/\/staging.srokafinal.lets-preprod.com\/es\/produit\/s-foil-high-aspect-1350-lift\/\",\"name\":\"S-Foil High Aspect 1350 Lift - SROKA Company\",\"isPartOf\":{\"@id\":\"https:\/\/staging.srokafinal.lets-preprod.com\/es\/#website\"},\"primaryImageOfPage\":{\"@id\":\"https:\/\/staging.srokafinal.lets-preprod.com\/es\/produit\/s-foil-high-aspect-1350-lift\/#primaryimage\"},\"image\":{\"@id\":\"https:\/\/staging.srokafinal.lets-preprod.com\/es\/produit\/s-foil-high-aspect-1350-lift\/#primaryimage\"},\"thumbnailUrl\":\"https:\/\/staging.srokafinal.lets-preprod.com\/wp-content\/uploads\/2022\/08\/1350-photo-produit-pour-site.png\",\"datePublished\":\"2022-11-03T14:07:42+00:00\",\"dateModified\":\"2024-05-30T09:12:11+00:00\",\"breadcrumb\":{\"@id\":\"https:\/\/staging.srokafinal.lets-preprod.com\/es\/produit\/s-foil-high-aspect-1350-lift\/#breadcrumb\"},\"inLanguage\":\"es\",\"potentialAction\":[{\"@type\":\"ReadAction\",\"target\":[\"https:\/\/staging.srokafinal.lets-preprod.com\/es\/produit\/s-foil-high-aspect-1350-lift\/\"]}]},{\"@type\":\"ImageObject\",\"inLanguage\":\"es\",\"@id\":\"https:\/\/staging.srokafinal.lets-preprod.com\/es\/produit\/s-foil-high-aspect-1350-lift\/#primaryimage\",\"url\":\"https:\/\/staging.srokafinal.lets-preprod.com\/wp-content\/uploads\/2022\/08\/1350-photo-produit-pour-site.png\",\"contentUrl\":\"https:\/\/staging.srokafinal.lets-preprod.com\/wp-content\/uploads\/2022\/08\/1350-photo-produit-pour-site.png\",\"width\":740,\"height\":1080},{\"@type\":\"BreadcrumbList\",\"@id\":\"https:\/\/staging.srokafinal.lets-preprod.com\/es\/produit\/s-foil-high-aspect-1350-lift\/#breadcrumb\",\"itemListElement\":[{\"@type\":\"ListItem\",\"position\":1,\"name\":\"Accueil\",\"item\":\"https:\/\/staging.srokafinal.lets-preprod.com\/es\/\"},{\"@type\":\"ListItem\",\"position\":2,\"name\":\"Boutique\",\"item\":\"https:\/\/staging.srokafinal.lets-preprod.com\/boutique\/\"},{\"@type\":\"ListItem\",\"position\":3,\"name\":\"S-Foil High Aspect 1350 Lift\"}]},{\"@type\":\"WebSite\",\"@id\":\"https:\/\/staging.srokafinal.lets-preprod.com\/es\/#website\",\"url\":\"https:\/\/staging.srokafinal.lets-preprod.com\/es\/\",\"name\":\"SROKA Company\",\"description\":\"SUP, Kite, Foil, Wing\",\"publisher\":{\"@id\":\"https:\/\/staging.srokafinal.lets-preprod.com\/es\/#organization\"},\"potentialAction\":[{\"@type\":\"SearchAction\",\"target\":{\"@type\":\"EntryPoint\",\"urlTemplate\":\"https:\/\/staging.srokafinal.lets-preprod.com\/es\/?s={search_term_string}\"},\"query-input\":{\"@type\":\"PropertyValueSpecification\",\"valueRequired\":true,\"valueName\":\"search_term_string\"}}],\"inLanguage\":\"es\"},{\"@type\":\"Organization\",\"@id\":\"https:\/\/staging.srokafinal.lets-preprod.com\/es\/#organization\",\"name\":\"SROKACOMPANY\",\"alternateName\":\"SROKA\",\"url\":\"https:\/\/staging.srokafinal.lets-preprod.com\/es\/\",\"logo\":{\"@type\":\"ImageObject\",\"inLanguage\":\"es\",\"@id\":\"https:\/\/staging.srokafinal.lets-preprod.com\/es\/#\/schema\/logo\/image\/\",\"url\":\"https:\/\/staging.srokafinal.lets-preprod.com\/wp-content\/uploads\/2021\/01\/logo-sroka-black-transpa.png\",\"contentUrl\":\"https:\/\/staging.srokafinal.lets-preprod.com\/wp-content\/uploads\/2021\/01\/logo-sroka-black-transpa.png\",\"width\":1201,\"height\":342,\"caption\":\"SROKACOMPANY\"},\"image\":{\"@id\":\"https:\/\/staging.srokafinal.lets-preprod.com\/es\/#\/schema\/logo\/image\/\"},\"sameAs\":[\"https:\/\/www.facebook.com\/srokawatersports\/\",\"https:\/\/www.instagram.com\/srokawatersports\/\",\"https:\/\/www.youtube.com\/channel\/UCVLHHeaPIm-J5bdEUgxqtZA\"]}]}<\/script>\n<!-- \/ Yoast SEO plugin. -->","yoast_head_json":{"title":"S-Foil High Aspect 1350 Lift - SROKA Company","robots":{"index":"noindex","follow":"follow","max-snippet":"max-snippet:-1","max-image-preview":"max-image-preview:large","max-video-preview":"max-video-preview:-1"},"og_locale":"es_ES","og_type":"article","og_title":"S-Foil High Aspect 1350 Lift - SROKA Company","og_description":"Elevador S-Foil HA 1350 El aler\u00f3n delantero High Aspect 1350 Lift foil te har\u00e1 deslizarte infinitamente a favor del viento y volver a conectar peque\u00f1os trenes de oleaje con una facilidad desconcertante en surf foil, wake foil o wingfoil en todas las condiciones. Esta vela te har\u00e1 redescubrir tus lugares habituales. Los cuerpos de agua [&hellip;]","og_url":"https:\/\/staging.srokafinal.lets-preprod.com\/es\/produit\/s-foil-high-aspect-1350-lift\/","og_site_name":"SROKA Company","article_publisher":"https:\/\/www.facebook.com\/srokawatersports\/","article_modified_time":"2024-05-30T09:12:11+00:00","og_image":[{"width":740,"height":1080,"url":"https:\/\/staging.srokafinal.lets-preprod.com\/wp-content\/uploads\/2022\/08\/1350-photo-produit-pour-site.png","type":"image\/png"}],"twitter_misc":{"Tiempo de lectura":"1 minuto"},"schema":{"@context":"https:\/\/schema.org","@graph":[{"@type":"WebPage","@id":"https:\/\/staging.srokafinal.lets-preprod.com\/es\/produit\/s-foil-high-aspect-1350-lift\/","url":"https:\/\/staging.srokafinal.lets-preprod.com\/es\/produit\/s-foil-high-aspect-1350-lift\/","name":"S-Foil High Aspect 1350 Lift - SROKA Company","isPartOf":{"@id":"https:\/\/staging.srokafinal.lets-preprod.com\/es\/#website"},"primaryImageOfPage":{"@id":"https:\/\/staging.srokafinal.lets-preprod.com\/es\/produit\/s-foil-high-aspect-1350-lift\/#primaryimage"},"image":{"@id":"https:\/\/staging.srokafinal.lets-preprod.com\/es\/produit\/s-foil-high-aspect-1350-lift\/#primaryimage"},"thumbnailUrl":"https:\/\/staging.srokafinal.lets-preprod.com\/wp-content\/uploads\/2022\/08\/1350-photo-produit-pour-site.png","datePublished":"2022-11-03T14:07:42+00:00","dateModified":"2024-05-30T09:12:11+00:00","breadcrumb":{"@id":"https:\/\/staging.srokafinal.lets-preprod.com\/es\/produit\/s-foil-high-aspect-1350-lift\/#breadcrumb"},"inLanguage":"es","potentialAction":[{"@type":"ReadAction","target":["https:\/\/staging.srokafinal.lets-preprod.com\/es\/produit\/s-foil-high-aspect-1350-lift\/"]}]},{"@type":"ImageObject","inLanguage":"es","@id":"https:\/\/staging.srokafinal.lets-preprod.com\/es\/produit\/s-foil-high-aspect-1350-lift\/#primaryimage","url":"https:\/\/staging.srokafinal.lets-preprod.com\/wp-content\/uploads\/2022\/08\/1350-photo-produit-pour-site.png","contentUrl":"https:\/\/staging.srokafinal.lets-preprod.com\/wp-content\/uploads\/2022\/08\/1350-photo-produit-pour-site.png","width":740,"height":1080},{"@type":"BreadcrumbList","@id":"https:\/\/staging.srokafinal.lets-preprod.com\/es\/produit\/s-foil-high-aspect-1350-lift\/#breadcrumb","itemListElement":[{"@type":"ListItem","position":1,"name":"Accueil","item":"https:\/\/staging.srokafinal.lets-preprod.com\/es\/"},{"@type":"ListItem","position":2,"name":"Boutique","item":"https:\/\/staging.srokafinal.lets-preprod.com\/boutique\/"},{"@type":"ListItem","position":3,"name":"S-Foil High Aspect 1350 Lift"}]},{"@type":"WebSite","@id":"https:\/\/staging.srokafinal.lets-preprod.com\/es\/#website","url":"https:\/\/staging.srokafinal.lets-preprod.com\/es\/","name":"SROKA Company","description":"SUP, Kite, Foil, Wing","publisher":{"@id":"https:\/\/staging.srokafinal.lets-preprod.com\/es\/#organization"},"potentialAction":[{"@type":"SearchAction","target":{"@type":"EntryPoint","urlTemplate":"https:\/\/staging.srokafinal.lets-preprod.com\/es\/?s={search_term_string}"},"query-input":{"@type":"PropertyValueSpecification","valueRequired":true,"valueName":"search_term_string"}}],"inLanguage":"es"},{"@type":"Organization","@id":"https:\/\/staging.srokafinal.lets-preprod.com\/es\/#organization","name":"SROKACOMPANY","alternateName":"SROKA","url":"https:\/\/staging.srokafinal.lets-preprod.com\/es\/","logo":{"@type":"ImageObject","inLanguage":"es","@id":"https:\/\/staging.srokafinal.lets-preprod.com\/es\/#\/schema\/logo\/image\/","url":"https:\/\/staging.srokafinal.lets-preprod.com\/wp-content\/uploads\/2021\/01\/logo-sroka-black-transpa.png","contentUrl":"https:\/\/staging.srokafinal.lets-preprod.com\/wp-content\/uploads\/2021\/01\/logo-sroka-black-transpa.png","width":1201,"height":342,"caption":"SROKACOMPANY"},"image":{"@id":"https:\/\/staging.srokafinal.lets-preprod.com\/es\/#\/schema\/logo\/image\/"},"sameAs":["https:\/\/www.facebook.com\/srokawatersports\/","https:\/\/www.instagram.com\/srokawatersports\/","https:\/\/www.youtube.com\/channel\/UCVLHHeaPIm-J5bdEUgxqtZA"]}]}},"uagb_featured_image_src":{"full":["https:\/\/staging.srokafinal.lets-preprod.com\/wp-content\/uploads\/2022\/08\/1350-photo-produit-pour-site.png",740,1080,false],"thumbnail":["https:\/\/staging.srokafinal.lets-preprod.com\/wp-content\/uploads\/2022\/08\/1350-photo-produit-pour-site-150x150.png",150,150,true],"medium":["https:\/\/staging.srokafinal.lets-preprod.com\/wp-content\/uploads\/2022\/08\/1350-photo-produit-pour-site-206x300.png",206,300,true],"medium_large":["https:\/\/staging.srokafinal.lets-preprod.com\/wp-content\/uploads\/2022\/08\/1350-photo-produit-pour-site.png",740,1080,false],"large":["https:\/\/staging.srokafinal.lets-preprod.com\/wp-content\/uploads\/2022\/08\/1350-photo-produit-pour-site-702x1024.png",702,1024,true],"1536x1536":["https:\/\/staging.srokafinal.lets-preprod.com\/wp-content\/uploads\/2022\/08\/1350-photo-produit-pour-site.png",740,1080,false],"2048x2048":["https:\/\/staging.srokafinal.lets-preprod.com\/wp-content\/uploads\/2022\/08\/1350-photo-produit-pour-site.png",740,1080,false],"woocommerce_thumbnail":["https:\/\/staging.srokafinal.lets-preprod.com\/wp-content\/uploads\/2022\/08\/1350-photo-produit-pour-site-600x876.png",600,876,true],"woocommerce_single":["https:\/\/staging.srokafinal.lets-preprod.com\/wp-content\/uploads\/2022\/08\/1350-photo-produit-pour-site-600x876.png",600,876,true],"woocommerce_gallery_thumbnail":["https:\/\/staging.srokafinal.lets-preprod.com\/wp-content\/uploads\/2022\/08\/1350-photo-produit-pour-site-100x100.png",100,100,true]},"uagb_author_info":{"display_name":"emmanuel.d emmanuel.d","author_link":"https:\/\/staging.srokafinal.lets-preprod.com\/es\/blog\/author\/"},"uagb_comment_info":0,"uagb_excerpt":"Elevador S-Foil HA 1350 El aler\u00f3n delantero High Aspect 1350 Lift foil te har\u00e1 deslizarte infinitamente a favor del viento y volver a conectar peque\u00f1os trenes de oleaje con una facilidad desconcertante en surf foil, wake foil o wingfoil en todas las condiciones. Esta vela te har\u00e1 redescubrir tus lugares habituales. Los cuerpos de agua&hellip;","_links":{"self":[{"href":"https:\/\/staging.srokafinal.lets-preprod.com\/es\/wp-json\/wp\/v2\/product\/110479","targetHints":{"allow":["GET"]}}],"collection":[{"href":"https:\/\/staging.srokafinal.lets-preprod.com\/es\/wp-json\/wp\/v2\/product"}],"about":[{"href":"https:\/\/staging.srokafinal.lets-preprod.com\/es\/wp-json\/wp\/v2\/types\/product"}],"wp:featuredmedia":[{"embeddable":true,"href":"https:\/\/staging.srokafinal.lets-preprod.com\/es\/wp-json\/wp\/v2\/media\/110474"}],"wp:attachment":[{"href":"https:\/\/staging.srokafinal.lets-preprod.com\/es\/wp-json\/wp\/v2\/media?parent=110479"}],"wp:term":[{"taxonomy":"product_brand","embeddable":true,"href":"https:\/\/staging.srokafinal.lets-preprod.com\/es\/wp-json\/wp\/v2\/product_brand?post=110479"},{"taxonomy":"product_cat","embeddable":true,"href":"https:\/\/staging.srokafinal.lets-preprod.com\/es\/wp-json\/wp\/v2\/product_cat?post=110479"},{"taxonomy":"product_tag","embeddable":true,"href":"https:\/\/staging.srokafinal.lets-preprod.com\/es\/wp-json\/wp\/v2\/product_tag?post=110479"}],"curies":[{"name":"wp","href":"https:\/\/api.w.org\/{rel}","templated":true}]}}