


{"id":110486,"date":"2023-02-24T14:44:04","date_gmt":"2023-02-24T12:44:04","guid":{"rendered":"https:\/\/srokacompany.com\/produit\/s-foil-high-aspect-1190-wave\/"},"modified":"2024-05-21T12:41:06","modified_gmt":"2024-05-21T12:41:06","slug":"s-foil-high-aspect-1190-wave","status":"publish","type":"product","link":"https:\/\/staging.srokafinal.lets-preprod.com\/es\/produit\/s-foil-high-aspect-1190-wave\/","title":{"rendered":"S-Foil High Aspect 1190 Wave"},"content":{"rendered":"<hr>\n<div class=\"group w-full text-gray-800 dark:text-gray-100 border-b border-black\/10 dark:border-gray-900\/50 bg-gray-50 dark:bg-[#444654]\">\n<div class=\"flex p-4 gap-4 text-base md:gap-6 md:max-w-2xl lg:max-w-[38rem] xl:max-w-3xl md:py-6 lg:px-0 m-auto\">\n<div class=\"relative flex w-[calc(100%-50px)] flex-col gap-1 md:gap-3 lg:w-[calc(100%-115px)]\">\n<div class=\"flex flex-grow flex-col gap-3\">\n<div class=\"min-h-[20px] flex items-start overflow-x-auto whitespace-pre-wrap break-words flex-col gap-4\">\n<div class=\"markdown prose w-full break-words dark:prose-invert light\">\n<p><strong>Flex Control: Una nueva forma de optimizar la eficiencia del bombeo.<\/strong><\/p>\n<p>Despu\u00e9s de numerosos prototipos y meses de investigaci\u00f3n y desarrollo, utilizamos diversas t\u00e9cnicas, como la cuidadosa selecci\u00f3n de materiales, la disposici\u00f3n estrat\u00e9gica de las capas de carbono, la distribuci\u00f3n selectiva de los refuerzos y el dise\u00f1o preciso de los perfiles para  <strong>Controla la flexi\u00f3n del aler\u00f3n delantero<\/strong>, proporcionando as\u00ed un perfil  <strong>igual que el 1190 Speed<\/strong>, pero con mayor flexibilidad para una mayor eficiencia de bombeo.<\/p>\n<p>Este es un compromiso ideal para <strong>aprovechar al m\u00e1ximo las olas peque\u00f1as y medianas,<\/strong> <strong>preservando su resistencia<\/strong> entre olas y manteniendo una alta velocidad de bombeo.<\/p>\n<p><a href=\"https:\/\/srokacompany.com\/produit\/aile-avant-1190-waves\/\">Ala sola aqu\u00ed.<\/a><\/p>\n<\/div>\n<\/div>\n<\/div>\n<div class=\"flex justify-between lg:block\">\n<div class=\"text-gray-400 flex self-end lg:self-center justify-center mt-2 gap-2 md:gap-3 lg:gap-1 lg:absolute lg:top-0 lg:translate-x-full lg:right-0 lg:mt-0 lg:pl-2 visible\">Descubre nuestro art\u00edculo <a href=\"https:\/\/srokacompany.com\/2022\/05\/comment-rendre-son-foil-plus-maniable\/\">sobre c\u00f3mo hacer que tu foil sea m\u00e1s maniobrable<\/a>.<\/div>\n<\/div>\n<\/div>\n<\/div>\n<\/div>\n","protected":false},"excerpt":{"rendered":"<p>Flex Control: Una nueva forma de optimizar la eficiencia del bombeo. Despu\u00e9s de numerosos prototipos y meses de investigaci\u00f3n y desarrollo, utilizamos diversas t\u00e9cnicas, como la cuidadosa selecci\u00f3n de materiales, la disposici\u00f3n estrat\u00e9gica de las capas de carbono, la distribuci\u00f3n selectiva de los refuerzos y el dise\u00f1o preciso de los perfiles para Controla la flexi\u00f3n [&hellip;]<\/p>\n","protected":false},"featured_media":110490,"template":"","meta":{"_acf_changed":false,"_uag_custom_page_level_css":""},"product_brand":[],"product_cat":[2476,2483,2531,2500,2542],"product_tag":[],"class_list":{"0":"post-110486","1":"product","2":"type-product","3":"status-publish","4":"has-post-thumbnail","6":"product_cat-lamina-de-alas","7":"product_cat-foil","8":"product_cat-todas-nuestras-laminas-high-aspect","9":"product_cat-aceite-de-surf","10":"product_cat-foils-surf-foil-es","11":"product_shipping_class-lamina-completa-o-piezas-de-repuesto-unidad-de-ala","12":"pa_longueur-du-fuselage-56cm","13":"pa_longueur-du-fuselage-2011","14":"pa_longueur-du-fuselage-2012","15":"pa_surface-du-stabilisateur-2007","16":"pa_surface-du-stabilisateur-2008","17":"pa_surface-du-stabilisateur-2009","18":"pa_taille-du-mat-70cm","19":"pa_taille-du-mat-80cm","20":"pa_taille-du-mat-90cm","22":"first","23":"instock","24":"taxable","25":"shipping-taxable","26":"purchasable","27":"product-type-variable","28":"has-default-attributes"},"acf":[],"yoast_head":"<!-- This site is optimized with the Yoast SEO plugin v25.1 - https:\/\/yoast.com\/wordpress\/plugins\/seo\/ -->\n<title>L\u00e1mina Sroka 1190 Waves | Surf Foil | SROKA Company<\/title>\n<meta name=\"description\" content=\"Cometa de surf foil r\u00e1pida y receptiva, control de flexi\u00f3n para una mayor eficiencia de bombeo. Ideal para olas peque\u00f1as y medianas.\" \/>\n<meta name=\"robots\" content=\"noindex, follow, max-snippet:-1, max-image-preview:large, max-video-preview:-1\" \/>\n<meta property=\"og:locale\" content=\"es_ES\" \/>\n<meta property=\"og:type\" content=\"article\" \/>\n<meta property=\"og:title\" content=\"L\u00e1mina Sroka 1190 Waves | Surf Foil | SROKA Company\" \/>\n<meta property=\"og:description\" content=\"Cometa de surf foil r\u00e1pida y receptiva, control de flexi\u00f3n para una mayor eficiencia de bombeo. Ideal para olas peque\u00f1as y medianas.\" \/>\n<meta property=\"og:url\" content=\"https:\/\/staging.srokafinal.lets-preprod.com\/es\/produit\/s-foil-high-aspect-1190-wave\/\" \/>\n<meta property=\"og:site_name\" content=\"SROKA Company\" \/>\n<meta property=\"article:publisher\" content=\"https:\/\/www.facebook.com\/srokawatersports\/\" \/>\n<meta property=\"article:modified_time\" content=\"2024-05-21T12:41:06+00:00\" \/>\n<meta property=\"og:image\" content=\"https:\/\/staging.srokafinal.lets-preprod.com\/wp-content\/uploads\/2023\/02\/1190-Wave-1.png\" \/>\n\t<meta property=\"og:image:width\" content=\"740\" \/>\n\t<meta property=\"og:image:height\" content=\"1080\" \/>\n\t<meta property=\"og:image:type\" content=\"image\/png\" \/>\n<meta name=\"twitter:label1\" content=\"Tiempo de lectura\" \/>\n\t<meta name=\"twitter:data1\" content=\"1 minuto\" \/>\n<script type=\"application\/ld+json\" class=\"yoast-schema-graph\">{\"@context\":\"https:\/\/schema.org\",\"@graph\":[{\"@type\":\"WebPage\",\"@id\":\"https:\/\/staging.srokafinal.lets-preprod.com\/es\/produit\/s-foil-high-aspect-1190-wave\/\",\"url\":\"https:\/\/staging.srokafinal.lets-preprod.com\/es\/produit\/s-foil-high-aspect-1190-wave\/\",\"name\":\"L\u00e1mina Sroka 1190 Waves | Surf Foil | SROKA Company\",\"isPartOf\":{\"@id\":\"https:\/\/staging.srokafinal.lets-preprod.com\/es\/#website\"},\"primaryImageOfPage\":{\"@id\":\"https:\/\/staging.srokafinal.lets-preprod.com\/es\/produit\/s-foil-high-aspect-1190-wave\/#primaryimage\"},\"image\":{\"@id\":\"https:\/\/staging.srokafinal.lets-preprod.com\/es\/produit\/s-foil-high-aspect-1190-wave\/#primaryimage\"},\"thumbnailUrl\":\"https:\/\/staging.srokafinal.lets-preprod.com\/wp-content\/uploads\/2023\/02\/1190-Wave-1.png\",\"datePublished\":\"2023-02-24T12:44:04+00:00\",\"dateModified\":\"2024-05-21T12:41:06+00:00\",\"description\":\"Cometa de surf foil r\u00e1pida y receptiva, control de flexi\u00f3n para una mayor eficiencia de bombeo. Ideal para olas peque\u00f1as y medianas.\",\"breadcrumb\":{\"@id\":\"https:\/\/staging.srokafinal.lets-preprod.com\/es\/produit\/s-foil-high-aspect-1190-wave\/#breadcrumb\"},\"inLanguage\":\"es\",\"potentialAction\":[{\"@type\":\"ReadAction\",\"target\":[\"https:\/\/staging.srokafinal.lets-preprod.com\/es\/produit\/s-foil-high-aspect-1190-wave\/\"]}]},{\"@type\":\"ImageObject\",\"inLanguage\":\"es\",\"@id\":\"https:\/\/staging.srokafinal.lets-preprod.com\/es\/produit\/s-foil-high-aspect-1190-wave\/#primaryimage\",\"url\":\"https:\/\/staging.srokafinal.lets-preprod.com\/wp-content\/uploads\/2023\/02\/1190-Wave-1.png\",\"contentUrl\":\"https:\/\/staging.srokafinal.lets-preprod.com\/wp-content\/uploads\/2023\/02\/1190-Wave-1.png\",\"width\":740,\"height\":1080},{\"@type\":\"BreadcrumbList\",\"@id\":\"https:\/\/staging.srokafinal.lets-preprod.com\/es\/produit\/s-foil-high-aspect-1190-wave\/#breadcrumb\",\"itemListElement\":[{\"@type\":\"ListItem\",\"position\":1,\"name\":\"Accueil\",\"item\":\"https:\/\/staging.srokafinal.lets-preprod.com\/es\/\"},{\"@type\":\"ListItem\",\"position\":2,\"name\":\"Boutique\",\"item\":\"https:\/\/staging.srokafinal.lets-preprod.com\/boutique\/\"},{\"@type\":\"ListItem\",\"position\":3,\"name\":\"S-Foil High Aspect 1190 Wave\"}]},{\"@type\":\"WebSite\",\"@id\":\"https:\/\/staging.srokafinal.lets-preprod.com\/es\/#website\",\"url\":\"https:\/\/staging.srokafinal.lets-preprod.com\/es\/\",\"name\":\"SROKA Company\",\"description\":\"SUP, Kite, Foil, Wing\",\"publisher\":{\"@id\":\"https:\/\/staging.srokafinal.lets-preprod.com\/es\/#organization\"},\"potentialAction\":[{\"@type\":\"SearchAction\",\"target\":{\"@type\":\"EntryPoint\",\"urlTemplate\":\"https:\/\/staging.srokafinal.lets-preprod.com\/es\/?s={search_term_string}\"},\"query-input\":{\"@type\":\"PropertyValueSpecification\",\"valueRequired\":true,\"valueName\":\"search_term_string\"}}],\"inLanguage\":\"es\"},{\"@type\":\"Organization\",\"@id\":\"https:\/\/staging.srokafinal.lets-preprod.com\/es\/#organization\",\"name\":\"SROKACOMPANY\",\"alternateName\":\"SROKA\",\"url\":\"https:\/\/staging.srokafinal.lets-preprod.com\/es\/\",\"logo\":{\"@type\":\"ImageObject\",\"inLanguage\":\"es\",\"@id\":\"https:\/\/staging.srokafinal.lets-preprod.com\/es\/#\/schema\/logo\/image\/\",\"url\":\"https:\/\/staging.srokafinal.lets-preprod.com\/wp-content\/uploads\/2021\/01\/logo-sroka-black-transpa.png\",\"contentUrl\":\"https:\/\/staging.srokafinal.lets-preprod.com\/wp-content\/uploads\/2021\/01\/logo-sroka-black-transpa.png\",\"width\":1201,\"height\":342,\"caption\":\"SROKACOMPANY\"},\"image\":{\"@id\":\"https:\/\/staging.srokafinal.lets-preprod.com\/es\/#\/schema\/logo\/image\/\"},\"sameAs\":[\"https:\/\/www.facebook.com\/srokawatersports\/\",\"https:\/\/www.instagram.com\/srokawatersports\/\",\"https:\/\/www.youtube.com\/channel\/UCVLHHeaPIm-J5bdEUgxqtZA\"]}]}<\/script>\n<!-- \/ Yoast SEO plugin. -->","yoast_head_json":{"title":"L\u00e1mina Sroka 1190 Waves | Surf Foil | SROKA Company","description":"Cometa de surf foil r\u00e1pida y receptiva, control de flexi\u00f3n para una mayor eficiencia de bombeo. Ideal para olas peque\u00f1as y medianas.","robots":{"index":"noindex","follow":"follow","max-snippet":"max-snippet:-1","max-image-preview":"max-image-preview:large","max-video-preview":"max-video-preview:-1"},"og_locale":"es_ES","og_type":"article","og_title":"L\u00e1mina Sroka 1190 Waves | Surf Foil | SROKA Company","og_description":"Cometa de surf foil r\u00e1pida y receptiva, control de flexi\u00f3n para una mayor eficiencia de bombeo. Ideal para olas peque\u00f1as y medianas.","og_url":"https:\/\/staging.srokafinal.lets-preprod.com\/es\/produit\/s-foil-high-aspect-1190-wave\/","og_site_name":"SROKA Company","article_publisher":"https:\/\/www.facebook.com\/srokawatersports\/","article_modified_time":"2024-05-21T12:41:06+00:00","og_image":[{"width":740,"height":1080,"url":"https:\/\/staging.srokafinal.lets-preprod.com\/wp-content\/uploads\/2023\/02\/1190-Wave-1.png","type":"image\/png"}],"twitter_misc":{"Tiempo de lectura":"1 minuto"},"schema":{"@context":"https:\/\/schema.org","@graph":[{"@type":"WebPage","@id":"https:\/\/staging.srokafinal.lets-preprod.com\/es\/produit\/s-foil-high-aspect-1190-wave\/","url":"https:\/\/staging.srokafinal.lets-preprod.com\/es\/produit\/s-foil-high-aspect-1190-wave\/","name":"L\u00e1mina Sroka 1190 Waves | Surf Foil | SROKA Company","isPartOf":{"@id":"https:\/\/staging.srokafinal.lets-preprod.com\/es\/#website"},"primaryImageOfPage":{"@id":"https:\/\/staging.srokafinal.lets-preprod.com\/es\/produit\/s-foil-high-aspect-1190-wave\/#primaryimage"},"image":{"@id":"https:\/\/staging.srokafinal.lets-preprod.com\/es\/produit\/s-foil-high-aspect-1190-wave\/#primaryimage"},"thumbnailUrl":"https:\/\/staging.srokafinal.lets-preprod.com\/wp-content\/uploads\/2023\/02\/1190-Wave-1.png","datePublished":"2023-02-24T12:44:04+00:00","dateModified":"2024-05-21T12:41:06+00:00","description":"Cometa de surf foil r\u00e1pida y receptiva, control de flexi\u00f3n para una mayor eficiencia de bombeo. Ideal para olas peque\u00f1as y medianas.","breadcrumb":{"@id":"https:\/\/staging.srokafinal.lets-preprod.com\/es\/produit\/s-foil-high-aspect-1190-wave\/#breadcrumb"},"inLanguage":"es","potentialAction":[{"@type":"ReadAction","target":["https:\/\/staging.srokafinal.lets-preprod.com\/es\/produit\/s-foil-high-aspect-1190-wave\/"]}]},{"@type":"ImageObject","inLanguage":"es","@id":"https:\/\/staging.srokafinal.lets-preprod.com\/es\/produit\/s-foil-high-aspect-1190-wave\/#primaryimage","url":"https:\/\/staging.srokafinal.lets-preprod.com\/wp-content\/uploads\/2023\/02\/1190-Wave-1.png","contentUrl":"https:\/\/staging.srokafinal.lets-preprod.com\/wp-content\/uploads\/2023\/02\/1190-Wave-1.png","width":740,"height":1080},{"@type":"BreadcrumbList","@id":"https:\/\/staging.srokafinal.lets-preprod.com\/es\/produit\/s-foil-high-aspect-1190-wave\/#breadcrumb","itemListElement":[{"@type":"ListItem","position":1,"name":"Accueil","item":"https:\/\/staging.srokafinal.lets-preprod.com\/es\/"},{"@type":"ListItem","position":2,"name":"Boutique","item":"https:\/\/staging.srokafinal.lets-preprod.com\/boutique\/"},{"@type":"ListItem","position":3,"name":"S-Foil High Aspect 1190 Wave"}]},{"@type":"WebSite","@id":"https:\/\/staging.srokafinal.lets-preprod.com\/es\/#website","url":"https:\/\/staging.srokafinal.lets-preprod.com\/es\/","name":"SROKA Company","description":"SUP, Kite, Foil, Wing","publisher":{"@id":"https:\/\/staging.srokafinal.lets-preprod.com\/es\/#organization"},"potentialAction":[{"@type":"SearchAction","target":{"@type":"EntryPoint","urlTemplate":"https:\/\/staging.srokafinal.lets-preprod.com\/es\/?s={search_term_string}"},"query-input":{"@type":"PropertyValueSpecification","valueRequired":true,"valueName":"search_term_string"}}],"inLanguage":"es"},{"@type":"Organization","@id":"https:\/\/staging.srokafinal.lets-preprod.com\/es\/#organization","name":"SROKACOMPANY","alternateName":"SROKA","url":"https:\/\/staging.srokafinal.lets-preprod.com\/es\/","logo":{"@type":"ImageObject","inLanguage":"es","@id":"https:\/\/staging.srokafinal.lets-preprod.com\/es\/#\/schema\/logo\/image\/","url":"https:\/\/staging.srokafinal.lets-preprod.com\/wp-content\/uploads\/2021\/01\/logo-sroka-black-transpa.png","contentUrl":"https:\/\/staging.srokafinal.lets-preprod.com\/wp-content\/uploads\/2021\/01\/logo-sroka-black-transpa.png","width":1201,"height":342,"caption":"SROKACOMPANY"},"image":{"@id":"https:\/\/staging.srokafinal.lets-preprod.com\/es\/#\/schema\/logo\/image\/"},"sameAs":["https:\/\/www.facebook.com\/srokawatersports\/","https:\/\/www.instagram.com\/srokawatersports\/","https:\/\/www.youtube.com\/channel\/UCVLHHeaPIm-J5bdEUgxqtZA"]}]}},"uagb_featured_image_src":{"full":["https:\/\/staging.srokafinal.lets-preprod.com\/wp-content\/uploads\/2023\/02\/1190-Wave-1.png",740,1080,false],"thumbnail":["https:\/\/staging.srokafinal.lets-preprod.com\/wp-content\/uploads\/2023\/02\/1190-Wave-1-150x150.png",150,150,true],"medium":["https:\/\/staging.srokafinal.lets-preprod.com\/wp-content\/uploads\/2023\/02\/1190-Wave-1-206x300.png",206,300,true],"medium_large":["https:\/\/staging.srokafinal.lets-preprod.com\/wp-content\/uploads\/2023\/02\/1190-Wave-1.png",740,1080,false],"large":["https:\/\/staging.srokafinal.lets-preprod.com\/wp-content\/uploads\/2023\/02\/1190-Wave-1-702x1024.png",702,1024,true],"1536x1536":["https:\/\/staging.srokafinal.lets-preprod.com\/wp-content\/uploads\/2023\/02\/1190-Wave-1.png",740,1080,false],"2048x2048":["https:\/\/staging.srokafinal.lets-preprod.com\/wp-content\/uploads\/2023\/02\/1190-Wave-1.png",740,1080,false],"woocommerce_thumbnail":["https:\/\/staging.srokafinal.lets-preprod.com\/wp-content\/uploads\/2023\/02\/1190-Wave-1-600x876.png",600,876,true],"woocommerce_single":["https:\/\/staging.srokafinal.lets-preprod.com\/wp-content\/uploads\/2023\/02\/1190-Wave-1-600x876.png",600,876,true],"woocommerce_gallery_thumbnail":["https:\/\/staging.srokafinal.lets-preprod.com\/wp-content\/uploads\/2023\/02\/1190-Wave-1-100x100.png",100,100,true]},"uagb_author_info":{"display_name":"emmanuel.d emmanuel.d","author_link":"https:\/\/staging.srokafinal.lets-preprod.com\/es\/blog\/author\/"},"uagb_comment_info":0,"uagb_excerpt":"Flex Control: Una nueva forma de optimizar la eficiencia del bombeo. Despu\u00e9s de numerosos prototipos y meses de investigaci\u00f3n y desarrollo, utilizamos diversas t\u00e9cnicas, como la cuidadosa selecci\u00f3n de materiales, la disposici\u00f3n estrat\u00e9gica de las capas de carbono, la distribuci\u00f3n selectiva de los refuerzos y el dise\u00f1o preciso de los perfiles para Controla la flexi\u00f3n&hellip;","_links":{"self":[{"href":"https:\/\/staging.srokafinal.lets-preprod.com\/es\/wp-json\/wp\/v2\/product\/110486","targetHints":{"allow":["GET"]}}],"collection":[{"href":"https:\/\/staging.srokafinal.lets-preprod.com\/es\/wp-json\/wp\/v2\/product"}],"about":[{"href":"https:\/\/staging.srokafinal.lets-preprod.com\/es\/wp-json\/wp\/v2\/types\/product"}],"wp:featuredmedia":[{"embeddable":true,"href":"https:\/\/staging.srokafinal.lets-preprod.com\/es\/wp-json\/wp\/v2\/media\/110490"}],"wp:attachment":[{"href":"https:\/\/staging.srokafinal.lets-preprod.com\/es\/wp-json\/wp\/v2\/media?parent=110486"}],"wp:term":[{"taxonomy":"product_brand","embeddable":true,"href":"https:\/\/staging.srokafinal.lets-preprod.com\/es\/wp-json\/wp\/v2\/product_brand?post=110486"},{"taxonomy":"product_cat","embeddable":true,"href":"https:\/\/staging.srokafinal.lets-preprod.com\/es\/wp-json\/wp\/v2\/product_cat?post=110486"},{"taxonomy":"product_tag","embeddable":true,"href":"https:\/\/staging.srokafinal.lets-preprod.com\/es\/wp-json\/wp\/v2\/product_tag?post=110486"}],"curies":[{"name":"wp","href":"https:\/\/api.w.org\/{rel}","templated":true}]}}