


{"id":110541,"date":"2022-12-14T09:47:07","date_gmt":"2022-12-14T07:47:07","guid":{"rendered":"https:\/\/srokacompany.com\/produit\/tarjeta-de-regalo-empresa-sroka\/"},"modified":"2024-05-21T12:40:56","modified_gmt":"2024-05-21T12:40:56","slug":"tarjeta-de-regalo-empresa-sroka","status":"publish","type":"product","link":"https:\/\/staging.srokafinal.lets-preprod.com\/es\/produit\/tarjeta-de-regalo-empresa-sroka\/","title":{"rendered":"Tarjeta de regalo | Empresa SROKA"},"content":{"rendered":"<hr>\n","protected":false},"excerpt":{"rendered":"","protected":false},"featured_media":108028,"template":"","meta":{"_acf_changed":false,"_uag_custom_page_level_css":""},"product_brand":[],"product_cat":[3161],"product_tag":[],"class_list":{"0":"post-110541","1":"product","2":"type-product","3":"status-publish","4":"has-post-thumbnail","6":"product_cat-gama-uha-downwind","8":"first","9":"instock","10":"sale","11":"taxable","12":"shipping-taxable","13":"purchasable","14":"product-type-variable","15":"has-default-attributes"},"acf":[],"yoast_head":"<!-- This site is optimized with the Yoast SEO plugin v25.1 - https:\/\/yoast.com\/wordpress\/plugins\/seo\/ -->\n<title>Tarjeta de regalo | Empresa SROKA - SROKA Company<\/title>\n<meta name=\"description\" content=\"Ofrezca una tarjeta de regalo para usar en todo el sitio de SROKA por un per\u00edodo de un a\u00f1o. M\u00e1s de un centenar de productos disponibles para los amantes del Foil y el Stand Up Paddle.\" \/>\n<meta name=\"robots\" content=\"noindex, follow, max-snippet:-1, max-image-preview:large, max-video-preview:-1\" \/>\n<meta property=\"og:locale\" content=\"es_ES\" \/>\n<meta property=\"og:type\" content=\"article\" \/>\n<meta property=\"og:title\" content=\"Tarjeta de regalo | Empresa SROKA - SROKA Company\" \/>\n<meta property=\"og:description\" content=\"Ofrezca una tarjeta de regalo para usar en todo el sitio de SROKA por un per\u00edodo de un a\u00f1o. M\u00e1s de un centenar de productos disponibles para los amantes del Foil y el Stand Up Paddle.\" \/>\n<meta property=\"og:url\" content=\"https:\/\/staging.srokafinal.lets-preprod.com\/es\/produit\/tarjeta-de-regalo-empresa-sroka\/\" \/>\n<meta property=\"og:site_name\" content=\"SROKA Company\" \/>\n<meta property=\"article:publisher\" content=\"https:\/\/www.facebook.com\/srokawatersports\/\" \/>\n<meta property=\"article:modified_time\" content=\"2024-05-21T12:40:56+00:00\" \/>\n<meta property=\"og:image\" content=\"https:\/\/staging.srokafinal.lets-preprod.com\/wp-content\/uploads\/2022\/12\/Capture-de\u0301cran-2022-12-09-a\u0300-13.03.43-1024x678.png\" \/>\n\t<meta property=\"og:image:width\" content=\"1024\" \/>\n\t<meta property=\"og:image:height\" content=\"678\" \/>\n\t<meta property=\"og:image:type\" content=\"image\/png\" \/>\n<script type=\"application\/ld+json\" class=\"yoast-schema-graph\">{\"@context\":\"https:\/\/schema.org\",\"@graph\":[{\"@type\":\"WebPage\",\"@id\":\"https:\/\/staging.srokafinal.lets-preprod.com\/es\/produit\/tarjeta-de-regalo-empresa-sroka\/\",\"url\":\"https:\/\/staging.srokafinal.lets-preprod.com\/es\/produit\/tarjeta-de-regalo-empresa-sroka\/\",\"name\":\"Tarjeta de regalo | Empresa SROKA - SROKA Company\",\"isPartOf\":{\"@id\":\"https:\/\/staging.srokafinal.lets-preprod.com\/es\/#website\"},\"primaryImageOfPage\":{\"@id\":\"https:\/\/staging.srokafinal.lets-preprod.com\/es\/produit\/tarjeta-de-regalo-empresa-sroka\/#primaryimage\"},\"image\":{\"@id\":\"https:\/\/staging.srokafinal.lets-preprod.com\/es\/produit\/tarjeta-de-regalo-empresa-sroka\/#primaryimage\"},\"thumbnailUrl\":\"https:\/\/staging.srokafinal.lets-preprod.com\/wp-content\/uploads\/2022\/12\/Capture-de\u0301cran-2022-12-09-a\u0300-13.03.43.png\",\"datePublished\":\"2022-12-14T07:47:07+00:00\",\"dateModified\":\"2024-05-21T12:40:56+00:00\",\"description\":\"Ofrezca una tarjeta de regalo para usar en todo el sitio de SROKA por un per\u00edodo de un a\u00f1o. M\u00e1s de un centenar de productos disponibles para los amantes del Foil y el Stand Up Paddle.\",\"breadcrumb\":{\"@id\":\"https:\/\/staging.srokafinal.lets-preprod.com\/es\/produit\/tarjeta-de-regalo-empresa-sroka\/#breadcrumb\"},\"inLanguage\":\"es\",\"potentialAction\":[{\"@type\":\"ReadAction\",\"target\":[\"https:\/\/staging.srokafinal.lets-preprod.com\/es\/produit\/tarjeta-de-regalo-empresa-sroka\/\"]}]},{\"@type\":\"ImageObject\",\"inLanguage\":\"es\",\"@id\":\"https:\/\/staging.srokafinal.lets-preprod.com\/es\/produit\/tarjeta-de-regalo-empresa-sroka\/#primaryimage\",\"url\":\"https:\/\/staging.srokafinal.lets-preprod.com\/wp-content\/uploads\/2022\/12\/Capture-de\u0301cran-2022-12-09-a\u0300-13.03.43.png\",\"contentUrl\":\"https:\/\/staging.srokafinal.lets-preprod.com\/wp-content\/uploads\/2022\/12\/Capture-de\u0301cran-2022-12-09-a\u0300-13.03.43.png\",\"width\":1830,\"height\":1212},{\"@type\":\"BreadcrumbList\",\"@id\":\"https:\/\/staging.srokafinal.lets-preprod.com\/es\/produit\/tarjeta-de-regalo-empresa-sroka\/#breadcrumb\",\"itemListElement\":[{\"@type\":\"ListItem\",\"position\":1,\"name\":\"Accueil\",\"item\":\"https:\/\/staging.srokafinal.lets-preprod.com\/es\/\"},{\"@type\":\"ListItem\",\"position\":2,\"name\":\"Boutique\",\"item\":\"https:\/\/staging.srokafinal.lets-preprod.com\/boutique\/\"},{\"@type\":\"ListItem\",\"position\":3,\"name\":\"Tarjeta de regalo | Empresa SROKA\"}]},{\"@type\":\"WebSite\",\"@id\":\"https:\/\/staging.srokafinal.lets-preprod.com\/es\/#website\",\"url\":\"https:\/\/staging.srokafinal.lets-preprod.com\/es\/\",\"name\":\"SROKA Company\",\"description\":\"SUP, Kite, Foil, Wing\",\"publisher\":{\"@id\":\"https:\/\/staging.srokafinal.lets-preprod.com\/es\/#organization\"},\"potentialAction\":[{\"@type\":\"SearchAction\",\"target\":{\"@type\":\"EntryPoint\",\"urlTemplate\":\"https:\/\/staging.srokafinal.lets-preprod.com\/es\/?s={search_term_string}\"},\"query-input\":{\"@type\":\"PropertyValueSpecification\",\"valueRequired\":true,\"valueName\":\"search_term_string\"}}],\"inLanguage\":\"es\"},{\"@type\":\"Organization\",\"@id\":\"https:\/\/staging.srokafinal.lets-preprod.com\/es\/#organization\",\"name\":\"SROKACOMPANY\",\"alternateName\":\"SROKA\",\"url\":\"https:\/\/staging.srokafinal.lets-preprod.com\/es\/\",\"logo\":{\"@type\":\"ImageObject\",\"inLanguage\":\"es\",\"@id\":\"https:\/\/staging.srokafinal.lets-preprod.com\/es\/#\/schema\/logo\/image\/\",\"url\":\"https:\/\/staging.srokafinal.lets-preprod.com\/wp-content\/uploads\/2021\/01\/logo-sroka-black-transpa.png\",\"contentUrl\":\"https:\/\/staging.srokafinal.lets-preprod.com\/wp-content\/uploads\/2021\/01\/logo-sroka-black-transpa.png\",\"width\":1201,\"height\":342,\"caption\":\"SROKACOMPANY\"},\"image\":{\"@id\":\"https:\/\/staging.srokafinal.lets-preprod.com\/es\/#\/schema\/logo\/image\/\"},\"sameAs\":[\"https:\/\/www.facebook.com\/srokawatersports\/\",\"https:\/\/www.instagram.com\/srokawatersports\/\",\"https:\/\/www.youtube.com\/channel\/UCVLHHeaPIm-J5bdEUgxqtZA\"]}]}<\/script>\n<!-- \/ Yoast SEO plugin. -->","yoast_head_json":{"title":"Tarjeta de regalo | Empresa SROKA - SROKA Company","description":"Ofrezca una tarjeta de regalo para usar en todo el sitio de SROKA por un per\u00edodo de un a\u00f1o. M\u00e1s de un centenar de productos disponibles para los amantes del Foil y el Stand Up Paddle.","robots":{"index":"noindex","follow":"follow","max-snippet":"max-snippet:-1","max-image-preview":"max-image-preview:large","max-video-preview":"max-video-preview:-1"},"og_locale":"es_ES","og_type":"article","og_title":"Tarjeta de regalo | Empresa SROKA - SROKA Company","og_description":"Ofrezca una tarjeta de regalo para usar en todo el sitio de SROKA por un per\u00edodo de un a\u00f1o. M\u00e1s de un centenar de productos disponibles para los amantes del Foil y el Stand Up Paddle.","og_url":"https:\/\/staging.srokafinal.lets-preprod.com\/es\/produit\/tarjeta-de-regalo-empresa-sroka\/","og_site_name":"SROKA Company","article_publisher":"https:\/\/www.facebook.com\/srokawatersports\/","article_modified_time":"2024-05-21T12:40:56+00:00","og_image":[{"width":1024,"height":678,"url":"https:\/\/staging.srokafinal.lets-preprod.com\/wp-content\/uploads\/2022\/12\/Capture-de\u0301cran-2022-12-09-a\u0300-13.03.43-1024x678.png","type":"image\/png"}],"schema":{"@context":"https:\/\/schema.org","@graph":[{"@type":"WebPage","@id":"https:\/\/staging.srokafinal.lets-preprod.com\/es\/produit\/tarjeta-de-regalo-empresa-sroka\/","url":"https:\/\/staging.srokafinal.lets-preprod.com\/es\/produit\/tarjeta-de-regalo-empresa-sroka\/","name":"Tarjeta de regalo | Empresa SROKA - SROKA Company","isPartOf":{"@id":"https:\/\/staging.srokafinal.lets-preprod.com\/es\/#website"},"primaryImageOfPage":{"@id":"https:\/\/staging.srokafinal.lets-preprod.com\/es\/produit\/tarjeta-de-regalo-empresa-sroka\/#primaryimage"},"image":{"@id":"https:\/\/staging.srokafinal.lets-preprod.com\/es\/produit\/tarjeta-de-regalo-empresa-sroka\/#primaryimage"},"thumbnailUrl":"https:\/\/staging.srokafinal.lets-preprod.com\/wp-content\/uploads\/2022\/12\/Capture-de\u0301cran-2022-12-09-a\u0300-13.03.43.png","datePublished":"2022-12-14T07:47:07+00:00","dateModified":"2024-05-21T12:40:56+00:00","description":"Ofrezca una tarjeta de regalo para usar en todo el sitio de SROKA por un per\u00edodo de un a\u00f1o. M\u00e1s de un centenar de productos disponibles para los amantes del Foil y el Stand Up Paddle.","breadcrumb":{"@id":"https:\/\/staging.srokafinal.lets-preprod.com\/es\/produit\/tarjeta-de-regalo-empresa-sroka\/#breadcrumb"},"inLanguage":"es","potentialAction":[{"@type":"ReadAction","target":["https:\/\/staging.srokafinal.lets-preprod.com\/es\/produit\/tarjeta-de-regalo-empresa-sroka\/"]}]},{"@type":"ImageObject","inLanguage":"es","@id":"https:\/\/staging.srokafinal.lets-preprod.com\/es\/produit\/tarjeta-de-regalo-empresa-sroka\/#primaryimage","url":"https:\/\/staging.srokafinal.lets-preprod.com\/wp-content\/uploads\/2022\/12\/Capture-de\u0301cran-2022-12-09-a\u0300-13.03.43.png","contentUrl":"https:\/\/staging.srokafinal.lets-preprod.com\/wp-content\/uploads\/2022\/12\/Capture-de\u0301cran-2022-12-09-a\u0300-13.03.43.png","width":1830,"height":1212},{"@type":"BreadcrumbList","@id":"https:\/\/staging.srokafinal.lets-preprod.com\/es\/produit\/tarjeta-de-regalo-empresa-sroka\/#breadcrumb","itemListElement":[{"@type":"ListItem","position":1,"name":"Accueil","item":"https:\/\/staging.srokafinal.lets-preprod.com\/es\/"},{"@type":"ListItem","position":2,"name":"Boutique","item":"https:\/\/staging.srokafinal.lets-preprod.com\/boutique\/"},{"@type":"ListItem","position":3,"name":"Tarjeta de regalo | Empresa SROKA"}]},{"@type":"WebSite","@id":"https:\/\/staging.srokafinal.lets-preprod.com\/es\/#website","url":"https:\/\/staging.srokafinal.lets-preprod.com\/es\/","name":"SROKA Company","description":"SUP, Kite, Foil, Wing","publisher":{"@id":"https:\/\/staging.srokafinal.lets-preprod.com\/es\/#organization"},"potentialAction":[{"@type":"SearchAction","target":{"@type":"EntryPoint","urlTemplate":"https:\/\/staging.srokafinal.lets-preprod.com\/es\/?s={search_term_string}"},"query-input":{"@type":"PropertyValueSpecification","valueRequired":true,"valueName":"search_term_string"}}],"inLanguage":"es"},{"@type":"Organization","@id":"https:\/\/staging.srokafinal.lets-preprod.com\/es\/#organization","name":"SROKACOMPANY","alternateName":"SROKA","url":"https:\/\/staging.srokafinal.lets-preprod.com\/es\/","logo":{"@type":"ImageObject","inLanguage":"es","@id":"https:\/\/staging.srokafinal.lets-preprod.com\/es\/#\/schema\/logo\/image\/","url":"https:\/\/staging.srokafinal.lets-preprod.com\/wp-content\/uploads\/2021\/01\/logo-sroka-black-transpa.png","contentUrl":"https:\/\/staging.srokafinal.lets-preprod.com\/wp-content\/uploads\/2021\/01\/logo-sroka-black-transpa.png","width":1201,"height":342,"caption":"SROKACOMPANY"},"image":{"@id":"https:\/\/staging.srokafinal.lets-preprod.com\/es\/#\/schema\/logo\/image\/"},"sameAs":["https:\/\/www.facebook.com\/srokawatersports\/","https:\/\/www.instagram.com\/srokawatersports\/","https:\/\/www.youtube.com\/channel\/UCVLHHeaPIm-J5bdEUgxqtZA"]}]}},"uagb_featured_image_src":{"full":["https:\/\/staging.srokafinal.lets-preprod.com\/wp-content\/uploads\/2022\/12\/Capture-de\u0301cran-2022-12-09-a\u0300-13.03.43.png",1830,1212,false],"thumbnail":["https:\/\/staging.srokafinal.lets-preprod.com\/wp-content\/uploads\/2022\/12\/Capture-de\u0301cran-2022-12-09-a\u0300-13.03.43-150x150.png",150,150,true],"medium":["https:\/\/staging.srokafinal.lets-preprod.com\/wp-content\/uploads\/2022\/12\/Capture-de\u0301cran-2022-12-09-a\u0300-13.03.43-300x199.png",300,199,true],"medium_large":["https:\/\/staging.srokafinal.lets-preprod.com\/wp-content\/uploads\/2022\/12\/Capture-de\u0301cran-2022-12-09-a\u0300-13.03.43-768x509.png",768,509,true],"large":["https:\/\/staging.srokafinal.lets-preprod.com\/wp-content\/uploads\/2022\/12\/Capture-de\u0301cran-2022-12-09-a\u0300-13.03.43-1024x678.png",1024,678,true],"1536x1536":["https:\/\/staging.srokafinal.lets-preprod.com\/wp-content\/uploads\/2022\/12\/Capture-de\u0301cran-2022-12-09-a\u0300-13.03.43-1536x1017.png",1536,1017,true],"2048x2048":["https:\/\/staging.srokafinal.lets-preprod.com\/wp-content\/uploads\/2022\/12\/Capture-de\u0301cran-2022-12-09-a\u0300-13.03.43.png",1830,1212,false],"woocommerce_thumbnail":["https:\/\/staging.srokafinal.lets-preprod.com\/wp-content\/uploads\/2022\/12\/Capture-de\u0301cran-2022-12-09-a\u0300-13.03.43-600x397.png",600,397,true],"woocommerce_single":["https:\/\/staging.srokafinal.lets-preprod.com\/wp-content\/uploads\/2022\/12\/Capture-de\u0301cran-2022-12-09-a\u0300-13.03.43-600x397.png",600,397,true],"woocommerce_gallery_thumbnail":["https:\/\/staging.srokafinal.lets-preprod.com\/wp-content\/uploads\/2022\/12\/Capture-de\u0301cran-2022-12-09-a\u0300-13.03.43-100x100.png",100,100,true]},"uagb_author_info":{"display_name":"emmanuel.d emmanuel.d","author_link":"https:\/\/staging.srokafinal.lets-preprod.com\/es\/blog\/author\/"},"uagb_comment_info":0,"uagb_excerpt":null,"_links":{"self":[{"href":"https:\/\/staging.srokafinal.lets-preprod.com\/es\/wp-json\/wp\/v2\/product\/110541","targetHints":{"allow":["GET"]}}],"collection":[{"href":"https:\/\/staging.srokafinal.lets-preprod.com\/es\/wp-json\/wp\/v2\/product"}],"about":[{"href":"https:\/\/staging.srokafinal.lets-preprod.com\/es\/wp-json\/wp\/v2\/types\/product"}],"wp:featuredmedia":[{"embeddable":true,"href":"https:\/\/staging.srokafinal.lets-preprod.com\/es\/wp-json\/wp\/v2\/media\/108028"}],"wp:attachment":[{"href":"https:\/\/staging.srokafinal.lets-preprod.com\/es\/wp-json\/wp\/v2\/media?parent=110541"}],"wp:term":[{"taxonomy":"product_brand","embeddable":true,"href":"https:\/\/staging.srokafinal.lets-preprod.com\/es\/wp-json\/wp\/v2\/product_brand?post=110541"},{"taxonomy":"product_cat","embeddable":true,"href":"https:\/\/staging.srokafinal.lets-preprod.com\/es\/wp-json\/wp\/v2\/product_cat?post=110541"},{"taxonomy":"product_tag","embeddable":true,"href":"https:\/\/staging.srokafinal.lets-preprod.com\/es\/wp-json\/wp\/v2\/product_tag?post=110541"}],"curies":[{"name":"wp","href":"https:\/\/api.w.org\/{rel}","templated":true}]}}