


{"id":110544,"date":"2023-02-14T08:32:12","date_gmt":"2023-02-14T08:32:12","guid":{"rendered":"https:\/\/srokacompany.com\/produit\/sky-rider-wingfoil-classic-s-foil-wing-v4-pack\/"},"modified":"2024-09-13T04:34:50","modified_gmt":"2024-09-13T04:34:50","slug":"sky-rider-wingfoil-classic-s-foil-wing-v4-pack","status":"publish","type":"product","link":"https:\/\/staging.srokafinal.lets-preprod.com\/es\/produit\/sky-rider-wingfoil-classic-s-foil-wing-v4-pack\/","title":{"rendered":"Sky Rider Wing Foil + Classic S-Foil + Wing V4 Pack"},"content":{"rendered":"<hr>\n<h3 class=\"p1\"><b><i>&#8220;El pack de Wing Foil ideal para progresar infinitamente sin tener que cambiar de equipo cada 3 meses&#8221;<\/i><\/b><\/h3>\n<p class=\"p1\">Este pack est\u00e1 compuesto por una <b>tabla r\u00edgida Sky Rider V2 de nueva generaci\u00f3n<\/b>, un <b>Classic S-foil<\/b> y una <b>Wing V4<\/b> con una excelente relaci\u00f3n precio\/prestaciones.<\/p>\n<p class=\"p1\">La nueva generaci\u00f3n de Sky Riders se ha vuelto a\u00fan m\u00e1s<span class=\"Apple-converted-space\">  <\/span>M\u00e1s maniobrable y compacto. Mantenemos una <b>forma ultra polivalente (tipo &#8220;tomo&#8221;)<\/b> que te permitir\u00e1 <b>progresar<\/b> sin estar limitado por el tama\u00f1o de la tabla. Estas nuevas formas son m\u00e1s cortas y compactas para el mismo volumen, lo que les da m\u00e1s maniobrabilidad y control sin comprometer la facilidad de uso. Con el fin de ofrecerte <b>tablas resistentes y duraderas <\/b>en el tiempo, utilizamos la <b>construcci\u00f3n s\u00e1ndwich de PVC con refuerzos de fibra de carbono<\/b>.<\/p>\n<p class=\"p1\">El Wing V4 te ofrecer\u00e1 el m\u00e1ximo rendimiento, estabilidad y versatilidad. Ya no necesitar\u00e1s acumular las alas en tu carcaj, con dos tama\u00f1os cubres el 90% de tus condiciones de viento.<\/p>\n","protected":false},"excerpt":{"rendered":"<p>&#8220;El pack de Wing Foil ideal para progresar infinitamente sin tener que cambiar de equipo cada 3 meses&#8221; Este pack est\u00e1 compuesto por una tabla r\u00edgida Sky Rider V2 de nueva generaci\u00f3n, un Classic S-foil y una Wing V4 con una excelente relaci\u00f3n precio\/prestaciones. La nueva generaci\u00f3n de Sky Riders se ha vuelto a\u00fan m\u00e1s [&hellip;]<\/p>\n","protected":false},"featured_media":110547,"template":"","meta":{"_acf_changed":false,"_uag_custom_page_level_css":""},"product_brand":[],"product_cat":[2476,2569],"product_tag":[],"class_list":{"0":"post-110544","1":"product","2":"type-product","3":"status-publish","4":"has-post-thumbnail","6":"product_cat-lamina-de-alas","7":"product_cat-todos-nuestros-packs-de-laminas-de-alas-hinchables","9":"first","10":"instock","11":"taxable","12":"shipping-taxable","13":"purchasable","14":"product-type-woosb"},"acf":[],"yoast_head":"<!-- This site is optimized with the Yoast SEO plugin v25.1 - https:\/\/yoast.com\/wordpress\/plugins\/seo\/ -->\n<title>Pack Sroka Wing Foil: Tabla Sky Rider, Classic Foil, Wing V4<\/title>\n<meta name=\"description\" content=\"Sroka Wing Foil Pack: el combo ganador para progresar en wingfoil. Equipos potentes, vers\u00e1tiles y duraderos. Echa un vistazo a los detalles aqu\u00ed.\" \/>\n<meta name=\"robots\" content=\"noindex, follow, max-snippet:-1, max-image-preview:large, max-video-preview:-1\" \/>\n<meta property=\"og:locale\" content=\"es_ES\" \/>\n<meta property=\"og:type\" content=\"article\" \/>\n<meta property=\"og:title\" content=\"Pack Sroka Wing Foil: Tabla Sky Rider, Classic Foil, Wing V4\" \/>\n<meta property=\"og:description\" content=\"Sroka Wing Foil Pack: el combo ganador para progresar en wingfoil. Equipos potentes, vers\u00e1tiles y duraderos. Echa un vistazo a los detalles aqu\u00ed.\" \/>\n<meta property=\"og:url\" content=\"https:\/\/staging.srokafinal.lets-preprod.com\/es\/produit\/sky-rider-wingfoil-classic-s-foil-wing-v4-pack\/\" \/>\n<meta property=\"og:site_name\" content=\"SROKA Company\" \/>\n<meta property=\"article:publisher\" content=\"https:\/\/www.facebook.com\/srokawatersports\/\" \/>\n<meta property=\"article:modified_time\" content=\"2024-09-13T04:34:50+00:00\" \/>\n<meta property=\"og:image\" content=\"https:\/\/staging.srokafinal.lets-preprod.com\/wp-content\/uploads\/2023\/02\/Pack-wing-foil-SROKA.jpg\" \/>\n\t<meta property=\"og:image:width\" content=\"1080\" \/>\n\t<meta property=\"og:image:height\" content=\"1080\" \/>\n\t<meta property=\"og:image:type\" content=\"image\/jpeg\" \/>\n<meta name=\"twitter:label1\" content=\"Tiempo de lectura\" \/>\n\t<meta name=\"twitter:data1\" content=\"1 minuto\" \/>\n<script type=\"application\/ld+json\" class=\"yoast-schema-graph\">{\"@context\":\"https:\/\/schema.org\",\"@graph\":[{\"@type\":\"WebPage\",\"@id\":\"https:\/\/staging.srokafinal.lets-preprod.com\/es\/produit\/sky-rider-wingfoil-classic-s-foil-wing-v4-pack\/\",\"url\":\"https:\/\/staging.srokafinal.lets-preprod.com\/es\/produit\/sky-rider-wingfoil-classic-s-foil-wing-v4-pack\/\",\"name\":\"Pack Sroka Wing Foil: Tabla Sky Rider, Classic Foil, Wing V4\",\"isPartOf\":{\"@id\":\"https:\/\/staging.srokafinal.lets-preprod.com\/es\/#website\"},\"primaryImageOfPage\":{\"@id\":\"https:\/\/staging.srokafinal.lets-preprod.com\/es\/produit\/sky-rider-wingfoil-classic-s-foil-wing-v4-pack\/#primaryimage\"},\"image\":{\"@id\":\"https:\/\/staging.srokafinal.lets-preprod.com\/es\/produit\/sky-rider-wingfoil-classic-s-foil-wing-v4-pack\/#primaryimage\"},\"thumbnailUrl\":\"https:\/\/staging.srokafinal.lets-preprod.com\/wp-content\/uploads\/2023\/02\/Pack-wing-foil-SROKA.jpg\",\"datePublished\":\"2023-02-14T08:32:12+00:00\",\"dateModified\":\"2024-09-13T04:34:50+00:00\",\"description\":\"Sroka Wing Foil Pack: el combo ganador para progresar en wingfoil. Equipos potentes, vers\u00e1tiles y duraderos. Echa un vistazo a los detalles aqu\u00ed.\",\"breadcrumb\":{\"@id\":\"https:\/\/staging.srokafinal.lets-preprod.com\/es\/produit\/sky-rider-wingfoil-classic-s-foil-wing-v4-pack\/#breadcrumb\"},\"inLanguage\":\"es\",\"potentialAction\":[{\"@type\":\"ReadAction\",\"target\":[\"https:\/\/staging.srokafinal.lets-preprod.com\/es\/produit\/sky-rider-wingfoil-classic-s-foil-wing-v4-pack\/\"]}]},{\"@type\":\"ImageObject\",\"inLanguage\":\"es\",\"@id\":\"https:\/\/staging.srokafinal.lets-preprod.com\/es\/produit\/sky-rider-wingfoil-classic-s-foil-wing-v4-pack\/#primaryimage\",\"url\":\"https:\/\/staging.srokafinal.lets-preprod.com\/wp-content\/uploads\/2023\/02\/Pack-wing-foil-SROKA.jpg\",\"contentUrl\":\"https:\/\/staging.srokafinal.lets-preprod.com\/wp-content\/uploads\/2023\/02\/Pack-wing-foil-SROKA.jpg\",\"width\":1080,\"height\":1080,\"caption\":\"Pack de wing foil ideal para principiantes\"},{\"@type\":\"BreadcrumbList\",\"@id\":\"https:\/\/staging.srokafinal.lets-preprod.com\/es\/produit\/sky-rider-wingfoil-classic-s-foil-wing-v4-pack\/#breadcrumb\",\"itemListElement\":[{\"@type\":\"ListItem\",\"position\":1,\"name\":\"Accueil\",\"item\":\"https:\/\/staging.srokafinal.lets-preprod.com\/es\/\"},{\"@type\":\"ListItem\",\"position\":2,\"name\":\"Boutique\",\"item\":\"https:\/\/staging.srokafinal.lets-preprod.com\/boutique\/\"},{\"@type\":\"ListItem\",\"position\":3,\"name\":\"Sky Rider Wing Foil + Classic S-Foil + Wing V4 Pack\"}]},{\"@type\":\"WebSite\",\"@id\":\"https:\/\/staging.srokafinal.lets-preprod.com\/es\/#website\",\"url\":\"https:\/\/staging.srokafinal.lets-preprod.com\/es\/\",\"name\":\"SROKA Company\",\"description\":\"SUP, Kite, Foil, Wing\",\"publisher\":{\"@id\":\"https:\/\/staging.srokafinal.lets-preprod.com\/es\/#organization\"},\"potentialAction\":[{\"@type\":\"SearchAction\",\"target\":{\"@type\":\"EntryPoint\",\"urlTemplate\":\"https:\/\/staging.srokafinal.lets-preprod.com\/es\/?s={search_term_string}\"},\"query-input\":{\"@type\":\"PropertyValueSpecification\",\"valueRequired\":true,\"valueName\":\"search_term_string\"}}],\"inLanguage\":\"es\"},{\"@type\":\"Organization\",\"@id\":\"https:\/\/staging.srokafinal.lets-preprod.com\/es\/#organization\",\"name\":\"SROKACOMPANY\",\"alternateName\":\"SROKA\",\"url\":\"https:\/\/staging.srokafinal.lets-preprod.com\/es\/\",\"logo\":{\"@type\":\"ImageObject\",\"inLanguage\":\"es\",\"@id\":\"https:\/\/staging.srokafinal.lets-preprod.com\/es\/#\/schema\/logo\/image\/\",\"url\":\"https:\/\/staging.srokafinal.lets-preprod.com\/wp-content\/uploads\/2021\/01\/logo-sroka-black-transpa.png\",\"contentUrl\":\"https:\/\/staging.srokafinal.lets-preprod.com\/wp-content\/uploads\/2021\/01\/logo-sroka-black-transpa.png\",\"width\":1201,\"height\":342,\"caption\":\"SROKACOMPANY\"},\"image\":{\"@id\":\"https:\/\/staging.srokafinal.lets-preprod.com\/es\/#\/schema\/logo\/image\/\"},\"sameAs\":[\"https:\/\/www.facebook.com\/srokawatersports\/\",\"https:\/\/www.instagram.com\/srokawatersports\/\",\"https:\/\/www.youtube.com\/channel\/UCVLHHeaPIm-J5bdEUgxqtZA\"]}]}<\/script>\n<!-- \/ Yoast SEO plugin. -->","yoast_head_json":{"title":"Pack Sroka Wing Foil: Tabla Sky Rider, Classic Foil, Wing V4","description":"Sroka Wing Foil Pack: el combo ganador para progresar en wingfoil. Equipos potentes, vers\u00e1tiles y duraderos. Echa un vistazo a los detalles aqu\u00ed.","robots":{"index":"noindex","follow":"follow","max-snippet":"max-snippet:-1","max-image-preview":"max-image-preview:large","max-video-preview":"max-video-preview:-1"},"og_locale":"es_ES","og_type":"article","og_title":"Pack Sroka Wing Foil: Tabla Sky Rider, Classic Foil, Wing V4","og_description":"Sroka Wing Foil Pack: el combo ganador para progresar en wingfoil. Equipos potentes, vers\u00e1tiles y duraderos. Echa un vistazo a los detalles aqu\u00ed.","og_url":"https:\/\/staging.srokafinal.lets-preprod.com\/es\/produit\/sky-rider-wingfoil-classic-s-foil-wing-v4-pack\/","og_site_name":"SROKA Company","article_publisher":"https:\/\/www.facebook.com\/srokawatersports\/","article_modified_time":"2024-09-13T04:34:50+00:00","og_image":[{"width":1080,"height":1080,"url":"https:\/\/staging.srokafinal.lets-preprod.com\/wp-content\/uploads\/2023\/02\/Pack-wing-foil-SROKA.jpg","type":"image\/jpeg"}],"twitter_misc":{"Tiempo de lectura":"1 minuto"},"schema":{"@context":"https:\/\/schema.org","@graph":[{"@type":"WebPage","@id":"https:\/\/staging.srokafinal.lets-preprod.com\/es\/produit\/sky-rider-wingfoil-classic-s-foil-wing-v4-pack\/","url":"https:\/\/staging.srokafinal.lets-preprod.com\/es\/produit\/sky-rider-wingfoil-classic-s-foil-wing-v4-pack\/","name":"Pack Sroka Wing Foil: Tabla Sky Rider, Classic Foil, Wing V4","isPartOf":{"@id":"https:\/\/staging.srokafinal.lets-preprod.com\/es\/#website"},"primaryImageOfPage":{"@id":"https:\/\/staging.srokafinal.lets-preprod.com\/es\/produit\/sky-rider-wingfoil-classic-s-foil-wing-v4-pack\/#primaryimage"},"image":{"@id":"https:\/\/staging.srokafinal.lets-preprod.com\/es\/produit\/sky-rider-wingfoil-classic-s-foil-wing-v4-pack\/#primaryimage"},"thumbnailUrl":"https:\/\/staging.srokafinal.lets-preprod.com\/wp-content\/uploads\/2023\/02\/Pack-wing-foil-SROKA.jpg","datePublished":"2023-02-14T08:32:12+00:00","dateModified":"2024-09-13T04:34:50+00:00","description":"Sroka Wing Foil Pack: el combo ganador para progresar en wingfoil. Equipos potentes, vers\u00e1tiles y duraderos. Echa un vistazo a los detalles aqu\u00ed.","breadcrumb":{"@id":"https:\/\/staging.srokafinal.lets-preprod.com\/es\/produit\/sky-rider-wingfoil-classic-s-foil-wing-v4-pack\/#breadcrumb"},"inLanguage":"es","potentialAction":[{"@type":"ReadAction","target":["https:\/\/staging.srokafinal.lets-preprod.com\/es\/produit\/sky-rider-wingfoil-classic-s-foil-wing-v4-pack\/"]}]},{"@type":"ImageObject","inLanguage":"es","@id":"https:\/\/staging.srokafinal.lets-preprod.com\/es\/produit\/sky-rider-wingfoil-classic-s-foil-wing-v4-pack\/#primaryimage","url":"https:\/\/staging.srokafinal.lets-preprod.com\/wp-content\/uploads\/2023\/02\/Pack-wing-foil-SROKA.jpg","contentUrl":"https:\/\/staging.srokafinal.lets-preprod.com\/wp-content\/uploads\/2023\/02\/Pack-wing-foil-SROKA.jpg","width":1080,"height":1080,"caption":"Pack de wing foil ideal para principiantes"},{"@type":"BreadcrumbList","@id":"https:\/\/staging.srokafinal.lets-preprod.com\/es\/produit\/sky-rider-wingfoil-classic-s-foil-wing-v4-pack\/#breadcrumb","itemListElement":[{"@type":"ListItem","position":1,"name":"Accueil","item":"https:\/\/staging.srokafinal.lets-preprod.com\/es\/"},{"@type":"ListItem","position":2,"name":"Boutique","item":"https:\/\/staging.srokafinal.lets-preprod.com\/boutique\/"},{"@type":"ListItem","position":3,"name":"Sky Rider Wing Foil + Classic S-Foil + Wing V4 Pack"}]},{"@type":"WebSite","@id":"https:\/\/staging.srokafinal.lets-preprod.com\/es\/#website","url":"https:\/\/staging.srokafinal.lets-preprod.com\/es\/","name":"SROKA Company","description":"SUP, Kite, Foil, Wing","publisher":{"@id":"https:\/\/staging.srokafinal.lets-preprod.com\/es\/#organization"},"potentialAction":[{"@type":"SearchAction","target":{"@type":"EntryPoint","urlTemplate":"https:\/\/staging.srokafinal.lets-preprod.com\/es\/?s={search_term_string}"},"query-input":{"@type":"PropertyValueSpecification","valueRequired":true,"valueName":"search_term_string"}}],"inLanguage":"es"},{"@type":"Organization","@id":"https:\/\/staging.srokafinal.lets-preprod.com\/es\/#organization","name":"SROKACOMPANY","alternateName":"SROKA","url":"https:\/\/staging.srokafinal.lets-preprod.com\/es\/","logo":{"@type":"ImageObject","inLanguage":"es","@id":"https:\/\/staging.srokafinal.lets-preprod.com\/es\/#\/schema\/logo\/image\/","url":"https:\/\/staging.srokafinal.lets-preprod.com\/wp-content\/uploads\/2021\/01\/logo-sroka-black-transpa.png","contentUrl":"https:\/\/staging.srokafinal.lets-preprod.com\/wp-content\/uploads\/2021\/01\/logo-sroka-black-transpa.png","width":1201,"height":342,"caption":"SROKACOMPANY"},"image":{"@id":"https:\/\/staging.srokafinal.lets-preprod.com\/es\/#\/schema\/logo\/image\/"},"sameAs":["https:\/\/www.facebook.com\/srokawatersports\/","https:\/\/www.instagram.com\/srokawatersports\/","https:\/\/www.youtube.com\/channel\/UCVLHHeaPIm-J5bdEUgxqtZA"]}]}},"uagb_featured_image_src":{"full":["https:\/\/staging.srokafinal.lets-preprod.com\/wp-content\/uploads\/2023\/02\/Pack-wing-foil-SROKA.jpg",1080,1080,false],"thumbnail":["https:\/\/staging.srokafinal.lets-preprod.com\/wp-content\/uploads\/2023\/02\/Pack-wing-foil-SROKA-150x150.jpg",150,150,true],"medium":["https:\/\/staging.srokafinal.lets-preprod.com\/wp-content\/uploads\/2023\/02\/Pack-wing-foil-SROKA-300x300.jpg",300,300,true],"medium_large":["https:\/\/staging.srokafinal.lets-preprod.com\/wp-content\/uploads\/2023\/02\/Pack-wing-foil-SROKA-768x768.jpg",768,768,true],"large":["https:\/\/staging.srokafinal.lets-preprod.com\/wp-content\/uploads\/2023\/02\/Pack-wing-foil-SROKA-1024x1024.jpg",1024,1024,true],"1536x1536":["https:\/\/staging.srokafinal.lets-preprod.com\/wp-content\/uploads\/2023\/02\/Pack-wing-foil-SROKA.jpg",1080,1080,false],"2048x2048":["https:\/\/staging.srokafinal.lets-preprod.com\/wp-content\/uploads\/2023\/02\/Pack-wing-foil-SROKA.jpg",1080,1080,false],"woocommerce_thumbnail":["https:\/\/staging.srokafinal.lets-preprod.com\/wp-content\/uploads\/2023\/02\/Pack-wing-foil-SROKA-600x600.jpg",600,600,true],"woocommerce_single":["https:\/\/staging.srokafinal.lets-preprod.com\/wp-content\/uploads\/2023\/02\/Pack-wing-foil-SROKA-600x600.jpg",600,600,true],"woocommerce_gallery_thumbnail":["https:\/\/staging.srokafinal.lets-preprod.com\/wp-content\/uploads\/2023\/02\/Pack-wing-foil-SROKA-100x100.jpg",100,100,true]},"uagb_author_info":{"display_name":"emmanuel.d emmanuel.d","author_link":"https:\/\/staging.srokafinal.lets-preprod.com\/es\/blog\/author\/"},"uagb_comment_info":0,"uagb_excerpt":"&#8220;El pack de Wing Foil ideal para progresar infinitamente sin tener que cambiar de equipo cada 3 meses&#8221; Este pack est\u00e1 compuesto por una tabla r\u00edgida Sky Rider V2 de nueva generaci\u00f3n, un Classic S-foil y una Wing V4 con una excelente relaci\u00f3n precio\/prestaciones. La nueva generaci\u00f3n de Sky Riders se ha vuelto a\u00fan m\u00e1s&hellip;","_links":{"self":[{"href":"https:\/\/staging.srokafinal.lets-preprod.com\/es\/wp-json\/wp\/v2\/product\/110544","targetHints":{"allow":["GET"]}}],"collection":[{"href":"https:\/\/staging.srokafinal.lets-preprod.com\/es\/wp-json\/wp\/v2\/product"}],"about":[{"href":"https:\/\/staging.srokafinal.lets-preprod.com\/es\/wp-json\/wp\/v2\/types\/product"}],"wp:featuredmedia":[{"embeddable":true,"href":"https:\/\/staging.srokafinal.lets-preprod.com\/es\/wp-json\/wp\/v2\/media\/110547"}],"wp:attachment":[{"href":"https:\/\/staging.srokafinal.lets-preprod.com\/es\/wp-json\/wp\/v2\/media?parent=110544"}],"wp:term":[{"taxonomy":"product_brand","embeddable":true,"href":"https:\/\/staging.srokafinal.lets-preprod.com\/es\/wp-json\/wp\/v2\/product_brand?post=110544"},{"taxonomy":"product_cat","embeddable":true,"href":"https:\/\/staging.srokafinal.lets-preprod.com\/es\/wp-json\/wp\/v2\/product_cat?post=110544"},{"taxonomy":"product_tag","embeddable":true,"href":"https:\/\/staging.srokafinal.lets-preprod.com\/es\/wp-json\/wp\/v2\/product_tag?post=110544"}],"curies":[{"name":"wp","href":"https:\/\/api.w.org\/{rel}","templated":true}]}}